{"id":28265,"date":"2024-12-02T15:08:40","date_gmt":"2024-12-02T12:08:40","guid":{"rendered":"https:\/\/head-beauty.com\/product\/px-02-professioneller-nagelhautschieber-x-line-arbeitsteile-abgerundetes-ende-gerades-ende\/"},"modified":"2024-12-02T15:08:40","modified_gmt":"2024-12-02T12:08:40","slug":"px-02-professioneller-nagelhautschieber-x-line-arbeitsteile-abgerundetes-ende-gerades-ende","status":"publish","type":"product","link":"https:\/\/head-beauty.com\/de\/produkt\/px-02-professioneller-nagelhautschieber-x-line-arbeitsteile-abgerundetes-ende-gerades-ende\/","title":{"rendered":"PX-02 Professioneller Nagelhautschieber X-line, Arbeitsteile: abgerundetes Ende &#8211; gerades Ende"},"content":{"rendered":"<p>Komfortable Griffe mit Kerben, um ein Verrutschen des Werkzeugs in den H\u00e4nden des Meisters zu verhindern, gl\u00e4nzendes Polieren des Arbeitsteils, geeignet f\u00fcr verschiedene Manik\u00fcre- und Pedik\u00fcretechniken, insbesondere Stickertechnik, hohe Korrosionsbest\u00e4ndigkeit, \u00e4u\u00dferst praktisch f\u00fcr Anf\u00e4nger<\/p>\n","protected":false},"excerpt":{"rendered":"<p>Komfortable Griffe mit Kerben, um ein Verrutschen des Werkzeugs in den H\u00e4nden des Meisters zu verhindern, gl\u00e4nzendes Polieren des Arbeitsteils, geeignet f\u00fcr verschiedene Manik\u00fcre- und Pedik\u00fcretechniken, insbesondere Stickertechnik, hohe Korrosionsbest\u00e4ndigkeit, \u00e4u\u00dferst praktisch f\u00fcr Anf\u00e4nger<\/p>\n","protected":false},"featured_media":19431,"template":"","meta":{"_acf_changed":false},"product_brand":[],"product_cat":[1041],"product_tag":[1042],"class_list":{"0":"post-28265","1":"product","2":"type-product","3":"status-publish","4":"has-post-thumbnail","6":"product_cat-drucker","7":"product_tag-drucker-x-linie","9":"first","10":"instock","11":"sale","12":"taxable","13":"shipping-taxable","14":"purchasable","15":"product-type-simple"},"acf":[],"yoast_head":"<!-- This site is optimized with the Yoast SEO plugin v24.8.1 - https:\/\/yoast.com\/wordpress\/plugins\/seo\/ -->\n<title>PX-02 Professioneller Nagelhautschieber X-line, Arbeitsteile: abgerundetes Ende - gerades Ende - Head Beauty<\/title>\n<meta name=\"robots\" content=\"index, follow, max-snippet:-1, max-image-preview:large, max-video-preview:-1\" \/>\n<link rel=\"canonical\" href=\"https:\/\/head-beauty.com\/de\/produkt\/px-02-professioneller-nagelhautschieber-x-line-arbeitsteile-abgerundetes-ende-gerades-ende\/\" \/>\n<meta property=\"og:locale\" content=\"de_DE\" \/>\n<meta property=\"og:type\" content=\"article\" \/>\n<meta property=\"og:title\" content=\"PX-02 Professioneller Nagelhautschieber X-line, Arbeitsteile: abgerundetes Ende - gerades Ende - Head Beauty\" \/>\n<meta property=\"og:description\" content=\"Komfortable Griffe mit Kerben, um ein Verrutschen des Werkzeugs in den H\u00e4nden des Meisters zu verhindern, gl\u00e4nzendes Polieren des Arbeitsteils, geeignet f\u00fcr verschiedene Manik\u00fcre- und Pedik\u00fcretechniken, insbesondere Stickertechnik, hohe Korrosionsbest\u00e4ndigkeit, \u00e4u\u00dferst praktisch f\u00fcr Anf\u00e4nger\" \/>\n<meta property=\"og:url\" content=\"https:\/\/head-beauty.com\/de\/produkt\/px-02-professioneller-nagelhautschieber-x-line-arbeitsteile-abgerundetes-ende-gerades-ende\/\" \/>\n<meta property=\"og:site_name\" content=\"Head Beauty\" \/>\n<meta property=\"og:image\" content=\"https:\/\/head-beauty.com\/wp-content\/uploads\/2024\/12\/PX-02.jpg\" \/>\n\t<meta property=\"og:image:width\" content=\"1920\" \/>\n\t<meta property=\"og:image:height\" content=\"1920\" \/>\n\t<meta property=\"og:image:type\" content=\"image\/jpeg\" \/>\n<meta name=\"twitter:card\" content=\"summary_large_image\" \/>\n<script type=\"application\/ld+json\" class=\"yoast-schema-graph\">{\"@context\":\"https:\/\/schema.org\",\"@graph\":[{\"@type\":\"WebPage\",\"@id\":\"https:\/\/head-beauty.com\/de\/produkt\/px-02-professioneller-nagelhautschieber-x-line-arbeitsteile-abgerundetes-ende-gerades-ende\/\",\"url\":\"https:\/\/head-beauty.com\/de\/produkt\/px-02-professioneller-nagelhautschieber-x-line-arbeitsteile-abgerundetes-ende-gerades-ende\/\",\"name\":\"PX-02 Professioneller Nagelhautschieber X-line, Arbeitsteile: abgerundetes Ende - gerades Ende - Head Beauty\",\"isPartOf\":{\"@id\":\"https:\/\/head-beauty.com\/de\/#website\"},\"primaryImageOfPage\":{\"@id\":\"https:\/\/head-beauty.com\/de\/produkt\/px-02-professioneller-nagelhautschieber-x-line-arbeitsteile-abgerundetes-ende-gerades-ende\/#primaryimage\"},\"image\":{\"@id\":\"https:\/\/head-beauty.com\/de\/produkt\/px-02-professioneller-nagelhautschieber-x-line-arbeitsteile-abgerundetes-ende-gerades-ende\/#primaryimage\"},\"thumbnailUrl\":\"https:\/\/head-beauty.com\/wp-content\/uploads\/2024\/12\/PX-02.jpg\",\"datePublished\":\"2024-12-02T12:08:40+00:00\",\"breadcrumb\":{\"@id\":\"https:\/\/head-beauty.com\/de\/produkt\/px-02-professioneller-nagelhautschieber-x-line-arbeitsteile-abgerundetes-ende-gerades-ende\/#breadcrumb\"},\"inLanguage\":\"de\",\"potentialAction\":[{\"@type\":\"ReadAction\",\"target\":[\"https:\/\/head-beauty.com\/de\/produkt\/px-02-professioneller-nagelhautschieber-x-line-arbeitsteile-abgerundetes-ende-gerades-ende\/\"]}]},{\"@type\":\"ImageObject\",\"inLanguage\":\"de\",\"@id\":\"https:\/\/head-beauty.com\/de\/produkt\/px-02-professioneller-nagelhautschieber-x-line-arbeitsteile-abgerundetes-ende-gerades-ende\/#primaryimage\",\"url\":\"https:\/\/head-beauty.com\/wp-content\/uploads\/2024\/12\/PX-02.jpg\",\"contentUrl\":\"https:\/\/head-beauty.com\/wp-content\/uploads\/2024\/12\/PX-02.jpg\",\"width\":1920,\"height\":1920,\"caption\":\"Komfortable Griffe mit Kerben, um ein Verrutschen des Werkzeugs in den H\u00e4nden des Meisters zu verhindern, gl\u00e4nzendes Polieren des Arbeitsteils, geeignet f\u00fcr verschiedene Manik\u00fcre- und Pedik\u00fcretechniken, insbesondere Stickertechnik, hohe Korrosionsbest\u00e4ndigkeit, \u00e4u\u00dferst praktisch f\u00fcr Anf\u00e4nger\"},{\"@type\":\"BreadcrumbList\",\"@id\":\"https:\/\/head-beauty.com\/de\/produkt\/px-02-professioneller-nagelhautschieber-x-line-arbeitsteile-abgerundetes-ende-gerades-ende\/#breadcrumb\",\"itemListElement\":[{\"@type\":\"ListItem\",\"position\":1,\"name\":\"Home\",\"item\":\"https:\/\/head-beauty.com\/de\/\"},{\"@type\":\"ListItem\",\"position\":2,\"name\":\"Laden\",\"item\":\"https:\/\/head-beauty.com\/de\/shop\/\"},{\"@type\":\"ListItem\",\"position\":3,\"name\":\"PX-02 Professioneller Nagelhautschieber X-line, Arbeitsteile: abgerundetes Ende &#8211; gerades Ende\"}]},{\"@type\":\"WebSite\",\"@id\":\"https:\/\/head-beauty.com\/de\/#website\",\"url\":\"https:\/\/head-beauty.com\/de\/\",\"name\":\"Head - The Beauty Tools\",\"description\":\"\",\"publisher\":{\"@id\":\"https:\/\/head-beauty.com\/de\/#organization\"},\"potentialAction\":[{\"@type\":\"SearchAction\",\"target\":{\"@type\":\"EntryPoint\",\"urlTemplate\":\"https:\/\/head-beauty.com\/de\/?s={search_term_string}\"},\"query-input\":{\"@type\":\"PropertyValueSpecification\",\"valueRequired\":true,\"valueName\":\"search_term_string\"}}],\"inLanguage\":\"de\"},{\"@type\":\"Organization\",\"@id\":\"https:\/\/head-beauty.com\/de\/#organization\",\"name\":\"Head - The Beauty Tools\",\"url\":\"https:\/\/head-beauty.com\/de\/\",\"logo\":{\"@type\":\"ImageObject\",\"inLanguage\":\"de\",\"@id\":\"https:\/\/head-beauty.com\/de\/#\/schema\/logo\/image\/\",\"url\":\"https:\/\/head-beauty.com\/wp-content\/uploads\/2024\/10\/head-beauty-logo.svg\",\"contentUrl\":\"https:\/\/head-beauty.com\/wp-content\/uploads\/2024\/10\/head-beauty-logo.svg\",\"width\":411.20999999999997953636921010911464691162109375,\"height\":200,\"caption\":\"Head - The Beauty Tools\"},\"image\":{\"@id\":\"https:\/\/head-beauty.com\/de\/#\/schema\/logo\/image\/\"}}]}<\/script>\n<!-- \/ Yoast SEO plugin. -->","yoast_head_json":{"title":"PX-02 Professioneller Nagelhautschieber X-line, Arbeitsteile: abgerundetes Ende - gerades Ende - Head Beauty","robots":{"index":"index","follow":"follow","max-snippet":"max-snippet:-1","max-image-preview":"max-image-preview:large","max-video-preview":"max-video-preview:-1"},"canonical":"https:\/\/head-beauty.com\/de\/produkt\/px-02-professioneller-nagelhautschieber-x-line-arbeitsteile-abgerundetes-ende-gerades-ende\/","og_locale":"de_DE","og_type":"article","og_title":"PX-02 Professioneller Nagelhautschieber X-line, Arbeitsteile: abgerundetes Ende - gerades Ende - Head Beauty","og_description":"Komfortable Griffe mit Kerben, um ein Verrutschen des Werkzeugs in den H\u00e4nden des Meisters zu verhindern, gl\u00e4nzendes Polieren des Arbeitsteils, geeignet f\u00fcr verschiedene Manik\u00fcre- und Pedik\u00fcretechniken, insbesondere Stickertechnik, hohe Korrosionsbest\u00e4ndigkeit, \u00e4u\u00dferst praktisch f\u00fcr Anf\u00e4nger","og_url":"https:\/\/head-beauty.com\/de\/produkt\/px-02-professioneller-nagelhautschieber-x-line-arbeitsteile-abgerundetes-ende-gerades-ende\/","og_site_name":"Head Beauty","og_image":[{"width":1920,"height":1920,"url":"https:\/\/head-beauty.com\/wp-content\/uploads\/2024\/12\/PX-02.jpg","type":"image\/jpeg"}],"twitter_card":"summary_large_image","schema":{"@context":"https:\/\/schema.org","@graph":[{"@type":"WebPage","@id":"https:\/\/head-beauty.com\/de\/produkt\/px-02-professioneller-nagelhautschieber-x-line-arbeitsteile-abgerundetes-ende-gerades-ende\/","url":"https:\/\/head-beauty.com\/de\/produkt\/px-02-professioneller-nagelhautschieber-x-line-arbeitsteile-abgerundetes-ende-gerades-ende\/","name":"PX-02 Professioneller Nagelhautschieber X-line, Arbeitsteile: abgerundetes Ende - gerades Ende - Head Beauty","isPartOf":{"@id":"https:\/\/head-beauty.com\/de\/#website"},"primaryImageOfPage":{"@id":"https:\/\/head-beauty.com\/de\/produkt\/px-02-professioneller-nagelhautschieber-x-line-arbeitsteile-abgerundetes-ende-gerades-ende\/#primaryimage"},"image":{"@id":"https:\/\/head-beauty.com\/de\/produkt\/px-02-professioneller-nagelhautschieber-x-line-arbeitsteile-abgerundetes-ende-gerades-ende\/#primaryimage"},"thumbnailUrl":"https:\/\/head-beauty.com\/wp-content\/uploads\/2024\/12\/PX-02.jpg","datePublished":"2024-12-02T12:08:40+00:00","breadcrumb":{"@id":"https:\/\/head-beauty.com\/de\/produkt\/px-02-professioneller-nagelhautschieber-x-line-arbeitsteile-abgerundetes-ende-gerades-ende\/#breadcrumb"},"inLanguage":"de","potentialAction":[{"@type":"ReadAction","target":["https:\/\/head-beauty.com\/de\/produkt\/px-02-professioneller-nagelhautschieber-x-line-arbeitsteile-abgerundetes-ende-gerades-ende\/"]}]},{"@type":"ImageObject","inLanguage":"de","@id":"https:\/\/head-beauty.com\/de\/produkt\/px-02-professioneller-nagelhautschieber-x-line-arbeitsteile-abgerundetes-ende-gerades-ende\/#primaryimage","url":"https:\/\/head-beauty.com\/wp-content\/uploads\/2024\/12\/PX-02.jpg","contentUrl":"https:\/\/head-beauty.com\/wp-content\/uploads\/2024\/12\/PX-02.jpg","width":1920,"height":1920,"caption":"Komfortable Griffe mit Kerben, um ein Verrutschen des Werkzeugs in den H\u00e4nden des Meisters zu verhindern, gl\u00e4nzendes Polieren des Arbeitsteils, geeignet f\u00fcr verschiedene Manik\u00fcre- und Pedik\u00fcretechniken, insbesondere Stickertechnik, hohe Korrosionsbest\u00e4ndigkeit, \u00e4u\u00dferst praktisch f\u00fcr Anf\u00e4nger"},{"@type":"BreadcrumbList","@id":"https:\/\/head-beauty.com\/de\/produkt\/px-02-professioneller-nagelhautschieber-x-line-arbeitsteile-abgerundetes-ende-gerades-ende\/#breadcrumb","itemListElement":[{"@type":"ListItem","position":1,"name":"Home","item":"https:\/\/head-beauty.com\/de\/"},{"@type":"ListItem","position":2,"name":"Laden","item":"https:\/\/head-beauty.com\/de\/shop\/"},{"@type":"ListItem","position":3,"name":"PX-02 Professioneller Nagelhautschieber X-line, Arbeitsteile: abgerundetes Ende &#8211; gerades Ende"}]},{"@type":"WebSite","@id":"https:\/\/head-beauty.com\/de\/#website","url":"https:\/\/head-beauty.com\/de\/","name":"Head - The Beauty Tools","description":"","publisher":{"@id":"https:\/\/head-beauty.com\/de\/#organization"},"potentialAction":[{"@type":"SearchAction","target":{"@type":"EntryPoint","urlTemplate":"https:\/\/head-beauty.com\/de\/?s={search_term_string}"},"query-input":{"@type":"PropertyValueSpecification","valueRequired":true,"valueName":"search_term_string"}}],"inLanguage":"de"},{"@type":"Organization","@id":"https:\/\/head-beauty.com\/de\/#organization","name":"Head - The Beauty Tools","url":"https:\/\/head-beauty.com\/de\/","logo":{"@type":"ImageObject","inLanguage":"de","@id":"https:\/\/head-beauty.com\/de\/#\/schema\/logo\/image\/","url":"https:\/\/head-beauty.com\/wp-content\/uploads\/2024\/10\/head-beauty-logo.svg","contentUrl":"https:\/\/head-beauty.com\/wp-content\/uploads\/2024\/10\/head-beauty-logo.svg","width":411.20999999999997953636921010911464691162109375,"height":200,"caption":"Head - The Beauty Tools"},"image":{"@id":"https:\/\/head-beauty.com\/de\/#\/schema\/logo\/image\/"}}]}},"_links":{"self":[{"href":"https:\/\/head-beauty.com\/de\/wp-json\/wp\/v2\/product\/28265","targetHints":{"allow":["GET"]}}],"collection":[{"href":"https:\/\/head-beauty.com\/de\/wp-json\/wp\/v2\/product"}],"about":[{"href":"https:\/\/head-beauty.com\/de\/wp-json\/wp\/v2\/types\/product"}],"wp:featuredmedia":[{"embeddable":true,"href":"https:\/\/head-beauty.com\/de\/wp-json\/wp\/v2\/media\/19431"}],"wp:attachment":[{"href":"https:\/\/head-beauty.com\/de\/wp-json\/wp\/v2\/media?parent=28265"}],"wp:term":[{"taxonomy":"product_brand","embeddable":true,"href":"https:\/\/head-beauty.com\/de\/wp-json\/wp\/v2\/product_brand?post=28265"},{"taxonomy":"product_cat","embeddable":true,"href":"https:\/\/head-beauty.com\/de\/wp-json\/wp\/v2\/product_cat?post=28265"},{"taxonomy":"product_tag","embeddable":true,"href":"https:\/\/head-beauty.com\/de\/wp-json\/wp\/v2\/product_tag?post=28265"}],"curies":[{"name":"wp","href":"https:\/\/api.w.org\/{rel}","templated":true}]}}