{"id":28584,"date":"2024-12-02T15:04:30","date_gmt":"2024-12-02T12:04:30","guid":{"rendered":"https:\/\/head-beauty.com\/product\/nx-3-professionelle-nagelhautzange-x-line-3\/"},"modified":"2024-12-02T15:04:30","modified_gmt":"2024-12-02T12:04:30","slug":"nx-3-professionelle-nagelhautzange-x-line-3","status":"publish","type":"product","link":"https:\/\/head-beauty.com\/de\/produkt\/nx-3-professionelle-nagelhautzange-x-line-3\/","title":{"rendered":"NX-3 Professionelle Nagelhautzange X-line 3"},"content":{"rendered":"<p>Miniatur-Rundgriffe, optimal f\u00fcr eine kleine Handfl\u00e4che, verengtes Arbeitsteil f\u00fcr komfortables Arbeiten an schwer zug\u00e4nglichen Stellen, matte Au\u00dfenfl\u00e4che, innen gl\u00e4nzend polierte Griffe, weiches und sanftes Schlie\u00dfen der Griffe, geeignet f\u00fcr Einsteiger und Profis, hohe Korrosionsbest\u00e4ndigkeit<\/p>\n","protected":false},"excerpt":{"rendered":"<p>Miniatur-Rundgriffe, optimal f\u00fcr eine kleine Handfl\u00e4che, verengtes Arbeitsteil f\u00fcr komfortables Arbeiten an schwer zug\u00e4nglichen Stellen, matte Au\u00dfenfl\u00e4che, innen gl\u00e4nzend polierte Griffe, weiches und sanftes Schlie\u00dfen der Griffe, geeignet f\u00fcr Einsteiger und Profis, hohe Korrosionsbest\u00e4ndigkeit<\/p>\n","protected":false},"featured_media":19321,"template":"","meta":{"_acf_changed":false},"product_brand":[],"product_cat":[347],"product_tag":[797],"class_list":{"0":"post-28584","1":"product","2":"type-product","3":"status-publish","4":"has-post-thumbnail","6":"product_cat-nagelhautschneider","7":"product_tag-fortgeschrittene-zangen-x-linie","9":"first","10":"instock","11":"taxable","12":"shipping-taxable","13":"purchasable","14":"product-type-variable"},"acf":[],"yoast_head":"<!-- This site is optimized with the Yoast SEO plugin v24.8.1 - https:\/\/yoast.com\/wordpress\/plugins\/seo\/ -->\n<title>NX-3 Professionelle Nagelhautzange X-line 3 - Head Beauty<\/title>\n<meta name=\"robots\" content=\"index, follow, max-snippet:-1, max-image-preview:large, max-video-preview:-1\" \/>\n<link rel=\"canonical\" href=\"https:\/\/head-beauty.com\/de\/produkt\/nx-3-professionelle-nagelhautzange-x-line-3\/\" \/>\n<meta property=\"og:locale\" content=\"de_DE\" \/>\n<meta property=\"og:type\" content=\"article\" \/>\n<meta property=\"og:title\" content=\"NX-3 Professionelle Nagelhautzange X-line 3 - Head Beauty\" \/>\n<meta property=\"og:description\" content=\"Miniatur-Rundgriffe, optimal f\u00fcr eine kleine Handfl\u00e4che, verengtes Arbeitsteil f\u00fcr komfortables Arbeiten an schwer zug\u00e4nglichen Stellen, matte Au\u00dfenfl\u00e4che, innen gl\u00e4nzend polierte Griffe, weiches und sanftes Schlie\u00dfen der Griffe, geeignet f\u00fcr Einsteiger und Profis, hohe Korrosionsbest\u00e4ndigkeit\" \/>\n<meta property=\"og:url\" content=\"https:\/\/head-beauty.com\/de\/produkt\/nx-3-professionelle-nagelhautzange-x-line-3\/\" \/>\n<meta property=\"og:site_name\" content=\"Head Beauty\" \/>\n<meta property=\"og:image\" content=\"https:\/\/head-beauty.com\/wp-content\/uploads\/2024\/12\/CN1-1.jpg\" \/>\n\t<meta property=\"og:image:width\" content=\"1920\" \/>\n\t<meta property=\"og:image:height\" content=\"1920\" \/>\n\t<meta property=\"og:image:type\" content=\"image\/jpeg\" \/>\n<meta name=\"twitter:card\" content=\"summary_large_image\" \/>\n<script type=\"application\/ld+json\" class=\"yoast-schema-graph\">{\"@context\":\"https:\/\/schema.org\",\"@graph\":[{\"@type\":\"WebPage\",\"@id\":\"https:\/\/head-beauty.com\/de\/produkt\/nx-3-professionelle-nagelhautzange-x-line-3\/\",\"url\":\"https:\/\/head-beauty.com\/de\/produkt\/nx-3-professionelle-nagelhautzange-x-line-3\/\",\"name\":\"NX-3 Professionelle Nagelhautzange X-line 3 - Head Beauty\",\"isPartOf\":{\"@id\":\"https:\/\/head-beauty.com\/de\/#website\"},\"primaryImageOfPage\":{\"@id\":\"https:\/\/head-beauty.com\/de\/produkt\/nx-3-professionelle-nagelhautzange-x-line-3\/#primaryimage\"},\"image\":{\"@id\":\"https:\/\/head-beauty.com\/de\/produkt\/nx-3-professionelle-nagelhautzange-x-line-3\/#primaryimage\"},\"thumbnailUrl\":\"https:\/\/head-beauty.com\/wp-content\/uploads\/2024\/12\/CN1-1.jpg\",\"datePublished\":\"2024-12-02T12:04:30+00:00\",\"breadcrumb\":{\"@id\":\"https:\/\/head-beauty.com\/de\/produkt\/nx-3-professionelle-nagelhautzange-x-line-3\/#breadcrumb\"},\"inLanguage\":\"de\",\"potentialAction\":[{\"@type\":\"ReadAction\",\"target\":[\"https:\/\/head-beauty.com\/de\/produkt\/nx-3-professionelle-nagelhautzange-x-line-3\/\"]}]},{\"@type\":\"ImageObject\",\"inLanguage\":\"de\",\"@id\":\"https:\/\/head-beauty.com\/de\/produkt\/nx-3-professionelle-nagelhautzange-x-line-3\/#primaryimage\",\"url\":\"https:\/\/head-beauty.com\/wp-content\/uploads\/2024\/12\/CN1-1.jpg\",\"contentUrl\":\"https:\/\/head-beauty.com\/wp-content\/uploads\/2024\/12\/CN1-1.jpg\",\"width\":1920,\"height\":1920,\"caption\":\"Miniatur-Rundgriffe, optimal f\u00fcr eine kleine Handfl\u00e4che, verengtes Arbeitsteil f\u00fcr komfortables Arbeiten an schwer zug\u00e4nglichen Stellen, matte Au\u00dfenfl\u00e4che, innen gl\u00e4nzend polierte Griffe, weiches und sanftes Schlie\u00dfen der Griffe, geeignet f\u00fcr Einsteiger und Profis, hohe Korrosionsbest\u00e4ndigkeit\"},{\"@type\":\"BreadcrumbList\",\"@id\":\"https:\/\/head-beauty.com\/de\/produkt\/nx-3-professionelle-nagelhautzange-x-line-3\/#breadcrumb\",\"itemListElement\":[{\"@type\":\"ListItem\",\"position\":1,\"name\":\"Home\",\"item\":\"https:\/\/head-beauty.com\/de\/\"},{\"@type\":\"ListItem\",\"position\":2,\"name\":\"Laden\",\"item\":\"https:\/\/head-beauty.com\/de\/shop\/\"},{\"@type\":\"ListItem\",\"position\":3,\"name\":\"NX-3 Professionelle Nagelhautzange X-line 3\"}]},{\"@type\":\"WebSite\",\"@id\":\"https:\/\/head-beauty.com\/de\/#website\",\"url\":\"https:\/\/head-beauty.com\/de\/\",\"name\":\"Head - The Beauty Tools\",\"description\":\"\",\"publisher\":{\"@id\":\"https:\/\/head-beauty.com\/de\/#organization\"},\"potentialAction\":[{\"@type\":\"SearchAction\",\"target\":{\"@type\":\"EntryPoint\",\"urlTemplate\":\"https:\/\/head-beauty.com\/de\/?s={search_term_string}\"},\"query-input\":{\"@type\":\"PropertyValueSpecification\",\"valueRequired\":true,\"valueName\":\"search_term_string\"}}],\"inLanguage\":\"de\"},{\"@type\":\"Organization\",\"@id\":\"https:\/\/head-beauty.com\/de\/#organization\",\"name\":\"Head - The Beauty Tools\",\"url\":\"https:\/\/head-beauty.com\/de\/\",\"logo\":{\"@type\":\"ImageObject\",\"inLanguage\":\"de\",\"@id\":\"https:\/\/head-beauty.com\/de\/#\/schema\/logo\/image\/\",\"url\":\"https:\/\/head-beauty.com\/wp-content\/uploads\/2024\/10\/head-beauty-logo.svg\",\"contentUrl\":\"https:\/\/head-beauty.com\/wp-content\/uploads\/2024\/10\/head-beauty-logo.svg\",\"width\":411.20999999999997953636921010911464691162109375,\"height\":200,\"caption\":\"Head - The Beauty Tools\"},\"image\":{\"@id\":\"https:\/\/head-beauty.com\/de\/#\/schema\/logo\/image\/\"}}]}<\/script>\n<!-- \/ Yoast SEO plugin. -->","yoast_head_json":{"title":"NX-3 Professionelle Nagelhautzange X-line 3 - Head Beauty","robots":{"index":"index","follow":"follow","max-snippet":"max-snippet:-1","max-image-preview":"max-image-preview:large","max-video-preview":"max-video-preview:-1"},"canonical":"https:\/\/head-beauty.com\/de\/produkt\/nx-3-professionelle-nagelhautzange-x-line-3\/","og_locale":"de_DE","og_type":"article","og_title":"NX-3 Professionelle Nagelhautzange X-line 3 - Head Beauty","og_description":"Miniatur-Rundgriffe, optimal f\u00fcr eine kleine Handfl\u00e4che, verengtes Arbeitsteil f\u00fcr komfortables Arbeiten an schwer zug\u00e4nglichen Stellen, matte Au\u00dfenfl\u00e4che, innen gl\u00e4nzend polierte Griffe, weiches und sanftes Schlie\u00dfen der Griffe, geeignet f\u00fcr Einsteiger und Profis, hohe Korrosionsbest\u00e4ndigkeit","og_url":"https:\/\/head-beauty.com\/de\/produkt\/nx-3-professionelle-nagelhautzange-x-line-3\/","og_site_name":"Head Beauty","og_image":[{"width":1920,"height":1920,"url":"https:\/\/head-beauty.com\/wp-content\/uploads\/2024\/12\/CN1-1.jpg","type":"image\/jpeg"}],"twitter_card":"summary_large_image","schema":{"@context":"https:\/\/schema.org","@graph":[{"@type":"WebPage","@id":"https:\/\/head-beauty.com\/de\/produkt\/nx-3-professionelle-nagelhautzange-x-line-3\/","url":"https:\/\/head-beauty.com\/de\/produkt\/nx-3-professionelle-nagelhautzange-x-line-3\/","name":"NX-3 Professionelle Nagelhautzange X-line 3 - Head Beauty","isPartOf":{"@id":"https:\/\/head-beauty.com\/de\/#website"},"primaryImageOfPage":{"@id":"https:\/\/head-beauty.com\/de\/produkt\/nx-3-professionelle-nagelhautzange-x-line-3\/#primaryimage"},"image":{"@id":"https:\/\/head-beauty.com\/de\/produkt\/nx-3-professionelle-nagelhautzange-x-line-3\/#primaryimage"},"thumbnailUrl":"https:\/\/head-beauty.com\/wp-content\/uploads\/2024\/12\/CN1-1.jpg","datePublished":"2024-12-02T12:04:30+00:00","breadcrumb":{"@id":"https:\/\/head-beauty.com\/de\/produkt\/nx-3-professionelle-nagelhautzange-x-line-3\/#breadcrumb"},"inLanguage":"de","potentialAction":[{"@type":"ReadAction","target":["https:\/\/head-beauty.com\/de\/produkt\/nx-3-professionelle-nagelhautzange-x-line-3\/"]}]},{"@type":"ImageObject","inLanguage":"de","@id":"https:\/\/head-beauty.com\/de\/produkt\/nx-3-professionelle-nagelhautzange-x-line-3\/#primaryimage","url":"https:\/\/head-beauty.com\/wp-content\/uploads\/2024\/12\/CN1-1.jpg","contentUrl":"https:\/\/head-beauty.com\/wp-content\/uploads\/2024\/12\/CN1-1.jpg","width":1920,"height":1920,"caption":"Miniatur-Rundgriffe, optimal f\u00fcr eine kleine Handfl\u00e4che, verengtes Arbeitsteil f\u00fcr komfortables Arbeiten an schwer zug\u00e4nglichen Stellen, matte Au\u00dfenfl\u00e4che, innen gl\u00e4nzend polierte Griffe, weiches und sanftes Schlie\u00dfen der Griffe, geeignet f\u00fcr Einsteiger und Profis, hohe Korrosionsbest\u00e4ndigkeit"},{"@type":"BreadcrumbList","@id":"https:\/\/head-beauty.com\/de\/produkt\/nx-3-professionelle-nagelhautzange-x-line-3\/#breadcrumb","itemListElement":[{"@type":"ListItem","position":1,"name":"Home","item":"https:\/\/head-beauty.com\/de\/"},{"@type":"ListItem","position":2,"name":"Laden","item":"https:\/\/head-beauty.com\/de\/shop\/"},{"@type":"ListItem","position":3,"name":"NX-3 Professionelle Nagelhautzange X-line 3"}]},{"@type":"WebSite","@id":"https:\/\/head-beauty.com\/de\/#website","url":"https:\/\/head-beauty.com\/de\/","name":"Head - The Beauty Tools","description":"","publisher":{"@id":"https:\/\/head-beauty.com\/de\/#organization"},"potentialAction":[{"@type":"SearchAction","target":{"@type":"EntryPoint","urlTemplate":"https:\/\/head-beauty.com\/de\/?s={search_term_string}"},"query-input":{"@type":"PropertyValueSpecification","valueRequired":true,"valueName":"search_term_string"}}],"inLanguage":"de"},{"@type":"Organization","@id":"https:\/\/head-beauty.com\/de\/#organization","name":"Head - The Beauty Tools","url":"https:\/\/head-beauty.com\/de\/","logo":{"@type":"ImageObject","inLanguage":"de","@id":"https:\/\/head-beauty.com\/de\/#\/schema\/logo\/image\/","url":"https:\/\/head-beauty.com\/wp-content\/uploads\/2024\/10\/head-beauty-logo.svg","contentUrl":"https:\/\/head-beauty.com\/wp-content\/uploads\/2024\/10\/head-beauty-logo.svg","width":411.20999999999997953636921010911464691162109375,"height":200,"caption":"Head - The Beauty Tools"},"image":{"@id":"https:\/\/head-beauty.com\/de\/#\/schema\/logo\/image\/"}}]}},"_links":{"self":[{"href":"https:\/\/head-beauty.com\/de\/wp-json\/wp\/v2\/product\/28584","targetHints":{"allow":["GET"]}}],"collection":[{"href":"https:\/\/head-beauty.com\/de\/wp-json\/wp\/v2\/product"}],"about":[{"href":"https:\/\/head-beauty.com\/de\/wp-json\/wp\/v2\/types\/product"}],"wp:featuredmedia":[{"embeddable":true,"href":"https:\/\/head-beauty.com\/de\/wp-json\/wp\/v2\/media\/19321"}],"wp:attachment":[{"href":"https:\/\/head-beauty.com\/de\/wp-json\/wp\/v2\/media?parent=28584"}],"wp:term":[{"taxonomy":"product_brand","embeddable":true,"href":"https:\/\/head-beauty.com\/de\/wp-json\/wp\/v2\/product_brand?post=28584"},{"taxonomy":"product_cat","embeddable":true,"href":"https:\/\/head-beauty.com\/de\/wp-json\/wp\/v2\/product_cat?post=28584"},{"taxonomy":"product_tag","embeddable":true,"href":"https:\/\/head-beauty.com\/de\/wp-json\/wp\/v2\/product_tag?post=28584"}],"curies":[{"name":"wp","href":"https:\/\/api.w.org\/{rel}","templated":true}]}}