{"id":28779,"date":"2024-12-02T15:06:37","date_gmt":"2024-12-02T12:06:37","guid":{"rendered":"https:\/\/head-beauty.com\/product\/sx-4-18-profi-nagelhautschere-x-line-4-klingen-18-mm-wave\/"},"modified":"2024-12-02T15:06:37","modified_gmt":"2024-12-02T12:06:37","slug":"sx-4-18-profi-nagelhautschere-x-line-4-klingen-18-mm-wave","status":"publish","type":"product","link":"https:\/\/head-beauty.com\/de\/produkt\/sx-4-18-profi-nagelhautschere-x-line-4-klingen-18-mm-wave\/","title":{"rendered":"SX-4-18 Profi Nagelhautschere X-line 4, Klingen 18 mm, Wave"},"content":{"rendered":"<p>Wellenf\u00f6rmige Schere f\u00fcr Anf\u00e4nger und Profis, einfach zu bewegen und zu verwenden, optimale Ringform, matte Griffe, gl\u00e4nzend polierte Griffe, verbesserte Oberfl\u00e4chenleistung f\u00fcr regelm\u00e4\u00dfige Desinfektion und Sterilisation, Handschleifen, l\u00e4ngere Arbeitszeit, hohe Ergonomie<\/p>\n","protected":false},"excerpt":{"rendered":"<p>Wellenf\u00f6rmige Schere f\u00fcr Anf\u00e4nger und Profis, einfach zu bewegen und zu verwenden, optimale Ringform, matte Griffe, gl\u00e4nzend polierte Griffe, verbesserte Oberfl\u00e4chenleistung f\u00fcr regelm\u00e4\u00dfige Desinfektion und Sterilisation, Handschleifen, l\u00e4ngere Arbeitszeit, hohe Ergonomie<\/p>\n","protected":false},"featured_media":30375,"template":"","meta":{"_acf_changed":false},"product_brand":[],"product_cat":[346],"product_tag":[413],"class_list":{"0":"post-28779","1":"product","2":"type-product","3":"status-publish","4":"has-post-thumbnail","6":"product_cat-scheren","7":"product_tag-schere-x-line","9":"first","10":"outofstock","11":"taxable","12":"shipping-taxable","13":"purchasable","14":"product-type-simple"},"acf":[],"yoast_head":"<!-- This site is optimized with the Yoast SEO plugin v24.8.1 - https:\/\/yoast.com\/wordpress\/plugins\/seo\/ -->\n<title>SX-4-18 Profi Nagelhautschere X-line 4, Klingen 18 mm, Wave - Head Beauty<\/title>\n<meta name=\"robots\" content=\"index, follow, max-snippet:-1, max-image-preview:large, max-video-preview:-1\" \/>\n<link rel=\"canonical\" href=\"https:\/\/head-beauty.com\/de\/produkt\/sx-4-18-profi-nagelhautschere-x-line-4-klingen-18-mm-wave\/\" \/>\n<meta property=\"og:locale\" content=\"de_DE\" \/>\n<meta property=\"og:type\" content=\"article\" \/>\n<meta property=\"og:title\" content=\"SX-4-18 Profi Nagelhautschere X-line 4, Klingen 18 mm, Wave - Head Beauty\" \/>\n<meta property=\"og:description\" content=\"Wellenf\u00f6rmige Schere f\u00fcr Anf\u00e4nger und Profis, einfach zu bewegen und zu verwenden, optimale Ringform, matte Griffe, gl\u00e4nzend polierte Griffe, verbesserte Oberfl\u00e4chenleistung f\u00fcr regelm\u00e4\u00dfige Desinfektion und Sterilisation, Handschleifen, l\u00e4ngere Arbeitszeit, hohe Ergonomie\" \/>\n<meta property=\"og:url\" content=\"https:\/\/head-beauty.com\/de\/produkt\/sx-4-18-profi-nagelhautschere-x-line-4-klingen-18-mm-wave\/\" \/>\n<meta property=\"og:site_name\" content=\"Head Beauty\" \/>\n<meta property=\"og:image\" content=\"https:\/\/head-beauty.com\/wp-content\/uploads\/2024\/12\/SX-4-18-2-scaled.jpg\" \/>\n\t<meta property=\"og:image:width\" content=\"2560\" \/>\n\t<meta property=\"og:image:height\" content=\"2560\" \/>\n\t<meta property=\"og:image:type\" content=\"image\/jpeg\" \/>\n<meta name=\"twitter:card\" content=\"summary_large_image\" \/>\n<script type=\"application\/ld+json\" class=\"yoast-schema-graph\">{\"@context\":\"https:\/\/schema.org\",\"@graph\":[{\"@type\":\"WebPage\",\"@id\":\"https:\/\/head-beauty.com\/de\/produkt\/sx-4-18-profi-nagelhautschere-x-line-4-klingen-18-mm-wave\/\",\"url\":\"https:\/\/head-beauty.com\/de\/produkt\/sx-4-18-profi-nagelhautschere-x-line-4-klingen-18-mm-wave\/\",\"name\":\"SX-4-18 Profi Nagelhautschere X-line 4, Klingen 18 mm, Wave - Head Beauty\",\"isPartOf\":{\"@id\":\"https:\/\/head-beauty.com\/de\/#website\"},\"primaryImageOfPage\":{\"@id\":\"https:\/\/head-beauty.com\/de\/produkt\/sx-4-18-profi-nagelhautschere-x-line-4-klingen-18-mm-wave\/#primaryimage\"},\"image\":{\"@id\":\"https:\/\/head-beauty.com\/de\/produkt\/sx-4-18-profi-nagelhautschere-x-line-4-klingen-18-mm-wave\/#primaryimage\"},\"thumbnailUrl\":\"https:\/\/head-beauty.com\/wp-content\/uploads\/2024\/12\/SX-4-18-2-scaled.jpg\",\"datePublished\":\"2024-12-02T12:06:37+00:00\",\"breadcrumb\":{\"@id\":\"https:\/\/head-beauty.com\/de\/produkt\/sx-4-18-profi-nagelhautschere-x-line-4-klingen-18-mm-wave\/#breadcrumb\"},\"inLanguage\":\"de\",\"potentialAction\":[{\"@type\":\"ReadAction\",\"target\":[\"https:\/\/head-beauty.com\/de\/produkt\/sx-4-18-profi-nagelhautschere-x-line-4-klingen-18-mm-wave\/\"]}]},{\"@type\":\"ImageObject\",\"inLanguage\":\"de\",\"@id\":\"https:\/\/head-beauty.com\/de\/produkt\/sx-4-18-profi-nagelhautschere-x-line-4-klingen-18-mm-wave\/#primaryimage\",\"url\":\"https:\/\/head-beauty.com\/wp-content\/uploads\/2024\/12\/SX-4-18-2-scaled.jpg\",\"contentUrl\":\"https:\/\/head-beauty.com\/wp-content\/uploads\/2024\/12\/SX-4-18-2-scaled.jpg\",\"width\":2560,\"height\":2560},{\"@type\":\"BreadcrumbList\",\"@id\":\"https:\/\/head-beauty.com\/de\/produkt\/sx-4-18-profi-nagelhautschere-x-line-4-klingen-18-mm-wave\/#breadcrumb\",\"itemListElement\":[{\"@type\":\"ListItem\",\"position\":1,\"name\":\"Home\",\"item\":\"https:\/\/head-beauty.com\/de\/\"},{\"@type\":\"ListItem\",\"position\":2,\"name\":\"Laden\",\"item\":\"https:\/\/head-beauty.com\/de\/shop\/\"},{\"@type\":\"ListItem\",\"position\":3,\"name\":\"SX-4-18 Profi Nagelhautschere X-line 4, Klingen 18 mm, Wave\"}]},{\"@type\":\"WebSite\",\"@id\":\"https:\/\/head-beauty.com\/de\/#website\",\"url\":\"https:\/\/head-beauty.com\/de\/\",\"name\":\"Head - The Beauty Tools\",\"description\":\"\",\"publisher\":{\"@id\":\"https:\/\/head-beauty.com\/de\/#organization\"},\"potentialAction\":[{\"@type\":\"SearchAction\",\"target\":{\"@type\":\"EntryPoint\",\"urlTemplate\":\"https:\/\/head-beauty.com\/de\/?s={search_term_string}\"},\"query-input\":{\"@type\":\"PropertyValueSpecification\",\"valueRequired\":true,\"valueName\":\"search_term_string\"}}],\"inLanguage\":\"de\"},{\"@type\":\"Organization\",\"@id\":\"https:\/\/head-beauty.com\/de\/#organization\",\"name\":\"Head - The Beauty Tools\",\"url\":\"https:\/\/head-beauty.com\/de\/\",\"logo\":{\"@type\":\"ImageObject\",\"inLanguage\":\"de\",\"@id\":\"https:\/\/head-beauty.com\/de\/#\/schema\/logo\/image\/\",\"url\":\"https:\/\/head-beauty.com\/wp-content\/uploads\/2024\/10\/head-beauty-logo.svg\",\"contentUrl\":\"https:\/\/head-beauty.com\/wp-content\/uploads\/2024\/10\/head-beauty-logo.svg\",\"width\":411.20999999999997953636921010911464691162109375,\"height\":200,\"caption\":\"Head - The Beauty Tools\"},\"image\":{\"@id\":\"https:\/\/head-beauty.com\/de\/#\/schema\/logo\/image\/\"}}]}<\/script>\n<!-- \/ Yoast SEO plugin. -->","yoast_head_json":{"title":"SX-4-18 Profi Nagelhautschere X-line 4, Klingen 18 mm, Wave - Head Beauty","robots":{"index":"index","follow":"follow","max-snippet":"max-snippet:-1","max-image-preview":"max-image-preview:large","max-video-preview":"max-video-preview:-1"},"canonical":"https:\/\/head-beauty.com\/de\/produkt\/sx-4-18-profi-nagelhautschere-x-line-4-klingen-18-mm-wave\/","og_locale":"de_DE","og_type":"article","og_title":"SX-4-18 Profi Nagelhautschere X-line 4, Klingen 18 mm, Wave - Head Beauty","og_description":"Wellenf\u00f6rmige Schere f\u00fcr Anf\u00e4nger und Profis, einfach zu bewegen und zu verwenden, optimale Ringform, matte Griffe, gl\u00e4nzend polierte Griffe, verbesserte Oberfl\u00e4chenleistung f\u00fcr regelm\u00e4\u00dfige Desinfektion und Sterilisation, Handschleifen, l\u00e4ngere Arbeitszeit, hohe Ergonomie","og_url":"https:\/\/head-beauty.com\/de\/produkt\/sx-4-18-profi-nagelhautschere-x-line-4-klingen-18-mm-wave\/","og_site_name":"Head Beauty","og_image":[{"width":2560,"height":2560,"url":"https:\/\/head-beauty.com\/wp-content\/uploads\/2024\/12\/SX-4-18-2-scaled.jpg","type":"image\/jpeg"}],"twitter_card":"summary_large_image","schema":{"@context":"https:\/\/schema.org","@graph":[{"@type":"WebPage","@id":"https:\/\/head-beauty.com\/de\/produkt\/sx-4-18-profi-nagelhautschere-x-line-4-klingen-18-mm-wave\/","url":"https:\/\/head-beauty.com\/de\/produkt\/sx-4-18-profi-nagelhautschere-x-line-4-klingen-18-mm-wave\/","name":"SX-4-18 Profi Nagelhautschere X-line 4, Klingen 18 mm, Wave - Head Beauty","isPartOf":{"@id":"https:\/\/head-beauty.com\/de\/#website"},"primaryImageOfPage":{"@id":"https:\/\/head-beauty.com\/de\/produkt\/sx-4-18-profi-nagelhautschere-x-line-4-klingen-18-mm-wave\/#primaryimage"},"image":{"@id":"https:\/\/head-beauty.com\/de\/produkt\/sx-4-18-profi-nagelhautschere-x-line-4-klingen-18-mm-wave\/#primaryimage"},"thumbnailUrl":"https:\/\/head-beauty.com\/wp-content\/uploads\/2024\/12\/SX-4-18-2-scaled.jpg","datePublished":"2024-12-02T12:06:37+00:00","breadcrumb":{"@id":"https:\/\/head-beauty.com\/de\/produkt\/sx-4-18-profi-nagelhautschere-x-line-4-klingen-18-mm-wave\/#breadcrumb"},"inLanguage":"de","potentialAction":[{"@type":"ReadAction","target":["https:\/\/head-beauty.com\/de\/produkt\/sx-4-18-profi-nagelhautschere-x-line-4-klingen-18-mm-wave\/"]}]},{"@type":"ImageObject","inLanguage":"de","@id":"https:\/\/head-beauty.com\/de\/produkt\/sx-4-18-profi-nagelhautschere-x-line-4-klingen-18-mm-wave\/#primaryimage","url":"https:\/\/head-beauty.com\/wp-content\/uploads\/2024\/12\/SX-4-18-2-scaled.jpg","contentUrl":"https:\/\/head-beauty.com\/wp-content\/uploads\/2024\/12\/SX-4-18-2-scaled.jpg","width":2560,"height":2560},{"@type":"BreadcrumbList","@id":"https:\/\/head-beauty.com\/de\/produkt\/sx-4-18-profi-nagelhautschere-x-line-4-klingen-18-mm-wave\/#breadcrumb","itemListElement":[{"@type":"ListItem","position":1,"name":"Home","item":"https:\/\/head-beauty.com\/de\/"},{"@type":"ListItem","position":2,"name":"Laden","item":"https:\/\/head-beauty.com\/de\/shop\/"},{"@type":"ListItem","position":3,"name":"SX-4-18 Profi Nagelhautschere X-line 4, Klingen 18 mm, Wave"}]},{"@type":"WebSite","@id":"https:\/\/head-beauty.com\/de\/#website","url":"https:\/\/head-beauty.com\/de\/","name":"Head - The Beauty Tools","description":"","publisher":{"@id":"https:\/\/head-beauty.com\/de\/#organization"},"potentialAction":[{"@type":"SearchAction","target":{"@type":"EntryPoint","urlTemplate":"https:\/\/head-beauty.com\/de\/?s={search_term_string}"},"query-input":{"@type":"PropertyValueSpecification","valueRequired":true,"valueName":"search_term_string"}}],"inLanguage":"de"},{"@type":"Organization","@id":"https:\/\/head-beauty.com\/de\/#organization","name":"Head - The Beauty Tools","url":"https:\/\/head-beauty.com\/de\/","logo":{"@type":"ImageObject","inLanguage":"de","@id":"https:\/\/head-beauty.com\/de\/#\/schema\/logo\/image\/","url":"https:\/\/head-beauty.com\/wp-content\/uploads\/2024\/10\/head-beauty-logo.svg","contentUrl":"https:\/\/head-beauty.com\/wp-content\/uploads\/2024\/10\/head-beauty-logo.svg","width":411.20999999999997953636921010911464691162109375,"height":200,"caption":"Head - The Beauty Tools"},"image":{"@id":"https:\/\/head-beauty.com\/de\/#\/schema\/logo\/image\/"}}]}},"_links":{"self":[{"href":"https:\/\/head-beauty.com\/de\/wp-json\/wp\/v2\/product\/28779","targetHints":{"allow":["GET"]}}],"collection":[{"href":"https:\/\/head-beauty.com\/de\/wp-json\/wp\/v2\/product"}],"about":[{"href":"https:\/\/head-beauty.com\/de\/wp-json\/wp\/v2\/types\/product"}],"wp:featuredmedia":[{"embeddable":true,"href":"https:\/\/head-beauty.com\/de\/wp-json\/wp\/v2\/media\/30375"}],"wp:attachment":[{"href":"https:\/\/head-beauty.com\/de\/wp-json\/wp\/v2\/media?parent=28779"}],"wp:term":[{"taxonomy":"product_brand","embeddable":true,"href":"https:\/\/head-beauty.com\/de\/wp-json\/wp\/v2\/product_brand?post=28779"},{"taxonomy":"product_cat","embeddable":true,"href":"https:\/\/head-beauty.com\/de\/wp-json\/wp\/v2\/product_cat?post=28779"},{"taxonomy":"product_tag","embeddable":true,"href":"https:\/\/head-beauty.com\/de\/wp-json\/wp\/v2\/product_tag?post=28779"}],"curies":[{"name":"wp","href":"https:\/\/api.w.org\/{rel}","templated":true}]}}