{"id":25077,"date":"2024-12-02T15:56:04","date_gmt":"2024-12-02T12:56:04","guid":{"rendered":"https:\/\/head-beauty.com\/product\/hbcl-198rd-023-fresa-de-carburo-de-tungsteno-cono-redondeado-rojol-80-mmo23-mm-para-zurdos\/"},"modified":"2025-10-12T14:46:51","modified_gmt":"2025-10-12T11:46:51","slug":"hbcl-198rd-023-fresa-de-carburo-de-tungsteno-cono-redondeado-rojol-80-mmo23-mm-para-zurdos","status":"publish","type":"product","link":"https:\/\/head-beauty.com\/es\/producto\/hbcl-198rd-023-fresa-de-carburo-de-tungsteno-cono-redondeado-rojol-80-mmo23-mm-para-zurdos\/","title":{"rendered":"HBCL-198RD.023 Fresa de carburo de tungsteno \u00abcono redondeado\u00bb rojo,L-8,0 mm,\u00d82,3 mm Para zurdos"},"content":{"rendered":"<p>Para la eliminaci\u00f3n precisa de las faltas de recubrimiento (gel, gel-lack) en lugares de dif\u00edcil acceso, correcci\u00f3n de u\u00f1as artificiales, eliminaci\u00f3n de piel \u00e1spera, estriado cruzado suave, procesamiento de grietas<\/p>\n","protected":false},"excerpt":{"rendered":"<p>Para la eliminaci\u00f3n precisa de las faltas de recubrimiento (gel, gel-lack) en lugares de dif\u00edcil acceso, correcci\u00f3n de u\u00f1as artificiales, eliminaci\u00f3n de piel \u00e1spera, estriado cruzado suave, procesamiento de grietas<\/p>\n","protected":false},"featured_media":20790,"template":"","meta":{"_acf_changed":false},"product_brand":[],"product_cat":[711],"product_tag":[],"class_list":{"0":"post-25077","1":"product","2":"type-product","3":"status-publish","4":"has-post-thumbnail","6":"product_cat-fresas-de-carburo-de-tungsteno","8":"first","9":"instock","10":"taxable","11":"shipping-taxable","12":"purchasable","13":"product-type-simple"},"acf":[],"yoast_head":"<!-- This site is optimized with the Yoast SEO plugin v24.8.1 - https:\/\/yoast.com\/wordpress\/plugins\/seo\/ -->\n<title>HBCL-198RD.023 Fresa de carburo de tungsteno &quot;cono redondeado&quot; rojo,L-8,0 mm,\u00d82,3 mm Para zurdos - Head Beauty<\/title>\n<meta name=\"robots\" content=\"index, follow, max-snippet:-1, max-image-preview:large, max-video-preview:-1\" \/>\n<link rel=\"canonical\" href=\"https:\/\/head-beauty.com\/es\/producto\/hbcl-198rd-023-fresa-de-carburo-de-tungsteno-cono-redondeado-rojol-80-mmo23-mm-para-zurdos\/\" \/>\n<meta property=\"og:locale\" content=\"es_ES\" \/>\n<meta property=\"og:type\" content=\"article\" \/>\n<meta property=\"og:title\" content=\"HBCL-198RD.023 Fresa de carburo de tungsteno &quot;cono redondeado&quot; rojo,L-8,0 mm,\u00d82,3 mm Para zurdos - Head Beauty\" \/>\n<meta property=\"og:description\" content=\"Para la eliminaci\u00f3n precisa de las faltas de recubrimiento (gel, gel-lack) en lugares de dif\u00edcil acceso, correcci\u00f3n de u\u00f1as artificiales, eliminaci\u00f3n de piel \u00e1spera, estriado cruzado suave, procesamiento de grietas\" \/>\n<meta property=\"og:url\" content=\"https:\/\/head-beauty.com\/es\/producto\/hbcl-198rd-023-fresa-de-carburo-de-tungsteno-cono-redondeado-rojol-80-mmo23-mm-para-zurdos\/\" \/>\n<meta property=\"og:site_name\" content=\"Head Beauty\" \/>\n<meta property=\"article:modified_time\" content=\"2025-10-12T11:46:51+00:00\" \/>\n<meta property=\"og:image\" content=\"https:\/\/head-beauty.com\/wp-content\/uploads\/2024\/12\/HBCL-198RD.023-2-scaled.jpg\" \/>\n\t<meta property=\"og:image:width\" content=\"2560\" \/>\n\t<meta property=\"og:image:height\" content=\"2560\" \/>\n\t<meta property=\"og:image:type\" content=\"image\/jpeg\" \/>\n<meta name=\"twitter:card\" content=\"summary_large_image\" \/>\n<script type=\"application\/ld+json\" class=\"yoast-schema-graph\">{\"@context\":\"https:\/\/schema.org\",\"@graph\":[{\"@type\":\"WebPage\",\"@id\":\"https:\/\/head-beauty.com\/es\/producto\/hbcl-198rd-023-fresa-de-carburo-de-tungsteno-cono-redondeado-rojol-80-mmo23-mm-para-zurdos\/\",\"url\":\"https:\/\/head-beauty.com\/es\/producto\/hbcl-198rd-023-fresa-de-carburo-de-tungsteno-cono-redondeado-rojol-80-mmo23-mm-para-zurdos\/\",\"name\":\"HBCL-198RD.023 Fresa de carburo de tungsteno \\\"cono redondeado\\\" rojo,L-8,0 mm,\u00d82,3 mm Para zurdos - Head Beauty\",\"isPartOf\":{\"@id\":\"https:\/\/head-beauty.com\/es\/#website\"},\"primaryImageOfPage\":{\"@id\":\"https:\/\/head-beauty.com\/es\/producto\/hbcl-198rd-023-fresa-de-carburo-de-tungsteno-cono-redondeado-rojol-80-mmo23-mm-para-zurdos\/#primaryimage\"},\"image\":{\"@id\":\"https:\/\/head-beauty.com\/es\/producto\/hbcl-198rd-023-fresa-de-carburo-de-tungsteno-cono-redondeado-rojol-80-mmo23-mm-para-zurdos\/#primaryimage\"},\"thumbnailUrl\":\"https:\/\/head-beauty.com\/wp-content\/uploads\/2024\/12\/HBCL-198RD.023-2-scaled.jpg\",\"datePublished\":\"2024-12-02T12:56:04+00:00\",\"dateModified\":\"2025-10-12T11:46:51+00:00\",\"breadcrumb\":{\"@id\":\"https:\/\/head-beauty.com\/es\/producto\/hbcl-198rd-023-fresa-de-carburo-de-tungsteno-cono-redondeado-rojol-80-mmo23-mm-para-zurdos\/#breadcrumb\"},\"inLanguage\":\"es\",\"potentialAction\":[{\"@type\":\"ReadAction\",\"target\":[\"https:\/\/head-beauty.com\/es\/producto\/hbcl-198rd-023-fresa-de-carburo-de-tungsteno-cono-redondeado-rojol-80-mmo23-mm-para-zurdos\/\"]}]},{\"@type\":\"ImageObject\",\"inLanguage\":\"es\",\"@id\":\"https:\/\/head-beauty.com\/es\/producto\/hbcl-198rd-023-fresa-de-carburo-de-tungsteno-cono-redondeado-rojol-80-mmo23-mm-para-zurdos\/#primaryimage\",\"url\":\"https:\/\/head-beauty.com\/wp-content\/uploads\/2024\/12\/HBCL-198RD.023-2-scaled.jpg\",\"contentUrl\":\"https:\/\/head-beauty.com\/wp-content\/uploads\/2024\/12\/HBCL-198RD.023-2-scaled.jpg\",\"width\":2560,\"height\":2560,\"caption\":\"Para la eliminaci\u00f3n precisa de las faltas de recubrimiento (gel, gel-lack) en lugares de dif\u00edcil acceso, correcci\u00f3n de u\u00f1as artificiales, eliminaci\u00f3n de piel \u00e1spera, estriado cruzado suave, procesamiento de grietas\"},{\"@type\":\"BreadcrumbList\",\"@id\":\"https:\/\/head-beauty.com\/es\/producto\/hbcl-198rd-023-fresa-de-carburo-de-tungsteno-cono-redondeado-rojol-80-mmo23-mm-para-zurdos\/#breadcrumb\",\"itemListElement\":[{\"@type\":\"ListItem\",\"position\":1,\"name\":\"Home\",\"item\":\"https:\/\/head-beauty.com\/es\/\"},{\"@type\":\"ListItem\",\"position\":2,\"name\":\"Tienda\",\"item\":\"https:\/\/head-beauty.com\/es\/tienda\/\"},{\"@type\":\"ListItem\",\"position\":3,\"name\":\"HBCL-198RD.023 Fresa de carburo de tungsteno \u00abcono redondeado\u00bb rojo,L-8,0 mm,\u00d82,3 mm Para zurdos\"}]},{\"@type\":\"WebSite\",\"@id\":\"https:\/\/head-beauty.com\/es\/#website\",\"url\":\"https:\/\/head-beauty.com\/es\/\",\"name\":\"Head - The Beauty Tools\",\"description\":\"\",\"publisher\":{\"@id\":\"https:\/\/head-beauty.com\/es\/#organization\"},\"potentialAction\":[{\"@type\":\"SearchAction\",\"target\":{\"@type\":\"EntryPoint\",\"urlTemplate\":\"https:\/\/head-beauty.com\/es\/?s={search_term_string}\"},\"query-input\":{\"@type\":\"PropertyValueSpecification\",\"valueRequired\":true,\"valueName\":\"search_term_string\"}}],\"inLanguage\":\"es\"},{\"@type\":\"Organization\",\"@id\":\"https:\/\/head-beauty.com\/es\/#organization\",\"name\":\"Head - The Beauty Tools\",\"url\":\"https:\/\/head-beauty.com\/es\/\",\"logo\":{\"@type\":\"ImageObject\",\"inLanguage\":\"es\",\"@id\":\"https:\/\/head-beauty.com\/es\/#\/schema\/logo\/image\/\",\"url\":\"https:\/\/head-beauty.com\/wp-content\/uploads\/2024\/10\/head-beauty-logo.svg\",\"contentUrl\":\"https:\/\/head-beauty.com\/wp-content\/uploads\/2024\/10\/head-beauty-logo.svg\",\"width\":411.20999999999997953636921010911464691162109375,\"height\":200,\"caption\":\"Head - The Beauty Tools\"},\"image\":{\"@id\":\"https:\/\/head-beauty.com\/es\/#\/schema\/logo\/image\/\"}}]}<\/script>\n<!-- \/ Yoast SEO plugin. -->","yoast_head_json":{"title":"HBCL-198RD.023 Fresa de carburo de tungsteno \"cono redondeado\" rojo,L-8,0 mm,\u00d82,3 mm Para zurdos - Head Beauty","robots":{"index":"index","follow":"follow","max-snippet":"max-snippet:-1","max-image-preview":"max-image-preview:large","max-video-preview":"max-video-preview:-1"},"canonical":"https:\/\/head-beauty.com\/es\/producto\/hbcl-198rd-023-fresa-de-carburo-de-tungsteno-cono-redondeado-rojol-80-mmo23-mm-para-zurdos\/","og_locale":"es_ES","og_type":"article","og_title":"HBCL-198RD.023 Fresa de carburo de tungsteno \"cono redondeado\" rojo,L-8,0 mm,\u00d82,3 mm Para zurdos - Head Beauty","og_description":"Para la eliminaci\u00f3n precisa de las faltas de recubrimiento (gel, gel-lack) en lugares de dif\u00edcil acceso, correcci\u00f3n de u\u00f1as artificiales, eliminaci\u00f3n de piel \u00e1spera, estriado cruzado suave, procesamiento de grietas","og_url":"https:\/\/head-beauty.com\/es\/producto\/hbcl-198rd-023-fresa-de-carburo-de-tungsteno-cono-redondeado-rojol-80-mmo23-mm-para-zurdos\/","og_site_name":"Head Beauty","article_modified_time":"2025-10-12T11:46:51+00:00","og_image":[{"width":2560,"height":2560,"url":"https:\/\/head-beauty.com\/wp-content\/uploads\/2024\/12\/HBCL-198RD.023-2-scaled.jpg","type":"image\/jpeg"}],"twitter_card":"summary_large_image","schema":{"@context":"https:\/\/schema.org","@graph":[{"@type":"WebPage","@id":"https:\/\/head-beauty.com\/es\/producto\/hbcl-198rd-023-fresa-de-carburo-de-tungsteno-cono-redondeado-rojol-80-mmo23-mm-para-zurdos\/","url":"https:\/\/head-beauty.com\/es\/producto\/hbcl-198rd-023-fresa-de-carburo-de-tungsteno-cono-redondeado-rojol-80-mmo23-mm-para-zurdos\/","name":"HBCL-198RD.023 Fresa de carburo de tungsteno \"cono redondeado\" rojo,L-8,0 mm,\u00d82,3 mm Para zurdos - Head Beauty","isPartOf":{"@id":"https:\/\/head-beauty.com\/es\/#website"},"primaryImageOfPage":{"@id":"https:\/\/head-beauty.com\/es\/producto\/hbcl-198rd-023-fresa-de-carburo-de-tungsteno-cono-redondeado-rojol-80-mmo23-mm-para-zurdos\/#primaryimage"},"image":{"@id":"https:\/\/head-beauty.com\/es\/producto\/hbcl-198rd-023-fresa-de-carburo-de-tungsteno-cono-redondeado-rojol-80-mmo23-mm-para-zurdos\/#primaryimage"},"thumbnailUrl":"https:\/\/head-beauty.com\/wp-content\/uploads\/2024\/12\/HBCL-198RD.023-2-scaled.jpg","datePublished":"2024-12-02T12:56:04+00:00","dateModified":"2025-10-12T11:46:51+00:00","breadcrumb":{"@id":"https:\/\/head-beauty.com\/es\/producto\/hbcl-198rd-023-fresa-de-carburo-de-tungsteno-cono-redondeado-rojol-80-mmo23-mm-para-zurdos\/#breadcrumb"},"inLanguage":"es","potentialAction":[{"@type":"ReadAction","target":["https:\/\/head-beauty.com\/es\/producto\/hbcl-198rd-023-fresa-de-carburo-de-tungsteno-cono-redondeado-rojol-80-mmo23-mm-para-zurdos\/"]}]},{"@type":"ImageObject","inLanguage":"es","@id":"https:\/\/head-beauty.com\/es\/producto\/hbcl-198rd-023-fresa-de-carburo-de-tungsteno-cono-redondeado-rojol-80-mmo23-mm-para-zurdos\/#primaryimage","url":"https:\/\/head-beauty.com\/wp-content\/uploads\/2024\/12\/HBCL-198RD.023-2-scaled.jpg","contentUrl":"https:\/\/head-beauty.com\/wp-content\/uploads\/2024\/12\/HBCL-198RD.023-2-scaled.jpg","width":2560,"height":2560,"caption":"Para la eliminaci\u00f3n precisa de las faltas de recubrimiento (gel, gel-lack) en lugares de dif\u00edcil acceso, correcci\u00f3n de u\u00f1as artificiales, eliminaci\u00f3n de piel \u00e1spera, estriado cruzado suave, procesamiento de grietas"},{"@type":"BreadcrumbList","@id":"https:\/\/head-beauty.com\/es\/producto\/hbcl-198rd-023-fresa-de-carburo-de-tungsteno-cono-redondeado-rojol-80-mmo23-mm-para-zurdos\/#breadcrumb","itemListElement":[{"@type":"ListItem","position":1,"name":"Home","item":"https:\/\/head-beauty.com\/es\/"},{"@type":"ListItem","position":2,"name":"Tienda","item":"https:\/\/head-beauty.com\/es\/tienda\/"},{"@type":"ListItem","position":3,"name":"HBCL-198RD.023 Fresa de carburo de tungsteno \u00abcono redondeado\u00bb rojo,L-8,0 mm,\u00d82,3 mm Para zurdos"}]},{"@type":"WebSite","@id":"https:\/\/head-beauty.com\/es\/#website","url":"https:\/\/head-beauty.com\/es\/","name":"Head - The Beauty Tools","description":"","publisher":{"@id":"https:\/\/head-beauty.com\/es\/#organization"},"potentialAction":[{"@type":"SearchAction","target":{"@type":"EntryPoint","urlTemplate":"https:\/\/head-beauty.com\/es\/?s={search_term_string}"},"query-input":{"@type":"PropertyValueSpecification","valueRequired":true,"valueName":"search_term_string"}}],"inLanguage":"es"},{"@type":"Organization","@id":"https:\/\/head-beauty.com\/es\/#organization","name":"Head - The Beauty Tools","url":"https:\/\/head-beauty.com\/es\/","logo":{"@type":"ImageObject","inLanguage":"es","@id":"https:\/\/head-beauty.com\/es\/#\/schema\/logo\/image\/","url":"https:\/\/head-beauty.com\/wp-content\/uploads\/2024\/10\/head-beauty-logo.svg","contentUrl":"https:\/\/head-beauty.com\/wp-content\/uploads\/2024\/10\/head-beauty-logo.svg","width":411.20999999999997953636921010911464691162109375,"height":200,"caption":"Head - The Beauty Tools"},"image":{"@id":"https:\/\/head-beauty.com\/es\/#\/schema\/logo\/image\/"}}]}},"_links":{"self":[{"href":"https:\/\/head-beauty.com\/es\/wp-json\/wp\/v2\/product\/25077","targetHints":{"allow":["GET"]}}],"collection":[{"href":"https:\/\/head-beauty.com\/es\/wp-json\/wp\/v2\/product"}],"about":[{"href":"https:\/\/head-beauty.com\/es\/wp-json\/wp\/v2\/types\/product"}],"wp:featuredmedia":[{"embeddable":true,"href":"https:\/\/head-beauty.com\/es\/wp-json\/wp\/v2\/media\/20790"}],"wp:attachment":[{"href":"https:\/\/head-beauty.com\/es\/wp-json\/wp\/v2\/media?parent=25077"}],"wp:term":[{"taxonomy":"product_brand","embeddable":true,"href":"https:\/\/head-beauty.com\/es\/wp-json\/wp\/v2\/product_brand?post=25077"},{"taxonomy":"product_cat","embeddable":true,"href":"https:\/\/head-beauty.com\/es\/wp-json\/wp\/v2\/product_cat?post=25077"},{"taxonomy":"product_tag","embeddable":true,"href":"https:\/\/head-beauty.com\/es\/wp-json\/wp\/v2\/product_tag?post=25077"}],"curies":[{"name":"wp","href":"https:\/\/api.w.org\/{rel}","templated":true}]}}