{"id":25568,"date":"2024-12-02T15:26:30","date_gmt":"2024-12-02T12:26:30","guid":{"rendered":"https:\/\/head-beauty.com\/product\/hbz-274bl-rd060-fresa-ceramica-maiz-azul-rojo-l-140-mm-o60-mm\/"},"modified":"2024-12-02T15:26:30","modified_gmt":"2024-12-02T12:26:30","slug":"hbz-274bl-rd060-fresa-ceramica-maiz-azul-rojo-l-140-mm-o60-mm","status":"publish","type":"product","link":"https:\/\/head-beauty.com\/es\/producto\/hbz-274bl-rd060-fresa-ceramica-maiz-azul-rojo-l-140-mm-o60-mm\/","title":{"rendered":"HBZ-274BL. RD060 Fresa cer\u00e1mica \u00abma\u00edz\u00bb azul-rojo, L-14,0 mm., \u00d86,0 mm"},"content":{"rendered":"<p>Para la eliminaci\u00f3n de recubrimientos (gel, gel-lack, polygel), estriado medio crutiado, resistente al calor, recomendado para trabajar con alerg\u00e9ticos<\/p>\n","protected":false},"excerpt":{"rendered":"<p>Para la eliminaci\u00f3n de recubrimientos (gel, gel-lack, polygel), estriado medio crutiado, resistente al calor, recomendado para trabajar con alerg\u00e9ticos<\/p>\n","protected":false},"featured_media":20163,"template":"","meta":{"_acf_changed":false},"product_brand":[],"product_cat":[833],"product_tag":[],"class_list":{"0":"post-25568","1":"product","2":"type-product","3":"status-publish","4":"has-post-thumbnail","6":"product_cat-fresas-de-ceramica","8":"first","9":"instock","10":"taxable","11":"shipping-taxable","12":"purchasable","13":"product-type-simple"},"acf":[],"yoast_head":"<!-- This site is optimized with the Yoast SEO plugin v24.8.1 - https:\/\/yoast.com\/wordpress\/plugins\/seo\/ -->\n<title>HBZ-274BL. RD060 Fresa cer\u00e1mica &quot;ma\u00edz&quot; azul-rojo, L-14,0 mm., \u00d86,0 mm - Head Beauty<\/title>\n<meta name=\"robots\" content=\"index, follow, max-snippet:-1, max-image-preview:large, max-video-preview:-1\" \/>\n<link rel=\"canonical\" href=\"https:\/\/head-beauty.com\/es\/producto\/hbz-274bl-rd060-fresa-ceramica-maiz-azul-rojo-l-140-mm-o60-mm\/\" \/>\n<meta property=\"og:locale\" content=\"es_ES\" \/>\n<meta property=\"og:type\" content=\"article\" \/>\n<meta property=\"og:title\" content=\"HBZ-274BL. RD060 Fresa cer\u00e1mica &quot;ma\u00edz&quot; azul-rojo, L-14,0 mm., \u00d86,0 mm - Head Beauty\" \/>\n<meta property=\"og:description\" content=\"Para la eliminaci\u00f3n de recubrimientos (gel, gel-lack, polygel), estriado medio crutiado, resistente al calor, recomendado para trabajar con alerg\u00e9ticos\" \/>\n<meta property=\"og:url\" content=\"https:\/\/head-beauty.com\/es\/producto\/hbz-274bl-rd060-fresa-ceramica-maiz-azul-rojo-l-140-mm-o60-mm\/\" \/>\n<meta property=\"og:site_name\" content=\"Head Beauty\" \/>\n<meta property=\"og:image\" content=\"https:\/\/head-beauty.com\/wp-content\/uploads\/2024\/12\/HBZ-274BL.RD060-scaled.jpg\" \/>\n\t<meta property=\"og:image:width\" content=\"2560\" \/>\n\t<meta property=\"og:image:height\" content=\"2560\" \/>\n\t<meta property=\"og:image:type\" content=\"image\/jpeg\" \/>\n<meta name=\"twitter:card\" content=\"summary_large_image\" \/>\n<script type=\"application\/ld+json\" class=\"yoast-schema-graph\">{\"@context\":\"https:\/\/schema.org\",\"@graph\":[{\"@type\":\"WebPage\",\"@id\":\"https:\/\/head-beauty.com\/es\/producto\/hbz-274bl-rd060-fresa-ceramica-maiz-azul-rojo-l-140-mm-o60-mm\/\",\"url\":\"https:\/\/head-beauty.com\/es\/producto\/hbz-274bl-rd060-fresa-ceramica-maiz-azul-rojo-l-140-mm-o60-mm\/\",\"name\":\"HBZ-274BL. RD060 Fresa cer\u00e1mica \\\"ma\u00edz\\\" azul-rojo, L-14,0 mm., \u00d86,0 mm - Head Beauty\",\"isPartOf\":{\"@id\":\"https:\/\/head-beauty.com\/es\/#website\"},\"primaryImageOfPage\":{\"@id\":\"https:\/\/head-beauty.com\/es\/producto\/hbz-274bl-rd060-fresa-ceramica-maiz-azul-rojo-l-140-mm-o60-mm\/#primaryimage\"},\"image\":{\"@id\":\"https:\/\/head-beauty.com\/es\/producto\/hbz-274bl-rd060-fresa-ceramica-maiz-azul-rojo-l-140-mm-o60-mm\/#primaryimage\"},\"thumbnailUrl\":\"https:\/\/head-beauty.com\/wp-content\/uploads\/2024\/12\/HBZ-274BL.RD060-scaled.jpg\",\"datePublished\":\"2024-12-02T12:26:30+00:00\",\"breadcrumb\":{\"@id\":\"https:\/\/head-beauty.com\/es\/producto\/hbz-274bl-rd060-fresa-ceramica-maiz-azul-rojo-l-140-mm-o60-mm\/#breadcrumb\"},\"inLanguage\":\"es\",\"potentialAction\":[{\"@type\":\"ReadAction\",\"target\":[\"https:\/\/head-beauty.com\/es\/producto\/hbz-274bl-rd060-fresa-ceramica-maiz-azul-rojo-l-140-mm-o60-mm\/\"]}]},{\"@type\":\"ImageObject\",\"inLanguage\":\"es\",\"@id\":\"https:\/\/head-beauty.com\/es\/producto\/hbz-274bl-rd060-fresa-ceramica-maiz-azul-rojo-l-140-mm-o60-mm\/#primaryimage\",\"url\":\"https:\/\/head-beauty.com\/wp-content\/uploads\/2024\/12\/HBZ-274BL.RD060-scaled.jpg\",\"contentUrl\":\"https:\/\/head-beauty.com\/wp-content\/uploads\/2024\/12\/HBZ-274BL.RD060-scaled.jpg\",\"width\":2560,\"height\":2560,\"caption\":\"Para la eliminaci\u00f3n de recubrimientos (gel, gel-lack, polygel), estriado medio crutiado, resistente al calor, recomendado para trabajar con alerg\u00e9ticos\"},{\"@type\":\"BreadcrumbList\",\"@id\":\"https:\/\/head-beauty.com\/es\/producto\/hbz-274bl-rd060-fresa-ceramica-maiz-azul-rojo-l-140-mm-o60-mm\/#breadcrumb\",\"itemListElement\":[{\"@type\":\"ListItem\",\"position\":1,\"name\":\"Home\",\"item\":\"https:\/\/head-beauty.com\/es\/\"},{\"@type\":\"ListItem\",\"position\":2,\"name\":\"Tienda\",\"item\":\"https:\/\/head-beauty.com\/es\/tienda\/\"},{\"@type\":\"ListItem\",\"position\":3,\"name\":\"HBZ-274BL. RD060 Fresa cer\u00e1mica &#8220;ma\u00edz&#8221; azul-rojo, L-14,0 mm., \u00d86,0 mm\"}]},{\"@type\":\"WebSite\",\"@id\":\"https:\/\/head-beauty.com\/es\/#website\",\"url\":\"https:\/\/head-beauty.com\/es\/\",\"name\":\"Head - The Beauty Tools\",\"description\":\"\",\"publisher\":{\"@id\":\"https:\/\/head-beauty.com\/es\/#organization\"},\"potentialAction\":[{\"@type\":\"SearchAction\",\"target\":{\"@type\":\"EntryPoint\",\"urlTemplate\":\"https:\/\/head-beauty.com\/es\/?s={search_term_string}\"},\"query-input\":{\"@type\":\"PropertyValueSpecification\",\"valueRequired\":true,\"valueName\":\"search_term_string\"}}],\"inLanguage\":\"es\"},{\"@type\":\"Organization\",\"@id\":\"https:\/\/head-beauty.com\/es\/#organization\",\"name\":\"Head - The Beauty Tools\",\"url\":\"https:\/\/head-beauty.com\/es\/\",\"logo\":{\"@type\":\"ImageObject\",\"inLanguage\":\"es\",\"@id\":\"https:\/\/head-beauty.com\/es\/#\/schema\/logo\/image\/\",\"url\":\"https:\/\/head-beauty.com\/wp-content\/uploads\/2024\/10\/head-beauty-logo.svg\",\"contentUrl\":\"https:\/\/head-beauty.com\/wp-content\/uploads\/2024\/10\/head-beauty-logo.svg\",\"width\":411.20999999999997953636921010911464691162109375,\"height\":200,\"caption\":\"Head - The Beauty Tools\"},\"image\":{\"@id\":\"https:\/\/head-beauty.com\/es\/#\/schema\/logo\/image\/\"}}]}<\/script>\n<!-- \/ Yoast SEO plugin. -->","yoast_head_json":{"title":"HBZ-274BL. RD060 Fresa cer\u00e1mica \"ma\u00edz\" azul-rojo, L-14,0 mm., \u00d86,0 mm - Head Beauty","robots":{"index":"index","follow":"follow","max-snippet":"max-snippet:-1","max-image-preview":"max-image-preview:large","max-video-preview":"max-video-preview:-1"},"canonical":"https:\/\/head-beauty.com\/es\/producto\/hbz-274bl-rd060-fresa-ceramica-maiz-azul-rojo-l-140-mm-o60-mm\/","og_locale":"es_ES","og_type":"article","og_title":"HBZ-274BL. RD060 Fresa cer\u00e1mica \"ma\u00edz\" azul-rojo, L-14,0 mm., \u00d86,0 mm - Head Beauty","og_description":"Para la eliminaci\u00f3n de recubrimientos (gel, gel-lack, polygel), estriado medio crutiado, resistente al calor, recomendado para trabajar con alerg\u00e9ticos","og_url":"https:\/\/head-beauty.com\/es\/producto\/hbz-274bl-rd060-fresa-ceramica-maiz-azul-rojo-l-140-mm-o60-mm\/","og_site_name":"Head Beauty","og_image":[{"width":2560,"height":2560,"url":"https:\/\/head-beauty.com\/wp-content\/uploads\/2024\/12\/HBZ-274BL.RD060-scaled.jpg","type":"image\/jpeg"}],"twitter_card":"summary_large_image","schema":{"@context":"https:\/\/schema.org","@graph":[{"@type":"WebPage","@id":"https:\/\/head-beauty.com\/es\/producto\/hbz-274bl-rd060-fresa-ceramica-maiz-azul-rojo-l-140-mm-o60-mm\/","url":"https:\/\/head-beauty.com\/es\/producto\/hbz-274bl-rd060-fresa-ceramica-maiz-azul-rojo-l-140-mm-o60-mm\/","name":"HBZ-274BL. RD060 Fresa cer\u00e1mica \"ma\u00edz\" azul-rojo, L-14,0 mm., \u00d86,0 mm - Head Beauty","isPartOf":{"@id":"https:\/\/head-beauty.com\/es\/#website"},"primaryImageOfPage":{"@id":"https:\/\/head-beauty.com\/es\/producto\/hbz-274bl-rd060-fresa-ceramica-maiz-azul-rojo-l-140-mm-o60-mm\/#primaryimage"},"image":{"@id":"https:\/\/head-beauty.com\/es\/producto\/hbz-274bl-rd060-fresa-ceramica-maiz-azul-rojo-l-140-mm-o60-mm\/#primaryimage"},"thumbnailUrl":"https:\/\/head-beauty.com\/wp-content\/uploads\/2024\/12\/HBZ-274BL.RD060-scaled.jpg","datePublished":"2024-12-02T12:26:30+00:00","breadcrumb":{"@id":"https:\/\/head-beauty.com\/es\/producto\/hbz-274bl-rd060-fresa-ceramica-maiz-azul-rojo-l-140-mm-o60-mm\/#breadcrumb"},"inLanguage":"es","potentialAction":[{"@type":"ReadAction","target":["https:\/\/head-beauty.com\/es\/producto\/hbz-274bl-rd060-fresa-ceramica-maiz-azul-rojo-l-140-mm-o60-mm\/"]}]},{"@type":"ImageObject","inLanguage":"es","@id":"https:\/\/head-beauty.com\/es\/producto\/hbz-274bl-rd060-fresa-ceramica-maiz-azul-rojo-l-140-mm-o60-mm\/#primaryimage","url":"https:\/\/head-beauty.com\/wp-content\/uploads\/2024\/12\/HBZ-274BL.RD060-scaled.jpg","contentUrl":"https:\/\/head-beauty.com\/wp-content\/uploads\/2024\/12\/HBZ-274BL.RD060-scaled.jpg","width":2560,"height":2560,"caption":"Para la eliminaci\u00f3n de recubrimientos (gel, gel-lack, polygel), estriado medio crutiado, resistente al calor, recomendado para trabajar con alerg\u00e9ticos"},{"@type":"BreadcrumbList","@id":"https:\/\/head-beauty.com\/es\/producto\/hbz-274bl-rd060-fresa-ceramica-maiz-azul-rojo-l-140-mm-o60-mm\/#breadcrumb","itemListElement":[{"@type":"ListItem","position":1,"name":"Home","item":"https:\/\/head-beauty.com\/es\/"},{"@type":"ListItem","position":2,"name":"Tienda","item":"https:\/\/head-beauty.com\/es\/tienda\/"},{"@type":"ListItem","position":3,"name":"HBZ-274BL. RD060 Fresa cer\u00e1mica &#8220;ma\u00edz&#8221; azul-rojo, L-14,0 mm., \u00d86,0 mm"}]},{"@type":"WebSite","@id":"https:\/\/head-beauty.com\/es\/#website","url":"https:\/\/head-beauty.com\/es\/","name":"Head - The Beauty Tools","description":"","publisher":{"@id":"https:\/\/head-beauty.com\/es\/#organization"},"potentialAction":[{"@type":"SearchAction","target":{"@type":"EntryPoint","urlTemplate":"https:\/\/head-beauty.com\/es\/?s={search_term_string}"},"query-input":{"@type":"PropertyValueSpecification","valueRequired":true,"valueName":"search_term_string"}}],"inLanguage":"es"},{"@type":"Organization","@id":"https:\/\/head-beauty.com\/es\/#organization","name":"Head - The Beauty Tools","url":"https:\/\/head-beauty.com\/es\/","logo":{"@type":"ImageObject","inLanguage":"es","@id":"https:\/\/head-beauty.com\/es\/#\/schema\/logo\/image\/","url":"https:\/\/head-beauty.com\/wp-content\/uploads\/2024\/10\/head-beauty-logo.svg","contentUrl":"https:\/\/head-beauty.com\/wp-content\/uploads\/2024\/10\/head-beauty-logo.svg","width":411.20999999999997953636921010911464691162109375,"height":200,"caption":"Head - The Beauty Tools"},"image":{"@id":"https:\/\/head-beauty.com\/es\/#\/schema\/logo\/image\/"}}]}},"_links":{"self":[{"href":"https:\/\/head-beauty.com\/es\/wp-json\/wp\/v2\/product\/25568","targetHints":{"allow":["GET"]}}],"collection":[{"href":"https:\/\/head-beauty.com\/es\/wp-json\/wp\/v2\/product"}],"about":[{"href":"https:\/\/head-beauty.com\/es\/wp-json\/wp\/v2\/types\/product"}],"wp:featuredmedia":[{"embeddable":true,"href":"https:\/\/head-beauty.com\/es\/wp-json\/wp\/v2\/media\/20163"}],"wp:attachment":[{"href":"https:\/\/head-beauty.com\/es\/wp-json\/wp\/v2\/media?parent=25568"}],"wp:term":[{"taxonomy":"product_brand","embeddable":true,"href":"https:\/\/head-beauty.com\/es\/wp-json\/wp\/v2\/product_brand?post=25568"},{"taxonomy":"product_cat","embeddable":true,"href":"https:\/\/head-beauty.com\/es\/wp-json\/wp\/v2\/product_cat?post=25568"},{"taxonomy":"product_tag","embeddable":true,"href":"https:\/\/head-beauty.com\/es\/wp-json\/wp\/v2\/product_tag?post=25568"}],"curies":[{"name":"wp","href":"https:\/\/api.w.org\/{rel}","templated":true}]}}