{"id":27229,"date":"2024-12-02T16:14:29","date_gmt":"2024-12-02T13:14:29","guid":{"rendered":"https:\/\/head-beauty.com\/product\/hbd-157r-bl-050-fresa-de-diamante-cilindro-bordes-redondeados-azul-l-70-mm-o50-mm\/"},"modified":"2025-10-12T14:41:46","modified_gmt":"2025-10-12T11:41:46","slug":"hbd-157r-bl-050-fresa-de-diamante-cilindro-bordes-redondeados-azul-l-70-mm-o50-mm","status":"publish","type":"product","link":"https:\/\/head-beauty.com\/es\/producto\/hbd-157r-bl-050-fresa-de-diamante-cilindro-bordes-redondeados-azul-l-70-mm-o50-mm\/","title":{"rendered":"HBD-157R. BL.050 Fresa de diamante \u00abcilindro\u00bb bordes redondeados, azul, L-7,0 mm., \u00d85,0 mm"},"content":{"rendered":"<p>Repavimentaci\u00f3n de la placa ungueal, correcci\u00f3n de la longitud del borde libre, procesamiento de crestas laterales, eliminaci\u00f3n de piel queratizada, estriado medio est\u00e1ndar (cobertura total de la pieza de trabajo)<\/p>\n","protected":false},"excerpt":{"rendered":"<p>Repavimentaci\u00f3n de la placa ungueal, correcci\u00f3n de la longitud del borde libre, procesamiento de crestas laterales, eliminaci\u00f3n de piel queratizada, estriado medio est\u00e1ndar (cobertura total de la pieza de trabajo)<\/p>\n","protected":false},"featured_media":20922,"template":"","meta":{"_acf_changed":false},"product_brand":[],"product_cat":[200],"product_tag":[],"class_list":{"0":"post-27229","1":"product","2":"type-product","3":"status-publish","4":"has-post-thumbnail","6":"product_cat-fresas-de-diamante","8":"first","9":"instock","10":"taxable","11":"shipping-taxable","12":"purchasable","13":"product-type-simple"},"acf":[],"yoast_head":"<!-- This site is optimized with the Yoast SEO plugin v24.8.1 - https:\/\/yoast.com\/wordpress\/plugins\/seo\/ -->\n<title>HBD-157R. BL.050 Fresa de diamante &quot;cilindro&quot; bordes redondeados, azul, L-7,0 mm., \u00d85,0 mm - Head Beauty<\/title>\n<meta name=\"robots\" content=\"index, follow, max-snippet:-1, max-image-preview:large, max-video-preview:-1\" \/>\n<link rel=\"canonical\" href=\"https:\/\/head-beauty.com\/es\/producto\/hbd-157r-bl-050-fresa-de-diamante-cilindro-bordes-redondeados-azul-l-70-mm-o50-mm\/\" \/>\n<meta property=\"og:locale\" content=\"es_ES\" \/>\n<meta property=\"og:type\" content=\"article\" \/>\n<meta property=\"og:title\" content=\"HBD-157R. BL.050 Fresa de diamante &quot;cilindro&quot; bordes redondeados, azul, L-7,0 mm., \u00d85,0 mm - Head Beauty\" \/>\n<meta property=\"og:description\" content=\"Repavimentaci\u00f3n de la placa ungueal, correcci\u00f3n de la longitud del borde libre, procesamiento de crestas laterales, eliminaci\u00f3n de piel queratizada, estriado medio est\u00e1ndar (cobertura total de la pieza de trabajo)\" \/>\n<meta property=\"og:url\" content=\"https:\/\/head-beauty.com\/es\/producto\/hbd-157r-bl-050-fresa-de-diamante-cilindro-bordes-redondeados-azul-l-70-mm-o50-mm\/\" \/>\n<meta property=\"og:site_name\" content=\"Head Beauty\" \/>\n<meta property=\"article:modified_time\" content=\"2025-10-12T11:41:46+00:00\" \/>\n<meta property=\"og:image\" content=\"https:\/\/head-beauty.com\/wp-content\/uploads\/2024\/12\/HBD-157R.BL_.050-3.jpg\" \/>\n\t<meta property=\"og:image:width\" content=\"2367\" \/>\n\t<meta property=\"og:image:height\" content=\"2367\" \/>\n\t<meta property=\"og:image:type\" content=\"image\/jpeg\" \/>\n<meta name=\"twitter:card\" content=\"summary_large_image\" \/>\n<script type=\"application\/ld+json\" class=\"yoast-schema-graph\">{\"@context\":\"https:\/\/schema.org\",\"@graph\":[{\"@type\":\"WebPage\",\"@id\":\"https:\/\/head-beauty.com\/es\/producto\/hbd-157r-bl-050-fresa-de-diamante-cilindro-bordes-redondeados-azul-l-70-mm-o50-mm\/\",\"url\":\"https:\/\/head-beauty.com\/es\/producto\/hbd-157r-bl-050-fresa-de-diamante-cilindro-bordes-redondeados-azul-l-70-mm-o50-mm\/\",\"name\":\"HBD-157R. BL.050 Fresa de diamante \\\"cilindro\\\" bordes redondeados, azul, L-7,0 mm., \u00d85,0 mm - Head Beauty\",\"isPartOf\":{\"@id\":\"https:\/\/head-beauty.com\/es\/#website\"},\"primaryImageOfPage\":{\"@id\":\"https:\/\/head-beauty.com\/es\/producto\/hbd-157r-bl-050-fresa-de-diamante-cilindro-bordes-redondeados-azul-l-70-mm-o50-mm\/#primaryimage\"},\"image\":{\"@id\":\"https:\/\/head-beauty.com\/es\/producto\/hbd-157r-bl-050-fresa-de-diamante-cilindro-bordes-redondeados-azul-l-70-mm-o50-mm\/#primaryimage\"},\"thumbnailUrl\":\"https:\/\/head-beauty.com\/wp-content\/uploads\/2024\/12\/HBD-157R.BL_.050-3.jpg\",\"datePublished\":\"2024-12-02T13:14:29+00:00\",\"dateModified\":\"2025-10-12T11:41:46+00:00\",\"breadcrumb\":{\"@id\":\"https:\/\/head-beauty.com\/es\/producto\/hbd-157r-bl-050-fresa-de-diamante-cilindro-bordes-redondeados-azul-l-70-mm-o50-mm\/#breadcrumb\"},\"inLanguage\":\"es\",\"potentialAction\":[{\"@type\":\"ReadAction\",\"target\":[\"https:\/\/head-beauty.com\/es\/producto\/hbd-157r-bl-050-fresa-de-diamante-cilindro-bordes-redondeados-azul-l-70-mm-o50-mm\/\"]}]},{\"@type\":\"ImageObject\",\"inLanguage\":\"es\",\"@id\":\"https:\/\/head-beauty.com\/es\/producto\/hbd-157r-bl-050-fresa-de-diamante-cilindro-bordes-redondeados-azul-l-70-mm-o50-mm\/#primaryimage\",\"url\":\"https:\/\/head-beauty.com\/wp-content\/uploads\/2024\/12\/HBD-157R.BL_.050-3.jpg\",\"contentUrl\":\"https:\/\/head-beauty.com\/wp-content\/uploads\/2024\/12\/HBD-157R.BL_.050-3.jpg\",\"width\":2367,\"height\":2367,\"caption\":\"Repavimentaci\u00f3n de la placa ungueal, correcci\u00f3n de la longitud del borde libre, procesamiento de crestas laterales, eliminaci\u00f3n de piel queratizada, estriado medio est\u00e1ndar (cobertura total de la pieza de trabajo)\"},{\"@type\":\"BreadcrumbList\",\"@id\":\"https:\/\/head-beauty.com\/es\/producto\/hbd-157r-bl-050-fresa-de-diamante-cilindro-bordes-redondeados-azul-l-70-mm-o50-mm\/#breadcrumb\",\"itemListElement\":[{\"@type\":\"ListItem\",\"position\":1,\"name\":\"Home\",\"item\":\"https:\/\/head-beauty.com\/es\/\"},{\"@type\":\"ListItem\",\"position\":2,\"name\":\"Tienda\",\"item\":\"https:\/\/head-beauty.com\/es\/tienda\/\"},{\"@type\":\"ListItem\",\"position\":3,\"name\":\"HBD-157R. BL.050 Fresa de diamante \u00abcilindro\u00bb bordes redondeados, azul, L-7,0 mm., \u00d85,0 mm\"}]},{\"@type\":\"WebSite\",\"@id\":\"https:\/\/head-beauty.com\/es\/#website\",\"url\":\"https:\/\/head-beauty.com\/es\/\",\"name\":\"Head - The Beauty Tools\",\"description\":\"\",\"publisher\":{\"@id\":\"https:\/\/head-beauty.com\/es\/#organization\"},\"potentialAction\":[{\"@type\":\"SearchAction\",\"target\":{\"@type\":\"EntryPoint\",\"urlTemplate\":\"https:\/\/head-beauty.com\/es\/?s={search_term_string}\"},\"query-input\":{\"@type\":\"PropertyValueSpecification\",\"valueRequired\":true,\"valueName\":\"search_term_string\"}}],\"inLanguage\":\"es\"},{\"@type\":\"Organization\",\"@id\":\"https:\/\/head-beauty.com\/es\/#organization\",\"name\":\"Head - The Beauty Tools\",\"url\":\"https:\/\/head-beauty.com\/es\/\",\"logo\":{\"@type\":\"ImageObject\",\"inLanguage\":\"es\",\"@id\":\"https:\/\/head-beauty.com\/es\/#\/schema\/logo\/image\/\",\"url\":\"https:\/\/head-beauty.com\/wp-content\/uploads\/2024\/10\/head-beauty-logo.svg\",\"contentUrl\":\"https:\/\/head-beauty.com\/wp-content\/uploads\/2024\/10\/head-beauty-logo.svg\",\"width\":411.20999999999997953636921010911464691162109375,\"height\":200,\"caption\":\"Head - The Beauty Tools\"},\"image\":{\"@id\":\"https:\/\/head-beauty.com\/es\/#\/schema\/logo\/image\/\"}}]}<\/script>\n<!-- \/ Yoast SEO plugin. -->","yoast_head_json":{"title":"HBD-157R. BL.050 Fresa de diamante \"cilindro\" bordes redondeados, azul, L-7,0 mm., \u00d85,0 mm - Head Beauty","robots":{"index":"index","follow":"follow","max-snippet":"max-snippet:-1","max-image-preview":"max-image-preview:large","max-video-preview":"max-video-preview:-1"},"canonical":"https:\/\/head-beauty.com\/es\/producto\/hbd-157r-bl-050-fresa-de-diamante-cilindro-bordes-redondeados-azul-l-70-mm-o50-mm\/","og_locale":"es_ES","og_type":"article","og_title":"HBD-157R. BL.050 Fresa de diamante \"cilindro\" bordes redondeados, azul, L-7,0 mm., \u00d85,0 mm - Head Beauty","og_description":"Repavimentaci\u00f3n de la placa ungueal, correcci\u00f3n de la longitud del borde libre, procesamiento de crestas laterales, eliminaci\u00f3n de piel queratizada, estriado medio est\u00e1ndar (cobertura total de la pieza de trabajo)","og_url":"https:\/\/head-beauty.com\/es\/producto\/hbd-157r-bl-050-fresa-de-diamante-cilindro-bordes-redondeados-azul-l-70-mm-o50-mm\/","og_site_name":"Head Beauty","article_modified_time":"2025-10-12T11:41:46+00:00","og_image":[{"width":2367,"height":2367,"url":"https:\/\/head-beauty.com\/wp-content\/uploads\/2024\/12\/HBD-157R.BL_.050-3.jpg","type":"image\/jpeg"}],"twitter_card":"summary_large_image","schema":{"@context":"https:\/\/schema.org","@graph":[{"@type":"WebPage","@id":"https:\/\/head-beauty.com\/es\/producto\/hbd-157r-bl-050-fresa-de-diamante-cilindro-bordes-redondeados-azul-l-70-mm-o50-mm\/","url":"https:\/\/head-beauty.com\/es\/producto\/hbd-157r-bl-050-fresa-de-diamante-cilindro-bordes-redondeados-azul-l-70-mm-o50-mm\/","name":"HBD-157R. BL.050 Fresa de diamante \"cilindro\" bordes redondeados, azul, L-7,0 mm., \u00d85,0 mm - Head Beauty","isPartOf":{"@id":"https:\/\/head-beauty.com\/es\/#website"},"primaryImageOfPage":{"@id":"https:\/\/head-beauty.com\/es\/producto\/hbd-157r-bl-050-fresa-de-diamante-cilindro-bordes-redondeados-azul-l-70-mm-o50-mm\/#primaryimage"},"image":{"@id":"https:\/\/head-beauty.com\/es\/producto\/hbd-157r-bl-050-fresa-de-diamante-cilindro-bordes-redondeados-azul-l-70-mm-o50-mm\/#primaryimage"},"thumbnailUrl":"https:\/\/head-beauty.com\/wp-content\/uploads\/2024\/12\/HBD-157R.BL_.050-3.jpg","datePublished":"2024-12-02T13:14:29+00:00","dateModified":"2025-10-12T11:41:46+00:00","breadcrumb":{"@id":"https:\/\/head-beauty.com\/es\/producto\/hbd-157r-bl-050-fresa-de-diamante-cilindro-bordes-redondeados-azul-l-70-mm-o50-mm\/#breadcrumb"},"inLanguage":"es","potentialAction":[{"@type":"ReadAction","target":["https:\/\/head-beauty.com\/es\/producto\/hbd-157r-bl-050-fresa-de-diamante-cilindro-bordes-redondeados-azul-l-70-mm-o50-mm\/"]}]},{"@type":"ImageObject","inLanguage":"es","@id":"https:\/\/head-beauty.com\/es\/producto\/hbd-157r-bl-050-fresa-de-diamante-cilindro-bordes-redondeados-azul-l-70-mm-o50-mm\/#primaryimage","url":"https:\/\/head-beauty.com\/wp-content\/uploads\/2024\/12\/HBD-157R.BL_.050-3.jpg","contentUrl":"https:\/\/head-beauty.com\/wp-content\/uploads\/2024\/12\/HBD-157R.BL_.050-3.jpg","width":2367,"height":2367,"caption":"Repavimentaci\u00f3n de la placa ungueal, correcci\u00f3n de la longitud del borde libre, procesamiento de crestas laterales, eliminaci\u00f3n de piel queratizada, estriado medio est\u00e1ndar (cobertura total de la pieza de trabajo)"},{"@type":"BreadcrumbList","@id":"https:\/\/head-beauty.com\/es\/producto\/hbd-157r-bl-050-fresa-de-diamante-cilindro-bordes-redondeados-azul-l-70-mm-o50-mm\/#breadcrumb","itemListElement":[{"@type":"ListItem","position":1,"name":"Home","item":"https:\/\/head-beauty.com\/es\/"},{"@type":"ListItem","position":2,"name":"Tienda","item":"https:\/\/head-beauty.com\/es\/tienda\/"},{"@type":"ListItem","position":3,"name":"HBD-157R. BL.050 Fresa de diamante \u00abcilindro\u00bb bordes redondeados, azul, L-7,0 mm., \u00d85,0 mm"}]},{"@type":"WebSite","@id":"https:\/\/head-beauty.com\/es\/#website","url":"https:\/\/head-beauty.com\/es\/","name":"Head - The Beauty Tools","description":"","publisher":{"@id":"https:\/\/head-beauty.com\/es\/#organization"},"potentialAction":[{"@type":"SearchAction","target":{"@type":"EntryPoint","urlTemplate":"https:\/\/head-beauty.com\/es\/?s={search_term_string}"},"query-input":{"@type":"PropertyValueSpecification","valueRequired":true,"valueName":"search_term_string"}}],"inLanguage":"es"},{"@type":"Organization","@id":"https:\/\/head-beauty.com\/es\/#organization","name":"Head - The Beauty Tools","url":"https:\/\/head-beauty.com\/es\/","logo":{"@type":"ImageObject","inLanguage":"es","@id":"https:\/\/head-beauty.com\/es\/#\/schema\/logo\/image\/","url":"https:\/\/head-beauty.com\/wp-content\/uploads\/2024\/10\/head-beauty-logo.svg","contentUrl":"https:\/\/head-beauty.com\/wp-content\/uploads\/2024\/10\/head-beauty-logo.svg","width":411.20999999999997953636921010911464691162109375,"height":200,"caption":"Head - The Beauty Tools"},"image":{"@id":"https:\/\/head-beauty.com\/es\/#\/schema\/logo\/image\/"}}]}},"_links":{"self":[{"href":"https:\/\/head-beauty.com\/es\/wp-json\/wp\/v2\/product\/27229","targetHints":{"allow":["GET"]}}],"collection":[{"href":"https:\/\/head-beauty.com\/es\/wp-json\/wp\/v2\/product"}],"about":[{"href":"https:\/\/head-beauty.com\/es\/wp-json\/wp\/v2\/types\/product"}],"wp:featuredmedia":[{"embeddable":true,"href":"https:\/\/head-beauty.com\/es\/wp-json\/wp\/v2\/media\/20922"}],"wp:attachment":[{"href":"https:\/\/head-beauty.com\/es\/wp-json\/wp\/v2\/media?parent=27229"}],"wp:term":[{"taxonomy":"product_brand","embeddable":true,"href":"https:\/\/head-beauty.com\/es\/wp-json\/wp\/v2\/product_brand?post=27229"},{"taxonomy":"product_cat","embeddable":true,"href":"https:\/\/head-beauty.com\/es\/wp-json\/wp\/v2\/product_cat?post=27229"},{"taxonomy":"product_tag","embeddable":true,"href":"https:\/\/head-beauty.com\/es\/wp-json\/wp\/v2\/product_tag?post=27229"}],"curies":[{"name":"wp","href":"https:\/\/api.w.org\/{rel}","templated":true}]}}