{"id":28255,"date":"2024-12-02T15:09:24","date_gmt":"2024-12-02T12:09:24","guid":{"rendered":"https:\/\/head-beauty.com\/product\/px-05-empujador-de-cuticulas-profesional-x-line-piezas-de-trabajo-espatula-estrecha-hacha\/"},"modified":"2024-12-02T15:09:24","modified_gmt":"2024-12-02T12:09:24","slug":"px-05-empujador-de-cuticulas-profesional-x-line-piezas-de-trabajo-espatula-estrecha-hacha","status":"publish","type":"product","link":"https:\/\/head-beauty.com\/es\/producto\/px-05-empujador-de-cuticulas-profesional-x-line-piezas-de-trabajo-espatula-estrecha-hacha\/","title":{"rendered":"PX-05 Empujador de cut\u00edculas profesional X-line, Piezas de trabajo: esp\u00e1tula estrecha &#8211; hacha"},"content":{"rendered":"<p>Mangos c\u00f3modos con muescas para evitar que la herramienta se deslice en las manos del maestro, pulido brillante de la pieza de trabajo, piezas de trabajo para un trabajo exacto y preciso en lugares y esquinas de dif\u00edcil acceso, adecuado para diferentes t\u00e9cnicas de manicura y pedicura, alta resistencia a la corrosi\u00f3n, adecuado para principiantes y profesionales<\/p>\n","protected":false},"excerpt":{"rendered":"<p>Mangos c\u00f3modos con muescas para evitar que la herramienta se deslice en las manos del maestro, pulido brillante de la pieza de trabajo, piezas de trabajo para un trabajo exacto y preciso en lugares y esquinas de dif\u00edcil acceso, adecuado para diferentes t\u00e9cnicas de manicura y pedicura, alta resistencia a la corrosi\u00f3n, adecuado para principiantes y profesionales<\/p>\n","protected":false},"featured_media":19470,"template":"","meta":{"_acf_changed":false},"product_brand":[],"product_cat":[1035],"product_tag":[1037],"class_list":{"0":"post-28255","1":"product","2":"type-product","3":"status-publish","4":"has-post-thumbnail","6":"product_cat-empujadores","7":"product_tag-empujadores-x-line","9":"first","10":"instock","11":"taxable","12":"shipping-taxable","13":"purchasable","14":"product-type-simple"},"acf":[],"yoast_head":"<!-- This site is optimized with the Yoast SEO plugin v24.8.1 - https:\/\/yoast.com\/wordpress\/plugins\/seo\/ -->\n<title>PX-05 Empujador de cut\u00edculas profesional X-line, Piezas de trabajo: esp\u00e1tula estrecha - hacha - Head Beauty<\/title>\n<meta name=\"robots\" content=\"index, follow, max-snippet:-1, max-image-preview:large, max-video-preview:-1\" \/>\n<link rel=\"canonical\" href=\"https:\/\/head-beauty.com\/es\/producto\/px-05-empujador-de-cuticulas-profesional-x-line-piezas-de-trabajo-espatula-estrecha-hacha\/\" \/>\n<meta property=\"og:locale\" content=\"es_ES\" \/>\n<meta property=\"og:type\" content=\"article\" \/>\n<meta property=\"og:title\" content=\"PX-05 Empujador de cut\u00edculas profesional X-line, Piezas de trabajo: esp\u00e1tula estrecha - hacha - Head Beauty\" \/>\n<meta property=\"og:description\" content=\"Mangos c\u00f3modos con muescas para evitar que la herramienta se deslice en las manos del maestro, pulido brillante de la pieza de trabajo, piezas de trabajo para un trabajo exacto y preciso en lugares y esquinas de dif\u00edcil acceso, adecuado para diferentes t\u00e9cnicas de manicura y pedicura, alta resistencia a la corrosi\u00f3n, adecuado para principiantes y profesionales\" \/>\n<meta property=\"og:url\" content=\"https:\/\/head-beauty.com\/es\/producto\/px-05-empujador-de-cuticulas-profesional-x-line-piezas-de-trabajo-espatula-estrecha-hacha\/\" \/>\n<meta property=\"og:site_name\" content=\"Head Beauty\" \/>\n<meta property=\"og:image\" content=\"https:\/\/head-beauty.com\/wp-content\/uploads\/2024\/12\/PX-05.jpg\" \/>\n\t<meta property=\"og:image:width\" content=\"1080\" \/>\n\t<meta property=\"og:image:height\" content=\"1080\" \/>\n\t<meta property=\"og:image:type\" content=\"image\/jpeg\" \/>\n<meta name=\"twitter:card\" content=\"summary_large_image\" \/>\n<script type=\"application\/ld+json\" class=\"yoast-schema-graph\">{\"@context\":\"https:\/\/schema.org\",\"@graph\":[{\"@type\":\"WebPage\",\"@id\":\"https:\/\/head-beauty.com\/es\/producto\/px-05-empujador-de-cuticulas-profesional-x-line-piezas-de-trabajo-espatula-estrecha-hacha\/\",\"url\":\"https:\/\/head-beauty.com\/es\/producto\/px-05-empujador-de-cuticulas-profesional-x-line-piezas-de-trabajo-espatula-estrecha-hacha\/\",\"name\":\"PX-05 Empujador de cut\u00edculas profesional X-line, Piezas de trabajo: esp\u00e1tula estrecha - hacha - Head Beauty\",\"isPartOf\":{\"@id\":\"https:\/\/head-beauty.com\/es\/#website\"},\"primaryImageOfPage\":{\"@id\":\"https:\/\/head-beauty.com\/es\/producto\/px-05-empujador-de-cuticulas-profesional-x-line-piezas-de-trabajo-espatula-estrecha-hacha\/#primaryimage\"},\"image\":{\"@id\":\"https:\/\/head-beauty.com\/es\/producto\/px-05-empujador-de-cuticulas-profesional-x-line-piezas-de-trabajo-espatula-estrecha-hacha\/#primaryimage\"},\"thumbnailUrl\":\"https:\/\/head-beauty.com\/wp-content\/uploads\/2024\/12\/PX-05.jpg\",\"datePublished\":\"2024-12-02T12:09:24+00:00\",\"breadcrumb\":{\"@id\":\"https:\/\/head-beauty.com\/es\/producto\/px-05-empujador-de-cuticulas-profesional-x-line-piezas-de-trabajo-espatula-estrecha-hacha\/#breadcrumb\"},\"inLanguage\":\"es\",\"potentialAction\":[{\"@type\":\"ReadAction\",\"target\":[\"https:\/\/head-beauty.com\/es\/producto\/px-05-empujador-de-cuticulas-profesional-x-line-piezas-de-trabajo-espatula-estrecha-hacha\/\"]}]},{\"@type\":\"ImageObject\",\"inLanguage\":\"es\",\"@id\":\"https:\/\/head-beauty.com\/es\/producto\/px-05-empujador-de-cuticulas-profesional-x-line-piezas-de-trabajo-espatula-estrecha-hacha\/#primaryimage\",\"url\":\"https:\/\/head-beauty.com\/wp-content\/uploads\/2024\/12\/PX-05.jpg\",\"contentUrl\":\"https:\/\/head-beauty.com\/wp-content\/uploads\/2024\/12\/PX-05.jpg\",\"width\":1080,\"height\":1080,\"caption\":\"Mangos c\u00f3modos con muescas para evitar que la herramienta se deslice en las manos del maestro, pulido brillante de la pieza de trabajo, piezas de trabajo para un trabajo exacto y preciso en lugares y esquinas de dif\u00edcil acceso, adecuado para diferentes t\u00e9cnicas de manicura y pedicura, alta resistencia a la corrosi\u00f3n, adecuado para principiantes y profesionales\"},{\"@type\":\"BreadcrumbList\",\"@id\":\"https:\/\/head-beauty.com\/es\/producto\/px-05-empujador-de-cuticulas-profesional-x-line-piezas-de-trabajo-espatula-estrecha-hacha\/#breadcrumb\",\"itemListElement\":[{\"@type\":\"ListItem\",\"position\":1,\"name\":\"Home\",\"item\":\"https:\/\/head-beauty.com\/es\/\"},{\"@type\":\"ListItem\",\"position\":2,\"name\":\"Tienda\",\"item\":\"https:\/\/head-beauty.com\/es\/tienda\/\"},{\"@type\":\"ListItem\",\"position\":3,\"name\":\"PX-05 Empujador de cut\u00edculas profesional X-line, Piezas de trabajo: esp\u00e1tula estrecha &#8211; hacha\"}]},{\"@type\":\"WebSite\",\"@id\":\"https:\/\/head-beauty.com\/es\/#website\",\"url\":\"https:\/\/head-beauty.com\/es\/\",\"name\":\"Head - The Beauty Tools\",\"description\":\"\",\"publisher\":{\"@id\":\"https:\/\/head-beauty.com\/es\/#organization\"},\"potentialAction\":[{\"@type\":\"SearchAction\",\"target\":{\"@type\":\"EntryPoint\",\"urlTemplate\":\"https:\/\/head-beauty.com\/es\/?s={search_term_string}\"},\"query-input\":{\"@type\":\"PropertyValueSpecification\",\"valueRequired\":true,\"valueName\":\"search_term_string\"}}],\"inLanguage\":\"es\"},{\"@type\":\"Organization\",\"@id\":\"https:\/\/head-beauty.com\/es\/#organization\",\"name\":\"Head - The Beauty Tools\",\"url\":\"https:\/\/head-beauty.com\/es\/\",\"logo\":{\"@type\":\"ImageObject\",\"inLanguage\":\"es\",\"@id\":\"https:\/\/head-beauty.com\/es\/#\/schema\/logo\/image\/\",\"url\":\"https:\/\/head-beauty.com\/wp-content\/uploads\/2024\/10\/head-beauty-logo.svg\",\"contentUrl\":\"https:\/\/head-beauty.com\/wp-content\/uploads\/2024\/10\/head-beauty-logo.svg\",\"width\":411.20999999999997953636921010911464691162109375,\"height\":200,\"caption\":\"Head - The Beauty Tools\"},\"image\":{\"@id\":\"https:\/\/head-beauty.com\/es\/#\/schema\/logo\/image\/\"}}]}<\/script>\n<!-- \/ Yoast SEO plugin. -->","yoast_head_json":{"title":"PX-05 Empujador de cut\u00edculas profesional X-line, Piezas de trabajo: esp\u00e1tula estrecha - hacha - Head Beauty","robots":{"index":"index","follow":"follow","max-snippet":"max-snippet:-1","max-image-preview":"max-image-preview:large","max-video-preview":"max-video-preview:-1"},"canonical":"https:\/\/head-beauty.com\/es\/producto\/px-05-empujador-de-cuticulas-profesional-x-line-piezas-de-trabajo-espatula-estrecha-hacha\/","og_locale":"es_ES","og_type":"article","og_title":"PX-05 Empujador de cut\u00edculas profesional X-line, Piezas de trabajo: esp\u00e1tula estrecha - hacha - Head Beauty","og_description":"Mangos c\u00f3modos con muescas para evitar que la herramienta se deslice en las manos del maestro, pulido brillante de la pieza de trabajo, piezas de trabajo para un trabajo exacto y preciso en lugares y esquinas de dif\u00edcil acceso, adecuado para diferentes t\u00e9cnicas de manicura y pedicura, alta resistencia a la corrosi\u00f3n, adecuado para principiantes y profesionales","og_url":"https:\/\/head-beauty.com\/es\/producto\/px-05-empujador-de-cuticulas-profesional-x-line-piezas-de-trabajo-espatula-estrecha-hacha\/","og_site_name":"Head Beauty","og_image":[{"width":1080,"height":1080,"url":"https:\/\/head-beauty.com\/wp-content\/uploads\/2024\/12\/PX-05.jpg","type":"image\/jpeg"}],"twitter_card":"summary_large_image","schema":{"@context":"https:\/\/schema.org","@graph":[{"@type":"WebPage","@id":"https:\/\/head-beauty.com\/es\/producto\/px-05-empujador-de-cuticulas-profesional-x-line-piezas-de-trabajo-espatula-estrecha-hacha\/","url":"https:\/\/head-beauty.com\/es\/producto\/px-05-empujador-de-cuticulas-profesional-x-line-piezas-de-trabajo-espatula-estrecha-hacha\/","name":"PX-05 Empujador de cut\u00edculas profesional X-line, Piezas de trabajo: esp\u00e1tula estrecha - hacha - Head Beauty","isPartOf":{"@id":"https:\/\/head-beauty.com\/es\/#website"},"primaryImageOfPage":{"@id":"https:\/\/head-beauty.com\/es\/producto\/px-05-empujador-de-cuticulas-profesional-x-line-piezas-de-trabajo-espatula-estrecha-hacha\/#primaryimage"},"image":{"@id":"https:\/\/head-beauty.com\/es\/producto\/px-05-empujador-de-cuticulas-profesional-x-line-piezas-de-trabajo-espatula-estrecha-hacha\/#primaryimage"},"thumbnailUrl":"https:\/\/head-beauty.com\/wp-content\/uploads\/2024\/12\/PX-05.jpg","datePublished":"2024-12-02T12:09:24+00:00","breadcrumb":{"@id":"https:\/\/head-beauty.com\/es\/producto\/px-05-empujador-de-cuticulas-profesional-x-line-piezas-de-trabajo-espatula-estrecha-hacha\/#breadcrumb"},"inLanguage":"es","potentialAction":[{"@type":"ReadAction","target":["https:\/\/head-beauty.com\/es\/producto\/px-05-empujador-de-cuticulas-profesional-x-line-piezas-de-trabajo-espatula-estrecha-hacha\/"]}]},{"@type":"ImageObject","inLanguage":"es","@id":"https:\/\/head-beauty.com\/es\/producto\/px-05-empujador-de-cuticulas-profesional-x-line-piezas-de-trabajo-espatula-estrecha-hacha\/#primaryimage","url":"https:\/\/head-beauty.com\/wp-content\/uploads\/2024\/12\/PX-05.jpg","contentUrl":"https:\/\/head-beauty.com\/wp-content\/uploads\/2024\/12\/PX-05.jpg","width":1080,"height":1080,"caption":"Mangos c\u00f3modos con muescas para evitar que la herramienta se deslice en las manos del maestro, pulido brillante de la pieza de trabajo, piezas de trabajo para un trabajo exacto y preciso en lugares y esquinas de dif\u00edcil acceso, adecuado para diferentes t\u00e9cnicas de manicura y pedicura, alta resistencia a la corrosi\u00f3n, adecuado para principiantes y profesionales"},{"@type":"BreadcrumbList","@id":"https:\/\/head-beauty.com\/es\/producto\/px-05-empujador-de-cuticulas-profesional-x-line-piezas-de-trabajo-espatula-estrecha-hacha\/#breadcrumb","itemListElement":[{"@type":"ListItem","position":1,"name":"Home","item":"https:\/\/head-beauty.com\/es\/"},{"@type":"ListItem","position":2,"name":"Tienda","item":"https:\/\/head-beauty.com\/es\/tienda\/"},{"@type":"ListItem","position":3,"name":"PX-05 Empujador de cut\u00edculas profesional X-line, Piezas de trabajo: esp\u00e1tula estrecha &#8211; hacha"}]},{"@type":"WebSite","@id":"https:\/\/head-beauty.com\/es\/#website","url":"https:\/\/head-beauty.com\/es\/","name":"Head - The Beauty Tools","description":"","publisher":{"@id":"https:\/\/head-beauty.com\/es\/#organization"},"potentialAction":[{"@type":"SearchAction","target":{"@type":"EntryPoint","urlTemplate":"https:\/\/head-beauty.com\/es\/?s={search_term_string}"},"query-input":{"@type":"PropertyValueSpecification","valueRequired":true,"valueName":"search_term_string"}}],"inLanguage":"es"},{"@type":"Organization","@id":"https:\/\/head-beauty.com\/es\/#organization","name":"Head - The Beauty Tools","url":"https:\/\/head-beauty.com\/es\/","logo":{"@type":"ImageObject","inLanguage":"es","@id":"https:\/\/head-beauty.com\/es\/#\/schema\/logo\/image\/","url":"https:\/\/head-beauty.com\/wp-content\/uploads\/2024\/10\/head-beauty-logo.svg","contentUrl":"https:\/\/head-beauty.com\/wp-content\/uploads\/2024\/10\/head-beauty-logo.svg","width":411.20999999999997953636921010911464691162109375,"height":200,"caption":"Head - The Beauty Tools"},"image":{"@id":"https:\/\/head-beauty.com\/es\/#\/schema\/logo\/image\/"}}]}},"_links":{"self":[{"href":"https:\/\/head-beauty.com\/es\/wp-json\/wp\/v2\/product\/28255","targetHints":{"allow":["GET"]}}],"collection":[{"href":"https:\/\/head-beauty.com\/es\/wp-json\/wp\/v2\/product"}],"about":[{"href":"https:\/\/head-beauty.com\/es\/wp-json\/wp\/v2\/types\/product"}],"wp:featuredmedia":[{"embeddable":true,"href":"https:\/\/head-beauty.com\/es\/wp-json\/wp\/v2\/media\/19470"}],"wp:attachment":[{"href":"https:\/\/head-beauty.com\/es\/wp-json\/wp\/v2\/media?parent=28255"}],"wp:term":[{"taxonomy":"product_brand","embeddable":true,"href":"https:\/\/head-beauty.com\/es\/wp-json\/wp\/v2\/product_brand?post=28255"},{"taxonomy":"product_cat","embeddable":true,"href":"https:\/\/head-beauty.com\/es\/wp-json\/wp\/v2\/product_cat?post=28255"},{"taxonomy":"product_tag","embeddable":true,"href":"https:\/\/head-beauty.com\/es\/wp-json\/wp\/v2\/product_tag?post=28255"}],"curies":[{"name":"wp","href":"https:\/\/api.w.org\/{rel}","templated":true}]}}