{"id":29035,"date":"2023-10-06T04:13:39","date_gmt":"2023-10-06T01:13:39","guid":{"rendered":"https:\/\/head-beauty.com\/vota-meiega-uhendust\/"},"modified":"2025-04-10T17:49:36","modified_gmt":"2025-04-10T14:49:36","slug":"vota-meiega-uhendust","status":"publish","type":"page","link":"https:\/\/head-beauty.com\/et\/vota-meiega-uhendust\/","title":{"rendered":"V\u00f5ta meiega \u00fchendust"},"content":{"rendered":"\t\t<div data-elementor-type=\"wp-page\" data-elementor-id=\"29035\" class=\"elementor elementor-29035 elementor-7017\">\n\t\t\t\t<div class=\"elementor-element elementor-element-e3a3cbf e-flex e-con-boxed kitify-col-width-auto-no ignore-docs-style-no kitify-disable-relative-no e-root-container elementor-top-section e-con e-parent\" data-id=\"e3a3cbf\" data-element_type=\"container\">\n\t\t\t\t\t<div class=\"e-con-inner\">\n\t\t\t\t<div class=\"elementor-element elementor-element-ea6bbc9 elementor-invisible kitify-has-entrance-animation elementor-widget elementor-widget-heading\" data-id=\"ea6bbc9\" data-element_type=\"widget\" data-settings=\"{&quot;_animation&quot;:&quot;kitifyShortFadeInUp&quot;}\" data-widget_type=\"heading.default\">\n\t\t\t\t\t<h2 class=\"elementor-heading-title elementor-size-default\">Oleme teie jaoks olemas<\/h2>\t\t\t\t<\/div>\n\t\t\t\t<div class=\"elementor-element elementor-element-28ccf8e elementor-invisible kitify-has-entrance-animation elementor-widget elementor-widget-heading\" data-id=\"28ccf8e\" data-element_type=\"widget\" data-settings=\"{&quot;_animation&quot;:&quot;kitifyShortFadeInUp&quot;,&quot;_animation_delay&quot;:400}\" data-widget_type=\"heading.default\">\n\t\t\t\t\t<span class=\"elementor-heading-title elementor-size-default\">Meie s\u00f5bralik meeskond on alati siin, et vestelda.<\/span>\t\t\t\t<\/div>\n\t\t\t\t\t<\/div>\n\t\t\t\t<\/div>\n\t\t<div class=\"elementor-element elementor-element-1967021 e-flex e-con-boxed kitify-col-width-auto-no ignore-docs-style-no kitify-disable-relative-no e-root-container elementor-top-section e-con e-parent\" data-id=\"1967021\" data-element_type=\"container\">\n\t\t\t\t\t<div class=\"e-con-inner\">\n\t\t<div class=\"elementor-element elementor-element-632855a e-con-full e-flex kitify-col-width-auto-no ignore-docs-style-no kitify-disable-relative-no elementor-invisible kitify-has-entrance-animation e-con e-child\" data-id=\"632855a\" data-element_type=\"container\" data-settings=\"{&quot;background_background&quot;:&quot;classic&quot;,&quot;animation&quot;:&quot;kitifyShortFadeInUp&quot;}\">\n\t\t\t\t<div class=\"elementor-element elementor-element-a0f0b14 elementor-widget kitify elementor-kitify-contactform7\" data-id=\"a0f0b14\" data-element_type=\"widget\" data-widget_type=\"kitify-contactform7.default\">\n\t\t\t\t<div class=\"elementor-widget-container\">\n\t\t\t\t\t\n<div class=\"wpcf7 no-js\" id=\"wpcf7-f25996-o1\" lang=\"et\" dir=\"ltr\" data-wpcf7-id=\"25996\">\n<div class=\"screen-reader-response\"><p role=\"status\" aria-live=\"polite\" aria-atomic=\"true\"><\/p> <ul><\/ul><\/div>\n<form action=\"\/et\/wp-json\/wp\/v2\/pages\/29035#wpcf7-f25996-o1\" method=\"post\" class=\"wpcf7-form init\" aria-label=\"Contact form\" novalidate=\"novalidate\" data-status=\"init\">\n<div style=\"display: none;\">\n<input type=\"hidden\" name=\"_wpcf7\" value=\"25996\" \/>\n<input type=\"hidden\" name=\"_wpcf7_version\" value=\"6.0.5\" \/>\n<input type=\"hidden\" name=\"_wpcf7_locale\" value=\"et\" \/>\n<input type=\"hidden\" name=\"_wpcf7_unit_tag\" value=\"wpcf7-f25996-o1\" \/>\n<input type=\"hidden\" name=\"_wpcf7_container_post\" value=\"0\" \/>\n<input type=\"hidden\" name=\"_wpcf7_posted_data_hash\" value=\"\" \/>\n<\/div>\n<p><span id=\"wpcf7-69efbd849801e-wrapper\" class=\"wpcf7-form-control-wrap honeypot-231-wrap\" style=\"display:none !important; visibility:hidden !important;\"><label for=\"wpcf7-69efbd849801e-field\" class=\"hp-message\">Please leave this field empty.<\/label><input id=\"wpcf7-69efbd849801e-field\"  class=\"wpcf7-form-control wpcf7-text\" type=\"text\" name=\"honeypot-231\" value=\"\" size=\"40\" tabindex=\"-1\" autocomplete=\"new-password\" \/><\/span>\n<\/p>\n<p><label> Teie nimi<br \/>\n<span class=\"wpcf7-form-control-wrap\" data-name=\"your-name\"><input size=\"40\" maxlength=\"400\" class=\"wpcf7-form-control wpcf7-text wpcf7-validates-as-required\" autocomplete=\"name\" aria-required=\"true\" aria-invalid=\"false\" value=\"\" type=\"text\" name=\"your-name\" \/><\/span> <\/label><br \/>\n<label> Teie e-post<br \/>\n<span class=\"wpcf7-form-control-wrap\" data-name=\"your-email\"><input size=\"40\" maxlength=\"400\" class=\"wpcf7-form-control wpcf7-email wpcf7-validates-as-required wpcf7-text wpcf7-validates-as-email\" autocomplete=\"email\" aria-required=\"true\" aria-invalid=\"false\" value=\"\" type=\"email\" name=\"your-email\" \/><\/span> <\/label><br \/>\n<label> Teie s\u00f5num<br \/>\n<span class=\"wpcf7-form-control-wrap\" data-name=\"your-message\"><textarea cols=\"40\" rows=\"10\" maxlength=\"2000\" class=\"wpcf7-form-control wpcf7-textarea\" aria-invalid=\"false\" name=\"your-message\"><\/textarea><\/span> <\/label><br \/>\n<div class=\"wpcf7-form-control-wrap cf7-captcha-wrap\" style=\"margin: 15px 0;\"><label style=\"display:block;margin-bottom:5px;font-weight:600;\">Turvakontroll: lahenda v\u00f5rrand <span style=\"color:red;\">*<\/span><\/label><img src=\"https:\/\/head-beauty.com\/et\/?cf7_xmath=85f9477b-37fb-4d88-86da-50dc393be68e\" alt=\"Matemaatika CAPTCHA\" style=\"display:block;margin:10px 0;max-height:70px;border:1px solid #ddd;padding:5px;background:#fff;border-radius:4px;\"><input type=\"hidden\" name=\"cf7_xmath_token\" value=\"85f9477b-37fb-4d88-86da-50dc393be68e\"><input type=\"text\" name=\"website_url_b2b\" value=\"\" style=\"position:absolute;left:-9999px;opacity:0;height:0;width:0;\" tabindex=\"-1\" autocomplete=\"new-password\" aria-hidden=\"true\"><input type=\"hidden\" name=\"cf7_xmath_time\" value=\"1777319300\"><input type=\"text\" name=\"cf7_xmath_answer\" class=\"wpcf7-form-control wpcf7-text\" autocomplete=\"off\" placeholder=\"Sisesta vastus\" required style=\"max-width:200px;padding:8px;border:1px solid #ddd;border-radius:4px;\" \/><\/div><br \/>\n<input class=\"wpcf7-form-control wpcf7-submit has-spinner\" type=\"submit\" value=\"Saada\" \/>\n<\/p><div class=\"wpcf7-response-output\" aria-hidden=\"true\"><\/div>\n<\/form>\n<\/div>\n\t\t\t\t<\/div>\n\t\t\t\t<\/div>\n\t\t\t\t<\/div>\n\t\t<div class=\"elementor-element elementor-element-61b9923 e-con-full e-flex kitify-col-width-auto-no ignore-docs-style-no kitify-disable-relative-no e-con e-child\" data-id=\"61b9923\" data-element_type=\"container\">\n\t\t\t\t<div class=\"elementor-element elementor-element-a338c94 elementor-invisible kitify-has-entrance-animation elementor-widget elementor-widget-heading\" data-id=\"a338c94\" data-element_type=\"widget\" data-settings=\"{&quot;_animation&quot;:&quot;kitifyShortFadeInUp&quot;,&quot;_animation_delay&quot;:400}\" data-widget_type=\"heading.default\">\n\t\t\t\t\t<h2 class=\"elementor-heading-title elementor-size-default\">Poe asukoht<\/h2>\t\t\t\t<\/div>\n\t\t<div class=\"elementor-element elementor-element-536f1d7 e-con-full e-flex kitify-col-width-auto-no ignore-docs-style-no kitify-disable-relative-no elementor-invisible kitify-has-entrance-animation e-con e-child\" data-id=\"536f1d7\" data-element_type=\"container\" data-settings=\"{&quot;animation&quot;:&quot;kitifyShortFadeInUp&quot;,&quot;animation_delay&quot;:700}\">\n\t\t<div class=\"elementor-element elementor-element-d265cc8 e-con-full e-flex kitify-col-width-auto-no ignore-docs-style-no kitify-disable-relative-no e-con e-child\" data-id=\"d265cc8\" data-element_type=\"container\">\n\t\t\t\t<div class=\"elementor-element elementor-element-00af1b0 elementor-widget elementor-widget-heading\" data-id=\"00af1b0\" data-element_type=\"widget\" data-widget_type=\"heading.default\">\n\t\t\t\t\t<h4 class=\"elementor-heading-title elementor-size-default\">\u201cHEAD the beauty tools\u201d TM<\/h4>\t\t\t\t<\/div>\n\t\t\t\t<div class=\"elementor-element elementor-element-d605a80 elementor-widget elementor-widget-text-editor\" data-id=\"d605a80\" data-element_type=\"widget\" data-widget_type=\"text-editor.default\">\n\t\t\t\t\t\t\t\t\tKalvarij\u0173 g. 125-417, Vilnius, 08206 Vilniaus m. sav., Leedu<br>+37 064 119 349<br>sales@head-beauty.com\t\t\t\t\t\t\t\t<\/div>\n\t\t\t\t<\/div>\n\t\t\t\t<\/div>\n\t\t\t\t<\/div>\n\t\t\t\t\t<\/div>\n\t\t\t\t<\/div>\n\t\t\t\t<\/div>\n\t\t","protected":false},"excerpt":{"rendered":"<p>Oleme teie jaoks olemas Meie s\u00f5bralik meeskond on alati siin, et vestelda. Tam ad\u0131n\u0131z E-postan\u0131z \u00dclke Telefon numaran\u0131z \u015eirket ad\u0131 \u015eirket kay\u0131t numaras\u0131 Mesaj\u0131n\u0131z Poe asukoht \u201cHEAD the beauty tools\u201d TM Kalvarij\u0173 g. 125-417, Vilnius, 08206 Vilniaus m. sav., Leedu+37 064 119 349sales@head-beauty.com<\/p>\n","protected":false},"author":1,"featured_media":0,"parent":0,"menu_order":0,"comment_status":"closed","ping_status":"closed","template":"","meta":{"_acf_changed":false,"footnotes":""},"class_list":["post-29035","page","type-page","status-publish","hentry"],"acf":[],"yoast_head":"<!-- This site is optimized with the Yoast SEO plugin v24.8.1 - https:\/\/yoast.com\/wordpress\/plugins\/seo\/ -->\n<title>V\u00f5ta meiega \u00fchendust - Head Beauty<\/title>\n<meta name=\"robots\" content=\"index, follow, max-snippet:-1, max-image-preview:large, max-video-preview:-1\" \/>\n<link rel=\"canonical\" href=\"https:\/\/head-beauty.com\/et\/vota-meiega-uhendust\/\" \/>\n<meta property=\"og:locale\" content=\"et_EE\" \/>\n<meta property=\"og:type\" content=\"article\" \/>\n<meta property=\"og:title\" content=\"V\u00f5ta meiega \u00fchendust - Head Beauty\" \/>\n<meta property=\"og:description\" content=\"Oleme teie jaoks olemas Meie s\u00f5bralik meeskond on alati siin, et vestelda. Tam ad\u0131n\u0131z E-postan\u0131z \u00dclke Telefon numaran\u0131z \u015eirket ad\u0131 \u015eirket kay\u0131t numaras\u0131 Mesaj\u0131n\u0131z Poe asukoht \u201cHEAD the beauty tools\u201d TM Kalvarij\u0173 g. 125-417, Vilnius, 08206 Vilniaus m. sav., Leedu+37 064 119 349sales@head-beauty.com\" \/>\n<meta property=\"og:url\" content=\"https:\/\/head-beauty.com\/et\/vota-meiega-uhendust\/\" \/>\n<meta property=\"og:site_name\" content=\"Head Beauty\" \/>\n<meta property=\"article:modified_time\" content=\"2025-04-10T14:49:36+00:00\" \/>\n<meta property=\"og:image\" content=\"https:\/\/head-beauty.com\/wp-content\/uploads\/2025\/04\/panorama-001-scaled-1.png\" \/>\n\t<meta property=\"og:image:width\" content=\"1240\" \/>\n\t<meta property=\"og:image:height\" content=\"930\" \/>\n\t<meta property=\"og:image:type\" content=\"image\/png\" \/>\n<meta name=\"twitter:card\" content=\"summary_large_image\" \/>\n<meta name=\"twitter:label1\" content=\"Est. reading time\" \/>\n\t<meta name=\"twitter:data1\" content=\"1 minut\" \/>\n<script type=\"application\/ld+json\" class=\"yoast-schema-graph\">{\"@context\":\"https:\/\/schema.org\",\"@graph\":[{\"@type\":\"WebPage\",\"@id\":\"https:\/\/head-beauty.com\/et\/vota-meiega-uhendust\/\",\"url\":\"https:\/\/head-beauty.com\/et\/vota-meiega-uhendust\/\",\"name\":\"V\u00f5ta meiega \u00fchendust - Head Beauty\",\"isPartOf\":{\"@id\":\"https:\/\/head-beauty.com\/et\/#website\"},\"datePublished\":\"2023-10-06T01:13:39+00:00\",\"dateModified\":\"2025-04-10T14:49:36+00:00\",\"breadcrumb\":{\"@id\":\"https:\/\/head-beauty.com\/et\/vota-meiega-uhendust\/#breadcrumb\"},\"inLanguage\":\"et\",\"potentialAction\":[{\"@type\":\"ReadAction\",\"target\":[\"https:\/\/head-beauty.com\/et\/vota-meiega-uhendust\/\"]}]},{\"@type\":\"BreadcrumbList\",\"@id\":\"https:\/\/head-beauty.com\/et\/vota-meiega-uhendust\/#breadcrumb\",\"itemListElement\":[{\"@type\":\"ListItem\",\"position\":1,\"name\":\"Home\",\"item\":\"https:\/\/head-beauty.com\/et\/\"},{\"@type\":\"ListItem\",\"position\":2,\"name\":\"V\u00f5ta meiega \u00fchendust\"}]},{\"@type\":\"WebSite\",\"@id\":\"https:\/\/head-beauty.com\/et\/#website\",\"url\":\"https:\/\/head-beauty.com\/et\/\",\"name\":\"Head - The Beauty Tools\",\"description\":\"\",\"publisher\":{\"@id\":\"https:\/\/head-beauty.com\/et\/#organization\"},\"potentialAction\":[{\"@type\":\"SearchAction\",\"target\":{\"@type\":\"EntryPoint\",\"urlTemplate\":\"https:\/\/head-beauty.com\/et\/?s={search_term_string}\"},\"query-input\":{\"@type\":\"PropertyValueSpecification\",\"valueRequired\":true,\"valueName\":\"search_term_string\"}}],\"inLanguage\":\"et\"},{\"@type\":\"Organization\",\"@id\":\"https:\/\/head-beauty.com\/et\/#organization\",\"name\":\"Head - The Beauty Tools\",\"url\":\"https:\/\/head-beauty.com\/et\/\",\"logo\":{\"@type\":\"ImageObject\",\"inLanguage\":\"et\",\"@id\":\"https:\/\/head-beauty.com\/et\/#\/schema\/logo\/image\/\",\"url\":\"https:\/\/head-beauty.com\/wp-content\/uploads\/2024\/10\/head-beauty-logo.svg\",\"contentUrl\":\"https:\/\/head-beauty.com\/wp-content\/uploads\/2024\/10\/head-beauty-logo.svg\",\"width\":411.20999999999997953636921010911464691162109375,\"height\":200,\"caption\":\"Head - The Beauty Tools\"},\"image\":{\"@id\":\"https:\/\/head-beauty.com\/et\/#\/schema\/logo\/image\/\"}}]}<\/script>\n<!-- \/ Yoast SEO plugin. -->","yoast_head_json":{"title":"V\u00f5ta meiega \u00fchendust - Head Beauty","robots":{"index":"index","follow":"follow","max-snippet":"max-snippet:-1","max-image-preview":"max-image-preview:large","max-video-preview":"max-video-preview:-1"},"canonical":"https:\/\/head-beauty.com\/et\/vota-meiega-uhendust\/","og_locale":"et_EE","og_type":"article","og_title":"V\u00f5ta meiega \u00fchendust - Head Beauty","og_description":"Oleme teie jaoks olemas Meie s\u00f5bralik meeskond on alati siin, et vestelda. Tam ad\u0131n\u0131z E-postan\u0131z \u00dclke Telefon numaran\u0131z \u015eirket ad\u0131 \u015eirket kay\u0131t numaras\u0131 Mesaj\u0131n\u0131z Poe asukoht \u201cHEAD the beauty tools\u201d TM Kalvarij\u0173 g. 125-417, Vilnius, 08206 Vilniaus m. sav., Leedu+37 064 119 349sales@head-beauty.com","og_url":"https:\/\/head-beauty.com\/et\/vota-meiega-uhendust\/","og_site_name":"Head Beauty","article_modified_time":"2025-04-10T14:49:36+00:00","og_image":[{"width":1240,"height":930,"url":"https:\/\/head-beauty.com\/wp-content\/uploads\/2025\/04\/panorama-001-scaled-1.png","type":"image\/png"}],"twitter_card":"summary_large_image","twitter_misc":{"Est. reading time":"1 minut"},"schema":{"@context":"https:\/\/schema.org","@graph":[{"@type":"WebPage","@id":"https:\/\/head-beauty.com\/et\/vota-meiega-uhendust\/","url":"https:\/\/head-beauty.com\/et\/vota-meiega-uhendust\/","name":"V\u00f5ta meiega \u00fchendust - Head Beauty","isPartOf":{"@id":"https:\/\/head-beauty.com\/et\/#website"},"datePublished":"2023-10-06T01:13:39+00:00","dateModified":"2025-04-10T14:49:36+00:00","breadcrumb":{"@id":"https:\/\/head-beauty.com\/et\/vota-meiega-uhendust\/#breadcrumb"},"inLanguage":"et","potentialAction":[{"@type":"ReadAction","target":["https:\/\/head-beauty.com\/et\/vota-meiega-uhendust\/"]}]},{"@type":"BreadcrumbList","@id":"https:\/\/head-beauty.com\/et\/vota-meiega-uhendust\/#breadcrumb","itemListElement":[{"@type":"ListItem","position":1,"name":"Home","item":"https:\/\/head-beauty.com\/et\/"},{"@type":"ListItem","position":2,"name":"V\u00f5ta meiega \u00fchendust"}]},{"@type":"WebSite","@id":"https:\/\/head-beauty.com\/et\/#website","url":"https:\/\/head-beauty.com\/et\/","name":"Head - The Beauty Tools","description":"","publisher":{"@id":"https:\/\/head-beauty.com\/et\/#organization"},"potentialAction":[{"@type":"SearchAction","target":{"@type":"EntryPoint","urlTemplate":"https:\/\/head-beauty.com\/et\/?s={search_term_string}"},"query-input":{"@type":"PropertyValueSpecification","valueRequired":true,"valueName":"search_term_string"}}],"inLanguage":"et"},{"@type":"Organization","@id":"https:\/\/head-beauty.com\/et\/#organization","name":"Head - The Beauty Tools","url":"https:\/\/head-beauty.com\/et\/","logo":{"@type":"ImageObject","inLanguage":"et","@id":"https:\/\/head-beauty.com\/et\/#\/schema\/logo\/image\/","url":"https:\/\/head-beauty.com\/wp-content\/uploads\/2024\/10\/head-beauty-logo.svg","contentUrl":"https:\/\/head-beauty.com\/wp-content\/uploads\/2024\/10\/head-beauty-logo.svg","width":411.20999999999997953636921010911464691162109375,"height":200,"caption":"Head - The Beauty Tools"},"image":{"@id":"https:\/\/head-beauty.com\/et\/#\/schema\/logo\/image\/"}}]}},"_links":{"self":[{"href":"https:\/\/head-beauty.com\/et\/wp-json\/wp\/v2\/pages\/29035","targetHints":{"allow":["GET"]}}],"collection":[{"href":"https:\/\/head-beauty.com\/et\/wp-json\/wp\/v2\/pages"}],"about":[{"href":"https:\/\/head-beauty.com\/et\/wp-json\/wp\/v2\/types\/page"}],"author":[{"embeddable":true,"href":"https:\/\/head-beauty.com\/et\/wp-json\/wp\/v2\/users\/1"}],"replies":[{"embeddable":true,"href":"https:\/\/head-beauty.com\/et\/wp-json\/wp\/v2\/comments?post=29035"}],"version-history":[{"count":9,"href":"https:\/\/head-beauty.com\/et\/wp-json\/wp\/v2\/pages\/29035\/revisions"}],"predecessor-version":[{"id":30166,"href":"https:\/\/head-beauty.com\/et\/wp-json\/wp\/v2\/pages\/29035\/revisions\/30166"}],"wp:attachment":[{"href":"https:\/\/head-beauty.com\/et\/wp-json\/wp\/v2\/media?parent=29035"}],"curies":[{"name":"wp","href":"https:\/\/api.w.org\/{rel}","templated":true}]}}