{"id":27102,"date":"2024-12-02T16:05:42","date_gmt":"2024-12-02T13:05:42","guid":{"rendered":"https:\/\/head-beauty.com\/product\/nx-2-9-professionaalsed-kuunenaha-tangid-x-line-2-l-105mm-terad-9-mm-madal-heel\/"},"modified":"2025-10-12T14:42:41","modified_gmt":"2025-10-12T11:42:41","slug":"nx-2-9-professionaalsed-kuunenaha-tangid-x-line-2-l-105mm-terad-9-mm-madal-heel","status":"publish","type":"product","link":"https:\/\/head-beauty.com\/et\/toode\/nx-2-9-professionaalsed-kuunenaha-tangid-x-line-2-l-105mm-terad-9-mm-madal-heel\/","title":{"rendered":"NX-2-9 Professionaalsed k\u00fc\u00fcnenaha tangid X-line 2, L-105mm, terad 9 mm, madal &#8220;Heel&#8221;"},"content":{"rendered":"<p>Optimaalne v\u00e4ikese peopesa jaoks, lihtne liigutada ja kasutada, matt v\u00e4lispind, sisemised l\u00e4ikivad poleeritud k\u00e4epidemed, k\u00e4epidemete pehme ja sujuv sulgumine, sobib professionaalidele, k\u00f5rge ergonoomika<\/p>\n","protected":false},"excerpt":{"rendered":"<p>Optimaalne v\u00e4ikese peopesa jaoks, lihtne liigutada ja kasutada, matt v\u00e4lispind, sisemised l\u00e4ikivad poleeritud k\u00e4epidemed, k\u00e4epidemete pehme ja sujuv sulgumine, sobib professionaalidele, k\u00f5rge ergonoomika<\/p>\n","protected":false},"featured_media":20870,"template":"","meta":{"_acf_changed":false},"product_brand":[],"product_cat":[343],"product_tag":[811],"class_list":{"0":"post-27102","1":"product","2":"type-product","3":"status-publish","4":"has-post-thumbnail","6":"product_cat-kuunenahakaarid","7":"product_tag-taiustatud-tangid-x-seeria","9":"first","10":"instock","11":"taxable","12":"shipping-taxable","13":"purchasable","14":"product-type-simple"},"acf":[],"yoast_head":"<!-- This site is optimized with the Yoast SEO plugin v24.8.1 - https:\/\/yoast.com\/wordpress\/plugins\/seo\/ -->\n<title>NX-2-9 Professionaalsed k\u00fc\u00fcnenaha tangid X-line 2, L-105mm, terad 9 mm, madal &quot;Heel&quot; - Head Beauty<\/title>\n<meta name=\"robots\" content=\"index, follow, max-snippet:-1, max-image-preview:large, max-video-preview:-1\" \/>\n<link rel=\"canonical\" href=\"https:\/\/head-beauty.com\/et\/toode\/nx-2-9-professionaalsed-kuunenaha-tangid-x-line-2-l-105mm-terad-9-mm-madal-heel\/\" \/>\n<meta property=\"og:locale\" content=\"et_EE\" \/>\n<meta property=\"og:type\" content=\"article\" \/>\n<meta property=\"og:title\" content=\"NX-2-9 Professionaalsed k\u00fc\u00fcnenaha tangid X-line 2, L-105mm, terad 9 mm, madal &quot;Heel&quot; - Head Beauty\" \/>\n<meta property=\"og:description\" content=\"Optimaalne v\u00e4ikese peopesa jaoks, lihtne liigutada ja kasutada, matt v\u00e4lispind, sisemised l\u00e4ikivad poleeritud k\u00e4epidemed, k\u00e4epidemete pehme ja sujuv sulgumine, sobib professionaalidele, k\u00f5rge ergonoomika\" \/>\n<meta property=\"og:url\" content=\"https:\/\/head-beauty.com\/et\/toode\/nx-2-9-professionaalsed-kuunenaha-tangid-x-line-2-l-105mm-terad-9-mm-madal-heel\/\" \/>\n<meta property=\"og:site_name\" content=\"Head Beauty\" \/>\n<meta property=\"article:modified_time\" content=\"2025-10-12T11:42:41+00:00\" \/>\n<meta property=\"og:image\" content=\"https:\/\/head-beauty.com\/wp-content\/uploads\/2024\/12\/NX-2-9.png\" \/>\n\t<meta property=\"og:image:width\" content=\"1080\" \/>\n\t<meta property=\"og:image:height\" content=\"1080\" \/>\n\t<meta property=\"og:image:type\" content=\"image\/png\" \/>\n<meta name=\"twitter:card\" content=\"summary_large_image\" \/>\n<script type=\"application\/ld+json\" class=\"yoast-schema-graph\">{\"@context\":\"https:\/\/schema.org\",\"@graph\":[{\"@type\":\"WebPage\",\"@id\":\"https:\/\/head-beauty.com\/et\/toode\/nx-2-9-professionaalsed-kuunenaha-tangid-x-line-2-l-105mm-terad-9-mm-madal-heel\/\",\"url\":\"https:\/\/head-beauty.com\/et\/toode\/nx-2-9-professionaalsed-kuunenaha-tangid-x-line-2-l-105mm-terad-9-mm-madal-heel\/\",\"name\":\"NX-2-9 Professionaalsed k\u00fc\u00fcnenaha tangid X-line 2, L-105mm, terad 9 mm, madal \\\"Heel\\\" - Head Beauty\",\"isPartOf\":{\"@id\":\"https:\/\/head-beauty.com\/et\/#website\"},\"primaryImageOfPage\":{\"@id\":\"https:\/\/head-beauty.com\/et\/toode\/nx-2-9-professionaalsed-kuunenaha-tangid-x-line-2-l-105mm-terad-9-mm-madal-heel\/#primaryimage\"},\"image\":{\"@id\":\"https:\/\/head-beauty.com\/et\/toode\/nx-2-9-professionaalsed-kuunenaha-tangid-x-line-2-l-105mm-terad-9-mm-madal-heel\/#primaryimage\"},\"thumbnailUrl\":\"https:\/\/head-beauty.com\/wp-content\/uploads\/2024\/12\/NX-2-9.png\",\"datePublished\":\"2024-12-02T13:05:42+00:00\",\"dateModified\":\"2025-10-12T11:42:41+00:00\",\"breadcrumb\":{\"@id\":\"https:\/\/head-beauty.com\/et\/toode\/nx-2-9-professionaalsed-kuunenaha-tangid-x-line-2-l-105mm-terad-9-mm-madal-heel\/#breadcrumb\"},\"inLanguage\":\"et\",\"potentialAction\":[{\"@type\":\"ReadAction\",\"target\":[\"https:\/\/head-beauty.com\/et\/toode\/nx-2-9-professionaalsed-kuunenaha-tangid-x-line-2-l-105mm-terad-9-mm-madal-heel\/\"]}]},{\"@type\":\"ImageObject\",\"inLanguage\":\"et\",\"@id\":\"https:\/\/head-beauty.com\/et\/toode\/nx-2-9-professionaalsed-kuunenaha-tangid-x-line-2-l-105mm-terad-9-mm-madal-heel\/#primaryimage\",\"url\":\"https:\/\/head-beauty.com\/wp-content\/uploads\/2024\/12\/NX-2-9.png\",\"contentUrl\":\"https:\/\/head-beauty.com\/wp-content\/uploads\/2024\/12\/NX-2-9.png\",\"width\":1080,\"height\":1080,\"caption\":\"Optimaalne v\u00e4ikese peopesa jaoks, lihtne liigutada ja kasutada, matt v\u00e4lispind, sisemised l\u00e4ikivad poleeritud k\u00e4epidemed, k\u00e4epidemete pehme ja sujuv sulgumine, sobib professionaalidele, k\u00f5rge ergonoomika\"},{\"@type\":\"BreadcrumbList\",\"@id\":\"https:\/\/head-beauty.com\/et\/toode\/nx-2-9-professionaalsed-kuunenaha-tangid-x-line-2-l-105mm-terad-9-mm-madal-heel\/#breadcrumb\",\"itemListElement\":[{\"@type\":\"ListItem\",\"position\":1,\"name\":\"Home\",\"item\":\"https:\/\/head-beauty.com\/et\/\"},{\"@type\":\"ListItem\",\"position\":2,\"name\":\"Pood\",\"item\":\"https:\/\/head-beauty.com\/et\/shop\/\"},{\"@type\":\"ListItem\",\"position\":3,\"name\":\"NX-2-9 Professionaalsed k\u00fc\u00fcnenaha tangid X-line 2, L-105mm, terad 9 mm, madal &#8220;Heel&#8221;\"}]},{\"@type\":\"WebSite\",\"@id\":\"https:\/\/head-beauty.com\/et\/#website\",\"url\":\"https:\/\/head-beauty.com\/et\/\",\"name\":\"Head - The Beauty Tools\",\"description\":\"\",\"publisher\":{\"@id\":\"https:\/\/head-beauty.com\/et\/#organization\"},\"potentialAction\":[{\"@type\":\"SearchAction\",\"target\":{\"@type\":\"EntryPoint\",\"urlTemplate\":\"https:\/\/head-beauty.com\/et\/?s={search_term_string}\"},\"query-input\":{\"@type\":\"PropertyValueSpecification\",\"valueRequired\":true,\"valueName\":\"search_term_string\"}}],\"inLanguage\":\"et\"},{\"@type\":\"Organization\",\"@id\":\"https:\/\/head-beauty.com\/et\/#organization\",\"name\":\"Head - The Beauty Tools\",\"url\":\"https:\/\/head-beauty.com\/et\/\",\"logo\":{\"@type\":\"ImageObject\",\"inLanguage\":\"et\",\"@id\":\"https:\/\/head-beauty.com\/et\/#\/schema\/logo\/image\/\",\"url\":\"https:\/\/head-beauty.com\/wp-content\/uploads\/2024\/10\/head-beauty-logo.svg\",\"contentUrl\":\"https:\/\/head-beauty.com\/wp-content\/uploads\/2024\/10\/head-beauty-logo.svg\",\"width\":411.20999999999997953636921010911464691162109375,\"height\":200,\"caption\":\"Head - The Beauty Tools\"},\"image\":{\"@id\":\"https:\/\/head-beauty.com\/et\/#\/schema\/logo\/image\/\"}}]}<\/script>\n<!-- \/ Yoast SEO plugin. -->","yoast_head_json":{"title":"NX-2-9 Professionaalsed k\u00fc\u00fcnenaha tangid X-line 2, L-105mm, terad 9 mm, madal \"Heel\" - Head Beauty","robots":{"index":"index","follow":"follow","max-snippet":"max-snippet:-1","max-image-preview":"max-image-preview:large","max-video-preview":"max-video-preview:-1"},"canonical":"https:\/\/head-beauty.com\/et\/toode\/nx-2-9-professionaalsed-kuunenaha-tangid-x-line-2-l-105mm-terad-9-mm-madal-heel\/","og_locale":"et_EE","og_type":"article","og_title":"NX-2-9 Professionaalsed k\u00fc\u00fcnenaha tangid X-line 2, L-105mm, terad 9 mm, madal \"Heel\" - Head Beauty","og_description":"Optimaalne v\u00e4ikese peopesa jaoks, lihtne liigutada ja kasutada, matt v\u00e4lispind, sisemised l\u00e4ikivad poleeritud k\u00e4epidemed, k\u00e4epidemete pehme ja sujuv sulgumine, sobib professionaalidele, k\u00f5rge ergonoomika","og_url":"https:\/\/head-beauty.com\/et\/toode\/nx-2-9-professionaalsed-kuunenaha-tangid-x-line-2-l-105mm-terad-9-mm-madal-heel\/","og_site_name":"Head Beauty","article_modified_time":"2025-10-12T11:42:41+00:00","og_image":[{"width":1080,"height":1080,"url":"https:\/\/head-beauty.com\/wp-content\/uploads\/2024\/12\/NX-2-9.png","type":"image\/png"}],"twitter_card":"summary_large_image","schema":{"@context":"https:\/\/schema.org","@graph":[{"@type":"WebPage","@id":"https:\/\/head-beauty.com\/et\/toode\/nx-2-9-professionaalsed-kuunenaha-tangid-x-line-2-l-105mm-terad-9-mm-madal-heel\/","url":"https:\/\/head-beauty.com\/et\/toode\/nx-2-9-professionaalsed-kuunenaha-tangid-x-line-2-l-105mm-terad-9-mm-madal-heel\/","name":"NX-2-9 Professionaalsed k\u00fc\u00fcnenaha tangid X-line 2, L-105mm, terad 9 mm, madal \"Heel\" - Head Beauty","isPartOf":{"@id":"https:\/\/head-beauty.com\/et\/#website"},"primaryImageOfPage":{"@id":"https:\/\/head-beauty.com\/et\/toode\/nx-2-9-professionaalsed-kuunenaha-tangid-x-line-2-l-105mm-terad-9-mm-madal-heel\/#primaryimage"},"image":{"@id":"https:\/\/head-beauty.com\/et\/toode\/nx-2-9-professionaalsed-kuunenaha-tangid-x-line-2-l-105mm-terad-9-mm-madal-heel\/#primaryimage"},"thumbnailUrl":"https:\/\/head-beauty.com\/wp-content\/uploads\/2024\/12\/NX-2-9.png","datePublished":"2024-12-02T13:05:42+00:00","dateModified":"2025-10-12T11:42:41+00:00","breadcrumb":{"@id":"https:\/\/head-beauty.com\/et\/toode\/nx-2-9-professionaalsed-kuunenaha-tangid-x-line-2-l-105mm-terad-9-mm-madal-heel\/#breadcrumb"},"inLanguage":"et","potentialAction":[{"@type":"ReadAction","target":["https:\/\/head-beauty.com\/et\/toode\/nx-2-9-professionaalsed-kuunenaha-tangid-x-line-2-l-105mm-terad-9-mm-madal-heel\/"]}]},{"@type":"ImageObject","inLanguage":"et","@id":"https:\/\/head-beauty.com\/et\/toode\/nx-2-9-professionaalsed-kuunenaha-tangid-x-line-2-l-105mm-terad-9-mm-madal-heel\/#primaryimage","url":"https:\/\/head-beauty.com\/wp-content\/uploads\/2024\/12\/NX-2-9.png","contentUrl":"https:\/\/head-beauty.com\/wp-content\/uploads\/2024\/12\/NX-2-9.png","width":1080,"height":1080,"caption":"Optimaalne v\u00e4ikese peopesa jaoks, lihtne liigutada ja kasutada, matt v\u00e4lispind, sisemised l\u00e4ikivad poleeritud k\u00e4epidemed, k\u00e4epidemete pehme ja sujuv sulgumine, sobib professionaalidele, k\u00f5rge ergonoomika"},{"@type":"BreadcrumbList","@id":"https:\/\/head-beauty.com\/et\/toode\/nx-2-9-professionaalsed-kuunenaha-tangid-x-line-2-l-105mm-terad-9-mm-madal-heel\/#breadcrumb","itemListElement":[{"@type":"ListItem","position":1,"name":"Home","item":"https:\/\/head-beauty.com\/et\/"},{"@type":"ListItem","position":2,"name":"Pood","item":"https:\/\/head-beauty.com\/et\/shop\/"},{"@type":"ListItem","position":3,"name":"NX-2-9 Professionaalsed k\u00fc\u00fcnenaha tangid X-line 2, L-105mm, terad 9 mm, madal &#8220;Heel&#8221;"}]},{"@type":"WebSite","@id":"https:\/\/head-beauty.com\/et\/#website","url":"https:\/\/head-beauty.com\/et\/","name":"Head - The Beauty Tools","description":"","publisher":{"@id":"https:\/\/head-beauty.com\/et\/#organization"},"potentialAction":[{"@type":"SearchAction","target":{"@type":"EntryPoint","urlTemplate":"https:\/\/head-beauty.com\/et\/?s={search_term_string}"},"query-input":{"@type":"PropertyValueSpecification","valueRequired":true,"valueName":"search_term_string"}}],"inLanguage":"et"},{"@type":"Organization","@id":"https:\/\/head-beauty.com\/et\/#organization","name":"Head - The Beauty Tools","url":"https:\/\/head-beauty.com\/et\/","logo":{"@type":"ImageObject","inLanguage":"et","@id":"https:\/\/head-beauty.com\/et\/#\/schema\/logo\/image\/","url":"https:\/\/head-beauty.com\/wp-content\/uploads\/2024\/10\/head-beauty-logo.svg","contentUrl":"https:\/\/head-beauty.com\/wp-content\/uploads\/2024\/10\/head-beauty-logo.svg","width":411.20999999999997953636921010911464691162109375,"height":200,"caption":"Head - The Beauty Tools"},"image":{"@id":"https:\/\/head-beauty.com\/et\/#\/schema\/logo\/image\/"}}]}},"_links":{"self":[{"href":"https:\/\/head-beauty.com\/et\/wp-json\/wp\/v2\/product\/27102","targetHints":{"allow":["GET"]}}],"collection":[{"href":"https:\/\/head-beauty.com\/et\/wp-json\/wp\/v2\/product"}],"about":[{"href":"https:\/\/head-beauty.com\/et\/wp-json\/wp\/v2\/types\/product"}],"wp:featuredmedia":[{"embeddable":true,"href":"https:\/\/head-beauty.com\/et\/wp-json\/wp\/v2\/media\/20870"}],"wp:attachment":[{"href":"https:\/\/head-beauty.com\/et\/wp-json\/wp\/v2\/media?parent=27102"}],"wp:term":[{"taxonomy":"product_brand","embeddable":true,"href":"https:\/\/head-beauty.com\/et\/wp-json\/wp\/v2\/product_brand?post=27102"},{"taxonomy":"product_cat","embeddable":true,"href":"https:\/\/head-beauty.com\/et\/wp-json\/wp\/v2\/product_cat?post=27102"},{"taxonomy":"product_tag","embeddable":true,"href":"https:\/\/head-beauty.com\/et\/wp-json\/wp\/v2\/product_tag?post=27102"}],"curies":[{"name":"wp","href":"https:\/\/api.w.org\/{rel}","templated":true}]}}