{"id":28434,"date":"2024-12-02T15:12:16","date_gmt":"2024-12-02T12:12:16","guid":{"rendered":"https:\/\/head-beauty.com\/product\/hbc-198rd-016-volframkarbiidist-puur-umarkoonus-punane-l-80-mm-o16-mm\/"},"modified":"2024-12-02T15:12:16","modified_gmt":"2024-12-02T12:12:16","slug":"hbc-198rd-016-volframkarbiidist-puur-umarkoonus-punane-l-80-mm-o16-mm","status":"publish","type":"product","link":"https:\/\/head-beauty.com\/et\/toode\/hbc-198rd-016-volframkarbiidist-puur-umarkoonus-punane-l-80-mm-o16-mm\/","title":{"rendered":"HBC-198RD.016 Volframkarbiidist puur &#8220;\u00fcmarkoonus&#8221; punane, L-8,0 mm., \u00d81,6 mm"},"content":{"rendered":"<p>Kattepuuduste (geel, geel-puudus) t\u00e4pseks eemaldamiseks raskesti ligip\u00e4\u00e4setavates kohtades, kunstk\u00fc\u00fcnte korrigeerimiseks, kareda naha eemaldamiseks, pehme krutiaadi vintp\u00fcssimiseks, pragude t\u00f6\u00f6tlemiseks<\/p>\n","protected":false},"excerpt":{"rendered":"<p>Kattepuuduste (geel, geel-puudus) t\u00e4pseks eemaldamiseks raskesti ligip\u00e4\u00e4setavates kohtades, kunstk\u00fc\u00fcnte korrigeerimiseks, kareda naha eemaldamiseks, pehme krutiaadi vintp\u00fcssimiseks, pragude t\u00f6\u00f6tlemiseks<\/p>\n","protected":false},"featured_media":19583,"template":"","meta":{"_acf_changed":false},"product_brand":[],"product_cat":[725],"product_tag":[],"class_list":{"0":"post-28434","1":"product","2":"type-product","3":"status-publish","4":"has-post-thumbnail","6":"product_cat-volframkarbiidist-puurid","8":"first","9":"instock","10":"taxable","11":"shipping-taxable","12":"purchasable","13":"product-type-simple"},"acf":[],"yoast_head":"<!-- This site is optimized with the Yoast SEO plugin v24.8.1 - https:\/\/yoast.com\/wordpress\/plugins\/seo\/ -->\n<title>HBC-198RD.016 Volframkarbiidist puur &quot;\u00fcmarkoonus&quot; punane, L-8,0 mm., \u00d81,6 mm - Head Beauty<\/title>\n<meta name=\"robots\" content=\"index, follow, max-snippet:-1, max-image-preview:large, max-video-preview:-1\" \/>\n<link rel=\"canonical\" href=\"https:\/\/head-beauty.com\/et\/toode\/hbc-198rd-016-volframkarbiidist-puur-umarkoonus-punane-l-80-mm-o16-mm\/\" \/>\n<meta property=\"og:locale\" content=\"et_EE\" \/>\n<meta property=\"og:type\" content=\"article\" \/>\n<meta property=\"og:title\" content=\"HBC-198RD.016 Volframkarbiidist puur &quot;\u00fcmarkoonus&quot; punane, L-8,0 mm., \u00d81,6 mm - Head Beauty\" \/>\n<meta property=\"og:description\" content=\"Kattepuuduste (geel, geel-puudus) t\u00e4pseks eemaldamiseks raskesti ligip\u00e4\u00e4setavates kohtades, kunstk\u00fc\u00fcnte korrigeerimiseks, kareda naha eemaldamiseks, pehme krutiaadi vintp\u00fcssimiseks, pragude t\u00f6\u00f6tlemiseks\" \/>\n<meta property=\"og:url\" content=\"https:\/\/head-beauty.com\/et\/toode\/hbc-198rd-016-volframkarbiidist-puur-umarkoonus-punane-l-80-mm-o16-mm\/\" \/>\n<meta property=\"og:site_name\" content=\"Head Beauty\" \/>\n<meta property=\"og:image\" content=\"https:\/\/head-beauty.com\/wp-content\/uploads\/2024\/12\/HBC-198RD.016-scaled.jpg\" \/>\n\t<meta property=\"og:image:width\" content=\"2560\" \/>\n\t<meta property=\"og:image:height\" content=\"2560\" \/>\n\t<meta property=\"og:image:type\" content=\"image\/jpeg\" \/>\n<meta name=\"twitter:card\" content=\"summary_large_image\" \/>\n<script type=\"application\/ld+json\" class=\"yoast-schema-graph\">{\"@context\":\"https:\/\/schema.org\",\"@graph\":[{\"@type\":\"WebPage\",\"@id\":\"https:\/\/head-beauty.com\/et\/toode\/hbc-198rd-016-volframkarbiidist-puur-umarkoonus-punane-l-80-mm-o16-mm\/\",\"url\":\"https:\/\/head-beauty.com\/et\/toode\/hbc-198rd-016-volframkarbiidist-puur-umarkoonus-punane-l-80-mm-o16-mm\/\",\"name\":\"HBC-198RD.016 Volframkarbiidist puur \\\"\u00fcmarkoonus\\\" punane, L-8,0 mm., \u00d81,6 mm - Head Beauty\",\"isPartOf\":{\"@id\":\"https:\/\/head-beauty.com\/et\/#website\"},\"primaryImageOfPage\":{\"@id\":\"https:\/\/head-beauty.com\/et\/toode\/hbc-198rd-016-volframkarbiidist-puur-umarkoonus-punane-l-80-mm-o16-mm\/#primaryimage\"},\"image\":{\"@id\":\"https:\/\/head-beauty.com\/et\/toode\/hbc-198rd-016-volframkarbiidist-puur-umarkoonus-punane-l-80-mm-o16-mm\/#primaryimage\"},\"thumbnailUrl\":\"https:\/\/head-beauty.com\/wp-content\/uploads\/2024\/12\/HBC-198RD.016-scaled.jpg\",\"datePublished\":\"2024-12-02T12:12:16+00:00\",\"breadcrumb\":{\"@id\":\"https:\/\/head-beauty.com\/et\/toode\/hbc-198rd-016-volframkarbiidist-puur-umarkoonus-punane-l-80-mm-o16-mm\/#breadcrumb\"},\"inLanguage\":\"et\",\"potentialAction\":[{\"@type\":\"ReadAction\",\"target\":[\"https:\/\/head-beauty.com\/et\/toode\/hbc-198rd-016-volframkarbiidist-puur-umarkoonus-punane-l-80-mm-o16-mm\/\"]}]},{\"@type\":\"ImageObject\",\"inLanguage\":\"et\",\"@id\":\"https:\/\/head-beauty.com\/et\/toode\/hbc-198rd-016-volframkarbiidist-puur-umarkoonus-punane-l-80-mm-o16-mm\/#primaryimage\",\"url\":\"https:\/\/head-beauty.com\/wp-content\/uploads\/2024\/12\/HBC-198RD.016-scaled.jpg\",\"contentUrl\":\"https:\/\/head-beauty.com\/wp-content\/uploads\/2024\/12\/HBC-198RD.016-scaled.jpg\",\"width\":2560,\"height\":2560,\"caption\":\"Kattepuuduste (geel, geel-puudus) t\u00e4pseks eemaldamiseks raskesti ligip\u00e4\u00e4setavates kohtades, kunstk\u00fc\u00fcnte korrigeerimiseks, kareda naha eemaldamiseks, pehme krutiaadi vintp\u00fcssimiseks, pragude t\u00f6\u00f6tlemiseks\"},{\"@type\":\"BreadcrumbList\",\"@id\":\"https:\/\/head-beauty.com\/et\/toode\/hbc-198rd-016-volframkarbiidist-puur-umarkoonus-punane-l-80-mm-o16-mm\/#breadcrumb\",\"itemListElement\":[{\"@type\":\"ListItem\",\"position\":1,\"name\":\"Home\",\"item\":\"https:\/\/head-beauty.com\/et\/\"},{\"@type\":\"ListItem\",\"position\":2,\"name\":\"Pood\",\"item\":\"https:\/\/head-beauty.com\/et\/shop\/\"},{\"@type\":\"ListItem\",\"position\":3,\"name\":\"HBC-198RD.016 Volframkarbiidist puur &#8220;\u00fcmarkoonus&#8221; punane, L-8,0 mm., \u00d81,6 mm\"}]},{\"@type\":\"WebSite\",\"@id\":\"https:\/\/head-beauty.com\/et\/#website\",\"url\":\"https:\/\/head-beauty.com\/et\/\",\"name\":\"Head - The Beauty Tools\",\"description\":\"\",\"publisher\":{\"@id\":\"https:\/\/head-beauty.com\/et\/#organization\"},\"potentialAction\":[{\"@type\":\"SearchAction\",\"target\":{\"@type\":\"EntryPoint\",\"urlTemplate\":\"https:\/\/head-beauty.com\/et\/?s={search_term_string}\"},\"query-input\":{\"@type\":\"PropertyValueSpecification\",\"valueRequired\":true,\"valueName\":\"search_term_string\"}}],\"inLanguage\":\"et\"},{\"@type\":\"Organization\",\"@id\":\"https:\/\/head-beauty.com\/et\/#organization\",\"name\":\"Head - The Beauty Tools\",\"url\":\"https:\/\/head-beauty.com\/et\/\",\"logo\":{\"@type\":\"ImageObject\",\"inLanguage\":\"et\",\"@id\":\"https:\/\/head-beauty.com\/et\/#\/schema\/logo\/image\/\",\"url\":\"https:\/\/head-beauty.com\/wp-content\/uploads\/2024\/10\/head-beauty-logo.svg\",\"contentUrl\":\"https:\/\/head-beauty.com\/wp-content\/uploads\/2024\/10\/head-beauty-logo.svg\",\"width\":411.20999999999997953636921010911464691162109375,\"height\":200,\"caption\":\"Head - The Beauty Tools\"},\"image\":{\"@id\":\"https:\/\/head-beauty.com\/et\/#\/schema\/logo\/image\/\"}}]}<\/script>\n<!-- \/ Yoast SEO plugin. -->","yoast_head_json":{"title":"HBC-198RD.016 Volframkarbiidist puur \"\u00fcmarkoonus\" punane, L-8,0 mm., \u00d81,6 mm - Head Beauty","robots":{"index":"index","follow":"follow","max-snippet":"max-snippet:-1","max-image-preview":"max-image-preview:large","max-video-preview":"max-video-preview:-1"},"canonical":"https:\/\/head-beauty.com\/et\/toode\/hbc-198rd-016-volframkarbiidist-puur-umarkoonus-punane-l-80-mm-o16-mm\/","og_locale":"et_EE","og_type":"article","og_title":"HBC-198RD.016 Volframkarbiidist puur \"\u00fcmarkoonus\" punane, L-8,0 mm., \u00d81,6 mm - Head Beauty","og_description":"Kattepuuduste (geel, geel-puudus) t\u00e4pseks eemaldamiseks raskesti ligip\u00e4\u00e4setavates kohtades, kunstk\u00fc\u00fcnte korrigeerimiseks, kareda naha eemaldamiseks, pehme krutiaadi vintp\u00fcssimiseks, pragude t\u00f6\u00f6tlemiseks","og_url":"https:\/\/head-beauty.com\/et\/toode\/hbc-198rd-016-volframkarbiidist-puur-umarkoonus-punane-l-80-mm-o16-mm\/","og_site_name":"Head Beauty","og_image":[{"width":2560,"height":2560,"url":"https:\/\/head-beauty.com\/wp-content\/uploads\/2024\/12\/HBC-198RD.016-scaled.jpg","type":"image\/jpeg"}],"twitter_card":"summary_large_image","schema":{"@context":"https:\/\/schema.org","@graph":[{"@type":"WebPage","@id":"https:\/\/head-beauty.com\/et\/toode\/hbc-198rd-016-volframkarbiidist-puur-umarkoonus-punane-l-80-mm-o16-mm\/","url":"https:\/\/head-beauty.com\/et\/toode\/hbc-198rd-016-volframkarbiidist-puur-umarkoonus-punane-l-80-mm-o16-mm\/","name":"HBC-198RD.016 Volframkarbiidist puur \"\u00fcmarkoonus\" punane, L-8,0 mm., \u00d81,6 mm - Head Beauty","isPartOf":{"@id":"https:\/\/head-beauty.com\/et\/#website"},"primaryImageOfPage":{"@id":"https:\/\/head-beauty.com\/et\/toode\/hbc-198rd-016-volframkarbiidist-puur-umarkoonus-punane-l-80-mm-o16-mm\/#primaryimage"},"image":{"@id":"https:\/\/head-beauty.com\/et\/toode\/hbc-198rd-016-volframkarbiidist-puur-umarkoonus-punane-l-80-mm-o16-mm\/#primaryimage"},"thumbnailUrl":"https:\/\/head-beauty.com\/wp-content\/uploads\/2024\/12\/HBC-198RD.016-scaled.jpg","datePublished":"2024-12-02T12:12:16+00:00","breadcrumb":{"@id":"https:\/\/head-beauty.com\/et\/toode\/hbc-198rd-016-volframkarbiidist-puur-umarkoonus-punane-l-80-mm-o16-mm\/#breadcrumb"},"inLanguage":"et","potentialAction":[{"@type":"ReadAction","target":["https:\/\/head-beauty.com\/et\/toode\/hbc-198rd-016-volframkarbiidist-puur-umarkoonus-punane-l-80-mm-o16-mm\/"]}]},{"@type":"ImageObject","inLanguage":"et","@id":"https:\/\/head-beauty.com\/et\/toode\/hbc-198rd-016-volframkarbiidist-puur-umarkoonus-punane-l-80-mm-o16-mm\/#primaryimage","url":"https:\/\/head-beauty.com\/wp-content\/uploads\/2024\/12\/HBC-198RD.016-scaled.jpg","contentUrl":"https:\/\/head-beauty.com\/wp-content\/uploads\/2024\/12\/HBC-198RD.016-scaled.jpg","width":2560,"height":2560,"caption":"Kattepuuduste (geel, geel-puudus) t\u00e4pseks eemaldamiseks raskesti ligip\u00e4\u00e4setavates kohtades, kunstk\u00fc\u00fcnte korrigeerimiseks, kareda naha eemaldamiseks, pehme krutiaadi vintp\u00fcssimiseks, pragude t\u00f6\u00f6tlemiseks"},{"@type":"BreadcrumbList","@id":"https:\/\/head-beauty.com\/et\/toode\/hbc-198rd-016-volframkarbiidist-puur-umarkoonus-punane-l-80-mm-o16-mm\/#breadcrumb","itemListElement":[{"@type":"ListItem","position":1,"name":"Home","item":"https:\/\/head-beauty.com\/et\/"},{"@type":"ListItem","position":2,"name":"Pood","item":"https:\/\/head-beauty.com\/et\/shop\/"},{"@type":"ListItem","position":3,"name":"HBC-198RD.016 Volframkarbiidist puur &#8220;\u00fcmarkoonus&#8221; punane, L-8,0 mm., \u00d81,6 mm"}]},{"@type":"WebSite","@id":"https:\/\/head-beauty.com\/et\/#website","url":"https:\/\/head-beauty.com\/et\/","name":"Head - The Beauty Tools","description":"","publisher":{"@id":"https:\/\/head-beauty.com\/et\/#organization"},"potentialAction":[{"@type":"SearchAction","target":{"@type":"EntryPoint","urlTemplate":"https:\/\/head-beauty.com\/et\/?s={search_term_string}"},"query-input":{"@type":"PropertyValueSpecification","valueRequired":true,"valueName":"search_term_string"}}],"inLanguage":"et"},{"@type":"Organization","@id":"https:\/\/head-beauty.com\/et\/#organization","name":"Head - The Beauty Tools","url":"https:\/\/head-beauty.com\/et\/","logo":{"@type":"ImageObject","inLanguage":"et","@id":"https:\/\/head-beauty.com\/et\/#\/schema\/logo\/image\/","url":"https:\/\/head-beauty.com\/wp-content\/uploads\/2024\/10\/head-beauty-logo.svg","contentUrl":"https:\/\/head-beauty.com\/wp-content\/uploads\/2024\/10\/head-beauty-logo.svg","width":411.20999999999997953636921010911464691162109375,"height":200,"caption":"Head - The Beauty Tools"},"image":{"@id":"https:\/\/head-beauty.com\/et\/#\/schema\/logo\/image\/"}}]}},"_links":{"self":[{"href":"https:\/\/head-beauty.com\/et\/wp-json\/wp\/v2\/product\/28434","targetHints":{"allow":["GET"]}}],"collection":[{"href":"https:\/\/head-beauty.com\/et\/wp-json\/wp\/v2\/product"}],"about":[{"href":"https:\/\/head-beauty.com\/et\/wp-json\/wp\/v2\/types\/product"}],"wp:featuredmedia":[{"embeddable":true,"href":"https:\/\/head-beauty.com\/et\/wp-json\/wp\/v2\/media\/19583"}],"wp:attachment":[{"href":"https:\/\/head-beauty.com\/et\/wp-json\/wp\/v2\/media?parent=28434"}],"wp:term":[{"taxonomy":"product_brand","embeddable":true,"href":"https:\/\/head-beauty.com\/et\/wp-json\/wp\/v2\/product_brand?post=28434"},{"taxonomy":"product_cat","embeddable":true,"href":"https:\/\/head-beauty.com\/et\/wp-json\/wp\/v2\/product_cat?post=28434"},{"taxonomy":"product_tag","embeddable":true,"href":"https:\/\/head-beauty.com\/et\/wp-json\/wp\/v2\/product_tag?post=28434"}],"curies":[{"name":"wp","href":"https:\/\/api.w.org\/{rel}","templated":true}]}}