{"id":25080,"date":"2024-12-02T15:56:04","date_gmt":"2024-12-02T12:56:04","guid":{"rendered":"https:\/\/head-beauty.com\/product\/hbcl-198rd-023-fraise-en-carbure-de-tungstene-cone-arrondi-rouge-l-80-mmo23-mm-pour-gaucher\/"},"modified":"2025-10-12T14:46:44","modified_gmt":"2025-10-12T11:46:44","slug":"hbcl-198rd-023-fraise-en-carbure-de-tungstene-cone-arrondi-rouge-l-80-mmo23-mm-pour-gaucher","status":"publish","type":"product","link":"https:\/\/head-beauty.com\/fr\/produit\/hbcl-198rd-023-fraise-en-carbure-de-tungstene-cone-arrondi-rouge-l-80-mmo23-mm-pour-gaucher\/","title":{"rendered":"HBCL-198RD.023 Fraise en carbure de tungst\u00e8ne \u00ab&nbsp;c\u00f4ne arrondi&nbsp;\u00bb rouge, L-8,0 mm,\u00d82,3 mm Pour gaucher"},"content":{"rendered":"<p>Pour l\u2019\u00e9limination pr\u00e9cise des manques de rev\u00eatement (gel, gel-manque) dans les endroits difficiles d\u2019acc\u00e8s, la correction des ongles artificiels, l\u2019\u00e9limination de la peau rugueuse, les rayures cruti\u00e9es douces, le traitement des fissures<\/p>\n","protected":false},"excerpt":{"rendered":"<p>Pour l\u2019\u00e9limination pr\u00e9cise des manques de rev\u00eatement (gel, gel-manque) dans les endroits difficiles d\u2019acc\u00e8s, la correction des ongles artificiels, l\u2019\u00e9limination de la peau rugueuse, les rayures cruti\u00e9es douces, le traitement des fissures<\/p>\n","protected":false},"featured_media":20783,"template":"","meta":{"_acf_changed":false},"product_brand":[],"product_cat":[721],"product_tag":[],"class_list":{"0":"post-25080","1":"product","2":"type-product","3":"status-publish","4":"has-post-thumbnail","6":"product_cat-fraise-en-carbure-de-tungstene","8":"first","9":"instock","10":"taxable","11":"shipping-taxable","12":"purchasable","13":"product-type-simple"},"acf":[],"yoast_head":"<!-- This site is optimized with the Yoast SEO plugin v24.8.1 - https:\/\/yoast.com\/wordpress\/plugins\/seo\/ -->\n<title>HBCL-198RD.023 Fraise en carbure de tungst\u00e8ne \u00ab&nbsp;c\u00f4ne arrondi&nbsp;\u00bb rouge, L-8,0 mm,\u00d82,3 mm Pour gaucher - Head Beauty<\/title>\n<meta name=\"robots\" content=\"index, follow, max-snippet:-1, max-image-preview:large, max-video-preview:-1\" \/>\n<link rel=\"canonical\" href=\"https:\/\/head-beauty.com\/fr\/produit\/hbcl-198rd-023-fraise-en-carbure-de-tungstene-cone-arrondi-rouge-l-80-mmo23-mm-pour-gaucher\/\" \/>\n<meta property=\"og:locale\" content=\"fr_FR\" \/>\n<meta property=\"og:type\" content=\"article\" \/>\n<meta property=\"og:title\" content=\"HBCL-198RD.023 Fraise en carbure de tungst\u00e8ne \u00ab&nbsp;c\u00f4ne arrondi&nbsp;\u00bb rouge, L-8,0 mm,\u00d82,3 mm Pour gaucher - Head Beauty\" \/>\n<meta property=\"og:description\" content=\"Pour l\u2019\u00e9limination pr\u00e9cise des manques de rev\u00eatement (gel, gel-manque) dans les endroits difficiles d\u2019acc\u00e8s, la correction des ongles artificiels, l\u2019\u00e9limination de la peau rugueuse, les rayures cruti\u00e9es douces, le traitement des fissures\" \/>\n<meta property=\"og:url\" content=\"https:\/\/head-beauty.com\/fr\/produit\/hbcl-198rd-023-fraise-en-carbure-de-tungstene-cone-arrondi-rouge-l-80-mmo23-mm-pour-gaucher\/\" \/>\n<meta property=\"og:site_name\" content=\"Head Beauty\" \/>\n<meta property=\"article:modified_time\" content=\"2025-10-12T11:46:44+00:00\" \/>\n<meta property=\"og:image\" content=\"https:\/\/head-beauty.com\/wp-content\/uploads\/2024\/12\/HBCL-198RD.023-2-scaled.jpg\" \/>\n\t<meta property=\"og:image:width\" content=\"2560\" \/>\n\t<meta property=\"og:image:height\" content=\"2560\" \/>\n\t<meta property=\"og:image:type\" content=\"image\/jpeg\" \/>\n<meta name=\"twitter:card\" content=\"summary_large_image\" \/>\n<script type=\"application\/ld+json\" class=\"yoast-schema-graph\">{\"@context\":\"https:\/\/schema.org\",\"@graph\":[{\"@type\":\"WebPage\",\"@id\":\"https:\/\/head-beauty.com\/fr\/produit\/hbcl-198rd-023-fraise-en-carbure-de-tungstene-cone-arrondi-rouge-l-80-mmo23-mm-pour-gaucher\/\",\"url\":\"https:\/\/head-beauty.com\/fr\/produit\/hbcl-198rd-023-fraise-en-carbure-de-tungstene-cone-arrondi-rouge-l-80-mmo23-mm-pour-gaucher\/\",\"name\":\"HBCL-198RD.023 Fraise en carbure de tungst\u00e8ne \u00ab&nbsp;c\u00f4ne arrondi&nbsp;\u00bb rouge, L-8,0 mm,\u00d82,3 mm Pour gaucher - Head Beauty\",\"isPartOf\":{\"@id\":\"https:\/\/head-beauty.com\/fr\/#website\"},\"primaryImageOfPage\":{\"@id\":\"https:\/\/head-beauty.com\/fr\/produit\/hbcl-198rd-023-fraise-en-carbure-de-tungstene-cone-arrondi-rouge-l-80-mmo23-mm-pour-gaucher\/#primaryimage\"},\"image\":{\"@id\":\"https:\/\/head-beauty.com\/fr\/produit\/hbcl-198rd-023-fraise-en-carbure-de-tungstene-cone-arrondi-rouge-l-80-mmo23-mm-pour-gaucher\/#primaryimage\"},\"thumbnailUrl\":\"https:\/\/head-beauty.com\/wp-content\/uploads\/2024\/12\/HBCL-198RD.023-2-scaled.jpg\",\"datePublished\":\"2024-12-02T12:56:04+00:00\",\"dateModified\":\"2025-10-12T11:46:44+00:00\",\"breadcrumb\":{\"@id\":\"https:\/\/head-beauty.com\/fr\/produit\/hbcl-198rd-023-fraise-en-carbure-de-tungstene-cone-arrondi-rouge-l-80-mmo23-mm-pour-gaucher\/#breadcrumb\"},\"inLanguage\":\"fr-FR\",\"potentialAction\":[{\"@type\":\"ReadAction\",\"target\":[\"https:\/\/head-beauty.com\/fr\/produit\/hbcl-198rd-023-fraise-en-carbure-de-tungstene-cone-arrondi-rouge-l-80-mmo23-mm-pour-gaucher\/\"]}]},{\"@type\":\"ImageObject\",\"inLanguage\":\"fr-FR\",\"@id\":\"https:\/\/head-beauty.com\/fr\/produit\/hbcl-198rd-023-fraise-en-carbure-de-tungstene-cone-arrondi-rouge-l-80-mmo23-mm-pour-gaucher\/#primaryimage\",\"url\":\"https:\/\/head-beauty.com\/wp-content\/uploads\/2024\/12\/HBCL-198RD.023-2-scaled.jpg\",\"contentUrl\":\"https:\/\/head-beauty.com\/wp-content\/uploads\/2024\/12\/HBCL-198RD.023-2-scaled.jpg\",\"width\":2560,\"height\":2560,\"caption\":\"Pour l\u2019\u00e9limination pr\u00e9cise des manques de rev\u00eatement (gel, gel-manque) dans les endroits difficiles d\u2019acc\u00e8s, la correction des ongles artificiels, l\u2019\u00e9limination de la peau rugueuse, les rayures cruti\u00e9es douces, le traitement des fissures\"},{\"@type\":\"BreadcrumbList\",\"@id\":\"https:\/\/head-beauty.com\/fr\/produit\/hbcl-198rd-023-fraise-en-carbure-de-tungstene-cone-arrondi-rouge-l-80-mmo23-mm-pour-gaucher\/#breadcrumb\",\"itemListElement\":[{\"@type\":\"ListItem\",\"position\":1,\"name\":\"Home\",\"item\":\"https:\/\/head-beauty.com\/fr\/\"},{\"@type\":\"ListItem\",\"position\":2,\"name\":\"Boutique\",\"item\":\"https:\/\/head-beauty.com\/fr\/boutique\/\"},{\"@type\":\"ListItem\",\"position\":3,\"name\":\"HBCL-198RD.023 Fraise en carbure de tungst\u00e8ne \u00ab&nbsp;c\u00f4ne arrondi&nbsp;\u00bb rouge, L-8,0 mm,\u00d82,3 mm Pour gaucher\"}]},{\"@type\":\"WebSite\",\"@id\":\"https:\/\/head-beauty.com\/fr\/#website\",\"url\":\"https:\/\/head-beauty.com\/fr\/\",\"name\":\"Head - The Beauty Tools\",\"description\":\"\",\"publisher\":{\"@id\":\"https:\/\/head-beauty.com\/fr\/#organization\"},\"potentialAction\":[{\"@type\":\"SearchAction\",\"target\":{\"@type\":\"EntryPoint\",\"urlTemplate\":\"https:\/\/head-beauty.com\/fr\/?s={search_term_string}\"},\"query-input\":{\"@type\":\"PropertyValueSpecification\",\"valueRequired\":true,\"valueName\":\"search_term_string\"}}],\"inLanguage\":\"fr-FR\"},{\"@type\":\"Organization\",\"@id\":\"https:\/\/head-beauty.com\/fr\/#organization\",\"name\":\"Head - The Beauty Tools\",\"url\":\"https:\/\/head-beauty.com\/fr\/\",\"logo\":{\"@type\":\"ImageObject\",\"inLanguage\":\"fr-FR\",\"@id\":\"https:\/\/head-beauty.com\/fr\/#\/schema\/logo\/image\/\",\"url\":\"https:\/\/head-beauty.com\/wp-content\/uploads\/2024\/10\/head-beauty-logo.svg\",\"contentUrl\":\"https:\/\/head-beauty.com\/wp-content\/uploads\/2024\/10\/head-beauty-logo.svg\",\"width\":411.20999999999997953636921010911464691162109375,\"height\":200,\"caption\":\"Head - The Beauty Tools\"},\"image\":{\"@id\":\"https:\/\/head-beauty.com\/fr\/#\/schema\/logo\/image\/\"}}]}<\/script>\n<!-- \/ Yoast SEO plugin. -->","yoast_head_json":{"title":"HBCL-198RD.023 Fraise en carbure de tungst\u00e8ne \u00ab&nbsp;c\u00f4ne arrondi&nbsp;\u00bb rouge, L-8,0 mm,\u00d82,3 mm Pour gaucher - Head Beauty","robots":{"index":"index","follow":"follow","max-snippet":"max-snippet:-1","max-image-preview":"max-image-preview:large","max-video-preview":"max-video-preview:-1"},"canonical":"https:\/\/head-beauty.com\/fr\/produit\/hbcl-198rd-023-fraise-en-carbure-de-tungstene-cone-arrondi-rouge-l-80-mmo23-mm-pour-gaucher\/","og_locale":"fr_FR","og_type":"article","og_title":"HBCL-198RD.023 Fraise en carbure de tungst\u00e8ne \u00ab&nbsp;c\u00f4ne arrondi&nbsp;\u00bb rouge, L-8,0 mm,\u00d82,3 mm Pour gaucher - Head Beauty","og_description":"Pour l\u2019\u00e9limination pr\u00e9cise des manques de rev\u00eatement (gel, gel-manque) dans les endroits difficiles d\u2019acc\u00e8s, la correction des ongles artificiels, l\u2019\u00e9limination de la peau rugueuse, les rayures cruti\u00e9es douces, le traitement des fissures","og_url":"https:\/\/head-beauty.com\/fr\/produit\/hbcl-198rd-023-fraise-en-carbure-de-tungstene-cone-arrondi-rouge-l-80-mmo23-mm-pour-gaucher\/","og_site_name":"Head Beauty","article_modified_time":"2025-10-12T11:46:44+00:00","og_image":[{"width":2560,"height":2560,"url":"https:\/\/head-beauty.com\/wp-content\/uploads\/2024\/12\/HBCL-198RD.023-2-scaled.jpg","type":"image\/jpeg"}],"twitter_card":"summary_large_image","schema":{"@context":"https:\/\/schema.org","@graph":[{"@type":"WebPage","@id":"https:\/\/head-beauty.com\/fr\/produit\/hbcl-198rd-023-fraise-en-carbure-de-tungstene-cone-arrondi-rouge-l-80-mmo23-mm-pour-gaucher\/","url":"https:\/\/head-beauty.com\/fr\/produit\/hbcl-198rd-023-fraise-en-carbure-de-tungstene-cone-arrondi-rouge-l-80-mmo23-mm-pour-gaucher\/","name":"HBCL-198RD.023 Fraise en carbure de tungst\u00e8ne \u00ab&nbsp;c\u00f4ne arrondi&nbsp;\u00bb rouge, L-8,0 mm,\u00d82,3 mm Pour gaucher - Head Beauty","isPartOf":{"@id":"https:\/\/head-beauty.com\/fr\/#website"},"primaryImageOfPage":{"@id":"https:\/\/head-beauty.com\/fr\/produit\/hbcl-198rd-023-fraise-en-carbure-de-tungstene-cone-arrondi-rouge-l-80-mmo23-mm-pour-gaucher\/#primaryimage"},"image":{"@id":"https:\/\/head-beauty.com\/fr\/produit\/hbcl-198rd-023-fraise-en-carbure-de-tungstene-cone-arrondi-rouge-l-80-mmo23-mm-pour-gaucher\/#primaryimage"},"thumbnailUrl":"https:\/\/head-beauty.com\/wp-content\/uploads\/2024\/12\/HBCL-198RD.023-2-scaled.jpg","datePublished":"2024-12-02T12:56:04+00:00","dateModified":"2025-10-12T11:46:44+00:00","breadcrumb":{"@id":"https:\/\/head-beauty.com\/fr\/produit\/hbcl-198rd-023-fraise-en-carbure-de-tungstene-cone-arrondi-rouge-l-80-mmo23-mm-pour-gaucher\/#breadcrumb"},"inLanguage":"fr-FR","potentialAction":[{"@type":"ReadAction","target":["https:\/\/head-beauty.com\/fr\/produit\/hbcl-198rd-023-fraise-en-carbure-de-tungstene-cone-arrondi-rouge-l-80-mmo23-mm-pour-gaucher\/"]}]},{"@type":"ImageObject","inLanguage":"fr-FR","@id":"https:\/\/head-beauty.com\/fr\/produit\/hbcl-198rd-023-fraise-en-carbure-de-tungstene-cone-arrondi-rouge-l-80-mmo23-mm-pour-gaucher\/#primaryimage","url":"https:\/\/head-beauty.com\/wp-content\/uploads\/2024\/12\/HBCL-198RD.023-2-scaled.jpg","contentUrl":"https:\/\/head-beauty.com\/wp-content\/uploads\/2024\/12\/HBCL-198RD.023-2-scaled.jpg","width":2560,"height":2560,"caption":"Pour l\u2019\u00e9limination pr\u00e9cise des manques de rev\u00eatement (gel, gel-manque) dans les endroits difficiles d\u2019acc\u00e8s, la correction des ongles artificiels, l\u2019\u00e9limination de la peau rugueuse, les rayures cruti\u00e9es douces, le traitement des fissures"},{"@type":"BreadcrumbList","@id":"https:\/\/head-beauty.com\/fr\/produit\/hbcl-198rd-023-fraise-en-carbure-de-tungstene-cone-arrondi-rouge-l-80-mmo23-mm-pour-gaucher\/#breadcrumb","itemListElement":[{"@type":"ListItem","position":1,"name":"Home","item":"https:\/\/head-beauty.com\/fr\/"},{"@type":"ListItem","position":2,"name":"Boutique","item":"https:\/\/head-beauty.com\/fr\/boutique\/"},{"@type":"ListItem","position":3,"name":"HBCL-198RD.023 Fraise en carbure de tungst\u00e8ne \u00ab&nbsp;c\u00f4ne arrondi&nbsp;\u00bb rouge, L-8,0 mm,\u00d82,3 mm Pour gaucher"}]},{"@type":"WebSite","@id":"https:\/\/head-beauty.com\/fr\/#website","url":"https:\/\/head-beauty.com\/fr\/","name":"Head - The Beauty Tools","description":"","publisher":{"@id":"https:\/\/head-beauty.com\/fr\/#organization"},"potentialAction":[{"@type":"SearchAction","target":{"@type":"EntryPoint","urlTemplate":"https:\/\/head-beauty.com\/fr\/?s={search_term_string}"},"query-input":{"@type":"PropertyValueSpecification","valueRequired":true,"valueName":"search_term_string"}}],"inLanguage":"fr-FR"},{"@type":"Organization","@id":"https:\/\/head-beauty.com\/fr\/#organization","name":"Head - The Beauty Tools","url":"https:\/\/head-beauty.com\/fr\/","logo":{"@type":"ImageObject","inLanguage":"fr-FR","@id":"https:\/\/head-beauty.com\/fr\/#\/schema\/logo\/image\/","url":"https:\/\/head-beauty.com\/wp-content\/uploads\/2024\/10\/head-beauty-logo.svg","contentUrl":"https:\/\/head-beauty.com\/wp-content\/uploads\/2024\/10\/head-beauty-logo.svg","width":411.20999999999997953636921010911464691162109375,"height":200,"caption":"Head - The Beauty Tools"},"image":{"@id":"https:\/\/head-beauty.com\/fr\/#\/schema\/logo\/image\/"}}]}},"_links":{"self":[{"href":"https:\/\/head-beauty.com\/fr\/wp-json\/wp\/v2\/product\/25080","targetHints":{"allow":["GET"]}}],"collection":[{"href":"https:\/\/head-beauty.com\/fr\/wp-json\/wp\/v2\/product"}],"about":[{"href":"https:\/\/head-beauty.com\/fr\/wp-json\/wp\/v2\/types\/product"}],"wp:featuredmedia":[{"embeddable":true,"href":"https:\/\/head-beauty.com\/fr\/wp-json\/wp\/v2\/media\/20783"}],"wp:attachment":[{"href":"https:\/\/head-beauty.com\/fr\/wp-json\/wp\/v2\/media?parent=25080"}],"wp:term":[{"taxonomy":"product_brand","embeddable":true,"href":"https:\/\/head-beauty.com\/fr\/wp-json\/wp\/v2\/product_brand?post=25080"},{"taxonomy":"product_cat","embeddable":true,"href":"https:\/\/head-beauty.com\/fr\/wp-json\/wp\/v2\/product_cat?post=25080"},{"taxonomy":"product_tag","embeddable":true,"href":"https:\/\/head-beauty.com\/fr\/wp-json\/wp\/v2\/product_tag?post=25080"}],"curies":[{"name":"wp","href":"https:\/\/api.w.org\/{rel}","templated":true}]}}