{"id":25627,"date":"2024-12-02T15:40:28","date_gmt":"2024-12-02T12:40:28","guid":{"rendered":"https:\/\/head-beauty.com\/product\/nxs-9-pince-a-cuticules-professionnelle-x-line-9-ressort-helicoidal\/"},"modified":"2024-12-02T15:40:28","modified_gmt":"2024-12-02T12:40:28","slug":"nxs-9-pince-a-cuticules-professionnelle-x-line-9-ressort-helicoidal","status":"publish","type":"product","link":"https:\/\/head-beauty.com\/fr\/produit\/nxs-9-pince-a-cuticules-professionnelle-x-line-9-ressort-helicoidal\/","title":{"rendered":"NXS-9 Pince \u00e0 cuticules professionnelle X-line 9 (ressort h\u00e9lico\u00efdal)"},"content":{"rendered":"<p>Poign\u00e9es longues et arrondies, id\u00e9ales pour les grandes paumes, surface ext\u00e9rieure mate, poign\u00e9es int\u00e9rieures polies brillantes, ressort h\u00e9lico\u00efdal pour une fermeture en douceur des poign\u00e9es, convient aux d\u00e9butants et aux professionnels, r\u00e9sistance \u00e9lev\u00e9e \u00e0 la corrosion et dur\u00e9e de vie plus longue<\/p>\n","protected":false},"excerpt":{"rendered":"<p>Poign\u00e9es longues et arrondies, id\u00e9ales pour les grandes paumes, surface ext\u00e9rieure mate, poign\u00e9es int\u00e9rieures polies brillantes, ressort h\u00e9lico\u00efdal pour une fermeture en douceur des poign\u00e9es, convient aux d\u00e9butants et aux professionnels, r\u00e9sistance \u00e9lev\u00e9e \u00e0 la corrosion et dur\u00e9e de vie plus longue<\/p>\n","protected":false},"featured_media":20376,"template":"","meta":{"_acf_changed":false},"product_brand":[],"product_cat":[345],"product_tag":[803],"class_list":{"0":"post-25627","1":"product","2":"type-product","3":"status-publish","4":"has-post-thumbnail","6":"product_cat-pinces-a-cuticules","7":"product_tag-pinces-avancees-x-line","9":"first","10":"instock","11":"taxable","12":"shipping-taxable","13":"purchasable","14":"product-type-variable"},"acf":[],"yoast_head":"<!-- This site is optimized with the Yoast SEO plugin v24.8.1 - https:\/\/yoast.com\/wordpress\/plugins\/seo\/ -->\n<title>NXS-9 Pince \u00e0 cuticules professionnelle X-line 9 (ressort h\u00e9lico\u00efdal) - Head Beauty<\/title>\n<meta name=\"robots\" content=\"index, follow, max-snippet:-1, max-image-preview:large, max-video-preview:-1\" \/>\n<link rel=\"canonical\" href=\"https:\/\/head-beauty.com\/fr\/produit\/nxs-9-pince-a-cuticules-professionnelle-x-line-9-ressort-helicoidal\/\" \/>\n<meta property=\"og:locale\" content=\"fr_FR\" \/>\n<meta property=\"og:type\" content=\"article\" \/>\n<meta property=\"og:title\" content=\"NXS-9 Pince \u00e0 cuticules professionnelle X-line 9 (ressort h\u00e9lico\u00efdal) - Head Beauty\" \/>\n<meta property=\"og:description\" content=\"Poign\u00e9es longues et arrondies, id\u00e9ales pour les grandes paumes, surface ext\u00e9rieure mate, poign\u00e9es int\u00e9rieures polies brillantes, ressort h\u00e9lico\u00efdal pour une fermeture en douceur des poign\u00e9es, convient aux d\u00e9butants et aux professionnels, r\u00e9sistance \u00e9lev\u00e9e \u00e0 la corrosion et dur\u00e9e de vie plus longue\" \/>\n<meta property=\"og:url\" content=\"https:\/\/head-beauty.com\/fr\/produit\/nxs-9-pince-a-cuticules-professionnelle-x-line-9-ressort-helicoidal\/\" \/>\n<meta property=\"og:site_name\" content=\"Head Beauty\" \/>\n<meta property=\"og:image\" content=\"https:\/\/head-beauty.com\/wp-content\/uploads\/2024\/12\/CN7-1-scaled.jpg\" \/>\n\t<meta property=\"og:image:width\" content=\"2560\" \/>\n\t<meta property=\"og:image:height\" content=\"2560\" \/>\n\t<meta property=\"og:image:type\" content=\"image\/jpeg\" \/>\n<meta name=\"twitter:card\" content=\"summary_large_image\" \/>\n<script type=\"application\/ld+json\" class=\"yoast-schema-graph\">{\"@context\":\"https:\/\/schema.org\",\"@graph\":[{\"@type\":\"WebPage\",\"@id\":\"https:\/\/head-beauty.com\/fr\/produit\/nxs-9-pince-a-cuticules-professionnelle-x-line-9-ressort-helicoidal\/\",\"url\":\"https:\/\/head-beauty.com\/fr\/produit\/nxs-9-pince-a-cuticules-professionnelle-x-line-9-ressort-helicoidal\/\",\"name\":\"NXS-9 Pince \u00e0 cuticules professionnelle X-line 9 (ressort h\u00e9lico\u00efdal) - Head Beauty\",\"isPartOf\":{\"@id\":\"https:\/\/head-beauty.com\/fr\/#website\"},\"primaryImageOfPage\":{\"@id\":\"https:\/\/head-beauty.com\/fr\/produit\/nxs-9-pince-a-cuticules-professionnelle-x-line-9-ressort-helicoidal\/#primaryimage\"},\"image\":{\"@id\":\"https:\/\/head-beauty.com\/fr\/produit\/nxs-9-pince-a-cuticules-professionnelle-x-line-9-ressort-helicoidal\/#primaryimage\"},\"thumbnailUrl\":\"https:\/\/head-beauty.com\/wp-content\/uploads\/2024\/12\/CN7-1-scaled.jpg\",\"datePublished\":\"2024-12-02T12:40:28+00:00\",\"breadcrumb\":{\"@id\":\"https:\/\/head-beauty.com\/fr\/produit\/nxs-9-pince-a-cuticules-professionnelle-x-line-9-ressort-helicoidal\/#breadcrumb\"},\"inLanguage\":\"fr-FR\",\"potentialAction\":[{\"@type\":\"ReadAction\",\"target\":[\"https:\/\/head-beauty.com\/fr\/produit\/nxs-9-pince-a-cuticules-professionnelle-x-line-9-ressort-helicoidal\/\"]}]},{\"@type\":\"ImageObject\",\"inLanguage\":\"fr-FR\",\"@id\":\"https:\/\/head-beauty.com\/fr\/produit\/nxs-9-pince-a-cuticules-professionnelle-x-line-9-ressort-helicoidal\/#primaryimage\",\"url\":\"https:\/\/head-beauty.com\/wp-content\/uploads\/2024\/12\/CN7-1-scaled.jpg\",\"contentUrl\":\"https:\/\/head-beauty.com\/wp-content\/uploads\/2024\/12\/CN7-1-scaled.jpg\",\"width\":2560,\"height\":2560,\"caption\":\"Poign\u00e9es longues et arrondies, id\u00e9ales pour les grandes paumes, surface ext\u00e9rieure mate, poign\u00e9es int\u00e9rieures polies brillantes, ressort h\u00e9lico\u00efdal pour une fermeture en douceur des poign\u00e9es, convient aux d\u00e9butants et aux professionnels, r\u00e9sistance \u00e9lev\u00e9e \u00e0 la corrosion et dur\u00e9e de vie plus longue\"},{\"@type\":\"BreadcrumbList\",\"@id\":\"https:\/\/head-beauty.com\/fr\/produit\/nxs-9-pince-a-cuticules-professionnelle-x-line-9-ressort-helicoidal\/#breadcrumb\",\"itemListElement\":[{\"@type\":\"ListItem\",\"position\":1,\"name\":\"Home\",\"item\":\"https:\/\/head-beauty.com\/fr\/\"},{\"@type\":\"ListItem\",\"position\":2,\"name\":\"Boutique\",\"item\":\"https:\/\/head-beauty.com\/fr\/boutique\/\"},{\"@type\":\"ListItem\",\"position\":3,\"name\":\"NXS-9 Pince \u00e0 cuticules professionnelle X-line 9 (ressort h\u00e9lico\u00efdal)\"}]},{\"@type\":\"WebSite\",\"@id\":\"https:\/\/head-beauty.com\/fr\/#website\",\"url\":\"https:\/\/head-beauty.com\/fr\/\",\"name\":\"Head - The Beauty Tools\",\"description\":\"\",\"publisher\":{\"@id\":\"https:\/\/head-beauty.com\/fr\/#organization\"},\"potentialAction\":[{\"@type\":\"SearchAction\",\"target\":{\"@type\":\"EntryPoint\",\"urlTemplate\":\"https:\/\/head-beauty.com\/fr\/?s={search_term_string}\"},\"query-input\":{\"@type\":\"PropertyValueSpecification\",\"valueRequired\":true,\"valueName\":\"search_term_string\"}}],\"inLanguage\":\"fr-FR\"},{\"@type\":\"Organization\",\"@id\":\"https:\/\/head-beauty.com\/fr\/#organization\",\"name\":\"Head - The Beauty Tools\",\"url\":\"https:\/\/head-beauty.com\/fr\/\",\"logo\":{\"@type\":\"ImageObject\",\"inLanguage\":\"fr-FR\",\"@id\":\"https:\/\/head-beauty.com\/fr\/#\/schema\/logo\/image\/\",\"url\":\"https:\/\/head-beauty.com\/wp-content\/uploads\/2024\/10\/head-beauty-logo.svg\",\"contentUrl\":\"https:\/\/head-beauty.com\/wp-content\/uploads\/2024\/10\/head-beauty-logo.svg\",\"width\":411.20999999999997953636921010911464691162109375,\"height\":200,\"caption\":\"Head - The Beauty Tools\"},\"image\":{\"@id\":\"https:\/\/head-beauty.com\/fr\/#\/schema\/logo\/image\/\"}}]}<\/script>\n<!-- \/ Yoast SEO plugin. -->","yoast_head_json":{"title":"NXS-9 Pince \u00e0 cuticules professionnelle X-line 9 (ressort h\u00e9lico\u00efdal) - Head Beauty","robots":{"index":"index","follow":"follow","max-snippet":"max-snippet:-1","max-image-preview":"max-image-preview:large","max-video-preview":"max-video-preview:-1"},"canonical":"https:\/\/head-beauty.com\/fr\/produit\/nxs-9-pince-a-cuticules-professionnelle-x-line-9-ressort-helicoidal\/","og_locale":"fr_FR","og_type":"article","og_title":"NXS-9 Pince \u00e0 cuticules professionnelle X-line 9 (ressort h\u00e9lico\u00efdal) - Head Beauty","og_description":"Poign\u00e9es longues et arrondies, id\u00e9ales pour les grandes paumes, surface ext\u00e9rieure mate, poign\u00e9es int\u00e9rieures polies brillantes, ressort h\u00e9lico\u00efdal pour une fermeture en douceur des poign\u00e9es, convient aux d\u00e9butants et aux professionnels, r\u00e9sistance \u00e9lev\u00e9e \u00e0 la corrosion et dur\u00e9e de vie plus longue","og_url":"https:\/\/head-beauty.com\/fr\/produit\/nxs-9-pince-a-cuticules-professionnelle-x-line-9-ressort-helicoidal\/","og_site_name":"Head Beauty","og_image":[{"width":2560,"height":2560,"url":"https:\/\/head-beauty.com\/wp-content\/uploads\/2024\/12\/CN7-1-scaled.jpg","type":"image\/jpeg"}],"twitter_card":"summary_large_image","schema":{"@context":"https:\/\/schema.org","@graph":[{"@type":"WebPage","@id":"https:\/\/head-beauty.com\/fr\/produit\/nxs-9-pince-a-cuticules-professionnelle-x-line-9-ressort-helicoidal\/","url":"https:\/\/head-beauty.com\/fr\/produit\/nxs-9-pince-a-cuticules-professionnelle-x-line-9-ressort-helicoidal\/","name":"NXS-9 Pince \u00e0 cuticules professionnelle X-line 9 (ressort h\u00e9lico\u00efdal) - Head Beauty","isPartOf":{"@id":"https:\/\/head-beauty.com\/fr\/#website"},"primaryImageOfPage":{"@id":"https:\/\/head-beauty.com\/fr\/produit\/nxs-9-pince-a-cuticules-professionnelle-x-line-9-ressort-helicoidal\/#primaryimage"},"image":{"@id":"https:\/\/head-beauty.com\/fr\/produit\/nxs-9-pince-a-cuticules-professionnelle-x-line-9-ressort-helicoidal\/#primaryimage"},"thumbnailUrl":"https:\/\/head-beauty.com\/wp-content\/uploads\/2024\/12\/CN7-1-scaled.jpg","datePublished":"2024-12-02T12:40:28+00:00","breadcrumb":{"@id":"https:\/\/head-beauty.com\/fr\/produit\/nxs-9-pince-a-cuticules-professionnelle-x-line-9-ressort-helicoidal\/#breadcrumb"},"inLanguage":"fr-FR","potentialAction":[{"@type":"ReadAction","target":["https:\/\/head-beauty.com\/fr\/produit\/nxs-9-pince-a-cuticules-professionnelle-x-line-9-ressort-helicoidal\/"]}]},{"@type":"ImageObject","inLanguage":"fr-FR","@id":"https:\/\/head-beauty.com\/fr\/produit\/nxs-9-pince-a-cuticules-professionnelle-x-line-9-ressort-helicoidal\/#primaryimage","url":"https:\/\/head-beauty.com\/wp-content\/uploads\/2024\/12\/CN7-1-scaled.jpg","contentUrl":"https:\/\/head-beauty.com\/wp-content\/uploads\/2024\/12\/CN7-1-scaled.jpg","width":2560,"height":2560,"caption":"Poign\u00e9es longues et arrondies, id\u00e9ales pour les grandes paumes, surface ext\u00e9rieure mate, poign\u00e9es int\u00e9rieures polies brillantes, ressort h\u00e9lico\u00efdal pour une fermeture en douceur des poign\u00e9es, convient aux d\u00e9butants et aux professionnels, r\u00e9sistance \u00e9lev\u00e9e \u00e0 la corrosion et dur\u00e9e de vie plus longue"},{"@type":"BreadcrumbList","@id":"https:\/\/head-beauty.com\/fr\/produit\/nxs-9-pince-a-cuticules-professionnelle-x-line-9-ressort-helicoidal\/#breadcrumb","itemListElement":[{"@type":"ListItem","position":1,"name":"Home","item":"https:\/\/head-beauty.com\/fr\/"},{"@type":"ListItem","position":2,"name":"Boutique","item":"https:\/\/head-beauty.com\/fr\/boutique\/"},{"@type":"ListItem","position":3,"name":"NXS-9 Pince \u00e0 cuticules professionnelle X-line 9 (ressort h\u00e9lico\u00efdal)"}]},{"@type":"WebSite","@id":"https:\/\/head-beauty.com\/fr\/#website","url":"https:\/\/head-beauty.com\/fr\/","name":"Head - The Beauty Tools","description":"","publisher":{"@id":"https:\/\/head-beauty.com\/fr\/#organization"},"potentialAction":[{"@type":"SearchAction","target":{"@type":"EntryPoint","urlTemplate":"https:\/\/head-beauty.com\/fr\/?s={search_term_string}"},"query-input":{"@type":"PropertyValueSpecification","valueRequired":true,"valueName":"search_term_string"}}],"inLanguage":"fr-FR"},{"@type":"Organization","@id":"https:\/\/head-beauty.com\/fr\/#organization","name":"Head - The Beauty Tools","url":"https:\/\/head-beauty.com\/fr\/","logo":{"@type":"ImageObject","inLanguage":"fr-FR","@id":"https:\/\/head-beauty.com\/fr\/#\/schema\/logo\/image\/","url":"https:\/\/head-beauty.com\/wp-content\/uploads\/2024\/10\/head-beauty-logo.svg","contentUrl":"https:\/\/head-beauty.com\/wp-content\/uploads\/2024\/10\/head-beauty-logo.svg","width":411.20999999999997953636921010911464691162109375,"height":200,"caption":"Head - The Beauty Tools"},"image":{"@id":"https:\/\/head-beauty.com\/fr\/#\/schema\/logo\/image\/"}}]}},"_links":{"self":[{"href":"https:\/\/head-beauty.com\/fr\/wp-json\/wp\/v2\/product\/25627","targetHints":{"allow":["GET"]}}],"collection":[{"href":"https:\/\/head-beauty.com\/fr\/wp-json\/wp\/v2\/product"}],"about":[{"href":"https:\/\/head-beauty.com\/fr\/wp-json\/wp\/v2\/types\/product"}],"wp:featuredmedia":[{"embeddable":true,"href":"https:\/\/head-beauty.com\/fr\/wp-json\/wp\/v2\/media\/20376"}],"wp:attachment":[{"href":"https:\/\/head-beauty.com\/fr\/wp-json\/wp\/v2\/media?parent=25627"}],"wp:term":[{"taxonomy":"product_brand","embeddable":true,"href":"https:\/\/head-beauty.com\/fr\/wp-json\/wp\/v2\/product_brand?post=25627"},{"taxonomy":"product_cat","embeddable":true,"href":"https:\/\/head-beauty.com\/fr\/wp-json\/wp\/v2\/product_cat?post=25627"},{"taxonomy":"product_tag","embeddable":true,"href":"https:\/\/head-beauty.com\/fr\/wp-json\/wp\/v2\/product_tag?post=25627"}],"curies":[{"name":"wp","href":"https:\/\/api.w.org\/{rel}","templated":true}]}}