{"id":27233,"date":"2024-12-02T16:14:29","date_gmt":"2024-12-02T13:14:29","guid":{"rendered":"https:\/\/head-beauty.com\/product\/hbd-157r-bl-050-fraise-diamantee-cylindre-bords-arrondis-bleu-l-70-mm-o50-mm\/"},"modified":"2025-10-12T14:41:43","modified_gmt":"2025-10-12T11:41:43","slug":"hbd-157r-bl-050-fraise-diamantee-cylindre-bords-arrondis-bleu-l-70-mm-o50-mm","status":"publish","type":"product","link":"https:\/\/head-beauty.com\/fr\/produit\/hbd-157r-bl-050-fraise-diamantee-cylindre-bords-arrondis-bleu-l-70-mm-o50-mm\/","title":{"rendered":"HBD-157R. BL.050 Fraise diamant\u00e9e \u00ab&nbsp;cylindre&nbsp;\u00bb bords arrondis, bleu, L-7,0 mm., \u00d85,0 mm"},"content":{"rendered":"<p>Resurfa\u00e7age de la plaque de l\u2019ongle, correction de la longueur du bord libre, traitement des cr\u00eates lat\u00e9rales, \u00e9limination de la peau k\u00e9ratonis\u00e9e, rayures cruti\u00e9es moyennes standard (couverture compl\u00e8te de la partie travaill\u00e9e)<\/p>\n","protected":false},"excerpt":{"rendered":"<p>Resurfa\u00e7age de la plaque de l\u2019ongle, correction de la longueur du bord libre, traitement des cr\u00eates lat\u00e9rales, \u00e9limination de la peau k\u00e9ratonis\u00e9e, rayures cruti\u00e9es moyennes standard (couverture compl\u00e8te de la partie travaill\u00e9e)<\/p>\n","protected":false},"featured_media":20915,"template":"","meta":{"_acf_changed":false},"product_brand":[],"product_cat":[165],"product_tag":[],"class_list":{"0":"post-27233","1":"product","2":"type-product","3":"status-publish","4":"has-post-thumbnail","6":"product_cat-fraises-diamantees","8":"first","9":"instock","10":"taxable","11":"shipping-taxable","12":"purchasable","13":"product-type-simple"},"acf":[],"yoast_head":"<!-- This site is optimized with the Yoast SEO plugin v24.8.1 - https:\/\/yoast.com\/wordpress\/plugins\/seo\/ -->\n<title>HBD-157R. BL.050 Fraise diamant\u00e9e \u00ab&nbsp;cylindre&nbsp;\u00bb bords arrondis, bleu, L-7,0 mm., \u00d85,0 mm - Head Beauty<\/title>\n<meta name=\"robots\" content=\"index, follow, max-snippet:-1, max-image-preview:large, max-video-preview:-1\" \/>\n<link rel=\"canonical\" href=\"https:\/\/head-beauty.com\/fr\/produit\/hbd-157r-bl-050-fraise-diamantee-cylindre-bords-arrondis-bleu-l-70-mm-o50-mm\/\" \/>\n<meta property=\"og:locale\" content=\"fr_FR\" \/>\n<meta property=\"og:type\" content=\"article\" \/>\n<meta property=\"og:title\" content=\"HBD-157R. BL.050 Fraise diamant\u00e9e \u00ab&nbsp;cylindre&nbsp;\u00bb bords arrondis, bleu, L-7,0 mm., \u00d85,0 mm - Head Beauty\" \/>\n<meta property=\"og:description\" content=\"Resurfa\u00e7age de la plaque de l\u2019ongle, correction de la longueur du bord libre, traitement des cr\u00eates lat\u00e9rales, \u00e9limination de la peau k\u00e9ratonis\u00e9e, rayures cruti\u00e9es moyennes standard (couverture compl\u00e8te de la partie travaill\u00e9e)\" \/>\n<meta property=\"og:url\" content=\"https:\/\/head-beauty.com\/fr\/produit\/hbd-157r-bl-050-fraise-diamantee-cylindre-bords-arrondis-bleu-l-70-mm-o50-mm\/\" \/>\n<meta property=\"og:site_name\" content=\"Head Beauty\" \/>\n<meta property=\"article:modified_time\" content=\"2025-10-12T11:41:43+00:00\" \/>\n<meta property=\"og:image\" content=\"https:\/\/head-beauty.com\/wp-content\/uploads\/2024\/12\/HBD-157R.BL_.050-3.jpg\" \/>\n\t<meta property=\"og:image:width\" content=\"2367\" \/>\n\t<meta property=\"og:image:height\" content=\"2367\" \/>\n\t<meta property=\"og:image:type\" content=\"image\/jpeg\" \/>\n<meta name=\"twitter:card\" content=\"summary_large_image\" \/>\n<script type=\"application\/ld+json\" class=\"yoast-schema-graph\">{\"@context\":\"https:\/\/schema.org\",\"@graph\":[{\"@type\":\"WebPage\",\"@id\":\"https:\/\/head-beauty.com\/fr\/produit\/hbd-157r-bl-050-fraise-diamantee-cylindre-bords-arrondis-bleu-l-70-mm-o50-mm\/\",\"url\":\"https:\/\/head-beauty.com\/fr\/produit\/hbd-157r-bl-050-fraise-diamantee-cylindre-bords-arrondis-bleu-l-70-mm-o50-mm\/\",\"name\":\"HBD-157R. BL.050 Fraise diamant\u00e9e \u00ab&nbsp;cylindre&nbsp;\u00bb bords arrondis, bleu, L-7,0 mm., \u00d85,0 mm - Head Beauty\",\"isPartOf\":{\"@id\":\"https:\/\/head-beauty.com\/fr\/#website\"},\"primaryImageOfPage\":{\"@id\":\"https:\/\/head-beauty.com\/fr\/produit\/hbd-157r-bl-050-fraise-diamantee-cylindre-bords-arrondis-bleu-l-70-mm-o50-mm\/#primaryimage\"},\"image\":{\"@id\":\"https:\/\/head-beauty.com\/fr\/produit\/hbd-157r-bl-050-fraise-diamantee-cylindre-bords-arrondis-bleu-l-70-mm-o50-mm\/#primaryimage\"},\"thumbnailUrl\":\"https:\/\/head-beauty.com\/wp-content\/uploads\/2024\/12\/HBD-157R.BL_.050-3.jpg\",\"datePublished\":\"2024-12-02T13:14:29+00:00\",\"dateModified\":\"2025-10-12T11:41:43+00:00\",\"breadcrumb\":{\"@id\":\"https:\/\/head-beauty.com\/fr\/produit\/hbd-157r-bl-050-fraise-diamantee-cylindre-bords-arrondis-bleu-l-70-mm-o50-mm\/#breadcrumb\"},\"inLanguage\":\"fr-FR\",\"potentialAction\":[{\"@type\":\"ReadAction\",\"target\":[\"https:\/\/head-beauty.com\/fr\/produit\/hbd-157r-bl-050-fraise-diamantee-cylindre-bords-arrondis-bleu-l-70-mm-o50-mm\/\"]}]},{\"@type\":\"ImageObject\",\"inLanguage\":\"fr-FR\",\"@id\":\"https:\/\/head-beauty.com\/fr\/produit\/hbd-157r-bl-050-fraise-diamantee-cylindre-bords-arrondis-bleu-l-70-mm-o50-mm\/#primaryimage\",\"url\":\"https:\/\/head-beauty.com\/wp-content\/uploads\/2024\/12\/HBD-157R.BL_.050-3.jpg\",\"contentUrl\":\"https:\/\/head-beauty.com\/wp-content\/uploads\/2024\/12\/HBD-157R.BL_.050-3.jpg\",\"width\":2367,\"height\":2367,\"caption\":\"Resurfa\u00e7age de la plaque de l\u2019ongle, correction de la longueur du bord libre, traitement des cr\u00eates lat\u00e9rales, \u00e9limination de la peau k\u00e9ratonis\u00e9e, rayures cruti\u00e9es moyennes standard (couverture compl\u00e8te de la partie travaill\u00e9e)\"},{\"@type\":\"BreadcrumbList\",\"@id\":\"https:\/\/head-beauty.com\/fr\/produit\/hbd-157r-bl-050-fraise-diamantee-cylindre-bords-arrondis-bleu-l-70-mm-o50-mm\/#breadcrumb\",\"itemListElement\":[{\"@type\":\"ListItem\",\"position\":1,\"name\":\"Home\",\"item\":\"https:\/\/head-beauty.com\/fr\/\"},{\"@type\":\"ListItem\",\"position\":2,\"name\":\"Boutique\",\"item\":\"https:\/\/head-beauty.com\/fr\/boutique\/\"},{\"@type\":\"ListItem\",\"position\":3,\"name\":\"HBD-157R. BL.050 Fraise diamant\u00e9e \u00ab&nbsp;cylindre&nbsp;\u00bb bords arrondis, bleu, L-7,0 mm., \u00d85,0 mm\"}]},{\"@type\":\"WebSite\",\"@id\":\"https:\/\/head-beauty.com\/fr\/#website\",\"url\":\"https:\/\/head-beauty.com\/fr\/\",\"name\":\"Head - The Beauty Tools\",\"description\":\"\",\"publisher\":{\"@id\":\"https:\/\/head-beauty.com\/fr\/#organization\"},\"potentialAction\":[{\"@type\":\"SearchAction\",\"target\":{\"@type\":\"EntryPoint\",\"urlTemplate\":\"https:\/\/head-beauty.com\/fr\/?s={search_term_string}\"},\"query-input\":{\"@type\":\"PropertyValueSpecification\",\"valueRequired\":true,\"valueName\":\"search_term_string\"}}],\"inLanguage\":\"fr-FR\"},{\"@type\":\"Organization\",\"@id\":\"https:\/\/head-beauty.com\/fr\/#organization\",\"name\":\"Head - The Beauty Tools\",\"url\":\"https:\/\/head-beauty.com\/fr\/\",\"logo\":{\"@type\":\"ImageObject\",\"inLanguage\":\"fr-FR\",\"@id\":\"https:\/\/head-beauty.com\/fr\/#\/schema\/logo\/image\/\",\"url\":\"https:\/\/head-beauty.com\/wp-content\/uploads\/2024\/10\/head-beauty-logo.svg\",\"contentUrl\":\"https:\/\/head-beauty.com\/wp-content\/uploads\/2024\/10\/head-beauty-logo.svg\",\"width\":411.20999999999997953636921010911464691162109375,\"height\":200,\"caption\":\"Head - The Beauty Tools\"},\"image\":{\"@id\":\"https:\/\/head-beauty.com\/fr\/#\/schema\/logo\/image\/\"}}]}<\/script>\n<!-- \/ Yoast SEO plugin. -->","yoast_head_json":{"title":"HBD-157R. BL.050 Fraise diamant\u00e9e \u00ab&nbsp;cylindre&nbsp;\u00bb bords arrondis, bleu, L-7,0 mm., \u00d85,0 mm - Head Beauty","robots":{"index":"index","follow":"follow","max-snippet":"max-snippet:-1","max-image-preview":"max-image-preview:large","max-video-preview":"max-video-preview:-1"},"canonical":"https:\/\/head-beauty.com\/fr\/produit\/hbd-157r-bl-050-fraise-diamantee-cylindre-bords-arrondis-bleu-l-70-mm-o50-mm\/","og_locale":"fr_FR","og_type":"article","og_title":"HBD-157R. BL.050 Fraise diamant\u00e9e \u00ab&nbsp;cylindre&nbsp;\u00bb bords arrondis, bleu, L-7,0 mm., \u00d85,0 mm - Head Beauty","og_description":"Resurfa\u00e7age de la plaque de l\u2019ongle, correction de la longueur du bord libre, traitement des cr\u00eates lat\u00e9rales, \u00e9limination de la peau k\u00e9ratonis\u00e9e, rayures cruti\u00e9es moyennes standard (couverture compl\u00e8te de la partie travaill\u00e9e)","og_url":"https:\/\/head-beauty.com\/fr\/produit\/hbd-157r-bl-050-fraise-diamantee-cylindre-bords-arrondis-bleu-l-70-mm-o50-mm\/","og_site_name":"Head Beauty","article_modified_time":"2025-10-12T11:41:43+00:00","og_image":[{"width":2367,"height":2367,"url":"https:\/\/head-beauty.com\/wp-content\/uploads\/2024\/12\/HBD-157R.BL_.050-3.jpg","type":"image\/jpeg"}],"twitter_card":"summary_large_image","schema":{"@context":"https:\/\/schema.org","@graph":[{"@type":"WebPage","@id":"https:\/\/head-beauty.com\/fr\/produit\/hbd-157r-bl-050-fraise-diamantee-cylindre-bords-arrondis-bleu-l-70-mm-o50-mm\/","url":"https:\/\/head-beauty.com\/fr\/produit\/hbd-157r-bl-050-fraise-diamantee-cylindre-bords-arrondis-bleu-l-70-mm-o50-mm\/","name":"HBD-157R. BL.050 Fraise diamant\u00e9e \u00ab&nbsp;cylindre&nbsp;\u00bb bords arrondis, bleu, L-7,0 mm., \u00d85,0 mm - Head Beauty","isPartOf":{"@id":"https:\/\/head-beauty.com\/fr\/#website"},"primaryImageOfPage":{"@id":"https:\/\/head-beauty.com\/fr\/produit\/hbd-157r-bl-050-fraise-diamantee-cylindre-bords-arrondis-bleu-l-70-mm-o50-mm\/#primaryimage"},"image":{"@id":"https:\/\/head-beauty.com\/fr\/produit\/hbd-157r-bl-050-fraise-diamantee-cylindre-bords-arrondis-bleu-l-70-mm-o50-mm\/#primaryimage"},"thumbnailUrl":"https:\/\/head-beauty.com\/wp-content\/uploads\/2024\/12\/HBD-157R.BL_.050-3.jpg","datePublished":"2024-12-02T13:14:29+00:00","dateModified":"2025-10-12T11:41:43+00:00","breadcrumb":{"@id":"https:\/\/head-beauty.com\/fr\/produit\/hbd-157r-bl-050-fraise-diamantee-cylindre-bords-arrondis-bleu-l-70-mm-o50-mm\/#breadcrumb"},"inLanguage":"fr-FR","potentialAction":[{"@type":"ReadAction","target":["https:\/\/head-beauty.com\/fr\/produit\/hbd-157r-bl-050-fraise-diamantee-cylindre-bords-arrondis-bleu-l-70-mm-o50-mm\/"]}]},{"@type":"ImageObject","inLanguage":"fr-FR","@id":"https:\/\/head-beauty.com\/fr\/produit\/hbd-157r-bl-050-fraise-diamantee-cylindre-bords-arrondis-bleu-l-70-mm-o50-mm\/#primaryimage","url":"https:\/\/head-beauty.com\/wp-content\/uploads\/2024\/12\/HBD-157R.BL_.050-3.jpg","contentUrl":"https:\/\/head-beauty.com\/wp-content\/uploads\/2024\/12\/HBD-157R.BL_.050-3.jpg","width":2367,"height":2367,"caption":"Resurfa\u00e7age de la plaque de l\u2019ongle, correction de la longueur du bord libre, traitement des cr\u00eates lat\u00e9rales, \u00e9limination de la peau k\u00e9ratonis\u00e9e, rayures cruti\u00e9es moyennes standard (couverture compl\u00e8te de la partie travaill\u00e9e)"},{"@type":"BreadcrumbList","@id":"https:\/\/head-beauty.com\/fr\/produit\/hbd-157r-bl-050-fraise-diamantee-cylindre-bords-arrondis-bleu-l-70-mm-o50-mm\/#breadcrumb","itemListElement":[{"@type":"ListItem","position":1,"name":"Home","item":"https:\/\/head-beauty.com\/fr\/"},{"@type":"ListItem","position":2,"name":"Boutique","item":"https:\/\/head-beauty.com\/fr\/boutique\/"},{"@type":"ListItem","position":3,"name":"HBD-157R. BL.050 Fraise diamant\u00e9e \u00ab&nbsp;cylindre&nbsp;\u00bb bords arrondis, bleu, L-7,0 mm., \u00d85,0 mm"}]},{"@type":"WebSite","@id":"https:\/\/head-beauty.com\/fr\/#website","url":"https:\/\/head-beauty.com\/fr\/","name":"Head - The Beauty Tools","description":"","publisher":{"@id":"https:\/\/head-beauty.com\/fr\/#organization"},"potentialAction":[{"@type":"SearchAction","target":{"@type":"EntryPoint","urlTemplate":"https:\/\/head-beauty.com\/fr\/?s={search_term_string}"},"query-input":{"@type":"PropertyValueSpecification","valueRequired":true,"valueName":"search_term_string"}}],"inLanguage":"fr-FR"},{"@type":"Organization","@id":"https:\/\/head-beauty.com\/fr\/#organization","name":"Head - The Beauty Tools","url":"https:\/\/head-beauty.com\/fr\/","logo":{"@type":"ImageObject","inLanguage":"fr-FR","@id":"https:\/\/head-beauty.com\/fr\/#\/schema\/logo\/image\/","url":"https:\/\/head-beauty.com\/wp-content\/uploads\/2024\/10\/head-beauty-logo.svg","contentUrl":"https:\/\/head-beauty.com\/wp-content\/uploads\/2024\/10\/head-beauty-logo.svg","width":411.20999999999997953636921010911464691162109375,"height":200,"caption":"Head - The Beauty Tools"},"image":{"@id":"https:\/\/head-beauty.com\/fr\/#\/schema\/logo\/image\/"}}]}},"_links":{"self":[{"href":"https:\/\/head-beauty.com\/fr\/wp-json\/wp\/v2\/product\/27233","targetHints":{"allow":["GET"]}}],"collection":[{"href":"https:\/\/head-beauty.com\/fr\/wp-json\/wp\/v2\/product"}],"about":[{"href":"https:\/\/head-beauty.com\/fr\/wp-json\/wp\/v2\/types\/product"}],"wp:featuredmedia":[{"embeddable":true,"href":"https:\/\/head-beauty.com\/fr\/wp-json\/wp\/v2\/media\/20915"}],"wp:attachment":[{"href":"https:\/\/head-beauty.com\/fr\/wp-json\/wp\/v2\/media?parent=27233"}],"wp:term":[{"taxonomy":"product_brand","embeddable":true,"href":"https:\/\/head-beauty.com\/fr\/wp-json\/wp\/v2\/product_brand?post=27233"},{"taxonomy":"product_cat","embeddable":true,"href":"https:\/\/head-beauty.com\/fr\/wp-json\/wp\/v2\/product_cat?post=27233"},{"taxonomy":"product_tag","embeddable":true,"href":"https:\/\/head-beauty.com\/fr\/wp-json\/wp\/v2\/product_tag?post=27233"}],"curies":[{"name":"wp","href":"https:\/\/api.w.org\/{rel}","templated":true}]}}