{"id":28267,"date":"2024-12-02T15:08:40","date_gmt":"2024-12-02T12:08:40","guid":{"rendered":"https:\/\/head-beauty.com\/product\/px-02-poussoir-a-cuticules-professionnel-x-line-pieces-de-travail-extremite-arrondie-extremite-droite\/"},"modified":"2024-12-02T15:08:40","modified_gmt":"2024-12-02T12:08:40","slug":"px-02-poussoir-a-cuticules-professionnel-x-line-pieces-de-travail-extremite-arrondie-extremite-droite","status":"publish","type":"product","link":"https:\/\/head-beauty.com\/fr\/produit\/px-02-poussoir-a-cuticules-professionnel-x-line-pieces-de-travail-extremite-arrondie-extremite-droite\/","title":{"rendered":"PX-02 Poussoir \u00e0 cuticules professionnel X-line, Pi\u00e8ces de travail : extr\u00e9mit\u00e9 arrondie &#8211; extr\u00e9mit\u00e9 droite"},"content":{"rendered":"<p>Poign\u00e9es confortables avec encoches pour \u00e9viter que l\u2019outil ne glisse dans les mains du ma\u00eetre, polissage brillant de la partie travaillante, adapt\u00e9 \u00e0 diff\u00e9rentes techniques de manucure et de p\u00e9dicure, en particulier la technique des autocollants, haute r\u00e9sistance \u00e0 la corrosion, extr\u00eamement pratique pour les d\u00e9butants<\/p>\n","protected":false},"excerpt":{"rendered":"<p>Poign\u00e9es confortables avec encoches pour \u00e9viter que l\u2019outil ne glisse dans les mains du ma\u00eetre, polissage brillant de la partie travaillante, adapt\u00e9 \u00e0 diff\u00e9rentes techniques de manucure et de p\u00e9dicure, en particulier la technique des autocollants, haute r\u00e9sistance \u00e0 la corrosion, extr\u00eamement pratique pour les d\u00e9butants<\/p>\n","protected":false},"featured_media":19430,"template":"","meta":{"_acf_changed":false},"product_brand":[],"product_cat":[1044],"product_tag":[1046],"class_list":{"0":"post-28267","1":"product","2":"type-product","3":"status-publish","4":"has-post-thumbnail","6":"product_cat-poussoirs","7":"product_tag-poussoirs-x-line","9":"first","10":"instock","11":"sale","12":"taxable","13":"shipping-taxable","14":"purchasable","15":"product-type-simple"},"acf":[],"yoast_head":"<!-- This site is optimized with the Yoast SEO plugin v24.8.1 - https:\/\/yoast.com\/wordpress\/plugins\/seo\/ -->\n<title>PX-02 Poussoir \u00e0 cuticules professionnel X-line, Pi\u00e8ces de travail : extr\u00e9mit\u00e9 arrondie - extr\u00e9mit\u00e9 droite - Head Beauty<\/title>\n<meta name=\"robots\" content=\"index, follow, max-snippet:-1, max-image-preview:large, max-video-preview:-1\" \/>\n<link rel=\"canonical\" href=\"https:\/\/head-beauty.com\/fr\/produit\/px-02-poussoir-a-cuticules-professionnel-x-line-pieces-de-travail-extremite-arrondie-extremite-droite\/\" \/>\n<meta property=\"og:locale\" content=\"fr_FR\" \/>\n<meta property=\"og:type\" content=\"article\" \/>\n<meta property=\"og:title\" content=\"PX-02 Poussoir \u00e0 cuticules professionnel X-line, Pi\u00e8ces de travail : extr\u00e9mit\u00e9 arrondie - extr\u00e9mit\u00e9 droite - Head Beauty\" \/>\n<meta property=\"og:description\" content=\"Poign\u00e9es confortables avec encoches pour \u00e9viter que l\u2019outil ne glisse dans les mains du ma\u00eetre, polissage brillant de la partie travaillante, adapt\u00e9 \u00e0 diff\u00e9rentes techniques de manucure et de p\u00e9dicure, en particulier la technique des autocollants, haute r\u00e9sistance \u00e0 la corrosion, extr\u00eamement pratique pour les d\u00e9butants\" \/>\n<meta property=\"og:url\" content=\"https:\/\/head-beauty.com\/fr\/produit\/px-02-poussoir-a-cuticules-professionnel-x-line-pieces-de-travail-extremite-arrondie-extremite-droite\/\" \/>\n<meta property=\"og:site_name\" content=\"Head Beauty\" \/>\n<meta property=\"og:image\" content=\"https:\/\/head-beauty.com\/wp-content\/uploads\/2024\/12\/PX-02.jpg\" \/>\n\t<meta property=\"og:image:width\" content=\"1920\" \/>\n\t<meta property=\"og:image:height\" content=\"1920\" \/>\n\t<meta property=\"og:image:type\" content=\"image\/jpeg\" \/>\n<meta name=\"twitter:card\" content=\"summary_large_image\" \/>\n<script type=\"application\/ld+json\" class=\"yoast-schema-graph\">{\"@context\":\"https:\/\/schema.org\",\"@graph\":[{\"@type\":\"WebPage\",\"@id\":\"https:\/\/head-beauty.com\/fr\/produit\/px-02-poussoir-a-cuticules-professionnel-x-line-pieces-de-travail-extremite-arrondie-extremite-droite\/\",\"url\":\"https:\/\/head-beauty.com\/fr\/produit\/px-02-poussoir-a-cuticules-professionnel-x-line-pieces-de-travail-extremite-arrondie-extremite-droite\/\",\"name\":\"PX-02 Poussoir \u00e0 cuticules professionnel X-line, Pi\u00e8ces de travail : extr\u00e9mit\u00e9 arrondie - extr\u00e9mit\u00e9 droite - Head Beauty\",\"isPartOf\":{\"@id\":\"https:\/\/head-beauty.com\/fr\/#website\"},\"primaryImageOfPage\":{\"@id\":\"https:\/\/head-beauty.com\/fr\/produit\/px-02-poussoir-a-cuticules-professionnel-x-line-pieces-de-travail-extremite-arrondie-extremite-droite\/#primaryimage\"},\"image\":{\"@id\":\"https:\/\/head-beauty.com\/fr\/produit\/px-02-poussoir-a-cuticules-professionnel-x-line-pieces-de-travail-extremite-arrondie-extremite-droite\/#primaryimage\"},\"thumbnailUrl\":\"https:\/\/head-beauty.com\/wp-content\/uploads\/2024\/12\/PX-02.jpg\",\"datePublished\":\"2024-12-02T12:08:40+00:00\",\"breadcrumb\":{\"@id\":\"https:\/\/head-beauty.com\/fr\/produit\/px-02-poussoir-a-cuticules-professionnel-x-line-pieces-de-travail-extremite-arrondie-extremite-droite\/#breadcrumb\"},\"inLanguage\":\"fr-FR\",\"potentialAction\":[{\"@type\":\"ReadAction\",\"target\":[\"https:\/\/head-beauty.com\/fr\/produit\/px-02-poussoir-a-cuticules-professionnel-x-line-pieces-de-travail-extremite-arrondie-extremite-droite\/\"]}]},{\"@type\":\"ImageObject\",\"inLanguage\":\"fr-FR\",\"@id\":\"https:\/\/head-beauty.com\/fr\/produit\/px-02-poussoir-a-cuticules-professionnel-x-line-pieces-de-travail-extremite-arrondie-extremite-droite\/#primaryimage\",\"url\":\"https:\/\/head-beauty.com\/wp-content\/uploads\/2024\/12\/PX-02.jpg\",\"contentUrl\":\"https:\/\/head-beauty.com\/wp-content\/uploads\/2024\/12\/PX-02.jpg\",\"width\":1920,\"height\":1920,\"caption\":\"Poign\u00e9es confortables avec encoches pour \u00e9viter que l\u2019outil ne glisse dans les mains du ma\u00eetre, polissage brillant de la partie travaillante, adapt\u00e9 \u00e0 diff\u00e9rentes techniques de manucure et de p\u00e9dicure, en particulier la technique des autocollants, haute r\u00e9sistance \u00e0 la corrosion, extr\u00eamement pratique pour les d\u00e9butants\"},{\"@type\":\"BreadcrumbList\",\"@id\":\"https:\/\/head-beauty.com\/fr\/produit\/px-02-poussoir-a-cuticules-professionnel-x-line-pieces-de-travail-extremite-arrondie-extremite-droite\/#breadcrumb\",\"itemListElement\":[{\"@type\":\"ListItem\",\"position\":1,\"name\":\"Home\",\"item\":\"https:\/\/head-beauty.com\/fr\/\"},{\"@type\":\"ListItem\",\"position\":2,\"name\":\"Boutique\",\"item\":\"https:\/\/head-beauty.com\/fr\/boutique\/\"},{\"@type\":\"ListItem\",\"position\":3,\"name\":\"PX-02 Poussoir \u00e0 cuticules professionnel X-line, Pi\u00e8ces de travail : extr\u00e9mit\u00e9 arrondie &#8211; extr\u00e9mit\u00e9 droite\"}]},{\"@type\":\"WebSite\",\"@id\":\"https:\/\/head-beauty.com\/fr\/#website\",\"url\":\"https:\/\/head-beauty.com\/fr\/\",\"name\":\"Head - The Beauty Tools\",\"description\":\"\",\"publisher\":{\"@id\":\"https:\/\/head-beauty.com\/fr\/#organization\"},\"potentialAction\":[{\"@type\":\"SearchAction\",\"target\":{\"@type\":\"EntryPoint\",\"urlTemplate\":\"https:\/\/head-beauty.com\/fr\/?s={search_term_string}\"},\"query-input\":{\"@type\":\"PropertyValueSpecification\",\"valueRequired\":true,\"valueName\":\"search_term_string\"}}],\"inLanguage\":\"fr-FR\"},{\"@type\":\"Organization\",\"@id\":\"https:\/\/head-beauty.com\/fr\/#organization\",\"name\":\"Head - The Beauty Tools\",\"url\":\"https:\/\/head-beauty.com\/fr\/\",\"logo\":{\"@type\":\"ImageObject\",\"inLanguage\":\"fr-FR\",\"@id\":\"https:\/\/head-beauty.com\/fr\/#\/schema\/logo\/image\/\",\"url\":\"https:\/\/head-beauty.com\/wp-content\/uploads\/2024\/10\/head-beauty-logo.svg\",\"contentUrl\":\"https:\/\/head-beauty.com\/wp-content\/uploads\/2024\/10\/head-beauty-logo.svg\",\"width\":411.20999999999997953636921010911464691162109375,\"height\":200,\"caption\":\"Head - The Beauty Tools\"},\"image\":{\"@id\":\"https:\/\/head-beauty.com\/fr\/#\/schema\/logo\/image\/\"}}]}<\/script>\n<!-- \/ Yoast SEO plugin. -->","yoast_head_json":{"title":"PX-02 Poussoir \u00e0 cuticules professionnel X-line, Pi\u00e8ces de travail : extr\u00e9mit\u00e9 arrondie - extr\u00e9mit\u00e9 droite - Head Beauty","robots":{"index":"index","follow":"follow","max-snippet":"max-snippet:-1","max-image-preview":"max-image-preview:large","max-video-preview":"max-video-preview:-1"},"canonical":"https:\/\/head-beauty.com\/fr\/produit\/px-02-poussoir-a-cuticules-professionnel-x-line-pieces-de-travail-extremite-arrondie-extremite-droite\/","og_locale":"fr_FR","og_type":"article","og_title":"PX-02 Poussoir \u00e0 cuticules professionnel X-line, Pi\u00e8ces de travail : extr\u00e9mit\u00e9 arrondie - extr\u00e9mit\u00e9 droite - Head Beauty","og_description":"Poign\u00e9es confortables avec encoches pour \u00e9viter que l\u2019outil ne glisse dans les mains du ma\u00eetre, polissage brillant de la partie travaillante, adapt\u00e9 \u00e0 diff\u00e9rentes techniques de manucure et de p\u00e9dicure, en particulier la technique des autocollants, haute r\u00e9sistance \u00e0 la corrosion, extr\u00eamement pratique pour les d\u00e9butants","og_url":"https:\/\/head-beauty.com\/fr\/produit\/px-02-poussoir-a-cuticules-professionnel-x-line-pieces-de-travail-extremite-arrondie-extremite-droite\/","og_site_name":"Head Beauty","og_image":[{"width":1920,"height":1920,"url":"https:\/\/head-beauty.com\/wp-content\/uploads\/2024\/12\/PX-02.jpg","type":"image\/jpeg"}],"twitter_card":"summary_large_image","schema":{"@context":"https:\/\/schema.org","@graph":[{"@type":"WebPage","@id":"https:\/\/head-beauty.com\/fr\/produit\/px-02-poussoir-a-cuticules-professionnel-x-line-pieces-de-travail-extremite-arrondie-extremite-droite\/","url":"https:\/\/head-beauty.com\/fr\/produit\/px-02-poussoir-a-cuticules-professionnel-x-line-pieces-de-travail-extremite-arrondie-extremite-droite\/","name":"PX-02 Poussoir \u00e0 cuticules professionnel X-line, Pi\u00e8ces de travail : extr\u00e9mit\u00e9 arrondie - extr\u00e9mit\u00e9 droite - Head Beauty","isPartOf":{"@id":"https:\/\/head-beauty.com\/fr\/#website"},"primaryImageOfPage":{"@id":"https:\/\/head-beauty.com\/fr\/produit\/px-02-poussoir-a-cuticules-professionnel-x-line-pieces-de-travail-extremite-arrondie-extremite-droite\/#primaryimage"},"image":{"@id":"https:\/\/head-beauty.com\/fr\/produit\/px-02-poussoir-a-cuticules-professionnel-x-line-pieces-de-travail-extremite-arrondie-extremite-droite\/#primaryimage"},"thumbnailUrl":"https:\/\/head-beauty.com\/wp-content\/uploads\/2024\/12\/PX-02.jpg","datePublished":"2024-12-02T12:08:40+00:00","breadcrumb":{"@id":"https:\/\/head-beauty.com\/fr\/produit\/px-02-poussoir-a-cuticules-professionnel-x-line-pieces-de-travail-extremite-arrondie-extremite-droite\/#breadcrumb"},"inLanguage":"fr-FR","potentialAction":[{"@type":"ReadAction","target":["https:\/\/head-beauty.com\/fr\/produit\/px-02-poussoir-a-cuticules-professionnel-x-line-pieces-de-travail-extremite-arrondie-extremite-droite\/"]}]},{"@type":"ImageObject","inLanguage":"fr-FR","@id":"https:\/\/head-beauty.com\/fr\/produit\/px-02-poussoir-a-cuticules-professionnel-x-line-pieces-de-travail-extremite-arrondie-extremite-droite\/#primaryimage","url":"https:\/\/head-beauty.com\/wp-content\/uploads\/2024\/12\/PX-02.jpg","contentUrl":"https:\/\/head-beauty.com\/wp-content\/uploads\/2024\/12\/PX-02.jpg","width":1920,"height":1920,"caption":"Poign\u00e9es confortables avec encoches pour \u00e9viter que l\u2019outil ne glisse dans les mains du ma\u00eetre, polissage brillant de la partie travaillante, adapt\u00e9 \u00e0 diff\u00e9rentes techniques de manucure et de p\u00e9dicure, en particulier la technique des autocollants, haute r\u00e9sistance \u00e0 la corrosion, extr\u00eamement pratique pour les d\u00e9butants"},{"@type":"BreadcrumbList","@id":"https:\/\/head-beauty.com\/fr\/produit\/px-02-poussoir-a-cuticules-professionnel-x-line-pieces-de-travail-extremite-arrondie-extremite-droite\/#breadcrumb","itemListElement":[{"@type":"ListItem","position":1,"name":"Home","item":"https:\/\/head-beauty.com\/fr\/"},{"@type":"ListItem","position":2,"name":"Boutique","item":"https:\/\/head-beauty.com\/fr\/boutique\/"},{"@type":"ListItem","position":3,"name":"PX-02 Poussoir \u00e0 cuticules professionnel X-line, Pi\u00e8ces de travail : extr\u00e9mit\u00e9 arrondie &#8211; extr\u00e9mit\u00e9 droite"}]},{"@type":"WebSite","@id":"https:\/\/head-beauty.com\/fr\/#website","url":"https:\/\/head-beauty.com\/fr\/","name":"Head - The Beauty Tools","description":"","publisher":{"@id":"https:\/\/head-beauty.com\/fr\/#organization"},"potentialAction":[{"@type":"SearchAction","target":{"@type":"EntryPoint","urlTemplate":"https:\/\/head-beauty.com\/fr\/?s={search_term_string}"},"query-input":{"@type":"PropertyValueSpecification","valueRequired":true,"valueName":"search_term_string"}}],"inLanguage":"fr-FR"},{"@type":"Organization","@id":"https:\/\/head-beauty.com\/fr\/#organization","name":"Head - The Beauty Tools","url":"https:\/\/head-beauty.com\/fr\/","logo":{"@type":"ImageObject","inLanguage":"fr-FR","@id":"https:\/\/head-beauty.com\/fr\/#\/schema\/logo\/image\/","url":"https:\/\/head-beauty.com\/wp-content\/uploads\/2024\/10\/head-beauty-logo.svg","contentUrl":"https:\/\/head-beauty.com\/wp-content\/uploads\/2024\/10\/head-beauty-logo.svg","width":411.20999999999997953636921010911464691162109375,"height":200,"caption":"Head - The Beauty Tools"},"image":{"@id":"https:\/\/head-beauty.com\/fr\/#\/schema\/logo\/image\/"}}]}},"_links":{"self":[{"href":"https:\/\/head-beauty.com\/fr\/wp-json\/wp\/v2\/product\/28267","targetHints":{"allow":["GET"]}}],"collection":[{"href":"https:\/\/head-beauty.com\/fr\/wp-json\/wp\/v2\/product"}],"about":[{"href":"https:\/\/head-beauty.com\/fr\/wp-json\/wp\/v2\/types\/product"}],"wp:featuredmedia":[{"embeddable":true,"href":"https:\/\/head-beauty.com\/fr\/wp-json\/wp\/v2\/media\/19430"}],"wp:attachment":[{"href":"https:\/\/head-beauty.com\/fr\/wp-json\/wp\/v2\/media?parent=28267"}],"wp:term":[{"taxonomy":"product_brand","embeddable":true,"href":"https:\/\/head-beauty.com\/fr\/wp-json\/wp\/v2\/product_brand?post=28267"},{"taxonomy":"product_cat","embeddable":true,"href":"https:\/\/head-beauty.com\/fr\/wp-json\/wp\/v2\/product_cat?post=28267"},{"taxonomy":"product_tag","embeddable":true,"href":"https:\/\/head-beauty.com\/fr\/wp-json\/wp\/v2\/product_tag?post=28267"}],"curies":[{"name":"wp","href":"https:\/\/api.w.org\/{rel}","templated":true}]}}