{"id":28277,"date":"2024-12-02T15:09:24","date_gmt":"2024-12-02T12:09:24","guid":{"rendered":"https:\/\/head-beauty.com\/product\/px-05-poussoir-a-cuticules-professionnel-x-line-pieces-de-travail-spatule-etroite-hachette\/"},"modified":"2024-12-02T15:09:24","modified_gmt":"2024-12-02T12:09:24","slug":"px-05-poussoir-a-cuticules-professionnel-x-line-pieces-de-travail-spatule-etroite-hachette","status":"publish","type":"product","link":"https:\/\/head-beauty.com\/fr\/produit\/px-05-poussoir-a-cuticules-professionnel-x-line-pieces-de-travail-spatule-etroite-hachette\/","title":{"rendered":"PX-05 Poussoir \u00e0 cuticules professionnel X-line, Pi\u00e8ces de travail : spatule \u00e9troite &#8211; hachette"},"content":{"rendered":"<p>Poign\u00e9es confortables avec encoches pour \u00e9viter que l\u2019outil ne glisse dans les mains du ma\u00eetre, polissage brillant de la partie travaillante, pi\u00e8ces de travail pour un travail pr\u00e9cis et pr\u00e9cis dans les endroits et les coins difficiles d\u2019acc\u00e8s, adapt\u00e9es \u00e0 diff\u00e9rentes techniques de manucure et de p\u00e9dicure, haute r\u00e9sistance \u00e0 la corrosion, adapt\u00e9e aux d\u00e9butants et aux professionnels<\/p>\n","protected":false},"excerpt":{"rendered":"<p>Poign\u00e9es confortables avec encoches pour \u00e9viter que l\u2019outil ne glisse dans les mains du ma\u00eetre, polissage brillant de la partie travaillante, pi\u00e8ces de travail pour un travail pr\u00e9cis et pr\u00e9cis dans les endroits et les coins difficiles d\u2019acc\u00e8s, adapt\u00e9es \u00e0 diff\u00e9rentes techniques de manucure et de p\u00e9dicure, haute r\u00e9sistance \u00e0 la corrosion, adapt\u00e9e aux d\u00e9butants et aux professionnels<\/p>\n","protected":false},"featured_media":19463,"template":"","meta":{"_acf_changed":false},"product_brand":[],"product_cat":[1044],"product_tag":[1046],"class_list":{"0":"post-28277","1":"product","2":"type-product","3":"status-publish","4":"has-post-thumbnail","6":"product_cat-poussoirs","7":"product_tag-poussoirs-x-line","9":"first","10":"instock","11":"taxable","12":"shipping-taxable","13":"purchasable","14":"product-type-simple"},"acf":[],"yoast_head":"<!-- This site is optimized with the Yoast SEO plugin v24.8.1 - https:\/\/yoast.com\/wordpress\/plugins\/seo\/ -->\n<title>PX-05 Poussoir \u00e0 cuticules professionnel X-line, Pi\u00e8ces de travail : spatule \u00e9troite - hachette - Head Beauty<\/title>\n<meta name=\"robots\" content=\"index, follow, max-snippet:-1, max-image-preview:large, max-video-preview:-1\" \/>\n<link rel=\"canonical\" href=\"https:\/\/head-beauty.com\/fr\/produit\/px-05-poussoir-a-cuticules-professionnel-x-line-pieces-de-travail-spatule-etroite-hachette\/\" \/>\n<meta property=\"og:locale\" content=\"fr_FR\" \/>\n<meta property=\"og:type\" content=\"article\" \/>\n<meta property=\"og:title\" content=\"PX-05 Poussoir \u00e0 cuticules professionnel X-line, Pi\u00e8ces de travail : spatule \u00e9troite - hachette - Head Beauty\" \/>\n<meta property=\"og:description\" content=\"Poign\u00e9es confortables avec encoches pour \u00e9viter que l\u2019outil ne glisse dans les mains du ma\u00eetre, polissage brillant de la partie travaillante, pi\u00e8ces de travail pour un travail pr\u00e9cis et pr\u00e9cis dans les endroits et les coins difficiles d\u2019acc\u00e8s, adapt\u00e9es \u00e0 diff\u00e9rentes techniques de manucure et de p\u00e9dicure, haute r\u00e9sistance \u00e0 la corrosion, adapt\u00e9e aux d\u00e9butants et aux professionnels\" \/>\n<meta property=\"og:url\" content=\"https:\/\/head-beauty.com\/fr\/produit\/px-05-poussoir-a-cuticules-professionnel-x-line-pieces-de-travail-spatule-etroite-hachette\/\" \/>\n<meta property=\"og:site_name\" content=\"Head Beauty\" \/>\n<meta property=\"og:image\" content=\"https:\/\/head-beauty.com\/wp-content\/uploads\/2024\/12\/PX-05.jpg\" \/>\n\t<meta property=\"og:image:width\" content=\"1080\" \/>\n\t<meta property=\"og:image:height\" content=\"1080\" \/>\n\t<meta property=\"og:image:type\" content=\"image\/jpeg\" \/>\n<meta name=\"twitter:card\" content=\"summary_large_image\" \/>\n<script type=\"application\/ld+json\" class=\"yoast-schema-graph\">{\"@context\":\"https:\/\/schema.org\",\"@graph\":[{\"@type\":\"WebPage\",\"@id\":\"https:\/\/head-beauty.com\/fr\/produit\/px-05-poussoir-a-cuticules-professionnel-x-line-pieces-de-travail-spatule-etroite-hachette\/\",\"url\":\"https:\/\/head-beauty.com\/fr\/produit\/px-05-poussoir-a-cuticules-professionnel-x-line-pieces-de-travail-spatule-etroite-hachette\/\",\"name\":\"PX-05 Poussoir \u00e0 cuticules professionnel X-line, Pi\u00e8ces de travail : spatule \u00e9troite - hachette - Head Beauty\",\"isPartOf\":{\"@id\":\"https:\/\/head-beauty.com\/fr\/#website\"},\"primaryImageOfPage\":{\"@id\":\"https:\/\/head-beauty.com\/fr\/produit\/px-05-poussoir-a-cuticules-professionnel-x-line-pieces-de-travail-spatule-etroite-hachette\/#primaryimage\"},\"image\":{\"@id\":\"https:\/\/head-beauty.com\/fr\/produit\/px-05-poussoir-a-cuticules-professionnel-x-line-pieces-de-travail-spatule-etroite-hachette\/#primaryimage\"},\"thumbnailUrl\":\"https:\/\/head-beauty.com\/wp-content\/uploads\/2024\/12\/PX-05.jpg\",\"datePublished\":\"2024-12-02T12:09:24+00:00\",\"breadcrumb\":{\"@id\":\"https:\/\/head-beauty.com\/fr\/produit\/px-05-poussoir-a-cuticules-professionnel-x-line-pieces-de-travail-spatule-etroite-hachette\/#breadcrumb\"},\"inLanguage\":\"fr-FR\",\"potentialAction\":[{\"@type\":\"ReadAction\",\"target\":[\"https:\/\/head-beauty.com\/fr\/produit\/px-05-poussoir-a-cuticules-professionnel-x-line-pieces-de-travail-spatule-etroite-hachette\/\"]}]},{\"@type\":\"ImageObject\",\"inLanguage\":\"fr-FR\",\"@id\":\"https:\/\/head-beauty.com\/fr\/produit\/px-05-poussoir-a-cuticules-professionnel-x-line-pieces-de-travail-spatule-etroite-hachette\/#primaryimage\",\"url\":\"https:\/\/head-beauty.com\/wp-content\/uploads\/2024\/12\/PX-05.jpg\",\"contentUrl\":\"https:\/\/head-beauty.com\/wp-content\/uploads\/2024\/12\/PX-05.jpg\",\"width\":1080,\"height\":1080,\"caption\":\"Poign\u00e9es confortables avec encoches pour \u00e9viter que l\u2019outil ne glisse dans les mains du ma\u00eetre, polissage brillant de la partie travaillante, pi\u00e8ces de travail pour un travail pr\u00e9cis et pr\u00e9cis dans les endroits et les coins difficiles d\u2019acc\u00e8s, adapt\u00e9es \u00e0 diff\u00e9rentes techniques de manucure et de p\u00e9dicure, haute r\u00e9sistance \u00e0 la corrosion, adapt\u00e9e aux d\u00e9butants et aux professionnels\"},{\"@type\":\"BreadcrumbList\",\"@id\":\"https:\/\/head-beauty.com\/fr\/produit\/px-05-poussoir-a-cuticules-professionnel-x-line-pieces-de-travail-spatule-etroite-hachette\/#breadcrumb\",\"itemListElement\":[{\"@type\":\"ListItem\",\"position\":1,\"name\":\"Home\",\"item\":\"https:\/\/head-beauty.com\/fr\/\"},{\"@type\":\"ListItem\",\"position\":2,\"name\":\"Boutique\",\"item\":\"https:\/\/head-beauty.com\/fr\/boutique\/\"},{\"@type\":\"ListItem\",\"position\":3,\"name\":\"PX-05 Poussoir \u00e0 cuticules professionnel X-line, Pi\u00e8ces de travail : spatule \u00e9troite &#8211; hachette\"}]},{\"@type\":\"WebSite\",\"@id\":\"https:\/\/head-beauty.com\/fr\/#website\",\"url\":\"https:\/\/head-beauty.com\/fr\/\",\"name\":\"Head - The Beauty Tools\",\"description\":\"\",\"publisher\":{\"@id\":\"https:\/\/head-beauty.com\/fr\/#organization\"},\"potentialAction\":[{\"@type\":\"SearchAction\",\"target\":{\"@type\":\"EntryPoint\",\"urlTemplate\":\"https:\/\/head-beauty.com\/fr\/?s={search_term_string}\"},\"query-input\":{\"@type\":\"PropertyValueSpecification\",\"valueRequired\":true,\"valueName\":\"search_term_string\"}}],\"inLanguage\":\"fr-FR\"},{\"@type\":\"Organization\",\"@id\":\"https:\/\/head-beauty.com\/fr\/#organization\",\"name\":\"Head - The Beauty Tools\",\"url\":\"https:\/\/head-beauty.com\/fr\/\",\"logo\":{\"@type\":\"ImageObject\",\"inLanguage\":\"fr-FR\",\"@id\":\"https:\/\/head-beauty.com\/fr\/#\/schema\/logo\/image\/\",\"url\":\"https:\/\/head-beauty.com\/wp-content\/uploads\/2024\/10\/head-beauty-logo.svg\",\"contentUrl\":\"https:\/\/head-beauty.com\/wp-content\/uploads\/2024\/10\/head-beauty-logo.svg\",\"width\":411.20999999999997953636921010911464691162109375,\"height\":200,\"caption\":\"Head - The Beauty Tools\"},\"image\":{\"@id\":\"https:\/\/head-beauty.com\/fr\/#\/schema\/logo\/image\/\"}}]}<\/script>\n<!-- \/ Yoast SEO plugin. -->","yoast_head_json":{"title":"PX-05 Poussoir \u00e0 cuticules professionnel X-line, Pi\u00e8ces de travail : spatule \u00e9troite - hachette - Head Beauty","robots":{"index":"index","follow":"follow","max-snippet":"max-snippet:-1","max-image-preview":"max-image-preview:large","max-video-preview":"max-video-preview:-1"},"canonical":"https:\/\/head-beauty.com\/fr\/produit\/px-05-poussoir-a-cuticules-professionnel-x-line-pieces-de-travail-spatule-etroite-hachette\/","og_locale":"fr_FR","og_type":"article","og_title":"PX-05 Poussoir \u00e0 cuticules professionnel X-line, Pi\u00e8ces de travail : spatule \u00e9troite - hachette - Head Beauty","og_description":"Poign\u00e9es confortables avec encoches pour \u00e9viter que l\u2019outil ne glisse dans les mains du ma\u00eetre, polissage brillant de la partie travaillante, pi\u00e8ces de travail pour un travail pr\u00e9cis et pr\u00e9cis dans les endroits et les coins difficiles d\u2019acc\u00e8s, adapt\u00e9es \u00e0 diff\u00e9rentes techniques de manucure et de p\u00e9dicure, haute r\u00e9sistance \u00e0 la corrosion, adapt\u00e9e aux d\u00e9butants et aux professionnels","og_url":"https:\/\/head-beauty.com\/fr\/produit\/px-05-poussoir-a-cuticules-professionnel-x-line-pieces-de-travail-spatule-etroite-hachette\/","og_site_name":"Head Beauty","og_image":[{"width":1080,"height":1080,"url":"https:\/\/head-beauty.com\/wp-content\/uploads\/2024\/12\/PX-05.jpg","type":"image\/jpeg"}],"twitter_card":"summary_large_image","schema":{"@context":"https:\/\/schema.org","@graph":[{"@type":"WebPage","@id":"https:\/\/head-beauty.com\/fr\/produit\/px-05-poussoir-a-cuticules-professionnel-x-line-pieces-de-travail-spatule-etroite-hachette\/","url":"https:\/\/head-beauty.com\/fr\/produit\/px-05-poussoir-a-cuticules-professionnel-x-line-pieces-de-travail-spatule-etroite-hachette\/","name":"PX-05 Poussoir \u00e0 cuticules professionnel X-line, Pi\u00e8ces de travail : spatule \u00e9troite - hachette - Head Beauty","isPartOf":{"@id":"https:\/\/head-beauty.com\/fr\/#website"},"primaryImageOfPage":{"@id":"https:\/\/head-beauty.com\/fr\/produit\/px-05-poussoir-a-cuticules-professionnel-x-line-pieces-de-travail-spatule-etroite-hachette\/#primaryimage"},"image":{"@id":"https:\/\/head-beauty.com\/fr\/produit\/px-05-poussoir-a-cuticules-professionnel-x-line-pieces-de-travail-spatule-etroite-hachette\/#primaryimage"},"thumbnailUrl":"https:\/\/head-beauty.com\/wp-content\/uploads\/2024\/12\/PX-05.jpg","datePublished":"2024-12-02T12:09:24+00:00","breadcrumb":{"@id":"https:\/\/head-beauty.com\/fr\/produit\/px-05-poussoir-a-cuticules-professionnel-x-line-pieces-de-travail-spatule-etroite-hachette\/#breadcrumb"},"inLanguage":"fr-FR","potentialAction":[{"@type":"ReadAction","target":["https:\/\/head-beauty.com\/fr\/produit\/px-05-poussoir-a-cuticules-professionnel-x-line-pieces-de-travail-spatule-etroite-hachette\/"]}]},{"@type":"ImageObject","inLanguage":"fr-FR","@id":"https:\/\/head-beauty.com\/fr\/produit\/px-05-poussoir-a-cuticules-professionnel-x-line-pieces-de-travail-spatule-etroite-hachette\/#primaryimage","url":"https:\/\/head-beauty.com\/wp-content\/uploads\/2024\/12\/PX-05.jpg","contentUrl":"https:\/\/head-beauty.com\/wp-content\/uploads\/2024\/12\/PX-05.jpg","width":1080,"height":1080,"caption":"Poign\u00e9es confortables avec encoches pour \u00e9viter que l\u2019outil ne glisse dans les mains du ma\u00eetre, polissage brillant de la partie travaillante, pi\u00e8ces de travail pour un travail pr\u00e9cis et pr\u00e9cis dans les endroits et les coins difficiles d\u2019acc\u00e8s, adapt\u00e9es \u00e0 diff\u00e9rentes techniques de manucure et de p\u00e9dicure, haute r\u00e9sistance \u00e0 la corrosion, adapt\u00e9e aux d\u00e9butants et aux professionnels"},{"@type":"BreadcrumbList","@id":"https:\/\/head-beauty.com\/fr\/produit\/px-05-poussoir-a-cuticules-professionnel-x-line-pieces-de-travail-spatule-etroite-hachette\/#breadcrumb","itemListElement":[{"@type":"ListItem","position":1,"name":"Home","item":"https:\/\/head-beauty.com\/fr\/"},{"@type":"ListItem","position":2,"name":"Boutique","item":"https:\/\/head-beauty.com\/fr\/boutique\/"},{"@type":"ListItem","position":3,"name":"PX-05 Poussoir \u00e0 cuticules professionnel X-line, Pi\u00e8ces de travail : spatule \u00e9troite &#8211; hachette"}]},{"@type":"WebSite","@id":"https:\/\/head-beauty.com\/fr\/#website","url":"https:\/\/head-beauty.com\/fr\/","name":"Head - The Beauty Tools","description":"","publisher":{"@id":"https:\/\/head-beauty.com\/fr\/#organization"},"potentialAction":[{"@type":"SearchAction","target":{"@type":"EntryPoint","urlTemplate":"https:\/\/head-beauty.com\/fr\/?s={search_term_string}"},"query-input":{"@type":"PropertyValueSpecification","valueRequired":true,"valueName":"search_term_string"}}],"inLanguage":"fr-FR"},{"@type":"Organization","@id":"https:\/\/head-beauty.com\/fr\/#organization","name":"Head - The Beauty Tools","url":"https:\/\/head-beauty.com\/fr\/","logo":{"@type":"ImageObject","inLanguage":"fr-FR","@id":"https:\/\/head-beauty.com\/fr\/#\/schema\/logo\/image\/","url":"https:\/\/head-beauty.com\/wp-content\/uploads\/2024\/10\/head-beauty-logo.svg","contentUrl":"https:\/\/head-beauty.com\/wp-content\/uploads\/2024\/10\/head-beauty-logo.svg","width":411.20999999999997953636921010911464691162109375,"height":200,"caption":"Head - The Beauty Tools"},"image":{"@id":"https:\/\/head-beauty.com\/fr\/#\/schema\/logo\/image\/"}}]}},"_links":{"self":[{"href":"https:\/\/head-beauty.com\/fr\/wp-json\/wp\/v2\/product\/28277","targetHints":{"allow":["GET"]}}],"collection":[{"href":"https:\/\/head-beauty.com\/fr\/wp-json\/wp\/v2\/product"}],"about":[{"href":"https:\/\/head-beauty.com\/fr\/wp-json\/wp\/v2\/types\/product"}],"wp:featuredmedia":[{"embeddable":true,"href":"https:\/\/head-beauty.com\/fr\/wp-json\/wp\/v2\/media\/19463"}],"wp:attachment":[{"href":"https:\/\/head-beauty.com\/fr\/wp-json\/wp\/v2\/media?parent=28277"}],"wp:term":[{"taxonomy":"product_brand","embeddable":true,"href":"https:\/\/head-beauty.com\/fr\/wp-json\/wp\/v2\/product_brand?post=28277"},{"taxonomy":"product_cat","embeddable":true,"href":"https:\/\/head-beauty.com\/fr\/wp-json\/wp\/v2\/product_cat?post=28277"},{"taxonomy":"product_tag","embeddable":true,"href":"https:\/\/head-beauty.com\/fr\/wp-json\/wp\/v2\/product_tag?post=28277"}],"curies":[{"name":"wp","href":"https:\/\/api.w.org\/{rel}","templated":true}]}}