{"id":28563,"date":"2024-12-02T15:24:41","date_gmt":"2024-12-02T12:24:41","guid":{"rendered":"https:\/\/head-beauty.com\/product\/hbz-113sr-bl065-fraise-en-ceramique-cylindre-bord-de-securite-bleu-l-130-mm-o65-mm\/"},"modified":"2024-12-02T15:24:41","modified_gmt":"2024-12-02T12:24:41","slug":"hbz-113sr-bl065-fraise-en-ceramique-cylindre-bord-de-securite-bleu-l-130-mm-o65-mm","status":"publish","type":"product","link":"https:\/\/head-beauty.com\/fr\/produit\/hbz-113sr-bl065-fraise-en-ceramique-cylindre-bord-de-securite-bleu-l-130-mm-o65-mm\/","title":{"rendered":"HBZ-113SR. BL065 Fraise en c\u00e9ramique \u00ab&nbsp;cylindre&nbsp;\u00bb bord de s\u00e9curit\u00e9, bleu, L-13,0 mm., \u00d86,5 mm"},"content":{"rendered":"<p>Pour l\u2019enl\u00e8vement de rev\u00eatements (gel, gel-lack, polygel), rayures cruti\u00e9es moyennes standard, r\u00e9sistance \u00e0 la chaleur, recommand\u00e9 pour les travaux avec des allergies<\/p>\n","protected":false},"excerpt":{"rendered":"<p>Pour l\u2019enl\u00e8vement de rev\u00eatements (gel, gel-lack, polygel), rayures cruti\u00e9es moyennes standard, r\u00e9sistance \u00e0 la chaleur, recommand\u00e9 pour les travaux avec des allergies<\/p>\n","protected":false},"featured_media":20079,"template":"","meta":{"_acf_changed":false},"product_brand":[],"product_cat":[839],"product_tag":[],"class_list":{"0":"post-28563","1":"product","2":"type-product","3":"status-publish","4":"has-post-thumbnail","6":"product_cat-fraises-en-ceramique","8":"first","9":"instock","10":"taxable","11":"shipping-taxable","12":"purchasable","13":"product-type-simple"},"acf":[],"yoast_head":"<!-- This site is optimized with the Yoast SEO plugin v24.8.1 - https:\/\/yoast.com\/wordpress\/plugins\/seo\/ -->\n<title>HBZ-113SR. BL065 Fraise en c\u00e9ramique \u00ab&nbsp;cylindre&nbsp;\u00bb bord de s\u00e9curit\u00e9, bleu, L-13,0 mm., \u00d86,5 mm - Head Beauty<\/title>\n<meta name=\"robots\" content=\"index, follow, max-snippet:-1, max-image-preview:large, max-video-preview:-1\" \/>\n<link rel=\"canonical\" href=\"https:\/\/head-beauty.com\/fr\/produit\/hbz-113sr-bl065-fraise-en-ceramique-cylindre-bord-de-securite-bleu-l-130-mm-o65-mm\/\" \/>\n<meta property=\"og:locale\" content=\"fr_FR\" \/>\n<meta property=\"og:type\" content=\"article\" \/>\n<meta property=\"og:title\" content=\"HBZ-113SR. BL065 Fraise en c\u00e9ramique \u00ab&nbsp;cylindre&nbsp;\u00bb bord de s\u00e9curit\u00e9, bleu, L-13,0 mm., \u00d86,5 mm - Head Beauty\" \/>\n<meta property=\"og:description\" content=\"Pour l\u2019enl\u00e8vement de rev\u00eatements (gel, gel-lack, polygel), rayures cruti\u00e9es moyennes standard, r\u00e9sistance \u00e0 la chaleur, recommand\u00e9 pour les travaux avec des allergies\" \/>\n<meta property=\"og:url\" content=\"https:\/\/head-beauty.com\/fr\/produit\/hbz-113sr-bl065-fraise-en-ceramique-cylindre-bord-de-securite-bleu-l-130-mm-o65-mm\/\" \/>\n<meta property=\"og:site_name\" content=\"Head Beauty\" \/>\n<meta property=\"og:image\" content=\"https:\/\/head-beauty.com\/wp-content\/uploads\/2024\/12\/HBZ-113SR.BL065-scaled.jpg\" \/>\n\t<meta property=\"og:image:width\" content=\"2560\" \/>\n\t<meta property=\"og:image:height\" content=\"2560\" \/>\n\t<meta property=\"og:image:type\" content=\"image\/jpeg\" \/>\n<meta name=\"twitter:card\" content=\"summary_large_image\" \/>\n<script type=\"application\/ld+json\" class=\"yoast-schema-graph\">{\"@context\":\"https:\/\/schema.org\",\"@graph\":[{\"@type\":\"WebPage\",\"@id\":\"https:\/\/head-beauty.com\/fr\/produit\/hbz-113sr-bl065-fraise-en-ceramique-cylindre-bord-de-securite-bleu-l-130-mm-o65-mm\/\",\"url\":\"https:\/\/head-beauty.com\/fr\/produit\/hbz-113sr-bl065-fraise-en-ceramique-cylindre-bord-de-securite-bleu-l-130-mm-o65-mm\/\",\"name\":\"HBZ-113SR. BL065 Fraise en c\u00e9ramique \u00ab&nbsp;cylindre&nbsp;\u00bb bord de s\u00e9curit\u00e9, bleu, L-13,0 mm., \u00d86,5 mm - Head Beauty\",\"isPartOf\":{\"@id\":\"https:\/\/head-beauty.com\/fr\/#website\"},\"primaryImageOfPage\":{\"@id\":\"https:\/\/head-beauty.com\/fr\/produit\/hbz-113sr-bl065-fraise-en-ceramique-cylindre-bord-de-securite-bleu-l-130-mm-o65-mm\/#primaryimage\"},\"image\":{\"@id\":\"https:\/\/head-beauty.com\/fr\/produit\/hbz-113sr-bl065-fraise-en-ceramique-cylindre-bord-de-securite-bleu-l-130-mm-o65-mm\/#primaryimage\"},\"thumbnailUrl\":\"https:\/\/head-beauty.com\/wp-content\/uploads\/2024\/12\/HBZ-113SR.BL065-scaled.jpg\",\"datePublished\":\"2024-12-02T12:24:41+00:00\",\"breadcrumb\":{\"@id\":\"https:\/\/head-beauty.com\/fr\/produit\/hbz-113sr-bl065-fraise-en-ceramique-cylindre-bord-de-securite-bleu-l-130-mm-o65-mm\/#breadcrumb\"},\"inLanguage\":\"fr-FR\",\"potentialAction\":[{\"@type\":\"ReadAction\",\"target\":[\"https:\/\/head-beauty.com\/fr\/produit\/hbz-113sr-bl065-fraise-en-ceramique-cylindre-bord-de-securite-bleu-l-130-mm-o65-mm\/\"]}]},{\"@type\":\"ImageObject\",\"inLanguage\":\"fr-FR\",\"@id\":\"https:\/\/head-beauty.com\/fr\/produit\/hbz-113sr-bl065-fraise-en-ceramique-cylindre-bord-de-securite-bleu-l-130-mm-o65-mm\/#primaryimage\",\"url\":\"https:\/\/head-beauty.com\/wp-content\/uploads\/2024\/12\/HBZ-113SR.BL065-scaled.jpg\",\"contentUrl\":\"https:\/\/head-beauty.com\/wp-content\/uploads\/2024\/12\/HBZ-113SR.BL065-scaled.jpg\",\"width\":2560,\"height\":2560,\"caption\":\"Pour l\u2019enl\u00e8vement de rev\u00eatements (gel, gel-lack, polygel), rayures cruti\u00e9es moyennes standard, r\u00e9sistance \u00e0 la chaleur, recommand\u00e9 pour les travaux avec des allergies\"},{\"@type\":\"BreadcrumbList\",\"@id\":\"https:\/\/head-beauty.com\/fr\/produit\/hbz-113sr-bl065-fraise-en-ceramique-cylindre-bord-de-securite-bleu-l-130-mm-o65-mm\/#breadcrumb\",\"itemListElement\":[{\"@type\":\"ListItem\",\"position\":1,\"name\":\"Home\",\"item\":\"https:\/\/head-beauty.com\/fr\/\"},{\"@type\":\"ListItem\",\"position\":2,\"name\":\"Boutique\",\"item\":\"https:\/\/head-beauty.com\/fr\/boutique\/\"},{\"@type\":\"ListItem\",\"position\":3,\"name\":\"HBZ-113SR. BL065 Fraise en c\u00e9ramique \u00ab&nbsp;cylindre&nbsp;\u00bb bord de s\u00e9curit\u00e9, bleu, L-13,0 mm., \u00d86,5 mm\"}]},{\"@type\":\"WebSite\",\"@id\":\"https:\/\/head-beauty.com\/fr\/#website\",\"url\":\"https:\/\/head-beauty.com\/fr\/\",\"name\":\"Head - The Beauty Tools\",\"description\":\"\",\"publisher\":{\"@id\":\"https:\/\/head-beauty.com\/fr\/#organization\"},\"potentialAction\":[{\"@type\":\"SearchAction\",\"target\":{\"@type\":\"EntryPoint\",\"urlTemplate\":\"https:\/\/head-beauty.com\/fr\/?s={search_term_string}\"},\"query-input\":{\"@type\":\"PropertyValueSpecification\",\"valueRequired\":true,\"valueName\":\"search_term_string\"}}],\"inLanguage\":\"fr-FR\"},{\"@type\":\"Organization\",\"@id\":\"https:\/\/head-beauty.com\/fr\/#organization\",\"name\":\"Head - The Beauty Tools\",\"url\":\"https:\/\/head-beauty.com\/fr\/\",\"logo\":{\"@type\":\"ImageObject\",\"inLanguage\":\"fr-FR\",\"@id\":\"https:\/\/head-beauty.com\/fr\/#\/schema\/logo\/image\/\",\"url\":\"https:\/\/head-beauty.com\/wp-content\/uploads\/2024\/10\/head-beauty-logo.svg\",\"contentUrl\":\"https:\/\/head-beauty.com\/wp-content\/uploads\/2024\/10\/head-beauty-logo.svg\",\"width\":411.20999999999997953636921010911464691162109375,\"height\":200,\"caption\":\"Head - The Beauty Tools\"},\"image\":{\"@id\":\"https:\/\/head-beauty.com\/fr\/#\/schema\/logo\/image\/\"}}]}<\/script>\n<!-- \/ Yoast SEO plugin. -->","yoast_head_json":{"title":"HBZ-113SR. BL065 Fraise en c\u00e9ramique \u00ab&nbsp;cylindre&nbsp;\u00bb bord de s\u00e9curit\u00e9, bleu, L-13,0 mm., \u00d86,5 mm - Head Beauty","robots":{"index":"index","follow":"follow","max-snippet":"max-snippet:-1","max-image-preview":"max-image-preview:large","max-video-preview":"max-video-preview:-1"},"canonical":"https:\/\/head-beauty.com\/fr\/produit\/hbz-113sr-bl065-fraise-en-ceramique-cylindre-bord-de-securite-bleu-l-130-mm-o65-mm\/","og_locale":"fr_FR","og_type":"article","og_title":"HBZ-113SR. BL065 Fraise en c\u00e9ramique \u00ab&nbsp;cylindre&nbsp;\u00bb bord de s\u00e9curit\u00e9, bleu, L-13,0 mm., \u00d86,5 mm - Head Beauty","og_description":"Pour l\u2019enl\u00e8vement de rev\u00eatements (gel, gel-lack, polygel), rayures cruti\u00e9es moyennes standard, r\u00e9sistance \u00e0 la chaleur, recommand\u00e9 pour les travaux avec des allergies","og_url":"https:\/\/head-beauty.com\/fr\/produit\/hbz-113sr-bl065-fraise-en-ceramique-cylindre-bord-de-securite-bleu-l-130-mm-o65-mm\/","og_site_name":"Head Beauty","og_image":[{"width":2560,"height":2560,"url":"https:\/\/head-beauty.com\/wp-content\/uploads\/2024\/12\/HBZ-113SR.BL065-scaled.jpg","type":"image\/jpeg"}],"twitter_card":"summary_large_image","schema":{"@context":"https:\/\/schema.org","@graph":[{"@type":"WebPage","@id":"https:\/\/head-beauty.com\/fr\/produit\/hbz-113sr-bl065-fraise-en-ceramique-cylindre-bord-de-securite-bleu-l-130-mm-o65-mm\/","url":"https:\/\/head-beauty.com\/fr\/produit\/hbz-113sr-bl065-fraise-en-ceramique-cylindre-bord-de-securite-bleu-l-130-mm-o65-mm\/","name":"HBZ-113SR. BL065 Fraise en c\u00e9ramique \u00ab&nbsp;cylindre&nbsp;\u00bb bord de s\u00e9curit\u00e9, bleu, L-13,0 mm., \u00d86,5 mm - Head Beauty","isPartOf":{"@id":"https:\/\/head-beauty.com\/fr\/#website"},"primaryImageOfPage":{"@id":"https:\/\/head-beauty.com\/fr\/produit\/hbz-113sr-bl065-fraise-en-ceramique-cylindre-bord-de-securite-bleu-l-130-mm-o65-mm\/#primaryimage"},"image":{"@id":"https:\/\/head-beauty.com\/fr\/produit\/hbz-113sr-bl065-fraise-en-ceramique-cylindre-bord-de-securite-bleu-l-130-mm-o65-mm\/#primaryimage"},"thumbnailUrl":"https:\/\/head-beauty.com\/wp-content\/uploads\/2024\/12\/HBZ-113SR.BL065-scaled.jpg","datePublished":"2024-12-02T12:24:41+00:00","breadcrumb":{"@id":"https:\/\/head-beauty.com\/fr\/produit\/hbz-113sr-bl065-fraise-en-ceramique-cylindre-bord-de-securite-bleu-l-130-mm-o65-mm\/#breadcrumb"},"inLanguage":"fr-FR","potentialAction":[{"@type":"ReadAction","target":["https:\/\/head-beauty.com\/fr\/produit\/hbz-113sr-bl065-fraise-en-ceramique-cylindre-bord-de-securite-bleu-l-130-mm-o65-mm\/"]}]},{"@type":"ImageObject","inLanguage":"fr-FR","@id":"https:\/\/head-beauty.com\/fr\/produit\/hbz-113sr-bl065-fraise-en-ceramique-cylindre-bord-de-securite-bleu-l-130-mm-o65-mm\/#primaryimage","url":"https:\/\/head-beauty.com\/wp-content\/uploads\/2024\/12\/HBZ-113SR.BL065-scaled.jpg","contentUrl":"https:\/\/head-beauty.com\/wp-content\/uploads\/2024\/12\/HBZ-113SR.BL065-scaled.jpg","width":2560,"height":2560,"caption":"Pour l\u2019enl\u00e8vement de rev\u00eatements (gel, gel-lack, polygel), rayures cruti\u00e9es moyennes standard, r\u00e9sistance \u00e0 la chaleur, recommand\u00e9 pour les travaux avec des allergies"},{"@type":"BreadcrumbList","@id":"https:\/\/head-beauty.com\/fr\/produit\/hbz-113sr-bl065-fraise-en-ceramique-cylindre-bord-de-securite-bleu-l-130-mm-o65-mm\/#breadcrumb","itemListElement":[{"@type":"ListItem","position":1,"name":"Home","item":"https:\/\/head-beauty.com\/fr\/"},{"@type":"ListItem","position":2,"name":"Boutique","item":"https:\/\/head-beauty.com\/fr\/boutique\/"},{"@type":"ListItem","position":3,"name":"HBZ-113SR. BL065 Fraise en c\u00e9ramique \u00ab&nbsp;cylindre&nbsp;\u00bb bord de s\u00e9curit\u00e9, bleu, L-13,0 mm., \u00d86,5 mm"}]},{"@type":"WebSite","@id":"https:\/\/head-beauty.com\/fr\/#website","url":"https:\/\/head-beauty.com\/fr\/","name":"Head - The Beauty Tools","description":"","publisher":{"@id":"https:\/\/head-beauty.com\/fr\/#organization"},"potentialAction":[{"@type":"SearchAction","target":{"@type":"EntryPoint","urlTemplate":"https:\/\/head-beauty.com\/fr\/?s={search_term_string}"},"query-input":{"@type":"PropertyValueSpecification","valueRequired":true,"valueName":"search_term_string"}}],"inLanguage":"fr-FR"},{"@type":"Organization","@id":"https:\/\/head-beauty.com\/fr\/#organization","name":"Head - The Beauty Tools","url":"https:\/\/head-beauty.com\/fr\/","logo":{"@type":"ImageObject","inLanguage":"fr-FR","@id":"https:\/\/head-beauty.com\/fr\/#\/schema\/logo\/image\/","url":"https:\/\/head-beauty.com\/wp-content\/uploads\/2024\/10\/head-beauty-logo.svg","contentUrl":"https:\/\/head-beauty.com\/wp-content\/uploads\/2024\/10\/head-beauty-logo.svg","width":411.20999999999997953636921010911464691162109375,"height":200,"caption":"Head - The Beauty Tools"},"image":{"@id":"https:\/\/head-beauty.com\/fr\/#\/schema\/logo\/image\/"}}]}},"_links":{"self":[{"href":"https:\/\/head-beauty.com\/fr\/wp-json\/wp\/v2\/product\/28563","targetHints":{"allow":["GET"]}}],"collection":[{"href":"https:\/\/head-beauty.com\/fr\/wp-json\/wp\/v2\/product"}],"about":[{"href":"https:\/\/head-beauty.com\/fr\/wp-json\/wp\/v2\/types\/product"}],"wp:featuredmedia":[{"embeddable":true,"href":"https:\/\/head-beauty.com\/fr\/wp-json\/wp\/v2\/media\/20079"}],"wp:attachment":[{"href":"https:\/\/head-beauty.com\/fr\/wp-json\/wp\/v2\/media?parent=28563"}],"wp:term":[{"taxonomy":"product_brand","embeddable":true,"href":"https:\/\/head-beauty.com\/fr\/wp-json\/wp\/v2\/product_brand?post=28563"},{"taxonomy":"product_cat","embeddable":true,"href":"https:\/\/head-beauty.com\/fr\/wp-json\/wp\/v2\/product_cat?post=28563"},{"taxonomy":"product_tag","embeddable":true,"href":"https:\/\/head-beauty.com\/fr\/wp-json\/wp\/v2\/product_tag?post=28563"}],"curies":[{"name":"wp","href":"https:\/\/api.w.org\/{rel}","templated":true}]}}