{"id":28627,"date":"2024-12-02T15:04:47","date_gmt":"2024-12-02T12:04:47","guid":{"rendered":"https:\/\/head-beauty.com\/product\/nxs-3-pince-a-cuticules-professionnelle-x-line-3-ficelle-spirale\/"},"modified":"2024-12-02T15:04:47","modified_gmt":"2024-12-02T12:04:47","slug":"nxs-3-pince-a-cuticules-professionnelle-x-line-3-ficelle-spirale","status":"publish","type":"product","link":"https:\/\/head-beauty.com\/fr\/produit\/nxs-3-pince-a-cuticules-professionnelle-x-line-3-ficelle-spirale\/","title":{"rendered":"NXS-3 Pince \u00e0 cuticules professionnelle X-line 3 (ficelle spirale)"},"content":{"rendered":"<p>Poign\u00e9es arrondies miniatures, optimales pour une petite paume, ressort en spirale pour un d\u00e9placement et un travail faciles, partie de travail r\u00e9tr\u00e9cie pour un travail confortable dans les endroits difficiles d\u2019acc\u00e8s, surface ext\u00e9rieure mate, poign\u00e9es int\u00e9rieures polies brillantes, fermeture douce et lisse des poign\u00e9es, adapt\u00e9 aux d\u00e9butants et aux professionnels, haute r\u00e9sistance \u00e0 la corrosion<\/p>\n","protected":false},"excerpt":{"rendered":"<p>Poign\u00e9es arrondies miniatures, optimales pour une petite paume, ressort en spirale pour un d\u00e9placement et un travail faciles, partie de travail r\u00e9tr\u00e9cie pour un travail confortable dans les endroits difficiles d\u2019acc\u00e8s, surface ext\u00e9rieure mate, poign\u00e9es int\u00e9rieures polies brillantes, fermeture douce et lisse des poign\u00e9es, adapt\u00e9 aux d\u00e9butants et aux professionnels, haute r\u00e9sistance \u00e0 la corrosion<\/p>\n","protected":false},"featured_media":19331,"template":"","meta":{"_acf_changed":false},"product_brand":[],"product_cat":[345],"product_tag":[803],"class_list":{"0":"post-28627","1":"product","2":"type-product","3":"status-publish","4":"has-post-thumbnail","6":"product_cat-pinces-a-cuticules","7":"product_tag-pinces-avancees-x-line","9":"first","10":"instock","11":"taxable","12":"shipping-taxable","13":"purchasable","14":"product-type-variable"},"acf":[],"yoast_head":"<!-- This site is optimized with the Yoast SEO plugin v24.8.1 - https:\/\/yoast.com\/wordpress\/plugins\/seo\/ -->\n<title>NXS-3 Pince \u00e0 cuticules professionnelle X-line 3 (ficelle spirale) - Head Beauty<\/title>\n<meta name=\"robots\" content=\"index, follow, max-snippet:-1, max-image-preview:large, max-video-preview:-1\" \/>\n<link rel=\"canonical\" href=\"https:\/\/head-beauty.com\/fr\/produit\/nxs-3-pince-a-cuticules-professionnelle-x-line-3-ficelle-spirale\/\" \/>\n<meta property=\"og:locale\" content=\"fr_FR\" \/>\n<meta property=\"og:type\" content=\"article\" \/>\n<meta property=\"og:title\" content=\"NXS-3 Pince \u00e0 cuticules professionnelle X-line 3 (ficelle spirale) - Head Beauty\" \/>\n<meta property=\"og:description\" content=\"Poign\u00e9es arrondies miniatures, optimales pour une petite paume, ressort en spirale pour un d\u00e9placement et un travail faciles, partie de travail r\u00e9tr\u00e9cie pour un travail confortable dans les endroits difficiles d\u2019acc\u00e8s, surface ext\u00e9rieure mate, poign\u00e9es int\u00e9rieures polies brillantes, fermeture douce et lisse des poign\u00e9es, adapt\u00e9 aux d\u00e9butants et aux professionnels, haute r\u00e9sistance \u00e0 la corrosion\" \/>\n<meta property=\"og:url\" content=\"https:\/\/head-beauty.com\/fr\/produit\/nxs-3-pince-a-cuticules-professionnelle-x-line-3-ficelle-spirale\/\" \/>\n<meta property=\"og:site_name\" content=\"Head Beauty\" \/>\n<meta property=\"og:image\" content=\"https:\/\/head-beauty.com\/wp-content\/uploads\/2024\/12\/CN2-1-scaled.jpg\" \/>\n\t<meta property=\"og:image:width\" content=\"2560\" \/>\n\t<meta property=\"og:image:height\" content=\"2560\" \/>\n\t<meta property=\"og:image:type\" content=\"image\/jpeg\" \/>\n<meta name=\"twitter:card\" content=\"summary_large_image\" \/>\n<script type=\"application\/ld+json\" class=\"yoast-schema-graph\">{\"@context\":\"https:\/\/schema.org\",\"@graph\":[{\"@type\":\"WebPage\",\"@id\":\"https:\/\/head-beauty.com\/fr\/produit\/nxs-3-pince-a-cuticules-professionnelle-x-line-3-ficelle-spirale\/\",\"url\":\"https:\/\/head-beauty.com\/fr\/produit\/nxs-3-pince-a-cuticules-professionnelle-x-line-3-ficelle-spirale\/\",\"name\":\"NXS-3 Pince \u00e0 cuticules professionnelle X-line 3 (ficelle spirale) - Head Beauty\",\"isPartOf\":{\"@id\":\"https:\/\/head-beauty.com\/fr\/#website\"},\"primaryImageOfPage\":{\"@id\":\"https:\/\/head-beauty.com\/fr\/produit\/nxs-3-pince-a-cuticules-professionnelle-x-line-3-ficelle-spirale\/#primaryimage\"},\"image\":{\"@id\":\"https:\/\/head-beauty.com\/fr\/produit\/nxs-3-pince-a-cuticules-professionnelle-x-line-3-ficelle-spirale\/#primaryimage\"},\"thumbnailUrl\":\"https:\/\/head-beauty.com\/wp-content\/uploads\/2024\/12\/CN2-1-scaled.jpg\",\"datePublished\":\"2024-12-02T12:04:47+00:00\",\"breadcrumb\":{\"@id\":\"https:\/\/head-beauty.com\/fr\/produit\/nxs-3-pince-a-cuticules-professionnelle-x-line-3-ficelle-spirale\/#breadcrumb\"},\"inLanguage\":\"fr-FR\",\"potentialAction\":[{\"@type\":\"ReadAction\",\"target\":[\"https:\/\/head-beauty.com\/fr\/produit\/nxs-3-pince-a-cuticules-professionnelle-x-line-3-ficelle-spirale\/\"]}]},{\"@type\":\"ImageObject\",\"inLanguage\":\"fr-FR\",\"@id\":\"https:\/\/head-beauty.com\/fr\/produit\/nxs-3-pince-a-cuticules-professionnelle-x-line-3-ficelle-spirale\/#primaryimage\",\"url\":\"https:\/\/head-beauty.com\/wp-content\/uploads\/2024\/12\/CN2-1-scaled.jpg\",\"contentUrl\":\"https:\/\/head-beauty.com\/wp-content\/uploads\/2024\/12\/CN2-1-scaled.jpg\",\"width\":2560,\"height\":2560,\"caption\":\"Poign\u00e9es arrondies miniatures, optimales pour une petite paume, ressort en spirale pour un d\u00e9placement et un travail faciles, partie de travail r\u00e9tr\u00e9cie pour un travail confortable dans les endroits difficiles d\u2019acc\u00e8s, surface ext\u00e9rieure mate, poign\u00e9es int\u00e9rieures polies brillantes, fermeture douce et lisse des poign\u00e9es, adapt\u00e9 aux d\u00e9butants et aux professionnels, haute r\u00e9sistance \u00e0 la corrosion\"},{\"@type\":\"BreadcrumbList\",\"@id\":\"https:\/\/head-beauty.com\/fr\/produit\/nxs-3-pince-a-cuticules-professionnelle-x-line-3-ficelle-spirale\/#breadcrumb\",\"itemListElement\":[{\"@type\":\"ListItem\",\"position\":1,\"name\":\"Home\",\"item\":\"https:\/\/head-beauty.com\/fr\/\"},{\"@type\":\"ListItem\",\"position\":2,\"name\":\"Boutique\",\"item\":\"https:\/\/head-beauty.com\/fr\/boutique\/\"},{\"@type\":\"ListItem\",\"position\":3,\"name\":\"NXS-3 Pince \u00e0 cuticules professionnelle X-line 3 (ficelle spirale)\"}]},{\"@type\":\"WebSite\",\"@id\":\"https:\/\/head-beauty.com\/fr\/#website\",\"url\":\"https:\/\/head-beauty.com\/fr\/\",\"name\":\"Head - The Beauty Tools\",\"description\":\"\",\"publisher\":{\"@id\":\"https:\/\/head-beauty.com\/fr\/#organization\"},\"potentialAction\":[{\"@type\":\"SearchAction\",\"target\":{\"@type\":\"EntryPoint\",\"urlTemplate\":\"https:\/\/head-beauty.com\/fr\/?s={search_term_string}\"},\"query-input\":{\"@type\":\"PropertyValueSpecification\",\"valueRequired\":true,\"valueName\":\"search_term_string\"}}],\"inLanguage\":\"fr-FR\"},{\"@type\":\"Organization\",\"@id\":\"https:\/\/head-beauty.com\/fr\/#organization\",\"name\":\"Head - The Beauty Tools\",\"url\":\"https:\/\/head-beauty.com\/fr\/\",\"logo\":{\"@type\":\"ImageObject\",\"inLanguage\":\"fr-FR\",\"@id\":\"https:\/\/head-beauty.com\/fr\/#\/schema\/logo\/image\/\",\"url\":\"https:\/\/head-beauty.com\/wp-content\/uploads\/2024\/10\/head-beauty-logo.svg\",\"contentUrl\":\"https:\/\/head-beauty.com\/wp-content\/uploads\/2024\/10\/head-beauty-logo.svg\",\"width\":411.20999999999997953636921010911464691162109375,\"height\":200,\"caption\":\"Head - The Beauty Tools\"},\"image\":{\"@id\":\"https:\/\/head-beauty.com\/fr\/#\/schema\/logo\/image\/\"}}]}<\/script>\n<!-- \/ Yoast SEO plugin. -->","yoast_head_json":{"title":"NXS-3 Pince \u00e0 cuticules professionnelle X-line 3 (ficelle spirale) - Head Beauty","robots":{"index":"index","follow":"follow","max-snippet":"max-snippet:-1","max-image-preview":"max-image-preview:large","max-video-preview":"max-video-preview:-1"},"canonical":"https:\/\/head-beauty.com\/fr\/produit\/nxs-3-pince-a-cuticules-professionnelle-x-line-3-ficelle-spirale\/","og_locale":"fr_FR","og_type":"article","og_title":"NXS-3 Pince \u00e0 cuticules professionnelle X-line 3 (ficelle spirale) - Head Beauty","og_description":"Poign\u00e9es arrondies miniatures, optimales pour une petite paume, ressort en spirale pour un d\u00e9placement et un travail faciles, partie de travail r\u00e9tr\u00e9cie pour un travail confortable dans les endroits difficiles d\u2019acc\u00e8s, surface ext\u00e9rieure mate, poign\u00e9es int\u00e9rieures polies brillantes, fermeture douce et lisse des poign\u00e9es, adapt\u00e9 aux d\u00e9butants et aux professionnels, haute r\u00e9sistance \u00e0 la corrosion","og_url":"https:\/\/head-beauty.com\/fr\/produit\/nxs-3-pince-a-cuticules-professionnelle-x-line-3-ficelle-spirale\/","og_site_name":"Head Beauty","og_image":[{"width":2560,"height":2560,"url":"https:\/\/head-beauty.com\/wp-content\/uploads\/2024\/12\/CN2-1-scaled.jpg","type":"image\/jpeg"}],"twitter_card":"summary_large_image","schema":{"@context":"https:\/\/schema.org","@graph":[{"@type":"WebPage","@id":"https:\/\/head-beauty.com\/fr\/produit\/nxs-3-pince-a-cuticules-professionnelle-x-line-3-ficelle-spirale\/","url":"https:\/\/head-beauty.com\/fr\/produit\/nxs-3-pince-a-cuticules-professionnelle-x-line-3-ficelle-spirale\/","name":"NXS-3 Pince \u00e0 cuticules professionnelle X-line 3 (ficelle spirale) - Head Beauty","isPartOf":{"@id":"https:\/\/head-beauty.com\/fr\/#website"},"primaryImageOfPage":{"@id":"https:\/\/head-beauty.com\/fr\/produit\/nxs-3-pince-a-cuticules-professionnelle-x-line-3-ficelle-spirale\/#primaryimage"},"image":{"@id":"https:\/\/head-beauty.com\/fr\/produit\/nxs-3-pince-a-cuticules-professionnelle-x-line-3-ficelle-spirale\/#primaryimage"},"thumbnailUrl":"https:\/\/head-beauty.com\/wp-content\/uploads\/2024\/12\/CN2-1-scaled.jpg","datePublished":"2024-12-02T12:04:47+00:00","breadcrumb":{"@id":"https:\/\/head-beauty.com\/fr\/produit\/nxs-3-pince-a-cuticules-professionnelle-x-line-3-ficelle-spirale\/#breadcrumb"},"inLanguage":"fr-FR","potentialAction":[{"@type":"ReadAction","target":["https:\/\/head-beauty.com\/fr\/produit\/nxs-3-pince-a-cuticules-professionnelle-x-line-3-ficelle-spirale\/"]}]},{"@type":"ImageObject","inLanguage":"fr-FR","@id":"https:\/\/head-beauty.com\/fr\/produit\/nxs-3-pince-a-cuticules-professionnelle-x-line-3-ficelle-spirale\/#primaryimage","url":"https:\/\/head-beauty.com\/wp-content\/uploads\/2024\/12\/CN2-1-scaled.jpg","contentUrl":"https:\/\/head-beauty.com\/wp-content\/uploads\/2024\/12\/CN2-1-scaled.jpg","width":2560,"height":2560,"caption":"Poign\u00e9es arrondies miniatures, optimales pour une petite paume, ressort en spirale pour un d\u00e9placement et un travail faciles, partie de travail r\u00e9tr\u00e9cie pour un travail confortable dans les endroits difficiles d\u2019acc\u00e8s, surface ext\u00e9rieure mate, poign\u00e9es int\u00e9rieures polies brillantes, fermeture douce et lisse des poign\u00e9es, adapt\u00e9 aux d\u00e9butants et aux professionnels, haute r\u00e9sistance \u00e0 la corrosion"},{"@type":"BreadcrumbList","@id":"https:\/\/head-beauty.com\/fr\/produit\/nxs-3-pince-a-cuticules-professionnelle-x-line-3-ficelle-spirale\/#breadcrumb","itemListElement":[{"@type":"ListItem","position":1,"name":"Home","item":"https:\/\/head-beauty.com\/fr\/"},{"@type":"ListItem","position":2,"name":"Boutique","item":"https:\/\/head-beauty.com\/fr\/boutique\/"},{"@type":"ListItem","position":3,"name":"NXS-3 Pince \u00e0 cuticules professionnelle X-line 3 (ficelle spirale)"}]},{"@type":"WebSite","@id":"https:\/\/head-beauty.com\/fr\/#website","url":"https:\/\/head-beauty.com\/fr\/","name":"Head - The Beauty Tools","description":"","publisher":{"@id":"https:\/\/head-beauty.com\/fr\/#organization"},"potentialAction":[{"@type":"SearchAction","target":{"@type":"EntryPoint","urlTemplate":"https:\/\/head-beauty.com\/fr\/?s={search_term_string}"},"query-input":{"@type":"PropertyValueSpecification","valueRequired":true,"valueName":"search_term_string"}}],"inLanguage":"fr-FR"},{"@type":"Organization","@id":"https:\/\/head-beauty.com\/fr\/#organization","name":"Head - The Beauty Tools","url":"https:\/\/head-beauty.com\/fr\/","logo":{"@type":"ImageObject","inLanguage":"fr-FR","@id":"https:\/\/head-beauty.com\/fr\/#\/schema\/logo\/image\/","url":"https:\/\/head-beauty.com\/wp-content\/uploads\/2024\/10\/head-beauty-logo.svg","contentUrl":"https:\/\/head-beauty.com\/wp-content\/uploads\/2024\/10\/head-beauty-logo.svg","width":411.20999999999997953636921010911464691162109375,"height":200,"caption":"Head - The Beauty Tools"},"image":{"@id":"https:\/\/head-beauty.com\/fr\/#\/schema\/logo\/image\/"}}]}},"_links":{"self":[{"href":"https:\/\/head-beauty.com\/fr\/wp-json\/wp\/v2\/product\/28627","targetHints":{"allow":["GET"]}}],"collection":[{"href":"https:\/\/head-beauty.com\/fr\/wp-json\/wp\/v2\/product"}],"about":[{"href":"https:\/\/head-beauty.com\/fr\/wp-json\/wp\/v2\/types\/product"}],"wp:featuredmedia":[{"embeddable":true,"href":"https:\/\/head-beauty.com\/fr\/wp-json\/wp\/v2\/media\/19331"}],"wp:attachment":[{"href":"https:\/\/head-beauty.com\/fr\/wp-json\/wp\/v2\/media?parent=28627"}],"wp:term":[{"taxonomy":"product_brand","embeddable":true,"href":"https:\/\/head-beauty.com\/fr\/wp-json\/wp\/v2\/product_brand?post=28627"},{"taxonomy":"product_cat","embeddable":true,"href":"https:\/\/head-beauty.com\/fr\/wp-json\/wp\/v2\/product_cat?post=28627"},{"taxonomy":"product_tag","embeddable":true,"href":"https:\/\/head-beauty.com\/fr\/wp-json\/wp\/v2\/product_tag?post=28627"}],"curies":[{"name":"wp","href":"https:\/\/api.w.org\/{rel}","templated":true}]}}