{"id":28688,"date":"2024-12-02T15:05:53","date_gmt":"2024-12-02T12:05:53","guid":{"rendered":"https:\/\/head-beauty.com\/product\/sx-1-21-ciseaux-a-cuticules-professionnels-x-line-1-lames-21-mm-classique\/"},"modified":"2024-12-02T15:05:53","modified_gmt":"2024-12-02T12:05:53","slug":"sx-1-21-ciseaux-a-cuticules-professionnels-x-line-1-lames-21-mm-classique","status":"publish","type":"product","link":"https:\/\/head-beauty.com\/fr\/produit\/sx-1-21-ciseaux-a-cuticules-professionnels-x-line-1-lames-21-mm-classique\/","title":{"rendered":"SX-1-21 Ciseaux \u00e0 cuticules professionnels X-line 1, lames 21 mm, Classique"},"content":{"rendered":"<p>Ciseaux de forme classique adapt\u00e9s aux d\u00e9butants et aux professionnels, d\u00e9placement facile, forme d\u2019anneau optimale, poign\u00e9es mates, poign\u00e9es polies brillantes, performances de surface am\u00e9lior\u00e9es pour une d\u00e9sinfection et une st\u00e9rilisation r\u00e9guli\u00e8res, aff\u00fbtage \u00e0 la main, p\u00e9riode de travail plus longue, haute ergonomie<\/p>\n","protected":false},"excerpt":{"rendered":"<p>Ciseaux de forme classique adapt\u00e9s aux d\u00e9butants et aux professionnels, d\u00e9placement facile, forme d\u2019anneau optimale, poign\u00e9es mates, poign\u00e9es polies brillantes, performances de surface am\u00e9lior\u00e9es pour une d\u00e9sinfection et une st\u00e9rilisation r\u00e9guli\u00e8res, aff\u00fbtage \u00e0 la main, p\u00e9riode de travail plus longue, haute ergonomie<\/p>\n","protected":false},"featured_media":19353,"template":"","meta":{"_acf_changed":false},"product_brand":[],"product_cat":[344],"product_tag":[417],"class_list":{"0":"post-28688","1":"product","2":"type-product","3":"status-publish","4":"has-post-thumbnail","6":"product_cat-ciseaux","7":"product_tag-ciseaux-x-line","9":"first","10":"outofstock","11":"taxable","12":"shipping-taxable","13":"purchasable","14":"product-type-simple"},"acf":[],"yoast_head":"<!-- This site is optimized with the Yoast SEO plugin v24.8.1 - https:\/\/yoast.com\/wordpress\/plugins\/seo\/ -->\n<title>SX-1-21 Ciseaux \u00e0 cuticules professionnels X-line 1, lames 21 mm, Classique - Head Beauty<\/title>\n<meta name=\"robots\" content=\"index, follow, max-snippet:-1, max-image-preview:large, max-video-preview:-1\" \/>\n<link rel=\"canonical\" href=\"https:\/\/head-beauty.com\/fr\/produit\/sx-1-21-ciseaux-a-cuticules-professionnels-x-line-1-lames-21-mm-classique\/\" \/>\n<meta property=\"og:locale\" content=\"fr_FR\" \/>\n<meta property=\"og:type\" content=\"article\" \/>\n<meta property=\"og:title\" content=\"SX-1-21 Ciseaux \u00e0 cuticules professionnels X-line 1, lames 21 mm, Classique - Head Beauty\" \/>\n<meta property=\"og:description\" content=\"Ciseaux de forme classique adapt\u00e9s aux d\u00e9butants et aux professionnels, d\u00e9placement facile, forme d\u2019anneau optimale, poign\u00e9es mates, poign\u00e9es polies brillantes, performances de surface am\u00e9lior\u00e9es pour une d\u00e9sinfection et une st\u00e9rilisation r\u00e9guli\u00e8res, aff\u00fbtage \u00e0 la main, p\u00e9riode de travail plus longue, haute ergonomie\" \/>\n<meta property=\"og:url\" content=\"https:\/\/head-beauty.com\/fr\/produit\/sx-1-21-ciseaux-a-cuticules-professionnels-x-line-1-lames-21-mm-classique\/\" \/>\n<meta property=\"og:site_name\" content=\"Head Beauty\" \/>\n<meta property=\"og:image\" content=\"https:\/\/head-beauty.com\/wp-content\/uploads\/2024\/12\/SX-1-21.jpg\" \/>\n\t<meta property=\"og:image:width\" content=\"818\" \/>\n\t<meta property=\"og:image:height\" content=\"1600\" \/>\n\t<meta property=\"og:image:type\" content=\"image\/jpeg\" \/>\n<meta name=\"twitter:card\" content=\"summary_large_image\" \/>\n<script type=\"application\/ld+json\" class=\"yoast-schema-graph\">{\"@context\":\"https:\/\/schema.org\",\"@graph\":[{\"@type\":\"WebPage\",\"@id\":\"https:\/\/head-beauty.com\/fr\/produit\/sx-1-21-ciseaux-a-cuticules-professionnels-x-line-1-lames-21-mm-classique\/\",\"url\":\"https:\/\/head-beauty.com\/fr\/produit\/sx-1-21-ciseaux-a-cuticules-professionnels-x-line-1-lames-21-mm-classique\/\",\"name\":\"SX-1-21 Ciseaux \u00e0 cuticules professionnels X-line 1, lames 21 mm, Classique - Head Beauty\",\"isPartOf\":{\"@id\":\"https:\/\/head-beauty.com\/fr\/#website\"},\"primaryImageOfPage\":{\"@id\":\"https:\/\/head-beauty.com\/fr\/produit\/sx-1-21-ciseaux-a-cuticules-professionnels-x-line-1-lames-21-mm-classique\/#primaryimage\"},\"image\":{\"@id\":\"https:\/\/head-beauty.com\/fr\/produit\/sx-1-21-ciseaux-a-cuticules-professionnels-x-line-1-lames-21-mm-classique\/#primaryimage\"},\"thumbnailUrl\":\"https:\/\/head-beauty.com\/wp-content\/uploads\/2024\/12\/SX-1-21.jpg\",\"datePublished\":\"2024-12-02T12:05:53+00:00\",\"breadcrumb\":{\"@id\":\"https:\/\/head-beauty.com\/fr\/produit\/sx-1-21-ciseaux-a-cuticules-professionnels-x-line-1-lames-21-mm-classique\/#breadcrumb\"},\"inLanguage\":\"fr-FR\",\"potentialAction\":[{\"@type\":\"ReadAction\",\"target\":[\"https:\/\/head-beauty.com\/fr\/produit\/sx-1-21-ciseaux-a-cuticules-professionnels-x-line-1-lames-21-mm-classique\/\"]}]},{\"@type\":\"ImageObject\",\"inLanguage\":\"fr-FR\",\"@id\":\"https:\/\/head-beauty.com\/fr\/produit\/sx-1-21-ciseaux-a-cuticules-professionnels-x-line-1-lames-21-mm-classique\/#primaryimage\",\"url\":\"https:\/\/head-beauty.com\/wp-content\/uploads\/2024\/12\/SX-1-21.jpg\",\"contentUrl\":\"https:\/\/head-beauty.com\/wp-content\/uploads\/2024\/12\/SX-1-21.jpg\",\"width\":818,\"height\":1600,\"caption\":\"Ciseaux de forme classique adapt\u00e9s aux d\u00e9butants et aux professionnels, d\u00e9placement facile, forme d\u2019anneau optimale, poign\u00e9es mates, poign\u00e9es polies brillantes, performances de surface am\u00e9lior\u00e9es pour une d\u00e9sinfection et une st\u00e9rilisation r\u00e9guli\u00e8res, aff\u00fbtage \u00e0 la main, p\u00e9riode de travail plus longue, haute ergonomie\"},{\"@type\":\"BreadcrumbList\",\"@id\":\"https:\/\/head-beauty.com\/fr\/produit\/sx-1-21-ciseaux-a-cuticules-professionnels-x-line-1-lames-21-mm-classique\/#breadcrumb\",\"itemListElement\":[{\"@type\":\"ListItem\",\"position\":1,\"name\":\"Home\",\"item\":\"https:\/\/head-beauty.com\/fr\/\"},{\"@type\":\"ListItem\",\"position\":2,\"name\":\"Boutique\",\"item\":\"https:\/\/head-beauty.com\/fr\/boutique\/\"},{\"@type\":\"ListItem\",\"position\":3,\"name\":\"SX-1-21 Ciseaux \u00e0 cuticules professionnels X-line 1, lames 21 mm, Classique\"}]},{\"@type\":\"WebSite\",\"@id\":\"https:\/\/head-beauty.com\/fr\/#website\",\"url\":\"https:\/\/head-beauty.com\/fr\/\",\"name\":\"Head - The Beauty Tools\",\"description\":\"\",\"publisher\":{\"@id\":\"https:\/\/head-beauty.com\/fr\/#organization\"},\"potentialAction\":[{\"@type\":\"SearchAction\",\"target\":{\"@type\":\"EntryPoint\",\"urlTemplate\":\"https:\/\/head-beauty.com\/fr\/?s={search_term_string}\"},\"query-input\":{\"@type\":\"PropertyValueSpecification\",\"valueRequired\":true,\"valueName\":\"search_term_string\"}}],\"inLanguage\":\"fr-FR\"},{\"@type\":\"Organization\",\"@id\":\"https:\/\/head-beauty.com\/fr\/#organization\",\"name\":\"Head - The Beauty Tools\",\"url\":\"https:\/\/head-beauty.com\/fr\/\",\"logo\":{\"@type\":\"ImageObject\",\"inLanguage\":\"fr-FR\",\"@id\":\"https:\/\/head-beauty.com\/fr\/#\/schema\/logo\/image\/\",\"url\":\"https:\/\/head-beauty.com\/wp-content\/uploads\/2024\/10\/head-beauty-logo.svg\",\"contentUrl\":\"https:\/\/head-beauty.com\/wp-content\/uploads\/2024\/10\/head-beauty-logo.svg\",\"width\":411.20999999999997953636921010911464691162109375,\"height\":200,\"caption\":\"Head - The Beauty Tools\"},\"image\":{\"@id\":\"https:\/\/head-beauty.com\/fr\/#\/schema\/logo\/image\/\"}}]}<\/script>\n<!-- \/ Yoast SEO plugin. -->","yoast_head_json":{"title":"SX-1-21 Ciseaux \u00e0 cuticules professionnels X-line 1, lames 21 mm, Classique - Head Beauty","robots":{"index":"index","follow":"follow","max-snippet":"max-snippet:-1","max-image-preview":"max-image-preview:large","max-video-preview":"max-video-preview:-1"},"canonical":"https:\/\/head-beauty.com\/fr\/produit\/sx-1-21-ciseaux-a-cuticules-professionnels-x-line-1-lames-21-mm-classique\/","og_locale":"fr_FR","og_type":"article","og_title":"SX-1-21 Ciseaux \u00e0 cuticules professionnels X-line 1, lames 21 mm, Classique - Head Beauty","og_description":"Ciseaux de forme classique adapt\u00e9s aux d\u00e9butants et aux professionnels, d\u00e9placement facile, forme d\u2019anneau optimale, poign\u00e9es mates, poign\u00e9es polies brillantes, performances de surface am\u00e9lior\u00e9es pour une d\u00e9sinfection et une st\u00e9rilisation r\u00e9guli\u00e8res, aff\u00fbtage \u00e0 la main, p\u00e9riode de travail plus longue, haute ergonomie","og_url":"https:\/\/head-beauty.com\/fr\/produit\/sx-1-21-ciseaux-a-cuticules-professionnels-x-line-1-lames-21-mm-classique\/","og_site_name":"Head Beauty","og_image":[{"width":818,"height":1600,"url":"https:\/\/head-beauty.com\/wp-content\/uploads\/2024\/12\/SX-1-21.jpg","type":"image\/jpeg"}],"twitter_card":"summary_large_image","schema":{"@context":"https:\/\/schema.org","@graph":[{"@type":"WebPage","@id":"https:\/\/head-beauty.com\/fr\/produit\/sx-1-21-ciseaux-a-cuticules-professionnels-x-line-1-lames-21-mm-classique\/","url":"https:\/\/head-beauty.com\/fr\/produit\/sx-1-21-ciseaux-a-cuticules-professionnels-x-line-1-lames-21-mm-classique\/","name":"SX-1-21 Ciseaux \u00e0 cuticules professionnels X-line 1, lames 21 mm, Classique - Head Beauty","isPartOf":{"@id":"https:\/\/head-beauty.com\/fr\/#website"},"primaryImageOfPage":{"@id":"https:\/\/head-beauty.com\/fr\/produit\/sx-1-21-ciseaux-a-cuticules-professionnels-x-line-1-lames-21-mm-classique\/#primaryimage"},"image":{"@id":"https:\/\/head-beauty.com\/fr\/produit\/sx-1-21-ciseaux-a-cuticules-professionnels-x-line-1-lames-21-mm-classique\/#primaryimage"},"thumbnailUrl":"https:\/\/head-beauty.com\/wp-content\/uploads\/2024\/12\/SX-1-21.jpg","datePublished":"2024-12-02T12:05:53+00:00","breadcrumb":{"@id":"https:\/\/head-beauty.com\/fr\/produit\/sx-1-21-ciseaux-a-cuticules-professionnels-x-line-1-lames-21-mm-classique\/#breadcrumb"},"inLanguage":"fr-FR","potentialAction":[{"@type":"ReadAction","target":["https:\/\/head-beauty.com\/fr\/produit\/sx-1-21-ciseaux-a-cuticules-professionnels-x-line-1-lames-21-mm-classique\/"]}]},{"@type":"ImageObject","inLanguage":"fr-FR","@id":"https:\/\/head-beauty.com\/fr\/produit\/sx-1-21-ciseaux-a-cuticules-professionnels-x-line-1-lames-21-mm-classique\/#primaryimage","url":"https:\/\/head-beauty.com\/wp-content\/uploads\/2024\/12\/SX-1-21.jpg","contentUrl":"https:\/\/head-beauty.com\/wp-content\/uploads\/2024\/12\/SX-1-21.jpg","width":818,"height":1600,"caption":"Ciseaux de forme classique adapt\u00e9s aux d\u00e9butants et aux professionnels, d\u00e9placement facile, forme d\u2019anneau optimale, poign\u00e9es mates, poign\u00e9es polies brillantes, performances de surface am\u00e9lior\u00e9es pour une d\u00e9sinfection et une st\u00e9rilisation r\u00e9guli\u00e8res, aff\u00fbtage \u00e0 la main, p\u00e9riode de travail plus longue, haute ergonomie"},{"@type":"BreadcrumbList","@id":"https:\/\/head-beauty.com\/fr\/produit\/sx-1-21-ciseaux-a-cuticules-professionnels-x-line-1-lames-21-mm-classique\/#breadcrumb","itemListElement":[{"@type":"ListItem","position":1,"name":"Home","item":"https:\/\/head-beauty.com\/fr\/"},{"@type":"ListItem","position":2,"name":"Boutique","item":"https:\/\/head-beauty.com\/fr\/boutique\/"},{"@type":"ListItem","position":3,"name":"SX-1-21 Ciseaux \u00e0 cuticules professionnels X-line 1, lames 21 mm, Classique"}]},{"@type":"WebSite","@id":"https:\/\/head-beauty.com\/fr\/#website","url":"https:\/\/head-beauty.com\/fr\/","name":"Head - The Beauty Tools","description":"","publisher":{"@id":"https:\/\/head-beauty.com\/fr\/#organization"},"potentialAction":[{"@type":"SearchAction","target":{"@type":"EntryPoint","urlTemplate":"https:\/\/head-beauty.com\/fr\/?s={search_term_string}"},"query-input":{"@type":"PropertyValueSpecification","valueRequired":true,"valueName":"search_term_string"}}],"inLanguage":"fr-FR"},{"@type":"Organization","@id":"https:\/\/head-beauty.com\/fr\/#organization","name":"Head - The Beauty Tools","url":"https:\/\/head-beauty.com\/fr\/","logo":{"@type":"ImageObject","inLanguage":"fr-FR","@id":"https:\/\/head-beauty.com\/fr\/#\/schema\/logo\/image\/","url":"https:\/\/head-beauty.com\/wp-content\/uploads\/2024\/10\/head-beauty-logo.svg","contentUrl":"https:\/\/head-beauty.com\/wp-content\/uploads\/2024\/10\/head-beauty-logo.svg","width":411.20999999999997953636921010911464691162109375,"height":200,"caption":"Head - The Beauty Tools"},"image":{"@id":"https:\/\/head-beauty.com\/fr\/#\/schema\/logo\/image\/"}}]}},"_links":{"self":[{"href":"https:\/\/head-beauty.com\/fr\/wp-json\/wp\/v2\/product\/28688","targetHints":{"allow":["GET"]}}],"collection":[{"href":"https:\/\/head-beauty.com\/fr\/wp-json\/wp\/v2\/product"}],"about":[{"href":"https:\/\/head-beauty.com\/fr\/wp-json\/wp\/v2\/types\/product"}],"wp:featuredmedia":[{"embeddable":true,"href":"https:\/\/head-beauty.com\/fr\/wp-json\/wp\/v2\/media\/19353"}],"wp:attachment":[{"href":"https:\/\/head-beauty.com\/fr\/wp-json\/wp\/v2\/media?parent=28688"}],"wp:term":[{"taxonomy":"product_brand","embeddable":true,"href":"https:\/\/head-beauty.com\/fr\/wp-json\/wp\/v2\/product_brand?post=28688"},{"taxonomy":"product_cat","embeddable":true,"href":"https:\/\/head-beauty.com\/fr\/wp-json\/wp\/v2\/product_cat?post=28688"},{"taxonomy":"product_tag","embeddable":true,"href":"https:\/\/head-beauty.com\/fr\/wp-json\/wp\/v2\/product_tag?post=28688"}],"curies":[{"name":"wp","href":"https:\/\/api.w.org\/{rel}","templated":true}]}}