{"id":29907,"date":"2025-03-26T17:34:07","date_gmt":"2025-03-26T14:34:07","guid":{"rendered":"https:\/\/head-beauty.com\/pinigu-grazinimo-ir-grazinimo-politika\/"},"modified":"2025-04-10T09:36:10","modified_gmt":"2025-04-10T06:36:10","slug":"pinigu-grazinimo-ir-grazinimo-politika","status":"publish","type":"page","link":"https:\/\/head-beauty.com\/lt\/pinigu-grazinimo-ir-grazinimo-politika\/","title":{"rendered":"Pinig\u0173 gr\u0105\u017einimo ir gr\u0105\u017einimo politika"},"content":{"rendered":"<p>Mes turime 14 dien\u0173 gr\u0105\u017einimo politik\u0105, o tai rei\u0161kia, kad j\u016bs turite <strong>14 dien\u0173 nuo<\/strong> prek\u0117s gavimo pateikti pra\u0161ym\u0105 gr\u0105\u017einti.<br \/><br \/>Kad b\u016bt\u0173 galima gr\u0105\u017einti, j\u016bs\u0173 prek\u0117 turi b\u016bti tokios pat b\u016bkl\u0117s, kokios j\u0105 gavote, nenaudota ir originalioje pakuot\u0117je. Jums taip pat reik\u0117s kvito arba pirkimo \u012frodymo. <br \/><br \/>Nor\u0117dami prad\u0117ti gr\u0105\u017einim\u0105, galite susisiekti su mumis sales@head-beauty.com. Prek\u0117s, atsi\u0173stos mums prie\u0161 tai nepapra\u0161ius gr\u0105\u017einti, nebus priimtos. Klientas yra atsakingas u\u017e gr\u0105\u017einim\u0105.  <br \/><br \/>Visada galite susisiekti su mumis d\u0117l bet koki\u0173 gr\u0105\u017einimo klausim\u0173 sales@head-beauty.com.<\/p><p><strong>\u017dala ir problemos<\/strong><br \/>Gav\u0119 u\u017esakym\u0105, patikrinkite j\u012f ir nedelsdami susisiekite su mumis, jei prek\u0117 yra sugedusi, sugadinta arba jei gavote ne t\u0105 prek\u0119, kad gal\u0117tume \u012fvertinti problem\u0105 ir j\u0105 i\u0161taisyti.<\/p><p><strong>Mainai<\/strong><br \/>Grei\u010diausias b\u016bdas u\u017etikrinti, kad gausite tai, ko norite, yra gr\u0105\u017einti turim\u0105 prek\u0119, o kai gr\u0105\u017einimas bus priimtas, atskirai \u012fsigykite nauj\u0105 prek\u0119.<\/p><p><strong>Europos S\u0105jungos 14 dien\u0173 apsigalvojimo<\/strong> laikotarpis<br \/>Nepaisant to, kas i\u0161d\u0117styta pirmiau, jei prek\u0117s siun\u010diamos \u012f Europos S\u0105jung\u0105, j\u016bs turite teis\u0119 at\u0161aukti arba gr\u0105\u017einti savo u\u017esakym\u0105 per 14 dien\u0173 d\u0117l bet kokios prie\u017easties ir be pagrindimo. Kaip nurodyta pirmiau, j\u016bs\u0173 prek\u0117 turi b\u016bti tokios pat b\u016bkl\u0117s, kokios j\u0105 gavote, ned\u0117v\u0117ta ar nenaudota, su etiket\u0117mis ir originalioje pakuot\u0117je. Jums taip pat reik\u0117s kvito arba pirkimo \u012frodymo.  <\/p><p><strong>Gr\u0105\u017einamosios i\u0161mokos<\/strong><br \/>Mes jums prane\u0161ime, kai gausime ir patikrinsime j\u016bs\u0173 gr\u0105\u017einim\u0105, ir prane\u0161ime, ar gr\u0105\u017einimas buvo patvirtintas, ar ne. Jei patvirtinimas bus patvirtintas, l\u0117\u0161os u\u017e pradin\u012f mok\u0117jimo metod\u0105 bus automati\u0161kai gr\u0105\u017eintos per 10 darbo dien\u0173. Atminkite, kad gali praeiti \u0161iek tiek laiko, kol j\u016bs\u0173 bankas ar kredito kortel\u0119 i\u0161davusi \u012fmon\u0117 apdoros ir paskelbs l\u0117\u0161\u0173 gr\u0105\u017einim\u0105.<br \/>Jei nuo tada, kai patvirtinome j\u016bs\u0173 gr\u0105\u017einim\u0105, pra\u0117jo daugiau nei 15 darbo dien\u0173, susisiekite su mumis sales@head-beauty.com  <\/p>","protected":false},"excerpt":{"rendered":"<p>Mes turime 14 dien\u0173 gr\u0105\u017einimo politik\u0105, o tai rei\u0161kia, kad j\u016bs turite 14 dien\u0173 nuo prek\u0117s gavimo pateikti pra\u0161ym\u0105 gr\u0105\u017einti. Kad b\u016bt\u0173 galima gr\u0105\u017einti, j\u016bs\u0173 prek\u0117 turi b\u016bti tokios pat b\u016bkl\u0117s, kokios j\u0105 gavote, nenaudota ir originalioje pakuot\u0117je. Jums taip pat reik\u0117s kvito arba pirkimo \u012frodymo. Nor\u0117dami prad\u0117ti gr\u0105\u017einim\u0105, galite susisiekti su mumis sales@head-beauty.com. Prek\u0117s, atsi\u0173stos mums prie\u0161 tai nepapra\u0161ius\u2026<\/p>\n","protected":false},"author":1,"featured_media":0,"parent":0,"menu_order":0,"comment_status":"closed","ping_status":"closed","template":"","meta":{"_acf_changed":false,"footnotes":""},"class_list":["post-29907","page","type-page","status-publish","hentry"],"acf":[],"yoast_head":"<!-- This site is optimized with the Yoast SEO plugin v24.8.1 - https:\/\/yoast.com\/wordpress\/plugins\/seo\/ -->\n<title>Pinig\u0173 gr\u0105\u017einimo ir gr\u0105\u017einimo politika - Head Beauty<\/title>\n<meta name=\"robots\" content=\"index, follow, max-snippet:-1, max-image-preview:large, max-video-preview:-1\" \/>\n<link rel=\"canonical\" href=\"https:\/\/head-beauty.com\/lt\/pinigu-grazinimo-ir-grazinimo-politika\/\" \/>\n<meta property=\"og:locale\" content=\"lt_LT\" \/>\n<meta property=\"og:type\" content=\"article\" \/>\n<meta property=\"og:title\" content=\"Pinig\u0173 gr\u0105\u017einimo ir gr\u0105\u017einimo politika - Head Beauty\" \/>\n<meta property=\"og:description\" content=\"Mes turime 14 dien\u0173 gr\u0105\u017einimo politik\u0105, o tai rei\u0161kia, kad j\u016bs turite 14 dien\u0173 nuo prek\u0117s gavimo pateikti pra\u0161ym\u0105 gr\u0105\u017einti. Kad b\u016bt\u0173 galima gr\u0105\u017einti, j\u016bs\u0173 prek\u0117 turi b\u016bti tokios pat b\u016bkl\u0117s, kokios j\u0105 gavote, nenaudota ir originalioje pakuot\u0117je. Jums taip pat reik\u0117s kvito arba pirkimo \u012frodymo. Nor\u0117dami prad\u0117ti gr\u0105\u017einim\u0105, galite susisiekti su mumis sales@head-beauty.com. Prek\u0117s, atsi\u0173stos mums prie\u0161 tai nepapra\u0161ius\u2026\" \/>\n<meta property=\"og:url\" content=\"https:\/\/head-beauty.com\/lt\/pinigu-grazinimo-ir-grazinimo-politika\/\" \/>\n<meta property=\"og:site_name\" content=\"Head Beauty\" \/>\n<meta property=\"article:modified_time\" content=\"2025-04-10T06:36:10+00:00\" \/>\n<meta property=\"og:image\" content=\"https:\/\/head-beauty.com\/wp-content\/uploads\/2025\/04\/panorama-001-scaled-1.png\" \/>\n\t<meta property=\"og:image:width\" content=\"1240\" \/>\n\t<meta property=\"og:image:height\" content=\"930\" \/>\n\t<meta property=\"og:image:type\" content=\"image\/png\" \/>\n<meta name=\"twitter:card\" content=\"summary_large_image\" \/>\n<meta name=\"twitter:label1\" content=\"Est. reading time\" \/>\n\t<meta name=\"twitter:data1\" content=\"2 minut\u0117s\" \/>\n<script type=\"application\/ld+json\" class=\"yoast-schema-graph\">{\"@context\":\"https:\/\/schema.org\",\"@graph\":[{\"@type\":\"WebPage\",\"@id\":\"https:\/\/head-beauty.com\/lt\/pinigu-grazinimo-ir-grazinimo-politika\/\",\"url\":\"https:\/\/head-beauty.com\/lt\/pinigu-grazinimo-ir-grazinimo-politika\/\",\"name\":\"Pinig\u0173 gr\u0105\u017einimo ir gr\u0105\u017einimo politika - Head Beauty\",\"isPartOf\":{\"@id\":\"https:\/\/head-beauty.com\/lt\/#website\"},\"datePublished\":\"2025-03-26T14:34:07+00:00\",\"dateModified\":\"2025-04-10T06:36:10+00:00\",\"breadcrumb\":{\"@id\":\"https:\/\/head-beauty.com\/lt\/pinigu-grazinimo-ir-grazinimo-politika\/#breadcrumb\"},\"inLanguage\":\"lt-LT\",\"potentialAction\":[{\"@type\":\"ReadAction\",\"target\":[\"https:\/\/head-beauty.com\/lt\/pinigu-grazinimo-ir-grazinimo-politika\/\"]}]},{\"@type\":\"BreadcrumbList\",\"@id\":\"https:\/\/head-beauty.com\/lt\/pinigu-grazinimo-ir-grazinimo-politika\/#breadcrumb\",\"itemListElement\":[{\"@type\":\"ListItem\",\"position\":1,\"name\":\"Home\",\"item\":\"https:\/\/head-beauty.com\/lt\/\"},{\"@type\":\"ListItem\",\"position\":2,\"name\":\"Pinig\u0173 gr\u0105\u017einimo ir gr\u0105\u017einimo politika\"}]},{\"@type\":\"WebSite\",\"@id\":\"https:\/\/head-beauty.com\/lt\/#website\",\"url\":\"https:\/\/head-beauty.com\/lt\/\",\"name\":\"Head - The Beauty Tools\",\"description\":\"\",\"publisher\":{\"@id\":\"https:\/\/head-beauty.com\/lt\/#organization\"},\"potentialAction\":[{\"@type\":\"SearchAction\",\"target\":{\"@type\":\"EntryPoint\",\"urlTemplate\":\"https:\/\/head-beauty.com\/lt\/?s={search_term_string}\"},\"query-input\":{\"@type\":\"PropertyValueSpecification\",\"valueRequired\":true,\"valueName\":\"search_term_string\"}}],\"inLanguage\":\"lt-LT\"},{\"@type\":\"Organization\",\"@id\":\"https:\/\/head-beauty.com\/lt\/#organization\",\"name\":\"Head - The Beauty Tools\",\"url\":\"https:\/\/head-beauty.com\/lt\/\",\"logo\":{\"@type\":\"ImageObject\",\"inLanguage\":\"lt-LT\",\"@id\":\"https:\/\/head-beauty.com\/lt\/#\/schema\/logo\/image\/\",\"url\":\"https:\/\/head-beauty.com\/wp-content\/uploads\/2024\/10\/head-beauty-logo.svg\",\"contentUrl\":\"https:\/\/head-beauty.com\/wp-content\/uploads\/2024\/10\/head-beauty-logo.svg\",\"width\":411.20999999999997953636921010911464691162109375,\"height\":200,\"caption\":\"Head - The Beauty Tools\"},\"image\":{\"@id\":\"https:\/\/head-beauty.com\/lt\/#\/schema\/logo\/image\/\"}}]}<\/script>\n<!-- \/ Yoast SEO plugin. -->","yoast_head_json":{"title":"Pinig\u0173 gr\u0105\u017einimo ir gr\u0105\u017einimo politika - Head Beauty","robots":{"index":"index","follow":"follow","max-snippet":"max-snippet:-1","max-image-preview":"max-image-preview:large","max-video-preview":"max-video-preview:-1"},"canonical":"https:\/\/head-beauty.com\/lt\/pinigu-grazinimo-ir-grazinimo-politika\/","og_locale":"lt_LT","og_type":"article","og_title":"Pinig\u0173 gr\u0105\u017einimo ir gr\u0105\u017einimo politika - Head Beauty","og_description":"Mes turime 14 dien\u0173 gr\u0105\u017einimo politik\u0105, o tai rei\u0161kia, kad j\u016bs turite 14 dien\u0173 nuo prek\u0117s gavimo pateikti pra\u0161ym\u0105 gr\u0105\u017einti. Kad b\u016bt\u0173 galima gr\u0105\u017einti, j\u016bs\u0173 prek\u0117 turi b\u016bti tokios pat b\u016bkl\u0117s, kokios j\u0105 gavote, nenaudota ir originalioje pakuot\u0117je. Jums taip pat reik\u0117s kvito arba pirkimo \u012frodymo. Nor\u0117dami prad\u0117ti gr\u0105\u017einim\u0105, galite susisiekti su mumis sales@head-beauty.com. Prek\u0117s, atsi\u0173stos mums prie\u0161 tai nepapra\u0161ius\u2026","og_url":"https:\/\/head-beauty.com\/lt\/pinigu-grazinimo-ir-grazinimo-politika\/","og_site_name":"Head Beauty","article_modified_time":"2025-04-10T06:36:10+00:00","og_image":[{"width":1240,"height":930,"url":"https:\/\/head-beauty.com\/wp-content\/uploads\/2025\/04\/panorama-001-scaled-1.png","type":"image\/png"}],"twitter_card":"summary_large_image","twitter_misc":{"Est. reading time":"2 minut\u0117s"},"schema":{"@context":"https:\/\/schema.org","@graph":[{"@type":"WebPage","@id":"https:\/\/head-beauty.com\/lt\/pinigu-grazinimo-ir-grazinimo-politika\/","url":"https:\/\/head-beauty.com\/lt\/pinigu-grazinimo-ir-grazinimo-politika\/","name":"Pinig\u0173 gr\u0105\u017einimo ir gr\u0105\u017einimo politika - Head Beauty","isPartOf":{"@id":"https:\/\/head-beauty.com\/lt\/#website"},"datePublished":"2025-03-26T14:34:07+00:00","dateModified":"2025-04-10T06:36:10+00:00","breadcrumb":{"@id":"https:\/\/head-beauty.com\/lt\/pinigu-grazinimo-ir-grazinimo-politika\/#breadcrumb"},"inLanguage":"lt-LT","potentialAction":[{"@type":"ReadAction","target":["https:\/\/head-beauty.com\/lt\/pinigu-grazinimo-ir-grazinimo-politika\/"]}]},{"@type":"BreadcrumbList","@id":"https:\/\/head-beauty.com\/lt\/pinigu-grazinimo-ir-grazinimo-politika\/#breadcrumb","itemListElement":[{"@type":"ListItem","position":1,"name":"Home","item":"https:\/\/head-beauty.com\/lt\/"},{"@type":"ListItem","position":2,"name":"Pinig\u0173 gr\u0105\u017einimo ir gr\u0105\u017einimo politika"}]},{"@type":"WebSite","@id":"https:\/\/head-beauty.com\/lt\/#website","url":"https:\/\/head-beauty.com\/lt\/","name":"Head - The Beauty Tools","description":"","publisher":{"@id":"https:\/\/head-beauty.com\/lt\/#organization"},"potentialAction":[{"@type":"SearchAction","target":{"@type":"EntryPoint","urlTemplate":"https:\/\/head-beauty.com\/lt\/?s={search_term_string}"},"query-input":{"@type":"PropertyValueSpecification","valueRequired":true,"valueName":"search_term_string"}}],"inLanguage":"lt-LT"},{"@type":"Organization","@id":"https:\/\/head-beauty.com\/lt\/#organization","name":"Head - The Beauty Tools","url":"https:\/\/head-beauty.com\/lt\/","logo":{"@type":"ImageObject","inLanguage":"lt-LT","@id":"https:\/\/head-beauty.com\/lt\/#\/schema\/logo\/image\/","url":"https:\/\/head-beauty.com\/wp-content\/uploads\/2024\/10\/head-beauty-logo.svg","contentUrl":"https:\/\/head-beauty.com\/wp-content\/uploads\/2024\/10\/head-beauty-logo.svg","width":411.20999999999997953636921010911464691162109375,"height":200,"caption":"Head - The Beauty Tools"},"image":{"@id":"https:\/\/head-beauty.com\/lt\/#\/schema\/logo\/image\/"}}]}},"_links":{"self":[{"href":"https:\/\/head-beauty.com\/lt\/wp-json\/wp\/v2\/pages\/29907","targetHints":{"allow":["GET"]}}],"collection":[{"href":"https:\/\/head-beauty.com\/lt\/wp-json\/wp\/v2\/pages"}],"about":[{"href":"https:\/\/head-beauty.com\/lt\/wp-json\/wp\/v2\/types\/page"}],"author":[{"embeddable":true,"href":"https:\/\/head-beauty.com\/lt\/wp-json\/wp\/v2\/users\/1"}],"replies":[{"embeddable":true,"href":"https:\/\/head-beauty.com\/lt\/wp-json\/wp\/v2\/comments?post=29907"}],"version-history":[{"count":2,"href":"https:\/\/head-beauty.com\/lt\/wp-json\/wp\/v2\/pages\/29907\/revisions"}],"predecessor-version":[{"id":29925,"href":"https:\/\/head-beauty.com\/lt\/wp-json\/wp\/v2\/pages\/29907\/revisions\/29925"}],"wp:attachment":[{"href":"https:\/\/head-beauty.com\/lt\/wp-json\/wp\/v2\/media?parent=29907"}],"curies":[{"name":"wp","href":"https:\/\/api.w.org\/{rel}","templated":true}]}}