{"id":25083,"date":"2024-12-02T15:56:04","date_gmt":"2024-12-02T12:56:04","guid":{"rendered":"https:\/\/head-beauty.com\/product\/hbcl-198rd-023-volframo-karbido-bur-apvalus-kugis-raudonas-l-80-mm-o23-mm-kairiarankiams-naudotojams\/"},"modified":"2025-10-12T14:47:04","modified_gmt":"2025-10-12T11:47:04","slug":"hbcl-198rd-023-volframo-karbido-bur-apvalus-kugis-raudonas-l-80-mm-o23-mm-kairiarankiams-naudotojams","status":"publish","type":"product","link":"https:\/\/head-beauty.com\/lt\/produktas\/hbcl-198rd-023-volframo-karbido-bur-apvalus-kugis-raudonas-l-80-mm-o23-mm-kairiarankiams-naudotojams\/","title":{"rendered":"HBCL-198RD.023 Volframo karbido bur &#8222;apvalus k\u016bgis&#8221; raudonas, L-8,0 mm, \u00d82,3 mm Kairiarankiams naudotojams"},"content":{"rendered":"<p>Tiksliam dangos tr\u016bkumo (gelio, gelio tr\u016bkumo) pa\u0161alinimui sunkiai pasiekiamose vietose, dirbtinio nag\u0173 pa\u0161alinimo i\u0161 \u0161iurk\u0161\u010dios odos korekcija, mink\u0161tas ramentinis \u0161autuvas, \u012ftr\u016bkim\u0173 apdorojimas<\/p>\n","protected":false},"excerpt":{"rendered":"<p>Tiksliam dangos tr\u016bkumo (gelio, gelio tr\u016bkumo) pa\u0161alinimui sunkiai pasiekiamose vietose, dirbtinio nag\u0173 pa\u0161alinimo i\u0161 \u0161iurk\u0161\u010dios odos korekcija, mink\u0161tas ramentinis \u0161autuvas, \u012ftr\u016bkim\u0173 apdorojimas<\/p>\n","protected":false},"featured_media":20787,"template":"","meta":{"_acf_changed":false},"product_brand":[],"product_cat":[723],"product_tag":[],"class_list":{"0":"post-25083","1":"product","2":"type-product","3":"status-publish","4":"has-post-thumbnail","6":"product_cat-volframo-karbido-burs","8":"first","9":"instock","10":"taxable","11":"shipping-taxable","12":"purchasable","13":"product-type-simple"},"acf":[],"yoast_head":"<!-- This site is optimized with the Yoast SEO plugin v24.8.1 - https:\/\/yoast.com\/wordpress\/plugins\/seo\/ -->\n<title>HBCL-198RD.023 Volframo karbido bur &quot;apvalus k\u016bgis&quot; raudonas, L-8,0 mm, \u00d82,3 mm Kairiarankiams naudotojams - Head Beauty<\/title>\n<meta name=\"robots\" content=\"index, follow, max-snippet:-1, max-image-preview:large, max-video-preview:-1\" \/>\n<link rel=\"canonical\" href=\"https:\/\/head-beauty.com\/lt\/produktas\/hbcl-198rd-023-volframo-karbido-bur-apvalus-kugis-raudonas-l-80-mm-o23-mm-kairiarankiams-naudotojams\/\" \/>\n<meta property=\"og:locale\" content=\"lt_LT\" \/>\n<meta property=\"og:type\" content=\"article\" \/>\n<meta property=\"og:title\" content=\"HBCL-198RD.023 Volframo karbido bur &quot;apvalus k\u016bgis&quot; raudonas, L-8,0 mm, \u00d82,3 mm Kairiarankiams naudotojams - Head Beauty\" \/>\n<meta property=\"og:description\" content=\"Tiksliam dangos tr\u016bkumo (gelio, gelio tr\u016bkumo) pa\u0161alinimui sunkiai pasiekiamose vietose, dirbtinio nag\u0173 pa\u0161alinimo i\u0161 \u0161iurk\u0161\u010dios odos korekcija, mink\u0161tas ramentinis \u0161autuvas, \u012ftr\u016bkim\u0173 apdorojimas\" \/>\n<meta property=\"og:url\" content=\"https:\/\/head-beauty.com\/lt\/produktas\/hbcl-198rd-023-volframo-karbido-bur-apvalus-kugis-raudonas-l-80-mm-o23-mm-kairiarankiams-naudotojams\/\" \/>\n<meta property=\"og:site_name\" content=\"Head Beauty\" \/>\n<meta property=\"article:modified_time\" content=\"2025-10-12T11:47:04+00:00\" \/>\n<meta property=\"og:image\" content=\"https:\/\/head-beauty.com\/wp-content\/uploads\/2024\/12\/HBCL-198RD.023-2-scaled.jpg\" \/>\n\t<meta property=\"og:image:width\" content=\"2560\" \/>\n\t<meta property=\"og:image:height\" content=\"2560\" \/>\n\t<meta property=\"og:image:type\" content=\"image\/jpeg\" \/>\n<meta name=\"twitter:card\" content=\"summary_large_image\" \/>\n<script type=\"application\/ld+json\" class=\"yoast-schema-graph\">{\"@context\":\"https:\/\/schema.org\",\"@graph\":[{\"@type\":\"WebPage\",\"@id\":\"https:\/\/head-beauty.com\/lt\/produktas\/hbcl-198rd-023-volframo-karbido-bur-apvalus-kugis-raudonas-l-80-mm-o23-mm-kairiarankiams-naudotojams\/\",\"url\":\"https:\/\/head-beauty.com\/lt\/produktas\/hbcl-198rd-023-volframo-karbido-bur-apvalus-kugis-raudonas-l-80-mm-o23-mm-kairiarankiams-naudotojams\/\",\"name\":\"HBCL-198RD.023 Volframo karbido bur \\\"apvalus k\u016bgis\\\" raudonas, L-8,0 mm, \u00d82,3 mm Kairiarankiams naudotojams - Head Beauty\",\"isPartOf\":{\"@id\":\"https:\/\/head-beauty.com\/lt\/#website\"},\"primaryImageOfPage\":{\"@id\":\"https:\/\/head-beauty.com\/lt\/produktas\/hbcl-198rd-023-volframo-karbido-bur-apvalus-kugis-raudonas-l-80-mm-o23-mm-kairiarankiams-naudotojams\/#primaryimage\"},\"image\":{\"@id\":\"https:\/\/head-beauty.com\/lt\/produktas\/hbcl-198rd-023-volframo-karbido-bur-apvalus-kugis-raudonas-l-80-mm-o23-mm-kairiarankiams-naudotojams\/#primaryimage\"},\"thumbnailUrl\":\"https:\/\/head-beauty.com\/wp-content\/uploads\/2024\/12\/HBCL-198RD.023-2-scaled.jpg\",\"datePublished\":\"2024-12-02T12:56:04+00:00\",\"dateModified\":\"2025-10-12T11:47:04+00:00\",\"breadcrumb\":{\"@id\":\"https:\/\/head-beauty.com\/lt\/produktas\/hbcl-198rd-023-volframo-karbido-bur-apvalus-kugis-raudonas-l-80-mm-o23-mm-kairiarankiams-naudotojams\/#breadcrumb\"},\"inLanguage\":\"lt-LT\",\"potentialAction\":[{\"@type\":\"ReadAction\",\"target\":[\"https:\/\/head-beauty.com\/lt\/produktas\/hbcl-198rd-023-volframo-karbido-bur-apvalus-kugis-raudonas-l-80-mm-o23-mm-kairiarankiams-naudotojams\/\"]}]},{\"@type\":\"ImageObject\",\"inLanguage\":\"lt-LT\",\"@id\":\"https:\/\/head-beauty.com\/lt\/produktas\/hbcl-198rd-023-volframo-karbido-bur-apvalus-kugis-raudonas-l-80-mm-o23-mm-kairiarankiams-naudotojams\/#primaryimage\",\"url\":\"https:\/\/head-beauty.com\/wp-content\/uploads\/2024\/12\/HBCL-198RD.023-2-scaled.jpg\",\"contentUrl\":\"https:\/\/head-beauty.com\/wp-content\/uploads\/2024\/12\/HBCL-198RD.023-2-scaled.jpg\",\"width\":2560,\"height\":2560,\"caption\":\"Tiksliam dangos tr\u016bkumo (gelio, gelio tr\u016bkumo) pa\u0161alinimui sunkiai pasiekiamose vietose, dirbtinio nag\u0173 pa\u0161alinimo i\u0161 \u0161iurk\u0161\u010dios odos korekcija, mink\u0161tas ramentinis \u0161autuvas, \u012ftr\u016bkim\u0173 apdorojimas\"},{\"@type\":\"BreadcrumbList\",\"@id\":\"https:\/\/head-beauty.com\/lt\/produktas\/hbcl-198rd-023-volframo-karbido-bur-apvalus-kugis-raudonas-l-80-mm-o23-mm-kairiarankiams-naudotojams\/#breadcrumb\",\"itemListElement\":[{\"@type\":\"ListItem\",\"position\":1,\"name\":\"Home\",\"item\":\"https:\/\/head-beauty.com\/lt\/\"},{\"@type\":\"ListItem\",\"position\":2,\"name\":\"Parduotuv\u0117\",\"item\":\"https:\/\/head-beauty.com\/lt\/shop\/\"},{\"@type\":\"ListItem\",\"position\":3,\"name\":\"HBCL-198RD.023 Volframo karbido bur &#8222;apvalus k\u016bgis&#8221; raudonas, L-8,0 mm, \u00d82,3 mm Kairiarankiams naudotojams\"}]},{\"@type\":\"WebSite\",\"@id\":\"https:\/\/head-beauty.com\/lt\/#website\",\"url\":\"https:\/\/head-beauty.com\/lt\/\",\"name\":\"Head - The Beauty Tools\",\"description\":\"\",\"publisher\":{\"@id\":\"https:\/\/head-beauty.com\/lt\/#organization\"},\"potentialAction\":[{\"@type\":\"SearchAction\",\"target\":{\"@type\":\"EntryPoint\",\"urlTemplate\":\"https:\/\/head-beauty.com\/lt\/?s={search_term_string}\"},\"query-input\":{\"@type\":\"PropertyValueSpecification\",\"valueRequired\":true,\"valueName\":\"search_term_string\"}}],\"inLanguage\":\"lt-LT\"},{\"@type\":\"Organization\",\"@id\":\"https:\/\/head-beauty.com\/lt\/#organization\",\"name\":\"Head - The Beauty Tools\",\"url\":\"https:\/\/head-beauty.com\/lt\/\",\"logo\":{\"@type\":\"ImageObject\",\"inLanguage\":\"lt-LT\",\"@id\":\"https:\/\/head-beauty.com\/lt\/#\/schema\/logo\/image\/\",\"url\":\"https:\/\/head-beauty.com\/wp-content\/uploads\/2024\/10\/head-beauty-logo.svg\",\"contentUrl\":\"https:\/\/head-beauty.com\/wp-content\/uploads\/2024\/10\/head-beauty-logo.svg\",\"width\":411.20999999999997953636921010911464691162109375,\"height\":200,\"caption\":\"Head - The Beauty Tools\"},\"image\":{\"@id\":\"https:\/\/head-beauty.com\/lt\/#\/schema\/logo\/image\/\"}}]}<\/script>\n<!-- \/ Yoast SEO plugin. -->","yoast_head_json":{"title":"HBCL-198RD.023 Volframo karbido bur \"apvalus k\u016bgis\" raudonas, L-8,0 mm, \u00d82,3 mm Kairiarankiams naudotojams - Head Beauty","robots":{"index":"index","follow":"follow","max-snippet":"max-snippet:-1","max-image-preview":"max-image-preview:large","max-video-preview":"max-video-preview:-1"},"canonical":"https:\/\/head-beauty.com\/lt\/produktas\/hbcl-198rd-023-volframo-karbido-bur-apvalus-kugis-raudonas-l-80-mm-o23-mm-kairiarankiams-naudotojams\/","og_locale":"lt_LT","og_type":"article","og_title":"HBCL-198RD.023 Volframo karbido bur \"apvalus k\u016bgis\" raudonas, L-8,0 mm, \u00d82,3 mm Kairiarankiams naudotojams - Head Beauty","og_description":"Tiksliam dangos tr\u016bkumo (gelio, gelio tr\u016bkumo) pa\u0161alinimui sunkiai pasiekiamose vietose, dirbtinio nag\u0173 pa\u0161alinimo i\u0161 \u0161iurk\u0161\u010dios odos korekcija, mink\u0161tas ramentinis \u0161autuvas, \u012ftr\u016bkim\u0173 apdorojimas","og_url":"https:\/\/head-beauty.com\/lt\/produktas\/hbcl-198rd-023-volframo-karbido-bur-apvalus-kugis-raudonas-l-80-mm-o23-mm-kairiarankiams-naudotojams\/","og_site_name":"Head Beauty","article_modified_time":"2025-10-12T11:47:04+00:00","og_image":[{"width":2560,"height":2560,"url":"https:\/\/head-beauty.com\/wp-content\/uploads\/2024\/12\/HBCL-198RD.023-2-scaled.jpg","type":"image\/jpeg"}],"twitter_card":"summary_large_image","schema":{"@context":"https:\/\/schema.org","@graph":[{"@type":"WebPage","@id":"https:\/\/head-beauty.com\/lt\/produktas\/hbcl-198rd-023-volframo-karbido-bur-apvalus-kugis-raudonas-l-80-mm-o23-mm-kairiarankiams-naudotojams\/","url":"https:\/\/head-beauty.com\/lt\/produktas\/hbcl-198rd-023-volframo-karbido-bur-apvalus-kugis-raudonas-l-80-mm-o23-mm-kairiarankiams-naudotojams\/","name":"HBCL-198RD.023 Volframo karbido bur \"apvalus k\u016bgis\" raudonas, L-8,0 mm, \u00d82,3 mm Kairiarankiams naudotojams - Head Beauty","isPartOf":{"@id":"https:\/\/head-beauty.com\/lt\/#website"},"primaryImageOfPage":{"@id":"https:\/\/head-beauty.com\/lt\/produktas\/hbcl-198rd-023-volframo-karbido-bur-apvalus-kugis-raudonas-l-80-mm-o23-mm-kairiarankiams-naudotojams\/#primaryimage"},"image":{"@id":"https:\/\/head-beauty.com\/lt\/produktas\/hbcl-198rd-023-volframo-karbido-bur-apvalus-kugis-raudonas-l-80-mm-o23-mm-kairiarankiams-naudotojams\/#primaryimage"},"thumbnailUrl":"https:\/\/head-beauty.com\/wp-content\/uploads\/2024\/12\/HBCL-198RD.023-2-scaled.jpg","datePublished":"2024-12-02T12:56:04+00:00","dateModified":"2025-10-12T11:47:04+00:00","breadcrumb":{"@id":"https:\/\/head-beauty.com\/lt\/produktas\/hbcl-198rd-023-volframo-karbido-bur-apvalus-kugis-raudonas-l-80-mm-o23-mm-kairiarankiams-naudotojams\/#breadcrumb"},"inLanguage":"lt-LT","potentialAction":[{"@type":"ReadAction","target":["https:\/\/head-beauty.com\/lt\/produktas\/hbcl-198rd-023-volframo-karbido-bur-apvalus-kugis-raudonas-l-80-mm-o23-mm-kairiarankiams-naudotojams\/"]}]},{"@type":"ImageObject","inLanguage":"lt-LT","@id":"https:\/\/head-beauty.com\/lt\/produktas\/hbcl-198rd-023-volframo-karbido-bur-apvalus-kugis-raudonas-l-80-mm-o23-mm-kairiarankiams-naudotojams\/#primaryimage","url":"https:\/\/head-beauty.com\/wp-content\/uploads\/2024\/12\/HBCL-198RD.023-2-scaled.jpg","contentUrl":"https:\/\/head-beauty.com\/wp-content\/uploads\/2024\/12\/HBCL-198RD.023-2-scaled.jpg","width":2560,"height":2560,"caption":"Tiksliam dangos tr\u016bkumo (gelio, gelio tr\u016bkumo) pa\u0161alinimui sunkiai pasiekiamose vietose, dirbtinio nag\u0173 pa\u0161alinimo i\u0161 \u0161iurk\u0161\u010dios odos korekcija, mink\u0161tas ramentinis \u0161autuvas, \u012ftr\u016bkim\u0173 apdorojimas"},{"@type":"BreadcrumbList","@id":"https:\/\/head-beauty.com\/lt\/produktas\/hbcl-198rd-023-volframo-karbido-bur-apvalus-kugis-raudonas-l-80-mm-o23-mm-kairiarankiams-naudotojams\/#breadcrumb","itemListElement":[{"@type":"ListItem","position":1,"name":"Home","item":"https:\/\/head-beauty.com\/lt\/"},{"@type":"ListItem","position":2,"name":"Parduotuv\u0117","item":"https:\/\/head-beauty.com\/lt\/shop\/"},{"@type":"ListItem","position":3,"name":"HBCL-198RD.023 Volframo karbido bur &#8222;apvalus k\u016bgis&#8221; raudonas, L-8,0 mm, \u00d82,3 mm Kairiarankiams naudotojams"}]},{"@type":"WebSite","@id":"https:\/\/head-beauty.com\/lt\/#website","url":"https:\/\/head-beauty.com\/lt\/","name":"Head - The Beauty Tools","description":"","publisher":{"@id":"https:\/\/head-beauty.com\/lt\/#organization"},"potentialAction":[{"@type":"SearchAction","target":{"@type":"EntryPoint","urlTemplate":"https:\/\/head-beauty.com\/lt\/?s={search_term_string}"},"query-input":{"@type":"PropertyValueSpecification","valueRequired":true,"valueName":"search_term_string"}}],"inLanguage":"lt-LT"},{"@type":"Organization","@id":"https:\/\/head-beauty.com\/lt\/#organization","name":"Head - The Beauty Tools","url":"https:\/\/head-beauty.com\/lt\/","logo":{"@type":"ImageObject","inLanguage":"lt-LT","@id":"https:\/\/head-beauty.com\/lt\/#\/schema\/logo\/image\/","url":"https:\/\/head-beauty.com\/wp-content\/uploads\/2024\/10\/head-beauty-logo.svg","contentUrl":"https:\/\/head-beauty.com\/wp-content\/uploads\/2024\/10\/head-beauty-logo.svg","width":411.20999999999997953636921010911464691162109375,"height":200,"caption":"Head - The Beauty Tools"},"image":{"@id":"https:\/\/head-beauty.com\/lt\/#\/schema\/logo\/image\/"}}]}},"_links":{"self":[{"href":"https:\/\/head-beauty.com\/lt\/wp-json\/wp\/v2\/product\/25083","targetHints":{"allow":["GET"]}}],"collection":[{"href":"https:\/\/head-beauty.com\/lt\/wp-json\/wp\/v2\/product"}],"about":[{"href":"https:\/\/head-beauty.com\/lt\/wp-json\/wp\/v2\/types\/product"}],"wp:featuredmedia":[{"embeddable":true,"href":"https:\/\/head-beauty.com\/lt\/wp-json\/wp\/v2\/media\/20787"}],"wp:attachment":[{"href":"https:\/\/head-beauty.com\/lt\/wp-json\/wp\/v2\/media?parent=25083"}],"wp:term":[{"taxonomy":"product_brand","embeddable":true,"href":"https:\/\/head-beauty.com\/lt\/wp-json\/wp\/v2\/product_brand?post=25083"},{"taxonomy":"product_cat","embeddable":true,"href":"https:\/\/head-beauty.com\/lt\/wp-json\/wp\/v2\/product_cat?post=25083"},{"taxonomy":"product_tag","embeddable":true,"href":"https:\/\/head-beauty.com\/lt\/wp-json\/wp\/v2\/product_tag?post=25083"}],"curies":[{"name":"wp","href":"https:\/\/api.w.org\/{rel}","templated":true}]}}