{"id":26881,"date":"2024-12-02T15:42:32","date_gmt":"2024-12-02T12:42:32","guid":{"rendered":"https:\/\/head-beauty.com\/product\/hbd-010bl-diamond-bur-atvirkstinis-kugis-melynas\/"},"modified":"2024-12-02T15:42:32","modified_gmt":"2024-12-02T12:42:32","slug":"hbd-010bl-diamond-bur-atvirkstinis-kugis-melynas","status":"publish","type":"product","link":"https:\/\/head-beauty.com\/lt\/produktas\/hbd-010bl-diamond-bur-atvirkstinis-kugis-melynas\/","title":{"rendered":"HBD-010BL Diamond bur &#8222;atvirk\u0161tinis k\u016bgis&#8221; m\u0117lynas"},"content":{"rendered":"<p>Nat\u016bralaus nag\u0173 sluoksnio apdorojimui prie\u0161 dengim\u0105, korekcij\u0105 ir darb\u0105 su laisvu kra\u0161tu, keter\u0173 apdorojim\u0105, standartin\u012f vidutinio rato \u0161autuv\u0105<\/p>\n","protected":false},"excerpt":{"rendered":"<p>Nat\u016bralaus nag\u0173 sluoksnio apdorojimui prie\u0161 dengim\u0105, korekcij\u0105 ir darb\u0105 su laisvu kra\u0161tu, keter\u0173 apdorojim\u0105, standartin\u012f vidutinio rato \u0161autuv\u0105<\/p>\n","protected":false},"featured_media":20446,"template":"","meta":{"_acf_changed":false},"product_brand":[],"product_cat":[185],"product_tag":[],"class_list":{"0":"post-26881","1":"product","2":"type-product","3":"status-publish","4":"has-post-thumbnail","6":"product_cat-deimantiniai-frezai","8":"first","9":"instock","10":"taxable","11":"shipping-taxable","12":"purchasable","13":"product-type-variable"},"acf":[],"yoast_head":"<!-- This site is optimized with the Yoast SEO plugin v24.8.1 - https:\/\/yoast.com\/wordpress\/plugins\/seo\/ -->\n<title>HBD-010BL Diamond bur &quot;atvirk\u0161tinis k\u016bgis&quot; m\u0117lynas - Head Beauty<\/title>\n<meta name=\"robots\" content=\"index, follow, max-snippet:-1, max-image-preview:large, max-video-preview:-1\" \/>\n<link rel=\"canonical\" href=\"https:\/\/head-beauty.com\/lt\/produktas\/hbd-010bl-diamond-bur-atvirkstinis-kugis-melynas\/\" \/>\n<meta property=\"og:locale\" content=\"lt_LT\" \/>\n<meta property=\"og:type\" content=\"article\" \/>\n<meta property=\"og:title\" content=\"HBD-010BL Diamond bur &quot;atvirk\u0161tinis k\u016bgis&quot; m\u0117lynas - Head Beauty\" \/>\n<meta property=\"og:description\" content=\"Nat\u016bralaus nag\u0173 sluoksnio apdorojimui prie\u0161 dengim\u0105, korekcij\u0105 ir darb\u0105 su laisvu kra\u0161tu, keter\u0173 apdorojim\u0105, standartin\u012f vidutinio rato \u0161autuv\u0105\" \/>\n<meta property=\"og:url\" content=\"https:\/\/head-beauty.com\/lt\/produktas\/hbd-010bl-diamond-bur-atvirkstinis-kugis-melynas\/\" \/>\n<meta property=\"og:site_name\" content=\"Head Beauty\" \/>\n<meta property=\"og:image\" content=\"https:\/\/head-beauty.com\/wp-content\/uploads\/2024\/12\/DB4-1-scaled.jpg\" \/>\n\t<meta property=\"og:image:width\" content=\"2560\" \/>\n\t<meta property=\"og:image:height\" content=\"2560\" \/>\n\t<meta property=\"og:image:type\" content=\"image\/jpeg\" \/>\n<meta name=\"twitter:card\" content=\"summary_large_image\" \/>\n<script type=\"application\/ld+json\" class=\"yoast-schema-graph\">{\"@context\":\"https:\/\/schema.org\",\"@graph\":[{\"@type\":\"WebPage\",\"@id\":\"https:\/\/head-beauty.com\/lt\/produktas\/hbd-010bl-diamond-bur-atvirkstinis-kugis-melynas\/\",\"url\":\"https:\/\/head-beauty.com\/lt\/produktas\/hbd-010bl-diamond-bur-atvirkstinis-kugis-melynas\/\",\"name\":\"HBD-010BL Diamond bur \\\"atvirk\u0161tinis k\u016bgis\\\" m\u0117lynas - Head Beauty\",\"isPartOf\":{\"@id\":\"https:\/\/head-beauty.com\/lt\/#website\"},\"primaryImageOfPage\":{\"@id\":\"https:\/\/head-beauty.com\/lt\/produktas\/hbd-010bl-diamond-bur-atvirkstinis-kugis-melynas\/#primaryimage\"},\"image\":{\"@id\":\"https:\/\/head-beauty.com\/lt\/produktas\/hbd-010bl-diamond-bur-atvirkstinis-kugis-melynas\/#primaryimage\"},\"thumbnailUrl\":\"https:\/\/head-beauty.com\/wp-content\/uploads\/2024\/12\/DB4-1-scaled.jpg\",\"datePublished\":\"2024-12-02T12:42:32+00:00\",\"breadcrumb\":{\"@id\":\"https:\/\/head-beauty.com\/lt\/produktas\/hbd-010bl-diamond-bur-atvirkstinis-kugis-melynas\/#breadcrumb\"},\"inLanguage\":\"lt-LT\",\"potentialAction\":[{\"@type\":\"ReadAction\",\"target\":[\"https:\/\/head-beauty.com\/lt\/produktas\/hbd-010bl-diamond-bur-atvirkstinis-kugis-melynas\/\"]}]},{\"@type\":\"ImageObject\",\"inLanguage\":\"lt-LT\",\"@id\":\"https:\/\/head-beauty.com\/lt\/produktas\/hbd-010bl-diamond-bur-atvirkstinis-kugis-melynas\/#primaryimage\",\"url\":\"https:\/\/head-beauty.com\/wp-content\/uploads\/2024\/12\/DB4-1-scaled.jpg\",\"contentUrl\":\"https:\/\/head-beauty.com\/wp-content\/uploads\/2024\/12\/DB4-1-scaled.jpg\",\"width\":2560,\"height\":2560,\"caption\":\"Nat\u016bralaus nag\u0173 sluoksnio apdorojimui prie\u0161 dengim\u0105, korekcij\u0105 ir darb\u0105 su laisvu kra\u0161tu, keter\u0173 apdorojim\u0105, standartin\u012f vidutinio rato \u0161autuv\u0105\"},{\"@type\":\"BreadcrumbList\",\"@id\":\"https:\/\/head-beauty.com\/lt\/produktas\/hbd-010bl-diamond-bur-atvirkstinis-kugis-melynas\/#breadcrumb\",\"itemListElement\":[{\"@type\":\"ListItem\",\"position\":1,\"name\":\"Home\",\"item\":\"https:\/\/head-beauty.com\/lt\/\"},{\"@type\":\"ListItem\",\"position\":2,\"name\":\"Parduotuv\u0117\",\"item\":\"https:\/\/head-beauty.com\/lt\/shop\/\"},{\"@type\":\"ListItem\",\"position\":3,\"name\":\"HBD-010BL Diamond bur &#8220;atvirk\u0161tinis k\u016bgis&#8221; m\u0117lynas\"}]},{\"@type\":\"WebSite\",\"@id\":\"https:\/\/head-beauty.com\/lt\/#website\",\"url\":\"https:\/\/head-beauty.com\/lt\/\",\"name\":\"Head - The Beauty Tools\",\"description\":\"\",\"publisher\":{\"@id\":\"https:\/\/head-beauty.com\/lt\/#organization\"},\"potentialAction\":[{\"@type\":\"SearchAction\",\"target\":{\"@type\":\"EntryPoint\",\"urlTemplate\":\"https:\/\/head-beauty.com\/lt\/?s={search_term_string}\"},\"query-input\":{\"@type\":\"PropertyValueSpecification\",\"valueRequired\":true,\"valueName\":\"search_term_string\"}}],\"inLanguage\":\"lt-LT\"},{\"@type\":\"Organization\",\"@id\":\"https:\/\/head-beauty.com\/lt\/#organization\",\"name\":\"Head - The Beauty Tools\",\"url\":\"https:\/\/head-beauty.com\/lt\/\",\"logo\":{\"@type\":\"ImageObject\",\"inLanguage\":\"lt-LT\",\"@id\":\"https:\/\/head-beauty.com\/lt\/#\/schema\/logo\/image\/\",\"url\":\"https:\/\/head-beauty.com\/wp-content\/uploads\/2024\/10\/head-beauty-logo.svg\",\"contentUrl\":\"https:\/\/head-beauty.com\/wp-content\/uploads\/2024\/10\/head-beauty-logo.svg\",\"width\":411.20999999999997953636921010911464691162109375,\"height\":200,\"caption\":\"Head - The Beauty Tools\"},\"image\":{\"@id\":\"https:\/\/head-beauty.com\/lt\/#\/schema\/logo\/image\/\"}}]}<\/script>\n<!-- \/ Yoast SEO plugin. -->","yoast_head_json":{"title":"HBD-010BL Diamond bur \"atvirk\u0161tinis k\u016bgis\" m\u0117lynas - Head Beauty","robots":{"index":"index","follow":"follow","max-snippet":"max-snippet:-1","max-image-preview":"max-image-preview:large","max-video-preview":"max-video-preview:-1"},"canonical":"https:\/\/head-beauty.com\/lt\/produktas\/hbd-010bl-diamond-bur-atvirkstinis-kugis-melynas\/","og_locale":"lt_LT","og_type":"article","og_title":"HBD-010BL Diamond bur \"atvirk\u0161tinis k\u016bgis\" m\u0117lynas - Head Beauty","og_description":"Nat\u016bralaus nag\u0173 sluoksnio apdorojimui prie\u0161 dengim\u0105, korekcij\u0105 ir darb\u0105 su laisvu kra\u0161tu, keter\u0173 apdorojim\u0105, standartin\u012f vidutinio rato \u0161autuv\u0105","og_url":"https:\/\/head-beauty.com\/lt\/produktas\/hbd-010bl-diamond-bur-atvirkstinis-kugis-melynas\/","og_site_name":"Head Beauty","og_image":[{"width":2560,"height":2560,"url":"https:\/\/head-beauty.com\/wp-content\/uploads\/2024\/12\/DB4-1-scaled.jpg","type":"image\/jpeg"}],"twitter_card":"summary_large_image","schema":{"@context":"https:\/\/schema.org","@graph":[{"@type":"WebPage","@id":"https:\/\/head-beauty.com\/lt\/produktas\/hbd-010bl-diamond-bur-atvirkstinis-kugis-melynas\/","url":"https:\/\/head-beauty.com\/lt\/produktas\/hbd-010bl-diamond-bur-atvirkstinis-kugis-melynas\/","name":"HBD-010BL Diamond bur \"atvirk\u0161tinis k\u016bgis\" m\u0117lynas - Head Beauty","isPartOf":{"@id":"https:\/\/head-beauty.com\/lt\/#website"},"primaryImageOfPage":{"@id":"https:\/\/head-beauty.com\/lt\/produktas\/hbd-010bl-diamond-bur-atvirkstinis-kugis-melynas\/#primaryimage"},"image":{"@id":"https:\/\/head-beauty.com\/lt\/produktas\/hbd-010bl-diamond-bur-atvirkstinis-kugis-melynas\/#primaryimage"},"thumbnailUrl":"https:\/\/head-beauty.com\/wp-content\/uploads\/2024\/12\/DB4-1-scaled.jpg","datePublished":"2024-12-02T12:42:32+00:00","breadcrumb":{"@id":"https:\/\/head-beauty.com\/lt\/produktas\/hbd-010bl-diamond-bur-atvirkstinis-kugis-melynas\/#breadcrumb"},"inLanguage":"lt-LT","potentialAction":[{"@type":"ReadAction","target":["https:\/\/head-beauty.com\/lt\/produktas\/hbd-010bl-diamond-bur-atvirkstinis-kugis-melynas\/"]}]},{"@type":"ImageObject","inLanguage":"lt-LT","@id":"https:\/\/head-beauty.com\/lt\/produktas\/hbd-010bl-diamond-bur-atvirkstinis-kugis-melynas\/#primaryimage","url":"https:\/\/head-beauty.com\/wp-content\/uploads\/2024\/12\/DB4-1-scaled.jpg","contentUrl":"https:\/\/head-beauty.com\/wp-content\/uploads\/2024\/12\/DB4-1-scaled.jpg","width":2560,"height":2560,"caption":"Nat\u016bralaus nag\u0173 sluoksnio apdorojimui prie\u0161 dengim\u0105, korekcij\u0105 ir darb\u0105 su laisvu kra\u0161tu, keter\u0173 apdorojim\u0105, standartin\u012f vidutinio rato \u0161autuv\u0105"},{"@type":"BreadcrumbList","@id":"https:\/\/head-beauty.com\/lt\/produktas\/hbd-010bl-diamond-bur-atvirkstinis-kugis-melynas\/#breadcrumb","itemListElement":[{"@type":"ListItem","position":1,"name":"Home","item":"https:\/\/head-beauty.com\/lt\/"},{"@type":"ListItem","position":2,"name":"Parduotuv\u0117","item":"https:\/\/head-beauty.com\/lt\/shop\/"},{"@type":"ListItem","position":3,"name":"HBD-010BL Diamond bur &#8220;atvirk\u0161tinis k\u016bgis&#8221; m\u0117lynas"}]},{"@type":"WebSite","@id":"https:\/\/head-beauty.com\/lt\/#website","url":"https:\/\/head-beauty.com\/lt\/","name":"Head - The Beauty Tools","description":"","publisher":{"@id":"https:\/\/head-beauty.com\/lt\/#organization"},"potentialAction":[{"@type":"SearchAction","target":{"@type":"EntryPoint","urlTemplate":"https:\/\/head-beauty.com\/lt\/?s={search_term_string}"},"query-input":{"@type":"PropertyValueSpecification","valueRequired":true,"valueName":"search_term_string"}}],"inLanguage":"lt-LT"},{"@type":"Organization","@id":"https:\/\/head-beauty.com\/lt\/#organization","name":"Head - The Beauty Tools","url":"https:\/\/head-beauty.com\/lt\/","logo":{"@type":"ImageObject","inLanguage":"lt-LT","@id":"https:\/\/head-beauty.com\/lt\/#\/schema\/logo\/image\/","url":"https:\/\/head-beauty.com\/wp-content\/uploads\/2024\/10\/head-beauty-logo.svg","contentUrl":"https:\/\/head-beauty.com\/wp-content\/uploads\/2024\/10\/head-beauty-logo.svg","width":411.20999999999997953636921010911464691162109375,"height":200,"caption":"Head - The Beauty Tools"},"image":{"@id":"https:\/\/head-beauty.com\/lt\/#\/schema\/logo\/image\/"}}]}},"_links":{"self":[{"href":"https:\/\/head-beauty.com\/lt\/wp-json\/wp\/v2\/product\/26881","targetHints":{"allow":["GET"]}}],"collection":[{"href":"https:\/\/head-beauty.com\/lt\/wp-json\/wp\/v2\/product"}],"about":[{"href":"https:\/\/head-beauty.com\/lt\/wp-json\/wp\/v2\/types\/product"}],"wp:featuredmedia":[{"embeddable":true,"href":"https:\/\/head-beauty.com\/lt\/wp-json\/wp\/v2\/media\/20446"}],"wp:attachment":[{"href":"https:\/\/head-beauty.com\/lt\/wp-json\/wp\/v2\/media?parent=26881"}],"wp:term":[{"taxonomy":"product_brand","embeddable":true,"href":"https:\/\/head-beauty.com\/lt\/wp-json\/wp\/v2\/product_brand?post=26881"},{"taxonomy":"product_cat","embeddable":true,"href":"https:\/\/head-beauty.com\/lt\/wp-json\/wp\/v2\/product_cat?post=26881"},{"taxonomy":"product_tag","embeddable":true,"href":"https:\/\/head-beauty.com\/lt\/wp-json\/wp\/v2\/product_tag?post=26881"}],"curies":[{"name":"wp","href":"https:\/\/api.w.org\/{rel}","templated":true}]}}