{"id":27101,"date":"2024-12-02T16:05:42","date_gmt":"2024-12-02T13:05:42","guid":{"rendered":"https:\/\/head-beauty.com\/product\/nx-2-9-profesionalios-odeliu-znyples-x-line-2-l-105mm-asmenys-9-mm-zemas-heel\/"},"modified":"2025-10-12T14:42:14","modified_gmt":"2025-10-12T11:42:14","slug":"nx-2-9-profesionalios-odeliu-znyples-x-line-2-l-105mm-asmenys-9-mm-zemas-heel","status":"publish","type":"product","link":"https:\/\/head-beauty.com\/lt\/produktas\/nx-2-9-profesionalios-odeliu-znyples-x-line-2-l-105mm-asmenys-9-mm-zemas-heel\/","title":{"rendered":"NX-2-9 Profesionalios odeli\u0173 \u017enypl\u0117s X-line 2, L-105mm, a\u0161menys 9 mm, \u017eemas &#8222;Heel&#8221;"},"content":{"rendered":"<p>Optimalus ma\u017eam delnui, lengvas jud\u0117jimas ir naudojimas, matinis i\u0161orinis pavir\u0161ius, vidin\u0117s blizgios poliruotos rankenos, mink\u0161tas ir sklandus ranken\u0173 u\u017edarymas, tinka profesionalams, auk\u0161ta ergonomika<\/p>\n","protected":false},"excerpt":{"rendered":"<p>Optimalus ma\u017eam delnui, lengvas jud\u0117jimas ir naudojimas, matinis i\u0161orinis pavir\u0161ius, vidin\u0117s blizgios poliruotos rankenos, mink\u0161tas ir sklandus ranken\u0173 u\u017edarymas, tinka profesionalams, auk\u0161ta ergonomika<\/p>\n","protected":false},"featured_media":20875,"template":"","meta":{"_acf_changed":false},"product_brand":[],"product_cat":[353],"product_tag":[815],"class_list":{"0":"post-27101","1":"product","2":"type-product","3":"status-publish","4":"has-post-thumbnail","6":"product_cat-odeliu-znyplutes","7":"product_tag-isplestine-nippers-x-line","9":"first","10":"instock","11":"taxable","12":"shipping-taxable","13":"purchasable","14":"product-type-simple"},"acf":[],"yoast_head":"<!-- This site is optimized with the Yoast SEO plugin v24.8.1 - https:\/\/yoast.com\/wordpress\/plugins\/seo\/ -->\n<title>NX-2-9 Profesionalios odeli\u0173 \u017enypl\u0117s X-line 2, L-105mm, a\u0161menys 9 mm, \u017eemas &quot;Heel&quot; - Head Beauty<\/title>\n<meta name=\"robots\" content=\"index, follow, max-snippet:-1, max-image-preview:large, max-video-preview:-1\" \/>\n<link rel=\"canonical\" href=\"https:\/\/head-beauty.com\/lt\/produktas\/nx-2-9-profesionalios-odeliu-znyples-x-line-2-l-105mm-asmenys-9-mm-zemas-heel\/\" \/>\n<meta property=\"og:locale\" content=\"lt_LT\" \/>\n<meta property=\"og:type\" content=\"article\" \/>\n<meta property=\"og:title\" content=\"NX-2-9 Profesionalios odeli\u0173 \u017enypl\u0117s X-line 2, L-105mm, a\u0161menys 9 mm, \u017eemas &quot;Heel&quot; - Head Beauty\" \/>\n<meta property=\"og:description\" content=\"Optimalus ma\u017eam delnui, lengvas jud\u0117jimas ir naudojimas, matinis i\u0161orinis pavir\u0161ius, vidin\u0117s blizgios poliruotos rankenos, mink\u0161tas ir sklandus ranken\u0173 u\u017edarymas, tinka profesionalams, auk\u0161ta ergonomika\" \/>\n<meta property=\"og:url\" content=\"https:\/\/head-beauty.com\/lt\/produktas\/nx-2-9-profesionalios-odeliu-znyples-x-line-2-l-105mm-asmenys-9-mm-zemas-heel\/\" \/>\n<meta property=\"og:site_name\" content=\"Head Beauty\" \/>\n<meta property=\"article:modified_time\" content=\"2025-10-12T11:42:14+00:00\" \/>\n<meta property=\"og:image\" content=\"https:\/\/head-beauty.com\/wp-content\/uploads\/2024\/12\/NX-2-9.png\" \/>\n\t<meta property=\"og:image:width\" content=\"1080\" \/>\n\t<meta property=\"og:image:height\" content=\"1080\" \/>\n\t<meta property=\"og:image:type\" content=\"image\/png\" \/>\n<meta name=\"twitter:card\" content=\"summary_large_image\" \/>\n<script type=\"application\/ld+json\" class=\"yoast-schema-graph\">{\"@context\":\"https:\/\/schema.org\",\"@graph\":[{\"@type\":\"WebPage\",\"@id\":\"https:\/\/head-beauty.com\/lt\/produktas\/nx-2-9-profesionalios-odeliu-znyples-x-line-2-l-105mm-asmenys-9-mm-zemas-heel\/\",\"url\":\"https:\/\/head-beauty.com\/lt\/produktas\/nx-2-9-profesionalios-odeliu-znyples-x-line-2-l-105mm-asmenys-9-mm-zemas-heel\/\",\"name\":\"NX-2-9 Profesionalios odeli\u0173 \u017enypl\u0117s X-line 2, L-105mm, a\u0161menys 9 mm, \u017eemas \\\"Heel\\\" - Head Beauty\",\"isPartOf\":{\"@id\":\"https:\/\/head-beauty.com\/lt\/#website\"},\"primaryImageOfPage\":{\"@id\":\"https:\/\/head-beauty.com\/lt\/produktas\/nx-2-9-profesionalios-odeliu-znyples-x-line-2-l-105mm-asmenys-9-mm-zemas-heel\/#primaryimage\"},\"image\":{\"@id\":\"https:\/\/head-beauty.com\/lt\/produktas\/nx-2-9-profesionalios-odeliu-znyples-x-line-2-l-105mm-asmenys-9-mm-zemas-heel\/#primaryimage\"},\"thumbnailUrl\":\"https:\/\/head-beauty.com\/wp-content\/uploads\/2024\/12\/NX-2-9.png\",\"datePublished\":\"2024-12-02T13:05:42+00:00\",\"dateModified\":\"2025-10-12T11:42:14+00:00\",\"breadcrumb\":{\"@id\":\"https:\/\/head-beauty.com\/lt\/produktas\/nx-2-9-profesionalios-odeliu-znyples-x-line-2-l-105mm-asmenys-9-mm-zemas-heel\/#breadcrumb\"},\"inLanguage\":\"lt-LT\",\"potentialAction\":[{\"@type\":\"ReadAction\",\"target\":[\"https:\/\/head-beauty.com\/lt\/produktas\/nx-2-9-profesionalios-odeliu-znyples-x-line-2-l-105mm-asmenys-9-mm-zemas-heel\/\"]}]},{\"@type\":\"ImageObject\",\"inLanguage\":\"lt-LT\",\"@id\":\"https:\/\/head-beauty.com\/lt\/produktas\/nx-2-9-profesionalios-odeliu-znyples-x-line-2-l-105mm-asmenys-9-mm-zemas-heel\/#primaryimage\",\"url\":\"https:\/\/head-beauty.com\/wp-content\/uploads\/2024\/12\/NX-2-9.png\",\"contentUrl\":\"https:\/\/head-beauty.com\/wp-content\/uploads\/2024\/12\/NX-2-9.png\",\"width\":1080,\"height\":1080,\"caption\":\"Optimalus ma\u017eam delnui, lengvas jud\u0117jimas ir naudojimas, matinis i\u0161orinis pavir\u0161ius, vidin\u0117s blizgios poliruotos rankenos, mink\u0161tas ir sklandus ranken\u0173 u\u017edarymas, tinka profesionalams, auk\u0161ta ergonomika\"},{\"@type\":\"BreadcrumbList\",\"@id\":\"https:\/\/head-beauty.com\/lt\/produktas\/nx-2-9-profesionalios-odeliu-znyples-x-line-2-l-105mm-asmenys-9-mm-zemas-heel\/#breadcrumb\",\"itemListElement\":[{\"@type\":\"ListItem\",\"position\":1,\"name\":\"Home\",\"item\":\"https:\/\/head-beauty.com\/lt\/\"},{\"@type\":\"ListItem\",\"position\":2,\"name\":\"Parduotuv\u0117\",\"item\":\"https:\/\/head-beauty.com\/lt\/shop\/\"},{\"@type\":\"ListItem\",\"position\":3,\"name\":\"NX-2-9 Profesionalios odeli\u0173 \u017enypl\u0117s X-line 2, L-105mm, a\u0161menys 9 mm, \u017eemas &#8222;Heel&#8221;\"}]},{\"@type\":\"WebSite\",\"@id\":\"https:\/\/head-beauty.com\/lt\/#website\",\"url\":\"https:\/\/head-beauty.com\/lt\/\",\"name\":\"Head - The Beauty Tools\",\"description\":\"\",\"publisher\":{\"@id\":\"https:\/\/head-beauty.com\/lt\/#organization\"},\"potentialAction\":[{\"@type\":\"SearchAction\",\"target\":{\"@type\":\"EntryPoint\",\"urlTemplate\":\"https:\/\/head-beauty.com\/lt\/?s={search_term_string}\"},\"query-input\":{\"@type\":\"PropertyValueSpecification\",\"valueRequired\":true,\"valueName\":\"search_term_string\"}}],\"inLanguage\":\"lt-LT\"},{\"@type\":\"Organization\",\"@id\":\"https:\/\/head-beauty.com\/lt\/#organization\",\"name\":\"Head - The Beauty Tools\",\"url\":\"https:\/\/head-beauty.com\/lt\/\",\"logo\":{\"@type\":\"ImageObject\",\"inLanguage\":\"lt-LT\",\"@id\":\"https:\/\/head-beauty.com\/lt\/#\/schema\/logo\/image\/\",\"url\":\"https:\/\/head-beauty.com\/wp-content\/uploads\/2024\/10\/head-beauty-logo.svg\",\"contentUrl\":\"https:\/\/head-beauty.com\/wp-content\/uploads\/2024\/10\/head-beauty-logo.svg\",\"width\":411.20999999999997953636921010911464691162109375,\"height\":200,\"caption\":\"Head - The Beauty Tools\"},\"image\":{\"@id\":\"https:\/\/head-beauty.com\/lt\/#\/schema\/logo\/image\/\"}}]}<\/script>\n<!-- \/ Yoast SEO plugin. -->","yoast_head_json":{"title":"NX-2-9 Profesionalios odeli\u0173 \u017enypl\u0117s X-line 2, L-105mm, a\u0161menys 9 mm, \u017eemas \"Heel\" - Head Beauty","robots":{"index":"index","follow":"follow","max-snippet":"max-snippet:-1","max-image-preview":"max-image-preview:large","max-video-preview":"max-video-preview:-1"},"canonical":"https:\/\/head-beauty.com\/lt\/produktas\/nx-2-9-profesionalios-odeliu-znyples-x-line-2-l-105mm-asmenys-9-mm-zemas-heel\/","og_locale":"lt_LT","og_type":"article","og_title":"NX-2-9 Profesionalios odeli\u0173 \u017enypl\u0117s X-line 2, L-105mm, a\u0161menys 9 mm, \u017eemas \"Heel\" - Head Beauty","og_description":"Optimalus ma\u017eam delnui, lengvas jud\u0117jimas ir naudojimas, matinis i\u0161orinis pavir\u0161ius, vidin\u0117s blizgios poliruotos rankenos, mink\u0161tas ir sklandus ranken\u0173 u\u017edarymas, tinka profesionalams, auk\u0161ta ergonomika","og_url":"https:\/\/head-beauty.com\/lt\/produktas\/nx-2-9-profesionalios-odeliu-znyples-x-line-2-l-105mm-asmenys-9-mm-zemas-heel\/","og_site_name":"Head Beauty","article_modified_time":"2025-10-12T11:42:14+00:00","og_image":[{"width":1080,"height":1080,"url":"https:\/\/head-beauty.com\/wp-content\/uploads\/2024\/12\/NX-2-9.png","type":"image\/png"}],"twitter_card":"summary_large_image","schema":{"@context":"https:\/\/schema.org","@graph":[{"@type":"WebPage","@id":"https:\/\/head-beauty.com\/lt\/produktas\/nx-2-9-profesionalios-odeliu-znyples-x-line-2-l-105mm-asmenys-9-mm-zemas-heel\/","url":"https:\/\/head-beauty.com\/lt\/produktas\/nx-2-9-profesionalios-odeliu-znyples-x-line-2-l-105mm-asmenys-9-mm-zemas-heel\/","name":"NX-2-9 Profesionalios odeli\u0173 \u017enypl\u0117s X-line 2, L-105mm, a\u0161menys 9 mm, \u017eemas \"Heel\" - Head Beauty","isPartOf":{"@id":"https:\/\/head-beauty.com\/lt\/#website"},"primaryImageOfPage":{"@id":"https:\/\/head-beauty.com\/lt\/produktas\/nx-2-9-profesionalios-odeliu-znyples-x-line-2-l-105mm-asmenys-9-mm-zemas-heel\/#primaryimage"},"image":{"@id":"https:\/\/head-beauty.com\/lt\/produktas\/nx-2-9-profesionalios-odeliu-znyples-x-line-2-l-105mm-asmenys-9-mm-zemas-heel\/#primaryimage"},"thumbnailUrl":"https:\/\/head-beauty.com\/wp-content\/uploads\/2024\/12\/NX-2-9.png","datePublished":"2024-12-02T13:05:42+00:00","dateModified":"2025-10-12T11:42:14+00:00","breadcrumb":{"@id":"https:\/\/head-beauty.com\/lt\/produktas\/nx-2-9-profesionalios-odeliu-znyples-x-line-2-l-105mm-asmenys-9-mm-zemas-heel\/#breadcrumb"},"inLanguage":"lt-LT","potentialAction":[{"@type":"ReadAction","target":["https:\/\/head-beauty.com\/lt\/produktas\/nx-2-9-profesionalios-odeliu-znyples-x-line-2-l-105mm-asmenys-9-mm-zemas-heel\/"]}]},{"@type":"ImageObject","inLanguage":"lt-LT","@id":"https:\/\/head-beauty.com\/lt\/produktas\/nx-2-9-profesionalios-odeliu-znyples-x-line-2-l-105mm-asmenys-9-mm-zemas-heel\/#primaryimage","url":"https:\/\/head-beauty.com\/wp-content\/uploads\/2024\/12\/NX-2-9.png","contentUrl":"https:\/\/head-beauty.com\/wp-content\/uploads\/2024\/12\/NX-2-9.png","width":1080,"height":1080,"caption":"Optimalus ma\u017eam delnui, lengvas jud\u0117jimas ir naudojimas, matinis i\u0161orinis pavir\u0161ius, vidin\u0117s blizgios poliruotos rankenos, mink\u0161tas ir sklandus ranken\u0173 u\u017edarymas, tinka profesionalams, auk\u0161ta ergonomika"},{"@type":"BreadcrumbList","@id":"https:\/\/head-beauty.com\/lt\/produktas\/nx-2-9-profesionalios-odeliu-znyples-x-line-2-l-105mm-asmenys-9-mm-zemas-heel\/#breadcrumb","itemListElement":[{"@type":"ListItem","position":1,"name":"Home","item":"https:\/\/head-beauty.com\/lt\/"},{"@type":"ListItem","position":2,"name":"Parduotuv\u0117","item":"https:\/\/head-beauty.com\/lt\/shop\/"},{"@type":"ListItem","position":3,"name":"NX-2-9 Profesionalios odeli\u0173 \u017enypl\u0117s X-line 2, L-105mm, a\u0161menys 9 mm, \u017eemas &#8222;Heel&#8221;"}]},{"@type":"WebSite","@id":"https:\/\/head-beauty.com\/lt\/#website","url":"https:\/\/head-beauty.com\/lt\/","name":"Head - The Beauty Tools","description":"","publisher":{"@id":"https:\/\/head-beauty.com\/lt\/#organization"},"potentialAction":[{"@type":"SearchAction","target":{"@type":"EntryPoint","urlTemplate":"https:\/\/head-beauty.com\/lt\/?s={search_term_string}"},"query-input":{"@type":"PropertyValueSpecification","valueRequired":true,"valueName":"search_term_string"}}],"inLanguage":"lt-LT"},{"@type":"Organization","@id":"https:\/\/head-beauty.com\/lt\/#organization","name":"Head - The Beauty Tools","url":"https:\/\/head-beauty.com\/lt\/","logo":{"@type":"ImageObject","inLanguage":"lt-LT","@id":"https:\/\/head-beauty.com\/lt\/#\/schema\/logo\/image\/","url":"https:\/\/head-beauty.com\/wp-content\/uploads\/2024\/10\/head-beauty-logo.svg","contentUrl":"https:\/\/head-beauty.com\/wp-content\/uploads\/2024\/10\/head-beauty-logo.svg","width":411.20999999999997953636921010911464691162109375,"height":200,"caption":"Head - The Beauty Tools"},"image":{"@id":"https:\/\/head-beauty.com\/lt\/#\/schema\/logo\/image\/"}}]}},"_links":{"self":[{"href":"https:\/\/head-beauty.com\/lt\/wp-json\/wp\/v2\/product\/27101","targetHints":{"allow":["GET"]}}],"collection":[{"href":"https:\/\/head-beauty.com\/lt\/wp-json\/wp\/v2\/product"}],"about":[{"href":"https:\/\/head-beauty.com\/lt\/wp-json\/wp\/v2\/types\/product"}],"wp:featuredmedia":[{"embeddable":true,"href":"https:\/\/head-beauty.com\/lt\/wp-json\/wp\/v2\/media\/20875"}],"wp:attachment":[{"href":"https:\/\/head-beauty.com\/lt\/wp-json\/wp\/v2\/media?parent=27101"}],"wp:term":[{"taxonomy":"product_brand","embeddable":true,"href":"https:\/\/head-beauty.com\/lt\/wp-json\/wp\/v2\/product_brand?post=27101"},{"taxonomy":"product_cat","embeddable":true,"href":"https:\/\/head-beauty.com\/lt\/wp-json\/wp\/v2\/product_cat?post=27101"},{"taxonomy":"product_tag","embeddable":true,"href":"https:\/\/head-beauty.com\/lt\/wp-json\/wp\/v2\/product_tag?post=27101"}],"curies":[{"name":"wp","href":"https:\/\/api.w.org\/{rel}","templated":true}]}}