{"id":28290,"date":"2024-12-02T15:09:49","date_gmt":"2024-12-02T12:09:49","guid":{"rendered":"https:\/\/head-beauty.com\/product\/px-11-profesionali-curette-x-line-darbines-dalys-dvipusiai-kabliukai\/"},"modified":"2025-06-08T19:48:51","modified_gmt":"2025-06-08T16:48:51","slug":"px-11-profesionali-curette-x-line-darbines-dalys-dvipusiai-kabliukai","status":"publish","type":"product","link":"https:\/\/head-beauty.com\/lt\/produktas\/px-11-profesionali-curette-x-line-darbines-dalys-dvipusiai-kabliukai\/","title":{"rendered":"PX-11 Profesionali curette X-line, Darbin\u0117s dalys: dvipusiai kabliukai"},"content":{"rendered":"<p>Patogios rankenos su \u012fpjovomis, kad \u012frankis neslyst\u0173 meistro rankose, blizgus darbin\u0117s dalies poliravimas, darbin\u0117s dalys tiksliam ir tiksliam darbui sunkiai pasiekiamose vietose, tinkami maniki\u016bro ir pediki\u016bro valymo b\u016bdai, didelis atsparumas korozionui, tinka pradedantiesiems ir profesionalams<\/p>\n","protected":false},"excerpt":{"rendered":"<p>Patogios rankenos su \u012fpjovomis, kad \u012frankis neslyst\u0173 meistro rankose, blizgus darbin\u0117s dalies poliravimas, darbin\u0117s dalys tiksliam ir tiksliam darbui sunkiai pasiekiamose vietose, tinkami maniki\u016bro ir pediki\u016bro valymo b\u016bdai, didelis atsparumas korozionui, tinka pradedantiesiems ir profesionalams<\/p>\n","protected":false},"featured_media":30782,"template":"","meta":{"_acf_changed":false},"product_brand":[],"product_cat":[1047],"product_tag":[1048],"class_list":{"0":"post-28290","1":"product","2":"type-product","3":"status-publish","4":"has-post-thumbnail","6":"product_cat-stumikams","7":"product_tag-stumikai-x-line","9":"first","10":"instock","11":"taxable","12":"shipping-taxable","13":"purchasable","14":"product-type-simple"},"acf":[],"yoast_head":"<!-- This site is optimized with the Yoast SEO plugin v24.8.1 - https:\/\/yoast.com\/wordpress\/plugins\/seo\/ -->\n<title>PX-11 Profesionali curette X-line, Darbin\u0117s dalys: dvipusiai kabliukai - Head Beauty<\/title>\n<meta name=\"robots\" content=\"index, follow, max-snippet:-1, max-image-preview:large, max-video-preview:-1\" \/>\n<link rel=\"canonical\" href=\"https:\/\/head-beauty.com\/lt\/produktas\/px-11-profesionali-curette-x-line-darbines-dalys-dvipusiai-kabliukai\/\" \/>\n<meta property=\"og:locale\" content=\"lt_LT\" \/>\n<meta property=\"og:type\" content=\"article\" \/>\n<meta property=\"og:title\" content=\"PX-11 Profesionali curette X-line, Darbin\u0117s dalys: dvipusiai kabliukai - Head Beauty\" \/>\n<meta property=\"og:description\" content=\"Patogios rankenos su \u012fpjovomis, kad \u012frankis neslyst\u0173 meistro rankose, blizgus darbin\u0117s dalies poliravimas, darbin\u0117s dalys tiksliam ir tiksliam darbui sunkiai pasiekiamose vietose, tinkami maniki\u016bro ir pediki\u016bro valymo b\u016bdai, didelis atsparumas korozionui, tinka pradedantiesiems ir profesionalams\" \/>\n<meta property=\"og:url\" content=\"https:\/\/head-beauty.com\/lt\/produktas\/px-11-profesionali-curette-x-line-darbines-dalys-dvipusiai-kabliukai\/\" \/>\n<meta property=\"og:site_name\" content=\"Head Beauty\" \/>\n<meta property=\"article:modified_time\" content=\"2025-06-08T16:48:51+00:00\" \/>\n<meta property=\"og:image\" content=\"https:\/\/head-beauty.com\/wp-content\/uploads\/2024\/12\/PX-11-logoGo-scaled.jpg\" \/>\n\t<meta property=\"og:image:width\" content=\"2560\" \/>\n\t<meta property=\"og:image:height\" content=\"2560\" \/>\n\t<meta property=\"og:image:type\" content=\"image\/jpeg\" \/>\n<meta name=\"twitter:card\" content=\"summary_large_image\" \/>\n<script type=\"application\/ld+json\" class=\"yoast-schema-graph\">{\"@context\":\"https:\/\/schema.org\",\"@graph\":[{\"@type\":\"WebPage\",\"@id\":\"https:\/\/head-beauty.com\/lt\/produktas\/px-11-profesionali-curette-x-line-darbines-dalys-dvipusiai-kabliukai\/\",\"url\":\"https:\/\/head-beauty.com\/lt\/produktas\/px-11-profesionali-curette-x-line-darbines-dalys-dvipusiai-kabliukai\/\",\"name\":\"PX-11 Profesionali curette X-line, Darbin\u0117s dalys: dvipusiai kabliukai - Head Beauty\",\"isPartOf\":{\"@id\":\"https:\/\/head-beauty.com\/lt\/#website\"},\"primaryImageOfPage\":{\"@id\":\"https:\/\/head-beauty.com\/lt\/produktas\/px-11-profesionali-curette-x-line-darbines-dalys-dvipusiai-kabliukai\/#primaryimage\"},\"image\":{\"@id\":\"https:\/\/head-beauty.com\/lt\/produktas\/px-11-profesionali-curette-x-line-darbines-dalys-dvipusiai-kabliukai\/#primaryimage\"},\"thumbnailUrl\":\"https:\/\/head-beauty.com\/wp-content\/uploads\/2024\/12\/PX-11-logoGo-scaled.jpg\",\"datePublished\":\"2024-12-02T12:09:49+00:00\",\"dateModified\":\"2025-06-08T16:48:51+00:00\",\"breadcrumb\":{\"@id\":\"https:\/\/head-beauty.com\/lt\/produktas\/px-11-profesionali-curette-x-line-darbines-dalys-dvipusiai-kabliukai\/#breadcrumb\"},\"inLanguage\":\"lt-LT\",\"potentialAction\":[{\"@type\":\"ReadAction\",\"target\":[\"https:\/\/head-beauty.com\/lt\/produktas\/px-11-profesionali-curette-x-line-darbines-dalys-dvipusiai-kabliukai\/\"]}]},{\"@type\":\"ImageObject\",\"inLanguage\":\"lt-LT\",\"@id\":\"https:\/\/head-beauty.com\/lt\/produktas\/px-11-profesionali-curette-x-line-darbines-dalys-dvipusiai-kabliukai\/#primaryimage\",\"url\":\"https:\/\/head-beauty.com\/wp-content\/uploads\/2024\/12\/PX-11-logoGo-scaled.jpg\",\"contentUrl\":\"https:\/\/head-beauty.com\/wp-content\/uploads\/2024\/12\/PX-11-logoGo-scaled.jpg\",\"width\":2560,\"height\":2560},{\"@type\":\"BreadcrumbList\",\"@id\":\"https:\/\/head-beauty.com\/lt\/produktas\/px-11-profesionali-curette-x-line-darbines-dalys-dvipusiai-kabliukai\/#breadcrumb\",\"itemListElement\":[{\"@type\":\"ListItem\",\"position\":1,\"name\":\"Home\",\"item\":\"https:\/\/head-beauty.com\/lt\/\"},{\"@type\":\"ListItem\",\"position\":2,\"name\":\"Parduotuv\u0117\",\"item\":\"https:\/\/head-beauty.com\/lt\/shop\/\"},{\"@type\":\"ListItem\",\"position\":3,\"name\":\"PX-11 Profesionali curette X-line, Darbin\u0117s dalys: dvipusiai kabliukai\"}]},{\"@type\":\"WebSite\",\"@id\":\"https:\/\/head-beauty.com\/lt\/#website\",\"url\":\"https:\/\/head-beauty.com\/lt\/\",\"name\":\"Head - The Beauty Tools\",\"description\":\"\",\"publisher\":{\"@id\":\"https:\/\/head-beauty.com\/lt\/#organization\"},\"potentialAction\":[{\"@type\":\"SearchAction\",\"target\":{\"@type\":\"EntryPoint\",\"urlTemplate\":\"https:\/\/head-beauty.com\/lt\/?s={search_term_string}\"},\"query-input\":{\"@type\":\"PropertyValueSpecification\",\"valueRequired\":true,\"valueName\":\"search_term_string\"}}],\"inLanguage\":\"lt-LT\"},{\"@type\":\"Organization\",\"@id\":\"https:\/\/head-beauty.com\/lt\/#organization\",\"name\":\"Head - The Beauty Tools\",\"url\":\"https:\/\/head-beauty.com\/lt\/\",\"logo\":{\"@type\":\"ImageObject\",\"inLanguage\":\"lt-LT\",\"@id\":\"https:\/\/head-beauty.com\/lt\/#\/schema\/logo\/image\/\",\"url\":\"https:\/\/head-beauty.com\/wp-content\/uploads\/2024\/10\/head-beauty-logo.svg\",\"contentUrl\":\"https:\/\/head-beauty.com\/wp-content\/uploads\/2024\/10\/head-beauty-logo.svg\",\"width\":411.20999999999997953636921010911464691162109375,\"height\":200,\"caption\":\"Head - The Beauty Tools\"},\"image\":{\"@id\":\"https:\/\/head-beauty.com\/lt\/#\/schema\/logo\/image\/\"}}]}<\/script>\n<!-- \/ Yoast SEO plugin. -->","yoast_head_json":{"title":"PX-11 Profesionali curette X-line, Darbin\u0117s dalys: dvipusiai kabliukai - Head Beauty","robots":{"index":"index","follow":"follow","max-snippet":"max-snippet:-1","max-image-preview":"max-image-preview:large","max-video-preview":"max-video-preview:-1"},"canonical":"https:\/\/head-beauty.com\/lt\/produktas\/px-11-profesionali-curette-x-line-darbines-dalys-dvipusiai-kabliukai\/","og_locale":"lt_LT","og_type":"article","og_title":"PX-11 Profesionali curette X-line, Darbin\u0117s dalys: dvipusiai kabliukai - Head Beauty","og_description":"Patogios rankenos su \u012fpjovomis, kad \u012frankis neslyst\u0173 meistro rankose, blizgus darbin\u0117s dalies poliravimas, darbin\u0117s dalys tiksliam ir tiksliam darbui sunkiai pasiekiamose vietose, tinkami maniki\u016bro ir pediki\u016bro valymo b\u016bdai, didelis atsparumas korozionui, tinka pradedantiesiems ir profesionalams","og_url":"https:\/\/head-beauty.com\/lt\/produktas\/px-11-profesionali-curette-x-line-darbines-dalys-dvipusiai-kabliukai\/","og_site_name":"Head Beauty","article_modified_time":"2025-06-08T16:48:51+00:00","og_image":[{"width":2560,"height":2560,"url":"https:\/\/head-beauty.com\/wp-content\/uploads\/2024\/12\/PX-11-logoGo-scaled.jpg","type":"image\/jpeg"}],"twitter_card":"summary_large_image","schema":{"@context":"https:\/\/schema.org","@graph":[{"@type":"WebPage","@id":"https:\/\/head-beauty.com\/lt\/produktas\/px-11-profesionali-curette-x-line-darbines-dalys-dvipusiai-kabliukai\/","url":"https:\/\/head-beauty.com\/lt\/produktas\/px-11-profesionali-curette-x-line-darbines-dalys-dvipusiai-kabliukai\/","name":"PX-11 Profesionali curette X-line, Darbin\u0117s dalys: dvipusiai kabliukai - Head Beauty","isPartOf":{"@id":"https:\/\/head-beauty.com\/lt\/#website"},"primaryImageOfPage":{"@id":"https:\/\/head-beauty.com\/lt\/produktas\/px-11-profesionali-curette-x-line-darbines-dalys-dvipusiai-kabliukai\/#primaryimage"},"image":{"@id":"https:\/\/head-beauty.com\/lt\/produktas\/px-11-profesionali-curette-x-line-darbines-dalys-dvipusiai-kabliukai\/#primaryimage"},"thumbnailUrl":"https:\/\/head-beauty.com\/wp-content\/uploads\/2024\/12\/PX-11-logoGo-scaled.jpg","datePublished":"2024-12-02T12:09:49+00:00","dateModified":"2025-06-08T16:48:51+00:00","breadcrumb":{"@id":"https:\/\/head-beauty.com\/lt\/produktas\/px-11-profesionali-curette-x-line-darbines-dalys-dvipusiai-kabliukai\/#breadcrumb"},"inLanguage":"lt-LT","potentialAction":[{"@type":"ReadAction","target":["https:\/\/head-beauty.com\/lt\/produktas\/px-11-profesionali-curette-x-line-darbines-dalys-dvipusiai-kabliukai\/"]}]},{"@type":"ImageObject","inLanguage":"lt-LT","@id":"https:\/\/head-beauty.com\/lt\/produktas\/px-11-profesionali-curette-x-line-darbines-dalys-dvipusiai-kabliukai\/#primaryimage","url":"https:\/\/head-beauty.com\/wp-content\/uploads\/2024\/12\/PX-11-logoGo-scaled.jpg","contentUrl":"https:\/\/head-beauty.com\/wp-content\/uploads\/2024\/12\/PX-11-logoGo-scaled.jpg","width":2560,"height":2560},{"@type":"BreadcrumbList","@id":"https:\/\/head-beauty.com\/lt\/produktas\/px-11-profesionali-curette-x-line-darbines-dalys-dvipusiai-kabliukai\/#breadcrumb","itemListElement":[{"@type":"ListItem","position":1,"name":"Home","item":"https:\/\/head-beauty.com\/lt\/"},{"@type":"ListItem","position":2,"name":"Parduotuv\u0117","item":"https:\/\/head-beauty.com\/lt\/shop\/"},{"@type":"ListItem","position":3,"name":"PX-11 Profesionali curette X-line, Darbin\u0117s dalys: dvipusiai kabliukai"}]},{"@type":"WebSite","@id":"https:\/\/head-beauty.com\/lt\/#website","url":"https:\/\/head-beauty.com\/lt\/","name":"Head - The Beauty Tools","description":"","publisher":{"@id":"https:\/\/head-beauty.com\/lt\/#organization"},"potentialAction":[{"@type":"SearchAction","target":{"@type":"EntryPoint","urlTemplate":"https:\/\/head-beauty.com\/lt\/?s={search_term_string}"},"query-input":{"@type":"PropertyValueSpecification","valueRequired":true,"valueName":"search_term_string"}}],"inLanguage":"lt-LT"},{"@type":"Organization","@id":"https:\/\/head-beauty.com\/lt\/#organization","name":"Head - The Beauty Tools","url":"https:\/\/head-beauty.com\/lt\/","logo":{"@type":"ImageObject","inLanguage":"lt-LT","@id":"https:\/\/head-beauty.com\/lt\/#\/schema\/logo\/image\/","url":"https:\/\/head-beauty.com\/wp-content\/uploads\/2024\/10\/head-beauty-logo.svg","contentUrl":"https:\/\/head-beauty.com\/wp-content\/uploads\/2024\/10\/head-beauty-logo.svg","width":411.20999999999997953636921010911464691162109375,"height":200,"caption":"Head - The Beauty Tools"},"image":{"@id":"https:\/\/head-beauty.com\/lt\/#\/schema\/logo\/image\/"}}]}},"_links":{"self":[{"href":"https:\/\/head-beauty.com\/lt\/wp-json\/wp\/v2\/product\/28290","targetHints":{"allow":["GET"]}}],"collection":[{"href":"https:\/\/head-beauty.com\/lt\/wp-json\/wp\/v2\/product"}],"about":[{"href":"https:\/\/head-beauty.com\/lt\/wp-json\/wp\/v2\/types\/product"}],"wp:featuredmedia":[{"embeddable":true,"href":"https:\/\/head-beauty.com\/lt\/wp-json\/wp\/v2\/media\/30782"}],"wp:attachment":[{"href":"https:\/\/head-beauty.com\/lt\/wp-json\/wp\/v2\/media?parent=28290"}],"wp:term":[{"taxonomy":"product_brand","embeddable":true,"href":"https:\/\/head-beauty.com\/lt\/wp-json\/wp\/v2\/product_brand?post=28290"},{"taxonomy":"product_cat","embeddable":true,"href":"https:\/\/head-beauty.com\/lt\/wp-json\/wp\/v2\/product_cat?post=28290"},{"taxonomy":"product_tag","embeddable":true,"href":"https:\/\/head-beauty.com\/lt\/wp-json\/wp\/v2\/product_tag?post=28290"}],"curies":[{"name":"wp","href":"https:\/\/api.w.org\/{rel}","templated":true}]}}