{"id":28783,"date":"2024-12-02T15:06:37","date_gmt":"2024-12-02T12:06:37","guid":{"rendered":"https:\/\/head-beauty.com\/product\/sx-4-18-profesionalios-odeliu-zirkles-x-line-4-asmenys-18-mm-banga\/"},"modified":"2024-12-02T15:06:37","modified_gmt":"2024-12-02T12:06:37","slug":"sx-4-18-profesionalios-odeliu-zirkles-x-line-4-asmenys-18-mm-banga","status":"publish","type":"product","link":"https:\/\/head-beauty.com\/lt\/produktas\/sx-4-18-profesionalios-odeliu-zirkles-x-line-4-asmenys-18-mm-banga\/","title":{"rendered":"SX-4-18 Profesionalios odeli\u0173 \u017eirkl\u0117s X-line 4, a\u0161menys 18 mm, Banga"},"content":{"rendered":"<p>Bangos formos \u017eirkl\u0117s, tinkamos pradedantiesiems ir profesionalams, lengvas jud\u0117jimas ir naudojimas, optimali \u017eiedo forma, matin\u0117s rankenos, blizgios poliruotos rankenos, pagerintos pavir\u0161iaus savyb\u0117s reguliariai dezinfekuojant ir sterilizuojant, rank\u0173 galandimas, ilgesnis darbo laikas, auk\u0161ta ergonomika<\/p>\n","protected":false},"excerpt":{"rendered":"<p>Bangos formos \u017eirkl\u0117s, tinkamos pradedantiesiems ir profesionalams, lengvas jud\u0117jimas ir naudojimas, optimali \u017eiedo forma, matin\u0117s rankenos, blizgios poliruotos rankenos, pagerintos pavir\u0161iaus savyb\u0117s reguliariai dezinfekuojant ir sterilizuojant, rank\u0173 galandimas, ilgesnis darbo laikas, auk\u0161ta ergonomika<\/p>\n","protected":false},"featured_media":30378,"template":"","meta":{"_acf_changed":false},"product_brand":[],"product_cat":[352],"product_tag":[419],"class_list":{"0":"post-28783","1":"product","2":"type-product","3":"status-publish","4":"has-post-thumbnail","6":"product_cat-zirkles","7":"product_tag-zirkles-x-line","9":"first","10":"outofstock","11":"taxable","12":"shipping-taxable","13":"purchasable","14":"product-type-simple"},"acf":[],"yoast_head":"<!-- This site is optimized with the Yoast SEO plugin v24.8.1 - https:\/\/yoast.com\/wordpress\/plugins\/seo\/ -->\n<title>SX-4-18 Profesionalios odeli\u0173 \u017eirkl\u0117s X-line 4, a\u0161menys 18 mm, Banga - Head Beauty<\/title>\n<meta name=\"robots\" content=\"index, follow, max-snippet:-1, max-image-preview:large, max-video-preview:-1\" \/>\n<link rel=\"canonical\" href=\"https:\/\/head-beauty.com\/lt\/produktas\/sx-4-18-profesionalios-odeliu-zirkles-x-line-4-asmenys-18-mm-banga\/\" \/>\n<meta property=\"og:locale\" content=\"lt_LT\" \/>\n<meta property=\"og:type\" content=\"article\" \/>\n<meta property=\"og:title\" content=\"SX-4-18 Profesionalios odeli\u0173 \u017eirkl\u0117s X-line 4, a\u0161menys 18 mm, Banga - Head Beauty\" \/>\n<meta property=\"og:description\" content=\"Bangos formos \u017eirkl\u0117s, tinkamos pradedantiesiems ir profesionalams, lengvas jud\u0117jimas ir naudojimas, optimali \u017eiedo forma, matin\u0117s rankenos, blizgios poliruotos rankenos, pagerintos pavir\u0161iaus savyb\u0117s reguliariai dezinfekuojant ir sterilizuojant, rank\u0173 galandimas, ilgesnis darbo laikas, auk\u0161ta ergonomika\" \/>\n<meta property=\"og:url\" content=\"https:\/\/head-beauty.com\/lt\/produktas\/sx-4-18-profesionalios-odeliu-zirkles-x-line-4-asmenys-18-mm-banga\/\" \/>\n<meta property=\"og:site_name\" content=\"Head Beauty\" \/>\n<meta property=\"og:image\" content=\"https:\/\/head-beauty.com\/wp-content\/uploads\/2024\/12\/SX-4-18-2-scaled.jpg\" \/>\n\t<meta property=\"og:image:width\" content=\"2560\" \/>\n\t<meta property=\"og:image:height\" content=\"2560\" \/>\n\t<meta property=\"og:image:type\" content=\"image\/jpeg\" \/>\n<meta name=\"twitter:card\" content=\"summary_large_image\" \/>\n<script type=\"application\/ld+json\" class=\"yoast-schema-graph\">{\"@context\":\"https:\/\/schema.org\",\"@graph\":[{\"@type\":\"WebPage\",\"@id\":\"https:\/\/head-beauty.com\/lt\/produktas\/sx-4-18-profesionalios-odeliu-zirkles-x-line-4-asmenys-18-mm-banga\/\",\"url\":\"https:\/\/head-beauty.com\/lt\/produktas\/sx-4-18-profesionalios-odeliu-zirkles-x-line-4-asmenys-18-mm-banga\/\",\"name\":\"SX-4-18 Profesionalios odeli\u0173 \u017eirkl\u0117s X-line 4, a\u0161menys 18 mm, Banga - Head Beauty\",\"isPartOf\":{\"@id\":\"https:\/\/head-beauty.com\/lt\/#website\"},\"primaryImageOfPage\":{\"@id\":\"https:\/\/head-beauty.com\/lt\/produktas\/sx-4-18-profesionalios-odeliu-zirkles-x-line-4-asmenys-18-mm-banga\/#primaryimage\"},\"image\":{\"@id\":\"https:\/\/head-beauty.com\/lt\/produktas\/sx-4-18-profesionalios-odeliu-zirkles-x-line-4-asmenys-18-mm-banga\/#primaryimage\"},\"thumbnailUrl\":\"https:\/\/head-beauty.com\/wp-content\/uploads\/2024\/12\/SX-4-18-2-scaled.jpg\",\"datePublished\":\"2024-12-02T12:06:37+00:00\",\"breadcrumb\":{\"@id\":\"https:\/\/head-beauty.com\/lt\/produktas\/sx-4-18-profesionalios-odeliu-zirkles-x-line-4-asmenys-18-mm-banga\/#breadcrumb\"},\"inLanguage\":\"lt-LT\",\"potentialAction\":[{\"@type\":\"ReadAction\",\"target\":[\"https:\/\/head-beauty.com\/lt\/produktas\/sx-4-18-profesionalios-odeliu-zirkles-x-line-4-asmenys-18-mm-banga\/\"]}]},{\"@type\":\"ImageObject\",\"inLanguage\":\"lt-LT\",\"@id\":\"https:\/\/head-beauty.com\/lt\/produktas\/sx-4-18-profesionalios-odeliu-zirkles-x-line-4-asmenys-18-mm-banga\/#primaryimage\",\"url\":\"https:\/\/head-beauty.com\/wp-content\/uploads\/2024\/12\/SX-4-18-2-scaled.jpg\",\"contentUrl\":\"https:\/\/head-beauty.com\/wp-content\/uploads\/2024\/12\/SX-4-18-2-scaled.jpg\",\"width\":2560,\"height\":2560},{\"@type\":\"BreadcrumbList\",\"@id\":\"https:\/\/head-beauty.com\/lt\/produktas\/sx-4-18-profesionalios-odeliu-zirkles-x-line-4-asmenys-18-mm-banga\/#breadcrumb\",\"itemListElement\":[{\"@type\":\"ListItem\",\"position\":1,\"name\":\"Home\",\"item\":\"https:\/\/head-beauty.com\/lt\/\"},{\"@type\":\"ListItem\",\"position\":2,\"name\":\"Parduotuv\u0117\",\"item\":\"https:\/\/head-beauty.com\/lt\/shop\/\"},{\"@type\":\"ListItem\",\"position\":3,\"name\":\"SX-4-18 Profesionalios odeli\u0173 \u017eirkl\u0117s X-line 4, a\u0161menys 18 mm, Banga\"}]},{\"@type\":\"WebSite\",\"@id\":\"https:\/\/head-beauty.com\/lt\/#website\",\"url\":\"https:\/\/head-beauty.com\/lt\/\",\"name\":\"Head - The Beauty Tools\",\"description\":\"\",\"publisher\":{\"@id\":\"https:\/\/head-beauty.com\/lt\/#organization\"},\"potentialAction\":[{\"@type\":\"SearchAction\",\"target\":{\"@type\":\"EntryPoint\",\"urlTemplate\":\"https:\/\/head-beauty.com\/lt\/?s={search_term_string}\"},\"query-input\":{\"@type\":\"PropertyValueSpecification\",\"valueRequired\":true,\"valueName\":\"search_term_string\"}}],\"inLanguage\":\"lt-LT\"},{\"@type\":\"Organization\",\"@id\":\"https:\/\/head-beauty.com\/lt\/#organization\",\"name\":\"Head - The Beauty Tools\",\"url\":\"https:\/\/head-beauty.com\/lt\/\",\"logo\":{\"@type\":\"ImageObject\",\"inLanguage\":\"lt-LT\",\"@id\":\"https:\/\/head-beauty.com\/lt\/#\/schema\/logo\/image\/\",\"url\":\"https:\/\/head-beauty.com\/wp-content\/uploads\/2024\/10\/head-beauty-logo.svg\",\"contentUrl\":\"https:\/\/head-beauty.com\/wp-content\/uploads\/2024\/10\/head-beauty-logo.svg\",\"width\":411.20999999999997953636921010911464691162109375,\"height\":200,\"caption\":\"Head - The Beauty Tools\"},\"image\":{\"@id\":\"https:\/\/head-beauty.com\/lt\/#\/schema\/logo\/image\/\"}}]}<\/script>\n<!-- \/ Yoast SEO plugin. -->","yoast_head_json":{"title":"SX-4-18 Profesionalios odeli\u0173 \u017eirkl\u0117s X-line 4, a\u0161menys 18 mm, Banga - Head Beauty","robots":{"index":"index","follow":"follow","max-snippet":"max-snippet:-1","max-image-preview":"max-image-preview:large","max-video-preview":"max-video-preview:-1"},"canonical":"https:\/\/head-beauty.com\/lt\/produktas\/sx-4-18-profesionalios-odeliu-zirkles-x-line-4-asmenys-18-mm-banga\/","og_locale":"lt_LT","og_type":"article","og_title":"SX-4-18 Profesionalios odeli\u0173 \u017eirkl\u0117s X-line 4, a\u0161menys 18 mm, Banga - Head Beauty","og_description":"Bangos formos \u017eirkl\u0117s, tinkamos pradedantiesiems ir profesionalams, lengvas jud\u0117jimas ir naudojimas, optimali \u017eiedo forma, matin\u0117s rankenos, blizgios poliruotos rankenos, pagerintos pavir\u0161iaus savyb\u0117s reguliariai dezinfekuojant ir sterilizuojant, rank\u0173 galandimas, ilgesnis darbo laikas, auk\u0161ta ergonomika","og_url":"https:\/\/head-beauty.com\/lt\/produktas\/sx-4-18-profesionalios-odeliu-zirkles-x-line-4-asmenys-18-mm-banga\/","og_site_name":"Head Beauty","og_image":[{"width":2560,"height":2560,"url":"https:\/\/head-beauty.com\/wp-content\/uploads\/2024\/12\/SX-4-18-2-scaled.jpg","type":"image\/jpeg"}],"twitter_card":"summary_large_image","schema":{"@context":"https:\/\/schema.org","@graph":[{"@type":"WebPage","@id":"https:\/\/head-beauty.com\/lt\/produktas\/sx-4-18-profesionalios-odeliu-zirkles-x-line-4-asmenys-18-mm-banga\/","url":"https:\/\/head-beauty.com\/lt\/produktas\/sx-4-18-profesionalios-odeliu-zirkles-x-line-4-asmenys-18-mm-banga\/","name":"SX-4-18 Profesionalios odeli\u0173 \u017eirkl\u0117s X-line 4, a\u0161menys 18 mm, Banga - Head Beauty","isPartOf":{"@id":"https:\/\/head-beauty.com\/lt\/#website"},"primaryImageOfPage":{"@id":"https:\/\/head-beauty.com\/lt\/produktas\/sx-4-18-profesionalios-odeliu-zirkles-x-line-4-asmenys-18-mm-banga\/#primaryimage"},"image":{"@id":"https:\/\/head-beauty.com\/lt\/produktas\/sx-4-18-profesionalios-odeliu-zirkles-x-line-4-asmenys-18-mm-banga\/#primaryimage"},"thumbnailUrl":"https:\/\/head-beauty.com\/wp-content\/uploads\/2024\/12\/SX-4-18-2-scaled.jpg","datePublished":"2024-12-02T12:06:37+00:00","breadcrumb":{"@id":"https:\/\/head-beauty.com\/lt\/produktas\/sx-4-18-profesionalios-odeliu-zirkles-x-line-4-asmenys-18-mm-banga\/#breadcrumb"},"inLanguage":"lt-LT","potentialAction":[{"@type":"ReadAction","target":["https:\/\/head-beauty.com\/lt\/produktas\/sx-4-18-profesionalios-odeliu-zirkles-x-line-4-asmenys-18-mm-banga\/"]}]},{"@type":"ImageObject","inLanguage":"lt-LT","@id":"https:\/\/head-beauty.com\/lt\/produktas\/sx-4-18-profesionalios-odeliu-zirkles-x-line-4-asmenys-18-mm-banga\/#primaryimage","url":"https:\/\/head-beauty.com\/wp-content\/uploads\/2024\/12\/SX-4-18-2-scaled.jpg","contentUrl":"https:\/\/head-beauty.com\/wp-content\/uploads\/2024\/12\/SX-4-18-2-scaled.jpg","width":2560,"height":2560},{"@type":"BreadcrumbList","@id":"https:\/\/head-beauty.com\/lt\/produktas\/sx-4-18-profesionalios-odeliu-zirkles-x-line-4-asmenys-18-mm-banga\/#breadcrumb","itemListElement":[{"@type":"ListItem","position":1,"name":"Home","item":"https:\/\/head-beauty.com\/lt\/"},{"@type":"ListItem","position":2,"name":"Parduotuv\u0117","item":"https:\/\/head-beauty.com\/lt\/shop\/"},{"@type":"ListItem","position":3,"name":"SX-4-18 Profesionalios odeli\u0173 \u017eirkl\u0117s X-line 4, a\u0161menys 18 mm, Banga"}]},{"@type":"WebSite","@id":"https:\/\/head-beauty.com\/lt\/#website","url":"https:\/\/head-beauty.com\/lt\/","name":"Head - The Beauty Tools","description":"","publisher":{"@id":"https:\/\/head-beauty.com\/lt\/#organization"},"potentialAction":[{"@type":"SearchAction","target":{"@type":"EntryPoint","urlTemplate":"https:\/\/head-beauty.com\/lt\/?s={search_term_string}"},"query-input":{"@type":"PropertyValueSpecification","valueRequired":true,"valueName":"search_term_string"}}],"inLanguage":"lt-LT"},{"@type":"Organization","@id":"https:\/\/head-beauty.com\/lt\/#organization","name":"Head - The Beauty Tools","url":"https:\/\/head-beauty.com\/lt\/","logo":{"@type":"ImageObject","inLanguage":"lt-LT","@id":"https:\/\/head-beauty.com\/lt\/#\/schema\/logo\/image\/","url":"https:\/\/head-beauty.com\/wp-content\/uploads\/2024\/10\/head-beauty-logo.svg","contentUrl":"https:\/\/head-beauty.com\/wp-content\/uploads\/2024\/10\/head-beauty-logo.svg","width":411.20999999999997953636921010911464691162109375,"height":200,"caption":"Head - The Beauty Tools"},"image":{"@id":"https:\/\/head-beauty.com\/lt\/#\/schema\/logo\/image\/"}}]}},"_links":{"self":[{"href":"https:\/\/head-beauty.com\/lt\/wp-json\/wp\/v2\/product\/28783","targetHints":{"allow":["GET"]}}],"collection":[{"href":"https:\/\/head-beauty.com\/lt\/wp-json\/wp\/v2\/product"}],"about":[{"href":"https:\/\/head-beauty.com\/lt\/wp-json\/wp\/v2\/types\/product"}],"wp:featuredmedia":[{"embeddable":true,"href":"https:\/\/head-beauty.com\/lt\/wp-json\/wp\/v2\/media\/30378"}],"wp:attachment":[{"href":"https:\/\/head-beauty.com\/lt\/wp-json\/wp\/v2\/media?parent=28783"}],"wp:term":[{"taxonomy":"product_brand","embeddable":true,"href":"https:\/\/head-beauty.com\/lt\/wp-json\/wp\/v2\/product_brand?post=28783"},{"taxonomy":"product_cat","embeddable":true,"href":"https:\/\/head-beauty.com\/lt\/wp-json\/wp\/v2\/product_cat?post=28783"},{"taxonomy":"product_tag","embeddable":true,"href":"https:\/\/head-beauty.com\/lt\/wp-json\/wp\/v2\/product_tag?post=28783"}],"curies":[{"name":"wp","href":"https:\/\/api.w.org\/{rel}","templated":true}]}}