{"id":25255,"date":"2024-12-02T15:39:59","date_gmt":"2024-12-02T12:39:59","guid":{"rendered":"https:\/\/head-beauty.com\/product\/nxs-7-professional-kutikulas-knaibles-x-line-7-spiralveida-atspere\/"},"modified":"2024-12-02T15:39:59","modified_gmt":"2024-12-02T12:39:59","slug":"nxs-7-professional-kutikulas-knaibles-x-line-7-spiralveida-atspere","status":"publish","type":"product","link":"https:\/\/head-beauty.com\/lv\/produkts\/nxs-7-professional-kutikulas-knaibles-x-line-7-spiralveida-atspere\/","title":{"rendered":"NXS-7 Professional kutikulas knaibles X-line 7 (spir\u0101lveida atspere)"},"content":{"rendered":"<p>Iegareni klasiskas formas rokturi, optim\u0101li vid\u0113ja izm\u0113ra plaukstai, mat\u0113ta \u0101r\u0113j\u0101 virsma, iek\u0161\u0113jie sp\u012bd\u012bgi pul\u0113ti rokturi, m\u012bksta un gluda rokturu aizv\u0113r\u0161ana, spoles atspere rokturu m\u012bkstai aizv\u0113r\u0161anai, piem\u0113rota ies\u0101c\u0113jiem un profesion\u0101\u013ciem, augsta iztur\u012bba pret koronoziju un ilg\u0101ks darba m\u016b\u017es<\/p>\n","protected":false},"excerpt":{"rendered":"<p>Iegareni klasiskas formas rokturi, optim\u0101li vid\u0113ja izm\u0113ra plaukstai, mat\u0113ta \u0101r\u0113j\u0101 virsma, iek\u0161\u0113jie sp\u012bd\u012bgi pul\u0113ti rokturi, m\u012bksta un gluda rokturu aizv\u0113r\u0161ana, spoles atspere rokturu m\u012bkstai aizv\u0113r\u0161anai, piem\u0113rota ies\u0101c\u0113jiem un profesion\u0101\u013ciem, augsta iztur\u012bba pret koronoziju un ilg\u0101ks darba m\u016b\u017es<\/p>\n","protected":false},"featured_media":20357,"template":"","meta":{"_acf_changed":false},"product_brand":[],"product_cat":[351],"product_tag":[781],"class_list":{"0":"post-25255","1":"product","2":"type-product","3":"status-publish","4":"has-post-thumbnail","6":"product_cat-kutikulu-knaiblites","7":"product_tag-uzlabota-nippers-x-linija","9":"first","10":"instock","11":"taxable","12":"shipping-taxable","13":"purchasable","14":"product-type-variable"},"acf":[],"yoast_head":"<!-- This site is optimized with the Yoast SEO plugin v24.8.1 - https:\/\/yoast.com\/wordpress\/plugins\/seo\/ -->\n<title>NXS-7 Professional kutikulas knaibles X-line 7 (spir\u0101lveida atspere) - Head Beauty<\/title>\n<meta name=\"robots\" content=\"index, follow, max-snippet:-1, max-image-preview:large, max-video-preview:-1\" \/>\n<link rel=\"canonical\" href=\"https:\/\/head-beauty.com\/lv\/produkts\/nxs-7-professional-kutikulas-knaibles-x-line-7-spiralveida-atspere\/\" \/>\n<meta property=\"og:locale\" content=\"lv_LV\" \/>\n<meta property=\"og:type\" content=\"article\" \/>\n<meta property=\"og:title\" content=\"NXS-7 Professional kutikulas knaibles X-line 7 (spir\u0101lveida atspere) - Head Beauty\" \/>\n<meta property=\"og:description\" content=\"Iegareni klasiskas formas rokturi, optim\u0101li vid\u0113ja izm\u0113ra plaukstai, mat\u0113ta \u0101r\u0113j\u0101 virsma, iek\u0161\u0113jie sp\u012bd\u012bgi pul\u0113ti rokturi, m\u012bksta un gluda rokturu aizv\u0113r\u0161ana, spoles atspere rokturu m\u012bkstai aizv\u0113r\u0161anai, piem\u0113rota ies\u0101c\u0113jiem un profesion\u0101\u013ciem, augsta iztur\u012bba pret koronoziju un ilg\u0101ks darba m\u016b\u017es\" \/>\n<meta property=\"og:url\" content=\"https:\/\/head-beauty.com\/lv\/produkts\/nxs-7-professional-kutikulas-knaibles-x-line-7-spiralveida-atspere\/\" \/>\n<meta property=\"og:site_name\" content=\"Head Beauty\" \/>\n<meta property=\"og:image\" content=\"https:\/\/head-beauty.com\/wp-content\/uploads\/2024\/12\/CN5-1-scaled.jpg\" \/>\n\t<meta property=\"og:image:width\" content=\"2560\" \/>\n\t<meta property=\"og:image:height\" content=\"2560\" \/>\n\t<meta property=\"og:image:type\" content=\"image\/jpeg\" \/>\n<meta name=\"twitter:card\" content=\"summary_large_image\" \/>\n<script type=\"application\/ld+json\" class=\"yoast-schema-graph\">{\"@context\":\"https:\/\/schema.org\",\"@graph\":[{\"@type\":\"WebPage\",\"@id\":\"https:\/\/head-beauty.com\/lv\/produkts\/nxs-7-professional-kutikulas-knaibles-x-line-7-spiralveida-atspere\/\",\"url\":\"https:\/\/head-beauty.com\/lv\/produkts\/nxs-7-professional-kutikulas-knaibles-x-line-7-spiralveida-atspere\/\",\"name\":\"NXS-7 Professional kutikulas knaibles X-line 7 (spir\u0101lveida atspere) - Head Beauty\",\"isPartOf\":{\"@id\":\"https:\/\/head-beauty.com\/lv\/#website\"},\"primaryImageOfPage\":{\"@id\":\"https:\/\/head-beauty.com\/lv\/produkts\/nxs-7-professional-kutikulas-knaibles-x-line-7-spiralveida-atspere\/#primaryimage\"},\"image\":{\"@id\":\"https:\/\/head-beauty.com\/lv\/produkts\/nxs-7-professional-kutikulas-knaibles-x-line-7-spiralveida-atspere\/#primaryimage\"},\"thumbnailUrl\":\"https:\/\/head-beauty.com\/wp-content\/uploads\/2024\/12\/CN5-1-scaled.jpg\",\"datePublished\":\"2024-12-02T12:39:59+00:00\",\"breadcrumb\":{\"@id\":\"https:\/\/head-beauty.com\/lv\/produkts\/nxs-7-professional-kutikulas-knaibles-x-line-7-spiralveida-atspere\/#breadcrumb\"},\"inLanguage\":\"lv-LV\",\"potentialAction\":[{\"@type\":\"ReadAction\",\"target\":[\"https:\/\/head-beauty.com\/lv\/produkts\/nxs-7-professional-kutikulas-knaibles-x-line-7-spiralveida-atspere\/\"]}]},{\"@type\":\"ImageObject\",\"inLanguage\":\"lv-LV\",\"@id\":\"https:\/\/head-beauty.com\/lv\/produkts\/nxs-7-professional-kutikulas-knaibles-x-line-7-spiralveida-atspere\/#primaryimage\",\"url\":\"https:\/\/head-beauty.com\/wp-content\/uploads\/2024\/12\/CN5-1-scaled.jpg\",\"contentUrl\":\"https:\/\/head-beauty.com\/wp-content\/uploads\/2024\/12\/CN5-1-scaled.jpg\",\"width\":2560,\"height\":2560,\"caption\":\"Iegareni klasiskas formas rokturi, optim\u0101li vid\u0113ja izm\u0113ra plaukstai, mat\u0113ta \u0101r\u0113j\u0101 virsma, iek\u0161\u0113jie sp\u012bd\u012bgi pul\u0113ti rokturi, m\u012bksta un gluda rokturu aizv\u0113r\u0161ana, spoles atspere rokturu m\u012bkstai aizv\u0113r\u0161anai, piem\u0113rota ies\u0101c\u0113jiem un profesion\u0101\u013ciem, augsta iztur\u012bba pret koronoziju un ilg\u0101ks darba m\u016b\u017es\"},{\"@type\":\"BreadcrumbList\",\"@id\":\"https:\/\/head-beauty.com\/lv\/produkts\/nxs-7-professional-kutikulas-knaibles-x-line-7-spiralveida-atspere\/#breadcrumb\",\"itemListElement\":[{\"@type\":\"ListItem\",\"position\":1,\"name\":\"Home\",\"item\":\"https:\/\/head-beauty.com\/lv\/\"},{\"@type\":\"ListItem\",\"position\":2,\"name\":\"Veikals\",\"item\":\"https:\/\/head-beauty.com\/lv\/shop\/\"},{\"@type\":\"ListItem\",\"position\":3,\"name\":\"NXS-7 Professional kutikulas knaibles X-line 7 (spir\u0101lveida atspere)\"}]},{\"@type\":\"WebSite\",\"@id\":\"https:\/\/head-beauty.com\/lv\/#website\",\"url\":\"https:\/\/head-beauty.com\/lv\/\",\"name\":\"Head - The Beauty Tools\",\"description\":\"\",\"publisher\":{\"@id\":\"https:\/\/head-beauty.com\/lv\/#organization\"},\"potentialAction\":[{\"@type\":\"SearchAction\",\"target\":{\"@type\":\"EntryPoint\",\"urlTemplate\":\"https:\/\/head-beauty.com\/lv\/?s={search_term_string}\"},\"query-input\":{\"@type\":\"PropertyValueSpecification\",\"valueRequired\":true,\"valueName\":\"search_term_string\"}}],\"inLanguage\":\"lv-LV\"},{\"@type\":\"Organization\",\"@id\":\"https:\/\/head-beauty.com\/lv\/#organization\",\"name\":\"Head - The Beauty Tools\",\"url\":\"https:\/\/head-beauty.com\/lv\/\",\"logo\":{\"@type\":\"ImageObject\",\"inLanguage\":\"lv-LV\",\"@id\":\"https:\/\/head-beauty.com\/lv\/#\/schema\/logo\/image\/\",\"url\":\"https:\/\/head-beauty.com\/wp-content\/uploads\/2024\/10\/head-beauty-logo.svg\",\"contentUrl\":\"https:\/\/head-beauty.com\/wp-content\/uploads\/2024\/10\/head-beauty-logo.svg\",\"width\":411.20999999999997953636921010911464691162109375,\"height\":200,\"caption\":\"Head - The Beauty Tools\"},\"image\":{\"@id\":\"https:\/\/head-beauty.com\/lv\/#\/schema\/logo\/image\/\"}}]}<\/script>\n<!-- \/ Yoast SEO plugin. -->","yoast_head_json":{"title":"NXS-7 Professional kutikulas knaibles X-line 7 (spir\u0101lveida atspere) - Head Beauty","robots":{"index":"index","follow":"follow","max-snippet":"max-snippet:-1","max-image-preview":"max-image-preview:large","max-video-preview":"max-video-preview:-1"},"canonical":"https:\/\/head-beauty.com\/lv\/produkts\/nxs-7-professional-kutikulas-knaibles-x-line-7-spiralveida-atspere\/","og_locale":"lv_LV","og_type":"article","og_title":"NXS-7 Professional kutikulas knaibles X-line 7 (spir\u0101lveida atspere) - Head Beauty","og_description":"Iegareni klasiskas formas rokturi, optim\u0101li vid\u0113ja izm\u0113ra plaukstai, mat\u0113ta \u0101r\u0113j\u0101 virsma, iek\u0161\u0113jie sp\u012bd\u012bgi pul\u0113ti rokturi, m\u012bksta un gluda rokturu aizv\u0113r\u0161ana, spoles atspere rokturu m\u012bkstai aizv\u0113r\u0161anai, piem\u0113rota ies\u0101c\u0113jiem un profesion\u0101\u013ciem, augsta iztur\u012bba pret koronoziju un ilg\u0101ks darba m\u016b\u017es","og_url":"https:\/\/head-beauty.com\/lv\/produkts\/nxs-7-professional-kutikulas-knaibles-x-line-7-spiralveida-atspere\/","og_site_name":"Head Beauty","og_image":[{"width":2560,"height":2560,"url":"https:\/\/head-beauty.com\/wp-content\/uploads\/2024\/12\/CN5-1-scaled.jpg","type":"image\/jpeg"}],"twitter_card":"summary_large_image","schema":{"@context":"https:\/\/schema.org","@graph":[{"@type":"WebPage","@id":"https:\/\/head-beauty.com\/lv\/produkts\/nxs-7-professional-kutikulas-knaibles-x-line-7-spiralveida-atspere\/","url":"https:\/\/head-beauty.com\/lv\/produkts\/nxs-7-professional-kutikulas-knaibles-x-line-7-spiralveida-atspere\/","name":"NXS-7 Professional kutikulas knaibles X-line 7 (spir\u0101lveida atspere) - Head Beauty","isPartOf":{"@id":"https:\/\/head-beauty.com\/lv\/#website"},"primaryImageOfPage":{"@id":"https:\/\/head-beauty.com\/lv\/produkts\/nxs-7-professional-kutikulas-knaibles-x-line-7-spiralveida-atspere\/#primaryimage"},"image":{"@id":"https:\/\/head-beauty.com\/lv\/produkts\/nxs-7-professional-kutikulas-knaibles-x-line-7-spiralveida-atspere\/#primaryimage"},"thumbnailUrl":"https:\/\/head-beauty.com\/wp-content\/uploads\/2024\/12\/CN5-1-scaled.jpg","datePublished":"2024-12-02T12:39:59+00:00","breadcrumb":{"@id":"https:\/\/head-beauty.com\/lv\/produkts\/nxs-7-professional-kutikulas-knaibles-x-line-7-spiralveida-atspere\/#breadcrumb"},"inLanguage":"lv-LV","potentialAction":[{"@type":"ReadAction","target":["https:\/\/head-beauty.com\/lv\/produkts\/nxs-7-professional-kutikulas-knaibles-x-line-7-spiralveida-atspere\/"]}]},{"@type":"ImageObject","inLanguage":"lv-LV","@id":"https:\/\/head-beauty.com\/lv\/produkts\/nxs-7-professional-kutikulas-knaibles-x-line-7-spiralveida-atspere\/#primaryimage","url":"https:\/\/head-beauty.com\/wp-content\/uploads\/2024\/12\/CN5-1-scaled.jpg","contentUrl":"https:\/\/head-beauty.com\/wp-content\/uploads\/2024\/12\/CN5-1-scaled.jpg","width":2560,"height":2560,"caption":"Iegareni klasiskas formas rokturi, optim\u0101li vid\u0113ja izm\u0113ra plaukstai, mat\u0113ta \u0101r\u0113j\u0101 virsma, iek\u0161\u0113jie sp\u012bd\u012bgi pul\u0113ti rokturi, m\u012bksta un gluda rokturu aizv\u0113r\u0161ana, spoles atspere rokturu m\u012bkstai aizv\u0113r\u0161anai, piem\u0113rota ies\u0101c\u0113jiem un profesion\u0101\u013ciem, augsta iztur\u012bba pret koronoziju un ilg\u0101ks darba m\u016b\u017es"},{"@type":"BreadcrumbList","@id":"https:\/\/head-beauty.com\/lv\/produkts\/nxs-7-professional-kutikulas-knaibles-x-line-7-spiralveida-atspere\/#breadcrumb","itemListElement":[{"@type":"ListItem","position":1,"name":"Home","item":"https:\/\/head-beauty.com\/lv\/"},{"@type":"ListItem","position":2,"name":"Veikals","item":"https:\/\/head-beauty.com\/lv\/shop\/"},{"@type":"ListItem","position":3,"name":"NXS-7 Professional kutikulas knaibles X-line 7 (spir\u0101lveida atspere)"}]},{"@type":"WebSite","@id":"https:\/\/head-beauty.com\/lv\/#website","url":"https:\/\/head-beauty.com\/lv\/","name":"Head - The Beauty Tools","description":"","publisher":{"@id":"https:\/\/head-beauty.com\/lv\/#organization"},"potentialAction":[{"@type":"SearchAction","target":{"@type":"EntryPoint","urlTemplate":"https:\/\/head-beauty.com\/lv\/?s={search_term_string}"},"query-input":{"@type":"PropertyValueSpecification","valueRequired":true,"valueName":"search_term_string"}}],"inLanguage":"lv-LV"},{"@type":"Organization","@id":"https:\/\/head-beauty.com\/lv\/#organization","name":"Head - The Beauty Tools","url":"https:\/\/head-beauty.com\/lv\/","logo":{"@type":"ImageObject","inLanguage":"lv-LV","@id":"https:\/\/head-beauty.com\/lv\/#\/schema\/logo\/image\/","url":"https:\/\/head-beauty.com\/wp-content\/uploads\/2024\/10\/head-beauty-logo.svg","contentUrl":"https:\/\/head-beauty.com\/wp-content\/uploads\/2024\/10\/head-beauty-logo.svg","width":411.20999999999997953636921010911464691162109375,"height":200,"caption":"Head - The Beauty Tools"},"image":{"@id":"https:\/\/head-beauty.com\/lv\/#\/schema\/logo\/image\/"}}]}},"_links":{"self":[{"href":"https:\/\/head-beauty.com\/lv\/wp-json\/wp\/v2\/product\/25255","targetHints":{"allow":["GET"]}}],"collection":[{"href":"https:\/\/head-beauty.com\/lv\/wp-json\/wp\/v2\/product"}],"about":[{"href":"https:\/\/head-beauty.com\/lv\/wp-json\/wp\/v2\/types\/product"}],"wp:featuredmedia":[{"embeddable":true,"href":"https:\/\/head-beauty.com\/lv\/wp-json\/wp\/v2\/media\/20357"}],"wp:attachment":[{"href":"https:\/\/head-beauty.com\/lv\/wp-json\/wp\/v2\/media?parent=25255"}],"wp:term":[{"taxonomy":"product_brand","embeddable":true,"href":"https:\/\/head-beauty.com\/lv\/wp-json\/wp\/v2\/product_brand?post=25255"},{"taxonomy":"product_cat","embeddable":true,"href":"https:\/\/head-beauty.com\/lv\/wp-json\/wp\/v2\/product_cat?post=25255"},{"taxonomy":"product_tag","embeddable":true,"href":"https:\/\/head-beauty.com\/lv\/wp-json\/wp\/v2\/product_tag?post=25255"}],"curies":[{"name":"wp","href":"https:\/\/api.w.org\/{rel}","templated":true}]}}