{"id":25286,"date":"2024-12-02T15:40:38","date_gmt":"2024-12-02T12:40:38","guid":{"rendered":"https:\/\/head-beauty.com\/product\/ny-1-profesionalie-kutikulas-knaibles-y-line-1\/"},"modified":"2024-12-02T15:40:38","modified_gmt":"2024-12-02T12:40:38","slug":"ny-1-profesionalie-kutikulas-knaibles-y-line-1","status":"publish","type":"product","link":"https:\/\/head-beauty.com\/lv\/produkts\/ny-1-profesionalie-kutikulas-knaibles-y-line-1\/","title":{"rendered":"NY-1 Profesion\u0101lie kutikulas knaibles Y-line 1"},"content":{"rendered":"<p>Unik\u0101ls, ergonomisks rokturu l\u012bkums, kas nodro\u0161ina \u0113rtu st\u0101vokli kaptei\u0146a rokai darba laik\u0101, Perfekta sp\u012bd\u012bga visa izstr\u0101d\u0101juma virsmas pul\u0113\u0161ana, m\u012bksta un vienm\u0113r\u012bga rokturu aizv\u0113r\u0161ana, piem\u0113rota ies\u0101c\u0113jiem un profesion\u0101\u013ciem, augsta iztur\u012bba pret koroziju un ilg\u0101ks darba m\u016b\u017es<\/p>\n","protected":false},"excerpt":{"rendered":"<p>Unik\u0101ls, ergonomisks rokturu l\u012bkums, kas nodro\u0161ina \u0113rtu st\u0101vokli kaptei\u0146a rokai darba laik\u0101, Perfekta sp\u012bd\u012bga visa izstr\u0101d\u0101juma virsmas pul\u0113\u0161ana, m\u012bksta un vienm\u0113r\u012bga rokturu aizv\u0113r\u0161ana, piem\u0113rota ies\u0101c\u0113jiem un profesion\u0101\u013ciem, augsta iztur\u012bba pret koroziju un ilg\u0101ks darba m\u016b\u017es<\/p>\n","protected":false},"featured_media":20390,"template":"","meta":{"_acf_changed":false},"product_brand":[],"product_cat":[351],"product_tag":[817],"class_list":{"0":"post-25286","1":"product","2":"type-product","3":"status-publish","4":"has-post-thumbnail","6":"product_cat-kutikulu-knaiblites","7":"product_tag-supreme-nippers-y-linija","9":"first","10":"instock","11":"taxable","12":"shipping-taxable","13":"purchasable","14":"product-type-variable"},"acf":[],"yoast_head":"<!-- This site is optimized with the Yoast SEO plugin v24.8.1 - https:\/\/yoast.com\/wordpress\/plugins\/seo\/ -->\n<title>NY-1 Profesion\u0101lie kutikulas knaibles Y-line 1 - Head Beauty<\/title>\n<meta name=\"robots\" content=\"index, follow, max-snippet:-1, max-image-preview:large, max-video-preview:-1\" \/>\n<link rel=\"canonical\" href=\"https:\/\/head-beauty.com\/lv\/produkts\/ny-1-profesionalie-kutikulas-knaibles-y-line-1\/\" \/>\n<meta property=\"og:locale\" content=\"lv_LV\" \/>\n<meta property=\"og:type\" content=\"article\" \/>\n<meta property=\"og:title\" content=\"NY-1 Profesion\u0101lie kutikulas knaibles Y-line 1 - Head Beauty\" \/>\n<meta property=\"og:description\" content=\"Unik\u0101ls, ergonomisks rokturu l\u012bkums, kas nodro\u0161ina \u0113rtu st\u0101vokli kaptei\u0146a rokai darba laik\u0101, Perfekta sp\u012bd\u012bga visa izstr\u0101d\u0101juma virsmas pul\u0113\u0161ana, m\u012bksta un vienm\u0113r\u012bga rokturu aizv\u0113r\u0161ana, piem\u0113rota ies\u0101c\u0113jiem un profesion\u0101\u013ciem, augsta iztur\u012bba pret koroziju un ilg\u0101ks darba m\u016b\u017es\" \/>\n<meta property=\"og:url\" content=\"https:\/\/head-beauty.com\/lv\/produkts\/ny-1-profesionalie-kutikulas-knaibles-y-line-1\/\" \/>\n<meta property=\"og:site_name\" content=\"Head Beauty\" \/>\n<meta property=\"og:image\" content=\"https:\/\/head-beauty.com\/wp-content\/uploads\/2024\/12\/CN8-1.jpg\" \/>\n\t<meta property=\"og:image:width\" content=\"1920\" \/>\n\t<meta property=\"og:image:height\" content=\"1920\" \/>\n\t<meta property=\"og:image:type\" content=\"image\/jpeg\" \/>\n<meta name=\"twitter:card\" content=\"summary_large_image\" \/>\n<script type=\"application\/ld+json\" class=\"yoast-schema-graph\">{\"@context\":\"https:\/\/schema.org\",\"@graph\":[{\"@type\":\"WebPage\",\"@id\":\"https:\/\/head-beauty.com\/lv\/produkts\/ny-1-profesionalie-kutikulas-knaibles-y-line-1\/\",\"url\":\"https:\/\/head-beauty.com\/lv\/produkts\/ny-1-profesionalie-kutikulas-knaibles-y-line-1\/\",\"name\":\"NY-1 Profesion\u0101lie kutikulas knaibles Y-line 1 - Head Beauty\",\"isPartOf\":{\"@id\":\"https:\/\/head-beauty.com\/lv\/#website\"},\"primaryImageOfPage\":{\"@id\":\"https:\/\/head-beauty.com\/lv\/produkts\/ny-1-profesionalie-kutikulas-knaibles-y-line-1\/#primaryimage\"},\"image\":{\"@id\":\"https:\/\/head-beauty.com\/lv\/produkts\/ny-1-profesionalie-kutikulas-knaibles-y-line-1\/#primaryimage\"},\"thumbnailUrl\":\"https:\/\/head-beauty.com\/wp-content\/uploads\/2024\/12\/CN8-1.jpg\",\"datePublished\":\"2024-12-02T12:40:38+00:00\",\"breadcrumb\":{\"@id\":\"https:\/\/head-beauty.com\/lv\/produkts\/ny-1-profesionalie-kutikulas-knaibles-y-line-1\/#breadcrumb\"},\"inLanguage\":\"lv-LV\",\"potentialAction\":[{\"@type\":\"ReadAction\",\"target\":[\"https:\/\/head-beauty.com\/lv\/produkts\/ny-1-profesionalie-kutikulas-knaibles-y-line-1\/\"]}]},{\"@type\":\"ImageObject\",\"inLanguage\":\"lv-LV\",\"@id\":\"https:\/\/head-beauty.com\/lv\/produkts\/ny-1-profesionalie-kutikulas-knaibles-y-line-1\/#primaryimage\",\"url\":\"https:\/\/head-beauty.com\/wp-content\/uploads\/2024\/12\/CN8-1.jpg\",\"contentUrl\":\"https:\/\/head-beauty.com\/wp-content\/uploads\/2024\/12\/CN8-1.jpg\",\"width\":1920,\"height\":1920,\"caption\":\"Unik\u0101ls, ergonomisks rokturu l\u012bkums, kas nodro\u0161ina \u0113rtu st\u0101vokli kaptei\u0146a rokai darba laik\u0101, Perfekta sp\u012bd\u012bga visa izstr\u0101d\u0101juma virsmas pul\u0113\u0161ana, m\u012bksta un vienm\u0113r\u012bga rokturu aizv\u0113r\u0161ana, piem\u0113rota ies\u0101c\u0113jiem un profesion\u0101\u013ciem, augsta iztur\u012bba pret koroziju un ilg\u0101ks darba m\u016b\u017es\"},{\"@type\":\"BreadcrumbList\",\"@id\":\"https:\/\/head-beauty.com\/lv\/produkts\/ny-1-profesionalie-kutikulas-knaibles-y-line-1\/#breadcrumb\",\"itemListElement\":[{\"@type\":\"ListItem\",\"position\":1,\"name\":\"Home\",\"item\":\"https:\/\/head-beauty.com\/lv\/\"},{\"@type\":\"ListItem\",\"position\":2,\"name\":\"Veikals\",\"item\":\"https:\/\/head-beauty.com\/lv\/shop\/\"},{\"@type\":\"ListItem\",\"position\":3,\"name\":\"NY-1 Profesion\u0101lie kutikulas knaibles Y-line 1\"}]},{\"@type\":\"WebSite\",\"@id\":\"https:\/\/head-beauty.com\/lv\/#website\",\"url\":\"https:\/\/head-beauty.com\/lv\/\",\"name\":\"Head - The Beauty Tools\",\"description\":\"\",\"publisher\":{\"@id\":\"https:\/\/head-beauty.com\/lv\/#organization\"},\"potentialAction\":[{\"@type\":\"SearchAction\",\"target\":{\"@type\":\"EntryPoint\",\"urlTemplate\":\"https:\/\/head-beauty.com\/lv\/?s={search_term_string}\"},\"query-input\":{\"@type\":\"PropertyValueSpecification\",\"valueRequired\":true,\"valueName\":\"search_term_string\"}}],\"inLanguage\":\"lv-LV\"},{\"@type\":\"Organization\",\"@id\":\"https:\/\/head-beauty.com\/lv\/#organization\",\"name\":\"Head - The Beauty Tools\",\"url\":\"https:\/\/head-beauty.com\/lv\/\",\"logo\":{\"@type\":\"ImageObject\",\"inLanguage\":\"lv-LV\",\"@id\":\"https:\/\/head-beauty.com\/lv\/#\/schema\/logo\/image\/\",\"url\":\"https:\/\/head-beauty.com\/wp-content\/uploads\/2024\/10\/head-beauty-logo.svg\",\"contentUrl\":\"https:\/\/head-beauty.com\/wp-content\/uploads\/2024\/10\/head-beauty-logo.svg\",\"width\":411.20999999999997953636921010911464691162109375,\"height\":200,\"caption\":\"Head - The Beauty Tools\"},\"image\":{\"@id\":\"https:\/\/head-beauty.com\/lv\/#\/schema\/logo\/image\/\"}}]}<\/script>\n<!-- \/ Yoast SEO plugin. -->","yoast_head_json":{"title":"NY-1 Profesion\u0101lie kutikulas knaibles Y-line 1 - Head Beauty","robots":{"index":"index","follow":"follow","max-snippet":"max-snippet:-1","max-image-preview":"max-image-preview:large","max-video-preview":"max-video-preview:-1"},"canonical":"https:\/\/head-beauty.com\/lv\/produkts\/ny-1-profesionalie-kutikulas-knaibles-y-line-1\/","og_locale":"lv_LV","og_type":"article","og_title":"NY-1 Profesion\u0101lie kutikulas knaibles Y-line 1 - Head Beauty","og_description":"Unik\u0101ls, ergonomisks rokturu l\u012bkums, kas nodro\u0161ina \u0113rtu st\u0101vokli kaptei\u0146a rokai darba laik\u0101, Perfekta sp\u012bd\u012bga visa izstr\u0101d\u0101juma virsmas pul\u0113\u0161ana, m\u012bksta un vienm\u0113r\u012bga rokturu aizv\u0113r\u0161ana, piem\u0113rota ies\u0101c\u0113jiem un profesion\u0101\u013ciem, augsta iztur\u012bba pret koroziju un ilg\u0101ks darba m\u016b\u017es","og_url":"https:\/\/head-beauty.com\/lv\/produkts\/ny-1-profesionalie-kutikulas-knaibles-y-line-1\/","og_site_name":"Head Beauty","og_image":[{"width":1920,"height":1920,"url":"https:\/\/head-beauty.com\/wp-content\/uploads\/2024\/12\/CN8-1.jpg","type":"image\/jpeg"}],"twitter_card":"summary_large_image","schema":{"@context":"https:\/\/schema.org","@graph":[{"@type":"WebPage","@id":"https:\/\/head-beauty.com\/lv\/produkts\/ny-1-profesionalie-kutikulas-knaibles-y-line-1\/","url":"https:\/\/head-beauty.com\/lv\/produkts\/ny-1-profesionalie-kutikulas-knaibles-y-line-1\/","name":"NY-1 Profesion\u0101lie kutikulas knaibles Y-line 1 - Head Beauty","isPartOf":{"@id":"https:\/\/head-beauty.com\/lv\/#website"},"primaryImageOfPage":{"@id":"https:\/\/head-beauty.com\/lv\/produkts\/ny-1-profesionalie-kutikulas-knaibles-y-line-1\/#primaryimage"},"image":{"@id":"https:\/\/head-beauty.com\/lv\/produkts\/ny-1-profesionalie-kutikulas-knaibles-y-line-1\/#primaryimage"},"thumbnailUrl":"https:\/\/head-beauty.com\/wp-content\/uploads\/2024\/12\/CN8-1.jpg","datePublished":"2024-12-02T12:40:38+00:00","breadcrumb":{"@id":"https:\/\/head-beauty.com\/lv\/produkts\/ny-1-profesionalie-kutikulas-knaibles-y-line-1\/#breadcrumb"},"inLanguage":"lv-LV","potentialAction":[{"@type":"ReadAction","target":["https:\/\/head-beauty.com\/lv\/produkts\/ny-1-profesionalie-kutikulas-knaibles-y-line-1\/"]}]},{"@type":"ImageObject","inLanguage":"lv-LV","@id":"https:\/\/head-beauty.com\/lv\/produkts\/ny-1-profesionalie-kutikulas-knaibles-y-line-1\/#primaryimage","url":"https:\/\/head-beauty.com\/wp-content\/uploads\/2024\/12\/CN8-1.jpg","contentUrl":"https:\/\/head-beauty.com\/wp-content\/uploads\/2024\/12\/CN8-1.jpg","width":1920,"height":1920,"caption":"Unik\u0101ls, ergonomisks rokturu l\u012bkums, kas nodro\u0161ina \u0113rtu st\u0101vokli kaptei\u0146a rokai darba laik\u0101, Perfekta sp\u012bd\u012bga visa izstr\u0101d\u0101juma virsmas pul\u0113\u0161ana, m\u012bksta un vienm\u0113r\u012bga rokturu aizv\u0113r\u0161ana, piem\u0113rota ies\u0101c\u0113jiem un profesion\u0101\u013ciem, augsta iztur\u012bba pret koroziju un ilg\u0101ks darba m\u016b\u017es"},{"@type":"BreadcrumbList","@id":"https:\/\/head-beauty.com\/lv\/produkts\/ny-1-profesionalie-kutikulas-knaibles-y-line-1\/#breadcrumb","itemListElement":[{"@type":"ListItem","position":1,"name":"Home","item":"https:\/\/head-beauty.com\/lv\/"},{"@type":"ListItem","position":2,"name":"Veikals","item":"https:\/\/head-beauty.com\/lv\/shop\/"},{"@type":"ListItem","position":3,"name":"NY-1 Profesion\u0101lie kutikulas knaibles Y-line 1"}]},{"@type":"WebSite","@id":"https:\/\/head-beauty.com\/lv\/#website","url":"https:\/\/head-beauty.com\/lv\/","name":"Head - The Beauty Tools","description":"","publisher":{"@id":"https:\/\/head-beauty.com\/lv\/#organization"},"potentialAction":[{"@type":"SearchAction","target":{"@type":"EntryPoint","urlTemplate":"https:\/\/head-beauty.com\/lv\/?s={search_term_string}"},"query-input":{"@type":"PropertyValueSpecification","valueRequired":true,"valueName":"search_term_string"}}],"inLanguage":"lv-LV"},{"@type":"Organization","@id":"https:\/\/head-beauty.com\/lv\/#organization","name":"Head - The Beauty Tools","url":"https:\/\/head-beauty.com\/lv\/","logo":{"@type":"ImageObject","inLanguage":"lv-LV","@id":"https:\/\/head-beauty.com\/lv\/#\/schema\/logo\/image\/","url":"https:\/\/head-beauty.com\/wp-content\/uploads\/2024\/10\/head-beauty-logo.svg","contentUrl":"https:\/\/head-beauty.com\/wp-content\/uploads\/2024\/10\/head-beauty-logo.svg","width":411.20999999999997953636921010911464691162109375,"height":200,"caption":"Head - The Beauty Tools"},"image":{"@id":"https:\/\/head-beauty.com\/lv\/#\/schema\/logo\/image\/"}}]}},"_links":{"self":[{"href":"https:\/\/head-beauty.com\/lv\/wp-json\/wp\/v2\/product\/25286","targetHints":{"allow":["GET"]}}],"collection":[{"href":"https:\/\/head-beauty.com\/lv\/wp-json\/wp\/v2\/product"}],"about":[{"href":"https:\/\/head-beauty.com\/lv\/wp-json\/wp\/v2\/types\/product"}],"wp:featuredmedia":[{"embeddable":true,"href":"https:\/\/head-beauty.com\/lv\/wp-json\/wp\/v2\/media\/20390"}],"wp:attachment":[{"href":"https:\/\/head-beauty.com\/lv\/wp-json\/wp\/v2\/media?parent=25286"}],"wp:term":[{"taxonomy":"product_brand","embeddable":true,"href":"https:\/\/head-beauty.com\/lv\/wp-json\/wp\/v2\/product_brand?post=25286"},{"taxonomy":"product_cat","embeddable":true,"href":"https:\/\/head-beauty.com\/lv\/wp-json\/wp\/v2\/product_cat?post=25286"},{"taxonomy":"product_tag","embeddable":true,"href":"https:\/\/head-beauty.com\/lv\/wp-json\/wp\/v2\/product_tag?post=25286"}],"curies":[{"name":"wp","href":"https:\/\/api.w.org\/{rel}","templated":true}]}}