{"id":25860,"date":"2024-12-02T15:43:40","date_gmt":"2024-12-02T12:43:40","guid":{"rendered":"https:\/\/head-beauty.com\/product\/hbd-111bl-diamond-bur-cilindrs-zils\/"},"modified":"2024-12-02T15:43:40","modified_gmt":"2024-12-02T12:43:40","slug":"hbd-111bl-diamond-bur-cilindrs-zils","status":"publish","type":"product","link":"https:\/\/head-beauty.com\/lv\/produkts\/hbd-111bl-diamond-bur-cilindrs-zils\/","title":{"rendered":"HBD-111BL Diamond bur &#8220;cilindrs&#8221; zils"},"content":{"rendered":"<p>S\u0101nu gr\u0113du apstr\u0101dei, nagu pl\u0101ksnes virsmas sagatavo\u0161anai, br\u012bv\u0101s malas korekcijai, keratoniz\u0113tas \u0101das no\u0146em\u0161anai, standarta vid\u0113jas raudzes \u0161autenei<\/p>\n","protected":false},"excerpt":{"rendered":"<p>S\u0101nu gr\u0113du apstr\u0101dei, nagu pl\u0101ksnes virsmas sagatavo\u0161anai, br\u012bv\u0101s malas korekcijai, keratoniz\u0113tas \u0101das no\u0146em\u0161anai, standarta vid\u0113jas raudzes \u0161autenei<\/p>\n","protected":false},"featured_media":20489,"template":"","meta":{"_acf_changed":false},"product_brand":[],"product_cat":[180],"product_tag":[],"class_list":{"0":"post-25860","1":"product","2":"type-product","3":"status-publish","4":"has-post-thumbnail","6":"product_cat-dimanta-frezes","8":"first","9":"instock","10":"taxable","11":"shipping-taxable","12":"purchasable","13":"product-type-variable"},"acf":[],"yoast_head":"<!-- This site is optimized with the Yoast SEO plugin v24.8.1 - https:\/\/yoast.com\/wordpress\/plugins\/seo\/ -->\n<title>HBD-111BL Diamond bur &quot;cilindrs&quot; zils - Head Beauty<\/title>\n<meta name=\"robots\" content=\"index, follow, max-snippet:-1, max-image-preview:large, max-video-preview:-1\" \/>\n<link rel=\"canonical\" href=\"https:\/\/head-beauty.com\/lv\/produkts\/hbd-111bl-diamond-bur-cilindrs-zils\/\" \/>\n<meta property=\"og:locale\" content=\"lv_LV\" \/>\n<meta property=\"og:type\" content=\"article\" \/>\n<meta property=\"og:title\" content=\"HBD-111BL Diamond bur &quot;cilindrs&quot; zils - Head Beauty\" \/>\n<meta property=\"og:description\" content=\"S\u0101nu gr\u0113du apstr\u0101dei, nagu pl\u0101ksnes virsmas sagatavo\u0161anai, br\u012bv\u0101s malas korekcijai, keratoniz\u0113tas \u0101das no\u0146em\u0161anai, standarta vid\u0113jas raudzes \u0161autenei\" \/>\n<meta property=\"og:url\" content=\"https:\/\/head-beauty.com\/lv\/produkts\/hbd-111bl-diamond-bur-cilindrs-zils\/\" \/>\n<meta property=\"og:site_name\" content=\"Head Beauty\" \/>\n<meta property=\"og:image\" content=\"https:\/\/head-beauty.com\/wp-content\/uploads\/2024\/12\/DB8-1.jpg\" \/>\n\t<meta property=\"og:image:width\" content=\"2414\" \/>\n\t<meta property=\"og:image:height\" content=\"2414\" \/>\n\t<meta property=\"og:image:type\" content=\"image\/jpeg\" \/>\n<meta name=\"twitter:card\" content=\"summary_large_image\" \/>\n<script type=\"application\/ld+json\" class=\"yoast-schema-graph\">{\"@context\":\"https:\/\/schema.org\",\"@graph\":[{\"@type\":\"WebPage\",\"@id\":\"https:\/\/head-beauty.com\/lv\/produkts\/hbd-111bl-diamond-bur-cilindrs-zils\/\",\"url\":\"https:\/\/head-beauty.com\/lv\/produkts\/hbd-111bl-diamond-bur-cilindrs-zils\/\",\"name\":\"HBD-111BL Diamond bur \\\"cilindrs\\\" zils - Head Beauty\",\"isPartOf\":{\"@id\":\"https:\/\/head-beauty.com\/lv\/#website\"},\"primaryImageOfPage\":{\"@id\":\"https:\/\/head-beauty.com\/lv\/produkts\/hbd-111bl-diamond-bur-cilindrs-zils\/#primaryimage\"},\"image\":{\"@id\":\"https:\/\/head-beauty.com\/lv\/produkts\/hbd-111bl-diamond-bur-cilindrs-zils\/#primaryimage\"},\"thumbnailUrl\":\"https:\/\/head-beauty.com\/wp-content\/uploads\/2024\/12\/DB8-1.jpg\",\"datePublished\":\"2024-12-02T12:43:40+00:00\",\"breadcrumb\":{\"@id\":\"https:\/\/head-beauty.com\/lv\/produkts\/hbd-111bl-diamond-bur-cilindrs-zils\/#breadcrumb\"},\"inLanguage\":\"lv-LV\",\"potentialAction\":[{\"@type\":\"ReadAction\",\"target\":[\"https:\/\/head-beauty.com\/lv\/produkts\/hbd-111bl-diamond-bur-cilindrs-zils\/\"]}]},{\"@type\":\"ImageObject\",\"inLanguage\":\"lv-LV\",\"@id\":\"https:\/\/head-beauty.com\/lv\/produkts\/hbd-111bl-diamond-bur-cilindrs-zils\/#primaryimage\",\"url\":\"https:\/\/head-beauty.com\/wp-content\/uploads\/2024\/12\/DB8-1.jpg\",\"contentUrl\":\"https:\/\/head-beauty.com\/wp-content\/uploads\/2024\/12\/DB8-1.jpg\",\"width\":2414,\"height\":2414,\"caption\":\"S\u0101nu gr\u0113du apstr\u0101dei, nagu pl\u0101ksnes virsmas sagatavo\u0161anai, br\u012bv\u0101s malas korekcijai, keratoniz\u0113tas \u0101das no\u0146em\u0161anai, standarta vid\u0113jas raudzes \u0161autenei\"},{\"@type\":\"BreadcrumbList\",\"@id\":\"https:\/\/head-beauty.com\/lv\/produkts\/hbd-111bl-diamond-bur-cilindrs-zils\/#breadcrumb\",\"itemListElement\":[{\"@type\":\"ListItem\",\"position\":1,\"name\":\"Home\",\"item\":\"https:\/\/head-beauty.com\/lv\/\"},{\"@type\":\"ListItem\",\"position\":2,\"name\":\"Veikals\",\"item\":\"https:\/\/head-beauty.com\/lv\/shop\/\"},{\"@type\":\"ListItem\",\"position\":3,\"name\":\"HBD-111BL Diamond bur &#8220;cilindrs&#8221; zils\"}]},{\"@type\":\"WebSite\",\"@id\":\"https:\/\/head-beauty.com\/lv\/#website\",\"url\":\"https:\/\/head-beauty.com\/lv\/\",\"name\":\"Head - The Beauty Tools\",\"description\":\"\",\"publisher\":{\"@id\":\"https:\/\/head-beauty.com\/lv\/#organization\"},\"potentialAction\":[{\"@type\":\"SearchAction\",\"target\":{\"@type\":\"EntryPoint\",\"urlTemplate\":\"https:\/\/head-beauty.com\/lv\/?s={search_term_string}\"},\"query-input\":{\"@type\":\"PropertyValueSpecification\",\"valueRequired\":true,\"valueName\":\"search_term_string\"}}],\"inLanguage\":\"lv-LV\"},{\"@type\":\"Organization\",\"@id\":\"https:\/\/head-beauty.com\/lv\/#organization\",\"name\":\"Head - The Beauty Tools\",\"url\":\"https:\/\/head-beauty.com\/lv\/\",\"logo\":{\"@type\":\"ImageObject\",\"inLanguage\":\"lv-LV\",\"@id\":\"https:\/\/head-beauty.com\/lv\/#\/schema\/logo\/image\/\",\"url\":\"https:\/\/head-beauty.com\/wp-content\/uploads\/2024\/10\/head-beauty-logo.svg\",\"contentUrl\":\"https:\/\/head-beauty.com\/wp-content\/uploads\/2024\/10\/head-beauty-logo.svg\",\"width\":411.20999999999997953636921010911464691162109375,\"height\":200,\"caption\":\"Head - The Beauty Tools\"},\"image\":{\"@id\":\"https:\/\/head-beauty.com\/lv\/#\/schema\/logo\/image\/\"}}]}<\/script>\n<!-- \/ Yoast SEO plugin. -->","yoast_head_json":{"title":"HBD-111BL Diamond bur \"cilindrs\" zils - Head Beauty","robots":{"index":"index","follow":"follow","max-snippet":"max-snippet:-1","max-image-preview":"max-image-preview:large","max-video-preview":"max-video-preview:-1"},"canonical":"https:\/\/head-beauty.com\/lv\/produkts\/hbd-111bl-diamond-bur-cilindrs-zils\/","og_locale":"lv_LV","og_type":"article","og_title":"HBD-111BL Diamond bur \"cilindrs\" zils - Head Beauty","og_description":"S\u0101nu gr\u0113du apstr\u0101dei, nagu pl\u0101ksnes virsmas sagatavo\u0161anai, br\u012bv\u0101s malas korekcijai, keratoniz\u0113tas \u0101das no\u0146em\u0161anai, standarta vid\u0113jas raudzes \u0161autenei","og_url":"https:\/\/head-beauty.com\/lv\/produkts\/hbd-111bl-diamond-bur-cilindrs-zils\/","og_site_name":"Head Beauty","og_image":[{"width":2414,"height":2414,"url":"https:\/\/head-beauty.com\/wp-content\/uploads\/2024\/12\/DB8-1.jpg","type":"image\/jpeg"}],"twitter_card":"summary_large_image","schema":{"@context":"https:\/\/schema.org","@graph":[{"@type":"WebPage","@id":"https:\/\/head-beauty.com\/lv\/produkts\/hbd-111bl-diamond-bur-cilindrs-zils\/","url":"https:\/\/head-beauty.com\/lv\/produkts\/hbd-111bl-diamond-bur-cilindrs-zils\/","name":"HBD-111BL Diamond bur \"cilindrs\" zils - Head Beauty","isPartOf":{"@id":"https:\/\/head-beauty.com\/lv\/#website"},"primaryImageOfPage":{"@id":"https:\/\/head-beauty.com\/lv\/produkts\/hbd-111bl-diamond-bur-cilindrs-zils\/#primaryimage"},"image":{"@id":"https:\/\/head-beauty.com\/lv\/produkts\/hbd-111bl-diamond-bur-cilindrs-zils\/#primaryimage"},"thumbnailUrl":"https:\/\/head-beauty.com\/wp-content\/uploads\/2024\/12\/DB8-1.jpg","datePublished":"2024-12-02T12:43:40+00:00","breadcrumb":{"@id":"https:\/\/head-beauty.com\/lv\/produkts\/hbd-111bl-diamond-bur-cilindrs-zils\/#breadcrumb"},"inLanguage":"lv-LV","potentialAction":[{"@type":"ReadAction","target":["https:\/\/head-beauty.com\/lv\/produkts\/hbd-111bl-diamond-bur-cilindrs-zils\/"]}]},{"@type":"ImageObject","inLanguage":"lv-LV","@id":"https:\/\/head-beauty.com\/lv\/produkts\/hbd-111bl-diamond-bur-cilindrs-zils\/#primaryimage","url":"https:\/\/head-beauty.com\/wp-content\/uploads\/2024\/12\/DB8-1.jpg","contentUrl":"https:\/\/head-beauty.com\/wp-content\/uploads\/2024\/12\/DB8-1.jpg","width":2414,"height":2414,"caption":"S\u0101nu gr\u0113du apstr\u0101dei, nagu pl\u0101ksnes virsmas sagatavo\u0161anai, br\u012bv\u0101s malas korekcijai, keratoniz\u0113tas \u0101das no\u0146em\u0161anai, standarta vid\u0113jas raudzes \u0161autenei"},{"@type":"BreadcrumbList","@id":"https:\/\/head-beauty.com\/lv\/produkts\/hbd-111bl-diamond-bur-cilindrs-zils\/#breadcrumb","itemListElement":[{"@type":"ListItem","position":1,"name":"Home","item":"https:\/\/head-beauty.com\/lv\/"},{"@type":"ListItem","position":2,"name":"Veikals","item":"https:\/\/head-beauty.com\/lv\/shop\/"},{"@type":"ListItem","position":3,"name":"HBD-111BL Diamond bur &#8220;cilindrs&#8221; zils"}]},{"@type":"WebSite","@id":"https:\/\/head-beauty.com\/lv\/#website","url":"https:\/\/head-beauty.com\/lv\/","name":"Head - The Beauty Tools","description":"","publisher":{"@id":"https:\/\/head-beauty.com\/lv\/#organization"},"potentialAction":[{"@type":"SearchAction","target":{"@type":"EntryPoint","urlTemplate":"https:\/\/head-beauty.com\/lv\/?s={search_term_string}"},"query-input":{"@type":"PropertyValueSpecification","valueRequired":true,"valueName":"search_term_string"}}],"inLanguage":"lv-LV"},{"@type":"Organization","@id":"https:\/\/head-beauty.com\/lv\/#organization","name":"Head - The Beauty Tools","url":"https:\/\/head-beauty.com\/lv\/","logo":{"@type":"ImageObject","inLanguage":"lv-LV","@id":"https:\/\/head-beauty.com\/lv\/#\/schema\/logo\/image\/","url":"https:\/\/head-beauty.com\/wp-content\/uploads\/2024\/10\/head-beauty-logo.svg","contentUrl":"https:\/\/head-beauty.com\/wp-content\/uploads\/2024\/10\/head-beauty-logo.svg","width":411.20999999999997953636921010911464691162109375,"height":200,"caption":"Head - The Beauty Tools"},"image":{"@id":"https:\/\/head-beauty.com\/lv\/#\/schema\/logo\/image\/"}}]}},"_links":{"self":[{"href":"https:\/\/head-beauty.com\/lv\/wp-json\/wp\/v2\/product\/25860","targetHints":{"allow":["GET"]}}],"collection":[{"href":"https:\/\/head-beauty.com\/lv\/wp-json\/wp\/v2\/product"}],"about":[{"href":"https:\/\/head-beauty.com\/lv\/wp-json\/wp\/v2\/types\/product"}],"wp:featuredmedia":[{"embeddable":true,"href":"https:\/\/head-beauty.com\/lv\/wp-json\/wp\/v2\/media\/20489"}],"wp:attachment":[{"href":"https:\/\/head-beauty.com\/lv\/wp-json\/wp\/v2\/media?parent=25860"}],"wp:term":[{"taxonomy":"product_brand","embeddable":true,"href":"https:\/\/head-beauty.com\/lv\/wp-json\/wp\/v2\/product_brand?post=25860"},{"taxonomy":"product_cat","embeddable":true,"href":"https:\/\/head-beauty.com\/lv\/wp-json\/wp\/v2\/product_cat?post=25860"},{"taxonomy":"product_tag","embeddable":true,"href":"https:\/\/head-beauty.com\/lv\/wp-json\/wp\/v2\/product_tag?post=25860"}],"curies":[{"name":"wp","href":"https:\/\/api.w.org\/{rel}","templated":true}]}}