{"id":27093,"date":"2024-12-02T16:05:42","date_gmt":"2024-12-02T13:05:42","guid":{"rendered":"https:\/\/head-beauty.com\/product\/nx-2-9-profesionalie-kutikulas-knaibles-x-line-2-l-105mm-asmeni-9-mm-zems-papedis\/"},"modified":"2025-05-13T21:33:49","modified_gmt":"2025-05-13T18:33:49","slug":"nx-2-9-profesionalie-kutikulas-knaibles-x-line-2-l-105mm-asmeni-9-mm-zems-papedis","status":"publish","type":"product","link":"https:\/\/head-beauty.com\/lv\/produkts\/nx-2-9-profesionalie-kutikulas-knaibles-x-line-2-l-105mm-asmeni-9-mm-zems-papedis\/","title":{"rendered":"NX-2-9 Profesion\u0101lie kutikulas knaibles X-line 2, L-105mm, asme\u0146i 9 mm, zems &#8220;Pap\u0113dis&#8221;"},"content":{"rendered":"<p>Optim\u0101ls mazai plaukstai, \u0113rta p\u0101rvieto\u0161ana un lieto\u0161ana, mat\u0113ta \u0101r\u0113j\u0101 virsma, iek\u0161\u0113jie sp\u012bd\u012bgi pul\u0113ti rokturi, m\u012bksta un gluda rokturu aizv\u0113r\u0161ana, piem\u0113rota profesion\u0101\u013ciem, augsta ergonomika<\/p>\n","protected":false},"excerpt":{"rendered":"<p>Optim\u0101ls mazai plaukstai, \u0113rta p\u0101rvieto\u0161ana un lieto\u0161ana, mat\u0113ta \u0101r\u0113j\u0101 virsma, iek\u0161\u0113jie sp\u012bd\u012bgi pul\u0113ti rokturi, m\u012bksta un gluda rokturu aizv\u0113r\u0161ana, piem\u0113rota profesion\u0101\u013ciem, augsta ergonomika<\/p>\n","protected":false},"featured_media":20874,"template":"","meta":{"_acf_changed":false},"product_brand":[],"product_cat":[351],"product_tag":[781],"class_list":{"0":"post-27093","1":"product","2":"type-product","3":"status-publish","4":"has-post-thumbnail","6":"product_cat-kutikulu-knaiblites","7":"product_tag-uzlabota-nippers-x-linija","9":"first","10":"instock","11":"taxable","12":"shipping-taxable","13":"purchasable","14":"product-type-simple"},"acf":[],"yoast_head":"<!-- This site is optimized with the Yoast SEO plugin v24.8.1 - https:\/\/yoast.com\/wordpress\/plugins\/seo\/ -->\n<title>NX-2-9 Profesion\u0101lie kutikulas knaibles X-line 2, L-105mm, asme\u0146i 9 mm, zems &quot;Pap\u0113dis&quot; - Head Beauty<\/title>\n<meta name=\"robots\" content=\"index, follow, max-snippet:-1, max-image-preview:large, max-video-preview:-1\" \/>\n<link rel=\"canonical\" href=\"https:\/\/head-beauty.com\/lv\/produkts\/nx-2-9-profesionalie-kutikulas-knaibles-x-line-2-l-105mm-asmeni-9-mm-zems-papedis\/\" \/>\n<meta property=\"og:locale\" content=\"lv_LV\" \/>\n<meta property=\"og:type\" content=\"article\" \/>\n<meta property=\"og:title\" content=\"NX-2-9 Profesion\u0101lie kutikulas knaibles X-line 2, L-105mm, asme\u0146i 9 mm, zems &quot;Pap\u0113dis&quot; - Head Beauty\" \/>\n<meta property=\"og:description\" content=\"Optim\u0101ls mazai plaukstai, \u0113rta p\u0101rvieto\u0161ana un lieto\u0161ana, mat\u0113ta \u0101r\u0113j\u0101 virsma, iek\u0161\u0113jie sp\u012bd\u012bgi pul\u0113ti rokturi, m\u012bksta un gluda rokturu aizv\u0113r\u0161ana, piem\u0113rota profesion\u0101\u013ciem, augsta ergonomika\" \/>\n<meta property=\"og:url\" content=\"https:\/\/head-beauty.com\/lv\/produkts\/nx-2-9-profesionalie-kutikulas-knaibles-x-line-2-l-105mm-asmeni-9-mm-zems-papedis\/\" \/>\n<meta property=\"og:site_name\" content=\"Head Beauty\" \/>\n<meta property=\"article:modified_time\" content=\"2025-05-13T18:33:49+00:00\" \/>\n<meta property=\"og:image\" content=\"https:\/\/head-beauty.com\/wp-content\/uploads\/2024\/12\/NX-2-9.png\" \/>\n\t<meta property=\"og:image:width\" content=\"1080\" \/>\n\t<meta property=\"og:image:height\" content=\"1080\" \/>\n\t<meta property=\"og:image:type\" content=\"image\/png\" \/>\n<meta name=\"twitter:card\" content=\"summary_large_image\" \/>\n<meta name=\"twitter:label1\" content=\"Est. reading time\" \/>\n\t<meta name=\"twitter:data1\" content=\"1 minute\" \/>\n<script type=\"application\/ld+json\" class=\"yoast-schema-graph\">{\"@context\":\"https:\/\/schema.org\",\"@graph\":[{\"@type\":\"WebPage\",\"@id\":\"https:\/\/head-beauty.com\/lv\/produkts\/nx-2-9-profesionalie-kutikulas-knaibles-x-line-2-l-105mm-asmeni-9-mm-zems-papedis\/\",\"url\":\"https:\/\/head-beauty.com\/lv\/produkts\/nx-2-9-profesionalie-kutikulas-knaibles-x-line-2-l-105mm-asmeni-9-mm-zems-papedis\/\",\"name\":\"NX-2-9 Profesion\u0101lie kutikulas knaibles X-line 2, L-105mm, asme\u0146i 9 mm, zems \\\"Pap\u0113dis\\\" - Head Beauty\",\"isPartOf\":{\"@id\":\"https:\/\/head-beauty.com\/lv\/#website\"},\"primaryImageOfPage\":{\"@id\":\"https:\/\/head-beauty.com\/lv\/produkts\/nx-2-9-profesionalie-kutikulas-knaibles-x-line-2-l-105mm-asmeni-9-mm-zems-papedis\/#primaryimage\"},\"image\":{\"@id\":\"https:\/\/head-beauty.com\/lv\/produkts\/nx-2-9-profesionalie-kutikulas-knaibles-x-line-2-l-105mm-asmeni-9-mm-zems-papedis\/#primaryimage\"},\"thumbnailUrl\":\"https:\/\/head-beauty.com\/wp-content\/uploads\/2024\/12\/NX-2-9.png\",\"datePublished\":\"2024-12-02T13:05:42+00:00\",\"dateModified\":\"2025-05-13T18:33:49+00:00\",\"breadcrumb\":{\"@id\":\"https:\/\/head-beauty.com\/lv\/produkts\/nx-2-9-profesionalie-kutikulas-knaibles-x-line-2-l-105mm-asmeni-9-mm-zems-papedis\/#breadcrumb\"},\"inLanguage\":\"lv-LV\",\"potentialAction\":[{\"@type\":\"ReadAction\",\"target\":[\"https:\/\/head-beauty.com\/lv\/produkts\/nx-2-9-profesionalie-kutikulas-knaibles-x-line-2-l-105mm-asmeni-9-mm-zems-papedis\/\"]}]},{\"@type\":\"ImageObject\",\"inLanguage\":\"lv-LV\",\"@id\":\"https:\/\/head-beauty.com\/lv\/produkts\/nx-2-9-profesionalie-kutikulas-knaibles-x-line-2-l-105mm-asmeni-9-mm-zems-papedis\/#primaryimage\",\"url\":\"https:\/\/head-beauty.com\/wp-content\/uploads\/2024\/12\/NX-2-9.png\",\"contentUrl\":\"https:\/\/head-beauty.com\/wp-content\/uploads\/2024\/12\/NX-2-9.png\",\"width\":1080,\"height\":1080,\"caption\":\"Optim\u0101ls mazai plaukstai, \u0113rta p\u0101rvieto\u0161ana un lieto\u0161ana, mat\u0113ta \u0101r\u0113j\u0101 virsma, iek\u0161\u0113jie sp\u012bd\u012bgi pul\u0113ti rokturi, m\u012bksta un gluda rokturu aizv\u0113r\u0161ana, piem\u0113rota profesion\u0101\u013ciem, augsta ergonomika\"},{\"@type\":\"BreadcrumbList\",\"@id\":\"https:\/\/head-beauty.com\/lv\/produkts\/nx-2-9-profesionalie-kutikulas-knaibles-x-line-2-l-105mm-asmeni-9-mm-zems-papedis\/#breadcrumb\",\"itemListElement\":[{\"@type\":\"ListItem\",\"position\":1,\"name\":\"Home\",\"item\":\"https:\/\/head-beauty.com\/lv\/\"},{\"@type\":\"ListItem\",\"position\":2,\"name\":\"Veikals\",\"item\":\"https:\/\/head-beauty.com\/lv\/shop\/\"},{\"@type\":\"ListItem\",\"position\":3,\"name\":\"NX-2-9 Profesion\u0101lie kutikulas knaibles X-line 2, L-105mm, asme\u0146i 9 mm, zems &#8220;Pap\u0113dis&#8221;\"}]},{\"@type\":\"WebSite\",\"@id\":\"https:\/\/head-beauty.com\/lv\/#website\",\"url\":\"https:\/\/head-beauty.com\/lv\/\",\"name\":\"Head - The Beauty Tools\",\"description\":\"\",\"publisher\":{\"@id\":\"https:\/\/head-beauty.com\/lv\/#organization\"},\"potentialAction\":[{\"@type\":\"SearchAction\",\"target\":{\"@type\":\"EntryPoint\",\"urlTemplate\":\"https:\/\/head-beauty.com\/lv\/?s={search_term_string}\"},\"query-input\":{\"@type\":\"PropertyValueSpecification\",\"valueRequired\":true,\"valueName\":\"search_term_string\"}}],\"inLanguage\":\"lv-LV\"},{\"@type\":\"Organization\",\"@id\":\"https:\/\/head-beauty.com\/lv\/#organization\",\"name\":\"Head - The Beauty Tools\",\"url\":\"https:\/\/head-beauty.com\/lv\/\",\"logo\":{\"@type\":\"ImageObject\",\"inLanguage\":\"lv-LV\",\"@id\":\"https:\/\/head-beauty.com\/lv\/#\/schema\/logo\/image\/\",\"url\":\"https:\/\/head-beauty.com\/wp-content\/uploads\/2024\/10\/head-beauty-logo.svg\",\"contentUrl\":\"https:\/\/head-beauty.com\/wp-content\/uploads\/2024\/10\/head-beauty-logo.svg\",\"width\":411.20999999999997953636921010911464691162109375,\"height\":200,\"caption\":\"Head - The Beauty Tools\"},\"image\":{\"@id\":\"https:\/\/head-beauty.com\/lv\/#\/schema\/logo\/image\/\"}}]}<\/script>\n<!-- \/ Yoast SEO plugin. -->","yoast_head_json":{"title":"NX-2-9 Profesion\u0101lie kutikulas knaibles X-line 2, L-105mm, asme\u0146i 9 mm, zems \"Pap\u0113dis\" - Head Beauty","robots":{"index":"index","follow":"follow","max-snippet":"max-snippet:-1","max-image-preview":"max-image-preview:large","max-video-preview":"max-video-preview:-1"},"canonical":"https:\/\/head-beauty.com\/lv\/produkts\/nx-2-9-profesionalie-kutikulas-knaibles-x-line-2-l-105mm-asmeni-9-mm-zems-papedis\/","og_locale":"lv_LV","og_type":"article","og_title":"NX-2-9 Profesion\u0101lie kutikulas knaibles X-line 2, L-105mm, asme\u0146i 9 mm, zems \"Pap\u0113dis\" - Head Beauty","og_description":"Optim\u0101ls mazai plaukstai, \u0113rta p\u0101rvieto\u0161ana un lieto\u0161ana, mat\u0113ta \u0101r\u0113j\u0101 virsma, iek\u0161\u0113jie sp\u012bd\u012bgi pul\u0113ti rokturi, m\u012bksta un gluda rokturu aizv\u0113r\u0161ana, piem\u0113rota profesion\u0101\u013ciem, augsta ergonomika","og_url":"https:\/\/head-beauty.com\/lv\/produkts\/nx-2-9-profesionalie-kutikulas-knaibles-x-line-2-l-105mm-asmeni-9-mm-zems-papedis\/","og_site_name":"Head Beauty","article_modified_time":"2025-05-13T18:33:49+00:00","og_image":[{"width":1080,"height":1080,"url":"https:\/\/head-beauty.com\/wp-content\/uploads\/2024\/12\/NX-2-9.png","type":"image\/png"}],"twitter_card":"summary_large_image","twitter_misc":{"Est. reading time":"1 minute"},"schema":{"@context":"https:\/\/schema.org","@graph":[{"@type":"WebPage","@id":"https:\/\/head-beauty.com\/lv\/produkts\/nx-2-9-profesionalie-kutikulas-knaibles-x-line-2-l-105mm-asmeni-9-mm-zems-papedis\/","url":"https:\/\/head-beauty.com\/lv\/produkts\/nx-2-9-profesionalie-kutikulas-knaibles-x-line-2-l-105mm-asmeni-9-mm-zems-papedis\/","name":"NX-2-9 Profesion\u0101lie kutikulas knaibles X-line 2, L-105mm, asme\u0146i 9 mm, zems \"Pap\u0113dis\" - Head Beauty","isPartOf":{"@id":"https:\/\/head-beauty.com\/lv\/#website"},"primaryImageOfPage":{"@id":"https:\/\/head-beauty.com\/lv\/produkts\/nx-2-9-profesionalie-kutikulas-knaibles-x-line-2-l-105mm-asmeni-9-mm-zems-papedis\/#primaryimage"},"image":{"@id":"https:\/\/head-beauty.com\/lv\/produkts\/nx-2-9-profesionalie-kutikulas-knaibles-x-line-2-l-105mm-asmeni-9-mm-zems-papedis\/#primaryimage"},"thumbnailUrl":"https:\/\/head-beauty.com\/wp-content\/uploads\/2024\/12\/NX-2-9.png","datePublished":"2024-12-02T13:05:42+00:00","dateModified":"2025-05-13T18:33:49+00:00","breadcrumb":{"@id":"https:\/\/head-beauty.com\/lv\/produkts\/nx-2-9-profesionalie-kutikulas-knaibles-x-line-2-l-105mm-asmeni-9-mm-zems-papedis\/#breadcrumb"},"inLanguage":"lv-LV","potentialAction":[{"@type":"ReadAction","target":["https:\/\/head-beauty.com\/lv\/produkts\/nx-2-9-profesionalie-kutikulas-knaibles-x-line-2-l-105mm-asmeni-9-mm-zems-papedis\/"]}]},{"@type":"ImageObject","inLanguage":"lv-LV","@id":"https:\/\/head-beauty.com\/lv\/produkts\/nx-2-9-profesionalie-kutikulas-knaibles-x-line-2-l-105mm-asmeni-9-mm-zems-papedis\/#primaryimage","url":"https:\/\/head-beauty.com\/wp-content\/uploads\/2024\/12\/NX-2-9.png","contentUrl":"https:\/\/head-beauty.com\/wp-content\/uploads\/2024\/12\/NX-2-9.png","width":1080,"height":1080,"caption":"Optim\u0101ls mazai plaukstai, \u0113rta p\u0101rvieto\u0161ana un lieto\u0161ana, mat\u0113ta \u0101r\u0113j\u0101 virsma, iek\u0161\u0113jie sp\u012bd\u012bgi pul\u0113ti rokturi, m\u012bksta un gluda rokturu aizv\u0113r\u0161ana, piem\u0113rota profesion\u0101\u013ciem, augsta ergonomika"},{"@type":"BreadcrumbList","@id":"https:\/\/head-beauty.com\/lv\/produkts\/nx-2-9-profesionalie-kutikulas-knaibles-x-line-2-l-105mm-asmeni-9-mm-zems-papedis\/#breadcrumb","itemListElement":[{"@type":"ListItem","position":1,"name":"Home","item":"https:\/\/head-beauty.com\/lv\/"},{"@type":"ListItem","position":2,"name":"Veikals","item":"https:\/\/head-beauty.com\/lv\/shop\/"},{"@type":"ListItem","position":3,"name":"NX-2-9 Profesion\u0101lie kutikulas knaibles X-line 2, L-105mm, asme\u0146i 9 mm, zems &#8220;Pap\u0113dis&#8221;"}]},{"@type":"WebSite","@id":"https:\/\/head-beauty.com\/lv\/#website","url":"https:\/\/head-beauty.com\/lv\/","name":"Head - The Beauty Tools","description":"","publisher":{"@id":"https:\/\/head-beauty.com\/lv\/#organization"},"potentialAction":[{"@type":"SearchAction","target":{"@type":"EntryPoint","urlTemplate":"https:\/\/head-beauty.com\/lv\/?s={search_term_string}"},"query-input":{"@type":"PropertyValueSpecification","valueRequired":true,"valueName":"search_term_string"}}],"inLanguage":"lv-LV"},{"@type":"Organization","@id":"https:\/\/head-beauty.com\/lv\/#organization","name":"Head - The Beauty Tools","url":"https:\/\/head-beauty.com\/lv\/","logo":{"@type":"ImageObject","inLanguage":"lv-LV","@id":"https:\/\/head-beauty.com\/lv\/#\/schema\/logo\/image\/","url":"https:\/\/head-beauty.com\/wp-content\/uploads\/2024\/10\/head-beauty-logo.svg","contentUrl":"https:\/\/head-beauty.com\/wp-content\/uploads\/2024\/10\/head-beauty-logo.svg","width":411.20999999999997953636921010911464691162109375,"height":200,"caption":"Head - The Beauty Tools"},"image":{"@id":"https:\/\/head-beauty.com\/lv\/#\/schema\/logo\/image\/"}}]}},"_links":{"self":[{"href":"https:\/\/head-beauty.com\/lv\/wp-json\/wp\/v2\/product\/27093","targetHints":{"allow":["GET"]}}],"collection":[{"href":"https:\/\/head-beauty.com\/lv\/wp-json\/wp\/v2\/product"}],"about":[{"href":"https:\/\/head-beauty.com\/lv\/wp-json\/wp\/v2\/types\/product"}],"wp:featuredmedia":[{"embeddable":true,"href":"https:\/\/head-beauty.com\/lv\/wp-json\/wp\/v2\/media\/20874"}],"wp:attachment":[{"href":"https:\/\/head-beauty.com\/lv\/wp-json\/wp\/v2\/media?parent=27093"}],"wp:term":[{"taxonomy":"product_brand","embeddable":true,"href":"https:\/\/head-beauty.com\/lv\/wp-json\/wp\/v2\/product_brand?post=27093"},{"taxonomy":"product_cat","embeddable":true,"href":"https:\/\/head-beauty.com\/lv\/wp-json\/wp\/v2\/product_cat?post=27093"},{"taxonomy":"product_tag","embeddable":true,"href":"https:\/\/head-beauty.com\/lv\/wp-json\/wp\/v2\/product_tag?post=27093"}],"curies":[{"name":"wp","href":"https:\/\/api.w.org\/{rel}","templated":true}]}}