{"id":28243,"date":"2024-12-02T15:09:15","date_gmt":"2024-12-02T12:09:15","guid":{"rendered":"https:\/\/head-beauty.com\/product\/px-04-professional-kutikulas-stumejs-x-line-darba-dalas-izliekts-asmens-taisns-gals\/"},"modified":"2024-12-02T15:09:15","modified_gmt":"2024-12-02T12:09:15","slug":"px-04-professional-kutikulas-stumejs-x-line-darba-dalas-izliekts-asmens-taisns-gals","status":"publish","type":"product","link":"https:\/\/head-beauty.com\/lv\/produkts\/px-04-professional-kutikulas-stumejs-x-line-darba-dalas-izliekts-asmens-taisns-gals\/","title":{"rendered":"PX-04 Professional kutikulas st\u016bm\u0113js X-line, Darba da\u013cas: izliekts asmens &#8211; taisns gals"},"content":{"rendered":"<p>\u0112rti rokturi ar griezumiem, lai nov\u0113rstu instrumenta sl\u012bd\u0113\u0161anu kaptei\u0146a rok\u0101s, sp\u012bd\u012bga darba da\u013cas pul\u0113\u0161ana, izliekts asmens \u0113rtam darbam gr\u016bti sasniedzam\u0101s viet\u0101s, piem\u0113rots da\u017e\u0101d\u0101m manik\u012bra un pedik\u012bra tehnik\u0101m, augsta iztur\u012bba pret koroziju, piem\u0113rots ies\u0101c\u0113jiem un profesion\u0101\u013ciem<\/p>\n","protected":false},"excerpt":{"rendered":"<p>\u0112rti rokturi ar griezumiem, lai nov\u0113rstu instrumenta sl\u012bd\u0113\u0161anu kaptei\u0146a rok\u0101s, sp\u012bd\u012bga darba da\u013cas pul\u0113\u0161ana, izliekts asmens \u0113rtam darbam gr\u016bti sasniedzam\u0101s viet\u0101s, piem\u0113rots da\u017e\u0101d\u0101m manik\u012bra un pedik\u012bra tehnik\u0101m, augsta iztur\u012bba pret koroziju, piem\u0113rots ies\u0101c\u0113jiem un profesion\u0101\u013ciem<\/p>\n","protected":false},"featured_media":19455,"template":"","meta":{"_acf_changed":false},"product_brand":[],"product_cat":[1032],"product_tag":[1034],"class_list":{"0":"post-28243","1":"product","2":"type-product","3":"status-publish","4":"has-post-thumbnail","6":"product_cat-kutikulu-stumeji","7":"product_tag-stumeji-x-line","9":"first","10":"instock","11":"sale","12":"taxable","13":"shipping-taxable","14":"purchasable","15":"product-type-simple"},"acf":[],"yoast_head":"<!-- This site is optimized with the Yoast SEO plugin v24.8.1 - https:\/\/yoast.com\/wordpress\/plugins\/seo\/ -->\n<title>PX-04 Professional kutikulas st\u016bm\u0113js X-line, Darba da\u013cas: izliekts asmens - taisns gals - Head Beauty<\/title>\n<meta name=\"robots\" content=\"index, follow, max-snippet:-1, max-image-preview:large, max-video-preview:-1\" \/>\n<link rel=\"canonical\" href=\"https:\/\/head-beauty.com\/lv\/produkts\/px-04-professional-kutikulas-stumejs-x-line-darba-dalas-izliekts-asmens-taisns-gals\/\" \/>\n<meta property=\"og:locale\" content=\"lv_LV\" \/>\n<meta property=\"og:type\" content=\"article\" \/>\n<meta property=\"og:title\" content=\"PX-04 Professional kutikulas st\u016bm\u0113js X-line, Darba da\u013cas: izliekts asmens - taisns gals - Head Beauty\" \/>\n<meta property=\"og:description\" content=\"\u0112rti rokturi ar griezumiem, lai nov\u0113rstu instrumenta sl\u012bd\u0113\u0161anu kaptei\u0146a rok\u0101s, sp\u012bd\u012bga darba da\u013cas pul\u0113\u0161ana, izliekts asmens \u0113rtam darbam gr\u016bti sasniedzam\u0101s viet\u0101s, piem\u0113rots da\u017e\u0101d\u0101m manik\u012bra un pedik\u012bra tehnik\u0101m, augsta iztur\u012bba pret koroziju, piem\u0113rots ies\u0101c\u0113jiem un profesion\u0101\u013ciem\" \/>\n<meta property=\"og:url\" content=\"https:\/\/head-beauty.com\/lv\/produkts\/px-04-professional-kutikulas-stumejs-x-line-darba-dalas-izliekts-asmens-taisns-gals\/\" \/>\n<meta property=\"og:site_name\" content=\"Head Beauty\" \/>\n<meta property=\"og:image\" content=\"https:\/\/head-beauty.com\/wp-content\/uploads\/2024\/12\/PX-04-scaled.jpg\" \/>\n\t<meta property=\"og:image:width\" content=\"2560\" \/>\n\t<meta property=\"og:image:height\" content=\"2560\" \/>\n\t<meta property=\"og:image:type\" content=\"image\/jpeg\" \/>\n<meta name=\"twitter:card\" content=\"summary_large_image\" \/>\n<script type=\"application\/ld+json\" class=\"yoast-schema-graph\">{\"@context\":\"https:\/\/schema.org\",\"@graph\":[{\"@type\":\"WebPage\",\"@id\":\"https:\/\/head-beauty.com\/lv\/produkts\/px-04-professional-kutikulas-stumejs-x-line-darba-dalas-izliekts-asmens-taisns-gals\/\",\"url\":\"https:\/\/head-beauty.com\/lv\/produkts\/px-04-professional-kutikulas-stumejs-x-line-darba-dalas-izliekts-asmens-taisns-gals\/\",\"name\":\"PX-04 Professional kutikulas st\u016bm\u0113js X-line, Darba da\u013cas: izliekts asmens - taisns gals - Head Beauty\",\"isPartOf\":{\"@id\":\"https:\/\/head-beauty.com\/lv\/#website\"},\"primaryImageOfPage\":{\"@id\":\"https:\/\/head-beauty.com\/lv\/produkts\/px-04-professional-kutikulas-stumejs-x-line-darba-dalas-izliekts-asmens-taisns-gals\/#primaryimage\"},\"image\":{\"@id\":\"https:\/\/head-beauty.com\/lv\/produkts\/px-04-professional-kutikulas-stumejs-x-line-darba-dalas-izliekts-asmens-taisns-gals\/#primaryimage\"},\"thumbnailUrl\":\"https:\/\/head-beauty.com\/wp-content\/uploads\/2024\/12\/PX-04-scaled.jpg\",\"datePublished\":\"2024-12-02T12:09:15+00:00\",\"breadcrumb\":{\"@id\":\"https:\/\/head-beauty.com\/lv\/produkts\/px-04-professional-kutikulas-stumejs-x-line-darba-dalas-izliekts-asmens-taisns-gals\/#breadcrumb\"},\"inLanguage\":\"lv-LV\",\"potentialAction\":[{\"@type\":\"ReadAction\",\"target\":[\"https:\/\/head-beauty.com\/lv\/produkts\/px-04-professional-kutikulas-stumejs-x-line-darba-dalas-izliekts-asmens-taisns-gals\/\"]}]},{\"@type\":\"ImageObject\",\"inLanguage\":\"lv-LV\",\"@id\":\"https:\/\/head-beauty.com\/lv\/produkts\/px-04-professional-kutikulas-stumejs-x-line-darba-dalas-izliekts-asmens-taisns-gals\/#primaryimage\",\"url\":\"https:\/\/head-beauty.com\/wp-content\/uploads\/2024\/12\/PX-04-scaled.jpg\",\"contentUrl\":\"https:\/\/head-beauty.com\/wp-content\/uploads\/2024\/12\/PX-04-scaled.jpg\",\"width\":2560,\"height\":2560,\"caption\":\"\u0112rti rokturi ar griezumiem, lai nov\u0113rstu instrumenta sl\u012bd\u0113\u0161anu kaptei\u0146a rok\u0101s, sp\u012bd\u012bga darba da\u013cas pul\u0113\u0161ana, izliekts asmens \u0113rtam darbam gr\u016bti sasniedzam\u0101s viet\u0101s, piem\u0113rots da\u017e\u0101d\u0101m manik\u012bra un pedik\u012bra tehnik\u0101m, augsta iztur\u012bba pret koroziju, piem\u0113rots ies\u0101c\u0113jiem un profesion\u0101\u013ciem\"},{\"@type\":\"BreadcrumbList\",\"@id\":\"https:\/\/head-beauty.com\/lv\/produkts\/px-04-professional-kutikulas-stumejs-x-line-darba-dalas-izliekts-asmens-taisns-gals\/#breadcrumb\",\"itemListElement\":[{\"@type\":\"ListItem\",\"position\":1,\"name\":\"Home\",\"item\":\"https:\/\/head-beauty.com\/lv\/\"},{\"@type\":\"ListItem\",\"position\":2,\"name\":\"Veikals\",\"item\":\"https:\/\/head-beauty.com\/lv\/shop\/\"},{\"@type\":\"ListItem\",\"position\":3,\"name\":\"PX-04 Professional kutikulas st\u016bm\u0113js X-line, Darba da\u013cas: izliekts asmens &#8211; taisns gals\"}]},{\"@type\":\"WebSite\",\"@id\":\"https:\/\/head-beauty.com\/lv\/#website\",\"url\":\"https:\/\/head-beauty.com\/lv\/\",\"name\":\"Head - The Beauty Tools\",\"description\":\"\",\"publisher\":{\"@id\":\"https:\/\/head-beauty.com\/lv\/#organization\"},\"potentialAction\":[{\"@type\":\"SearchAction\",\"target\":{\"@type\":\"EntryPoint\",\"urlTemplate\":\"https:\/\/head-beauty.com\/lv\/?s={search_term_string}\"},\"query-input\":{\"@type\":\"PropertyValueSpecification\",\"valueRequired\":true,\"valueName\":\"search_term_string\"}}],\"inLanguage\":\"lv-LV\"},{\"@type\":\"Organization\",\"@id\":\"https:\/\/head-beauty.com\/lv\/#organization\",\"name\":\"Head - The Beauty Tools\",\"url\":\"https:\/\/head-beauty.com\/lv\/\",\"logo\":{\"@type\":\"ImageObject\",\"inLanguage\":\"lv-LV\",\"@id\":\"https:\/\/head-beauty.com\/lv\/#\/schema\/logo\/image\/\",\"url\":\"https:\/\/head-beauty.com\/wp-content\/uploads\/2024\/10\/head-beauty-logo.svg\",\"contentUrl\":\"https:\/\/head-beauty.com\/wp-content\/uploads\/2024\/10\/head-beauty-logo.svg\",\"width\":411.20999999999997953636921010911464691162109375,\"height\":200,\"caption\":\"Head - The Beauty Tools\"},\"image\":{\"@id\":\"https:\/\/head-beauty.com\/lv\/#\/schema\/logo\/image\/\"}}]}<\/script>\n<!-- \/ Yoast SEO plugin. -->","yoast_head_json":{"title":"PX-04 Professional kutikulas st\u016bm\u0113js X-line, Darba da\u013cas: izliekts asmens - taisns gals - Head Beauty","robots":{"index":"index","follow":"follow","max-snippet":"max-snippet:-1","max-image-preview":"max-image-preview:large","max-video-preview":"max-video-preview:-1"},"canonical":"https:\/\/head-beauty.com\/lv\/produkts\/px-04-professional-kutikulas-stumejs-x-line-darba-dalas-izliekts-asmens-taisns-gals\/","og_locale":"lv_LV","og_type":"article","og_title":"PX-04 Professional kutikulas st\u016bm\u0113js X-line, Darba da\u013cas: izliekts asmens - taisns gals - Head Beauty","og_description":"\u0112rti rokturi ar griezumiem, lai nov\u0113rstu instrumenta sl\u012bd\u0113\u0161anu kaptei\u0146a rok\u0101s, sp\u012bd\u012bga darba da\u013cas pul\u0113\u0161ana, izliekts asmens \u0113rtam darbam gr\u016bti sasniedzam\u0101s viet\u0101s, piem\u0113rots da\u017e\u0101d\u0101m manik\u012bra un pedik\u012bra tehnik\u0101m, augsta iztur\u012bba pret koroziju, piem\u0113rots ies\u0101c\u0113jiem un profesion\u0101\u013ciem","og_url":"https:\/\/head-beauty.com\/lv\/produkts\/px-04-professional-kutikulas-stumejs-x-line-darba-dalas-izliekts-asmens-taisns-gals\/","og_site_name":"Head Beauty","og_image":[{"width":2560,"height":2560,"url":"https:\/\/head-beauty.com\/wp-content\/uploads\/2024\/12\/PX-04-scaled.jpg","type":"image\/jpeg"}],"twitter_card":"summary_large_image","schema":{"@context":"https:\/\/schema.org","@graph":[{"@type":"WebPage","@id":"https:\/\/head-beauty.com\/lv\/produkts\/px-04-professional-kutikulas-stumejs-x-line-darba-dalas-izliekts-asmens-taisns-gals\/","url":"https:\/\/head-beauty.com\/lv\/produkts\/px-04-professional-kutikulas-stumejs-x-line-darba-dalas-izliekts-asmens-taisns-gals\/","name":"PX-04 Professional kutikulas st\u016bm\u0113js X-line, Darba da\u013cas: izliekts asmens - taisns gals - Head Beauty","isPartOf":{"@id":"https:\/\/head-beauty.com\/lv\/#website"},"primaryImageOfPage":{"@id":"https:\/\/head-beauty.com\/lv\/produkts\/px-04-professional-kutikulas-stumejs-x-line-darba-dalas-izliekts-asmens-taisns-gals\/#primaryimage"},"image":{"@id":"https:\/\/head-beauty.com\/lv\/produkts\/px-04-professional-kutikulas-stumejs-x-line-darba-dalas-izliekts-asmens-taisns-gals\/#primaryimage"},"thumbnailUrl":"https:\/\/head-beauty.com\/wp-content\/uploads\/2024\/12\/PX-04-scaled.jpg","datePublished":"2024-12-02T12:09:15+00:00","breadcrumb":{"@id":"https:\/\/head-beauty.com\/lv\/produkts\/px-04-professional-kutikulas-stumejs-x-line-darba-dalas-izliekts-asmens-taisns-gals\/#breadcrumb"},"inLanguage":"lv-LV","potentialAction":[{"@type":"ReadAction","target":["https:\/\/head-beauty.com\/lv\/produkts\/px-04-professional-kutikulas-stumejs-x-line-darba-dalas-izliekts-asmens-taisns-gals\/"]}]},{"@type":"ImageObject","inLanguage":"lv-LV","@id":"https:\/\/head-beauty.com\/lv\/produkts\/px-04-professional-kutikulas-stumejs-x-line-darba-dalas-izliekts-asmens-taisns-gals\/#primaryimage","url":"https:\/\/head-beauty.com\/wp-content\/uploads\/2024\/12\/PX-04-scaled.jpg","contentUrl":"https:\/\/head-beauty.com\/wp-content\/uploads\/2024\/12\/PX-04-scaled.jpg","width":2560,"height":2560,"caption":"\u0112rti rokturi ar griezumiem, lai nov\u0113rstu instrumenta sl\u012bd\u0113\u0161anu kaptei\u0146a rok\u0101s, sp\u012bd\u012bga darba da\u013cas pul\u0113\u0161ana, izliekts asmens \u0113rtam darbam gr\u016bti sasniedzam\u0101s viet\u0101s, piem\u0113rots da\u017e\u0101d\u0101m manik\u012bra un pedik\u012bra tehnik\u0101m, augsta iztur\u012bba pret koroziju, piem\u0113rots ies\u0101c\u0113jiem un profesion\u0101\u013ciem"},{"@type":"BreadcrumbList","@id":"https:\/\/head-beauty.com\/lv\/produkts\/px-04-professional-kutikulas-stumejs-x-line-darba-dalas-izliekts-asmens-taisns-gals\/#breadcrumb","itemListElement":[{"@type":"ListItem","position":1,"name":"Home","item":"https:\/\/head-beauty.com\/lv\/"},{"@type":"ListItem","position":2,"name":"Veikals","item":"https:\/\/head-beauty.com\/lv\/shop\/"},{"@type":"ListItem","position":3,"name":"PX-04 Professional kutikulas st\u016bm\u0113js X-line, Darba da\u013cas: izliekts asmens &#8211; taisns gals"}]},{"@type":"WebSite","@id":"https:\/\/head-beauty.com\/lv\/#website","url":"https:\/\/head-beauty.com\/lv\/","name":"Head - The Beauty Tools","description":"","publisher":{"@id":"https:\/\/head-beauty.com\/lv\/#organization"},"potentialAction":[{"@type":"SearchAction","target":{"@type":"EntryPoint","urlTemplate":"https:\/\/head-beauty.com\/lv\/?s={search_term_string}"},"query-input":{"@type":"PropertyValueSpecification","valueRequired":true,"valueName":"search_term_string"}}],"inLanguage":"lv-LV"},{"@type":"Organization","@id":"https:\/\/head-beauty.com\/lv\/#organization","name":"Head - The Beauty Tools","url":"https:\/\/head-beauty.com\/lv\/","logo":{"@type":"ImageObject","inLanguage":"lv-LV","@id":"https:\/\/head-beauty.com\/lv\/#\/schema\/logo\/image\/","url":"https:\/\/head-beauty.com\/wp-content\/uploads\/2024\/10\/head-beauty-logo.svg","contentUrl":"https:\/\/head-beauty.com\/wp-content\/uploads\/2024\/10\/head-beauty-logo.svg","width":411.20999999999997953636921010911464691162109375,"height":200,"caption":"Head - The Beauty Tools"},"image":{"@id":"https:\/\/head-beauty.com\/lv\/#\/schema\/logo\/image\/"}}]}},"_links":{"self":[{"href":"https:\/\/head-beauty.com\/lv\/wp-json\/wp\/v2\/product\/28243","targetHints":{"allow":["GET"]}}],"collection":[{"href":"https:\/\/head-beauty.com\/lv\/wp-json\/wp\/v2\/product"}],"about":[{"href":"https:\/\/head-beauty.com\/lv\/wp-json\/wp\/v2\/types\/product"}],"wp:featuredmedia":[{"embeddable":true,"href":"https:\/\/head-beauty.com\/lv\/wp-json\/wp\/v2\/media\/19455"}],"wp:attachment":[{"href":"https:\/\/head-beauty.com\/lv\/wp-json\/wp\/v2\/media?parent=28243"}],"wp:term":[{"taxonomy":"product_brand","embeddable":true,"href":"https:\/\/head-beauty.com\/lv\/wp-json\/wp\/v2\/product_brand?post=28243"},{"taxonomy":"product_cat","embeddable":true,"href":"https:\/\/head-beauty.com\/lv\/wp-json\/wp\/v2\/product_cat?post=28243"},{"taxonomy":"product_tag","embeddable":true,"href":"https:\/\/head-beauty.com\/lv\/wp-json\/wp\/v2\/product_tag?post=28243"}],"curies":[{"name":"wp","href":"https:\/\/api.w.org\/{rel}","templated":true}]}}