{"id":28736,"date":"2024-12-02T15:25:57","date_gmt":"2024-12-02T12:25:57","guid":{"rendered":"https:\/\/head-beauty.com\/product\/hbz-274bl-060-keramikas-bur-kukuruzas-zils-l-140-mm-o60-mm\/"},"modified":"2024-12-02T15:25:57","modified_gmt":"2024-12-02T12:25:57","slug":"hbz-274bl-060-keramikas-bur-kukuruzas-zils-l-140-mm-o60-mm","status":"publish","type":"product","link":"https:\/\/head-beauty.com\/lv\/produkts\/hbz-274bl-060-keramikas-bur-kukuruzas-zils-l-140-mm-o60-mm\/","title":{"rendered":"HBZ-274BL.060 Keramikas bur &#8220;kukur\u016bzas&#8221; zils, L-14,0 mm., \u00d86,0 mm"},"content":{"rendered":"<p>P\u0101rkl\u0101jumu no\u0146em\u0161anai (g\u0113ls, g\u0113la tr\u016bkums, poligels), standarta vid\u0113ja crutiate \u0161autene, karstumiztur\u012bga, ieteicama darbam ar alerg\u0113tiskiem l\u012bdzek\u013ciem<\/p>\n","protected":false},"excerpt":{"rendered":"<p>P\u0101rkl\u0101jumu no\u0146em\u0161anai (g\u0113ls, g\u0113la tr\u016bkums, poligels), standarta vid\u0113ja crutiate \u0161autene, karstumiztur\u012bga, ieteicama darbam ar alerg\u0113tiskiem l\u012bdzek\u013ciem<\/p>\n","protected":false},"featured_media":20137,"template":"","meta":{"_acf_changed":false},"product_brand":[],"product_cat":[828],"product_tag":[],"class_list":{"0":"post-28736","1":"product","2":"type-product","3":"status-publish","4":"has-post-thumbnail","6":"product_cat-keramikas-burs","8":"first","9":"instock","10":"taxable","11":"shipping-taxable","12":"purchasable","13":"product-type-simple"},"acf":[],"yoast_head":"<!-- This site is optimized with the Yoast SEO plugin v24.8.1 - https:\/\/yoast.com\/wordpress\/plugins\/seo\/ -->\n<title>HBZ-274BL.060 Keramikas bur &quot;kukur\u016bzas&quot; zils, L-14,0 mm., \u00d86,0 mm - Head Beauty<\/title>\n<meta name=\"robots\" content=\"index, follow, max-snippet:-1, max-image-preview:large, max-video-preview:-1\" \/>\n<link rel=\"canonical\" href=\"https:\/\/head-beauty.com\/lv\/produkts\/hbz-274bl-060-keramikas-bur-kukuruzas-zils-l-140-mm-o60-mm\/\" \/>\n<meta property=\"og:locale\" content=\"lv_LV\" \/>\n<meta property=\"og:type\" content=\"article\" \/>\n<meta property=\"og:title\" content=\"HBZ-274BL.060 Keramikas bur &quot;kukur\u016bzas&quot; zils, L-14,0 mm., \u00d86,0 mm - Head Beauty\" \/>\n<meta property=\"og:description\" content=\"P\u0101rkl\u0101jumu no\u0146em\u0161anai (g\u0113ls, g\u0113la tr\u016bkums, poligels), standarta vid\u0113ja crutiate \u0161autene, karstumiztur\u012bga, ieteicama darbam ar alerg\u0113tiskiem l\u012bdzek\u013ciem\" \/>\n<meta property=\"og:url\" content=\"https:\/\/head-beauty.com\/lv\/produkts\/hbz-274bl-060-keramikas-bur-kukuruzas-zils-l-140-mm-o60-mm\/\" \/>\n<meta property=\"og:site_name\" content=\"Head Beauty\" \/>\n<meta property=\"og:image\" content=\"https:\/\/head-beauty.com\/wp-content\/uploads\/2024\/12\/HBZ-274BL.060-scaled.jpg\" \/>\n\t<meta property=\"og:image:width\" content=\"2560\" \/>\n\t<meta property=\"og:image:height\" content=\"2560\" \/>\n\t<meta property=\"og:image:type\" content=\"image\/jpeg\" \/>\n<meta name=\"twitter:card\" content=\"summary_large_image\" \/>\n<script type=\"application\/ld+json\" class=\"yoast-schema-graph\">{\"@context\":\"https:\/\/schema.org\",\"@graph\":[{\"@type\":\"WebPage\",\"@id\":\"https:\/\/head-beauty.com\/lv\/produkts\/hbz-274bl-060-keramikas-bur-kukuruzas-zils-l-140-mm-o60-mm\/\",\"url\":\"https:\/\/head-beauty.com\/lv\/produkts\/hbz-274bl-060-keramikas-bur-kukuruzas-zils-l-140-mm-o60-mm\/\",\"name\":\"HBZ-274BL.060 Keramikas bur \\\"kukur\u016bzas\\\" zils, L-14,0 mm., \u00d86,0 mm - Head Beauty\",\"isPartOf\":{\"@id\":\"https:\/\/head-beauty.com\/lv\/#website\"},\"primaryImageOfPage\":{\"@id\":\"https:\/\/head-beauty.com\/lv\/produkts\/hbz-274bl-060-keramikas-bur-kukuruzas-zils-l-140-mm-o60-mm\/#primaryimage\"},\"image\":{\"@id\":\"https:\/\/head-beauty.com\/lv\/produkts\/hbz-274bl-060-keramikas-bur-kukuruzas-zils-l-140-mm-o60-mm\/#primaryimage\"},\"thumbnailUrl\":\"https:\/\/head-beauty.com\/wp-content\/uploads\/2024\/12\/HBZ-274BL.060-scaled.jpg\",\"datePublished\":\"2024-12-02T12:25:57+00:00\",\"breadcrumb\":{\"@id\":\"https:\/\/head-beauty.com\/lv\/produkts\/hbz-274bl-060-keramikas-bur-kukuruzas-zils-l-140-mm-o60-mm\/#breadcrumb\"},\"inLanguage\":\"lv-LV\",\"potentialAction\":[{\"@type\":\"ReadAction\",\"target\":[\"https:\/\/head-beauty.com\/lv\/produkts\/hbz-274bl-060-keramikas-bur-kukuruzas-zils-l-140-mm-o60-mm\/\"]}]},{\"@type\":\"ImageObject\",\"inLanguage\":\"lv-LV\",\"@id\":\"https:\/\/head-beauty.com\/lv\/produkts\/hbz-274bl-060-keramikas-bur-kukuruzas-zils-l-140-mm-o60-mm\/#primaryimage\",\"url\":\"https:\/\/head-beauty.com\/wp-content\/uploads\/2024\/12\/HBZ-274BL.060-scaled.jpg\",\"contentUrl\":\"https:\/\/head-beauty.com\/wp-content\/uploads\/2024\/12\/HBZ-274BL.060-scaled.jpg\",\"width\":2560,\"height\":2560,\"caption\":\"P\u0101rkl\u0101jumu no\u0146em\u0161anai (g\u0113ls, g\u0113la tr\u016bkums, poligels), standarta vid\u0113ja crutiate \u0161autene, karstumiztur\u012bga, ieteicama darbam ar alerg\u0113tiskiem l\u012bdzek\u013ciem\"},{\"@type\":\"BreadcrumbList\",\"@id\":\"https:\/\/head-beauty.com\/lv\/produkts\/hbz-274bl-060-keramikas-bur-kukuruzas-zils-l-140-mm-o60-mm\/#breadcrumb\",\"itemListElement\":[{\"@type\":\"ListItem\",\"position\":1,\"name\":\"Home\",\"item\":\"https:\/\/head-beauty.com\/lv\/\"},{\"@type\":\"ListItem\",\"position\":2,\"name\":\"Veikals\",\"item\":\"https:\/\/head-beauty.com\/lv\/shop\/\"},{\"@type\":\"ListItem\",\"position\":3,\"name\":\"HBZ-274BL.060 Keramikas bur &#8220;kukur\u016bzas&#8221; zils, L-14,0 mm., \u00d86,0 mm\"}]},{\"@type\":\"WebSite\",\"@id\":\"https:\/\/head-beauty.com\/lv\/#website\",\"url\":\"https:\/\/head-beauty.com\/lv\/\",\"name\":\"Head - The Beauty Tools\",\"description\":\"\",\"publisher\":{\"@id\":\"https:\/\/head-beauty.com\/lv\/#organization\"},\"potentialAction\":[{\"@type\":\"SearchAction\",\"target\":{\"@type\":\"EntryPoint\",\"urlTemplate\":\"https:\/\/head-beauty.com\/lv\/?s={search_term_string}\"},\"query-input\":{\"@type\":\"PropertyValueSpecification\",\"valueRequired\":true,\"valueName\":\"search_term_string\"}}],\"inLanguage\":\"lv-LV\"},{\"@type\":\"Organization\",\"@id\":\"https:\/\/head-beauty.com\/lv\/#organization\",\"name\":\"Head - The Beauty Tools\",\"url\":\"https:\/\/head-beauty.com\/lv\/\",\"logo\":{\"@type\":\"ImageObject\",\"inLanguage\":\"lv-LV\",\"@id\":\"https:\/\/head-beauty.com\/lv\/#\/schema\/logo\/image\/\",\"url\":\"https:\/\/head-beauty.com\/wp-content\/uploads\/2024\/10\/head-beauty-logo.svg\",\"contentUrl\":\"https:\/\/head-beauty.com\/wp-content\/uploads\/2024\/10\/head-beauty-logo.svg\",\"width\":411.20999999999997953636921010911464691162109375,\"height\":200,\"caption\":\"Head - The Beauty Tools\"},\"image\":{\"@id\":\"https:\/\/head-beauty.com\/lv\/#\/schema\/logo\/image\/\"}}]}<\/script>\n<!-- \/ Yoast SEO plugin. -->","yoast_head_json":{"title":"HBZ-274BL.060 Keramikas bur \"kukur\u016bzas\" zils, L-14,0 mm., \u00d86,0 mm - Head Beauty","robots":{"index":"index","follow":"follow","max-snippet":"max-snippet:-1","max-image-preview":"max-image-preview:large","max-video-preview":"max-video-preview:-1"},"canonical":"https:\/\/head-beauty.com\/lv\/produkts\/hbz-274bl-060-keramikas-bur-kukuruzas-zils-l-140-mm-o60-mm\/","og_locale":"lv_LV","og_type":"article","og_title":"HBZ-274BL.060 Keramikas bur \"kukur\u016bzas\" zils, L-14,0 mm., \u00d86,0 mm - Head Beauty","og_description":"P\u0101rkl\u0101jumu no\u0146em\u0161anai (g\u0113ls, g\u0113la tr\u016bkums, poligels), standarta vid\u0113ja crutiate \u0161autene, karstumiztur\u012bga, ieteicama darbam ar alerg\u0113tiskiem l\u012bdzek\u013ciem","og_url":"https:\/\/head-beauty.com\/lv\/produkts\/hbz-274bl-060-keramikas-bur-kukuruzas-zils-l-140-mm-o60-mm\/","og_site_name":"Head Beauty","og_image":[{"width":2560,"height":2560,"url":"https:\/\/head-beauty.com\/wp-content\/uploads\/2024\/12\/HBZ-274BL.060-scaled.jpg","type":"image\/jpeg"}],"twitter_card":"summary_large_image","schema":{"@context":"https:\/\/schema.org","@graph":[{"@type":"WebPage","@id":"https:\/\/head-beauty.com\/lv\/produkts\/hbz-274bl-060-keramikas-bur-kukuruzas-zils-l-140-mm-o60-mm\/","url":"https:\/\/head-beauty.com\/lv\/produkts\/hbz-274bl-060-keramikas-bur-kukuruzas-zils-l-140-mm-o60-mm\/","name":"HBZ-274BL.060 Keramikas bur \"kukur\u016bzas\" zils, L-14,0 mm., \u00d86,0 mm - Head Beauty","isPartOf":{"@id":"https:\/\/head-beauty.com\/lv\/#website"},"primaryImageOfPage":{"@id":"https:\/\/head-beauty.com\/lv\/produkts\/hbz-274bl-060-keramikas-bur-kukuruzas-zils-l-140-mm-o60-mm\/#primaryimage"},"image":{"@id":"https:\/\/head-beauty.com\/lv\/produkts\/hbz-274bl-060-keramikas-bur-kukuruzas-zils-l-140-mm-o60-mm\/#primaryimage"},"thumbnailUrl":"https:\/\/head-beauty.com\/wp-content\/uploads\/2024\/12\/HBZ-274BL.060-scaled.jpg","datePublished":"2024-12-02T12:25:57+00:00","breadcrumb":{"@id":"https:\/\/head-beauty.com\/lv\/produkts\/hbz-274bl-060-keramikas-bur-kukuruzas-zils-l-140-mm-o60-mm\/#breadcrumb"},"inLanguage":"lv-LV","potentialAction":[{"@type":"ReadAction","target":["https:\/\/head-beauty.com\/lv\/produkts\/hbz-274bl-060-keramikas-bur-kukuruzas-zils-l-140-mm-o60-mm\/"]}]},{"@type":"ImageObject","inLanguage":"lv-LV","@id":"https:\/\/head-beauty.com\/lv\/produkts\/hbz-274bl-060-keramikas-bur-kukuruzas-zils-l-140-mm-o60-mm\/#primaryimage","url":"https:\/\/head-beauty.com\/wp-content\/uploads\/2024\/12\/HBZ-274BL.060-scaled.jpg","contentUrl":"https:\/\/head-beauty.com\/wp-content\/uploads\/2024\/12\/HBZ-274BL.060-scaled.jpg","width":2560,"height":2560,"caption":"P\u0101rkl\u0101jumu no\u0146em\u0161anai (g\u0113ls, g\u0113la tr\u016bkums, poligels), standarta vid\u0113ja crutiate \u0161autene, karstumiztur\u012bga, ieteicama darbam ar alerg\u0113tiskiem l\u012bdzek\u013ciem"},{"@type":"BreadcrumbList","@id":"https:\/\/head-beauty.com\/lv\/produkts\/hbz-274bl-060-keramikas-bur-kukuruzas-zils-l-140-mm-o60-mm\/#breadcrumb","itemListElement":[{"@type":"ListItem","position":1,"name":"Home","item":"https:\/\/head-beauty.com\/lv\/"},{"@type":"ListItem","position":2,"name":"Veikals","item":"https:\/\/head-beauty.com\/lv\/shop\/"},{"@type":"ListItem","position":3,"name":"HBZ-274BL.060 Keramikas bur &#8220;kukur\u016bzas&#8221; zils, L-14,0 mm., \u00d86,0 mm"}]},{"@type":"WebSite","@id":"https:\/\/head-beauty.com\/lv\/#website","url":"https:\/\/head-beauty.com\/lv\/","name":"Head - The Beauty Tools","description":"","publisher":{"@id":"https:\/\/head-beauty.com\/lv\/#organization"},"potentialAction":[{"@type":"SearchAction","target":{"@type":"EntryPoint","urlTemplate":"https:\/\/head-beauty.com\/lv\/?s={search_term_string}"},"query-input":{"@type":"PropertyValueSpecification","valueRequired":true,"valueName":"search_term_string"}}],"inLanguage":"lv-LV"},{"@type":"Organization","@id":"https:\/\/head-beauty.com\/lv\/#organization","name":"Head - The Beauty Tools","url":"https:\/\/head-beauty.com\/lv\/","logo":{"@type":"ImageObject","inLanguage":"lv-LV","@id":"https:\/\/head-beauty.com\/lv\/#\/schema\/logo\/image\/","url":"https:\/\/head-beauty.com\/wp-content\/uploads\/2024\/10\/head-beauty-logo.svg","contentUrl":"https:\/\/head-beauty.com\/wp-content\/uploads\/2024\/10\/head-beauty-logo.svg","width":411.20999999999997953636921010911464691162109375,"height":200,"caption":"Head - The Beauty Tools"},"image":{"@id":"https:\/\/head-beauty.com\/lv\/#\/schema\/logo\/image\/"}}]}},"_links":{"self":[{"href":"https:\/\/head-beauty.com\/lv\/wp-json\/wp\/v2\/product\/28736","targetHints":{"allow":["GET"]}}],"collection":[{"href":"https:\/\/head-beauty.com\/lv\/wp-json\/wp\/v2\/product"}],"about":[{"href":"https:\/\/head-beauty.com\/lv\/wp-json\/wp\/v2\/types\/product"}],"wp:featuredmedia":[{"embeddable":true,"href":"https:\/\/head-beauty.com\/lv\/wp-json\/wp\/v2\/media\/20137"}],"wp:attachment":[{"href":"https:\/\/head-beauty.com\/lv\/wp-json\/wp\/v2\/media?parent=28736"}],"wp:term":[{"taxonomy":"product_brand","embeddable":true,"href":"https:\/\/head-beauty.com\/lv\/wp-json\/wp\/v2\/product_brand?post=28736"},{"taxonomy":"product_cat","embeddable":true,"href":"https:\/\/head-beauty.com\/lv\/wp-json\/wp\/v2\/product_cat?post=28736"},{"taxonomy":"product_tag","embeddable":true,"href":"https:\/\/head-beauty.com\/lv\/wp-json\/wp\/v2\/product_tag?post=28736"}],"curies":[{"name":"wp","href":"https:\/\/api.w.org\/{rel}","templated":true}]}}