{"id":28768,"date":"2024-12-02T15:06:27","date_gmt":"2024-12-02T12:06:27","guid":{"rendered":"https:\/\/head-beauty.com\/product\/sxl-3-21-profesionalas-kutikulas-skeres-x-line-3-asmeni-21-mm-kreisas-puses-lietotajiem\/"},"modified":"2024-12-02T15:06:27","modified_gmt":"2024-12-02T12:06:27","slug":"sxl-3-21-profesionalas-kutikulas-skeres-x-line-3-asmeni-21-mm-kreisas-puses-lietotajiem","status":"publish","type":"product","link":"https:\/\/head-beauty.com\/lv\/produkts\/sxl-3-21-profesionalas-kutikulas-skeres-x-line-3-asmeni-21-mm-kreisas-puses-lietotajiem\/","title":{"rendered":"SXL-3-21 Profesion\u0101l\u0101s kutikulas \u0161\u0137\u0113res X-line 3, asme\u0146i 21 mm, kreis\u0101s puses lietot\u0101jiem"},"content":{"rendered":"<p>Klasiskas formas \u0161\u0137\u0113res, kas piem\u0113rotas ies\u0101c\u0113jiem un profesion\u0101\u013ciem, \u0113rta p\u0101rvieto\u0161ana, optim\u0101la gredzena forma, mat\u0113ti rokturi, sp\u012bd\u012bgi pul\u0113ti rokturi, uzlabota virsmas veiktsp\u0113ja regul\u0101rai dezinfekcijai un steriliz\u0101cijai, roku asin\u0101\u0161ana, ilg\u0101ks darba periods, augsta ergonomika<\/p>\n","protected":false},"excerpt":{"rendered":"<p>Klasiskas formas \u0161\u0137\u0113res, kas piem\u0113rotas ies\u0101c\u0113jiem un profesion\u0101\u013ciem, \u0113rta p\u0101rvieto\u0161ana, optim\u0101la gredzena forma, mat\u0113ti rokturi, sp\u012bd\u012bgi pul\u0113ti rokturi, uzlabota virsmas veiktsp\u0113ja regul\u0101rai dezinfekcijai un steriliz\u0101cijai, roku asin\u0101\u0161ana, ilg\u0101ks darba periods, augsta ergonomika<\/p>\n","protected":false},"featured_media":19378,"template":"","meta":{"_acf_changed":false},"product_brand":[],"product_cat":[350],"product_tag":[405],"class_list":{"0":"post-28768","1":"product","2":"type-product","3":"status-publish","4":"has-post-thumbnail","6":"product_cat-skeres","7":"product_tag-skeres-x-line","9":"first","10":"instock","11":"taxable","12":"shipping-taxable","13":"purchasable","14":"product-type-simple"},"acf":[],"yoast_head":"<!-- This site is optimized with the Yoast SEO plugin v24.8.1 - https:\/\/yoast.com\/wordpress\/plugins\/seo\/ -->\n<title>SXL-3-21 Profesion\u0101l\u0101s kutikulas \u0161\u0137\u0113res X-line 3, asme\u0146i 21 mm, kreis\u0101s puses lietot\u0101jiem - Head Beauty<\/title>\n<meta name=\"robots\" content=\"index, follow, max-snippet:-1, max-image-preview:large, max-video-preview:-1\" \/>\n<link rel=\"canonical\" href=\"https:\/\/head-beauty.com\/lv\/produkts\/sxl-3-21-profesionalas-kutikulas-skeres-x-line-3-asmeni-21-mm-kreisas-puses-lietotajiem\/\" \/>\n<meta property=\"og:locale\" content=\"lv_LV\" \/>\n<meta property=\"og:type\" content=\"article\" \/>\n<meta property=\"og:title\" content=\"SXL-3-21 Profesion\u0101l\u0101s kutikulas \u0161\u0137\u0113res X-line 3, asme\u0146i 21 mm, kreis\u0101s puses lietot\u0101jiem - Head Beauty\" \/>\n<meta property=\"og:description\" content=\"Klasiskas formas \u0161\u0137\u0113res, kas piem\u0113rotas ies\u0101c\u0113jiem un profesion\u0101\u013ciem, \u0113rta p\u0101rvieto\u0161ana, optim\u0101la gredzena forma, mat\u0113ti rokturi, sp\u012bd\u012bgi pul\u0113ti rokturi, uzlabota virsmas veiktsp\u0113ja regul\u0101rai dezinfekcijai un steriliz\u0101cijai, roku asin\u0101\u0161ana, ilg\u0101ks darba periods, augsta ergonomika\" \/>\n<meta property=\"og:url\" content=\"https:\/\/head-beauty.com\/lv\/produkts\/sxl-3-21-profesionalas-kutikulas-skeres-x-line-3-asmeni-21-mm-kreisas-puses-lietotajiem\/\" \/>\n<meta property=\"og:site_name\" content=\"Head Beauty\" \/>\n<meta property=\"og:image\" content=\"https:\/\/head-beauty.com\/wp-content\/uploads\/2024\/12\/SXL-3-21-scaled.jpg\" \/>\n\t<meta property=\"og:image:width\" content=\"2560\" \/>\n\t<meta property=\"og:image:height\" content=\"2560\" \/>\n\t<meta property=\"og:image:type\" content=\"image\/jpeg\" \/>\n<meta name=\"twitter:card\" content=\"summary_large_image\" \/>\n<script type=\"application\/ld+json\" class=\"yoast-schema-graph\">{\"@context\":\"https:\/\/schema.org\",\"@graph\":[{\"@type\":\"WebPage\",\"@id\":\"https:\/\/head-beauty.com\/lv\/produkts\/sxl-3-21-profesionalas-kutikulas-skeres-x-line-3-asmeni-21-mm-kreisas-puses-lietotajiem\/\",\"url\":\"https:\/\/head-beauty.com\/lv\/produkts\/sxl-3-21-profesionalas-kutikulas-skeres-x-line-3-asmeni-21-mm-kreisas-puses-lietotajiem\/\",\"name\":\"SXL-3-21 Profesion\u0101l\u0101s kutikulas \u0161\u0137\u0113res X-line 3, asme\u0146i 21 mm, kreis\u0101s puses lietot\u0101jiem - Head Beauty\",\"isPartOf\":{\"@id\":\"https:\/\/head-beauty.com\/lv\/#website\"},\"primaryImageOfPage\":{\"@id\":\"https:\/\/head-beauty.com\/lv\/produkts\/sxl-3-21-profesionalas-kutikulas-skeres-x-line-3-asmeni-21-mm-kreisas-puses-lietotajiem\/#primaryimage\"},\"image\":{\"@id\":\"https:\/\/head-beauty.com\/lv\/produkts\/sxl-3-21-profesionalas-kutikulas-skeres-x-line-3-asmeni-21-mm-kreisas-puses-lietotajiem\/#primaryimage\"},\"thumbnailUrl\":\"https:\/\/head-beauty.com\/wp-content\/uploads\/2024\/12\/SXL-3-21-scaled.jpg\",\"datePublished\":\"2024-12-02T12:06:27+00:00\",\"breadcrumb\":{\"@id\":\"https:\/\/head-beauty.com\/lv\/produkts\/sxl-3-21-profesionalas-kutikulas-skeres-x-line-3-asmeni-21-mm-kreisas-puses-lietotajiem\/#breadcrumb\"},\"inLanguage\":\"lv-LV\",\"potentialAction\":[{\"@type\":\"ReadAction\",\"target\":[\"https:\/\/head-beauty.com\/lv\/produkts\/sxl-3-21-profesionalas-kutikulas-skeres-x-line-3-asmeni-21-mm-kreisas-puses-lietotajiem\/\"]}]},{\"@type\":\"ImageObject\",\"inLanguage\":\"lv-LV\",\"@id\":\"https:\/\/head-beauty.com\/lv\/produkts\/sxl-3-21-profesionalas-kutikulas-skeres-x-line-3-asmeni-21-mm-kreisas-puses-lietotajiem\/#primaryimage\",\"url\":\"https:\/\/head-beauty.com\/wp-content\/uploads\/2024\/12\/SXL-3-21-scaled.jpg\",\"contentUrl\":\"https:\/\/head-beauty.com\/wp-content\/uploads\/2024\/12\/SXL-3-21-scaled.jpg\",\"width\":2560,\"height\":2560,\"caption\":\"Klasiskas formas \u0161\u0137\u0113res, kas piem\u0113rotas ies\u0101c\u0113jiem un profesion\u0101\u013ciem, \u0113rta p\u0101rvieto\u0161ana, optim\u0101la gredzena forma, mat\u0113ti rokturi, sp\u012bd\u012bgi pul\u0113ti rokturi, uzlabota virsmas veiktsp\u0113ja regul\u0101rai dezinfekcijai un steriliz\u0101cijai, roku asin\u0101\u0161ana, ilg\u0101ks darba periods, augsta ergonomika\"},{\"@type\":\"BreadcrumbList\",\"@id\":\"https:\/\/head-beauty.com\/lv\/produkts\/sxl-3-21-profesionalas-kutikulas-skeres-x-line-3-asmeni-21-mm-kreisas-puses-lietotajiem\/#breadcrumb\",\"itemListElement\":[{\"@type\":\"ListItem\",\"position\":1,\"name\":\"Home\",\"item\":\"https:\/\/head-beauty.com\/lv\/\"},{\"@type\":\"ListItem\",\"position\":2,\"name\":\"Veikals\",\"item\":\"https:\/\/head-beauty.com\/lv\/shop\/\"},{\"@type\":\"ListItem\",\"position\":3,\"name\":\"SXL-3-21 Profesion\u0101l\u0101s kutikulas \u0161\u0137\u0113res X-line 3, asme\u0146i 21 mm, kreis\u0101s puses lietot\u0101jiem\"}]},{\"@type\":\"WebSite\",\"@id\":\"https:\/\/head-beauty.com\/lv\/#website\",\"url\":\"https:\/\/head-beauty.com\/lv\/\",\"name\":\"Head - The Beauty Tools\",\"description\":\"\",\"publisher\":{\"@id\":\"https:\/\/head-beauty.com\/lv\/#organization\"},\"potentialAction\":[{\"@type\":\"SearchAction\",\"target\":{\"@type\":\"EntryPoint\",\"urlTemplate\":\"https:\/\/head-beauty.com\/lv\/?s={search_term_string}\"},\"query-input\":{\"@type\":\"PropertyValueSpecification\",\"valueRequired\":true,\"valueName\":\"search_term_string\"}}],\"inLanguage\":\"lv-LV\"},{\"@type\":\"Organization\",\"@id\":\"https:\/\/head-beauty.com\/lv\/#organization\",\"name\":\"Head - The Beauty Tools\",\"url\":\"https:\/\/head-beauty.com\/lv\/\",\"logo\":{\"@type\":\"ImageObject\",\"inLanguage\":\"lv-LV\",\"@id\":\"https:\/\/head-beauty.com\/lv\/#\/schema\/logo\/image\/\",\"url\":\"https:\/\/head-beauty.com\/wp-content\/uploads\/2024\/10\/head-beauty-logo.svg\",\"contentUrl\":\"https:\/\/head-beauty.com\/wp-content\/uploads\/2024\/10\/head-beauty-logo.svg\",\"width\":411.20999999999997953636921010911464691162109375,\"height\":200,\"caption\":\"Head - The Beauty Tools\"},\"image\":{\"@id\":\"https:\/\/head-beauty.com\/lv\/#\/schema\/logo\/image\/\"}}]}<\/script>\n<!-- \/ Yoast SEO plugin. -->","yoast_head_json":{"title":"SXL-3-21 Profesion\u0101l\u0101s kutikulas \u0161\u0137\u0113res X-line 3, asme\u0146i 21 mm, kreis\u0101s puses lietot\u0101jiem - Head Beauty","robots":{"index":"index","follow":"follow","max-snippet":"max-snippet:-1","max-image-preview":"max-image-preview:large","max-video-preview":"max-video-preview:-1"},"canonical":"https:\/\/head-beauty.com\/lv\/produkts\/sxl-3-21-profesionalas-kutikulas-skeres-x-line-3-asmeni-21-mm-kreisas-puses-lietotajiem\/","og_locale":"lv_LV","og_type":"article","og_title":"SXL-3-21 Profesion\u0101l\u0101s kutikulas \u0161\u0137\u0113res X-line 3, asme\u0146i 21 mm, kreis\u0101s puses lietot\u0101jiem - Head Beauty","og_description":"Klasiskas formas \u0161\u0137\u0113res, kas piem\u0113rotas ies\u0101c\u0113jiem un profesion\u0101\u013ciem, \u0113rta p\u0101rvieto\u0161ana, optim\u0101la gredzena forma, mat\u0113ti rokturi, sp\u012bd\u012bgi pul\u0113ti rokturi, uzlabota virsmas veiktsp\u0113ja regul\u0101rai dezinfekcijai un steriliz\u0101cijai, roku asin\u0101\u0161ana, ilg\u0101ks darba periods, augsta ergonomika","og_url":"https:\/\/head-beauty.com\/lv\/produkts\/sxl-3-21-profesionalas-kutikulas-skeres-x-line-3-asmeni-21-mm-kreisas-puses-lietotajiem\/","og_site_name":"Head Beauty","og_image":[{"width":2560,"height":2560,"url":"https:\/\/head-beauty.com\/wp-content\/uploads\/2024\/12\/SXL-3-21-scaled.jpg","type":"image\/jpeg"}],"twitter_card":"summary_large_image","schema":{"@context":"https:\/\/schema.org","@graph":[{"@type":"WebPage","@id":"https:\/\/head-beauty.com\/lv\/produkts\/sxl-3-21-profesionalas-kutikulas-skeres-x-line-3-asmeni-21-mm-kreisas-puses-lietotajiem\/","url":"https:\/\/head-beauty.com\/lv\/produkts\/sxl-3-21-profesionalas-kutikulas-skeres-x-line-3-asmeni-21-mm-kreisas-puses-lietotajiem\/","name":"SXL-3-21 Profesion\u0101l\u0101s kutikulas \u0161\u0137\u0113res X-line 3, asme\u0146i 21 mm, kreis\u0101s puses lietot\u0101jiem - Head Beauty","isPartOf":{"@id":"https:\/\/head-beauty.com\/lv\/#website"},"primaryImageOfPage":{"@id":"https:\/\/head-beauty.com\/lv\/produkts\/sxl-3-21-profesionalas-kutikulas-skeres-x-line-3-asmeni-21-mm-kreisas-puses-lietotajiem\/#primaryimage"},"image":{"@id":"https:\/\/head-beauty.com\/lv\/produkts\/sxl-3-21-profesionalas-kutikulas-skeres-x-line-3-asmeni-21-mm-kreisas-puses-lietotajiem\/#primaryimage"},"thumbnailUrl":"https:\/\/head-beauty.com\/wp-content\/uploads\/2024\/12\/SXL-3-21-scaled.jpg","datePublished":"2024-12-02T12:06:27+00:00","breadcrumb":{"@id":"https:\/\/head-beauty.com\/lv\/produkts\/sxl-3-21-profesionalas-kutikulas-skeres-x-line-3-asmeni-21-mm-kreisas-puses-lietotajiem\/#breadcrumb"},"inLanguage":"lv-LV","potentialAction":[{"@type":"ReadAction","target":["https:\/\/head-beauty.com\/lv\/produkts\/sxl-3-21-profesionalas-kutikulas-skeres-x-line-3-asmeni-21-mm-kreisas-puses-lietotajiem\/"]}]},{"@type":"ImageObject","inLanguage":"lv-LV","@id":"https:\/\/head-beauty.com\/lv\/produkts\/sxl-3-21-profesionalas-kutikulas-skeres-x-line-3-asmeni-21-mm-kreisas-puses-lietotajiem\/#primaryimage","url":"https:\/\/head-beauty.com\/wp-content\/uploads\/2024\/12\/SXL-3-21-scaled.jpg","contentUrl":"https:\/\/head-beauty.com\/wp-content\/uploads\/2024\/12\/SXL-3-21-scaled.jpg","width":2560,"height":2560,"caption":"Klasiskas formas \u0161\u0137\u0113res, kas piem\u0113rotas ies\u0101c\u0113jiem un profesion\u0101\u013ciem, \u0113rta p\u0101rvieto\u0161ana, optim\u0101la gredzena forma, mat\u0113ti rokturi, sp\u012bd\u012bgi pul\u0113ti rokturi, uzlabota virsmas veiktsp\u0113ja regul\u0101rai dezinfekcijai un steriliz\u0101cijai, roku asin\u0101\u0161ana, ilg\u0101ks darba periods, augsta ergonomika"},{"@type":"BreadcrumbList","@id":"https:\/\/head-beauty.com\/lv\/produkts\/sxl-3-21-profesionalas-kutikulas-skeres-x-line-3-asmeni-21-mm-kreisas-puses-lietotajiem\/#breadcrumb","itemListElement":[{"@type":"ListItem","position":1,"name":"Home","item":"https:\/\/head-beauty.com\/lv\/"},{"@type":"ListItem","position":2,"name":"Veikals","item":"https:\/\/head-beauty.com\/lv\/shop\/"},{"@type":"ListItem","position":3,"name":"SXL-3-21 Profesion\u0101l\u0101s kutikulas \u0161\u0137\u0113res X-line 3, asme\u0146i 21 mm, kreis\u0101s puses lietot\u0101jiem"}]},{"@type":"WebSite","@id":"https:\/\/head-beauty.com\/lv\/#website","url":"https:\/\/head-beauty.com\/lv\/","name":"Head - The Beauty Tools","description":"","publisher":{"@id":"https:\/\/head-beauty.com\/lv\/#organization"},"potentialAction":[{"@type":"SearchAction","target":{"@type":"EntryPoint","urlTemplate":"https:\/\/head-beauty.com\/lv\/?s={search_term_string}"},"query-input":{"@type":"PropertyValueSpecification","valueRequired":true,"valueName":"search_term_string"}}],"inLanguage":"lv-LV"},{"@type":"Organization","@id":"https:\/\/head-beauty.com\/lv\/#organization","name":"Head - The Beauty Tools","url":"https:\/\/head-beauty.com\/lv\/","logo":{"@type":"ImageObject","inLanguage":"lv-LV","@id":"https:\/\/head-beauty.com\/lv\/#\/schema\/logo\/image\/","url":"https:\/\/head-beauty.com\/wp-content\/uploads\/2024\/10\/head-beauty-logo.svg","contentUrl":"https:\/\/head-beauty.com\/wp-content\/uploads\/2024\/10\/head-beauty-logo.svg","width":411.20999999999997953636921010911464691162109375,"height":200,"caption":"Head - The Beauty Tools"},"image":{"@id":"https:\/\/head-beauty.com\/lv\/#\/schema\/logo\/image\/"}}]}},"_links":{"self":[{"href":"https:\/\/head-beauty.com\/lv\/wp-json\/wp\/v2\/product\/28768","targetHints":{"allow":["GET"]}}],"collection":[{"href":"https:\/\/head-beauty.com\/lv\/wp-json\/wp\/v2\/product"}],"about":[{"href":"https:\/\/head-beauty.com\/lv\/wp-json\/wp\/v2\/types\/product"}],"wp:featuredmedia":[{"embeddable":true,"href":"https:\/\/head-beauty.com\/lv\/wp-json\/wp\/v2\/media\/19378"}],"wp:attachment":[{"href":"https:\/\/head-beauty.com\/lv\/wp-json\/wp\/v2\/media?parent=28768"}],"wp:term":[{"taxonomy":"product_brand","embeddable":true,"href":"https:\/\/head-beauty.com\/lv\/wp-json\/wp\/v2\/product_brand?post=28768"},{"taxonomy":"product_cat","embeddable":true,"href":"https:\/\/head-beauty.com\/lv\/wp-json\/wp\/v2\/product_cat?post=28768"},{"taxonomy":"product_tag","embeddable":true,"href":"https:\/\/head-beauty.com\/lv\/wp-json\/wp\/v2\/product_tag?post=28768"}],"curies":[{"name":"wp","href":"https:\/\/api.w.org\/{rel}","templated":true}]}}