{"id":29866,"date":"2025-03-26T17:43:47","date_gmt":"2025-03-26T14:43:47","guid":{"rendered":"https:\/\/head-beauty.com\/polityka-wysylkowa\/"},"modified":"2025-04-10T09:35:58","modified_gmt":"2025-04-10T06:35:58","slug":"polityka-wysylkowa","status":"publish","type":"page","link":"https:\/\/head-beauty.com\/pl\/polityka-wysylkowa\/","title":{"rendered":"Polityka wysy\u0142kowa"},"content":{"rendered":"<p><strong>Realizacja zam\u00f3wienia:<\/strong><\/p><p>Staramy si\u0119 realizowa\u0107 wszystkie zam\u00f3wienia w ci\u0105gu <strong>1-3<\/strong> dni roboczych.<\/p><p>Nale\u017cy pami\u0119ta\u0107, \u017ce niekt\u00f3re czynniki mog\u0105 mie\u0107 wp\u0142yw na czas przetwarzania, takie jak niekompletna p\u0142atno\u015b\u0107, niewystarczaj\u0105ce informacje adresowe lub wysoki popyt w niekt\u00f3rych porach roku. W takich przypadkach skontaktujemy si\u0119 z klientami za po\u015brednictwem poczty elektronicznej przed przyst\u0105pieniem do realizacji zam\u00f3wienia, aby zapewni\u0107 pomy\u015bln\u0105 dostaw\u0119. <\/p><p><strong>Czas wysy\u0142ki:<\/strong><\/p><p>Nasz czas wysy\u0142ki wynosi zazwyczaj <strong>3-4<\/strong> dni robocze w przypadku Stan\u00f3w Zjednoczonych i <strong><span style=\"margin: 0px;padding: 0px\">1-7<\/span><\/strong> dni roboczych w krajach UE.<\/p><p>Istnieje kilka czynnik\u00f3w wp\u0142ywaj\u0105cych na wysy\u0142k\u0119, na kt\u00f3re nie mamy wp\u0142ywu, w tym:<\/p><p>&#8211; Warunki pogodowe<\/p><p>&#8211; Okresy \u015bwi\u0105teczne<\/p><p>&#8211; B\u0142\u0119dy pope\u0142nione przez firm\u0119 spedycyjn\u0105<\/p><p>Pomimo naszej ograniczonej kontroli nad tymi zmiennymi, do\u0142o\u017cymy wszelkich stara\u0144, aby informowa\u0107 Pa\u0144stwa na bie\u017c\u0105co, korzystaj\u0105c ze wszystkich dost\u0119pnych informacji, kt\u00f3rymi dysponujemy.<\/p><p><strong>Podatki i c\u0142a:<\/strong><\/p><p>Nale\u017cy pami\u0119ta\u0107, \u017ce z\u0142o\u017cenie zam\u00f3wienia u nas nie obejmuje \u017cadnych potencjalnych podatk\u00f3w celnych ani ce\u0142, kt\u00f3re Tw\u00f3j kraj mo\u017ce na\u0142o\u017cy\u0107 na przychodz\u0105ce paczki. Twoim obowi\u0105zkiem jest zaj\u0119cie si\u0119 tymi op\u0142atami. Je\u015bli potrzebujesz wyja\u015bnie\u0144 na temat stawek, skontaktuj si\u0119 z urz\u0119dem celnym w swoim kraju.  <\/p><p>Wa\u017cne: Head-Beauty nie ponosi odpowiedzialno\u015bci za jakiekolwiek op\u00f3\u017anienia spowodowane procesem odprawy celnej w kraju docelowym. Czas wydania paczki zale\u017cy wy\u0142\u0105cznie od organ\u00f3w celnych, a my nie mamy kontroli w tej kwestii. <\/p><p><strong>Anulowanie zam\u00f3wienia:<\/strong><\/p><p>Je\u015bli chcesz anulowa\u0107 zam\u00f3wienie po dokonaniu p\u0142atno\u015bci, skontaktuj si\u0119 z nami, a my postaramy si\u0119 Ci pom\u00f3c. Nie mo\u017cemy jednak zagwarantowa\u0107 anulowania ze wzgl\u0119du na szybkie przekazywanie zam\u00f3wie\u0144 do magazynu. Je\u015bli przetwarzanie lub wysy\u0142ka ju\u017c si\u0119 odby\u0142y, niestety nie jeste\u015bmy w stanie anulowa\u0107 zam\u00f3wienia, co wymaga zainicjowania zwrotu produktu.  <\/p>","protected":false},"excerpt":{"rendered":"<p>Realizacja zam\u00f3wienia: Staramy si\u0119 realizowa\u0107 wszystkie zam\u00f3wienia w ci\u0105gu 1-3 dni roboczych. Nale\u017cy pami\u0119ta\u0107, \u017ce niekt\u00f3re czynniki mog\u0105 mie\u0107 wp\u0142yw na czas przetwarzania, takie jak niekompletna p\u0142atno\u015b\u0107, niewystarczaj\u0105ce informacje adresowe lub wysoki popyt w niekt\u00f3rych porach roku. W takich przypadkach skontaktujemy si\u0119 z klientami za po\u015brednictwem poczty elektronicznej przed przyst\u0105pieniem do realizacji zam\u00f3wienia, aby zapewni\u0107 pomy\u015bln\u0105 dostaw\u0119. Czas wysy\u0142ki: Nasz\u2026<\/p>\n","protected":false},"author":1,"featured_media":0,"parent":0,"menu_order":0,"comment_status":"closed","ping_status":"closed","template":"","meta":{"_acf_changed":false,"footnotes":""},"class_list":["post-29866","page","type-page","status-publish","hentry"],"acf":[],"yoast_head":"<!-- This site is optimized with the Yoast SEO plugin v24.8.1 - https:\/\/yoast.com\/wordpress\/plugins\/seo\/ -->\n<title>Polityka wysy\u0142kowa - Head Beauty<\/title>\n<meta name=\"robots\" content=\"index, follow, max-snippet:-1, max-image-preview:large, max-video-preview:-1\" \/>\n<link rel=\"canonical\" href=\"https:\/\/head-beauty.com\/pl\/polityka-wysylkowa\/\" \/>\n<meta property=\"og:locale\" content=\"pl_PL\" \/>\n<meta property=\"og:type\" content=\"article\" \/>\n<meta property=\"og:title\" content=\"Polityka wysy\u0142kowa - Head Beauty\" \/>\n<meta property=\"og:description\" content=\"Realizacja zam\u00f3wienia: Staramy si\u0119 realizowa\u0107 wszystkie zam\u00f3wienia w ci\u0105gu 1-3 dni roboczych. Nale\u017cy pami\u0119ta\u0107, \u017ce niekt\u00f3re czynniki mog\u0105 mie\u0107 wp\u0142yw na czas przetwarzania, takie jak niekompletna p\u0142atno\u015b\u0107, niewystarczaj\u0105ce informacje adresowe lub wysoki popyt w niekt\u00f3rych porach roku. W takich przypadkach skontaktujemy si\u0119 z klientami za po\u015brednictwem poczty elektronicznej przed przyst\u0105pieniem do realizacji zam\u00f3wienia, aby zapewni\u0107 pomy\u015bln\u0105 dostaw\u0119. Czas wysy\u0142ki: Nasz\u2026\" \/>\n<meta property=\"og:url\" content=\"https:\/\/head-beauty.com\/pl\/polityka-wysylkowa\/\" \/>\n<meta property=\"og:site_name\" content=\"Head Beauty\" \/>\n<meta property=\"article:modified_time\" content=\"2025-04-10T06:35:58+00:00\" \/>\n<meta property=\"og:image\" content=\"https:\/\/head-beauty.com\/wp-content\/uploads\/2025\/04\/panorama-001-scaled-1.png\" \/>\n\t<meta property=\"og:image:width\" content=\"1240\" \/>\n\t<meta property=\"og:image:height\" content=\"930\" \/>\n\t<meta property=\"og:image:type\" content=\"image\/png\" \/>\n<meta name=\"twitter:card\" content=\"summary_large_image\" \/>\n<meta name=\"twitter:label1\" content=\"Szacowany czas czytania\" \/>\n\t<meta name=\"twitter:data1\" content=\"2 minuty\" \/>\n<script type=\"application\/ld+json\" class=\"yoast-schema-graph\">{\"@context\":\"https:\/\/schema.org\",\"@graph\":[{\"@type\":\"WebPage\",\"@id\":\"https:\/\/head-beauty.com\/pl\/polityka-wysylkowa\/\",\"url\":\"https:\/\/head-beauty.com\/pl\/polityka-wysylkowa\/\",\"name\":\"Polityka wysy\u0142kowa - Head Beauty\",\"isPartOf\":{\"@id\":\"https:\/\/head-beauty.com\/pl\/#website\"},\"datePublished\":\"2025-03-26T14:43:47+00:00\",\"dateModified\":\"2025-04-10T06:35:58+00:00\",\"breadcrumb\":{\"@id\":\"https:\/\/head-beauty.com\/pl\/polityka-wysylkowa\/#breadcrumb\"},\"inLanguage\":\"pl-PL\",\"potentialAction\":[{\"@type\":\"ReadAction\",\"target\":[\"https:\/\/head-beauty.com\/pl\/polityka-wysylkowa\/\"]}]},{\"@type\":\"BreadcrumbList\",\"@id\":\"https:\/\/head-beauty.com\/pl\/polityka-wysylkowa\/#breadcrumb\",\"itemListElement\":[{\"@type\":\"ListItem\",\"position\":1,\"name\":\"Home\",\"item\":\"https:\/\/head-beauty.com\/pl\/\"},{\"@type\":\"ListItem\",\"position\":2,\"name\":\"Polityka wysy\u0142kowa\"}]},{\"@type\":\"WebSite\",\"@id\":\"https:\/\/head-beauty.com\/pl\/#website\",\"url\":\"https:\/\/head-beauty.com\/pl\/\",\"name\":\"Head - The Beauty Tools\",\"description\":\"\",\"publisher\":{\"@id\":\"https:\/\/head-beauty.com\/pl\/#organization\"},\"potentialAction\":[{\"@type\":\"SearchAction\",\"target\":{\"@type\":\"EntryPoint\",\"urlTemplate\":\"https:\/\/head-beauty.com\/pl\/?s={search_term_string}\"},\"query-input\":{\"@type\":\"PropertyValueSpecification\",\"valueRequired\":true,\"valueName\":\"search_term_string\"}}],\"inLanguage\":\"pl-PL\"},{\"@type\":\"Organization\",\"@id\":\"https:\/\/head-beauty.com\/pl\/#organization\",\"name\":\"Head - The Beauty Tools\",\"url\":\"https:\/\/head-beauty.com\/pl\/\",\"logo\":{\"@type\":\"ImageObject\",\"inLanguage\":\"pl-PL\",\"@id\":\"https:\/\/head-beauty.com\/pl\/#\/schema\/logo\/image\/\",\"url\":\"https:\/\/head-beauty.com\/wp-content\/uploads\/2024\/10\/head-beauty-logo.svg\",\"contentUrl\":\"https:\/\/head-beauty.com\/wp-content\/uploads\/2024\/10\/head-beauty-logo.svg\",\"width\":411.20999999999997953636921010911464691162109375,\"height\":200,\"caption\":\"Head - The Beauty Tools\"},\"image\":{\"@id\":\"https:\/\/head-beauty.com\/pl\/#\/schema\/logo\/image\/\"}}]}<\/script>\n<!-- \/ Yoast SEO plugin. -->","yoast_head_json":{"title":"Polityka wysy\u0142kowa - Head Beauty","robots":{"index":"index","follow":"follow","max-snippet":"max-snippet:-1","max-image-preview":"max-image-preview:large","max-video-preview":"max-video-preview:-1"},"canonical":"https:\/\/head-beauty.com\/pl\/polityka-wysylkowa\/","og_locale":"pl_PL","og_type":"article","og_title":"Polityka wysy\u0142kowa - Head Beauty","og_description":"Realizacja zam\u00f3wienia: Staramy si\u0119 realizowa\u0107 wszystkie zam\u00f3wienia w ci\u0105gu 1-3 dni roboczych. Nale\u017cy pami\u0119ta\u0107, \u017ce niekt\u00f3re czynniki mog\u0105 mie\u0107 wp\u0142yw na czas przetwarzania, takie jak niekompletna p\u0142atno\u015b\u0107, niewystarczaj\u0105ce informacje adresowe lub wysoki popyt w niekt\u00f3rych porach roku. W takich przypadkach skontaktujemy si\u0119 z klientami za po\u015brednictwem poczty elektronicznej przed przyst\u0105pieniem do realizacji zam\u00f3wienia, aby zapewni\u0107 pomy\u015bln\u0105 dostaw\u0119. Czas wysy\u0142ki: Nasz\u2026","og_url":"https:\/\/head-beauty.com\/pl\/polityka-wysylkowa\/","og_site_name":"Head Beauty","article_modified_time":"2025-04-10T06:35:58+00:00","og_image":[{"width":1240,"height":930,"url":"https:\/\/head-beauty.com\/wp-content\/uploads\/2025\/04\/panorama-001-scaled-1.png","type":"image\/png"}],"twitter_card":"summary_large_image","twitter_misc":{"Szacowany czas czytania":"2 minuty"},"schema":{"@context":"https:\/\/schema.org","@graph":[{"@type":"WebPage","@id":"https:\/\/head-beauty.com\/pl\/polityka-wysylkowa\/","url":"https:\/\/head-beauty.com\/pl\/polityka-wysylkowa\/","name":"Polityka wysy\u0142kowa - Head Beauty","isPartOf":{"@id":"https:\/\/head-beauty.com\/pl\/#website"},"datePublished":"2025-03-26T14:43:47+00:00","dateModified":"2025-04-10T06:35:58+00:00","breadcrumb":{"@id":"https:\/\/head-beauty.com\/pl\/polityka-wysylkowa\/#breadcrumb"},"inLanguage":"pl-PL","potentialAction":[{"@type":"ReadAction","target":["https:\/\/head-beauty.com\/pl\/polityka-wysylkowa\/"]}]},{"@type":"BreadcrumbList","@id":"https:\/\/head-beauty.com\/pl\/polityka-wysylkowa\/#breadcrumb","itemListElement":[{"@type":"ListItem","position":1,"name":"Home","item":"https:\/\/head-beauty.com\/pl\/"},{"@type":"ListItem","position":2,"name":"Polityka wysy\u0142kowa"}]},{"@type":"WebSite","@id":"https:\/\/head-beauty.com\/pl\/#website","url":"https:\/\/head-beauty.com\/pl\/","name":"Head - The Beauty Tools","description":"","publisher":{"@id":"https:\/\/head-beauty.com\/pl\/#organization"},"potentialAction":[{"@type":"SearchAction","target":{"@type":"EntryPoint","urlTemplate":"https:\/\/head-beauty.com\/pl\/?s={search_term_string}"},"query-input":{"@type":"PropertyValueSpecification","valueRequired":true,"valueName":"search_term_string"}}],"inLanguage":"pl-PL"},{"@type":"Organization","@id":"https:\/\/head-beauty.com\/pl\/#organization","name":"Head - The Beauty Tools","url":"https:\/\/head-beauty.com\/pl\/","logo":{"@type":"ImageObject","inLanguage":"pl-PL","@id":"https:\/\/head-beauty.com\/pl\/#\/schema\/logo\/image\/","url":"https:\/\/head-beauty.com\/wp-content\/uploads\/2024\/10\/head-beauty-logo.svg","contentUrl":"https:\/\/head-beauty.com\/wp-content\/uploads\/2024\/10\/head-beauty-logo.svg","width":411.20999999999997953636921010911464691162109375,"height":200,"caption":"Head - The Beauty Tools"},"image":{"@id":"https:\/\/head-beauty.com\/pl\/#\/schema\/logo\/image\/"}}]}},"_links":{"self":[{"href":"https:\/\/head-beauty.com\/pl\/wp-json\/wp\/v2\/pages\/29866","targetHints":{"allow":["GET"]}}],"collection":[{"href":"https:\/\/head-beauty.com\/pl\/wp-json\/wp\/v2\/pages"}],"about":[{"href":"https:\/\/head-beauty.com\/pl\/wp-json\/wp\/v2\/types\/page"}],"author":[{"embeddable":true,"href":"https:\/\/head-beauty.com\/pl\/wp-json\/wp\/v2\/users\/1"}],"replies":[{"embeddable":true,"href":"https:\/\/head-beauty.com\/pl\/wp-json\/wp\/v2\/comments?post=29866"}],"version-history":[{"count":2,"href":"https:\/\/head-beauty.com\/pl\/wp-json\/wp\/v2\/pages\/29866\/revisions"}],"predecessor-version":[{"id":29882,"href":"https:\/\/head-beauty.com\/pl\/wp-json\/wp\/v2\/pages\/29866\/revisions\/29882"}],"wp:attachment":[{"href":"https:\/\/head-beauty.com\/pl\/wp-json\/wp\/v2\/media?parent=29866"}],"curies":[{"name":"wp","href":"https:\/\/api.w.org\/{rel}","templated":true}]}}