{"id":27100,"date":"2024-12-02T16:05:42","date_gmt":"2024-12-02T13:05:42","guid":{"rendered":"https:\/\/head-beauty.com\/product\/nx-2-9-profesjonalne-cazki-do-skorek-x-line-2-l-105mm-ostrza-9-mm-niski-heel\/"},"modified":"2025-10-12T14:42:14","modified_gmt":"2025-10-12T11:42:14","slug":"nx-2-9-profesjonalne-cazki-do-skorek-x-line-2-l-105mm-ostrza-9-mm-niski-heel","status":"publish","type":"product","link":"https:\/\/head-beauty.com\/pl\/produkt\/nx-2-9-profesjonalne-cazki-do-skorek-x-line-2-l-105mm-ostrza-9-mm-niski-heel\/","title":{"rendered":"NX-2-9 Profesjonalne c\u0105\u017cki do sk\u00f3rek X-line 2, L-105mm, ostrza 9 mm, niski &#8222;Heel&#8221;"},"content":{"rendered":"<p>Optymalna dla ma\u0142ej d\u0142oni, \u0142atwe przenoszenie i u\u017cytkowanie, matowa powierzchnia zewn\u0119trzna, wewn\u0119trzne b\u0142yszcz\u0105ce polerowane uchwyty, mi\u0119kkie i g\u0142adkie zamykanie uchwyt\u00f3w, odpowiednie dla profesjonalist\u00f3w, wysoka ergonomia<\/p>\n","protected":false},"excerpt":{"rendered":"<p>Optymalna dla ma\u0142ej d\u0142oni, \u0142atwe przenoszenie i u\u017cytkowanie, matowa powierzchnia zewn\u0119trzna, wewn\u0119trzne b\u0142yszcz\u0105ce polerowane uchwyty, mi\u0119kkie i g\u0142adkie zamykanie uchwyt\u00f3w, odpowiednie dla profesjonalist\u00f3w, wysoka ergonomia<\/p>\n","protected":false},"featured_media":20876,"template":"","meta":{"_acf_changed":false},"product_brand":[],"product_cat":[355],"product_tag":[807],"class_list":{"0":"post-27100","1":"product","2":"type-product","3":"status-publish","4":"has-post-thumbnail","6":"product_cat-cazki-do-skorek","7":"product_tag-zaawansowane-szczypce-x-line","9":"first","10":"instock","11":"taxable","12":"shipping-taxable","13":"purchasable","14":"product-type-simple"},"acf":[],"yoast_head":"<!-- This site is optimized with the Yoast SEO plugin v24.8.1 - https:\/\/yoast.com\/wordpress\/plugins\/seo\/ -->\n<title>NX-2-9 Profesjonalne c\u0105\u017cki do sk\u00f3rek X-line 2, L-105mm, ostrza 9 mm, niski &quot;Heel&quot; - Head Beauty<\/title>\n<meta name=\"robots\" content=\"index, follow, max-snippet:-1, max-image-preview:large, max-video-preview:-1\" \/>\n<link rel=\"canonical\" href=\"https:\/\/head-beauty.com\/pl\/produkt\/nx-2-9-profesjonalne-cazki-do-skorek-x-line-2-l-105mm-ostrza-9-mm-niski-heel\/\" \/>\n<meta property=\"og:locale\" content=\"pl_PL\" \/>\n<meta property=\"og:type\" content=\"article\" \/>\n<meta property=\"og:title\" content=\"NX-2-9 Profesjonalne c\u0105\u017cki do sk\u00f3rek X-line 2, L-105mm, ostrza 9 mm, niski &quot;Heel&quot; - Head Beauty\" \/>\n<meta property=\"og:description\" content=\"Optymalna dla ma\u0142ej d\u0142oni, \u0142atwe przenoszenie i u\u017cytkowanie, matowa powierzchnia zewn\u0119trzna, wewn\u0119trzne b\u0142yszcz\u0105ce polerowane uchwyty, mi\u0119kkie i g\u0142adkie zamykanie uchwyt\u00f3w, odpowiednie dla profesjonalist\u00f3w, wysoka ergonomia\" \/>\n<meta property=\"og:url\" content=\"https:\/\/head-beauty.com\/pl\/produkt\/nx-2-9-profesjonalne-cazki-do-skorek-x-line-2-l-105mm-ostrza-9-mm-niski-heel\/\" \/>\n<meta property=\"og:site_name\" content=\"Head Beauty\" \/>\n<meta property=\"article:modified_time\" content=\"2025-10-12T11:42:14+00:00\" \/>\n<meta property=\"og:image\" content=\"https:\/\/head-beauty.com\/wp-content\/uploads\/2024\/12\/NX-2-9.png\" \/>\n\t<meta property=\"og:image:width\" content=\"1080\" \/>\n\t<meta property=\"og:image:height\" content=\"1080\" \/>\n\t<meta property=\"og:image:type\" content=\"image\/png\" \/>\n<meta name=\"twitter:card\" content=\"summary_large_image\" \/>\n<script type=\"application\/ld+json\" class=\"yoast-schema-graph\">{\"@context\":\"https:\/\/schema.org\",\"@graph\":[{\"@type\":\"WebPage\",\"@id\":\"https:\/\/head-beauty.com\/pl\/produkt\/nx-2-9-profesjonalne-cazki-do-skorek-x-line-2-l-105mm-ostrza-9-mm-niski-heel\/\",\"url\":\"https:\/\/head-beauty.com\/pl\/produkt\/nx-2-9-profesjonalne-cazki-do-skorek-x-line-2-l-105mm-ostrza-9-mm-niski-heel\/\",\"name\":\"NX-2-9 Profesjonalne c\u0105\u017cki do sk\u00f3rek X-line 2, L-105mm, ostrza 9 mm, niski \\\"Heel\\\" - Head Beauty\",\"isPartOf\":{\"@id\":\"https:\/\/head-beauty.com\/pl\/#website\"},\"primaryImageOfPage\":{\"@id\":\"https:\/\/head-beauty.com\/pl\/produkt\/nx-2-9-profesjonalne-cazki-do-skorek-x-line-2-l-105mm-ostrza-9-mm-niski-heel\/#primaryimage\"},\"image\":{\"@id\":\"https:\/\/head-beauty.com\/pl\/produkt\/nx-2-9-profesjonalne-cazki-do-skorek-x-line-2-l-105mm-ostrza-9-mm-niski-heel\/#primaryimage\"},\"thumbnailUrl\":\"https:\/\/head-beauty.com\/wp-content\/uploads\/2024\/12\/NX-2-9.png\",\"datePublished\":\"2024-12-02T13:05:42+00:00\",\"dateModified\":\"2025-10-12T11:42:14+00:00\",\"breadcrumb\":{\"@id\":\"https:\/\/head-beauty.com\/pl\/produkt\/nx-2-9-profesjonalne-cazki-do-skorek-x-line-2-l-105mm-ostrza-9-mm-niski-heel\/#breadcrumb\"},\"inLanguage\":\"pl-PL\",\"potentialAction\":[{\"@type\":\"ReadAction\",\"target\":[\"https:\/\/head-beauty.com\/pl\/produkt\/nx-2-9-profesjonalne-cazki-do-skorek-x-line-2-l-105mm-ostrza-9-mm-niski-heel\/\"]}]},{\"@type\":\"ImageObject\",\"inLanguage\":\"pl-PL\",\"@id\":\"https:\/\/head-beauty.com\/pl\/produkt\/nx-2-9-profesjonalne-cazki-do-skorek-x-line-2-l-105mm-ostrza-9-mm-niski-heel\/#primaryimage\",\"url\":\"https:\/\/head-beauty.com\/wp-content\/uploads\/2024\/12\/NX-2-9.png\",\"contentUrl\":\"https:\/\/head-beauty.com\/wp-content\/uploads\/2024\/12\/NX-2-9.png\",\"width\":1080,\"height\":1080,\"caption\":\"Optymalna dla ma\u0142ej d\u0142oni, \u0142atwe przenoszenie i u\u017cytkowanie, matowa powierzchnia zewn\u0119trzna, wewn\u0119trzne b\u0142yszcz\u0105ce polerowane uchwyty, mi\u0119kkie i g\u0142adkie zamykanie uchwyt\u00f3w, odpowiednie dla profesjonalist\u00f3w, wysoka ergonomia\"},{\"@type\":\"BreadcrumbList\",\"@id\":\"https:\/\/head-beauty.com\/pl\/produkt\/nx-2-9-profesjonalne-cazki-do-skorek-x-line-2-l-105mm-ostrza-9-mm-niski-heel\/#breadcrumb\",\"itemListElement\":[{\"@type\":\"ListItem\",\"position\":1,\"name\":\"Home\",\"item\":\"https:\/\/head-beauty.com\/pl\/\"},{\"@type\":\"ListItem\",\"position\":2,\"name\":\"Sklep\",\"item\":\"https:\/\/head-beauty.com\/pl\/sklep\/\"},{\"@type\":\"ListItem\",\"position\":3,\"name\":\"NX-2-9 Profesjonalne c\u0105\u017cki do sk\u00f3rek X-line 2, L-105mm, ostrza 9 mm, niski &#8222;Heel&#8221;\"}]},{\"@type\":\"WebSite\",\"@id\":\"https:\/\/head-beauty.com\/pl\/#website\",\"url\":\"https:\/\/head-beauty.com\/pl\/\",\"name\":\"Head - The Beauty Tools\",\"description\":\"\",\"publisher\":{\"@id\":\"https:\/\/head-beauty.com\/pl\/#organization\"},\"potentialAction\":[{\"@type\":\"SearchAction\",\"target\":{\"@type\":\"EntryPoint\",\"urlTemplate\":\"https:\/\/head-beauty.com\/pl\/?s={search_term_string}\"},\"query-input\":{\"@type\":\"PropertyValueSpecification\",\"valueRequired\":true,\"valueName\":\"search_term_string\"}}],\"inLanguage\":\"pl-PL\"},{\"@type\":\"Organization\",\"@id\":\"https:\/\/head-beauty.com\/pl\/#organization\",\"name\":\"Head - The Beauty Tools\",\"url\":\"https:\/\/head-beauty.com\/pl\/\",\"logo\":{\"@type\":\"ImageObject\",\"inLanguage\":\"pl-PL\",\"@id\":\"https:\/\/head-beauty.com\/pl\/#\/schema\/logo\/image\/\",\"url\":\"https:\/\/head-beauty.com\/wp-content\/uploads\/2024\/10\/head-beauty-logo.svg\",\"contentUrl\":\"https:\/\/head-beauty.com\/wp-content\/uploads\/2024\/10\/head-beauty-logo.svg\",\"width\":411.20999999999997953636921010911464691162109375,\"height\":200,\"caption\":\"Head - The Beauty Tools\"},\"image\":{\"@id\":\"https:\/\/head-beauty.com\/pl\/#\/schema\/logo\/image\/\"}}]}<\/script>\n<!-- \/ Yoast SEO plugin. -->","yoast_head_json":{"title":"NX-2-9 Profesjonalne c\u0105\u017cki do sk\u00f3rek X-line 2, L-105mm, ostrza 9 mm, niski \"Heel\" - Head Beauty","robots":{"index":"index","follow":"follow","max-snippet":"max-snippet:-1","max-image-preview":"max-image-preview:large","max-video-preview":"max-video-preview:-1"},"canonical":"https:\/\/head-beauty.com\/pl\/produkt\/nx-2-9-profesjonalne-cazki-do-skorek-x-line-2-l-105mm-ostrza-9-mm-niski-heel\/","og_locale":"pl_PL","og_type":"article","og_title":"NX-2-9 Profesjonalne c\u0105\u017cki do sk\u00f3rek X-line 2, L-105mm, ostrza 9 mm, niski \"Heel\" - Head Beauty","og_description":"Optymalna dla ma\u0142ej d\u0142oni, \u0142atwe przenoszenie i u\u017cytkowanie, matowa powierzchnia zewn\u0119trzna, wewn\u0119trzne b\u0142yszcz\u0105ce polerowane uchwyty, mi\u0119kkie i g\u0142adkie zamykanie uchwyt\u00f3w, odpowiednie dla profesjonalist\u00f3w, wysoka ergonomia","og_url":"https:\/\/head-beauty.com\/pl\/produkt\/nx-2-9-profesjonalne-cazki-do-skorek-x-line-2-l-105mm-ostrza-9-mm-niski-heel\/","og_site_name":"Head Beauty","article_modified_time":"2025-10-12T11:42:14+00:00","og_image":[{"width":1080,"height":1080,"url":"https:\/\/head-beauty.com\/wp-content\/uploads\/2024\/12\/NX-2-9.png","type":"image\/png"}],"twitter_card":"summary_large_image","schema":{"@context":"https:\/\/schema.org","@graph":[{"@type":"WebPage","@id":"https:\/\/head-beauty.com\/pl\/produkt\/nx-2-9-profesjonalne-cazki-do-skorek-x-line-2-l-105mm-ostrza-9-mm-niski-heel\/","url":"https:\/\/head-beauty.com\/pl\/produkt\/nx-2-9-profesjonalne-cazki-do-skorek-x-line-2-l-105mm-ostrza-9-mm-niski-heel\/","name":"NX-2-9 Profesjonalne c\u0105\u017cki do sk\u00f3rek X-line 2, L-105mm, ostrza 9 mm, niski \"Heel\" - Head Beauty","isPartOf":{"@id":"https:\/\/head-beauty.com\/pl\/#website"},"primaryImageOfPage":{"@id":"https:\/\/head-beauty.com\/pl\/produkt\/nx-2-9-profesjonalne-cazki-do-skorek-x-line-2-l-105mm-ostrza-9-mm-niski-heel\/#primaryimage"},"image":{"@id":"https:\/\/head-beauty.com\/pl\/produkt\/nx-2-9-profesjonalne-cazki-do-skorek-x-line-2-l-105mm-ostrza-9-mm-niski-heel\/#primaryimage"},"thumbnailUrl":"https:\/\/head-beauty.com\/wp-content\/uploads\/2024\/12\/NX-2-9.png","datePublished":"2024-12-02T13:05:42+00:00","dateModified":"2025-10-12T11:42:14+00:00","breadcrumb":{"@id":"https:\/\/head-beauty.com\/pl\/produkt\/nx-2-9-profesjonalne-cazki-do-skorek-x-line-2-l-105mm-ostrza-9-mm-niski-heel\/#breadcrumb"},"inLanguage":"pl-PL","potentialAction":[{"@type":"ReadAction","target":["https:\/\/head-beauty.com\/pl\/produkt\/nx-2-9-profesjonalne-cazki-do-skorek-x-line-2-l-105mm-ostrza-9-mm-niski-heel\/"]}]},{"@type":"ImageObject","inLanguage":"pl-PL","@id":"https:\/\/head-beauty.com\/pl\/produkt\/nx-2-9-profesjonalne-cazki-do-skorek-x-line-2-l-105mm-ostrza-9-mm-niski-heel\/#primaryimage","url":"https:\/\/head-beauty.com\/wp-content\/uploads\/2024\/12\/NX-2-9.png","contentUrl":"https:\/\/head-beauty.com\/wp-content\/uploads\/2024\/12\/NX-2-9.png","width":1080,"height":1080,"caption":"Optymalna dla ma\u0142ej d\u0142oni, \u0142atwe przenoszenie i u\u017cytkowanie, matowa powierzchnia zewn\u0119trzna, wewn\u0119trzne b\u0142yszcz\u0105ce polerowane uchwyty, mi\u0119kkie i g\u0142adkie zamykanie uchwyt\u00f3w, odpowiednie dla profesjonalist\u00f3w, wysoka ergonomia"},{"@type":"BreadcrumbList","@id":"https:\/\/head-beauty.com\/pl\/produkt\/nx-2-9-profesjonalne-cazki-do-skorek-x-line-2-l-105mm-ostrza-9-mm-niski-heel\/#breadcrumb","itemListElement":[{"@type":"ListItem","position":1,"name":"Home","item":"https:\/\/head-beauty.com\/pl\/"},{"@type":"ListItem","position":2,"name":"Sklep","item":"https:\/\/head-beauty.com\/pl\/sklep\/"},{"@type":"ListItem","position":3,"name":"NX-2-9 Profesjonalne c\u0105\u017cki do sk\u00f3rek X-line 2, L-105mm, ostrza 9 mm, niski &#8222;Heel&#8221;"}]},{"@type":"WebSite","@id":"https:\/\/head-beauty.com\/pl\/#website","url":"https:\/\/head-beauty.com\/pl\/","name":"Head - The Beauty Tools","description":"","publisher":{"@id":"https:\/\/head-beauty.com\/pl\/#organization"},"potentialAction":[{"@type":"SearchAction","target":{"@type":"EntryPoint","urlTemplate":"https:\/\/head-beauty.com\/pl\/?s={search_term_string}"},"query-input":{"@type":"PropertyValueSpecification","valueRequired":true,"valueName":"search_term_string"}}],"inLanguage":"pl-PL"},{"@type":"Organization","@id":"https:\/\/head-beauty.com\/pl\/#organization","name":"Head - The Beauty Tools","url":"https:\/\/head-beauty.com\/pl\/","logo":{"@type":"ImageObject","inLanguage":"pl-PL","@id":"https:\/\/head-beauty.com\/pl\/#\/schema\/logo\/image\/","url":"https:\/\/head-beauty.com\/wp-content\/uploads\/2024\/10\/head-beauty-logo.svg","contentUrl":"https:\/\/head-beauty.com\/wp-content\/uploads\/2024\/10\/head-beauty-logo.svg","width":411.20999999999997953636921010911464691162109375,"height":200,"caption":"Head - The Beauty Tools"},"image":{"@id":"https:\/\/head-beauty.com\/pl\/#\/schema\/logo\/image\/"}}]}},"_links":{"self":[{"href":"https:\/\/head-beauty.com\/pl\/wp-json\/wp\/v2\/product\/27100","targetHints":{"allow":["GET"]}}],"collection":[{"href":"https:\/\/head-beauty.com\/pl\/wp-json\/wp\/v2\/product"}],"about":[{"href":"https:\/\/head-beauty.com\/pl\/wp-json\/wp\/v2\/types\/product"}],"wp:featuredmedia":[{"embeddable":true,"href":"https:\/\/head-beauty.com\/pl\/wp-json\/wp\/v2\/media\/20876"}],"wp:attachment":[{"href":"https:\/\/head-beauty.com\/pl\/wp-json\/wp\/v2\/media?parent=27100"}],"wp:term":[{"taxonomy":"product_brand","embeddable":true,"href":"https:\/\/head-beauty.com\/pl\/wp-json\/wp\/v2\/product_brand?post=27100"},{"taxonomy":"product_cat","embeddable":true,"href":"https:\/\/head-beauty.com\/pl\/wp-json\/wp\/v2\/product_cat?post=27100"},{"taxonomy":"product_tag","embeddable":true,"href":"https:\/\/head-beauty.com\/pl\/wp-json\/wp\/v2\/product_tag?post=27100"}],"curies":[{"name":"wp","href":"https:\/\/api.w.org\/{rel}","templated":true}]}}