{"id":28257,"date":"2024-12-02T15:09:24","date_gmt":"2024-12-02T12:09:24","guid":{"rendered":"https:\/\/head-beauty.com\/product\/px-05-profesjonalny-kopytkacz-do-skorek-x-line-czesci-robocze-waska-szpatulka-siekiera\/"},"modified":"2024-12-02T15:09:24","modified_gmt":"2024-12-02T12:09:24","slug":"px-05-profesjonalny-kopytkacz-do-skorek-x-line-czesci-robocze-waska-szpatulka-siekiera","status":"publish","type":"product","link":"https:\/\/head-beauty.com\/pl\/produkt\/px-05-profesjonalny-kopytkacz-do-skorek-x-line-czesci-robocze-waska-szpatulka-siekiera\/","title":{"rendered":"PX-05 Profesjonalny kopytkacz do sk\u00f3rek X-line, Cz\u0119\u015bci robocze: w\u0105ska szpatu\u0142ka &#8211; siekiera"},"content":{"rendered":"<p>Wygodne uchwyty z naci\u0119ciami zapobiegaj\u0105cymi \u015blizganiu si\u0119 narz\u0119dzia w r\u0119kach mistrza, b\u0142yszcz\u0105ce polerowanie cz\u0119\u015bci roboczej, cz\u0119\u015bci robocze do dok\u0142adnej i precyzyjnej pracy w trudno dost\u0119pnych miejscach i zak\u0105tkach, odpowiednie do r\u00f3\u017cnych technik manicure i pedicure, wysoka odporno\u015b\u0107 na korozj\u0119, odpowiednia dla pocz\u0105tkuj\u0105cych i profesjonalist\u00f3w<\/p>\n","protected":false},"excerpt":{"rendered":"<p>Wygodne uchwyty z naci\u0119ciami zapobiegaj\u0105cymi \u015blizganiu si\u0119 narz\u0119dzia w r\u0119kach mistrza, b\u0142yszcz\u0105ce polerowanie cz\u0119\u015bci roboczej, cz\u0119\u015bci robocze do dok\u0142adnej i precyzyjnej pracy w trudno dost\u0119pnych miejscach i zak\u0105tkach, odpowiednie do r\u00f3\u017cnych technik manicure i pedicure, wysoka odporno\u015b\u0107 na korozj\u0119, odpowiednia dla pocz\u0105tkuj\u0105cych i profesjonalist\u00f3w<\/p>\n","protected":false},"featured_media":19468,"template":"","meta":{"_acf_changed":false},"product_brand":[],"product_cat":[1043],"product_tag":[1045],"class_list":{"0":"post-28257","1":"product","2":"type-product","3":"status-publish","4":"has-post-thumbnail","6":"product_cat-pchacze","7":"product_tag-popychacze-x-line","9":"first","10":"instock","11":"taxable","12":"shipping-taxable","13":"purchasable","14":"product-type-simple"},"acf":[],"yoast_head":"<!-- This site is optimized with the Yoast SEO plugin v24.8.1 - https:\/\/yoast.com\/wordpress\/plugins\/seo\/ -->\n<title>PX-05 Profesjonalny kopytkacz do sk\u00f3rek X-line, Cz\u0119\u015bci robocze: w\u0105ska szpatu\u0142ka - siekiera - Head Beauty<\/title>\n<meta name=\"robots\" content=\"index, follow, max-snippet:-1, max-image-preview:large, max-video-preview:-1\" \/>\n<link rel=\"canonical\" href=\"https:\/\/head-beauty.com\/pl\/produkt\/px-05-profesjonalny-kopytkacz-do-skorek-x-line-czesci-robocze-waska-szpatulka-siekiera\/\" \/>\n<meta property=\"og:locale\" content=\"pl_PL\" \/>\n<meta property=\"og:type\" content=\"article\" \/>\n<meta property=\"og:title\" content=\"PX-05 Profesjonalny kopytkacz do sk\u00f3rek X-line, Cz\u0119\u015bci robocze: w\u0105ska szpatu\u0142ka - siekiera - Head Beauty\" \/>\n<meta property=\"og:description\" content=\"Wygodne uchwyty z naci\u0119ciami zapobiegaj\u0105cymi \u015blizganiu si\u0119 narz\u0119dzia w r\u0119kach mistrza, b\u0142yszcz\u0105ce polerowanie cz\u0119\u015bci roboczej, cz\u0119\u015bci robocze do dok\u0142adnej i precyzyjnej pracy w trudno dost\u0119pnych miejscach i zak\u0105tkach, odpowiednie do r\u00f3\u017cnych technik manicure i pedicure, wysoka odporno\u015b\u0107 na korozj\u0119, odpowiednia dla pocz\u0105tkuj\u0105cych i profesjonalist\u00f3w\" \/>\n<meta property=\"og:url\" content=\"https:\/\/head-beauty.com\/pl\/produkt\/px-05-profesjonalny-kopytkacz-do-skorek-x-line-czesci-robocze-waska-szpatulka-siekiera\/\" \/>\n<meta property=\"og:site_name\" content=\"Head Beauty\" \/>\n<meta property=\"og:image\" content=\"https:\/\/head-beauty.com\/wp-content\/uploads\/2024\/12\/PX-05.jpg\" \/>\n\t<meta property=\"og:image:width\" content=\"1080\" \/>\n\t<meta property=\"og:image:height\" content=\"1080\" \/>\n\t<meta property=\"og:image:type\" content=\"image\/jpeg\" \/>\n<meta name=\"twitter:card\" content=\"summary_large_image\" \/>\n<script type=\"application\/ld+json\" class=\"yoast-schema-graph\">{\"@context\":\"https:\/\/schema.org\",\"@graph\":[{\"@type\":\"WebPage\",\"@id\":\"https:\/\/head-beauty.com\/pl\/produkt\/px-05-profesjonalny-kopytkacz-do-skorek-x-line-czesci-robocze-waska-szpatulka-siekiera\/\",\"url\":\"https:\/\/head-beauty.com\/pl\/produkt\/px-05-profesjonalny-kopytkacz-do-skorek-x-line-czesci-robocze-waska-szpatulka-siekiera\/\",\"name\":\"PX-05 Profesjonalny kopytkacz do sk\u00f3rek X-line, Cz\u0119\u015bci robocze: w\u0105ska szpatu\u0142ka - siekiera - Head Beauty\",\"isPartOf\":{\"@id\":\"https:\/\/head-beauty.com\/pl\/#website\"},\"primaryImageOfPage\":{\"@id\":\"https:\/\/head-beauty.com\/pl\/produkt\/px-05-profesjonalny-kopytkacz-do-skorek-x-line-czesci-robocze-waska-szpatulka-siekiera\/#primaryimage\"},\"image\":{\"@id\":\"https:\/\/head-beauty.com\/pl\/produkt\/px-05-profesjonalny-kopytkacz-do-skorek-x-line-czesci-robocze-waska-szpatulka-siekiera\/#primaryimage\"},\"thumbnailUrl\":\"https:\/\/head-beauty.com\/wp-content\/uploads\/2024\/12\/PX-05.jpg\",\"datePublished\":\"2024-12-02T12:09:24+00:00\",\"breadcrumb\":{\"@id\":\"https:\/\/head-beauty.com\/pl\/produkt\/px-05-profesjonalny-kopytkacz-do-skorek-x-line-czesci-robocze-waska-szpatulka-siekiera\/#breadcrumb\"},\"inLanguage\":\"pl-PL\",\"potentialAction\":[{\"@type\":\"ReadAction\",\"target\":[\"https:\/\/head-beauty.com\/pl\/produkt\/px-05-profesjonalny-kopytkacz-do-skorek-x-line-czesci-robocze-waska-szpatulka-siekiera\/\"]}]},{\"@type\":\"ImageObject\",\"inLanguage\":\"pl-PL\",\"@id\":\"https:\/\/head-beauty.com\/pl\/produkt\/px-05-profesjonalny-kopytkacz-do-skorek-x-line-czesci-robocze-waska-szpatulka-siekiera\/#primaryimage\",\"url\":\"https:\/\/head-beauty.com\/wp-content\/uploads\/2024\/12\/PX-05.jpg\",\"contentUrl\":\"https:\/\/head-beauty.com\/wp-content\/uploads\/2024\/12\/PX-05.jpg\",\"width\":1080,\"height\":1080,\"caption\":\"Wygodne uchwyty z naci\u0119ciami zapobiegaj\u0105cymi \u015blizganiu si\u0119 narz\u0119dzia w r\u0119kach mistrza, b\u0142yszcz\u0105ce polerowanie cz\u0119\u015bci roboczej, cz\u0119\u015bci robocze do dok\u0142adnej i precyzyjnej pracy w trudno dost\u0119pnych miejscach i zak\u0105tkach, odpowiednie do r\u00f3\u017cnych technik manicure i pedicure, wysoka odporno\u015b\u0107 na korozj\u0119, odpowiednia dla pocz\u0105tkuj\u0105cych i profesjonalist\u00f3w\"},{\"@type\":\"BreadcrumbList\",\"@id\":\"https:\/\/head-beauty.com\/pl\/produkt\/px-05-profesjonalny-kopytkacz-do-skorek-x-line-czesci-robocze-waska-szpatulka-siekiera\/#breadcrumb\",\"itemListElement\":[{\"@type\":\"ListItem\",\"position\":1,\"name\":\"Home\",\"item\":\"https:\/\/head-beauty.com\/pl\/\"},{\"@type\":\"ListItem\",\"position\":2,\"name\":\"Sklep\",\"item\":\"https:\/\/head-beauty.com\/pl\/sklep\/\"},{\"@type\":\"ListItem\",\"position\":3,\"name\":\"PX-05 Profesjonalny kopytkacz do sk\u00f3rek X-line, Cz\u0119\u015bci robocze: w\u0105ska szpatu\u0142ka &#8211; siekiera\"}]},{\"@type\":\"WebSite\",\"@id\":\"https:\/\/head-beauty.com\/pl\/#website\",\"url\":\"https:\/\/head-beauty.com\/pl\/\",\"name\":\"Head - The Beauty Tools\",\"description\":\"\",\"publisher\":{\"@id\":\"https:\/\/head-beauty.com\/pl\/#organization\"},\"potentialAction\":[{\"@type\":\"SearchAction\",\"target\":{\"@type\":\"EntryPoint\",\"urlTemplate\":\"https:\/\/head-beauty.com\/pl\/?s={search_term_string}\"},\"query-input\":{\"@type\":\"PropertyValueSpecification\",\"valueRequired\":true,\"valueName\":\"search_term_string\"}}],\"inLanguage\":\"pl-PL\"},{\"@type\":\"Organization\",\"@id\":\"https:\/\/head-beauty.com\/pl\/#organization\",\"name\":\"Head - The Beauty Tools\",\"url\":\"https:\/\/head-beauty.com\/pl\/\",\"logo\":{\"@type\":\"ImageObject\",\"inLanguage\":\"pl-PL\",\"@id\":\"https:\/\/head-beauty.com\/pl\/#\/schema\/logo\/image\/\",\"url\":\"https:\/\/head-beauty.com\/wp-content\/uploads\/2024\/10\/head-beauty-logo.svg\",\"contentUrl\":\"https:\/\/head-beauty.com\/wp-content\/uploads\/2024\/10\/head-beauty-logo.svg\",\"width\":411.20999999999997953636921010911464691162109375,\"height\":200,\"caption\":\"Head - The Beauty Tools\"},\"image\":{\"@id\":\"https:\/\/head-beauty.com\/pl\/#\/schema\/logo\/image\/\"}}]}<\/script>\n<!-- \/ Yoast SEO plugin. -->","yoast_head_json":{"title":"PX-05 Profesjonalny kopytkacz do sk\u00f3rek X-line, Cz\u0119\u015bci robocze: w\u0105ska szpatu\u0142ka - siekiera - Head Beauty","robots":{"index":"index","follow":"follow","max-snippet":"max-snippet:-1","max-image-preview":"max-image-preview:large","max-video-preview":"max-video-preview:-1"},"canonical":"https:\/\/head-beauty.com\/pl\/produkt\/px-05-profesjonalny-kopytkacz-do-skorek-x-line-czesci-robocze-waska-szpatulka-siekiera\/","og_locale":"pl_PL","og_type":"article","og_title":"PX-05 Profesjonalny kopytkacz do sk\u00f3rek X-line, Cz\u0119\u015bci robocze: w\u0105ska szpatu\u0142ka - siekiera - Head Beauty","og_description":"Wygodne uchwyty z naci\u0119ciami zapobiegaj\u0105cymi \u015blizganiu si\u0119 narz\u0119dzia w r\u0119kach mistrza, b\u0142yszcz\u0105ce polerowanie cz\u0119\u015bci roboczej, cz\u0119\u015bci robocze do dok\u0142adnej i precyzyjnej pracy w trudno dost\u0119pnych miejscach i zak\u0105tkach, odpowiednie do r\u00f3\u017cnych technik manicure i pedicure, wysoka odporno\u015b\u0107 na korozj\u0119, odpowiednia dla pocz\u0105tkuj\u0105cych i profesjonalist\u00f3w","og_url":"https:\/\/head-beauty.com\/pl\/produkt\/px-05-profesjonalny-kopytkacz-do-skorek-x-line-czesci-robocze-waska-szpatulka-siekiera\/","og_site_name":"Head Beauty","og_image":[{"width":1080,"height":1080,"url":"https:\/\/head-beauty.com\/wp-content\/uploads\/2024\/12\/PX-05.jpg","type":"image\/jpeg"}],"twitter_card":"summary_large_image","schema":{"@context":"https:\/\/schema.org","@graph":[{"@type":"WebPage","@id":"https:\/\/head-beauty.com\/pl\/produkt\/px-05-profesjonalny-kopytkacz-do-skorek-x-line-czesci-robocze-waska-szpatulka-siekiera\/","url":"https:\/\/head-beauty.com\/pl\/produkt\/px-05-profesjonalny-kopytkacz-do-skorek-x-line-czesci-robocze-waska-szpatulka-siekiera\/","name":"PX-05 Profesjonalny kopytkacz do sk\u00f3rek X-line, Cz\u0119\u015bci robocze: w\u0105ska szpatu\u0142ka - siekiera - Head Beauty","isPartOf":{"@id":"https:\/\/head-beauty.com\/pl\/#website"},"primaryImageOfPage":{"@id":"https:\/\/head-beauty.com\/pl\/produkt\/px-05-profesjonalny-kopytkacz-do-skorek-x-line-czesci-robocze-waska-szpatulka-siekiera\/#primaryimage"},"image":{"@id":"https:\/\/head-beauty.com\/pl\/produkt\/px-05-profesjonalny-kopytkacz-do-skorek-x-line-czesci-robocze-waska-szpatulka-siekiera\/#primaryimage"},"thumbnailUrl":"https:\/\/head-beauty.com\/wp-content\/uploads\/2024\/12\/PX-05.jpg","datePublished":"2024-12-02T12:09:24+00:00","breadcrumb":{"@id":"https:\/\/head-beauty.com\/pl\/produkt\/px-05-profesjonalny-kopytkacz-do-skorek-x-line-czesci-robocze-waska-szpatulka-siekiera\/#breadcrumb"},"inLanguage":"pl-PL","potentialAction":[{"@type":"ReadAction","target":["https:\/\/head-beauty.com\/pl\/produkt\/px-05-profesjonalny-kopytkacz-do-skorek-x-line-czesci-robocze-waska-szpatulka-siekiera\/"]}]},{"@type":"ImageObject","inLanguage":"pl-PL","@id":"https:\/\/head-beauty.com\/pl\/produkt\/px-05-profesjonalny-kopytkacz-do-skorek-x-line-czesci-robocze-waska-szpatulka-siekiera\/#primaryimage","url":"https:\/\/head-beauty.com\/wp-content\/uploads\/2024\/12\/PX-05.jpg","contentUrl":"https:\/\/head-beauty.com\/wp-content\/uploads\/2024\/12\/PX-05.jpg","width":1080,"height":1080,"caption":"Wygodne uchwyty z naci\u0119ciami zapobiegaj\u0105cymi \u015blizganiu si\u0119 narz\u0119dzia w r\u0119kach mistrza, b\u0142yszcz\u0105ce polerowanie cz\u0119\u015bci roboczej, cz\u0119\u015bci robocze do dok\u0142adnej i precyzyjnej pracy w trudno dost\u0119pnych miejscach i zak\u0105tkach, odpowiednie do r\u00f3\u017cnych technik manicure i pedicure, wysoka odporno\u015b\u0107 na korozj\u0119, odpowiednia dla pocz\u0105tkuj\u0105cych i profesjonalist\u00f3w"},{"@type":"BreadcrumbList","@id":"https:\/\/head-beauty.com\/pl\/produkt\/px-05-profesjonalny-kopytkacz-do-skorek-x-line-czesci-robocze-waska-szpatulka-siekiera\/#breadcrumb","itemListElement":[{"@type":"ListItem","position":1,"name":"Home","item":"https:\/\/head-beauty.com\/pl\/"},{"@type":"ListItem","position":2,"name":"Sklep","item":"https:\/\/head-beauty.com\/pl\/sklep\/"},{"@type":"ListItem","position":3,"name":"PX-05 Profesjonalny kopytkacz do sk\u00f3rek X-line, Cz\u0119\u015bci robocze: w\u0105ska szpatu\u0142ka &#8211; siekiera"}]},{"@type":"WebSite","@id":"https:\/\/head-beauty.com\/pl\/#website","url":"https:\/\/head-beauty.com\/pl\/","name":"Head - The Beauty Tools","description":"","publisher":{"@id":"https:\/\/head-beauty.com\/pl\/#organization"},"potentialAction":[{"@type":"SearchAction","target":{"@type":"EntryPoint","urlTemplate":"https:\/\/head-beauty.com\/pl\/?s={search_term_string}"},"query-input":{"@type":"PropertyValueSpecification","valueRequired":true,"valueName":"search_term_string"}}],"inLanguage":"pl-PL"},{"@type":"Organization","@id":"https:\/\/head-beauty.com\/pl\/#organization","name":"Head - The Beauty Tools","url":"https:\/\/head-beauty.com\/pl\/","logo":{"@type":"ImageObject","inLanguage":"pl-PL","@id":"https:\/\/head-beauty.com\/pl\/#\/schema\/logo\/image\/","url":"https:\/\/head-beauty.com\/wp-content\/uploads\/2024\/10\/head-beauty-logo.svg","contentUrl":"https:\/\/head-beauty.com\/wp-content\/uploads\/2024\/10\/head-beauty-logo.svg","width":411.20999999999997953636921010911464691162109375,"height":200,"caption":"Head - The Beauty Tools"},"image":{"@id":"https:\/\/head-beauty.com\/pl\/#\/schema\/logo\/image\/"}}]}},"_links":{"self":[{"href":"https:\/\/head-beauty.com\/pl\/wp-json\/wp\/v2\/product\/28257","targetHints":{"allow":["GET"]}}],"collection":[{"href":"https:\/\/head-beauty.com\/pl\/wp-json\/wp\/v2\/product"}],"about":[{"href":"https:\/\/head-beauty.com\/pl\/wp-json\/wp\/v2\/types\/product"}],"wp:featuredmedia":[{"embeddable":true,"href":"https:\/\/head-beauty.com\/pl\/wp-json\/wp\/v2\/media\/19468"}],"wp:attachment":[{"href":"https:\/\/head-beauty.com\/pl\/wp-json\/wp\/v2\/media?parent=28257"}],"wp:term":[{"taxonomy":"product_brand","embeddable":true,"href":"https:\/\/head-beauty.com\/pl\/wp-json\/wp\/v2\/product_brand?post=28257"},{"taxonomy":"product_cat","embeddable":true,"href":"https:\/\/head-beauty.com\/pl\/wp-json\/wp\/v2\/product_cat?post=28257"},{"taxonomy":"product_tag","embeddable":true,"href":"https:\/\/head-beauty.com\/pl\/wp-json\/wp\/v2\/product_tag?post=28257"}],"curies":[{"name":"wp","href":"https:\/\/api.w.org\/{rel}","templated":true}]}}