{"id":28780,"date":"2024-12-02T15:06:37","date_gmt":"2024-12-02T12:06:37","guid":{"rendered":"https:\/\/head-beauty.com\/product\/sx-4-18-profesjonalne-nozyczki-do-skorek-x-line-4-ostrza-18-mm-fala\/"},"modified":"2024-12-02T15:06:37","modified_gmt":"2024-12-02T12:06:37","slug":"sx-4-18-profesjonalne-nozyczki-do-skorek-x-line-4-ostrza-18-mm-fala","status":"publish","type":"product","link":"https:\/\/head-beauty.com\/pl\/produkt\/sx-4-18-profesjonalne-nozyczki-do-skorek-x-line-4-ostrza-18-mm-fala\/","title":{"rendered":"SX-4-18 Profesjonalne no\u017cyczki do sk\u00f3rek X-line 4, ostrza 18 mm, Fala"},"content":{"rendered":"<p>No\u017cyczki w kszta\u0142cie fali odpowiednie dla pocz\u0105tkuj\u0105cych i profesjonalist\u00f3w, \u0142atwe przenoszenie i u\u017cytkowanie, optymalny kszta\u0142t pier\u015bcienia, matowe uchwyty, b\u0142yszcz\u0105ce polerowane uchwyty, lepsza wydajno\u015b\u0107 powierzchni do regularnej dezynfekcji i sterylizacji, ostrzenie r\u0105k, d\u0142u\u017cszy czas pracy, wysoka ergonomia<\/p>\n","protected":false},"excerpt":{"rendered":"<p>No\u017cyczki w kszta\u0142cie fali odpowiednie dla pocz\u0105tkuj\u0105cych i profesjonalist\u00f3w, \u0142atwe przenoszenie i u\u017cytkowanie, optymalny kszta\u0142t pier\u015bcienia, matowe uchwyty, b\u0142yszcz\u0105ce polerowane uchwyty, lepsza wydajno\u015b\u0107 powierzchni do regularnej dezynfekcji i sterylizacji, ostrzenie r\u0105k, d\u0142u\u017cszy czas pracy, wysoka ergonomia<\/p>\n","protected":false},"featured_media":30379,"template":"","meta":{"_acf_changed":false},"product_brand":[],"product_cat":[354],"product_tag":[415],"class_list":{"0":"post-28780","1":"product","2":"type-product","3":"status-publish","4":"has-post-thumbnail","6":"product_cat-nozyczki","7":"product_tag-nozyczki-x-line","9":"first","10":"outofstock","11":"taxable","12":"shipping-taxable","13":"purchasable","14":"product-type-simple"},"acf":[],"yoast_head":"<!-- This site is optimized with the Yoast SEO plugin v24.8.1 - https:\/\/yoast.com\/wordpress\/plugins\/seo\/ -->\n<title>SX-4-18 Profesjonalne no\u017cyczki do sk\u00f3rek X-line 4, ostrza 18 mm, Fala - Head Beauty<\/title>\n<meta name=\"robots\" content=\"index, follow, max-snippet:-1, max-image-preview:large, max-video-preview:-1\" \/>\n<link rel=\"canonical\" href=\"https:\/\/head-beauty.com\/pl\/produkt\/sx-4-18-profesjonalne-nozyczki-do-skorek-x-line-4-ostrza-18-mm-fala\/\" \/>\n<meta property=\"og:locale\" content=\"pl_PL\" \/>\n<meta property=\"og:type\" content=\"article\" \/>\n<meta property=\"og:title\" content=\"SX-4-18 Profesjonalne no\u017cyczki do sk\u00f3rek X-line 4, ostrza 18 mm, Fala - Head Beauty\" \/>\n<meta property=\"og:description\" content=\"No\u017cyczki w kszta\u0142cie fali odpowiednie dla pocz\u0105tkuj\u0105cych i profesjonalist\u00f3w, \u0142atwe przenoszenie i u\u017cytkowanie, optymalny kszta\u0142t pier\u015bcienia, matowe uchwyty, b\u0142yszcz\u0105ce polerowane uchwyty, lepsza wydajno\u015b\u0107 powierzchni do regularnej dezynfekcji i sterylizacji, ostrzenie r\u0105k, d\u0142u\u017cszy czas pracy, wysoka ergonomia\" \/>\n<meta property=\"og:url\" content=\"https:\/\/head-beauty.com\/pl\/produkt\/sx-4-18-profesjonalne-nozyczki-do-skorek-x-line-4-ostrza-18-mm-fala\/\" \/>\n<meta property=\"og:site_name\" content=\"Head Beauty\" \/>\n<meta property=\"og:image\" content=\"https:\/\/head-beauty.com\/wp-content\/uploads\/2024\/12\/SX-4-18-2-scaled.jpg\" \/>\n\t<meta property=\"og:image:width\" content=\"2560\" \/>\n\t<meta property=\"og:image:height\" content=\"2560\" \/>\n\t<meta property=\"og:image:type\" content=\"image\/jpeg\" \/>\n<meta name=\"twitter:card\" content=\"summary_large_image\" \/>\n<script type=\"application\/ld+json\" class=\"yoast-schema-graph\">{\"@context\":\"https:\/\/schema.org\",\"@graph\":[{\"@type\":\"WebPage\",\"@id\":\"https:\/\/head-beauty.com\/pl\/produkt\/sx-4-18-profesjonalne-nozyczki-do-skorek-x-line-4-ostrza-18-mm-fala\/\",\"url\":\"https:\/\/head-beauty.com\/pl\/produkt\/sx-4-18-profesjonalne-nozyczki-do-skorek-x-line-4-ostrza-18-mm-fala\/\",\"name\":\"SX-4-18 Profesjonalne no\u017cyczki do sk\u00f3rek X-line 4, ostrza 18 mm, Fala - Head Beauty\",\"isPartOf\":{\"@id\":\"https:\/\/head-beauty.com\/pl\/#website\"},\"primaryImageOfPage\":{\"@id\":\"https:\/\/head-beauty.com\/pl\/produkt\/sx-4-18-profesjonalne-nozyczki-do-skorek-x-line-4-ostrza-18-mm-fala\/#primaryimage\"},\"image\":{\"@id\":\"https:\/\/head-beauty.com\/pl\/produkt\/sx-4-18-profesjonalne-nozyczki-do-skorek-x-line-4-ostrza-18-mm-fala\/#primaryimage\"},\"thumbnailUrl\":\"https:\/\/head-beauty.com\/wp-content\/uploads\/2024\/12\/SX-4-18-2-scaled.jpg\",\"datePublished\":\"2024-12-02T12:06:37+00:00\",\"breadcrumb\":{\"@id\":\"https:\/\/head-beauty.com\/pl\/produkt\/sx-4-18-profesjonalne-nozyczki-do-skorek-x-line-4-ostrza-18-mm-fala\/#breadcrumb\"},\"inLanguage\":\"pl-PL\",\"potentialAction\":[{\"@type\":\"ReadAction\",\"target\":[\"https:\/\/head-beauty.com\/pl\/produkt\/sx-4-18-profesjonalne-nozyczki-do-skorek-x-line-4-ostrza-18-mm-fala\/\"]}]},{\"@type\":\"ImageObject\",\"inLanguage\":\"pl-PL\",\"@id\":\"https:\/\/head-beauty.com\/pl\/produkt\/sx-4-18-profesjonalne-nozyczki-do-skorek-x-line-4-ostrza-18-mm-fala\/#primaryimage\",\"url\":\"https:\/\/head-beauty.com\/wp-content\/uploads\/2024\/12\/SX-4-18-2-scaled.jpg\",\"contentUrl\":\"https:\/\/head-beauty.com\/wp-content\/uploads\/2024\/12\/SX-4-18-2-scaled.jpg\",\"width\":2560,\"height\":2560},{\"@type\":\"BreadcrumbList\",\"@id\":\"https:\/\/head-beauty.com\/pl\/produkt\/sx-4-18-profesjonalne-nozyczki-do-skorek-x-line-4-ostrza-18-mm-fala\/#breadcrumb\",\"itemListElement\":[{\"@type\":\"ListItem\",\"position\":1,\"name\":\"Home\",\"item\":\"https:\/\/head-beauty.com\/pl\/\"},{\"@type\":\"ListItem\",\"position\":2,\"name\":\"Sklep\",\"item\":\"https:\/\/head-beauty.com\/pl\/sklep\/\"},{\"@type\":\"ListItem\",\"position\":3,\"name\":\"SX-4-18 Profesjonalne no\u017cyczki do sk\u00f3rek X-line 4, ostrza 18 mm, Fala\"}]},{\"@type\":\"WebSite\",\"@id\":\"https:\/\/head-beauty.com\/pl\/#website\",\"url\":\"https:\/\/head-beauty.com\/pl\/\",\"name\":\"Head - The Beauty Tools\",\"description\":\"\",\"publisher\":{\"@id\":\"https:\/\/head-beauty.com\/pl\/#organization\"},\"potentialAction\":[{\"@type\":\"SearchAction\",\"target\":{\"@type\":\"EntryPoint\",\"urlTemplate\":\"https:\/\/head-beauty.com\/pl\/?s={search_term_string}\"},\"query-input\":{\"@type\":\"PropertyValueSpecification\",\"valueRequired\":true,\"valueName\":\"search_term_string\"}}],\"inLanguage\":\"pl-PL\"},{\"@type\":\"Organization\",\"@id\":\"https:\/\/head-beauty.com\/pl\/#organization\",\"name\":\"Head - The Beauty Tools\",\"url\":\"https:\/\/head-beauty.com\/pl\/\",\"logo\":{\"@type\":\"ImageObject\",\"inLanguage\":\"pl-PL\",\"@id\":\"https:\/\/head-beauty.com\/pl\/#\/schema\/logo\/image\/\",\"url\":\"https:\/\/head-beauty.com\/wp-content\/uploads\/2024\/10\/head-beauty-logo.svg\",\"contentUrl\":\"https:\/\/head-beauty.com\/wp-content\/uploads\/2024\/10\/head-beauty-logo.svg\",\"width\":411.20999999999997953636921010911464691162109375,\"height\":200,\"caption\":\"Head - The Beauty Tools\"},\"image\":{\"@id\":\"https:\/\/head-beauty.com\/pl\/#\/schema\/logo\/image\/\"}}]}<\/script>\n<!-- \/ Yoast SEO plugin. -->","yoast_head_json":{"title":"SX-4-18 Profesjonalne no\u017cyczki do sk\u00f3rek X-line 4, ostrza 18 mm, Fala - Head Beauty","robots":{"index":"index","follow":"follow","max-snippet":"max-snippet:-1","max-image-preview":"max-image-preview:large","max-video-preview":"max-video-preview:-1"},"canonical":"https:\/\/head-beauty.com\/pl\/produkt\/sx-4-18-profesjonalne-nozyczki-do-skorek-x-line-4-ostrza-18-mm-fala\/","og_locale":"pl_PL","og_type":"article","og_title":"SX-4-18 Profesjonalne no\u017cyczki do sk\u00f3rek X-line 4, ostrza 18 mm, Fala - Head Beauty","og_description":"No\u017cyczki w kszta\u0142cie fali odpowiednie dla pocz\u0105tkuj\u0105cych i profesjonalist\u00f3w, \u0142atwe przenoszenie i u\u017cytkowanie, optymalny kszta\u0142t pier\u015bcienia, matowe uchwyty, b\u0142yszcz\u0105ce polerowane uchwyty, lepsza wydajno\u015b\u0107 powierzchni do regularnej dezynfekcji i sterylizacji, ostrzenie r\u0105k, d\u0142u\u017cszy czas pracy, wysoka ergonomia","og_url":"https:\/\/head-beauty.com\/pl\/produkt\/sx-4-18-profesjonalne-nozyczki-do-skorek-x-line-4-ostrza-18-mm-fala\/","og_site_name":"Head Beauty","og_image":[{"width":2560,"height":2560,"url":"https:\/\/head-beauty.com\/wp-content\/uploads\/2024\/12\/SX-4-18-2-scaled.jpg","type":"image\/jpeg"}],"twitter_card":"summary_large_image","schema":{"@context":"https:\/\/schema.org","@graph":[{"@type":"WebPage","@id":"https:\/\/head-beauty.com\/pl\/produkt\/sx-4-18-profesjonalne-nozyczki-do-skorek-x-line-4-ostrza-18-mm-fala\/","url":"https:\/\/head-beauty.com\/pl\/produkt\/sx-4-18-profesjonalne-nozyczki-do-skorek-x-line-4-ostrza-18-mm-fala\/","name":"SX-4-18 Profesjonalne no\u017cyczki do sk\u00f3rek X-line 4, ostrza 18 mm, Fala - Head Beauty","isPartOf":{"@id":"https:\/\/head-beauty.com\/pl\/#website"},"primaryImageOfPage":{"@id":"https:\/\/head-beauty.com\/pl\/produkt\/sx-4-18-profesjonalne-nozyczki-do-skorek-x-line-4-ostrza-18-mm-fala\/#primaryimage"},"image":{"@id":"https:\/\/head-beauty.com\/pl\/produkt\/sx-4-18-profesjonalne-nozyczki-do-skorek-x-line-4-ostrza-18-mm-fala\/#primaryimage"},"thumbnailUrl":"https:\/\/head-beauty.com\/wp-content\/uploads\/2024\/12\/SX-4-18-2-scaled.jpg","datePublished":"2024-12-02T12:06:37+00:00","breadcrumb":{"@id":"https:\/\/head-beauty.com\/pl\/produkt\/sx-4-18-profesjonalne-nozyczki-do-skorek-x-line-4-ostrza-18-mm-fala\/#breadcrumb"},"inLanguage":"pl-PL","potentialAction":[{"@type":"ReadAction","target":["https:\/\/head-beauty.com\/pl\/produkt\/sx-4-18-profesjonalne-nozyczki-do-skorek-x-line-4-ostrza-18-mm-fala\/"]}]},{"@type":"ImageObject","inLanguage":"pl-PL","@id":"https:\/\/head-beauty.com\/pl\/produkt\/sx-4-18-profesjonalne-nozyczki-do-skorek-x-line-4-ostrza-18-mm-fala\/#primaryimage","url":"https:\/\/head-beauty.com\/wp-content\/uploads\/2024\/12\/SX-4-18-2-scaled.jpg","contentUrl":"https:\/\/head-beauty.com\/wp-content\/uploads\/2024\/12\/SX-4-18-2-scaled.jpg","width":2560,"height":2560},{"@type":"BreadcrumbList","@id":"https:\/\/head-beauty.com\/pl\/produkt\/sx-4-18-profesjonalne-nozyczki-do-skorek-x-line-4-ostrza-18-mm-fala\/#breadcrumb","itemListElement":[{"@type":"ListItem","position":1,"name":"Home","item":"https:\/\/head-beauty.com\/pl\/"},{"@type":"ListItem","position":2,"name":"Sklep","item":"https:\/\/head-beauty.com\/pl\/sklep\/"},{"@type":"ListItem","position":3,"name":"SX-4-18 Profesjonalne no\u017cyczki do sk\u00f3rek X-line 4, ostrza 18 mm, Fala"}]},{"@type":"WebSite","@id":"https:\/\/head-beauty.com\/pl\/#website","url":"https:\/\/head-beauty.com\/pl\/","name":"Head - The Beauty Tools","description":"","publisher":{"@id":"https:\/\/head-beauty.com\/pl\/#organization"},"potentialAction":[{"@type":"SearchAction","target":{"@type":"EntryPoint","urlTemplate":"https:\/\/head-beauty.com\/pl\/?s={search_term_string}"},"query-input":{"@type":"PropertyValueSpecification","valueRequired":true,"valueName":"search_term_string"}}],"inLanguage":"pl-PL"},{"@type":"Organization","@id":"https:\/\/head-beauty.com\/pl\/#organization","name":"Head - The Beauty Tools","url":"https:\/\/head-beauty.com\/pl\/","logo":{"@type":"ImageObject","inLanguage":"pl-PL","@id":"https:\/\/head-beauty.com\/pl\/#\/schema\/logo\/image\/","url":"https:\/\/head-beauty.com\/wp-content\/uploads\/2024\/10\/head-beauty-logo.svg","contentUrl":"https:\/\/head-beauty.com\/wp-content\/uploads\/2024\/10\/head-beauty-logo.svg","width":411.20999999999997953636921010911464691162109375,"height":200,"caption":"Head - The Beauty Tools"},"image":{"@id":"https:\/\/head-beauty.com\/pl\/#\/schema\/logo\/image\/"}}]}},"_links":{"self":[{"href":"https:\/\/head-beauty.com\/pl\/wp-json\/wp\/v2\/product\/28780","targetHints":{"allow":["GET"]}}],"collection":[{"href":"https:\/\/head-beauty.com\/pl\/wp-json\/wp\/v2\/product"}],"about":[{"href":"https:\/\/head-beauty.com\/pl\/wp-json\/wp\/v2\/types\/product"}],"wp:featuredmedia":[{"embeddable":true,"href":"https:\/\/head-beauty.com\/pl\/wp-json\/wp\/v2\/media\/30379"}],"wp:attachment":[{"href":"https:\/\/head-beauty.com\/pl\/wp-json\/wp\/v2\/media?parent=28780"}],"wp:term":[{"taxonomy":"product_brand","embeddable":true,"href":"https:\/\/head-beauty.com\/pl\/wp-json\/wp\/v2\/product_brand?post=28780"},{"taxonomy":"product_cat","embeddable":true,"href":"https:\/\/head-beauty.com\/pl\/wp-json\/wp\/v2\/product_cat?post=28780"},{"taxonomy":"product_tag","embeddable":true,"href":"https:\/\/head-beauty.com\/pl\/wp-json\/wp\/v2\/product_tag?post=28780"}],"curies":[{"name":"wp","href":"https:\/\/api.w.org\/{rel}","templated":true}]}}