{"id":24421,"date":"2024-12-04T18:11:01","date_gmt":"2024-12-04T15:11:01","guid":{"rendered":"https:\/\/head-beauty.com\/product\/sx-702-foarfece-profesionale-pentru-cuticule-x-line-lame-18-mm-varf-in-forma-de-carlig\/"},"modified":"2025-06-02T17:44:31","modified_gmt":"2025-06-02T14:44:31","slug":"sx-702-foarfece-profesionale-pentru-cuticule-x-line-lame-18-mm-varf-in-forma-de-carlig","status":"publish","type":"product","link":"https:\/\/head-beauty.com\/ro\/produs\/sx-702-foarfece-profesionale-pentru-cuticule-x-line-lame-18-mm-varf-in-forma-de-carlig\/","title":{"rendered":"SX-702 Foarfece profesionale pentru cuticule L-103mm, lame 18 mm, v\u00e2rf \u00een form\u0103 de c\u00e2rlig"},"content":{"rendered":"<p>Foarfece cu form\u0103 clasic\u0103 cu v\u00e2rf cu c\u00e2rlig potrivite pentru \u00eencep\u0103tori \u0219i profesioni\u0219ti, u\u0219or de mutat \u0219i utilizat, form\u0103 optim\u0103 de inel, m\u00e2nere mate, performan\u021b\u0103 \u00eembun\u0103t\u0103\u021bit\u0103 a suprafe\u021bei pentru dezinfectare \u0219i sterilizare regulat\u0103, ascu\u021bire manual\u0103, perioad\u0103 de lucru mai lung\u0103, ergonomie ridicat\u0103<\/p>\n","protected":false},"excerpt":{"rendered":"<p>Foarfece cu form\u0103 clasic\u0103 cu v\u00e2rf cu c\u00e2rlig potrivite pentru \u00eencep\u0103tori \u0219i profesioni\u0219ti, u\u0219or de mutat \u0219i utilizat, form\u0103 optim\u0103 de inel, m\u00e2nere mate, performan\u021b\u0103 \u00eembun\u0103t\u0103\u021bit\u0103 a suprafe\u021bei pentru dezinfectare \u0219i sterilizare regulat\u0103, ascu\u021bire manual\u0103, perioad\u0103 de lucru mai lung\u0103, ergonomie ridicat\u0103<\/p>\n","protected":false},"featured_media":30457,"template":"","meta":{"_acf_changed":false},"product_brand":[],"product_cat":[356],"product_tag":[411],"class_list":{"0":"post-24421","1":"product","2":"type-product","3":"status-publish","4":"has-post-thumbnail","6":"product_cat-foarfece","7":"product_tag-foarfece-x-line","9":"first","10":"instock","11":"taxable","12":"shipping-taxable","13":"purchasable","14":"product-type-simple"},"acf":[],"yoast_head":"<!-- This site is optimized with the Yoast SEO plugin v24.8.1 - https:\/\/yoast.com\/wordpress\/plugins\/seo\/ -->\n<title>SX-702 Foarfece profesionale pentru cuticule L-103mm, lame 18 mm, v\u00e2rf \u00een form\u0103 de c\u00e2rlig - Head Beauty<\/title>\n<meta name=\"robots\" content=\"index, follow, max-snippet:-1, max-image-preview:large, max-video-preview:-1\" \/>\n<link rel=\"canonical\" href=\"https:\/\/head-beauty.com\/ro\/produs\/sx-702-foarfece-profesionale-pentru-cuticule-x-line-lame-18-mm-varf-in-forma-de-carlig\/\" \/>\n<meta property=\"og:locale\" content=\"ro_RO\" \/>\n<meta property=\"og:type\" content=\"article\" \/>\n<meta property=\"og:title\" content=\"SX-702 Foarfece profesionale pentru cuticule L-103mm, lame 18 mm, v\u00e2rf \u00een form\u0103 de c\u00e2rlig - Head Beauty\" \/>\n<meta property=\"og:description\" content=\"Foarfece cu form\u0103 clasic\u0103 cu v\u00e2rf cu c\u00e2rlig potrivite pentru \u00eencep\u0103tori \u0219i profesioni\u0219ti, u\u0219or de mutat \u0219i utilizat, form\u0103 optim\u0103 de inel, m\u00e2nere mate, performan\u021b\u0103 \u00eembun\u0103t\u0103\u021bit\u0103 a suprafe\u021bei pentru dezinfectare \u0219i sterilizare regulat\u0103, ascu\u021bire manual\u0103, perioad\u0103 de lucru mai lung\u0103, ergonomie ridicat\u0103\" \/>\n<meta property=\"og:url\" content=\"https:\/\/head-beauty.com\/ro\/produs\/sx-702-foarfece-profesionale-pentru-cuticule-x-line-lame-18-mm-varf-in-forma-de-carlig\/\" \/>\n<meta property=\"og:site_name\" content=\"Head Beauty\" \/>\n<meta property=\"article:modified_time\" content=\"2025-06-02T14:44:31+00:00\" \/>\n<meta property=\"og:image\" content=\"https:\/\/head-beauty.com\/wp-content\/uploads\/2024\/12\/SX-702-blades-1-scaled.jpg\" \/>\n\t<meta property=\"og:image:width\" content=\"2560\" \/>\n\t<meta property=\"og:image:height\" content=\"2560\" \/>\n\t<meta property=\"og:image:type\" content=\"image\/jpeg\" \/>\n<meta name=\"twitter:card\" content=\"summary_large_image\" \/>\n<script type=\"application\/ld+json\" class=\"yoast-schema-graph\">{\"@context\":\"https:\/\/schema.org\",\"@graph\":[{\"@type\":\"WebPage\",\"@id\":\"https:\/\/head-beauty.com\/ro\/produs\/sx-702-foarfece-profesionale-pentru-cuticule-x-line-lame-18-mm-varf-in-forma-de-carlig\/\",\"url\":\"https:\/\/head-beauty.com\/ro\/produs\/sx-702-foarfece-profesionale-pentru-cuticule-x-line-lame-18-mm-varf-in-forma-de-carlig\/\",\"name\":\"SX-702 Foarfece profesionale pentru cuticule L-103mm, lame 18 mm, v\u00e2rf \u00een form\u0103 de c\u00e2rlig - Head Beauty\",\"isPartOf\":{\"@id\":\"https:\/\/head-beauty.com\/ro\/#website\"},\"primaryImageOfPage\":{\"@id\":\"https:\/\/head-beauty.com\/ro\/produs\/sx-702-foarfece-profesionale-pentru-cuticule-x-line-lame-18-mm-varf-in-forma-de-carlig\/#primaryimage\"},\"image\":{\"@id\":\"https:\/\/head-beauty.com\/ro\/produs\/sx-702-foarfece-profesionale-pentru-cuticule-x-line-lame-18-mm-varf-in-forma-de-carlig\/#primaryimage\"},\"thumbnailUrl\":\"https:\/\/head-beauty.com\/wp-content\/uploads\/2024\/12\/SX-702-blades-1-scaled.jpg\",\"datePublished\":\"2024-12-04T15:11:01+00:00\",\"dateModified\":\"2025-06-02T14:44:31+00:00\",\"breadcrumb\":{\"@id\":\"https:\/\/head-beauty.com\/ro\/produs\/sx-702-foarfece-profesionale-pentru-cuticule-x-line-lame-18-mm-varf-in-forma-de-carlig\/#breadcrumb\"},\"inLanguage\":\"ro-RO\",\"potentialAction\":[{\"@type\":\"ReadAction\",\"target\":[\"https:\/\/head-beauty.com\/ro\/produs\/sx-702-foarfece-profesionale-pentru-cuticule-x-line-lame-18-mm-varf-in-forma-de-carlig\/\"]}]},{\"@type\":\"ImageObject\",\"inLanguage\":\"ro-RO\",\"@id\":\"https:\/\/head-beauty.com\/ro\/produs\/sx-702-foarfece-profesionale-pentru-cuticule-x-line-lame-18-mm-varf-in-forma-de-carlig\/#primaryimage\",\"url\":\"https:\/\/head-beauty.com\/wp-content\/uploads\/2024\/12\/SX-702-blades-1-scaled.jpg\",\"contentUrl\":\"https:\/\/head-beauty.com\/wp-content\/uploads\/2024\/12\/SX-702-blades-1-scaled.jpg\",\"width\":2560,\"height\":2560},{\"@type\":\"BreadcrumbList\",\"@id\":\"https:\/\/head-beauty.com\/ro\/produs\/sx-702-foarfece-profesionale-pentru-cuticule-x-line-lame-18-mm-varf-in-forma-de-carlig\/#breadcrumb\",\"itemListElement\":[{\"@type\":\"ListItem\",\"position\":1,\"name\":\"Home\",\"item\":\"https:\/\/head-beauty.com\/ro\/\"},{\"@type\":\"ListItem\",\"position\":2,\"name\":\"Magazin\",\"item\":\"https:\/\/head-beauty.com\/ro\/shop\/\"},{\"@type\":\"ListItem\",\"position\":3,\"name\":\"SX-702 Foarfece profesionale pentru cuticule L-103mm, lame 18 mm, v\u00e2rf \u00een form\u0103 de c\u00e2rlig\"}]},{\"@type\":\"WebSite\",\"@id\":\"https:\/\/head-beauty.com\/ro\/#website\",\"url\":\"https:\/\/head-beauty.com\/ro\/\",\"name\":\"Head - The Beauty Tools\",\"description\":\"\",\"publisher\":{\"@id\":\"https:\/\/head-beauty.com\/ro\/#organization\"},\"potentialAction\":[{\"@type\":\"SearchAction\",\"target\":{\"@type\":\"EntryPoint\",\"urlTemplate\":\"https:\/\/head-beauty.com\/ro\/?s={search_term_string}\"},\"query-input\":{\"@type\":\"PropertyValueSpecification\",\"valueRequired\":true,\"valueName\":\"search_term_string\"}}],\"inLanguage\":\"ro-RO\"},{\"@type\":\"Organization\",\"@id\":\"https:\/\/head-beauty.com\/ro\/#organization\",\"name\":\"Head - The Beauty Tools\",\"url\":\"https:\/\/head-beauty.com\/ro\/\",\"logo\":{\"@type\":\"ImageObject\",\"inLanguage\":\"ro-RO\",\"@id\":\"https:\/\/head-beauty.com\/ro\/#\/schema\/logo\/image\/\",\"url\":\"https:\/\/head-beauty.com\/wp-content\/uploads\/2024\/10\/head-beauty-logo.svg\",\"contentUrl\":\"https:\/\/head-beauty.com\/wp-content\/uploads\/2024\/10\/head-beauty-logo.svg\",\"width\":411.20999999999997953636921010911464691162109375,\"height\":200,\"caption\":\"Head - The Beauty Tools\"},\"image\":{\"@id\":\"https:\/\/head-beauty.com\/ro\/#\/schema\/logo\/image\/\"}}]}<\/script>\n<!-- \/ Yoast SEO plugin. -->","yoast_head_json":{"title":"SX-702 Foarfece profesionale pentru cuticule L-103mm, lame 18 mm, v\u00e2rf \u00een form\u0103 de c\u00e2rlig - Head Beauty","robots":{"index":"index","follow":"follow","max-snippet":"max-snippet:-1","max-image-preview":"max-image-preview:large","max-video-preview":"max-video-preview:-1"},"canonical":"https:\/\/head-beauty.com\/ro\/produs\/sx-702-foarfece-profesionale-pentru-cuticule-x-line-lame-18-mm-varf-in-forma-de-carlig\/","og_locale":"ro_RO","og_type":"article","og_title":"SX-702 Foarfece profesionale pentru cuticule L-103mm, lame 18 mm, v\u00e2rf \u00een form\u0103 de c\u00e2rlig - Head Beauty","og_description":"Foarfece cu form\u0103 clasic\u0103 cu v\u00e2rf cu c\u00e2rlig potrivite pentru \u00eencep\u0103tori \u0219i profesioni\u0219ti, u\u0219or de mutat \u0219i utilizat, form\u0103 optim\u0103 de inel, m\u00e2nere mate, performan\u021b\u0103 \u00eembun\u0103t\u0103\u021bit\u0103 a suprafe\u021bei pentru dezinfectare \u0219i sterilizare regulat\u0103, ascu\u021bire manual\u0103, perioad\u0103 de lucru mai lung\u0103, ergonomie ridicat\u0103","og_url":"https:\/\/head-beauty.com\/ro\/produs\/sx-702-foarfece-profesionale-pentru-cuticule-x-line-lame-18-mm-varf-in-forma-de-carlig\/","og_site_name":"Head Beauty","article_modified_time":"2025-06-02T14:44:31+00:00","og_image":[{"width":2560,"height":2560,"url":"https:\/\/head-beauty.com\/wp-content\/uploads\/2024\/12\/SX-702-blades-1-scaled.jpg","type":"image\/jpeg"}],"twitter_card":"summary_large_image","schema":{"@context":"https:\/\/schema.org","@graph":[{"@type":"WebPage","@id":"https:\/\/head-beauty.com\/ro\/produs\/sx-702-foarfece-profesionale-pentru-cuticule-x-line-lame-18-mm-varf-in-forma-de-carlig\/","url":"https:\/\/head-beauty.com\/ro\/produs\/sx-702-foarfece-profesionale-pentru-cuticule-x-line-lame-18-mm-varf-in-forma-de-carlig\/","name":"SX-702 Foarfece profesionale pentru cuticule L-103mm, lame 18 mm, v\u00e2rf \u00een form\u0103 de c\u00e2rlig - Head Beauty","isPartOf":{"@id":"https:\/\/head-beauty.com\/ro\/#website"},"primaryImageOfPage":{"@id":"https:\/\/head-beauty.com\/ro\/produs\/sx-702-foarfece-profesionale-pentru-cuticule-x-line-lame-18-mm-varf-in-forma-de-carlig\/#primaryimage"},"image":{"@id":"https:\/\/head-beauty.com\/ro\/produs\/sx-702-foarfece-profesionale-pentru-cuticule-x-line-lame-18-mm-varf-in-forma-de-carlig\/#primaryimage"},"thumbnailUrl":"https:\/\/head-beauty.com\/wp-content\/uploads\/2024\/12\/SX-702-blades-1-scaled.jpg","datePublished":"2024-12-04T15:11:01+00:00","dateModified":"2025-06-02T14:44:31+00:00","breadcrumb":{"@id":"https:\/\/head-beauty.com\/ro\/produs\/sx-702-foarfece-profesionale-pentru-cuticule-x-line-lame-18-mm-varf-in-forma-de-carlig\/#breadcrumb"},"inLanguage":"ro-RO","potentialAction":[{"@type":"ReadAction","target":["https:\/\/head-beauty.com\/ro\/produs\/sx-702-foarfece-profesionale-pentru-cuticule-x-line-lame-18-mm-varf-in-forma-de-carlig\/"]}]},{"@type":"ImageObject","inLanguage":"ro-RO","@id":"https:\/\/head-beauty.com\/ro\/produs\/sx-702-foarfece-profesionale-pentru-cuticule-x-line-lame-18-mm-varf-in-forma-de-carlig\/#primaryimage","url":"https:\/\/head-beauty.com\/wp-content\/uploads\/2024\/12\/SX-702-blades-1-scaled.jpg","contentUrl":"https:\/\/head-beauty.com\/wp-content\/uploads\/2024\/12\/SX-702-blades-1-scaled.jpg","width":2560,"height":2560},{"@type":"BreadcrumbList","@id":"https:\/\/head-beauty.com\/ro\/produs\/sx-702-foarfece-profesionale-pentru-cuticule-x-line-lame-18-mm-varf-in-forma-de-carlig\/#breadcrumb","itemListElement":[{"@type":"ListItem","position":1,"name":"Home","item":"https:\/\/head-beauty.com\/ro\/"},{"@type":"ListItem","position":2,"name":"Magazin","item":"https:\/\/head-beauty.com\/ro\/shop\/"},{"@type":"ListItem","position":3,"name":"SX-702 Foarfece profesionale pentru cuticule L-103mm, lame 18 mm, v\u00e2rf \u00een form\u0103 de c\u00e2rlig"}]},{"@type":"WebSite","@id":"https:\/\/head-beauty.com\/ro\/#website","url":"https:\/\/head-beauty.com\/ro\/","name":"Head - The Beauty Tools","description":"","publisher":{"@id":"https:\/\/head-beauty.com\/ro\/#organization"},"potentialAction":[{"@type":"SearchAction","target":{"@type":"EntryPoint","urlTemplate":"https:\/\/head-beauty.com\/ro\/?s={search_term_string}"},"query-input":{"@type":"PropertyValueSpecification","valueRequired":true,"valueName":"search_term_string"}}],"inLanguage":"ro-RO"},{"@type":"Organization","@id":"https:\/\/head-beauty.com\/ro\/#organization","name":"Head - The Beauty Tools","url":"https:\/\/head-beauty.com\/ro\/","logo":{"@type":"ImageObject","inLanguage":"ro-RO","@id":"https:\/\/head-beauty.com\/ro\/#\/schema\/logo\/image\/","url":"https:\/\/head-beauty.com\/wp-content\/uploads\/2024\/10\/head-beauty-logo.svg","contentUrl":"https:\/\/head-beauty.com\/wp-content\/uploads\/2024\/10\/head-beauty-logo.svg","width":411.20999999999997953636921010911464691162109375,"height":200,"caption":"Head - The Beauty Tools"},"image":{"@id":"https:\/\/head-beauty.com\/ro\/#\/schema\/logo\/image\/"}}]}},"_links":{"self":[{"href":"https:\/\/head-beauty.com\/ro\/wp-json\/wp\/v2\/product\/24421","targetHints":{"allow":["GET"]}}],"collection":[{"href":"https:\/\/head-beauty.com\/ro\/wp-json\/wp\/v2\/product"}],"about":[{"href":"https:\/\/head-beauty.com\/ro\/wp-json\/wp\/v2\/types\/product"}],"wp:featuredmedia":[{"embeddable":true,"href":"https:\/\/head-beauty.com\/ro\/wp-json\/wp\/v2\/media\/30457"}],"wp:attachment":[{"href":"https:\/\/head-beauty.com\/ro\/wp-json\/wp\/v2\/media?parent=24421"}],"wp:term":[{"taxonomy":"product_brand","embeddable":true,"href":"https:\/\/head-beauty.com\/ro\/wp-json\/wp\/v2\/product_brand?post=24421"},{"taxonomy":"product_cat","embeddable":true,"href":"https:\/\/head-beauty.com\/ro\/wp-json\/wp\/v2\/product_cat?post=24421"},{"taxonomy":"product_tag","embeddable":true,"href":"https:\/\/head-beauty.com\/ro\/wp-json\/wp\/v2\/product_tag?post=24421"}],"curies":[{"name":"wp","href":"https:\/\/api.w.org\/{rel}","templated":true}]}}