{"id":25079,"date":"2024-12-02T15:56:04","date_gmt":"2024-12-02T12:56:04","guid":{"rendered":"https:\/\/head-beauty.com\/product\/hbcl-198rd-023-freza-din-carbura-de-tungsten-con-rotunjit-rosul-80-mmo23-mm-pentru-stangaci\/"},"modified":"2025-10-12T14:47:12","modified_gmt":"2025-10-12T11:47:12","slug":"hbcl-198rd-023-freza-din-carbura-de-tungsten-con-rotunjit-rosul-80-mmo23-mm-pentru-stangaci","status":"publish","type":"product","link":"https:\/\/head-beauty.com\/ro\/produs\/hbcl-198rd-023-freza-din-carbura-de-tungsten-con-rotunjit-rosul-80-mmo23-mm-pentru-stangaci\/","title":{"rendered":"HBCL-198RD.023 Frez\u0103 din carbur\u0103 de tungsten &#8222;con rotunjit&#8221; ro\u0219u,L-8,0 mm,\u00d82,3 mm Pentru st\u00e2ngaci"},"content":{"rendered":"<p>Pentru \u00eendep\u0103rtarea precis\u0103 a lipselor de acoperire (gel, gel-lips\u0103) \u00een locuri greu accesibile, corectarea unghiilor artificiale \u00eendep\u0103rtarea pielii aspre, espelerea moale a cr\u0103p\u0103turilor, prelucrarea fisurilor<\/p>\n","protected":false},"excerpt":{"rendered":"<p>Pentru \u00eendep\u0103rtarea precis\u0103 a lipselor de acoperire (gel, gel-lips\u0103) \u00een locuri greu accesibile, corectarea unghiilor artificiale \u00eendep\u0103rtarea pielii aspre, espelerea moale a cr\u0103p\u0103turilor, prelucrarea fisurilor<\/p>\n","protected":false},"featured_media":20789,"template":"","meta":{"_acf_changed":false},"product_brand":[],"product_cat":[715],"product_tag":[],"class_list":{"0":"post-25079","1":"product","2":"type-product","3":"status-publish","4":"has-post-thumbnail","6":"product_cat-frete-din-carbura-de-tungsten","8":"first","9":"instock","10":"taxable","11":"shipping-taxable","12":"purchasable","13":"product-type-simple"},"acf":[],"yoast_head":"<!-- This site is optimized with the Yoast SEO plugin v24.8.1 - https:\/\/yoast.com\/wordpress\/plugins\/seo\/ -->\n<title>HBCL-198RD.023 Frez\u0103 din carbur\u0103 de tungsten &quot;con rotunjit&quot; ro\u0219u,L-8,0 mm,\u00d82,3 mm Pentru st\u00e2ngaci - Head Beauty<\/title>\n<meta name=\"robots\" content=\"index, follow, max-snippet:-1, max-image-preview:large, max-video-preview:-1\" \/>\n<link rel=\"canonical\" href=\"https:\/\/head-beauty.com\/ro\/produs\/hbcl-198rd-023-freza-din-carbura-de-tungsten-con-rotunjit-rosul-80-mmo23-mm-pentru-stangaci\/\" \/>\n<meta property=\"og:locale\" content=\"ro_RO\" \/>\n<meta property=\"og:type\" content=\"article\" \/>\n<meta property=\"og:title\" content=\"HBCL-198RD.023 Frez\u0103 din carbur\u0103 de tungsten &quot;con rotunjit&quot; ro\u0219u,L-8,0 mm,\u00d82,3 mm Pentru st\u00e2ngaci - Head Beauty\" \/>\n<meta property=\"og:description\" content=\"Pentru \u00eendep\u0103rtarea precis\u0103 a lipselor de acoperire (gel, gel-lips\u0103) \u00een locuri greu accesibile, corectarea unghiilor artificiale \u00eendep\u0103rtarea pielii aspre, espelerea moale a cr\u0103p\u0103turilor, prelucrarea fisurilor\" \/>\n<meta property=\"og:url\" content=\"https:\/\/head-beauty.com\/ro\/produs\/hbcl-198rd-023-freza-din-carbura-de-tungsten-con-rotunjit-rosul-80-mmo23-mm-pentru-stangaci\/\" \/>\n<meta property=\"og:site_name\" content=\"Head Beauty\" \/>\n<meta property=\"article:modified_time\" content=\"2025-10-12T11:47:12+00:00\" \/>\n<meta property=\"og:image\" content=\"https:\/\/head-beauty.com\/wp-content\/uploads\/2024\/12\/HBCL-198RD.023-2-scaled.jpg\" \/>\n\t<meta property=\"og:image:width\" content=\"2560\" \/>\n\t<meta property=\"og:image:height\" content=\"2560\" \/>\n\t<meta property=\"og:image:type\" content=\"image\/jpeg\" \/>\n<meta name=\"twitter:card\" content=\"summary_large_image\" \/>\n<script type=\"application\/ld+json\" class=\"yoast-schema-graph\">{\"@context\":\"https:\/\/schema.org\",\"@graph\":[{\"@type\":\"WebPage\",\"@id\":\"https:\/\/head-beauty.com\/ro\/produs\/hbcl-198rd-023-freza-din-carbura-de-tungsten-con-rotunjit-rosul-80-mmo23-mm-pentru-stangaci\/\",\"url\":\"https:\/\/head-beauty.com\/ro\/produs\/hbcl-198rd-023-freza-din-carbura-de-tungsten-con-rotunjit-rosul-80-mmo23-mm-pentru-stangaci\/\",\"name\":\"HBCL-198RD.023 Frez\u0103 din carbur\u0103 de tungsten \\\"con rotunjit\\\" ro\u0219u,L-8,0 mm,\u00d82,3 mm Pentru st\u00e2ngaci - Head Beauty\",\"isPartOf\":{\"@id\":\"https:\/\/head-beauty.com\/ro\/#website\"},\"primaryImageOfPage\":{\"@id\":\"https:\/\/head-beauty.com\/ro\/produs\/hbcl-198rd-023-freza-din-carbura-de-tungsten-con-rotunjit-rosul-80-mmo23-mm-pentru-stangaci\/#primaryimage\"},\"image\":{\"@id\":\"https:\/\/head-beauty.com\/ro\/produs\/hbcl-198rd-023-freza-din-carbura-de-tungsten-con-rotunjit-rosul-80-mmo23-mm-pentru-stangaci\/#primaryimage\"},\"thumbnailUrl\":\"https:\/\/head-beauty.com\/wp-content\/uploads\/2024\/12\/HBCL-198RD.023-2-scaled.jpg\",\"datePublished\":\"2024-12-02T12:56:04+00:00\",\"dateModified\":\"2025-10-12T11:47:12+00:00\",\"breadcrumb\":{\"@id\":\"https:\/\/head-beauty.com\/ro\/produs\/hbcl-198rd-023-freza-din-carbura-de-tungsten-con-rotunjit-rosul-80-mmo23-mm-pentru-stangaci\/#breadcrumb\"},\"inLanguage\":\"ro-RO\",\"potentialAction\":[{\"@type\":\"ReadAction\",\"target\":[\"https:\/\/head-beauty.com\/ro\/produs\/hbcl-198rd-023-freza-din-carbura-de-tungsten-con-rotunjit-rosul-80-mmo23-mm-pentru-stangaci\/\"]}]},{\"@type\":\"ImageObject\",\"inLanguage\":\"ro-RO\",\"@id\":\"https:\/\/head-beauty.com\/ro\/produs\/hbcl-198rd-023-freza-din-carbura-de-tungsten-con-rotunjit-rosul-80-mmo23-mm-pentru-stangaci\/#primaryimage\",\"url\":\"https:\/\/head-beauty.com\/wp-content\/uploads\/2024\/12\/HBCL-198RD.023-2-scaled.jpg\",\"contentUrl\":\"https:\/\/head-beauty.com\/wp-content\/uploads\/2024\/12\/HBCL-198RD.023-2-scaled.jpg\",\"width\":2560,\"height\":2560,\"caption\":\"Pentru \u00eendep\u0103rtarea precis\u0103 a lipselor de acoperire (gel, gel-lips\u0103) \u00een locuri greu accesibile, corectarea unghiilor artificiale \u00eendep\u0103rtarea pielii aspre, espelerea moale a cr\u0103p\u0103turilor, prelucrarea fisurilor\"},{\"@type\":\"BreadcrumbList\",\"@id\":\"https:\/\/head-beauty.com\/ro\/produs\/hbcl-198rd-023-freza-din-carbura-de-tungsten-con-rotunjit-rosul-80-mmo23-mm-pentru-stangaci\/#breadcrumb\",\"itemListElement\":[{\"@type\":\"ListItem\",\"position\":1,\"name\":\"Home\",\"item\":\"https:\/\/head-beauty.com\/ro\/\"},{\"@type\":\"ListItem\",\"position\":2,\"name\":\"Magazin\",\"item\":\"https:\/\/head-beauty.com\/ro\/shop\/\"},{\"@type\":\"ListItem\",\"position\":3,\"name\":\"HBCL-198RD.023 Frez\u0103 din carbur\u0103 de tungsten &#8222;con rotunjit&#8221; ro\u0219u,L-8,0 mm,\u00d82,3 mm Pentru st\u00e2ngaci\"}]},{\"@type\":\"WebSite\",\"@id\":\"https:\/\/head-beauty.com\/ro\/#website\",\"url\":\"https:\/\/head-beauty.com\/ro\/\",\"name\":\"Head - The Beauty Tools\",\"description\":\"\",\"publisher\":{\"@id\":\"https:\/\/head-beauty.com\/ro\/#organization\"},\"potentialAction\":[{\"@type\":\"SearchAction\",\"target\":{\"@type\":\"EntryPoint\",\"urlTemplate\":\"https:\/\/head-beauty.com\/ro\/?s={search_term_string}\"},\"query-input\":{\"@type\":\"PropertyValueSpecification\",\"valueRequired\":true,\"valueName\":\"search_term_string\"}}],\"inLanguage\":\"ro-RO\"},{\"@type\":\"Organization\",\"@id\":\"https:\/\/head-beauty.com\/ro\/#organization\",\"name\":\"Head - The Beauty Tools\",\"url\":\"https:\/\/head-beauty.com\/ro\/\",\"logo\":{\"@type\":\"ImageObject\",\"inLanguage\":\"ro-RO\",\"@id\":\"https:\/\/head-beauty.com\/ro\/#\/schema\/logo\/image\/\",\"url\":\"https:\/\/head-beauty.com\/wp-content\/uploads\/2024\/10\/head-beauty-logo.svg\",\"contentUrl\":\"https:\/\/head-beauty.com\/wp-content\/uploads\/2024\/10\/head-beauty-logo.svg\",\"width\":411.20999999999997953636921010911464691162109375,\"height\":200,\"caption\":\"Head - The Beauty Tools\"},\"image\":{\"@id\":\"https:\/\/head-beauty.com\/ro\/#\/schema\/logo\/image\/\"}}]}<\/script>\n<!-- \/ Yoast SEO plugin. -->","yoast_head_json":{"title":"HBCL-198RD.023 Frez\u0103 din carbur\u0103 de tungsten \"con rotunjit\" ro\u0219u,L-8,0 mm,\u00d82,3 mm Pentru st\u00e2ngaci - Head Beauty","robots":{"index":"index","follow":"follow","max-snippet":"max-snippet:-1","max-image-preview":"max-image-preview:large","max-video-preview":"max-video-preview:-1"},"canonical":"https:\/\/head-beauty.com\/ro\/produs\/hbcl-198rd-023-freza-din-carbura-de-tungsten-con-rotunjit-rosul-80-mmo23-mm-pentru-stangaci\/","og_locale":"ro_RO","og_type":"article","og_title":"HBCL-198RD.023 Frez\u0103 din carbur\u0103 de tungsten \"con rotunjit\" ro\u0219u,L-8,0 mm,\u00d82,3 mm Pentru st\u00e2ngaci - Head Beauty","og_description":"Pentru \u00eendep\u0103rtarea precis\u0103 a lipselor de acoperire (gel, gel-lips\u0103) \u00een locuri greu accesibile, corectarea unghiilor artificiale \u00eendep\u0103rtarea pielii aspre, espelerea moale a cr\u0103p\u0103turilor, prelucrarea fisurilor","og_url":"https:\/\/head-beauty.com\/ro\/produs\/hbcl-198rd-023-freza-din-carbura-de-tungsten-con-rotunjit-rosul-80-mmo23-mm-pentru-stangaci\/","og_site_name":"Head Beauty","article_modified_time":"2025-10-12T11:47:12+00:00","og_image":[{"width":2560,"height":2560,"url":"https:\/\/head-beauty.com\/wp-content\/uploads\/2024\/12\/HBCL-198RD.023-2-scaled.jpg","type":"image\/jpeg"}],"twitter_card":"summary_large_image","schema":{"@context":"https:\/\/schema.org","@graph":[{"@type":"WebPage","@id":"https:\/\/head-beauty.com\/ro\/produs\/hbcl-198rd-023-freza-din-carbura-de-tungsten-con-rotunjit-rosul-80-mmo23-mm-pentru-stangaci\/","url":"https:\/\/head-beauty.com\/ro\/produs\/hbcl-198rd-023-freza-din-carbura-de-tungsten-con-rotunjit-rosul-80-mmo23-mm-pentru-stangaci\/","name":"HBCL-198RD.023 Frez\u0103 din carbur\u0103 de tungsten \"con rotunjit\" ro\u0219u,L-8,0 mm,\u00d82,3 mm Pentru st\u00e2ngaci - Head Beauty","isPartOf":{"@id":"https:\/\/head-beauty.com\/ro\/#website"},"primaryImageOfPage":{"@id":"https:\/\/head-beauty.com\/ro\/produs\/hbcl-198rd-023-freza-din-carbura-de-tungsten-con-rotunjit-rosul-80-mmo23-mm-pentru-stangaci\/#primaryimage"},"image":{"@id":"https:\/\/head-beauty.com\/ro\/produs\/hbcl-198rd-023-freza-din-carbura-de-tungsten-con-rotunjit-rosul-80-mmo23-mm-pentru-stangaci\/#primaryimage"},"thumbnailUrl":"https:\/\/head-beauty.com\/wp-content\/uploads\/2024\/12\/HBCL-198RD.023-2-scaled.jpg","datePublished":"2024-12-02T12:56:04+00:00","dateModified":"2025-10-12T11:47:12+00:00","breadcrumb":{"@id":"https:\/\/head-beauty.com\/ro\/produs\/hbcl-198rd-023-freza-din-carbura-de-tungsten-con-rotunjit-rosul-80-mmo23-mm-pentru-stangaci\/#breadcrumb"},"inLanguage":"ro-RO","potentialAction":[{"@type":"ReadAction","target":["https:\/\/head-beauty.com\/ro\/produs\/hbcl-198rd-023-freza-din-carbura-de-tungsten-con-rotunjit-rosul-80-mmo23-mm-pentru-stangaci\/"]}]},{"@type":"ImageObject","inLanguage":"ro-RO","@id":"https:\/\/head-beauty.com\/ro\/produs\/hbcl-198rd-023-freza-din-carbura-de-tungsten-con-rotunjit-rosul-80-mmo23-mm-pentru-stangaci\/#primaryimage","url":"https:\/\/head-beauty.com\/wp-content\/uploads\/2024\/12\/HBCL-198RD.023-2-scaled.jpg","contentUrl":"https:\/\/head-beauty.com\/wp-content\/uploads\/2024\/12\/HBCL-198RD.023-2-scaled.jpg","width":2560,"height":2560,"caption":"Pentru \u00eendep\u0103rtarea precis\u0103 a lipselor de acoperire (gel, gel-lips\u0103) \u00een locuri greu accesibile, corectarea unghiilor artificiale \u00eendep\u0103rtarea pielii aspre, espelerea moale a cr\u0103p\u0103turilor, prelucrarea fisurilor"},{"@type":"BreadcrumbList","@id":"https:\/\/head-beauty.com\/ro\/produs\/hbcl-198rd-023-freza-din-carbura-de-tungsten-con-rotunjit-rosul-80-mmo23-mm-pentru-stangaci\/#breadcrumb","itemListElement":[{"@type":"ListItem","position":1,"name":"Home","item":"https:\/\/head-beauty.com\/ro\/"},{"@type":"ListItem","position":2,"name":"Magazin","item":"https:\/\/head-beauty.com\/ro\/shop\/"},{"@type":"ListItem","position":3,"name":"HBCL-198RD.023 Frez\u0103 din carbur\u0103 de tungsten &#8222;con rotunjit&#8221; ro\u0219u,L-8,0 mm,\u00d82,3 mm Pentru st\u00e2ngaci"}]},{"@type":"WebSite","@id":"https:\/\/head-beauty.com\/ro\/#website","url":"https:\/\/head-beauty.com\/ro\/","name":"Head - The Beauty Tools","description":"","publisher":{"@id":"https:\/\/head-beauty.com\/ro\/#organization"},"potentialAction":[{"@type":"SearchAction","target":{"@type":"EntryPoint","urlTemplate":"https:\/\/head-beauty.com\/ro\/?s={search_term_string}"},"query-input":{"@type":"PropertyValueSpecification","valueRequired":true,"valueName":"search_term_string"}}],"inLanguage":"ro-RO"},{"@type":"Organization","@id":"https:\/\/head-beauty.com\/ro\/#organization","name":"Head - The Beauty Tools","url":"https:\/\/head-beauty.com\/ro\/","logo":{"@type":"ImageObject","inLanguage":"ro-RO","@id":"https:\/\/head-beauty.com\/ro\/#\/schema\/logo\/image\/","url":"https:\/\/head-beauty.com\/wp-content\/uploads\/2024\/10\/head-beauty-logo.svg","contentUrl":"https:\/\/head-beauty.com\/wp-content\/uploads\/2024\/10\/head-beauty-logo.svg","width":411.20999999999997953636921010911464691162109375,"height":200,"caption":"Head - The Beauty Tools"},"image":{"@id":"https:\/\/head-beauty.com\/ro\/#\/schema\/logo\/image\/"}}]}},"_links":{"self":[{"href":"https:\/\/head-beauty.com\/ro\/wp-json\/wp\/v2\/product\/25079","targetHints":{"allow":["GET"]}}],"collection":[{"href":"https:\/\/head-beauty.com\/ro\/wp-json\/wp\/v2\/product"}],"about":[{"href":"https:\/\/head-beauty.com\/ro\/wp-json\/wp\/v2\/types\/product"}],"wp:featuredmedia":[{"embeddable":true,"href":"https:\/\/head-beauty.com\/ro\/wp-json\/wp\/v2\/media\/20789"}],"wp:attachment":[{"href":"https:\/\/head-beauty.com\/ro\/wp-json\/wp\/v2\/media?parent=25079"}],"wp:term":[{"taxonomy":"product_brand","embeddable":true,"href":"https:\/\/head-beauty.com\/ro\/wp-json\/wp\/v2\/product_brand?post=25079"},{"taxonomy":"product_cat","embeddable":true,"href":"https:\/\/head-beauty.com\/ro\/wp-json\/wp\/v2\/product_cat?post=25079"},{"taxonomy":"product_tag","embeddable":true,"href":"https:\/\/head-beauty.com\/ro\/wp-json\/wp\/v2\/product_tag?post=25079"}],"curies":[{"name":"wp","href":"https:\/\/api.w.org\/{rel}","templated":true}]}}