{"id":25302,"date":"2024-12-02T15:40:38","date_gmt":"2024-12-02T12:40:38","guid":{"rendered":"https:\/\/head-beauty.com\/product\/ny-1-clesti-pentru-cuticule-profesionale-y-line-1\/"},"modified":"2024-12-02T15:40:38","modified_gmt":"2024-12-02T12:40:38","slug":"ny-1-clesti-pentru-cuticule-profesionale-y-line-1","status":"publish","type":"product","link":"https:\/\/head-beauty.com\/ro\/produs\/ny-1-clesti-pentru-cuticule-profesionale-y-line-1\/","title":{"rendered":"NY-1 Cle\u0219ti pentru cuticule profesionale Y-line 1"},"content":{"rendered":"<p>\u00cendoire unic\u0103, ergonomic\u0103 a m\u00e2nerelor, oferind o pozi\u021bie confortabil\u0103 pentru m\u00e2na comandantului \u00een timpul lucrului, Lustruire lucioas\u0103 perfect\u0103 a \u00eentregii suprafe\u021be a produsului, \u00eenchidere moale \u0219i lin\u0103 a m\u00e2nerelor, potrivit\u0103 pentru \u00eencep\u0103tori \u0219i profesioni\u0219ti, rezisten\u021b\u0103 ridicat\u0103 la coroziune \u0219i durat\u0103 de via\u021b\u0103 mai lung\u0103<\/p>\n","protected":false},"excerpt":{"rendered":"<p>\u00cendoire unic\u0103, ergonomic\u0103 a m\u00e2nerelor, oferind o pozi\u021bie confortabil\u0103 pentru m\u00e2na comandantului \u00een timpul lucrului, Lustruire lucioas\u0103 perfect\u0103 a \u00eentregii suprafe\u021be a produsului, \u00eenchidere moale \u0219i lin\u0103 a m\u00e2nerelor, potrivit\u0103 pentru \u00eencep\u0103tori \u0219i profesioni\u0219ti, rezisten\u021b\u0103 ridicat\u0103 la coroziune \u0219i durat\u0103 de via\u021b\u0103 mai lung\u0103<\/p>\n","protected":false},"featured_media":20393,"template":"","meta":{"_acf_changed":false},"product_brand":[],"product_cat":[357],"product_tag":[820],"class_list":{"0":"post-25302","1":"product","2":"type-product","3":"status-publish","4":"has-post-thumbnail","6":"product_cat-clesti-pentru-cuticule","7":"product_tag-supreme-nippers-y-line","9":"first","10":"instock","11":"taxable","12":"shipping-taxable","13":"purchasable","14":"product-type-variable"},"acf":[],"yoast_head":"<!-- This site is optimized with the Yoast SEO plugin v24.8.1 - https:\/\/yoast.com\/wordpress\/plugins\/seo\/ -->\n<title>NY-1 Cle\u0219ti pentru cuticule profesionale Y-line 1 - Head Beauty<\/title>\n<meta name=\"robots\" content=\"index, follow, max-snippet:-1, max-image-preview:large, max-video-preview:-1\" \/>\n<link rel=\"canonical\" href=\"https:\/\/head-beauty.com\/ro\/produs\/ny-1-clesti-pentru-cuticule-profesionale-y-line-1\/\" \/>\n<meta property=\"og:locale\" content=\"ro_RO\" \/>\n<meta property=\"og:type\" content=\"article\" \/>\n<meta property=\"og:title\" content=\"NY-1 Cle\u0219ti pentru cuticule profesionale Y-line 1 - Head Beauty\" \/>\n<meta property=\"og:description\" content=\"\u00cendoire unic\u0103, ergonomic\u0103 a m\u00e2nerelor, oferind o pozi\u021bie confortabil\u0103 pentru m\u00e2na comandantului \u00een timpul lucrului, Lustruire lucioas\u0103 perfect\u0103 a \u00eentregii suprafe\u021be a produsului, \u00eenchidere moale \u0219i lin\u0103 a m\u00e2nerelor, potrivit\u0103 pentru \u00eencep\u0103tori \u0219i profesioni\u0219ti, rezisten\u021b\u0103 ridicat\u0103 la coroziune \u0219i durat\u0103 de via\u021b\u0103 mai lung\u0103\" \/>\n<meta property=\"og:url\" content=\"https:\/\/head-beauty.com\/ro\/produs\/ny-1-clesti-pentru-cuticule-profesionale-y-line-1\/\" \/>\n<meta property=\"og:site_name\" content=\"Head Beauty\" \/>\n<meta property=\"og:image\" content=\"https:\/\/head-beauty.com\/wp-content\/uploads\/2024\/12\/CN8-1.jpg\" \/>\n\t<meta property=\"og:image:width\" content=\"1920\" \/>\n\t<meta property=\"og:image:height\" content=\"1920\" \/>\n\t<meta property=\"og:image:type\" content=\"image\/jpeg\" \/>\n<meta name=\"twitter:card\" content=\"summary_large_image\" \/>\n<script type=\"application\/ld+json\" class=\"yoast-schema-graph\">{\"@context\":\"https:\/\/schema.org\",\"@graph\":[{\"@type\":\"WebPage\",\"@id\":\"https:\/\/head-beauty.com\/ro\/produs\/ny-1-clesti-pentru-cuticule-profesionale-y-line-1\/\",\"url\":\"https:\/\/head-beauty.com\/ro\/produs\/ny-1-clesti-pentru-cuticule-profesionale-y-line-1\/\",\"name\":\"NY-1 Cle\u0219ti pentru cuticule profesionale Y-line 1 - Head Beauty\",\"isPartOf\":{\"@id\":\"https:\/\/head-beauty.com\/ro\/#website\"},\"primaryImageOfPage\":{\"@id\":\"https:\/\/head-beauty.com\/ro\/produs\/ny-1-clesti-pentru-cuticule-profesionale-y-line-1\/#primaryimage\"},\"image\":{\"@id\":\"https:\/\/head-beauty.com\/ro\/produs\/ny-1-clesti-pentru-cuticule-profesionale-y-line-1\/#primaryimage\"},\"thumbnailUrl\":\"https:\/\/head-beauty.com\/wp-content\/uploads\/2024\/12\/CN8-1.jpg\",\"datePublished\":\"2024-12-02T12:40:38+00:00\",\"breadcrumb\":{\"@id\":\"https:\/\/head-beauty.com\/ro\/produs\/ny-1-clesti-pentru-cuticule-profesionale-y-line-1\/#breadcrumb\"},\"inLanguage\":\"ro-RO\",\"potentialAction\":[{\"@type\":\"ReadAction\",\"target\":[\"https:\/\/head-beauty.com\/ro\/produs\/ny-1-clesti-pentru-cuticule-profesionale-y-line-1\/\"]}]},{\"@type\":\"ImageObject\",\"inLanguage\":\"ro-RO\",\"@id\":\"https:\/\/head-beauty.com\/ro\/produs\/ny-1-clesti-pentru-cuticule-profesionale-y-line-1\/#primaryimage\",\"url\":\"https:\/\/head-beauty.com\/wp-content\/uploads\/2024\/12\/CN8-1.jpg\",\"contentUrl\":\"https:\/\/head-beauty.com\/wp-content\/uploads\/2024\/12\/CN8-1.jpg\",\"width\":1920,\"height\":1920,\"caption\":\"\u00cendoire unic\u0103, ergonomic\u0103 a m\u00e2nerelor, oferind o pozi\u021bie confortabil\u0103 pentru m\u00e2na comandantului \u00een timpul lucrului, Lustruire lucioas\u0103 perfect\u0103 a \u00eentregii suprafe\u021be a produsului, \u00eenchidere moale \u0219i lin\u0103 a m\u00e2nerelor, potrivit\u0103 pentru \u00eencep\u0103tori \u0219i profesioni\u0219ti, rezisten\u021b\u0103 ridicat\u0103 la coroziune \u0219i durat\u0103 de via\u021b\u0103 mai lung\u0103\"},{\"@type\":\"BreadcrumbList\",\"@id\":\"https:\/\/head-beauty.com\/ro\/produs\/ny-1-clesti-pentru-cuticule-profesionale-y-line-1\/#breadcrumb\",\"itemListElement\":[{\"@type\":\"ListItem\",\"position\":1,\"name\":\"Home\",\"item\":\"https:\/\/head-beauty.com\/ro\/\"},{\"@type\":\"ListItem\",\"position\":2,\"name\":\"Magazin\",\"item\":\"https:\/\/head-beauty.com\/ro\/shop\/\"},{\"@type\":\"ListItem\",\"position\":3,\"name\":\"NY-1 Cle\u0219ti pentru cuticule profesionale Y-line 1\"}]},{\"@type\":\"WebSite\",\"@id\":\"https:\/\/head-beauty.com\/ro\/#website\",\"url\":\"https:\/\/head-beauty.com\/ro\/\",\"name\":\"Head - The Beauty Tools\",\"description\":\"\",\"publisher\":{\"@id\":\"https:\/\/head-beauty.com\/ro\/#organization\"},\"potentialAction\":[{\"@type\":\"SearchAction\",\"target\":{\"@type\":\"EntryPoint\",\"urlTemplate\":\"https:\/\/head-beauty.com\/ro\/?s={search_term_string}\"},\"query-input\":{\"@type\":\"PropertyValueSpecification\",\"valueRequired\":true,\"valueName\":\"search_term_string\"}}],\"inLanguage\":\"ro-RO\"},{\"@type\":\"Organization\",\"@id\":\"https:\/\/head-beauty.com\/ro\/#organization\",\"name\":\"Head - The Beauty Tools\",\"url\":\"https:\/\/head-beauty.com\/ro\/\",\"logo\":{\"@type\":\"ImageObject\",\"inLanguage\":\"ro-RO\",\"@id\":\"https:\/\/head-beauty.com\/ro\/#\/schema\/logo\/image\/\",\"url\":\"https:\/\/head-beauty.com\/wp-content\/uploads\/2024\/10\/head-beauty-logo.svg\",\"contentUrl\":\"https:\/\/head-beauty.com\/wp-content\/uploads\/2024\/10\/head-beauty-logo.svg\",\"width\":411.20999999999997953636921010911464691162109375,\"height\":200,\"caption\":\"Head - The Beauty Tools\"},\"image\":{\"@id\":\"https:\/\/head-beauty.com\/ro\/#\/schema\/logo\/image\/\"}}]}<\/script>\n<!-- \/ Yoast SEO plugin. -->","yoast_head_json":{"title":"NY-1 Cle\u0219ti pentru cuticule profesionale Y-line 1 - Head Beauty","robots":{"index":"index","follow":"follow","max-snippet":"max-snippet:-1","max-image-preview":"max-image-preview:large","max-video-preview":"max-video-preview:-1"},"canonical":"https:\/\/head-beauty.com\/ro\/produs\/ny-1-clesti-pentru-cuticule-profesionale-y-line-1\/","og_locale":"ro_RO","og_type":"article","og_title":"NY-1 Cle\u0219ti pentru cuticule profesionale Y-line 1 - Head Beauty","og_description":"\u00cendoire unic\u0103, ergonomic\u0103 a m\u00e2nerelor, oferind o pozi\u021bie confortabil\u0103 pentru m\u00e2na comandantului \u00een timpul lucrului, Lustruire lucioas\u0103 perfect\u0103 a \u00eentregii suprafe\u021be a produsului, \u00eenchidere moale \u0219i lin\u0103 a m\u00e2nerelor, potrivit\u0103 pentru \u00eencep\u0103tori \u0219i profesioni\u0219ti, rezisten\u021b\u0103 ridicat\u0103 la coroziune \u0219i durat\u0103 de via\u021b\u0103 mai lung\u0103","og_url":"https:\/\/head-beauty.com\/ro\/produs\/ny-1-clesti-pentru-cuticule-profesionale-y-line-1\/","og_site_name":"Head Beauty","og_image":[{"width":1920,"height":1920,"url":"https:\/\/head-beauty.com\/wp-content\/uploads\/2024\/12\/CN8-1.jpg","type":"image\/jpeg"}],"twitter_card":"summary_large_image","schema":{"@context":"https:\/\/schema.org","@graph":[{"@type":"WebPage","@id":"https:\/\/head-beauty.com\/ro\/produs\/ny-1-clesti-pentru-cuticule-profesionale-y-line-1\/","url":"https:\/\/head-beauty.com\/ro\/produs\/ny-1-clesti-pentru-cuticule-profesionale-y-line-1\/","name":"NY-1 Cle\u0219ti pentru cuticule profesionale Y-line 1 - Head Beauty","isPartOf":{"@id":"https:\/\/head-beauty.com\/ro\/#website"},"primaryImageOfPage":{"@id":"https:\/\/head-beauty.com\/ro\/produs\/ny-1-clesti-pentru-cuticule-profesionale-y-line-1\/#primaryimage"},"image":{"@id":"https:\/\/head-beauty.com\/ro\/produs\/ny-1-clesti-pentru-cuticule-profesionale-y-line-1\/#primaryimage"},"thumbnailUrl":"https:\/\/head-beauty.com\/wp-content\/uploads\/2024\/12\/CN8-1.jpg","datePublished":"2024-12-02T12:40:38+00:00","breadcrumb":{"@id":"https:\/\/head-beauty.com\/ro\/produs\/ny-1-clesti-pentru-cuticule-profesionale-y-line-1\/#breadcrumb"},"inLanguage":"ro-RO","potentialAction":[{"@type":"ReadAction","target":["https:\/\/head-beauty.com\/ro\/produs\/ny-1-clesti-pentru-cuticule-profesionale-y-line-1\/"]}]},{"@type":"ImageObject","inLanguage":"ro-RO","@id":"https:\/\/head-beauty.com\/ro\/produs\/ny-1-clesti-pentru-cuticule-profesionale-y-line-1\/#primaryimage","url":"https:\/\/head-beauty.com\/wp-content\/uploads\/2024\/12\/CN8-1.jpg","contentUrl":"https:\/\/head-beauty.com\/wp-content\/uploads\/2024\/12\/CN8-1.jpg","width":1920,"height":1920,"caption":"\u00cendoire unic\u0103, ergonomic\u0103 a m\u00e2nerelor, oferind o pozi\u021bie confortabil\u0103 pentru m\u00e2na comandantului \u00een timpul lucrului, Lustruire lucioas\u0103 perfect\u0103 a \u00eentregii suprafe\u021be a produsului, \u00eenchidere moale \u0219i lin\u0103 a m\u00e2nerelor, potrivit\u0103 pentru \u00eencep\u0103tori \u0219i profesioni\u0219ti, rezisten\u021b\u0103 ridicat\u0103 la coroziune \u0219i durat\u0103 de via\u021b\u0103 mai lung\u0103"},{"@type":"BreadcrumbList","@id":"https:\/\/head-beauty.com\/ro\/produs\/ny-1-clesti-pentru-cuticule-profesionale-y-line-1\/#breadcrumb","itemListElement":[{"@type":"ListItem","position":1,"name":"Home","item":"https:\/\/head-beauty.com\/ro\/"},{"@type":"ListItem","position":2,"name":"Magazin","item":"https:\/\/head-beauty.com\/ro\/shop\/"},{"@type":"ListItem","position":3,"name":"NY-1 Cle\u0219ti pentru cuticule profesionale Y-line 1"}]},{"@type":"WebSite","@id":"https:\/\/head-beauty.com\/ro\/#website","url":"https:\/\/head-beauty.com\/ro\/","name":"Head - The Beauty Tools","description":"","publisher":{"@id":"https:\/\/head-beauty.com\/ro\/#organization"},"potentialAction":[{"@type":"SearchAction","target":{"@type":"EntryPoint","urlTemplate":"https:\/\/head-beauty.com\/ro\/?s={search_term_string}"},"query-input":{"@type":"PropertyValueSpecification","valueRequired":true,"valueName":"search_term_string"}}],"inLanguage":"ro-RO"},{"@type":"Organization","@id":"https:\/\/head-beauty.com\/ro\/#organization","name":"Head - The Beauty Tools","url":"https:\/\/head-beauty.com\/ro\/","logo":{"@type":"ImageObject","inLanguage":"ro-RO","@id":"https:\/\/head-beauty.com\/ro\/#\/schema\/logo\/image\/","url":"https:\/\/head-beauty.com\/wp-content\/uploads\/2024\/10\/head-beauty-logo.svg","contentUrl":"https:\/\/head-beauty.com\/wp-content\/uploads\/2024\/10\/head-beauty-logo.svg","width":411.20999999999997953636921010911464691162109375,"height":200,"caption":"Head - The Beauty Tools"},"image":{"@id":"https:\/\/head-beauty.com\/ro\/#\/schema\/logo\/image\/"}}]}},"_links":{"self":[{"href":"https:\/\/head-beauty.com\/ro\/wp-json\/wp\/v2\/product\/25302","targetHints":{"allow":["GET"]}}],"collection":[{"href":"https:\/\/head-beauty.com\/ro\/wp-json\/wp\/v2\/product"}],"about":[{"href":"https:\/\/head-beauty.com\/ro\/wp-json\/wp\/v2\/types\/product"}],"wp:featuredmedia":[{"embeddable":true,"href":"https:\/\/head-beauty.com\/ro\/wp-json\/wp\/v2\/media\/20393"}],"wp:attachment":[{"href":"https:\/\/head-beauty.com\/ro\/wp-json\/wp\/v2\/media?parent=25302"}],"wp:term":[{"taxonomy":"product_brand","embeddable":true,"href":"https:\/\/head-beauty.com\/ro\/wp-json\/wp\/v2\/product_brand?post=25302"},{"taxonomy":"product_cat","embeddable":true,"href":"https:\/\/head-beauty.com\/ro\/wp-json\/wp\/v2\/product_cat?post=25302"},{"taxonomy":"product_tag","embeddable":true,"href":"https:\/\/head-beauty.com\/ro\/wp-json\/wp\/v2\/product_tag?post=25302"}],"curies":[{"name":"wp","href":"https:\/\/api.w.org\/{rel}","templated":true}]}}