{"id":27745,"date":"2024-12-02T15:43:28","date_gmt":"2024-12-02T12:43:28","guid":{"rendered":"https:\/\/head-beauty.com\/product\/hbd-111rd-diamant-cilindru-rosu\/"},"modified":"2024-12-02T15:43:28","modified_gmt":"2024-12-02T12:43:28","slug":"hbd-111rd-diamant-cilindru-rosu","status":"publish","type":"product","link":"https:\/\/head-beauty.com\/ro\/produs\/hbd-111rd-diamant-cilindru-rosu\/","title":{"rendered":"HBD-111RD Diamant &#8222;cilindru&#8221; ro\u0219u"},"content":{"rendered":"<p>Pentru prelucrarea crestelor laterale, preg\u0103tirea suprafe\u021bei pl\u0103cii de unghii, corectarea marginii libere, \u00eendep\u0103rtarea pielii keratonizate, esc\u00e2ndur\u0103 moale<\/p>\n","protected":false},"excerpt":{"rendered":"<p>Pentru prelucrarea crestelor laterale, preg\u0103tirea suprafe\u021bei pl\u0103cii de unghii, corectarea marginii libere, \u00eendep\u0103rtarea pielii keratonizate, esc\u00e2ndur\u0103 moale<\/p>\n","protected":false},"featured_media":20481,"template":"","meta":{"_acf_changed":false},"product_brand":[],"product_cat":[195],"product_tag":[],"class_list":{"0":"post-27745","1":"product","2":"type-product","3":"status-publish","4":"has-post-thumbnail","6":"product_cat-freze-diamantate","8":"first","9":"instock","10":"taxable","11":"shipping-taxable","12":"purchasable","13":"product-type-variable"},"acf":[],"yoast_head":"<!-- This site is optimized with the Yoast SEO plugin v24.8.1 - https:\/\/yoast.com\/wordpress\/plugins\/seo\/ -->\n<title>HBD-111RD Diamant &quot;cilindru&quot; ro\u0219u - Head Beauty<\/title>\n<meta name=\"robots\" content=\"index, follow, max-snippet:-1, max-image-preview:large, max-video-preview:-1\" \/>\n<link rel=\"canonical\" href=\"https:\/\/head-beauty.com\/ro\/produs\/hbd-111rd-diamant-cilindru-rosu\/\" \/>\n<meta property=\"og:locale\" content=\"ro_RO\" \/>\n<meta property=\"og:type\" content=\"article\" \/>\n<meta property=\"og:title\" content=\"HBD-111RD Diamant &quot;cilindru&quot; ro\u0219u - Head Beauty\" \/>\n<meta property=\"og:description\" content=\"Pentru prelucrarea crestelor laterale, preg\u0103tirea suprafe\u021bei pl\u0103cii de unghii, corectarea marginii libere, \u00eendep\u0103rtarea pielii keratonizate, esc\u00e2ndur\u0103 moale\" \/>\n<meta property=\"og:url\" content=\"https:\/\/head-beauty.com\/ro\/produs\/hbd-111rd-diamant-cilindru-rosu\/\" \/>\n<meta property=\"og:site_name\" content=\"Head Beauty\" \/>\n<meta property=\"og:image\" content=\"https:\/\/head-beauty.com\/wp-content\/uploads\/2024\/12\/DB7-1-scaled.jpg\" \/>\n\t<meta property=\"og:image:width\" content=\"2560\" \/>\n\t<meta property=\"og:image:height\" content=\"2560\" \/>\n\t<meta property=\"og:image:type\" content=\"image\/jpeg\" \/>\n<meta name=\"twitter:card\" content=\"summary_large_image\" \/>\n<script type=\"application\/ld+json\" class=\"yoast-schema-graph\">{\"@context\":\"https:\/\/schema.org\",\"@graph\":[{\"@type\":\"WebPage\",\"@id\":\"https:\/\/head-beauty.com\/ro\/produs\/hbd-111rd-diamant-cilindru-rosu\/\",\"url\":\"https:\/\/head-beauty.com\/ro\/produs\/hbd-111rd-diamant-cilindru-rosu\/\",\"name\":\"HBD-111RD Diamant \\\"cilindru\\\" ro\u0219u - Head Beauty\",\"isPartOf\":{\"@id\":\"https:\/\/head-beauty.com\/ro\/#website\"},\"primaryImageOfPage\":{\"@id\":\"https:\/\/head-beauty.com\/ro\/produs\/hbd-111rd-diamant-cilindru-rosu\/#primaryimage\"},\"image\":{\"@id\":\"https:\/\/head-beauty.com\/ro\/produs\/hbd-111rd-diamant-cilindru-rosu\/#primaryimage\"},\"thumbnailUrl\":\"https:\/\/head-beauty.com\/wp-content\/uploads\/2024\/12\/DB7-1-scaled.jpg\",\"datePublished\":\"2024-12-02T12:43:28+00:00\",\"breadcrumb\":{\"@id\":\"https:\/\/head-beauty.com\/ro\/produs\/hbd-111rd-diamant-cilindru-rosu\/#breadcrumb\"},\"inLanguage\":\"ro-RO\",\"potentialAction\":[{\"@type\":\"ReadAction\",\"target\":[\"https:\/\/head-beauty.com\/ro\/produs\/hbd-111rd-diamant-cilindru-rosu\/\"]}]},{\"@type\":\"ImageObject\",\"inLanguage\":\"ro-RO\",\"@id\":\"https:\/\/head-beauty.com\/ro\/produs\/hbd-111rd-diamant-cilindru-rosu\/#primaryimage\",\"url\":\"https:\/\/head-beauty.com\/wp-content\/uploads\/2024\/12\/DB7-1-scaled.jpg\",\"contentUrl\":\"https:\/\/head-beauty.com\/wp-content\/uploads\/2024\/12\/DB7-1-scaled.jpg\",\"width\":2560,\"height\":2560,\"caption\":\"Pentru prelucrarea crestelor laterale, preg\u0103tirea suprafe\u021bei pl\u0103cii de unghii, corectarea marginii libere, \u00eendep\u0103rtarea pielii keratonizate, esc\u00e2ndur\u0103 moale\"},{\"@type\":\"BreadcrumbList\",\"@id\":\"https:\/\/head-beauty.com\/ro\/produs\/hbd-111rd-diamant-cilindru-rosu\/#breadcrumb\",\"itemListElement\":[{\"@type\":\"ListItem\",\"position\":1,\"name\":\"Home\",\"item\":\"https:\/\/head-beauty.com\/ro\/\"},{\"@type\":\"ListItem\",\"position\":2,\"name\":\"Magazin\",\"item\":\"https:\/\/head-beauty.com\/ro\/shop\/\"},{\"@type\":\"ListItem\",\"position\":3,\"name\":\"HBD-111RD Diamant &#8220;cilindru&#8221; ro\u0219u\"}]},{\"@type\":\"WebSite\",\"@id\":\"https:\/\/head-beauty.com\/ro\/#website\",\"url\":\"https:\/\/head-beauty.com\/ro\/\",\"name\":\"Head - The Beauty Tools\",\"description\":\"\",\"publisher\":{\"@id\":\"https:\/\/head-beauty.com\/ro\/#organization\"},\"potentialAction\":[{\"@type\":\"SearchAction\",\"target\":{\"@type\":\"EntryPoint\",\"urlTemplate\":\"https:\/\/head-beauty.com\/ro\/?s={search_term_string}\"},\"query-input\":{\"@type\":\"PropertyValueSpecification\",\"valueRequired\":true,\"valueName\":\"search_term_string\"}}],\"inLanguage\":\"ro-RO\"},{\"@type\":\"Organization\",\"@id\":\"https:\/\/head-beauty.com\/ro\/#organization\",\"name\":\"Head - The Beauty Tools\",\"url\":\"https:\/\/head-beauty.com\/ro\/\",\"logo\":{\"@type\":\"ImageObject\",\"inLanguage\":\"ro-RO\",\"@id\":\"https:\/\/head-beauty.com\/ro\/#\/schema\/logo\/image\/\",\"url\":\"https:\/\/head-beauty.com\/wp-content\/uploads\/2024\/10\/head-beauty-logo.svg\",\"contentUrl\":\"https:\/\/head-beauty.com\/wp-content\/uploads\/2024\/10\/head-beauty-logo.svg\",\"width\":411.20999999999997953636921010911464691162109375,\"height\":200,\"caption\":\"Head - The Beauty Tools\"},\"image\":{\"@id\":\"https:\/\/head-beauty.com\/ro\/#\/schema\/logo\/image\/\"}}]}<\/script>\n<!-- \/ Yoast SEO plugin. -->","yoast_head_json":{"title":"HBD-111RD Diamant \"cilindru\" ro\u0219u - Head Beauty","robots":{"index":"index","follow":"follow","max-snippet":"max-snippet:-1","max-image-preview":"max-image-preview:large","max-video-preview":"max-video-preview:-1"},"canonical":"https:\/\/head-beauty.com\/ro\/produs\/hbd-111rd-diamant-cilindru-rosu\/","og_locale":"ro_RO","og_type":"article","og_title":"HBD-111RD Diamant \"cilindru\" ro\u0219u - Head Beauty","og_description":"Pentru prelucrarea crestelor laterale, preg\u0103tirea suprafe\u021bei pl\u0103cii de unghii, corectarea marginii libere, \u00eendep\u0103rtarea pielii keratonizate, esc\u00e2ndur\u0103 moale","og_url":"https:\/\/head-beauty.com\/ro\/produs\/hbd-111rd-diamant-cilindru-rosu\/","og_site_name":"Head Beauty","og_image":[{"width":2560,"height":2560,"url":"https:\/\/head-beauty.com\/wp-content\/uploads\/2024\/12\/DB7-1-scaled.jpg","type":"image\/jpeg"}],"twitter_card":"summary_large_image","schema":{"@context":"https:\/\/schema.org","@graph":[{"@type":"WebPage","@id":"https:\/\/head-beauty.com\/ro\/produs\/hbd-111rd-diamant-cilindru-rosu\/","url":"https:\/\/head-beauty.com\/ro\/produs\/hbd-111rd-diamant-cilindru-rosu\/","name":"HBD-111RD Diamant \"cilindru\" ro\u0219u - Head Beauty","isPartOf":{"@id":"https:\/\/head-beauty.com\/ro\/#website"},"primaryImageOfPage":{"@id":"https:\/\/head-beauty.com\/ro\/produs\/hbd-111rd-diamant-cilindru-rosu\/#primaryimage"},"image":{"@id":"https:\/\/head-beauty.com\/ro\/produs\/hbd-111rd-diamant-cilindru-rosu\/#primaryimage"},"thumbnailUrl":"https:\/\/head-beauty.com\/wp-content\/uploads\/2024\/12\/DB7-1-scaled.jpg","datePublished":"2024-12-02T12:43:28+00:00","breadcrumb":{"@id":"https:\/\/head-beauty.com\/ro\/produs\/hbd-111rd-diamant-cilindru-rosu\/#breadcrumb"},"inLanguage":"ro-RO","potentialAction":[{"@type":"ReadAction","target":["https:\/\/head-beauty.com\/ro\/produs\/hbd-111rd-diamant-cilindru-rosu\/"]}]},{"@type":"ImageObject","inLanguage":"ro-RO","@id":"https:\/\/head-beauty.com\/ro\/produs\/hbd-111rd-diamant-cilindru-rosu\/#primaryimage","url":"https:\/\/head-beauty.com\/wp-content\/uploads\/2024\/12\/DB7-1-scaled.jpg","contentUrl":"https:\/\/head-beauty.com\/wp-content\/uploads\/2024\/12\/DB7-1-scaled.jpg","width":2560,"height":2560,"caption":"Pentru prelucrarea crestelor laterale, preg\u0103tirea suprafe\u021bei pl\u0103cii de unghii, corectarea marginii libere, \u00eendep\u0103rtarea pielii keratonizate, esc\u00e2ndur\u0103 moale"},{"@type":"BreadcrumbList","@id":"https:\/\/head-beauty.com\/ro\/produs\/hbd-111rd-diamant-cilindru-rosu\/#breadcrumb","itemListElement":[{"@type":"ListItem","position":1,"name":"Home","item":"https:\/\/head-beauty.com\/ro\/"},{"@type":"ListItem","position":2,"name":"Magazin","item":"https:\/\/head-beauty.com\/ro\/shop\/"},{"@type":"ListItem","position":3,"name":"HBD-111RD Diamant &#8220;cilindru&#8221; ro\u0219u"}]},{"@type":"WebSite","@id":"https:\/\/head-beauty.com\/ro\/#website","url":"https:\/\/head-beauty.com\/ro\/","name":"Head - The Beauty Tools","description":"","publisher":{"@id":"https:\/\/head-beauty.com\/ro\/#organization"},"potentialAction":[{"@type":"SearchAction","target":{"@type":"EntryPoint","urlTemplate":"https:\/\/head-beauty.com\/ro\/?s={search_term_string}"},"query-input":{"@type":"PropertyValueSpecification","valueRequired":true,"valueName":"search_term_string"}}],"inLanguage":"ro-RO"},{"@type":"Organization","@id":"https:\/\/head-beauty.com\/ro\/#organization","name":"Head - The Beauty Tools","url":"https:\/\/head-beauty.com\/ro\/","logo":{"@type":"ImageObject","inLanguage":"ro-RO","@id":"https:\/\/head-beauty.com\/ro\/#\/schema\/logo\/image\/","url":"https:\/\/head-beauty.com\/wp-content\/uploads\/2024\/10\/head-beauty-logo.svg","contentUrl":"https:\/\/head-beauty.com\/wp-content\/uploads\/2024\/10\/head-beauty-logo.svg","width":411.20999999999997953636921010911464691162109375,"height":200,"caption":"Head - The Beauty Tools"},"image":{"@id":"https:\/\/head-beauty.com\/ro\/#\/schema\/logo\/image\/"}}]}},"_links":{"self":[{"href":"https:\/\/head-beauty.com\/ro\/wp-json\/wp\/v2\/product\/27745","targetHints":{"allow":["GET"]}}],"collection":[{"href":"https:\/\/head-beauty.com\/ro\/wp-json\/wp\/v2\/product"}],"about":[{"href":"https:\/\/head-beauty.com\/ro\/wp-json\/wp\/v2\/types\/product"}],"wp:featuredmedia":[{"embeddable":true,"href":"https:\/\/head-beauty.com\/ro\/wp-json\/wp\/v2\/media\/20481"}],"wp:attachment":[{"href":"https:\/\/head-beauty.com\/ro\/wp-json\/wp\/v2\/media?parent=27745"}],"wp:term":[{"taxonomy":"product_brand","embeddable":true,"href":"https:\/\/head-beauty.com\/ro\/wp-json\/wp\/v2\/product_brand?post=27745"},{"taxonomy":"product_cat","embeddable":true,"href":"https:\/\/head-beauty.com\/ro\/wp-json\/wp\/v2\/product_cat?post=27745"},{"taxonomy":"product_tag","embeddable":true,"href":"https:\/\/head-beauty.com\/ro\/wp-json\/wp\/v2\/product_tag?post=27745"}],"curies":[{"name":"wp","href":"https:\/\/api.w.org\/{rel}","templated":true}]}}