{"id":28256,"date":"2024-12-02T15:09:24","date_gmt":"2024-12-02T12:09:24","guid":{"rendered":"https:\/\/head-beauty.com\/product\/px-05-impingator-profesional-de-cuticule-x-line-piese-de-lucru-spatula-ingusta-secura\/"},"modified":"2024-12-02T15:09:24","modified_gmt":"2024-12-02T12:09:24","slug":"px-05-impingator-profesional-de-cuticule-x-line-piese-de-lucru-spatula-ingusta-secura","status":"publish","type":"product","link":"https:\/\/head-beauty.com\/ro\/produs\/px-05-impingator-profesional-de-cuticule-x-line-piese-de-lucru-spatula-ingusta-secura\/","title":{"rendered":"PX-05 \u00cemping\u0103tor profesional de cuticule X-line, Piese de lucru: spatul\u0103 \u00eengust\u0103 &#8211; secur\u0103"},"content":{"rendered":"<p>M\u00e2nere confortabile cu crest\u0103turi pentru a preveni alunecarea instrumentului \u00een m\u00e2inile maestrului, lustruirea lucioas\u0103 a piesei de lucru, piese de lucru pentru lucru precis \u0219i precis \u00een locuri \u0219i col\u021buri greu accesibile, potrivite pentru diferite tehnici de manichiur\u0103 \u0219i pedichiur\u0103, rezisten\u021b\u0103 ridicat\u0103 la coroziune, potrivite pentru \u00eencep\u0103tori \u0219i profesioni\u0219ti<\/p>\n","protected":false},"excerpt":{"rendered":"<p>M\u00e2nere confortabile cu crest\u0103turi pentru a preveni alunecarea instrumentului \u00een m\u00e2inile maestrului, lustruirea lucioas\u0103 a piesei de lucru, piese de lucru pentru lucru precis \u0219i precis \u00een locuri \u0219i col\u021buri greu accesibile, potrivite pentru diferite tehnici de manichiur\u0103 \u0219i pedichiur\u0103, rezisten\u021b\u0103 ridicat\u0103 la coroziune, potrivite pentru \u00eencep\u0103tori \u0219i profesioni\u0219ti<\/p>\n","protected":false},"featured_media":19469,"template":"","meta":{"_acf_changed":false},"product_brand":[],"product_cat":[1039],"product_tag":[1040],"class_list":{"0":"post-28256","1":"product","2":"type-product","3":"status-publish","4":"has-post-thumbnail","6":"product_cat-impingatoare","7":"product_tag-impingatoare-x-line","9":"first","10":"instock","11":"taxable","12":"shipping-taxable","13":"purchasable","14":"product-type-simple"},"acf":[],"yoast_head":"<!-- This site is optimized with the Yoast SEO plugin v24.8.1 - https:\/\/yoast.com\/wordpress\/plugins\/seo\/ -->\n<title>PX-05 \u00cemping\u0103tor profesional de cuticule X-line, Piese de lucru: spatul\u0103 \u00eengust\u0103 - secur\u0103 - Head Beauty<\/title>\n<meta name=\"robots\" content=\"index, follow, max-snippet:-1, max-image-preview:large, max-video-preview:-1\" \/>\n<link rel=\"canonical\" href=\"https:\/\/head-beauty.com\/ro\/produs\/px-05-impingator-profesional-de-cuticule-x-line-piese-de-lucru-spatula-ingusta-secura\/\" \/>\n<meta property=\"og:locale\" content=\"ro_RO\" \/>\n<meta property=\"og:type\" content=\"article\" \/>\n<meta property=\"og:title\" content=\"PX-05 \u00cemping\u0103tor profesional de cuticule X-line, Piese de lucru: spatul\u0103 \u00eengust\u0103 - secur\u0103 - Head Beauty\" \/>\n<meta property=\"og:description\" content=\"M\u00e2nere confortabile cu crest\u0103turi pentru a preveni alunecarea instrumentului \u00een m\u00e2inile maestrului, lustruirea lucioas\u0103 a piesei de lucru, piese de lucru pentru lucru precis \u0219i precis \u00een locuri \u0219i col\u021buri greu accesibile, potrivite pentru diferite tehnici de manichiur\u0103 \u0219i pedichiur\u0103, rezisten\u021b\u0103 ridicat\u0103 la coroziune, potrivite pentru \u00eencep\u0103tori \u0219i profesioni\u0219ti\" \/>\n<meta property=\"og:url\" content=\"https:\/\/head-beauty.com\/ro\/produs\/px-05-impingator-profesional-de-cuticule-x-line-piese-de-lucru-spatula-ingusta-secura\/\" \/>\n<meta property=\"og:site_name\" content=\"Head Beauty\" \/>\n<meta property=\"og:image\" content=\"https:\/\/head-beauty.com\/wp-content\/uploads\/2024\/12\/PX-05.jpg\" \/>\n\t<meta property=\"og:image:width\" content=\"1080\" \/>\n\t<meta property=\"og:image:height\" content=\"1080\" \/>\n\t<meta property=\"og:image:type\" content=\"image\/jpeg\" \/>\n<meta name=\"twitter:card\" content=\"summary_large_image\" \/>\n<script type=\"application\/ld+json\" class=\"yoast-schema-graph\">{\"@context\":\"https:\/\/schema.org\",\"@graph\":[{\"@type\":\"WebPage\",\"@id\":\"https:\/\/head-beauty.com\/ro\/produs\/px-05-impingator-profesional-de-cuticule-x-line-piese-de-lucru-spatula-ingusta-secura\/\",\"url\":\"https:\/\/head-beauty.com\/ro\/produs\/px-05-impingator-profesional-de-cuticule-x-line-piese-de-lucru-spatula-ingusta-secura\/\",\"name\":\"PX-05 \u00cemping\u0103tor profesional de cuticule X-line, Piese de lucru: spatul\u0103 \u00eengust\u0103 - secur\u0103 - Head Beauty\",\"isPartOf\":{\"@id\":\"https:\/\/head-beauty.com\/ro\/#website\"},\"primaryImageOfPage\":{\"@id\":\"https:\/\/head-beauty.com\/ro\/produs\/px-05-impingator-profesional-de-cuticule-x-line-piese-de-lucru-spatula-ingusta-secura\/#primaryimage\"},\"image\":{\"@id\":\"https:\/\/head-beauty.com\/ro\/produs\/px-05-impingator-profesional-de-cuticule-x-line-piese-de-lucru-spatula-ingusta-secura\/#primaryimage\"},\"thumbnailUrl\":\"https:\/\/head-beauty.com\/wp-content\/uploads\/2024\/12\/PX-05.jpg\",\"datePublished\":\"2024-12-02T12:09:24+00:00\",\"breadcrumb\":{\"@id\":\"https:\/\/head-beauty.com\/ro\/produs\/px-05-impingator-profesional-de-cuticule-x-line-piese-de-lucru-spatula-ingusta-secura\/#breadcrumb\"},\"inLanguage\":\"ro-RO\",\"potentialAction\":[{\"@type\":\"ReadAction\",\"target\":[\"https:\/\/head-beauty.com\/ro\/produs\/px-05-impingator-profesional-de-cuticule-x-line-piese-de-lucru-spatula-ingusta-secura\/\"]}]},{\"@type\":\"ImageObject\",\"inLanguage\":\"ro-RO\",\"@id\":\"https:\/\/head-beauty.com\/ro\/produs\/px-05-impingator-profesional-de-cuticule-x-line-piese-de-lucru-spatula-ingusta-secura\/#primaryimage\",\"url\":\"https:\/\/head-beauty.com\/wp-content\/uploads\/2024\/12\/PX-05.jpg\",\"contentUrl\":\"https:\/\/head-beauty.com\/wp-content\/uploads\/2024\/12\/PX-05.jpg\",\"width\":1080,\"height\":1080,\"caption\":\"M\u00e2nere confortabile cu crest\u0103turi pentru a preveni alunecarea instrumentului \u00een m\u00e2inile maestrului, lustruirea lucioas\u0103 a piesei de lucru, piese de lucru pentru lucru precis \u0219i precis \u00een locuri \u0219i col\u021buri greu accesibile, potrivite pentru diferite tehnici de manichiur\u0103 \u0219i pedichiur\u0103, rezisten\u021b\u0103 ridicat\u0103 la coroziune, potrivite pentru \u00eencep\u0103tori \u0219i profesioni\u0219ti\"},{\"@type\":\"BreadcrumbList\",\"@id\":\"https:\/\/head-beauty.com\/ro\/produs\/px-05-impingator-profesional-de-cuticule-x-line-piese-de-lucru-spatula-ingusta-secura\/#breadcrumb\",\"itemListElement\":[{\"@type\":\"ListItem\",\"position\":1,\"name\":\"Home\",\"item\":\"https:\/\/head-beauty.com\/ro\/\"},{\"@type\":\"ListItem\",\"position\":2,\"name\":\"Magazin\",\"item\":\"https:\/\/head-beauty.com\/ro\/shop\/\"},{\"@type\":\"ListItem\",\"position\":3,\"name\":\"PX-05 \u00cemping\u0103tor profesional de cuticule X-line, Piese de lucru: spatul\u0103 \u00eengust\u0103 &#8211; secur\u0103\"}]},{\"@type\":\"WebSite\",\"@id\":\"https:\/\/head-beauty.com\/ro\/#website\",\"url\":\"https:\/\/head-beauty.com\/ro\/\",\"name\":\"Head - The Beauty Tools\",\"description\":\"\",\"publisher\":{\"@id\":\"https:\/\/head-beauty.com\/ro\/#organization\"},\"potentialAction\":[{\"@type\":\"SearchAction\",\"target\":{\"@type\":\"EntryPoint\",\"urlTemplate\":\"https:\/\/head-beauty.com\/ro\/?s={search_term_string}\"},\"query-input\":{\"@type\":\"PropertyValueSpecification\",\"valueRequired\":true,\"valueName\":\"search_term_string\"}}],\"inLanguage\":\"ro-RO\"},{\"@type\":\"Organization\",\"@id\":\"https:\/\/head-beauty.com\/ro\/#organization\",\"name\":\"Head - The Beauty Tools\",\"url\":\"https:\/\/head-beauty.com\/ro\/\",\"logo\":{\"@type\":\"ImageObject\",\"inLanguage\":\"ro-RO\",\"@id\":\"https:\/\/head-beauty.com\/ro\/#\/schema\/logo\/image\/\",\"url\":\"https:\/\/head-beauty.com\/wp-content\/uploads\/2024\/10\/head-beauty-logo.svg\",\"contentUrl\":\"https:\/\/head-beauty.com\/wp-content\/uploads\/2024\/10\/head-beauty-logo.svg\",\"width\":411.20999999999997953636921010911464691162109375,\"height\":200,\"caption\":\"Head - The Beauty Tools\"},\"image\":{\"@id\":\"https:\/\/head-beauty.com\/ro\/#\/schema\/logo\/image\/\"}}]}<\/script>\n<!-- \/ Yoast SEO plugin. -->","yoast_head_json":{"title":"PX-05 \u00cemping\u0103tor profesional de cuticule X-line, Piese de lucru: spatul\u0103 \u00eengust\u0103 - secur\u0103 - Head Beauty","robots":{"index":"index","follow":"follow","max-snippet":"max-snippet:-1","max-image-preview":"max-image-preview:large","max-video-preview":"max-video-preview:-1"},"canonical":"https:\/\/head-beauty.com\/ro\/produs\/px-05-impingator-profesional-de-cuticule-x-line-piese-de-lucru-spatula-ingusta-secura\/","og_locale":"ro_RO","og_type":"article","og_title":"PX-05 \u00cemping\u0103tor profesional de cuticule X-line, Piese de lucru: spatul\u0103 \u00eengust\u0103 - secur\u0103 - Head Beauty","og_description":"M\u00e2nere confortabile cu crest\u0103turi pentru a preveni alunecarea instrumentului \u00een m\u00e2inile maestrului, lustruirea lucioas\u0103 a piesei de lucru, piese de lucru pentru lucru precis \u0219i precis \u00een locuri \u0219i col\u021buri greu accesibile, potrivite pentru diferite tehnici de manichiur\u0103 \u0219i pedichiur\u0103, rezisten\u021b\u0103 ridicat\u0103 la coroziune, potrivite pentru \u00eencep\u0103tori \u0219i profesioni\u0219ti","og_url":"https:\/\/head-beauty.com\/ro\/produs\/px-05-impingator-profesional-de-cuticule-x-line-piese-de-lucru-spatula-ingusta-secura\/","og_site_name":"Head Beauty","og_image":[{"width":1080,"height":1080,"url":"https:\/\/head-beauty.com\/wp-content\/uploads\/2024\/12\/PX-05.jpg","type":"image\/jpeg"}],"twitter_card":"summary_large_image","schema":{"@context":"https:\/\/schema.org","@graph":[{"@type":"WebPage","@id":"https:\/\/head-beauty.com\/ro\/produs\/px-05-impingator-profesional-de-cuticule-x-line-piese-de-lucru-spatula-ingusta-secura\/","url":"https:\/\/head-beauty.com\/ro\/produs\/px-05-impingator-profesional-de-cuticule-x-line-piese-de-lucru-spatula-ingusta-secura\/","name":"PX-05 \u00cemping\u0103tor profesional de cuticule X-line, Piese de lucru: spatul\u0103 \u00eengust\u0103 - secur\u0103 - Head Beauty","isPartOf":{"@id":"https:\/\/head-beauty.com\/ro\/#website"},"primaryImageOfPage":{"@id":"https:\/\/head-beauty.com\/ro\/produs\/px-05-impingator-profesional-de-cuticule-x-line-piese-de-lucru-spatula-ingusta-secura\/#primaryimage"},"image":{"@id":"https:\/\/head-beauty.com\/ro\/produs\/px-05-impingator-profesional-de-cuticule-x-line-piese-de-lucru-spatula-ingusta-secura\/#primaryimage"},"thumbnailUrl":"https:\/\/head-beauty.com\/wp-content\/uploads\/2024\/12\/PX-05.jpg","datePublished":"2024-12-02T12:09:24+00:00","breadcrumb":{"@id":"https:\/\/head-beauty.com\/ro\/produs\/px-05-impingator-profesional-de-cuticule-x-line-piese-de-lucru-spatula-ingusta-secura\/#breadcrumb"},"inLanguage":"ro-RO","potentialAction":[{"@type":"ReadAction","target":["https:\/\/head-beauty.com\/ro\/produs\/px-05-impingator-profesional-de-cuticule-x-line-piese-de-lucru-spatula-ingusta-secura\/"]}]},{"@type":"ImageObject","inLanguage":"ro-RO","@id":"https:\/\/head-beauty.com\/ro\/produs\/px-05-impingator-profesional-de-cuticule-x-line-piese-de-lucru-spatula-ingusta-secura\/#primaryimage","url":"https:\/\/head-beauty.com\/wp-content\/uploads\/2024\/12\/PX-05.jpg","contentUrl":"https:\/\/head-beauty.com\/wp-content\/uploads\/2024\/12\/PX-05.jpg","width":1080,"height":1080,"caption":"M\u00e2nere confortabile cu crest\u0103turi pentru a preveni alunecarea instrumentului \u00een m\u00e2inile maestrului, lustruirea lucioas\u0103 a piesei de lucru, piese de lucru pentru lucru precis \u0219i precis \u00een locuri \u0219i col\u021buri greu accesibile, potrivite pentru diferite tehnici de manichiur\u0103 \u0219i pedichiur\u0103, rezisten\u021b\u0103 ridicat\u0103 la coroziune, potrivite pentru \u00eencep\u0103tori \u0219i profesioni\u0219ti"},{"@type":"BreadcrumbList","@id":"https:\/\/head-beauty.com\/ro\/produs\/px-05-impingator-profesional-de-cuticule-x-line-piese-de-lucru-spatula-ingusta-secura\/#breadcrumb","itemListElement":[{"@type":"ListItem","position":1,"name":"Home","item":"https:\/\/head-beauty.com\/ro\/"},{"@type":"ListItem","position":2,"name":"Magazin","item":"https:\/\/head-beauty.com\/ro\/shop\/"},{"@type":"ListItem","position":3,"name":"PX-05 \u00cemping\u0103tor profesional de cuticule X-line, Piese de lucru: spatul\u0103 \u00eengust\u0103 &#8211; secur\u0103"}]},{"@type":"WebSite","@id":"https:\/\/head-beauty.com\/ro\/#website","url":"https:\/\/head-beauty.com\/ro\/","name":"Head - The Beauty Tools","description":"","publisher":{"@id":"https:\/\/head-beauty.com\/ro\/#organization"},"potentialAction":[{"@type":"SearchAction","target":{"@type":"EntryPoint","urlTemplate":"https:\/\/head-beauty.com\/ro\/?s={search_term_string}"},"query-input":{"@type":"PropertyValueSpecification","valueRequired":true,"valueName":"search_term_string"}}],"inLanguage":"ro-RO"},{"@type":"Organization","@id":"https:\/\/head-beauty.com\/ro\/#organization","name":"Head - The Beauty Tools","url":"https:\/\/head-beauty.com\/ro\/","logo":{"@type":"ImageObject","inLanguage":"ro-RO","@id":"https:\/\/head-beauty.com\/ro\/#\/schema\/logo\/image\/","url":"https:\/\/head-beauty.com\/wp-content\/uploads\/2024\/10\/head-beauty-logo.svg","contentUrl":"https:\/\/head-beauty.com\/wp-content\/uploads\/2024\/10\/head-beauty-logo.svg","width":411.20999999999997953636921010911464691162109375,"height":200,"caption":"Head - The Beauty Tools"},"image":{"@id":"https:\/\/head-beauty.com\/ro\/#\/schema\/logo\/image\/"}}]}},"_links":{"self":[{"href":"https:\/\/head-beauty.com\/ro\/wp-json\/wp\/v2\/product\/28256","targetHints":{"allow":["GET"]}}],"collection":[{"href":"https:\/\/head-beauty.com\/ro\/wp-json\/wp\/v2\/product"}],"about":[{"href":"https:\/\/head-beauty.com\/ro\/wp-json\/wp\/v2\/types\/product"}],"wp:featuredmedia":[{"embeddable":true,"href":"https:\/\/head-beauty.com\/ro\/wp-json\/wp\/v2\/media\/19469"}],"wp:attachment":[{"href":"https:\/\/head-beauty.com\/ro\/wp-json\/wp\/v2\/media?parent=28256"}],"wp:term":[{"taxonomy":"product_brand","embeddable":true,"href":"https:\/\/head-beauty.com\/ro\/wp-json\/wp\/v2\/product_brand?post=28256"},{"taxonomy":"product_cat","embeddable":true,"href":"https:\/\/head-beauty.com\/ro\/wp-json\/wp\/v2\/product_cat?post=28256"},{"taxonomy":"product_tag","embeddable":true,"href":"https:\/\/head-beauty.com\/ro\/wp-json\/wp\/v2\/product_tag?post=28256"}],"curies":[{"name":"wp","href":"https:\/\/api.w.org\/{rel}","templated":true}]}}