{"id":29886,"date":"2025-03-26T17:43:47","date_gmt":"2025-03-26T14:43:47","guid":{"rendered":"https:\/\/head-beauty.com\/nakliye-politikasi\/"},"modified":"2025-04-10T09:36:02","modified_gmt":"2025-04-10T06:36:02","slug":"nakliye-politikasi","status":"publish","type":"page","link":"https:\/\/head-beauty.com\/tr\/nakliye-politikasi\/","title":{"rendered":"Nakliye politikas\u0131"},"content":{"rendered":"<p><strong>Sipari\u015f \u0130\u015fleme:<\/strong><\/p><p>T\u00fcm sipari\u015fleri <strong>1-3<\/strong> i\u015f g\u00fcn\u00fc i\u00e7inde i\u015fleme koymay\u0131 hedefliyoruz.<\/p><p>Eksik \u00f6deme, yetersiz adres bilgisi veya belirli mevsimlerde y\u00fcksek talep gibi belirli fakt\u00f6rlerin i\u015flem s\u00fcrelerini etkileyebilece\u011fini l\u00fctfen unutmay\u0131n. Bu gibi durumlarda, ba\u015far\u0131l\u0131 bir teslimat sa\u011flamak i\u00e7in sipari\u015fe devam etmeden \u00f6nce m\u00fc\u015fterilere e-posta yoluyla ula\u015faca\u011f\u0131z. <\/p><p><strong>Da\u011f\u0131t\u0131m zaman\u0131:<\/strong><\/p><p>G\u00f6nderim s\u00fcremiz genellikle Amerika Birle\u015fik Devletleri i\u00e7in <strong>3-4<\/strong> i\u015f g\u00fcn\u00fc ve AB \u00fclkeleri i\u00e7in <strong><span style=\"margin: 0px;padding: 0px\">1-7<\/span><\/strong> i\u015f g\u00fcn\u00fcd\u00fcr.<\/p><p>A\u015fa\u011f\u0131dakiler de dahil olmak \u00fczere, kontrol\u00fcm\u00fcz d\u0131\u015f\u0131nda olan nakliyeyi etkileyen baz\u0131 fakt\u00f6rler vard\u0131r:<\/p><p>&#8211; Hava ko\u015fullar\u0131<\/p><p>&#8211; Tatil sezonlar\u0131<\/p><p>&#8211; Nakliye \u015firketi taraf\u0131ndan yap\u0131lan hatalar<\/p><p>Bu de\u011fi\u015fkenler \u00fczerindeki s\u0131n\u0131rl\u0131 kontrol\u00fcm\u00fcze ra\u011fmen, elimizdeki t\u00fcm mevcut bilgileri kullanarak sizi bilgilendirmek i\u00e7in her t\u00fcrl\u00fc \u00e7abay\u0131 g\u00f6sterece\u011fiz.<\/p><p><strong>Vergiler ve Har\u00e7lar:<\/strong><\/p><p>Bize sipari\u015f vermenin, \u00fclkenizin gelen paketlere uygulayabilece\u011fi olas\u0131 g\u00fcmr\u00fck vergilerini veya har\u00e7lar\u0131n\u0131 kapsamad\u0131\u011f\u0131n\u0131 l\u00fctfen unutmay\u0131n. Bu masraflar\u0131 kar\u015f\u0131lamak sizin sorumlulu\u011funuzdad\u0131r. Fiyatlar hakk\u0131nda a\u00e7\u0131klamaya ihtiyac\u0131n\u0131z varsa, l\u00fctfen \u00fclkenizin g\u00fcmr\u00fck idaresi ile ileti\u015fime ge\u00e7in.  <\/p><p>\u00d6nemli: Head-Beauty, var\u0131\u015f \u00fclkesindeki g\u00fcmr\u00fckleme s\u00fcrecinden kaynaklanan herhangi bir gecikmeden sorumlu tutulamaz. Paketinizin serbest b\u0131rak\u0131lmas\u0131n\u0131n zamanlamas\u0131 yaln\u0131zca g\u00fcmr\u00fck makamlar\u0131na aittir ve bu konuda kontrol\u00fcm\u00fcz yoktur. <\/p><p><strong>Sipari\u015f \u0130ptali:<\/strong><\/p><p>\u00d6deme yap\u0131ld\u0131ktan sonra bir sipari\u015fi iptal etmek isterseniz, l\u00fctfen bizimle ileti\u015fime ge\u00e7in, size yard\u0131mc\u0131 olmaya \u00e7al\u0131\u015faca\u011f\u0131z. Ancak, sipari\u015flerin h\u0131zl\u0131 bir \u015fekilde depoya iletilmesi nedeniyle iptali garanti edemeyiz. \u0130\u015fleme veya nakliye zaten ger\u00e7ekle\u015fmi\u015fse, ne yaz\u0131k ki sipari\u015fi iptal edemiyoruz ve bu da bir \u00fcr\u00fcn iadesi ba\u015flatman\u0131z\u0131 gerektiriyor.  <\/p>","protected":false},"excerpt":{"rendered":"<p>Sipari\u015f \u0130\u015fleme: T\u00fcm sipari\u015fleri 1-3 i\u015f g\u00fcn\u00fc i\u00e7inde i\u015fleme koymay\u0131 hedefliyoruz. Eksik \u00f6deme, yetersiz adres bilgisi veya belirli mevsimlerde y\u00fcksek talep gibi belirli fakt\u00f6rlerin i\u015flem s\u00fcrelerini etkileyebilece\u011fini l\u00fctfen unutmay\u0131n. Bu gibi durumlarda, ba\u015far\u0131l\u0131 bir teslimat sa\u011flamak i\u00e7in sipari\u015fe devam etmeden \u00f6nce m\u00fc\u015fterilere e-posta yoluyla ula\u015faca\u011f\u0131z. Da\u011f\u0131t\u0131m zaman\u0131: G\u00f6nderim s\u00fcremiz genellikle Amerika Birle\u015fik Devletleri i\u00e7in 3-4 i\u015f g\u00fcn\u00fc ve AB \u00fclkeleri\u2026<\/p>\n","protected":false},"author":1,"featured_media":0,"parent":0,"menu_order":0,"comment_status":"closed","ping_status":"closed","template":"","meta":{"_acf_changed":false,"footnotes":""},"class_list":["post-29886","page","type-page","status-publish","hentry"],"acf":[],"yoast_head":"<!-- This site is optimized with the Yoast SEO plugin v24.8.1 - https:\/\/yoast.com\/wordpress\/plugins\/seo\/ -->\n<title>Nakliye politikas\u0131 - Head Beauty<\/title>\n<meta name=\"robots\" content=\"index, follow, max-snippet:-1, max-image-preview:large, max-video-preview:-1\" \/>\n<link rel=\"canonical\" href=\"https:\/\/head-beauty.com\/tr\/nakliye-politikasi\/\" \/>\n<meta property=\"og:locale\" content=\"tr_TR\" \/>\n<meta property=\"og:type\" content=\"article\" \/>\n<meta property=\"og:title\" content=\"Nakliye politikas\u0131 - Head Beauty\" \/>\n<meta property=\"og:description\" content=\"Sipari\u015f \u0130\u015fleme: T\u00fcm sipari\u015fleri 1-3 i\u015f g\u00fcn\u00fc i\u00e7inde i\u015fleme koymay\u0131 hedefliyoruz. Eksik \u00f6deme, yetersiz adres bilgisi veya belirli mevsimlerde y\u00fcksek talep gibi belirli fakt\u00f6rlerin i\u015flem s\u00fcrelerini etkileyebilece\u011fini l\u00fctfen unutmay\u0131n. Bu gibi durumlarda, ba\u015far\u0131l\u0131 bir teslimat sa\u011flamak i\u00e7in sipari\u015fe devam etmeden \u00f6nce m\u00fc\u015fterilere e-posta yoluyla ula\u015faca\u011f\u0131z. Da\u011f\u0131t\u0131m zaman\u0131: G\u00f6nderim s\u00fcremiz genellikle Amerika Birle\u015fik Devletleri i\u00e7in 3-4 i\u015f g\u00fcn\u00fc ve AB \u00fclkeleri\u2026\" \/>\n<meta property=\"og:url\" content=\"https:\/\/head-beauty.com\/tr\/nakliye-politikasi\/\" \/>\n<meta property=\"og:site_name\" content=\"Head Beauty\" \/>\n<meta property=\"article:modified_time\" content=\"2025-04-10T06:36:02+00:00\" \/>\n<meta property=\"og:image\" content=\"https:\/\/head-beauty.com\/wp-content\/uploads\/2025\/04\/panorama-001-scaled-1.png\" \/>\n\t<meta property=\"og:image:width\" content=\"1240\" \/>\n\t<meta property=\"og:image:height\" content=\"930\" \/>\n\t<meta property=\"og:image:type\" content=\"image\/png\" \/>\n<meta name=\"twitter:card\" content=\"summary_large_image\" \/>\n<meta name=\"twitter:label1\" content=\"Tahmini okuma s\u00fcresi\" \/>\n\t<meta name=\"twitter:data1\" content=\"2 dakika\" \/>\n<script type=\"application\/ld+json\" class=\"yoast-schema-graph\">{\"@context\":\"https:\/\/schema.org\",\"@graph\":[{\"@type\":\"WebPage\",\"@id\":\"https:\/\/head-beauty.com\/tr\/nakliye-politikasi\/\",\"url\":\"https:\/\/head-beauty.com\/tr\/nakliye-politikasi\/\",\"name\":\"Nakliye politikas\u0131 - Head Beauty\",\"isPartOf\":{\"@id\":\"https:\/\/head-beauty.com\/tr\/#website\"},\"datePublished\":\"2025-03-26T14:43:47+00:00\",\"dateModified\":\"2025-04-10T06:36:02+00:00\",\"breadcrumb\":{\"@id\":\"https:\/\/head-beauty.com\/tr\/nakliye-politikasi\/#breadcrumb\"},\"inLanguage\":\"tr\",\"potentialAction\":[{\"@type\":\"ReadAction\",\"target\":[\"https:\/\/head-beauty.com\/tr\/nakliye-politikasi\/\"]}]},{\"@type\":\"BreadcrumbList\",\"@id\":\"https:\/\/head-beauty.com\/tr\/nakliye-politikasi\/#breadcrumb\",\"itemListElement\":[{\"@type\":\"ListItem\",\"position\":1,\"name\":\"Home\",\"item\":\"https:\/\/head-beauty.com\/tr\/\"},{\"@type\":\"ListItem\",\"position\":2,\"name\":\"Nakliye politikas\u0131\"}]},{\"@type\":\"WebSite\",\"@id\":\"https:\/\/head-beauty.com\/tr\/#website\",\"url\":\"https:\/\/head-beauty.com\/tr\/\",\"name\":\"Head - The Beauty Tools\",\"description\":\"\",\"publisher\":{\"@id\":\"https:\/\/head-beauty.com\/tr\/#organization\"},\"potentialAction\":[{\"@type\":\"SearchAction\",\"target\":{\"@type\":\"EntryPoint\",\"urlTemplate\":\"https:\/\/head-beauty.com\/tr\/?s={search_term_string}\"},\"query-input\":{\"@type\":\"PropertyValueSpecification\",\"valueRequired\":true,\"valueName\":\"search_term_string\"}}],\"inLanguage\":\"tr\"},{\"@type\":\"Organization\",\"@id\":\"https:\/\/head-beauty.com\/tr\/#organization\",\"name\":\"Head - The Beauty Tools\",\"url\":\"https:\/\/head-beauty.com\/tr\/\",\"logo\":{\"@type\":\"ImageObject\",\"inLanguage\":\"tr\",\"@id\":\"https:\/\/head-beauty.com\/tr\/#\/schema\/logo\/image\/\",\"url\":\"https:\/\/head-beauty.com\/wp-content\/uploads\/2024\/10\/head-beauty-logo.svg\",\"contentUrl\":\"https:\/\/head-beauty.com\/wp-content\/uploads\/2024\/10\/head-beauty-logo.svg\",\"width\":411.20999999999997953636921010911464691162109375,\"height\":200,\"caption\":\"Head - The Beauty Tools\"},\"image\":{\"@id\":\"https:\/\/head-beauty.com\/tr\/#\/schema\/logo\/image\/\"}}]}<\/script>\n<!-- \/ Yoast SEO plugin. -->","yoast_head_json":{"title":"Nakliye politikas\u0131 - Head Beauty","robots":{"index":"index","follow":"follow","max-snippet":"max-snippet:-1","max-image-preview":"max-image-preview:large","max-video-preview":"max-video-preview:-1"},"canonical":"https:\/\/head-beauty.com\/tr\/nakliye-politikasi\/","og_locale":"tr_TR","og_type":"article","og_title":"Nakliye politikas\u0131 - Head Beauty","og_description":"Sipari\u015f \u0130\u015fleme: T\u00fcm sipari\u015fleri 1-3 i\u015f g\u00fcn\u00fc i\u00e7inde i\u015fleme koymay\u0131 hedefliyoruz. Eksik \u00f6deme, yetersiz adres bilgisi veya belirli mevsimlerde y\u00fcksek talep gibi belirli fakt\u00f6rlerin i\u015flem s\u00fcrelerini etkileyebilece\u011fini l\u00fctfen unutmay\u0131n. Bu gibi durumlarda, ba\u015far\u0131l\u0131 bir teslimat sa\u011flamak i\u00e7in sipari\u015fe devam etmeden \u00f6nce m\u00fc\u015fterilere e-posta yoluyla ula\u015faca\u011f\u0131z. Da\u011f\u0131t\u0131m zaman\u0131: G\u00f6nderim s\u00fcremiz genellikle Amerika Birle\u015fik Devletleri i\u00e7in 3-4 i\u015f g\u00fcn\u00fc ve AB \u00fclkeleri\u2026","og_url":"https:\/\/head-beauty.com\/tr\/nakliye-politikasi\/","og_site_name":"Head Beauty","article_modified_time":"2025-04-10T06:36:02+00:00","og_image":[{"width":1240,"height":930,"url":"https:\/\/head-beauty.com\/wp-content\/uploads\/2025\/04\/panorama-001-scaled-1.png","type":"image\/png"}],"twitter_card":"summary_large_image","twitter_misc":{"Tahmini okuma s\u00fcresi":"2 dakika"},"schema":{"@context":"https:\/\/schema.org","@graph":[{"@type":"WebPage","@id":"https:\/\/head-beauty.com\/tr\/nakliye-politikasi\/","url":"https:\/\/head-beauty.com\/tr\/nakliye-politikasi\/","name":"Nakliye politikas\u0131 - Head Beauty","isPartOf":{"@id":"https:\/\/head-beauty.com\/tr\/#website"},"datePublished":"2025-03-26T14:43:47+00:00","dateModified":"2025-04-10T06:36:02+00:00","breadcrumb":{"@id":"https:\/\/head-beauty.com\/tr\/nakliye-politikasi\/#breadcrumb"},"inLanguage":"tr","potentialAction":[{"@type":"ReadAction","target":["https:\/\/head-beauty.com\/tr\/nakliye-politikasi\/"]}]},{"@type":"BreadcrumbList","@id":"https:\/\/head-beauty.com\/tr\/nakliye-politikasi\/#breadcrumb","itemListElement":[{"@type":"ListItem","position":1,"name":"Home","item":"https:\/\/head-beauty.com\/tr\/"},{"@type":"ListItem","position":2,"name":"Nakliye politikas\u0131"}]},{"@type":"WebSite","@id":"https:\/\/head-beauty.com\/tr\/#website","url":"https:\/\/head-beauty.com\/tr\/","name":"Head - The Beauty Tools","description":"","publisher":{"@id":"https:\/\/head-beauty.com\/tr\/#organization"},"potentialAction":[{"@type":"SearchAction","target":{"@type":"EntryPoint","urlTemplate":"https:\/\/head-beauty.com\/tr\/?s={search_term_string}"},"query-input":{"@type":"PropertyValueSpecification","valueRequired":true,"valueName":"search_term_string"}}],"inLanguage":"tr"},{"@type":"Organization","@id":"https:\/\/head-beauty.com\/tr\/#organization","name":"Head - The Beauty Tools","url":"https:\/\/head-beauty.com\/tr\/","logo":{"@type":"ImageObject","inLanguage":"tr","@id":"https:\/\/head-beauty.com\/tr\/#\/schema\/logo\/image\/","url":"https:\/\/head-beauty.com\/wp-content\/uploads\/2024\/10\/head-beauty-logo.svg","contentUrl":"https:\/\/head-beauty.com\/wp-content\/uploads\/2024\/10\/head-beauty-logo.svg","width":411.20999999999997953636921010911464691162109375,"height":200,"caption":"Head - The Beauty Tools"},"image":{"@id":"https:\/\/head-beauty.com\/tr\/#\/schema\/logo\/image\/"}}]}},"_links":{"self":[{"href":"https:\/\/head-beauty.com\/tr\/wp-json\/wp\/v2\/pages\/29886","targetHints":{"allow":["GET"]}}],"collection":[{"href":"https:\/\/head-beauty.com\/tr\/wp-json\/wp\/v2\/pages"}],"about":[{"href":"https:\/\/head-beauty.com\/tr\/wp-json\/wp\/v2\/types\/page"}],"author":[{"embeddable":true,"href":"https:\/\/head-beauty.com\/tr\/wp-json\/wp\/v2\/users\/1"}],"replies":[{"embeddable":true,"href":"https:\/\/head-beauty.com\/tr\/wp-json\/wp\/v2\/comments?post=29886"}],"version-history":[{"count":2,"href":"https:\/\/head-beauty.com\/tr\/wp-json\/wp\/v2\/pages\/29886\/revisions"}],"predecessor-version":[{"id":29897,"href":"https:\/\/head-beauty.com\/tr\/wp-json\/wp\/v2\/pages\/29886\/revisions\/29897"}],"wp:attachment":[{"href":"https:\/\/head-beauty.com\/tr\/wp-json\/wp\/v2\/media?parent=29886"}],"curies":[{"name":"wp","href":"https:\/\/api.w.org\/{rel}","templated":true}]}}