{"id":29940,"date":"2025-03-26T17:34:07","date_gmt":"2025-03-26T14:34:07","guid":{"rendered":"https:\/\/head-beauty.com\/geri-odeme-ve-iade-politikasi\/"},"modified":"2025-04-10T09:36:13","modified_gmt":"2025-04-10T06:36:13","slug":"geri-odeme-ve-iade-politikasi","status":"publish","type":"page","link":"https:\/\/head-beauty.com\/tr\/geri-odeme-ve-iade-politikasi\/","title":{"rendered":"Geri \u00d6deme ve \u0130ade Politikas\u0131"},"content":{"rendered":"<p>14 g\u00fcnl\u00fck bir iade politikam\u0131z var, bu da \u00f6\u011fenizi ald\u0131ktan sonra iade talebinde bulunmak i\u00e7in <strong>14 g\u00fcn\u00fcn\u00fcz<\/strong> oldu\u011fu anlam\u0131na gelir.<br \/><br \/>\u0130adeye hak kazanabilmek i\u00e7in, \u00f6\u011fenizin ald\u0131\u011f\u0131n\u0131z durumda, kullan\u0131lmam\u0131\u015f ve orijinal ambalaj\u0131nda olmas\u0131 gerekir. Ayr\u0131ca makbuza veya sat\u0131n alma belgesine de ihtiyac\u0131n\u0131z olacak. <br \/><br \/>\u0130ade ba\u015flatmak i\u00e7in sales@head-beauty.com adresinden bizimle ileti\u015fime ge\u00e7ebilirsiniz. \u00d6nce iade talebinde bulunmadan bize geri g\u00f6nderilen \u00fcr\u00fcnler kabul edilmeyecektir. \u0130ade nakliyesinden m\u00fc\u015fteri sorumludur.  <br \/><br \/>Herhangi bir iade sorunuz i\u00e7in sales@head-beauty.com her zaman bizimle ileti\u015fime ge\u00e7ebilirsiniz.<\/p><p><strong>Hasarlar ve sorunlar<\/strong><br \/>L\u00fctfen sipari\u015finizi teslim ald\u0131ktan sonra inceleyin ve \u00fcr\u00fcn kusurluysa, hasarl\u0131ysa veya yanl\u0131\u015f \u00fcr\u00fcn\u00fc al\u0131rsan\u0131z hemen bizimle ileti\u015fime ge\u00e7in, b\u00f6ylece sorunu de\u011ferlendirebilir ve d\u00fczeltebiliriz.<\/p><p><strong>De\u011fi\u015fim<\/strong><br \/>\u0130stedi\u011finizi ald\u0131\u011f\u0131n\u0131zdan emin olman\u0131n en h\u0131zl\u0131 yolu, sahip oldu\u011funuz \u00fcr\u00fcn\u00fc iade etmek ve iade kabul edildikten sonra yeni \u00fcr\u00fcn i\u00e7in ayr\u0131 bir sat\u0131n alma i\u015flemi yapmakt\u0131r.<\/p><p><strong>Avrupa Birli\u011fi 14 g\u00fcnl\u00fck<\/strong> so\u011fuma s\u00fcresi<br \/>Yukar\u0131dakilere bak\u0131lmaks\u0131z\u0131n, \u00fcr\u00fcn Avrupa Birli\u011fi&#8217;ne g\u00f6nderiliyorsa, sipari\u015finizi herhangi bir nedenle ve gerek\u00e7e g\u00f6stermeksizin 14 g\u00fcn i\u00e7inde iptal etme veya iade etme hakk\u0131na sahipsiniz. Yukar\u0131daki gibi, \u00fcr\u00fcn\u00fcn\u00fcz ald\u0131\u011f\u0131n\u0131z durumda, giyilmemi\u015f veya kullan\u0131lmam\u0131\u015f, etiketli ve orijinal ambalaj\u0131nda olmal\u0131d\u0131r. Ayr\u0131ca makbuza veya sat\u0131n alma belgesine de ihtiyac\u0131n\u0131z olacak.  <\/p><p><strong>Iadesi<\/strong><br \/>\u0130adenizi al\u0131p inceledikten sonra sizi bilgilendirece\u011fiz ve geri \u00f6demenin onaylan\u0131p onaylanmad\u0131\u011f\u0131n\u0131 size bildirece\u011fiz. Onaylan\u0131rsa, 10 i\u015f g\u00fcn\u00fc i\u00e7inde orijinal \u00f6deme y\u00f6nteminiz i\u00e7in otomatik olarak geri \u00f6deme yap\u0131l\u0131r. Bankan\u0131z\u0131n veya kredi kart\u0131 \u015firketinizin de geri \u00f6demeyi i\u015fleme koyup g\u00f6ndermesinin biraz zaman alabilece\u011fini l\u00fctfen unutmay\u0131n.<br \/>\u0130adenizi onaylamam\u0131z\u0131n \u00fczerinden 15 i\u015f g\u00fcn\u00fcnden fazla zaman ge\u00e7tiyse, l\u00fctfen sales@head-beauty.com adresinden bizimle ileti\u015fime ge\u00e7in.  <\/p>","protected":false},"excerpt":{"rendered":"<p>14 g\u00fcnl\u00fck bir iade politikam\u0131z var, bu da \u00f6\u011fenizi ald\u0131ktan sonra iade talebinde bulunmak i\u00e7in 14 g\u00fcn\u00fcn\u00fcz oldu\u011fu anlam\u0131na gelir. \u0130adeye hak kazanabilmek i\u00e7in, \u00f6\u011fenizin ald\u0131\u011f\u0131n\u0131z durumda, kullan\u0131lmam\u0131\u015f ve orijinal ambalaj\u0131nda olmas\u0131 gerekir. Ayr\u0131ca makbuza veya sat\u0131n alma belgesine de ihtiyac\u0131n\u0131z olacak. \u0130ade ba\u015flatmak i\u00e7in sales@head-beauty.com adresinden bizimle ileti\u015fime ge\u00e7ebilirsiniz. \u00d6nce iade talebinde bulunmadan bize geri g\u00f6nderilen \u00fcr\u00fcnler kabul edilmeyecektir.\u2026<\/p>\n","protected":false},"author":1,"featured_media":0,"parent":0,"menu_order":0,"comment_status":"closed","ping_status":"closed","template":"","meta":{"_acf_changed":false,"footnotes":""},"class_list":["post-29940","page","type-page","status-publish","hentry"],"acf":[],"yoast_head":"<!-- This site is optimized with the Yoast SEO plugin v24.8.1 - https:\/\/yoast.com\/wordpress\/plugins\/seo\/ -->\n<title>Geri \u00d6deme ve \u0130ade Politikas\u0131 - Head Beauty<\/title>\n<meta name=\"robots\" content=\"index, follow, max-snippet:-1, max-image-preview:large, max-video-preview:-1\" \/>\n<link rel=\"canonical\" href=\"https:\/\/head-beauty.com\/tr\/geri-odeme-ve-iade-politikasi\/\" \/>\n<meta property=\"og:locale\" content=\"tr_TR\" \/>\n<meta property=\"og:type\" content=\"article\" \/>\n<meta property=\"og:title\" content=\"Geri \u00d6deme ve \u0130ade Politikas\u0131 - Head Beauty\" \/>\n<meta property=\"og:description\" content=\"14 g\u00fcnl\u00fck bir iade politikam\u0131z var, bu da \u00f6\u011fenizi ald\u0131ktan sonra iade talebinde bulunmak i\u00e7in 14 g\u00fcn\u00fcn\u00fcz oldu\u011fu anlam\u0131na gelir. \u0130adeye hak kazanabilmek i\u00e7in, \u00f6\u011fenizin ald\u0131\u011f\u0131n\u0131z durumda, kullan\u0131lmam\u0131\u015f ve orijinal ambalaj\u0131nda olmas\u0131 gerekir. Ayr\u0131ca makbuza veya sat\u0131n alma belgesine de ihtiyac\u0131n\u0131z olacak. \u0130ade ba\u015flatmak i\u00e7in sales@head-beauty.com adresinden bizimle ileti\u015fime ge\u00e7ebilirsiniz. \u00d6nce iade talebinde bulunmadan bize geri g\u00f6nderilen \u00fcr\u00fcnler kabul edilmeyecektir.\u2026\" \/>\n<meta property=\"og:url\" content=\"https:\/\/head-beauty.com\/tr\/geri-odeme-ve-iade-politikasi\/\" \/>\n<meta property=\"og:site_name\" content=\"Head Beauty\" \/>\n<meta property=\"article:modified_time\" content=\"2025-04-10T06:36:13+00:00\" \/>\n<meta property=\"og:image\" content=\"https:\/\/head-beauty.com\/wp-content\/uploads\/2025\/04\/panorama-001-scaled-1.png\" \/>\n\t<meta property=\"og:image:width\" content=\"1240\" \/>\n\t<meta property=\"og:image:height\" content=\"930\" \/>\n\t<meta property=\"og:image:type\" content=\"image\/png\" \/>\n<meta name=\"twitter:card\" content=\"summary_large_image\" \/>\n<meta name=\"twitter:label1\" content=\"Tahmini okuma s\u00fcresi\" \/>\n\t<meta name=\"twitter:data1\" content=\"2 dakika\" \/>\n<script type=\"application\/ld+json\" class=\"yoast-schema-graph\">{\"@context\":\"https:\/\/schema.org\",\"@graph\":[{\"@type\":\"WebPage\",\"@id\":\"https:\/\/head-beauty.com\/tr\/geri-odeme-ve-iade-politikasi\/\",\"url\":\"https:\/\/head-beauty.com\/tr\/geri-odeme-ve-iade-politikasi\/\",\"name\":\"Geri \u00d6deme ve \u0130ade Politikas\u0131 - Head Beauty\",\"isPartOf\":{\"@id\":\"https:\/\/head-beauty.com\/tr\/#website\"},\"datePublished\":\"2025-03-26T14:34:07+00:00\",\"dateModified\":\"2025-04-10T06:36:13+00:00\",\"breadcrumb\":{\"@id\":\"https:\/\/head-beauty.com\/tr\/geri-odeme-ve-iade-politikasi\/#breadcrumb\"},\"inLanguage\":\"tr\",\"potentialAction\":[{\"@type\":\"ReadAction\",\"target\":[\"https:\/\/head-beauty.com\/tr\/geri-odeme-ve-iade-politikasi\/\"]}]},{\"@type\":\"BreadcrumbList\",\"@id\":\"https:\/\/head-beauty.com\/tr\/geri-odeme-ve-iade-politikasi\/#breadcrumb\",\"itemListElement\":[{\"@type\":\"ListItem\",\"position\":1,\"name\":\"Home\",\"item\":\"https:\/\/head-beauty.com\/tr\/\"},{\"@type\":\"ListItem\",\"position\":2,\"name\":\"Geri \u00d6deme ve \u0130ade Politikas\u0131\"}]},{\"@type\":\"WebSite\",\"@id\":\"https:\/\/head-beauty.com\/tr\/#website\",\"url\":\"https:\/\/head-beauty.com\/tr\/\",\"name\":\"Head - The Beauty Tools\",\"description\":\"\",\"publisher\":{\"@id\":\"https:\/\/head-beauty.com\/tr\/#organization\"},\"potentialAction\":[{\"@type\":\"SearchAction\",\"target\":{\"@type\":\"EntryPoint\",\"urlTemplate\":\"https:\/\/head-beauty.com\/tr\/?s={search_term_string}\"},\"query-input\":{\"@type\":\"PropertyValueSpecification\",\"valueRequired\":true,\"valueName\":\"search_term_string\"}}],\"inLanguage\":\"tr\"},{\"@type\":\"Organization\",\"@id\":\"https:\/\/head-beauty.com\/tr\/#organization\",\"name\":\"Head - The Beauty Tools\",\"url\":\"https:\/\/head-beauty.com\/tr\/\",\"logo\":{\"@type\":\"ImageObject\",\"inLanguage\":\"tr\",\"@id\":\"https:\/\/head-beauty.com\/tr\/#\/schema\/logo\/image\/\",\"url\":\"https:\/\/head-beauty.com\/wp-content\/uploads\/2024\/10\/head-beauty-logo.svg\",\"contentUrl\":\"https:\/\/head-beauty.com\/wp-content\/uploads\/2024\/10\/head-beauty-logo.svg\",\"width\":411.20999999999997953636921010911464691162109375,\"height\":200,\"caption\":\"Head - The Beauty Tools\"},\"image\":{\"@id\":\"https:\/\/head-beauty.com\/tr\/#\/schema\/logo\/image\/\"}}]}<\/script>\n<!-- \/ Yoast SEO plugin. -->","yoast_head_json":{"title":"Geri \u00d6deme ve \u0130ade Politikas\u0131 - Head Beauty","robots":{"index":"index","follow":"follow","max-snippet":"max-snippet:-1","max-image-preview":"max-image-preview:large","max-video-preview":"max-video-preview:-1"},"canonical":"https:\/\/head-beauty.com\/tr\/geri-odeme-ve-iade-politikasi\/","og_locale":"tr_TR","og_type":"article","og_title":"Geri \u00d6deme ve \u0130ade Politikas\u0131 - Head Beauty","og_description":"14 g\u00fcnl\u00fck bir iade politikam\u0131z var, bu da \u00f6\u011fenizi ald\u0131ktan sonra iade talebinde bulunmak i\u00e7in 14 g\u00fcn\u00fcn\u00fcz oldu\u011fu anlam\u0131na gelir. \u0130adeye hak kazanabilmek i\u00e7in, \u00f6\u011fenizin ald\u0131\u011f\u0131n\u0131z durumda, kullan\u0131lmam\u0131\u015f ve orijinal ambalaj\u0131nda olmas\u0131 gerekir. Ayr\u0131ca makbuza veya sat\u0131n alma belgesine de ihtiyac\u0131n\u0131z olacak. \u0130ade ba\u015flatmak i\u00e7in sales@head-beauty.com adresinden bizimle ileti\u015fime ge\u00e7ebilirsiniz. \u00d6nce iade talebinde bulunmadan bize geri g\u00f6nderilen \u00fcr\u00fcnler kabul edilmeyecektir.\u2026","og_url":"https:\/\/head-beauty.com\/tr\/geri-odeme-ve-iade-politikasi\/","og_site_name":"Head Beauty","article_modified_time":"2025-04-10T06:36:13+00:00","og_image":[{"width":1240,"height":930,"url":"https:\/\/head-beauty.com\/wp-content\/uploads\/2025\/04\/panorama-001-scaled-1.png","type":"image\/png"}],"twitter_card":"summary_large_image","twitter_misc":{"Tahmini okuma s\u00fcresi":"2 dakika"},"schema":{"@context":"https:\/\/schema.org","@graph":[{"@type":"WebPage","@id":"https:\/\/head-beauty.com\/tr\/geri-odeme-ve-iade-politikasi\/","url":"https:\/\/head-beauty.com\/tr\/geri-odeme-ve-iade-politikasi\/","name":"Geri \u00d6deme ve \u0130ade Politikas\u0131 - Head Beauty","isPartOf":{"@id":"https:\/\/head-beauty.com\/tr\/#website"},"datePublished":"2025-03-26T14:34:07+00:00","dateModified":"2025-04-10T06:36:13+00:00","breadcrumb":{"@id":"https:\/\/head-beauty.com\/tr\/geri-odeme-ve-iade-politikasi\/#breadcrumb"},"inLanguage":"tr","potentialAction":[{"@type":"ReadAction","target":["https:\/\/head-beauty.com\/tr\/geri-odeme-ve-iade-politikasi\/"]}]},{"@type":"BreadcrumbList","@id":"https:\/\/head-beauty.com\/tr\/geri-odeme-ve-iade-politikasi\/#breadcrumb","itemListElement":[{"@type":"ListItem","position":1,"name":"Home","item":"https:\/\/head-beauty.com\/tr\/"},{"@type":"ListItem","position":2,"name":"Geri \u00d6deme ve \u0130ade Politikas\u0131"}]},{"@type":"WebSite","@id":"https:\/\/head-beauty.com\/tr\/#website","url":"https:\/\/head-beauty.com\/tr\/","name":"Head - The Beauty Tools","description":"","publisher":{"@id":"https:\/\/head-beauty.com\/tr\/#organization"},"potentialAction":[{"@type":"SearchAction","target":{"@type":"EntryPoint","urlTemplate":"https:\/\/head-beauty.com\/tr\/?s={search_term_string}"},"query-input":{"@type":"PropertyValueSpecification","valueRequired":true,"valueName":"search_term_string"}}],"inLanguage":"tr"},{"@type":"Organization","@id":"https:\/\/head-beauty.com\/tr\/#organization","name":"Head - The Beauty Tools","url":"https:\/\/head-beauty.com\/tr\/","logo":{"@type":"ImageObject","inLanguage":"tr","@id":"https:\/\/head-beauty.com\/tr\/#\/schema\/logo\/image\/","url":"https:\/\/head-beauty.com\/wp-content\/uploads\/2024\/10\/head-beauty-logo.svg","contentUrl":"https:\/\/head-beauty.com\/wp-content\/uploads\/2024\/10\/head-beauty-logo.svg","width":411.20999999999997953636921010911464691162109375,"height":200,"caption":"Head - The Beauty Tools"},"image":{"@id":"https:\/\/head-beauty.com\/tr\/#\/schema\/logo\/image\/"}}]}},"_links":{"self":[{"href":"https:\/\/head-beauty.com\/tr\/wp-json\/wp\/v2\/pages\/29940","targetHints":{"allow":["GET"]}}],"collection":[{"href":"https:\/\/head-beauty.com\/tr\/wp-json\/wp\/v2\/pages"}],"about":[{"href":"https:\/\/head-beauty.com\/tr\/wp-json\/wp\/v2\/types\/page"}],"author":[{"embeddable":true,"href":"https:\/\/head-beauty.com\/tr\/wp-json\/wp\/v2\/users\/1"}],"replies":[{"embeddable":true,"href":"https:\/\/head-beauty.com\/tr\/wp-json\/wp\/v2\/comments?post=29940"}],"version-history":[{"count":2,"href":"https:\/\/head-beauty.com\/tr\/wp-json\/wp\/v2\/pages\/29940\/revisions"}],"predecessor-version":[{"id":29943,"href":"https:\/\/head-beauty.com\/tr\/wp-json\/wp\/v2\/pages\/29940\/revisions\/29943"}],"wp:attachment":[{"href":"https:\/\/head-beauty.com\/tr\/wp-json\/wp\/v2\/media?parent=29940"}],"curies":[{"name":"wp","href":"https:\/\/api.w.org\/{rel}","templated":true}]}}