{"id":25285,"date":"2024-12-02T15:40:38","date_gmt":"2024-12-02T12:40:38","guid":{"rendered":"https:\/\/head-beauty.com\/product\/ny-1-profesyonel-kutikul-penseleri-y-line-1\/"},"modified":"2024-12-02T15:40:38","modified_gmt":"2024-12-02T12:40:38","slug":"ny-1-profesyonel-kutikul-penseleri-y-line-1","status":"publish","type":"product","link":"https:\/\/head-beauty.com\/tr\/urun\/ny-1-profesyonel-kutikul-penseleri-y-line-1\/","title":{"rendered":"NY-1 Profesyonel k\u00fctik\u00fcl penseleri Y-line 1"},"content":{"rendered":"<p>Saplar\u0131n benzersiz, ergonomik b\u00fck\u00fclmesi, \u00e7al\u0131\u015fma s\u0131ras\u0131nda ustan\u0131n eli i\u00e7in rahat bir pozisyon sa\u011flar, \u00dcr\u00fcn\u00fcn t\u00fcm y\u00fczeyinin m\u00fckemmel parlak parlat\u0131lmas\u0131, tutamaklar\u0131n yumu\u015fak ve p\u00fcr\u00fczs\u00fcz kapanmas\u0131, yeni ba\u015flayanlar ve profesyoneller i\u00e7in uygun, y\u00fcksek korozyon direnci ve daha uzun \u00e7al\u0131\u015fma \u00f6mr\u00fc<\/p>\n","protected":false},"excerpt":{"rendered":"<p>Saplar\u0131n benzersiz, ergonomik b\u00fck\u00fclmesi, \u00e7al\u0131\u015fma s\u0131ras\u0131nda ustan\u0131n eli i\u00e7in rahat bir pozisyon sa\u011flar, \u00dcr\u00fcn\u00fcn t\u00fcm y\u00fczeyinin m\u00fckemmel parlak parlat\u0131lmas\u0131, tutamaklar\u0131n yumu\u015fak ve p\u00fcr\u00fczs\u00fcz kapanmas\u0131, yeni ba\u015flayanlar ve profesyoneller i\u00e7in uygun, y\u00fcksek korozyon direnci ve daha uzun \u00e7al\u0131\u015fma \u00f6mr\u00fc<\/p>\n","protected":false},"featured_media":25293,"template":"","meta":{"_acf_changed":false},"product_brand":[],"product_cat":[361],"product_tag":[816],"class_list":{"0":"post-25285","1":"product","2":"type-product","3":"status-publish","4":"has-post-thumbnail","6":"product_cat-tirnak-eti-pensleri","7":"product_tag-ustun-pense-y-hatti","9":"first","10":"instock","11":"taxable","12":"shipping-taxable","13":"purchasable","14":"product-type-variable"},"acf":[],"yoast_head":"<!-- This site is optimized with the Yoast SEO plugin v24.8.1 - https:\/\/yoast.com\/wordpress\/plugins\/seo\/ -->\n<title>NY-1 Profesyonel k\u00fctik\u00fcl penseleri Y-line 1 - Head Beauty<\/title>\n<meta name=\"robots\" content=\"index, follow, max-snippet:-1, max-image-preview:large, max-video-preview:-1\" \/>\n<link rel=\"canonical\" href=\"https:\/\/head-beauty.com\/tr\/urun\/ny-1-profesyonel-kutikul-penseleri-y-line-1\/\" \/>\n<meta property=\"og:locale\" content=\"tr_TR\" \/>\n<meta property=\"og:type\" content=\"article\" \/>\n<meta property=\"og:title\" content=\"NY-1 Profesyonel k\u00fctik\u00fcl penseleri Y-line 1 - Head Beauty\" \/>\n<meta property=\"og:description\" content=\"Saplar\u0131n benzersiz, ergonomik b\u00fck\u00fclmesi, \u00e7al\u0131\u015fma s\u0131ras\u0131nda ustan\u0131n eli i\u00e7in rahat bir pozisyon sa\u011flar, \u00dcr\u00fcn\u00fcn t\u00fcm y\u00fczeyinin m\u00fckemmel parlak parlat\u0131lmas\u0131, tutamaklar\u0131n yumu\u015fak ve p\u00fcr\u00fczs\u00fcz kapanmas\u0131, yeni ba\u015flayanlar ve profesyoneller i\u00e7in uygun, y\u00fcksek korozyon direnci ve daha uzun \u00e7al\u0131\u015fma \u00f6mr\u00fc\" \/>\n<meta property=\"og:url\" content=\"https:\/\/head-beauty.com\/tr\/urun\/ny-1-profesyonel-kutikul-penseleri-y-line-1\/\" \/>\n<meta property=\"og:site_name\" content=\"Head Beauty\" \/>\n<meta property=\"og:image\" content=\"https:\/\/head-beauty.com\/wp-content\/uploads\/2024\/12\/CN8-1.jpg\" \/>\n\t<meta property=\"og:image:width\" content=\"1920\" \/>\n\t<meta property=\"og:image:height\" content=\"1920\" \/>\n\t<meta property=\"og:image:type\" content=\"image\/jpeg\" \/>\n<meta name=\"twitter:card\" content=\"summary_large_image\" \/>\n<script type=\"application\/ld+json\" class=\"yoast-schema-graph\">{\"@context\":\"https:\/\/schema.org\",\"@graph\":[{\"@type\":\"WebPage\",\"@id\":\"https:\/\/head-beauty.com\/tr\/urun\/ny-1-profesyonel-kutikul-penseleri-y-line-1\/\",\"url\":\"https:\/\/head-beauty.com\/tr\/urun\/ny-1-profesyonel-kutikul-penseleri-y-line-1\/\",\"name\":\"NY-1 Profesyonel k\u00fctik\u00fcl penseleri Y-line 1 - Head Beauty\",\"isPartOf\":{\"@id\":\"https:\/\/head-beauty.com\/tr\/#website\"},\"primaryImageOfPage\":{\"@id\":\"https:\/\/head-beauty.com\/tr\/urun\/ny-1-profesyonel-kutikul-penseleri-y-line-1\/#primaryimage\"},\"image\":{\"@id\":\"https:\/\/head-beauty.com\/tr\/urun\/ny-1-profesyonel-kutikul-penseleri-y-line-1\/#primaryimage\"},\"thumbnailUrl\":\"https:\/\/head-beauty.com\/wp-content\/uploads\/2024\/12\/CN8-1.jpg\",\"datePublished\":\"2024-12-02T12:40:38+00:00\",\"breadcrumb\":{\"@id\":\"https:\/\/head-beauty.com\/tr\/urun\/ny-1-profesyonel-kutikul-penseleri-y-line-1\/#breadcrumb\"},\"inLanguage\":\"tr\",\"potentialAction\":[{\"@type\":\"ReadAction\",\"target\":[\"https:\/\/head-beauty.com\/tr\/urun\/ny-1-profesyonel-kutikul-penseleri-y-line-1\/\"]}]},{\"@type\":\"ImageObject\",\"inLanguage\":\"tr\",\"@id\":\"https:\/\/head-beauty.com\/tr\/urun\/ny-1-profesyonel-kutikul-penseleri-y-line-1\/#primaryimage\",\"url\":\"https:\/\/head-beauty.com\/wp-content\/uploads\/2024\/12\/CN8-1.jpg\",\"contentUrl\":\"https:\/\/head-beauty.com\/wp-content\/uploads\/2024\/12\/CN8-1.jpg\",\"width\":1920,\"height\":1920},{\"@type\":\"BreadcrumbList\",\"@id\":\"https:\/\/head-beauty.com\/tr\/urun\/ny-1-profesyonel-kutikul-penseleri-y-line-1\/#breadcrumb\",\"itemListElement\":[{\"@type\":\"ListItem\",\"position\":1,\"name\":\"Home\",\"item\":\"https:\/\/head-beauty.com\/tr\/\"},{\"@type\":\"ListItem\",\"position\":2,\"name\":\"D\u00fckk\u00e2n\",\"item\":\"https:\/\/head-beauty.com\/tr\/magaza\/\"},{\"@type\":\"ListItem\",\"position\":3,\"name\":\"NY-1 Profesyonel k\u00fctik\u00fcl penseleri Y-line 1\"}]},{\"@type\":\"WebSite\",\"@id\":\"https:\/\/head-beauty.com\/tr\/#website\",\"url\":\"https:\/\/head-beauty.com\/tr\/\",\"name\":\"Head - The Beauty Tools\",\"description\":\"\",\"publisher\":{\"@id\":\"https:\/\/head-beauty.com\/tr\/#organization\"},\"potentialAction\":[{\"@type\":\"SearchAction\",\"target\":{\"@type\":\"EntryPoint\",\"urlTemplate\":\"https:\/\/head-beauty.com\/tr\/?s={search_term_string}\"},\"query-input\":{\"@type\":\"PropertyValueSpecification\",\"valueRequired\":true,\"valueName\":\"search_term_string\"}}],\"inLanguage\":\"tr\"},{\"@type\":\"Organization\",\"@id\":\"https:\/\/head-beauty.com\/tr\/#organization\",\"name\":\"Head - The Beauty Tools\",\"url\":\"https:\/\/head-beauty.com\/tr\/\",\"logo\":{\"@type\":\"ImageObject\",\"inLanguage\":\"tr\",\"@id\":\"https:\/\/head-beauty.com\/tr\/#\/schema\/logo\/image\/\",\"url\":\"https:\/\/head-beauty.com\/wp-content\/uploads\/2024\/10\/head-beauty-logo.svg\",\"contentUrl\":\"https:\/\/head-beauty.com\/wp-content\/uploads\/2024\/10\/head-beauty-logo.svg\",\"width\":411.20999999999997953636921010911464691162109375,\"height\":200,\"caption\":\"Head - The Beauty Tools\"},\"image\":{\"@id\":\"https:\/\/head-beauty.com\/tr\/#\/schema\/logo\/image\/\"}}]}<\/script>\n<!-- \/ Yoast SEO plugin. -->","yoast_head_json":{"title":"NY-1 Profesyonel k\u00fctik\u00fcl penseleri Y-line 1 - Head Beauty","robots":{"index":"index","follow":"follow","max-snippet":"max-snippet:-1","max-image-preview":"max-image-preview:large","max-video-preview":"max-video-preview:-1"},"canonical":"https:\/\/head-beauty.com\/tr\/urun\/ny-1-profesyonel-kutikul-penseleri-y-line-1\/","og_locale":"tr_TR","og_type":"article","og_title":"NY-1 Profesyonel k\u00fctik\u00fcl penseleri Y-line 1 - Head Beauty","og_description":"Saplar\u0131n benzersiz, ergonomik b\u00fck\u00fclmesi, \u00e7al\u0131\u015fma s\u0131ras\u0131nda ustan\u0131n eli i\u00e7in rahat bir pozisyon sa\u011flar, \u00dcr\u00fcn\u00fcn t\u00fcm y\u00fczeyinin m\u00fckemmel parlak parlat\u0131lmas\u0131, tutamaklar\u0131n yumu\u015fak ve p\u00fcr\u00fczs\u00fcz kapanmas\u0131, yeni ba\u015flayanlar ve profesyoneller i\u00e7in uygun, y\u00fcksek korozyon direnci ve daha uzun \u00e7al\u0131\u015fma \u00f6mr\u00fc","og_url":"https:\/\/head-beauty.com\/tr\/urun\/ny-1-profesyonel-kutikul-penseleri-y-line-1\/","og_site_name":"Head Beauty","og_image":[{"width":1920,"height":1920,"url":"https:\/\/head-beauty.com\/wp-content\/uploads\/2024\/12\/CN8-1.jpg","type":"image\/jpeg"}],"twitter_card":"summary_large_image","schema":{"@context":"https:\/\/schema.org","@graph":[{"@type":"WebPage","@id":"https:\/\/head-beauty.com\/tr\/urun\/ny-1-profesyonel-kutikul-penseleri-y-line-1\/","url":"https:\/\/head-beauty.com\/tr\/urun\/ny-1-profesyonel-kutikul-penseleri-y-line-1\/","name":"NY-1 Profesyonel k\u00fctik\u00fcl penseleri Y-line 1 - Head Beauty","isPartOf":{"@id":"https:\/\/head-beauty.com\/tr\/#website"},"primaryImageOfPage":{"@id":"https:\/\/head-beauty.com\/tr\/urun\/ny-1-profesyonel-kutikul-penseleri-y-line-1\/#primaryimage"},"image":{"@id":"https:\/\/head-beauty.com\/tr\/urun\/ny-1-profesyonel-kutikul-penseleri-y-line-1\/#primaryimage"},"thumbnailUrl":"https:\/\/head-beauty.com\/wp-content\/uploads\/2024\/12\/CN8-1.jpg","datePublished":"2024-12-02T12:40:38+00:00","breadcrumb":{"@id":"https:\/\/head-beauty.com\/tr\/urun\/ny-1-profesyonel-kutikul-penseleri-y-line-1\/#breadcrumb"},"inLanguage":"tr","potentialAction":[{"@type":"ReadAction","target":["https:\/\/head-beauty.com\/tr\/urun\/ny-1-profesyonel-kutikul-penseleri-y-line-1\/"]}]},{"@type":"ImageObject","inLanguage":"tr","@id":"https:\/\/head-beauty.com\/tr\/urun\/ny-1-profesyonel-kutikul-penseleri-y-line-1\/#primaryimage","url":"https:\/\/head-beauty.com\/wp-content\/uploads\/2024\/12\/CN8-1.jpg","contentUrl":"https:\/\/head-beauty.com\/wp-content\/uploads\/2024\/12\/CN8-1.jpg","width":1920,"height":1920},{"@type":"BreadcrumbList","@id":"https:\/\/head-beauty.com\/tr\/urun\/ny-1-profesyonel-kutikul-penseleri-y-line-1\/#breadcrumb","itemListElement":[{"@type":"ListItem","position":1,"name":"Home","item":"https:\/\/head-beauty.com\/tr\/"},{"@type":"ListItem","position":2,"name":"D\u00fckk\u00e2n","item":"https:\/\/head-beauty.com\/tr\/magaza\/"},{"@type":"ListItem","position":3,"name":"NY-1 Profesyonel k\u00fctik\u00fcl penseleri Y-line 1"}]},{"@type":"WebSite","@id":"https:\/\/head-beauty.com\/tr\/#website","url":"https:\/\/head-beauty.com\/tr\/","name":"Head - The Beauty Tools","description":"","publisher":{"@id":"https:\/\/head-beauty.com\/tr\/#organization"},"potentialAction":[{"@type":"SearchAction","target":{"@type":"EntryPoint","urlTemplate":"https:\/\/head-beauty.com\/tr\/?s={search_term_string}"},"query-input":{"@type":"PropertyValueSpecification","valueRequired":true,"valueName":"search_term_string"}}],"inLanguage":"tr"},{"@type":"Organization","@id":"https:\/\/head-beauty.com\/tr\/#organization","name":"Head - The Beauty Tools","url":"https:\/\/head-beauty.com\/tr\/","logo":{"@type":"ImageObject","inLanguage":"tr","@id":"https:\/\/head-beauty.com\/tr\/#\/schema\/logo\/image\/","url":"https:\/\/head-beauty.com\/wp-content\/uploads\/2024\/10\/head-beauty-logo.svg","contentUrl":"https:\/\/head-beauty.com\/wp-content\/uploads\/2024\/10\/head-beauty-logo.svg","width":411.20999999999997953636921010911464691162109375,"height":200,"caption":"Head - The Beauty Tools"},"image":{"@id":"https:\/\/head-beauty.com\/tr\/#\/schema\/logo\/image\/"}}]}},"_links":{"self":[{"href":"https:\/\/head-beauty.com\/tr\/wp-json\/wp\/v2\/product\/25285","targetHints":{"allow":["GET"]}}],"collection":[{"href":"https:\/\/head-beauty.com\/tr\/wp-json\/wp\/v2\/product"}],"about":[{"href":"https:\/\/head-beauty.com\/tr\/wp-json\/wp\/v2\/types\/product"}],"wp:featuredmedia":[{"embeddable":true,"href":"https:\/\/head-beauty.com\/tr\/wp-json\/wp\/v2\/media\/25293"}],"wp:attachment":[{"href":"https:\/\/head-beauty.com\/tr\/wp-json\/wp\/v2\/media?parent=25285"}],"wp:term":[{"taxonomy":"product_brand","embeddable":true,"href":"https:\/\/head-beauty.com\/tr\/wp-json\/wp\/v2\/product_brand?post=25285"},{"taxonomy":"product_cat","embeddable":true,"href":"https:\/\/head-beauty.com\/tr\/wp-json\/wp\/v2\/product_cat?post=25285"},{"taxonomy":"product_tag","embeddable":true,"href":"https:\/\/head-beauty.com\/tr\/wp-json\/wp\/v2\/product_tag?post=25285"}],"curies":[{"name":"wp","href":"https:\/\/api.w.org\/{rel}","templated":true}]}}