{"id":27471,"date":"2024-12-02T16:43:13","date_gmt":"2024-12-02T13:43:13","guid":{"rendered":"https:\/\/head-beauty.com\/product\/hbd-243blx-elmas-frez-alev-guvenli-mavi\/"},"modified":"2024-12-02T16:43:13","modified_gmt":"2024-12-02T13:43:13","slug":"hbd-243blx-elmas-frez-alev-guvenli-mavi","status":"publish","type":"product","link":"https:\/\/head-beauty.com\/tr\/urun\/hbd-243blx-elmas-frez-alev-guvenli-mavi\/","title":{"rendered":"HBD-243BLX Elmas frez &#8220;alev&#8221; g\u00fcvenli mavi"},"content":{"rendered":"<p>Yanal \u00e7\u0131k\u0131nt\u0131lar\u0131n i\u015flenmesi, k\u00fctik\u00fcl\u00fcn kald\u0131r\u0131lmas\u0131 ve \u00e7\u0131kar\u0131lmas\u0131, k\u00fc\u00e7\u00fck \u00e7atlaklar\u0131n ve nas\u0131rlar\u0131n i\u015flenmesi, standart orta \u00e7apraz t\u00fcfek<\/p>\n","protected":false},"excerpt":{"rendered":"<p>Yanal \u00e7\u0131k\u0131nt\u0131lar\u0131n i\u015flenmesi, k\u00fctik\u00fcl\u00fcn kald\u0131r\u0131lmas\u0131 ve \u00e7\u0131kar\u0131lmas\u0131, k\u00fc\u00e7\u00fck \u00e7atlaklar\u0131n ve nas\u0131rlar\u0131n i\u015flenmesi, standart orta \u00e7apraz t\u00fcfek<\/p>\n","protected":false},"featured_media":27491,"template":"","meta":{"_acf_changed":false},"product_brand":[],"product_cat":[452],"product_tag":[],"class_list":{"0":"post-27471","1":"product","2":"type-product","3":"status-publish","4":"has-post-thumbnail","6":"product_cat-pirlanta-frezler","8":"first","9":"instock","10":"taxable","11":"shipping-taxable","12":"purchasable","13":"product-type-variable"},"acf":[],"yoast_head":"<!-- This site is optimized with the Yoast SEO plugin v24.8.1 - https:\/\/yoast.com\/wordpress\/plugins\/seo\/ -->\n<title>HBD-243BLX Elmas frez &quot;alev&quot; g\u00fcvenli mavi - Head Beauty<\/title>\n<meta name=\"robots\" content=\"index, follow, max-snippet:-1, max-image-preview:large, max-video-preview:-1\" \/>\n<link rel=\"canonical\" href=\"https:\/\/head-beauty.com\/tr\/urun\/hbd-243blx-elmas-frez-alev-guvenli-mavi\/\" \/>\n<meta property=\"og:locale\" content=\"tr_TR\" \/>\n<meta property=\"og:type\" content=\"article\" \/>\n<meta property=\"og:title\" content=\"HBD-243BLX Elmas frez &quot;alev&quot; g\u00fcvenli mavi - Head Beauty\" \/>\n<meta property=\"og:description\" content=\"Yanal \u00e7\u0131k\u0131nt\u0131lar\u0131n i\u015flenmesi, k\u00fctik\u00fcl\u00fcn kald\u0131r\u0131lmas\u0131 ve \u00e7\u0131kar\u0131lmas\u0131, k\u00fc\u00e7\u00fck \u00e7atlaklar\u0131n ve nas\u0131rlar\u0131n i\u015flenmesi, standart orta \u00e7apraz t\u00fcfek\" \/>\n<meta property=\"og:url\" content=\"https:\/\/head-beauty.com\/tr\/urun\/hbd-243blx-elmas-frez-alev-guvenli-mavi\/\" \/>\n<meta property=\"og:site_name\" content=\"Head Beauty\" \/>\n<meta property=\"og:image\" content=\"https:\/\/head-beauty.com\/wp-content\/uploads\/2024\/12\/DB24.png\" \/>\n\t<meta property=\"og:image:width\" content=\"2849\" \/>\n\t<meta property=\"og:image:height\" content=\"2849\" \/>\n\t<meta property=\"og:image:type\" content=\"image\/png\" \/>\n<meta name=\"twitter:card\" content=\"summary_large_image\" \/>\n<script type=\"application\/ld+json\" class=\"yoast-schema-graph\">{\"@context\":\"https:\/\/schema.org\",\"@graph\":[{\"@type\":\"WebPage\",\"@id\":\"https:\/\/head-beauty.com\/tr\/urun\/hbd-243blx-elmas-frez-alev-guvenli-mavi\/\",\"url\":\"https:\/\/head-beauty.com\/tr\/urun\/hbd-243blx-elmas-frez-alev-guvenli-mavi\/\",\"name\":\"HBD-243BLX Elmas frez \\\"alev\\\" g\u00fcvenli mavi - Head Beauty\",\"isPartOf\":{\"@id\":\"https:\/\/head-beauty.com\/tr\/#website\"},\"primaryImageOfPage\":{\"@id\":\"https:\/\/head-beauty.com\/tr\/urun\/hbd-243blx-elmas-frez-alev-guvenli-mavi\/#primaryimage\"},\"image\":{\"@id\":\"https:\/\/head-beauty.com\/tr\/urun\/hbd-243blx-elmas-frez-alev-guvenli-mavi\/#primaryimage\"},\"thumbnailUrl\":\"https:\/\/head-beauty.com\/wp-content\/uploads\/2024\/12\/DB24.png\",\"datePublished\":\"2024-12-02T13:43:13+00:00\",\"breadcrumb\":{\"@id\":\"https:\/\/head-beauty.com\/tr\/urun\/hbd-243blx-elmas-frez-alev-guvenli-mavi\/#breadcrumb\"},\"inLanguage\":\"tr\",\"potentialAction\":[{\"@type\":\"ReadAction\",\"target\":[\"https:\/\/head-beauty.com\/tr\/urun\/hbd-243blx-elmas-frez-alev-guvenli-mavi\/\"]}]},{\"@type\":\"ImageObject\",\"inLanguage\":\"tr\",\"@id\":\"https:\/\/head-beauty.com\/tr\/urun\/hbd-243blx-elmas-frez-alev-guvenli-mavi\/#primaryimage\",\"url\":\"https:\/\/head-beauty.com\/wp-content\/uploads\/2024\/12\/DB24.png\",\"contentUrl\":\"https:\/\/head-beauty.com\/wp-content\/uploads\/2024\/12\/DB24.png\",\"width\":2849,\"height\":2849},{\"@type\":\"BreadcrumbList\",\"@id\":\"https:\/\/head-beauty.com\/tr\/urun\/hbd-243blx-elmas-frez-alev-guvenli-mavi\/#breadcrumb\",\"itemListElement\":[{\"@type\":\"ListItem\",\"position\":1,\"name\":\"Home\",\"item\":\"https:\/\/head-beauty.com\/tr\/\"},{\"@type\":\"ListItem\",\"position\":2,\"name\":\"D\u00fckk\u00e2n\",\"item\":\"https:\/\/head-beauty.com\/tr\/magaza\/\"},{\"@type\":\"ListItem\",\"position\":3,\"name\":\"HBD-243BLX Elmas frez &#8220;alev&#8221; g\u00fcvenli mavi\"}]},{\"@type\":\"WebSite\",\"@id\":\"https:\/\/head-beauty.com\/tr\/#website\",\"url\":\"https:\/\/head-beauty.com\/tr\/\",\"name\":\"Head - The Beauty Tools\",\"description\":\"\",\"publisher\":{\"@id\":\"https:\/\/head-beauty.com\/tr\/#organization\"},\"potentialAction\":[{\"@type\":\"SearchAction\",\"target\":{\"@type\":\"EntryPoint\",\"urlTemplate\":\"https:\/\/head-beauty.com\/tr\/?s={search_term_string}\"},\"query-input\":{\"@type\":\"PropertyValueSpecification\",\"valueRequired\":true,\"valueName\":\"search_term_string\"}}],\"inLanguage\":\"tr\"},{\"@type\":\"Organization\",\"@id\":\"https:\/\/head-beauty.com\/tr\/#organization\",\"name\":\"Head - The Beauty Tools\",\"url\":\"https:\/\/head-beauty.com\/tr\/\",\"logo\":{\"@type\":\"ImageObject\",\"inLanguage\":\"tr\",\"@id\":\"https:\/\/head-beauty.com\/tr\/#\/schema\/logo\/image\/\",\"url\":\"https:\/\/head-beauty.com\/wp-content\/uploads\/2024\/10\/head-beauty-logo.svg\",\"contentUrl\":\"https:\/\/head-beauty.com\/wp-content\/uploads\/2024\/10\/head-beauty-logo.svg\",\"width\":411.20999999999997953636921010911464691162109375,\"height\":200,\"caption\":\"Head - The Beauty Tools\"},\"image\":{\"@id\":\"https:\/\/head-beauty.com\/tr\/#\/schema\/logo\/image\/\"}}]}<\/script>\n<!-- \/ Yoast SEO plugin. -->","yoast_head_json":{"title":"HBD-243BLX Elmas frez \"alev\" g\u00fcvenli mavi - Head Beauty","robots":{"index":"index","follow":"follow","max-snippet":"max-snippet:-1","max-image-preview":"max-image-preview:large","max-video-preview":"max-video-preview:-1"},"canonical":"https:\/\/head-beauty.com\/tr\/urun\/hbd-243blx-elmas-frez-alev-guvenli-mavi\/","og_locale":"tr_TR","og_type":"article","og_title":"HBD-243BLX Elmas frez \"alev\" g\u00fcvenli mavi - Head Beauty","og_description":"Yanal \u00e7\u0131k\u0131nt\u0131lar\u0131n i\u015flenmesi, k\u00fctik\u00fcl\u00fcn kald\u0131r\u0131lmas\u0131 ve \u00e7\u0131kar\u0131lmas\u0131, k\u00fc\u00e7\u00fck \u00e7atlaklar\u0131n ve nas\u0131rlar\u0131n i\u015flenmesi, standart orta \u00e7apraz t\u00fcfek","og_url":"https:\/\/head-beauty.com\/tr\/urun\/hbd-243blx-elmas-frez-alev-guvenli-mavi\/","og_site_name":"Head Beauty","og_image":[{"width":2849,"height":2849,"url":"https:\/\/head-beauty.com\/wp-content\/uploads\/2024\/12\/DB24.png","type":"image\/png"}],"twitter_card":"summary_large_image","schema":{"@context":"https:\/\/schema.org","@graph":[{"@type":"WebPage","@id":"https:\/\/head-beauty.com\/tr\/urun\/hbd-243blx-elmas-frez-alev-guvenli-mavi\/","url":"https:\/\/head-beauty.com\/tr\/urun\/hbd-243blx-elmas-frez-alev-guvenli-mavi\/","name":"HBD-243BLX Elmas frez \"alev\" g\u00fcvenli mavi - Head Beauty","isPartOf":{"@id":"https:\/\/head-beauty.com\/tr\/#website"},"primaryImageOfPage":{"@id":"https:\/\/head-beauty.com\/tr\/urun\/hbd-243blx-elmas-frez-alev-guvenli-mavi\/#primaryimage"},"image":{"@id":"https:\/\/head-beauty.com\/tr\/urun\/hbd-243blx-elmas-frez-alev-guvenli-mavi\/#primaryimage"},"thumbnailUrl":"https:\/\/head-beauty.com\/wp-content\/uploads\/2024\/12\/DB24.png","datePublished":"2024-12-02T13:43:13+00:00","breadcrumb":{"@id":"https:\/\/head-beauty.com\/tr\/urun\/hbd-243blx-elmas-frez-alev-guvenli-mavi\/#breadcrumb"},"inLanguage":"tr","potentialAction":[{"@type":"ReadAction","target":["https:\/\/head-beauty.com\/tr\/urun\/hbd-243blx-elmas-frez-alev-guvenli-mavi\/"]}]},{"@type":"ImageObject","inLanguage":"tr","@id":"https:\/\/head-beauty.com\/tr\/urun\/hbd-243blx-elmas-frez-alev-guvenli-mavi\/#primaryimage","url":"https:\/\/head-beauty.com\/wp-content\/uploads\/2024\/12\/DB24.png","contentUrl":"https:\/\/head-beauty.com\/wp-content\/uploads\/2024\/12\/DB24.png","width":2849,"height":2849},{"@type":"BreadcrumbList","@id":"https:\/\/head-beauty.com\/tr\/urun\/hbd-243blx-elmas-frez-alev-guvenli-mavi\/#breadcrumb","itemListElement":[{"@type":"ListItem","position":1,"name":"Home","item":"https:\/\/head-beauty.com\/tr\/"},{"@type":"ListItem","position":2,"name":"D\u00fckk\u00e2n","item":"https:\/\/head-beauty.com\/tr\/magaza\/"},{"@type":"ListItem","position":3,"name":"HBD-243BLX Elmas frez &#8220;alev&#8221; g\u00fcvenli mavi"}]},{"@type":"WebSite","@id":"https:\/\/head-beauty.com\/tr\/#website","url":"https:\/\/head-beauty.com\/tr\/","name":"Head - The Beauty Tools","description":"","publisher":{"@id":"https:\/\/head-beauty.com\/tr\/#organization"},"potentialAction":[{"@type":"SearchAction","target":{"@type":"EntryPoint","urlTemplate":"https:\/\/head-beauty.com\/tr\/?s={search_term_string}"},"query-input":{"@type":"PropertyValueSpecification","valueRequired":true,"valueName":"search_term_string"}}],"inLanguage":"tr"},{"@type":"Organization","@id":"https:\/\/head-beauty.com\/tr\/#organization","name":"Head - The Beauty Tools","url":"https:\/\/head-beauty.com\/tr\/","logo":{"@type":"ImageObject","inLanguage":"tr","@id":"https:\/\/head-beauty.com\/tr\/#\/schema\/logo\/image\/","url":"https:\/\/head-beauty.com\/wp-content\/uploads\/2024\/10\/head-beauty-logo.svg","contentUrl":"https:\/\/head-beauty.com\/wp-content\/uploads\/2024\/10\/head-beauty-logo.svg","width":411.20999999999997953636921010911464691162109375,"height":200,"caption":"Head - The Beauty Tools"},"image":{"@id":"https:\/\/head-beauty.com\/tr\/#\/schema\/logo\/image\/"}}]}},"_links":{"self":[{"href":"https:\/\/head-beauty.com\/tr\/wp-json\/wp\/v2\/product\/27471","targetHints":{"allow":["GET"]}}],"collection":[{"href":"https:\/\/head-beauty.com\/tr\/wp-json\/wp\/v2\/product"}],"about":[{"href":"https:\/\/head-beauty.com\/tr\/wp-json\/wp\/v2\/types\/product"}],"wp:featuredmedia":[{"embeddable":true,"href":"https:\/\/head-beauty.com\/tr\/wp-json\/wp\/v2\/media\/27491"}],"wp:attachment":[{"href":"https:\/\/head-beauty.com\/tr\/wp-json\/wp\/v2\/media?parent=27471"}],"wp:term":[{"taxonomy":"product_brand","embeddable":true,"href":"https:\/\/head-beauty.com\/tr\/wp-json\/wp\/v2\/product_brand?post=27471"},{"taxonomy":"product_cat","embeddable":true,"href":"https:\/\/head-beauty.com\/tr\/wp-json\/wp\/v2\/product_cat?post=27471"},{"taxonomy":"product_tag","embeddable":true,"href":"https:\/\/head-beauty.com\/tr\/wp-json\/wp\/v2\/product_tag?post=27471"}],"curies":[{"name":"wp","href":"https:\/\/api.w.org\/{rel}","templated":true}]}}