{"id":27687,"date":"2024-12-02T15:42:57","date_gmt":"2024-12-02T12:42:57","guid":{"rendered":"https:\/\/head-beauty.com\/product\/hbd-108bl-elmas-frez-silindir-mavi\/"},"modified":"2024-12-02T15:42:57","modified_gmt":"2024-12-02T12:42:57","slug":"hbd-108bl-elmas-frez-silindir-mavi","status":"publish","type":"product","link":"https:\/\/head-beauty.com\/tr\/urun\/hbd-108bl-elmas-frez-silindir-mavi\/","title":{"rendered":"HBD-108BL Elmas frez &#8220;silindir&#8221; mavi"},"content":{"rendered":"<p>Kaplamadan \u00f6nce do\u011fal \u00e7ivinin i\u015flenmesi, d\u00fczeltilmesi ve serbest kenarl\u0131 \u00e7al\u0131\u015fma i\u00e7in standart orta \u00e7apraz t\u00fcfek<\/p>\n","protected":false},"excerpt":{"rendered":"<p>Kaplamadan \u00f6nce do\u011fal \u00e7ivinin i\u015flenmesi, d\u00fczeltilmesi ve serbest kenarl\u0131 \u00e7al\u0131\u015fma i\u00e7in standart orta \u00e7apraz t\u00fcfek<\/p>\n","protected":false},"featured_media":27695,"template":"","meta":{"_acf_changed":false},"product_brand":[],"product_cat":[452],"product_tag":[],"class_list":{"0":"post-27687","1":"product","2":"type-product","3":"status-publish","4":"has-post-thumbnail","6":"product_cat-pirlanta-frezler","8":"first","9":"instock","10":"taxable","11":"shipping-taxable","12":"purchasable","13":"product-type-variable"},"acf":[],"yoast_head":"<!-- This site is optimized with the Yoast SEO plugin v24.8.1 - https:\/\/yoast.com\/wordpress\/plugins\/seo\/ -->\n<title>HBD-108BL Elmas frez &quot;silindir&quot; mavi - Head Beauty<\/title>\n<meta name=\"robots\" content=\"index, follow, max-snippet:-1, max-image-preview:large, max-video-preview:-1\" \/>\n<link rel=\"canonical\" href=\"https:\/\/head-beauty.com\/tr\/urun\/hbd-108bl-elmas-frez-silindir-mavi\/\" \/>\n<meta property=\"og:locale\" content=\"tr_TR\" \/>\n<meta property=\"og:type\" content=\"article\" \/>\n<meta property=\"og:title\" content=\"HBD-108BL Elmas frez &quot;silindir&quot; mavi - Head Beauty\" \/>\n<meta property=\"og:description\" content=\"Kaplamadan \u00f6nce do\u011fal \u00e7ivinin i\u015flenmesi, d\u00fczeltilmesi ve serbest kenarl\u0131 \u00e7al\u0131\u015fma i\u00e7in standart orta \u00e7apraz t\u00fcfek\" \/>\n<meta property=\"og:url\" content=\"https:\/\/head-beauty.com\/tr\/urun\/hbd-108bl-elmas-frez-silindir-mavi\/\" \/>\n<meta property=\"og:site_name\" content=\"Head Beauty\" \/>\n<meta property=\"og:image\" content=\"https:\/\/head-beauty.com\/wp-content\/uploads\/2024\/12\/DB6-1.jpg\" \/>\n\t<meta property=\"og:image:width\" content=\"2310\" \/>\n\t<meta property=\"og:image:height\" content=\"2310\" \/>\n\t<meta property=\"og:image:type\" content=\"image\/jpeg\" \/>\n<meta name=\"twitter:card\" content=\"summary_large_image\" \/>\n<script type=\"application\/ld+json\" class=\"yoast-schema-graph\">{\"@context\":\"https:\/\/schema.org\",\"@graph\":[{\"@type\":\"WebPage\",\"@id\":\"https:\/\/head-beauty.com\/tr\/urun\/hbd-108bl-elmas-frez-silindir-mavi\/\",\"url\":\"https:\/\/head-beauty.com\/tr\/urun\/hbd-108bl-elmas-frez-silindir-mavi\/\",\"name\":\"HBD-108BL Elmas frez \\\"silindir\\\" mavi - Head Beauty\",\"isPartOf\":{\"@id\":\"https:\/\/head-beauty.com\/tr\/#website\"},\"primaryImageOfPage\":{\"@id\":\"https:\/\/head-beauty.com\/tr\/urun\/hbd-108bl-elmas-frez-silindir-mavi\/#primaryimage\"},\"image\":{\"@id\":\"https:\/\/head-beauty.com\/tr\/urun\/hbd-108bl-elmas-frez-silindir-mavi\/#primaryimage\"},\"thumbnailUrl\":\"https:\/\/head-beauty.com\/wp-content\/uploads\/2024\/12\/DB6-1.jpg\",\"datePublished\":\"2024-12-02T12:42:57+00:00\",\"breadcrumb\":{\"@id\":\"https:\/\/head-beauty.com\/tr\/urun\/hbd-108bl-elmas-frez-silindir-mavi\/#breadcrumb\"},\"inLanguage\":\"tr\",\"potentialAction\":[{\"@type\":\"ReadAction\",\"target\":[\"https:\/\/head-beauty.com\/tr\/urun\/hbd-108bl-elmas-frez-silindir-mavi\/\"]}]},{\"@type\":\"ImageObject\",\"inLanguage\":\"tr\",\"@id\":\"https:\/\/head-beauty.com\/tr\/urun\/hbd-108bl-elmas-frez-silindir-mavi\/#primaryimage\",\"url\":\"https:\/\/head-beauty.com\/wp-content\/uploads\/2024\/12\/DB6-1.jpg\",\"contentUrl\":\"https:\/\/head-beauty.com\/wp-content\/uploads\/2024\/12\/DB6-1.jpg\",\"width\":2310,\"height\":2310},{\"@type\":\"BreadcrumbList\",\"@id\":\"https:\/\/head-beauty.com\/tr\/urun\/hbd-108bl-elmas-frez-silindir-mavi\/#breadcrumb\",\"itemListElement\":[{\"@type\":\"ListItem\",\"position\":1,\"name\":\"Home\",\"item\":\"https:\/\/head-beauty.com\/tr\/\"},{\"@type\":\"ListItem\",\"position\":2,\"name\":\"D\u00fckk\u00e2n\",\"item\":\"https:\/\/head-beauty.com\/tr\/magaza\/\"},{\"@type\":\"ListItem\",\"position\":3,\"name\":\"HBD-108BL Elmas frez &#8220;silindir&#8221; mavi\"}]},{\"@type\":\"WebSite\",\"@id\":\"https:\/\/head-beauty.com\/tr\/#website\",\"url\":\"https:\/\/head-beauty.com\/tr\/\",\"name\":\"Head - The Beauty Tools\",\"description\":\"\",\"publisher\":{\"@id\":\"https:\/\/head-beauty.com\/tr\/#organization\"},\"potentialAction\":[{\"@type\":\"SearchAction\",\"target\":{\"@type\":\"EntryPoint\",\"urlTemplate\":\"https:\/\/head-beauty.com\/tr\/?s={search_term_string}\"},\"query-input\":{\"@type\":\"PropertyValueSpecification\",\"valueRequired\":true,\"valueName\":\"search_term_string\"}}],\"inLanguage\":\"tr\"},{\"@type\":\"Organization\",\"@id\":\"https:\/\/head-beauty.com\/tr\/#organization\",\"name\":\"Head - The Beauty Tools\",\"url\":\"https:\/\/head-beauty.com\/tr\/\",\"logo\":{\"@type\":\"ImageObject\",\"inLanguage\":\"tr\",\"@id\":\"https:\/\/head-beauty.com\/tr\/#\/schema\/logo\/image\/\",\"url\":\"https:\/\/head-beauty.com\/wp-content\/uploads\/2024\/10\/head-beauty-logo.svg\",\"contentUrl\":\"https:\/\/head-beauty.com\/wp-content\/uploads\/2024\/10\/head-beauty-logo.svg\",\"width\":411.20999999999997953636921010911464691162109375,\"height\":200,\"caption\":\"Head - The Beauty Tools\"},\"image\":{\"@id\":\"https:\/\/head-beauty.com\/tr\/#\/schema\/logo\/image\/\"}}]}<\/script>\n<!-- \/ Yoast SEO plugin. -->","yoast_head_json":{"title":"HBD-108BL Elmas frez \"silindir\" mavi - Head Beauty","robots":{"index":"index","follow":"follow","max-snippet":"max-snippet:-1","max-image-preview":"max-image-preview:large","max-video-preview":"max-video-preview:-1"},"canonical":"https:\/\/head-beauty.com\/tr\/urun\/hbd-108bl-elmas-frez-silindir-mavi\/","og_locale":"tr_TR","og_type":"article","og_title":"HBD-108BL Elmas frez \"silindir\" mavi - Head Beauty","og_description":"Kaplamadan \u00f6nce do\u011fal \u00e7ivinin i\u015flenmesi, d\u00fczeltilmesi ve serbest kenarl\u0131 \u00e7al\u0131\u015fma i\u00e7in standart orta \u00e7apraz t\u00fcfek","og_url":"https:\/\/head-beauty.com\/tr\/urun\/hbd-108bl-elmas-frez-silindir-mavi\/","og_site_name":"Head Beauty","og_image":[{"width":2310,"height":2310,"url":"https:\/\/head-beauty.com\/wp-content\/uploads\/2024\/12\/DB6-1.jpg","type":"image\/jpeg"}],"twitter_card":"summary_large_image","schema":{"@context":"https:\/\/schema.org","@graph":[{"@type":"WebPage","@id":"https:\/\/head-beauty.com\/tr\/urun\/hbd-108bl-elmas-frez-silindir-mavi\/","url":"https:\/\/head-beauty.com\/tr\/urun\/hbd-108bl-elmas-frez-silindir-mavi\/","name":"HBD-108BL Elmas frez \"silindir\" mavi - Head Beauty","isPartOf":{"@id":"https:\/\/head-beauty.com\/tr\/#website"},"primaryImageOfPage":{"@id":"https:\/\/head-beauty.com\/tr\/urun\/hbd-108bl-elmas-frez-silindir-mavi\/#primaryimage"},"image":{"@id":"https:\/\/head-beauty.com\/tr\/urun\/hbd-108bl-elmas-frez-silindir-mavi\/#primaryimage"},"thumbnailUrl":"https:\/\/head-beauty.com\/wp-content\/uploads\/2024\/12\/DB6-1.jpg","datePublished":"2024-12-02T12:42:57+00:00","breadcrumb":{"@id":"https:\/\/head-beauty.com\/tr\/urun\/hbd-108bl-elmas-frez-silindir-mavi\/#breadcrumb"},"inLanguage":"tr","potentialAction":[{"@type":"ReadAction","target":["https:\/\/head-beauty.com\/tr\/urun\/hbd-108bl-elmas-frez-silindir-mavi\/"]}]},{"@type":"ImageObject","inLanguage":"tr","@id":"https:\/\/head-beauty.com\/tr\/urun\/hbd-108bl-elmas-frez-silindir-mavi\/#primaryimage","url":"https:\/\/head-beauty.com\/wp-content\/uploads\/2024\/12\/DB6-1.jpg","contentUrl":"https:\/\/head-beauty.com\/wp-content\/uploads\/2024\/12\/DB6-1.jpg","width":2310,"height":2310},{"@type":"BreadcrumbList","@id":"https:\/\/head-beauty.com\/tr\/urun\/hbd-108bl-elmas-frez-silindir-mavi\/#breadcrumb","itemListElement":[{"@type":"ListItem","position":1,"name":"Home","item":"https:\/\/head-beauty.com\/tr\/"},{"@type":"ListItem","position":2,"name":"D\u00fckk\u00e2n","item":"https:\/\/head-beauty.com\/tr\/magaza\/"},{"@type":"ListItem","position":3,"name":"HBD-108BL Elmas frez &#8220;silindir&#8221; mavi"}]},{"@type":"WebSite","@id":"https:\/\/head-beauty.com\/tr\/#website","url":"https:\/\/head-beauty.com\/tr\/","name":"Head - The Beauty Tools","description":"","publisher":{"@id":"https:\/\/head-beauty.com\/tr\/#organization"},"potentialAction":[{"@type":"SearchAction","target":{"@type":"EntryPoint","urlTemplate":"https:\/\/head-beauty.com\/tr\/?s={search_term_string}"},"query-input":{"@type":"PropertyValueSpecification","valueRequired":true,"valueName":"search_term_string"}}],"inLanguage":"tr"},{"@type":"Organization","@id":"https:\/\/head-beauty.com\/tr\/#organization","name":"Head - The Beauty Tools","url":"https:\/\/head-beauty.com\/tr\/","logo":{"@type":"ImageObject","inLanguage":"tr","@id":"https:\/\/head-beauty.com\/tr\/#\/schema\/logo\/image\/","url":"https:\/\/head-beauty.com\/wp-content\/uploads\/2024\/10\/head-beauty-logo.svg","contentUrl":"https:\/\/head-beauty.com\/wp-content\/uploads\/2024\/10\/head-beauty-logo.svg","width":411.20999999999997953636921010911464691162109375,"height":200,"caption":"Head - The Beauty Tools"},"image":{"@id":"https:\/\/head-beauty.com\/tr\/#\/schema\/logo\/image\/"}}]}},"_links":{"self":[{"href":"https:\/\/head-beauty.com\/tr\/wp-json\/wp\/v2\/product\/27687","targetHints":{"allow":["GET"]}}],"collection":[{"href":"https:\/\/head-beauty.com\/tr\/wp-json\/wp\/v2\/product"}],"about":[{"href":"https:\/\/head-beauty.com\/tr\/wp-json\/wp\/v2\/types\/product"}],"wp:featuredmedia":[{"embeddable":true,"href":"https:\/\/head-beauty.com\/tr\/wp-json\/wp\/v2\/media\/27695"}],"wp:attachment":[{"href":"https:\/\/head-beauty.com\/tr\/wp-json\/wp\/v2\/media?parent=27687"}],"wp:term":[{"taxonomy":"product_brand","embeddable":true,"href":"https:\/\/head-beauty.com\/tr\/wp-json\/wp\/v2\/product_brand?post=27687"},{"taxonomy":"product_cat","embeddable":true,"href":"https:\/\/head-beauty.com\/tr\/wp-json\/wp\/v2\/product_cat?post=27687"},{"taxonomy":"product_tag","embeddable":true,"href":"https:\/\/head-beauty.com\/tr\/wp-json\/wp\/v2\/product_tag?post=27687"}],"curies":[{"name":"wp","href":"https:\/\/api.w.org\/{rel}","templated":true}]}}