{"id":28280,"date":"2024-12-02T15:09:49","date_gmt":"2024-12-02T12:09:49","guid":{"rendered":"https:\/\/head-beauty.com\/product\/px-11-profesyonel-kuret-x-line-calisma-parcalari-cift-tarafli-kancalar\/"},"modified":"2024-12-02T15:09:49","modified_gmt":"2024-12-02T12:09:49","slug":"px-11-profesyonel-kuret-x-line-calisma-parcalari-cift-tarafli-kancalar","status":"publish","type":"product","link":"https:\/\/head-beauty.com\/tr\/urun\/px-11-profesyonel-kuret-x-line-calisma-parcalari-cift-tarafli-kancalar\/","title":{"rendered":"PX-11 Profesyonel k\u00fcret X-line, \u00c7al\u0131\u015fma par\u00e7alar\u0131: \u00e7ift tarafl\u0131 kancalar"},"content":{"rendered":"<p>Aletin ustan\u0131n elinde kaymas\u0131n\u0131 \u00f6nlemek i\u00e7in \u00e7entikli rahat tutamaklar, \u00e7al\u0131\u015fma par\u00e7as\u0131n\u0131n parlak parlat\u0131lmas\u0131, ula\u015f\u0131lmas\u0131 zor yerlerde t\u0131rnak alt\u0131nda do\u011fru ve hassas \u00e7al\u0131\u015fma i\u00e7in \u00e7al\u0131\u015fma par\u00e7alar\u0131, uygun manik\u00fcr ve pedik\u00fcr temizleme teknikleri, y\u00fcksek korozyon direnci, yeni ba\u015flayanlar ve profesyoneller i\u00e7in uygun<\/p>\n","protected":false},"excerpt":{"rendered":"<p>Aletin ustan\u0131n elinde kaymas\u0131n\u0131 \u00f6nlemek i\u00e7in \u00e7entikli rahat tutamaklar, \u00e7al\u0131\u015fma par\u00e7as\u0131n\u0131n parlak parlat\u0131lmas\u0131, ula\u015f\u0131lmas\u0131 zor yerlerde t\u0131rnak alt\u0131nda do\u011fru ve hassas \u00e7al\u0131\u015fma i\u00e7in \u00e7al\u0131\u015fma par\u00e7alar\u0131, uygun manik\u00fcr ve pedik\u00fcr temizleme teknikleri, y\u00fcksek korozyon direnci, yeni ba\u015flayanlar ve profesyoneller i\u00e7in uygun<\/p>\n","protected":false},"featured_media":30786,"template":"","meta":{"_acf_changed":false},"product_brand":[],"product_cat":[1031],"product_tag":[1033],"class_list":{"0":"post-28280","1":"product","2":"type-product","3":"status-publish","4":"has-post-thumbnail","6":"product_cat-tacir","7":"product_tag-itici-x-hatti","9":"first","10":"instock","11":"taxable","12":"shipping-taxable","13":"purchasable","14":"product-type-simple"},"acf":[],"yoast_head":"<!-- This site is optimized with the Yoast SEO plugin v24.8.1 - https:\/\/yoast.com\/wordpress\/plugins\/seo\/ -->\n<title>PX-11 Profesyonel k\u00fcret X-line, \u00c7al\u0131\u015fma par\u00e7alar\u0131: \u00e7ift tarafl\u0131 kancalar - Head Beauty<\/title>\n<meta name=\"robots\" content=\"index, follow, max-snippet:-1, max-image-preview:large, max-video-preview:-1\" \/>\n<link rel=\"canonical\" href=\"https:\/\/head-beauty.com\/tr\/urun\/px-11-profesyonel-kuret-x-line-calisma-parcalari-cift-tarafli-kancalar\/\" \/>\n<meta property=\"og:locale\" content=\"tr_TR\" \/>\n<meta property=\"og:type\" content=\"article\" \/>\n<meta property=\"og:title\" content=\"PX-11 Profesyonel k\u00fcret X-line, \u00c7al\u0131\u015fma par\u00e7alar\u0131: \u00e7ift tarafl\u0131 kancalar - Head Beauty\" \/>\n<meta property=\"og:description\" content=\"Aletin ustan\u0131n elinde kaymas\u0131n\u0131 \u00f6nlemek i\u00e7in \u00e7entikli rahat tutamaklar, \u00e7al\u0131\u015fma par\u00e7as\u0131n\u0131n parlak parlat\u0131lmas\u0131, ula\u015f\u0131lmas\u0131 zor yerlerde t\u0131rnak alt\u0131nda do\u011fru ve hassas \u00e7al\u0131\u015fma i\u00e7in \u00e7al\u0131\u015fma par\u00e7alar\u0131, uygun manik\u00fcr ve pedik\u00fcr temizleme teknikleri, y\u00fcksek korozyon direnci, yeni ba\u015flayanlar ve profesyoneller i\u00e7in uygun\" \/>\n<meta property=\"og:url\" content=\"https:\/\/head-beauty.com\/tr\/urun\/px-11-profesyonel-kuret-x-line-calisma-parcalari-cift-tarafli-kancalar\/\" \/>\n<meta property=\"og:site_name\" content=\"Head Beauty\" \/>\n<meta property=\"og:image\" content=\"https:\/\/head-beauty.com\/wp-content\/uploads\/2024\/12\/PX-11-logoGo-scaled.jpg\" \/>\n\t<meta property=\"og:image:width\" content=\"2560\" \/>\n\t<meta property=\"og:image:height\" content=\"2560\" \/>\n\t<meta property=\"og:image:type\" content=\"image\/jpeg\" \/>\n<meta name=\"twitter:card\" content=\"summary_large_image\" \/>\n<script type=\"application\/ld+json\" class=\"yoast-schema-graph\">{\"@context\":\"https:\/\/schema.org\",\"@graph\":[{\"@type\":\"WebPage\",\"@id\":\"https:\/\/head-beauty.com\/tr\/urun\/px-11-profesyonel-kuret-x-line-calisma-parcalari-cift-tarafli-kancalar\/\",\"url\":\"https:\/\/head-beauty.com\/tr\/urun\/px-11-profesyonel-kuret-x-line-calisma-parcalari-cift-tarafli-kancalar\/\",\"name\":\"PX-11 Profesyonel k\u00fcret X-line, \u00c7al\u0131\u015fma par\u00e7alar\u0131: \u00e7ift tarafl\u0131 kancalar - Head Beauty\",\"isPartOf\":{\"@id\":\"https:\/\/head-beauty.com\/tr\/#website\"},\"primaryImageOfPage\":{\"@id\":\"https:\/\/head-beauty.com\/tr\/urun\/px-11-profesyonel-kuret-x-line-calisma-parcalari-cift-tarafli-kancalar\/#primaryimage\"},\"image\":{\"@id\":\"https:\/\/head-beauty.com\/tr\/urun\/px-11-profesyonel-kuret-x-line-calisma-parcalari-cift-tarafli-kancalar\/#primaryimage\"},\"thumbnailUrl\":\"https:\/\/head-beauty.com\/wp-content\/uploads\/2024\/12\/PX-11-logoGo-scaled.jpg\",\"datePublished\":\"2024-12-02T12:09:49+00:00\",\"breadcrumb\":{\"@id\":\"https:\/\/head-beauty.com\/tr\/urun\/px-11-profesyonel-kuret-x-line-calisma-parcalari-cift-tarafli-kancalar\/#breadcrumb\"},\"inLanguage\":\"tr\",\"potentialAction\":[{\"@type\":\"ReadAction\",\"target\":[\"https:\/\/head-beauty.com\/tr\/urun\/px-11-profesyonel-kuret-x-line-calisma-parcalari-cift-tarafli-kancalar\/\"]}]},{\"@type\":\"ImageObject\",\"inLanguage\":\"tr\",\"@id\":\"https:\/\/head-beauty.com\/tr\/urun\/px-11-profesyonel-kuret-x-line-calisma-parcalari-cift-tarafli-kancalar\/#primaryimage\",\"url\":\"https:\/\/head-beauty.com\/wp-content\/uploads\/2024\/12\/PX-11-logoGo-scaled.jpg\",\"contentUrl\":\"https:\/\/head-beauty.com\/wp-content\/uploads\/2024\/12\/PX-11-logoGo-scaled.jpg\",\"width\":2560,\"height\":2560},{\"@type\":\"BreadcrumbList\",\"@id\":\"https:\/\/head-beauty.com\/tr\/urun\/px-11-profesyonel-kuret-x-line-calisma-parcalari-cift-tarafli-kancalar\/#breadcrumb\",\"itemListElement\":[{\"@type\":\"ListItem\",\"position\":1,\"name\":\"Home\",\"item\":\"https:\/\/head-beauty.com\/tr\/\"},{\"@type\":\"ListItem\",\"position\":2,\"name\":\"D\u00fckk\u00e2n\",\"item\":\"https:\/\/head-beauty.com\/tr\/magaza\/\"},{\"@type\":\"ListItem\",\"position\":3,\"name\":\"PX-11 Profesyonel k\u00fcret X-line, \u00c7al\u0131\u015fma par\u00e7alar\u0131: \u00e7ift tarafl\u0131 kancalar\"}]},{\"@type\":\"WebSite\",\"@id\":\"https:\/\/head-beauty.com\/tr\/#website\",\"url\":\"https:\/\/head-beauty.com\/tr\/\",\"name\":\"Head - The Beauty Tools\",\"description\":\"\",\"publisher\":{\"@id\":\"https:\/\/head-beauty.com\/tr\/#organization\"},\"potentialAction\":[{\"@type\":\"SearchAction\",\"target\":{\"@type\":\"EntryPoint\",\"urlTemplate\":\"https:\/\/head-beauty.com\/tr\/?s={search_term_string}\"},\"query-input\":{\"@type\":\"PropertyValueSpecification\",\"valueRequired\":true,\"valueName\":\"search_term_string\"}}],\"inLanguage\":\"tr\"},{\"@type\":\"Organization\",\"@id\":\"https:\/\/head-beauty.com\/tr\/#organization\",\"name\":\"Head - The Beauty Tools\",\"url\":\"https:\/\/head-beauty.com\/tr\/\",\"logo\":{\"@type\":\"ImageObject\",\"inLanguage\":\"tr\",\"@id\":\"https:\/\/head-beauty.com\/tr\/#\/schema\/logo\/image\/\",\"url\":\"https:\/\/head-beauty.com\/wp-content\/uploads\/2024\/10\/head-beauty-logo.svg\",\"contentUrl\":\"https:\/\/head-beauty.com\/wp-content\/uploads\/2024\/10\/head-beauty-logo.svg\",\"width\":411.20999999999997953636921010911464691162109375,\"height\":200,\"caption\":\"Head - The Beauty Tools\"},\"image\":{\"@id\":\"https:\/\/head-beauty.com\/tr\/#\/schema\/logo\/image\/\"}}]}<\/script>\n<!-- \/ Yoast SEO plugin. -->","yoast_head_json":{"title":"PX-11 Profesyonel k\u00fcret X-line, \u00c7al\u0131\u015fma par\u00e7alar\u0131: \u00e7ift tarafl\u0131 kancalar - Head Beauty","robots":{"index":"index","follow":"follow","max-snippet":"max-snippet:-1","max-image-preview":"max-image-preview:large","max-video-preview":"max-video-preview:-1"},"canonical":"https:\/\/head-beauty.com\/tr\/urun\/px-11-profesyonel-kuret-x-line-calisma-parcalari-cift-tarafli-kancalar\/","og_locale":"tr_TR","og_type":"article","og_title":"PX-11 Profesyonel k\u00fcret X-line, \u00c7al\u0131\u015fma par\u00e7alar\u0131: \u00e7ift tarafl\u0131 kancalar - Head Beauty","og_description":"Aletin ustan\u0131n elinde kaymas\u0131n\u0131 \u00f6nlemek i\u00e7in \u00e7entikli rahat tutamaklar, \u00e7al\u0131\u015fma par\u00e7as\u0131n\u0131n parlak parlat\u0131lmas\u0131, ula\u015f\u0131lmas\u0131 zor yerlerde t\u0131rnak alt\u0131nda do\u011fru ve hassas \u00e7al\u0131\u015fma i\u00e7in \u00e7al\u0131\u015fma par\u00e7alar\u0131, uygun manik\u00fcr ve pedik\u00fcr temizleme teknikleri, y\u00fcksek korozyon direnci, yeni ba\u015flayanlar ve profesyoneller i\u00e7in uygun","og_url":"https:\/\/head-beauty.com\/tr\/urun\/px-11-profesyonel-kuret-x-line-calisma-parcalari-cift-tarafli-kancalar\/","og_site_name":"Head Beauty","og_image":[{"width":2560,"height":2560,"url":"https:\/\/head-beauty.com\/wp-content\/uploads\/2024\/12\/PX-11-logoGo-scaled.jpg","type":"image\/jpeg"}],"twitter_card":"summary_large_image","schema":{"@context":"https:\/\/schema.org","@graph":[{"@type":"WebPage","@id":"https:\/\/head-beauty.com\/tr\/urun\/px-11-profesyonel-kuret-x-line-calisma-parcalari-cift-tarafli-kancalar\/","url":"https:\/\/head-beauty.com\/tr\/urun\/px-11-profesyonel-kuret-x-line-calisma-parcalari-cift-tarafli-kancalar\/","name":"PX-11 Profesyonel k\u00fcret X-line, \u00c7al\u0131\u015fma par\u00e7alar\u0131: \u00e7ift tarafl\u0131 kancalar - Head Beauty","isPartOf":{"@id":"https:\/\/head-beauty.com\/tr\/#website"},"primaryImageOfPage":{"@id":"https:\/\/head-beauty.com\/tr\/urun\/px-11-profesyonel-kuret-x-line-calisma-parcalari-cift-tarafli-kancalar\/#primaryimage"},"image":{"@id":"https:\/\/head-beauty.com\/tr\/urun\/px-11-profesyonel-kuret-x-line-calisma-parcalari-cift-tarafli-kancalar\/#primaryimage"},"thumbnailUrl":"https:\/\/head-beauty.com\/wp-content\/uploads\/2024\/12\/PX-11-logoGo-scaled.jpg","datePublished":"2024-12-02T12:09:49+00:00","breadcrumb":{"@id":"https:\/\/head-beauty.com\/tr\/urun\/px-11-profesyonel-kuret-x-line-calisma-parcalari-cift-tarafli-kancalar\/#breadcrumb"},"inLanguage":"tr","potentialAction":[{"@type":"ReadAction","target":["https:\/\/head-beauty.com\/tr\/urun\/px-11-profesyonel-kuret-x-line-calisma-parcalari-cift-tarafli-kancalar\/"]}]},{"@type":"ImageObject","inLanguage":"tr","@id":"https:\/\/head-beauty.com\/tr\/urun\/px-11-profesyonel-kuret-x-line-calisma-parcalari-cift-tarafli-kancalar\/#primaryimage","url":"https:\/\/head-beauty.com\/wp-content\/uploads\/2024\/12\/PX-11-logoGo-scaled.jpg","contentUrl":"https:\/\/head-beauty.com\/wp-content\/uploads\/2024\/12\/PX-11-logoGo-scaled.jpg","width":2560,"height":2560},{"@type":"BreadcrumbList","@id":"https:\/\/head-beauty.com\/tr\/urun\/px-11-profesyonel-kuret-x-line-calisma-parcalari-cift-tarafli-kancalar\/#breadcrumb","itemListElement":[{"@type":"ListItem","position":1,"name":"Home","item":"https:\/\/head-beauty.com\/tr\/"},{"@type":"ListItem","position":2,"name":"D\u00fckk\u00e2n","item":"https:\/\/head-beauty.com\/tr\/magaza\/"},{"@type":"ListItem","position":3,"name":"PX-11 Profesyonel k\u00fcret X-line, \u00c7al\u0131\u015fma par\u00e7alar\u0131: \u00e7ift tarafl\u0131 kancalar"}]},{"@type":"WebSite","@id":"https:\/\/head-beauty.com\/tr\/#website","url":"https:\/\/head-beauty.com\/tr\/","name":"Head - The Beauty Tools","description":"","publisher":{"@id":"https:\/\/head-beauty.com\/tr\/#organization"},"potentialAction":[{"@type":"SearchAction","target":{"@type":"EntryPoint","urlTemplate":"https:\/\/head-beauty.com\/tr\/?s={search_term_string}"},"query-input":{"@type":"PropertyValueSpecification","valueRequired":true,"valueName":"search_term_string"}}],"inLanguage":"tr"},{"@type":"Organization","@id":"https:\/\/head-beauty.com\/tr\/#organization","name":"Head - The Beauty Tools","url":"https:\/\/head-beauty.com\/tr\/","logo":{"@type":"ImageObject","inLanguage":"tr","@id":"https:\/\/head-beauty.com\/tr\/#\/schema\/logo\/image\/","url":"https:\/\/head-beauty.com\/wp-content\/uploads\/2024\/10\/head-beauty-logo.svg","contentUrl":"https:\/\/head-beauty.com\/wp-content\/uploads\/2024\/10\/head-beauty-logo.svg","width":411.20999999999997953636921010911464691162109375,"height":200,"caption":"Head - The Beauty Tools"},"image":{"@id":"https:\/\/head-beauty.com\/tr\/#\/schema\/logo\/image\/"}}]}},"_links":{"self":[{"href":"https:\/\/head-beauty.com\/tr\/wp-json\/wp\/v2\/product\/28280","targetHints":{"allow":["GET"]}}],"collection":[{"href":"https:\/\/head-beauty.com\/tr\/wp-json\/wp\/v2\/product"}],"about":[{"href":"https:\/\/head-beauty.com\/tr\/wp-json\/wp\/v2\/types\/product"}],"wp:featuredmedia":[{"embeddable":true,"href":"https:\/\/head-beauty.com\/tr\/wp-json\/wp\/v2\/media\/30786"}],"wp:attachment":[{"href":"https:\/\/head-beauty.com\/tr\/wp-json\/wp\/v2\/media?parent=28280"}],"wp:term":[{"taxonomy":"product_brand","embeddable":true,"href":"https:\/\/head-beauty.com\/tr\/wp-json\/wp\/v2\/product_brand?post=28280"},{"taxonomy":"product_cat","embeddable":true,"href":"https:\/\/head-beauty.com\/tr\/wp-json\/wp\/v2\/product_cat?post=28280"},{"taxonomy":"product_tag","embeddable":true,"href":"https:\/\/head-beauty.com\/tr\/wp-json\/wp\/v2\/product_tag?post=28280"}],"curies":[{"name":"wp","href":"https:\/\/api.w.org\/{rel}","templated":true}]}}