{"id":28293,"date":"2024-12-02T15:07:22","date_gmt":"2024-12-02T12:07:22","guid":{"rendered":"https:\/\/head-beauty.com\/product\/nx-6-9-profesyonel-kutikul-pense-x-line-6-l-105mm-bicaklar-9-mm-balta\/"},"modified":"2024-12-02T15:07:22","modified_gmt":"2024-12-02T12:07:22","slug":"nx-6-9-profesyonel-kutikul-pense-x-line-6-l-105mm-bicaklar-9-mm-balta","status":"publish","type":"product","link":"https:\/\/head-beauty.com\/tr\/urun\/nx-6-9-profesyonel-kutikul-pense-x-line-6-l-105mm-bicaklar-9-mm-balta\/","title":{"rendered":"NX-6-9 Profesyonel k\u00fctik\u00fcl pense X-line 6, L-105mm, b\u0131\u00e7aklar 9 mm, &#8220;Balta&#8221;"},"content":{"rendered":"<p>Klasik \u015fekilli k\u00fc\u00e7\u00fck kulplar, normal ve k\u00fc\u00e7\u00fck avu\u00e7 i\u00e7i i\u00e7in ideal, mat d\u0131\u015f y\u00fczey, i\u00e7 parlak cilal\u0131 kulplar, kulplar\u0131n yumu\u015fak ve p\u00fcr\u00fczs\u00fcz kapanmas\u0131, profesyoneller i\u00e7in uygun, y\u00fcksek korozyon direnci<\/p>\n","protected":false},"excerpt":{"rendered":"<p>Klasik \u015fekilli k\u00fc\u00e7\u00fck kulplar, normal ve k\u00fc\u00e7\u00fck avu\u00e7 i\u00e7i i\u00e7in ideal, mat d\u0131\u015f y\u00fczey, i\u00e7 parlak cilal\u0131 kulplar, kulplar\u0131n yumu\u015fak ve p\u00fcr\u00fczs\u00fcz kapanmas\u0131, profesyoneller i\u00e7in uygun, y\u00fcksek korozyon direnci<\/p>\n","protected":false},"featured_media":28294,"template":"","meta":{"_acf_changed":false},"product_brand":[],"product_cat":[361],"product_tag":[783],"class_list":{"0":"post-28293","1":"product","2":"type-product","3":"status-publish","4":"has-post-thumbnail","6":"product_cat-tirnak-eti-pensleri","7":"product_tag-gelismis-pense-x-line","9":"first","10":"instock","11":"taxable","12":"shipping-taxable","13":"purchasable","14":"product-type-simple"},"acf":[],"yoast_head":"<!-- This site is optimized with the Yoast SEO plugin v24.8.1 - https:\/\/yoast.com\/wordpress\/plugins\/seo\/ -->\n<title>NX-6-9 Profesyonel k\u00fctik\u00fcl pense X-line 6, L-105mm, b\u0131\u00e7aklar 9 mm, &quot;Balta&quot; - Head Beauty<\/title>\n<meta name=\"robots\" content=\"index, follow, max-snippet:-1, max-image-preview:large, max-video-preview:-1\" \/>\n<link rel=\"canonical\" href=\"https:\/\/head-beauty.com\/tr\/urun\/nx-6-9-profesyonel-kutikul-pense-x-line-6-l-105mm-bicaklar-9-mm-balta\/\" \/>\n<meta property=\"og:locale\" content=\"tr_TR\" \/>\n<meta property=\"og:type\" content=\"article\" \/>\n<meta property=\"og:title\" content=\"NX-6-9 Profesyonel k\u00fctik\u00fcl pense X-line 6, L-105mm, b\u0131\u00e7aklar 9 mm, &quot;Balta&quot; - Head Beauty\" \/>\n<meta property=\"og:description\" content=\"Klasik \u015fekilli k\u00fc\u00e7\u00fck kulplar, normal ve k\u00fc\u00e7\u00fck avu\u00e7 i\u00e7i i\u00e7in ideal, mat d\u0131\u015f y\u00fczey, i\u00e7 parlak cilal\u0131 kulplar, kulplar\u0131n yumu\u015fak ve p\u00fcr\u00fczs\u00fcz kapanmas\u0131, profesyoneller i\u00e7in uygun, y\u00fcksek korozyon direnci\" \/>\n<meta property=\"og:url\" content=\"https:\/\/head-beauty.com\/tr\/urun\/nx-6-9-profesyonel-kutikul-pense-x-line-6-l-105mm-bicaklar-9-mm-balta\/\" \/>\n<meta property=\"og:site_name\" content=\"Head Beauty\" \/>\n<meta property=\"og:image\" content=\"https:\/\/head-beauty.com\/wp-content\/uploads\/2024\/12\/NX-6-9.jpg\" \/>\n\t<meta property=\"og:image:width\" content=\"1080\" \/>\n\t<meta property=\"og:image:height\" content=\"1080\" \/>\n\t<meta property=\"og:image:type\" content=\"image\/jpeg\" \/>\n<meta name=\"twitter:card\" content=\"summary_large_image\" \/>\n<script type=\"application\/ld+json\" class=\"yoast-schema-graph\">{\"@context\":\"https:\/\/schema.org\",\"@graph\":[{\"@type\":\"WebPage\",\"@id\":\"https:\/\/head-beauty.com\/tr\/urun\/nx-6-9-profesyonel-kutikul-pense-x-line-6-l-105mm-bicaklar-9-mm-balta\/\",\"url\":\"https:\/\/head-beauty.com\/tr\/urun\/nx-6-9-profesyonel-kutikul-pense-x-line-6-l-105mm-bicaklar-9-mm-balta\/\",\"name\":\"NX-6-9 Profesyonel k\u00fctik\u00fcl pense X-line 6, L-105mm, b\u0131\u00e7aklar 9 mm, \\\"Balta\\\" - Head Beauty\",\"isPartOf\":{\"@id\":\"https:\/\/head-beauty.com\/tr\/#website\"},\"primaryImageOfPage\":{\"@id\":\"https:\/\/head-beauty.com\/tr\/urun\/nx-6-9-profesyonel-kutikul-pense-x-line-6-l-105mm-bicaklar-9-mm-balta\/#primaryimage\"},\"image\":{\"@id\":\"https:\/\/head-beauty.com\/tr\/urun\/nx-6-9-profesyonel-kutikul-pense-x-line-6-l-105mm-bicaklar-9-mm-balta\/#primaryimage\"},\"thumbnailUrl\":\"https:\/\/head-beauty.com\/wp-content\/uploads\/2024\/12\/NX-6-9.jpg\",\"datePublished\":\"2024-12-02T12:07:22+00:00\",\"breadcrumb\":{\"@id\":\"https:\/\/head-beauty.com\/tr\/urun\/nx-6-9-profesyonel-kutikul-pense-x-line-6-l-105mm-bicaklar-9-mm-balta\/#breadcrumb\"},\"inLanguage\":\"tr\",\"potentialAction\":[{\"@type\":\"ReadAction\",\"target\":[\"https:\/\/head-beauty.com\/tr\/urun\/nx-6-9-profesyonel-kutikul-pense-x-line-6-l-105mm-bicaklar-9-mm-balta\/\"]}]},{\"@type\":\"ImageObject\",\"inLanguage\":\"tr\",\"@id\":\"https:\/\/head-beauty.com\/tr\/urun\/nx-6-9-profesyonel-kutikul-pense-x-line-6-l-105mm-bicaklar-9-mm-balta\/#primaryimage\",\"url\":\"https:\/\/head-beauty.com\/wp-content\/uploads\/2024\/12\/NX-6-9.jpg\",\"contentUrl\":\"https:\/\/head-beauty.com\/wp-content\/uploads\/2024\/12\/NX-6-9.jpg\",\"width\":1080,\"height\":1080},{\"@type\":\"BreadcrumbList\",\"@id\":\"https:\/\/head-beauty.com\/tr\/urun\/nx-6-9-profesyonel-kutikul-pense-x-line-6-l-105mm-bicaklar-9-mm-balta\/#breadcrumb\",\"itemListElement\":[{\"@type\":\"ListItem\",\"position\":1,\"name\":\"Home\",\"item\":\"https:\/\/head-beauty.com\/tr\/\"},{\"@type\":\"ListItem\",\"position\":2,\"name\":\"D\u00fckk\u00e2n\",\"item\":\"https:\/\/head-beauty.com\/tr\/magaza\/\"},{\"@type\":\"ListItem\",\"position\":3,\"name\":\"NX-6-9 Profesyonel k\u00fctik\u00fcl pense X-line 6, L-105mm, b\u0131\u00e7aklar 9 mm, &#8220;Balta&#8221;\"}]},{\"@type\":\"WebSite\",\"@id\":\"https:\/\/head-beauty.com\/tr\/#website\",\"url\":\"https:\/\/head-beauty.com\/tr\/\",\"name\":\"Head - The Beauty Tools\",\"description\":\"\",\"publisher\":{\"@id\":\"https:\/\/head-beauty.com\/tr\/#organization\"},\"potentialAction\":[{\"@type\":\"SearchAction\",\"target\":{\"@type\":\"EntryPoint\",\"urlTemplate\":\"https:\/\/head-beauty.com\/tr\/?s={search_term_string}\"},\"query-input\":{\"@type\":\"PropertyValueSpecification\",\"valueRequired\":true,\"valueName\":\"search_term_string\"}}],\"inLanguage\":\"tr\"},{\"@type\":\"Organization\",\"@id\":\"https:\/\/head-beauty.com\/tr\/#organization\",\"name\":\"Head - The Beauty Tools\",\"url\":\"https:\/\/head-beauty.com\/tr\/\",\"logo\":{\"@type\":\"ImageObject\",\"inLanguage\":\"tr\",\"@id\":\"https:\/\/head-beauty.com\/tr\/#\/schema\/logo\/image\/\",\"url\":\"https:\/\/head-beauty.com\/wp-content\/uploads\/2024\/10\/head-beauty-logo.svg\",\"contentUrl\":\"https:\/\/head-beauty.com\/wp-content\/uploads\/2024\/10\/head-beauty-logo.svg\",\"width\":411.20999999999997953636921010911464691162109375,\"height\":200,\"caption\":\"Head - The Beauty Tools\"},\"image\":{\"@id\":\"https:\/\/head-beauty.com\/tr\/#\/schema\/logo\/image\/\"}}]}<\/script>\n<!-- \/ Yoast SEO plugin. -->","yoast_head_json":{"title":"NX-6-9 Profesyonel k\u00fctik\u00fcl pense X-line 6, L-105mm, b\u0131\u00e7aklar 9 mm, \"Balta\" - Head Beauty","robots":{"index":"index","follow":"follow","max-snippet":"max-snippet:-1","max-image-preview":"max-image-preview:large","max-video-preview":"max-video-preview:-1"},"canonical":"https:\/\/head-beauty.com\/tr\/urun\/nx-6-9-profesyonel-kutikul-pense-x-line-6-l-105mm-bicaklar-9-mm-balta\/","og_locale":"tr_TR","og_type":"article","og_title":"NX-6-9 Profesyonel k\u00fctik\u00fcl pense X-line 6, L-105mm, b\u0131\u00e7aklar 9 mm, \"Balta\" - Head Beauty","og_description":"Klasik \u015fekilli k\u00fc\u00e7\u00fck kulplar, normal ve k\u00fc\u00e7\u00fck avu\u00e7 i\u00e7i i\u00e7in ideal, mat d\u0131\u015f y\u00fczey, i\u00e7 parlak cilal\u0131 kulplar, kulplar\u0131n yumu\u015fak ve p\u00fcr\u00fczs\u00fcz kapanmas\u0131, profesyoneller i\u00e7in uygun, y\u00fcksek korozyon direnci","og_url":"https:\/\/head-beauty.com\/tr\/urun\/nx-6-9-profesyonel-kutikul-pense-x-line-6-l-105mm-bicaklar-9-mm-balta\/","og_site_name":"Head Beauty","og_image":[{"width":1080,"height":1080,"url":"https:\/\/head-beauty.com\/wp-content\/uploads\/2024\/12\/NX-6-9.jpg","type":"image\/jpeg"}],"twitter_card":"summary_large_image","schema":{"@context":"https:\/\/schema.org","@graph":[{"@type":"WebPage","@id":"https:\/\/head-beauty.com\/tr\/urun\/nx-6-9-profesyonel-kutikul-pense-x-line-6-l-105mm-bicaklar-9-mm-balta\/","url":"https:\/\/head-beauty.com\/tr\/urun\/nx-6-9-profesyonel-kutikul-pense-x-line-6-l-105mm-bicaklar-9-mm-balta\/","name":"NX-6-9 Profesyonel k\u00fctik\u00fcl pense X-line 6, L-105mm, b\u0131\u00e7aklar 9 mm, \"Balta\" - Head Beauty","isPartOf":{"@id":"https:\/\/head-beauty.com\/tr\/#website"},"primaryImageOfPage":{"@id":"https:\/\/head-beauty.com\/tr\/urun\/nx-6-9-profesyonel-kutikul-pense-x-line-6-l-105mm-bicaklar-9-mm-balta\/#primaryimage"},"image":{"@id":"https:\/\/head-beauty.com\/tr\/urun\/nx-6-9-profesyonel-kutikul-pense-x-line-6-l-105mm-bicaklar-9-mm-balta\/#primaryimage"},"thumbnailUrl":"https:\/\/head-beauty.com\/wp-content\/uploads\/2024\/12\/NX-6-9.jpg","datePublished":"2024-12-02T12:07:22+00:00","breadcrumb":{"@id":"https:\/\/head-beauty.com\/tr\/urun\/nx-6-9-profesyonel-kutikul-pense-x-line-6-l-105mm-bicaklar-9-mm-balta\/#breadcrumb"},"inLanguage":"tr","potentialAction":[{"@type":"ReadAction","target":["https:\/\/head-beauty.com\/tr\/urun\/nx-6-9-profesyonel-kutikul-pense-x-line-6-l-105mm-bicaklar-9-mm-balta\/"]}]},{"@type":"ImageObject","inLanguage":"tr","@id":"https:\/\/head-beauty.com\/tr\/urun\/nx-6-9-profesyonel-kutikul-pense-x-line-6-l-105mm-bicaklar-9-mm-balta\/#primaryimage","url":"https:\/\/head-beauty.com\/wp-content\/uploads\/2024\/12\/NX-6-9.jpg","contentUrl":"https:\/\/head-beauty.com\/wp-content\/uploads\/2024\/12\/NX-6-9.jpg","width":1080,"height":1080},{"@type":"BreadcrumbList","@id":"https:\/\/head-beauty.com\/tr\/urun\/nx-6-9-profesyonel-kutikul-pense-x-line-6-l-105mm-bicaklar-9-mm-balta\/#breadcrumb","itemListElement":[{"@type":"ListItem","position":1,"name":"Home","item":"https:\/\/head-beauty.com\/tr\/"},{"@type":"ListItem","position":2,"name":"D\u00fckk\u00e2n","item":"https:\/\/head-beauty.com\/tr\/magaza\/"},{"@type":"ListItem","position":3,"name":"NX-6-9 Profesyonel k\u00fctik\u00fcl pense X-line 6, L-105mm, b\u0131\u00e7aklar 9 mm, &#8220;Balta&#8221;"}]},{"@type":"WebSite","@id":"https:\/\/head-beauty.com\/tr\/#website","url":"https:\/\/head-beauty.com\/tr\/","name":"Head - The Beauty Tools","description":"","publisher":{"@id":"https:\/\/head-beauty.com\/tr\/#organization"},"potentialAction":[{"@type":"SearchAction","target":{"@type":"EntryPoint","urlTemplate":"https:\/\/head-beauty.com\/tr\/?s={search_term_string}"},"query-input":{"@type":"PropertyValueSpecification","valueRequired":true,"valueName":"search_term_string"}}],"inLanguage":"tr"},{"@type":"Organization","@id":"https:\/\/head-beauty.com\/tr\/#organization","name":"Head - The Beauty Tools","url":"https:\/\/head-beauty.com\/tr\/","logo":{"@type":"ImageObject","inLanguage":"tr","@id":"https:\/\/head-beauty.com\/tr\/#\/schema\/logo\/image\/","url":"https:\/\/head-beauty.com\/wp-content\/uploads\/2024\/10\/head-beauty-logo.svg","contentUrl":"https:\/\/head-beauty.com\/wp-content\/uploads\/2024\/10\/head-beauty-logo.svg","width":411.20999999999997953636921010911464691162109375,"height":200,"caption":"Head - The Beauty Tools"},"image":{"@id":"https:\/\/head-beauty.com\/tr\/#\/schema\/logo\/image\/"}}]}},"_links":{"self":[{"href":"https:\/\/head-beauty.com\/tr\/wp-json\/wp\/v2\/product\/28293","targetHints":{"allow":["GET"]}}],"collection":[{"href":"https:\/\/head-beauty.com\/tr\/wp-json\/wp\/v2\/product"}],"about":[{"href":"https:\/\/head-beauty.com\/tr\/wp-json\/wp\/v2\/types\/product"}],"wp:featuredmedia":[{"embeddable":true,"href":"https:\/\/head-beauty.com\/tr\/wp-json\/wp\/v2\/media\/28294"}],"wp:attachment":[{"href":"https:\/\/head-beauty.com\/tr\/wp-json\/wp\/v2\/media?parent=28293"}],"wp:term":[{"taxonomy":"product_brand","embeddable":true,"href":"https:\/\/head-beauty.com\/tr\/wp-json\/wp\/v2\/product_brand?post=28293"},{"taxonomy":"product_cat","embeddable":true,"href":"https:\/\/head-beauty.com\/tr\/wp-json\/wp\/v2\/product_cat?post=28293"},{"taxonomy":"product_tag","embeddable":true,"href":"https:\/\/head-beauty.com\/tr\/wp-json\/wp\/v2\/product_tag?post=28293"}],"curies":[{"name":"wp","href":"https:\/\/api.w.org\/{rel}","templated":true}]}}