{"id":28491,"date":"2024-12-02T15:22:56","date_gmt":"2024-12-02T12:22:56","guid":{"rendered":"https:\/\/head-beauty.com\/product\/hbcl-274bl-060-tungsten-karbur-frez-misir-mavisi-l-140-mm-o60-mm-sol-elini-kullananlar-icin\/"},"modified":"2024-12-02T15:22:56","modified_gmt":"2024-12-02T12:22:56","slug":"hbcl-274bl-060-tungsten-karbur-frez-misir-mavisi-l-140-mm-o60-mm-sol-elini-kullananlar-icin","status":"publish","type":"product","link":"https:\/\/head-beauty.com\/tr\/urun\/hbcl-274bl-060-tungsten-karbur-frez-misir-mavisi-l-140-mm-o60-mm-sol-elini-kullananlar-icin\/","title":{"rendered":"HBCL-274BL.060 Tungsten karb\u00fcr frez &#8220;m\u0131s\u0131r&#8221; mavisi, L-14,0 mm., \u00d86,0 mm Sol elini kullananlar i\u00e7in"},"content":{"rendered":"<p>Kaplamalar\u0131n (jel, jel-lack, polijel) \u00e7\u0131kar\u0131lmas\u0131 i\u00e7in standart orta \u00e7apraz t\u00fcfek<\/p>\n","protected":false},"excerpt":{"rendered":"<p>Kaplamalar\u0131n (jel, jel-lack, polijel) \u00e7\u0131kar\u0131lmas\u0131 i\u00e7in standart orta \u00e7apraz t\u00fcfek<\/p>\n","protected":false},"featured_media":28492,"template":"","meta":{"_acf_changed":false},"product_brand":[],"product_cat":[709],"product_tag":[],"class_list":{"0":"post-28491","1":"product","2":"type-product","3":"status-publish","4":"has-post-thumbnail","6":"product_cat-tungsten-karbur-frezler","8":"first","9":"instock","10":"taxable","11":"shipping-taxable","12":"purchasable","13":"product-type-simple"},"acf":[],"yoast_head":"<!-- This site is optimized with the Yoast SEO plugin v24.8.1 - https:\/\/yoast.com\/wordpress\/plugins\/seo\/ -->\n<title>HBCL-274BL.060 Tungsten karb\u00fcr frez &quot;m\u0131s\u0131r&quot; mavisi, L-14,0 mm., \u00d86,0 mm Sol elini kullananlar i\u00e7in - Head Beauty<\/title>\n<meta name=\"robots\" content=\"index, follow, max-snippet:-1, max-image-preview:large, max-video-preview:-1\" \/>\n<link rel=\"canonical\" href=\"https:\/\/head-beauty.com\/tr\/urun\/hbcl-274bl-060-tungsten-karbur-frez-misir-mavisi-l-140-mm-o60-mm-sol-elini-kullananlar-icin\/\" \/>\n<meta property=\"og:locale\" content=\"tr_TR\" \/>\n<meta property=\"og:type\" content=\"article\" \/>\n<meta property=\"og:title\" content=\"HBCL-274BL.060 Tungsten karb\u00fcr frez &quot;m\u0131s\u0131r&quot; mavisi, L-14,0 mm., \u00d86,0 mm Sol elini kullananlar i\u00e7in - Head Beauty\" \/>\n<meta property=\"og:description\" content=\"Kaplamalar\u0131n (jel, jel-lack, polijel) \u00e7\u0131kar\u0131lmas\u0131 i\u00e7in standart orta \u00e7apraz t\u00fcfek\" \/>\n<meta property=\"og:url\" content=\"https:\/\/head-beauty.com\/tr\/urun\/hbcl-274bl-060-tungsten-karbur-frez-misir-mavisi-l-140-mm-o60-mm-sol-elini-kullananlar-icin\/\" \/>\n<meta property=\"og:site_name\" content=\"Head Beauty\" \/>\n<meta property=\"og:image\" content=\"https:\/\/head-beauty.com\/wp-content\/uploads\/2024\/12\/HBCL-274BL.060-scaled.jpg\" \/>\n\t<meta property=\"og:image:width\" content=\"2560\" \/>\n\t<meta property=\"og:image:height\" content=\"2560\" \/>\n\t<meta property=\"og:image:type\" content=\"image\/jpeg\" \/>\n<meta name=\"twitter:card\" content=\"summary_large_image\" \/>\n<script type=\"application\/ld+json\" class=\"yoast-schema-graph\">{\"@context\":\"https:\/\/schema.org\",\"@graph\":[{\"@type\":\"WebPage\",\"@id\":\"https:\/\/head-beauty.com\/tr\/urun\/hbcl-274bl-060-tungsten-karbur-frez-misir-mavisi-l-140-mm-o60-mm-sol-elini-kullananlar-icin\/\",\"url\":\"https:\/\/head-beauty.com\/tr\/urun\/hbcl-274bl-060-tungsten-karbur-frez-misir-mavisi-l-140-mm-o60-mm-sol-elini-kullananlar-icin\/\",\"name\":\"HBCL-274BL.060 Tungsten karb\u00fcr frez \\\"m\u0131s\u0131r\\\" mavisi, L-14,0 mm., \u00d86,0 mm Sol elini kullananlar i\u00e7in - Head Beauty\",\"isPartOf\":{\"@id\":\"https:\/\/head-beauty.com\/tr\/#website\"},\"primaryImageOfPage\":{\"@id\":\"https:\/\/head-beauty.com\/tr\/urun\/hbcl-274bl-060-tungsten-karbur-frez-misir-mavisi-l-140-mm-o60-mm-sol-elini-kullananlar-icin\/#primaryimage\"},\"image\":{\"@id\":\"https:\/\/head-beauty.com\/tr\/urun\/hbcl-274bl-060-tungsten-karbur-frez-misir-mavisi-l-140-mm-o60-mm-sol-elini-kullananlar-icin\/#primaryimage\"},\"thumbnailUrl\":\"https:\/\/head-beauty.com\/wp-content\/uploads\/2024\/12\/HBCL-274BL.060-scaled.jpg\",\"datePublished\":\"2024-12-02T12:22:56+00:00\",\"breadcrumb\":{\"@id\":\"https:\/\/head-beauty.com\/tr\/urun\/hbcl-274bl-060-tungsten-karbur-frez-misir-mavisi-l-140-mm-o60-mm-sol-elini-kullananlar-icin\/#breadcrumb\"},\"inLanguage\":\"tr\",\"potentialAction\":[{\"@type\":\"ReadAction\",\"target\":[\"https:\/\/head-beauty.com\/tr\/urun\/hbcl-274bl-060-tungsten-karbur-frez-misir-mavisi-l-140-mm-o60-mm-sol-elini-kullananlar-icin\/\"]}]},{\"@type\":\"ImageObject\",\"inLanguage\":\"tr\",\"@id\":\"https:\/\/head-beauty.com\/tr\/urun\/hbcl-274bl-060-tungsten-karbur-frez-misir-mavisi-l-140-mm-o60-mm-sol-elini-kullananlar-icin\/#primaryimage\",\"url\":\"https:\/\/head-beauty.com\/wp-content\/uploads\/2024\/12\/HBCL-274BL.060-scaled.jpg\",\"contentUrl\":\"https:\/\/head-beauty.com\/wp-content\/uploads\/2024\/12\/HBCL-274BL.060-scaled.jpg\",\"width\":2560,\"height\":2560},{\"@type\":\"BreadcrumbList\",\"@id\":\"https:\/\/head-beauty.com\/tr\/urun\/hbcl-274bl-060-tungsten-karbur-frez-misir-mavisi-l-140-mm-o60-mm-sol-elini-kullananlar-icin\/#breadcrumb\",\"itemListElement\":[{\"@type\":\"ListItem\",\"position\":1,\"name\":\"Home\",\"item\":\"https:\/\/head-beauty.com\/tr\/\"},{\"@type\":\"ListItem\",\"position\":2,\"name\":\"D\u00fckk\u00e2n\",\"item\":\"https:\/\/head-beauty.com\/tr\/magaza\/\"},{\"@type\":\"ListItem\",\"position\":3,\"name\":\"HBCL-274BL.060 Tungsten karb\u00fcr frez &#8220;m\u0131s\u0131r&#8221; mavisi, L-14,0 mm., \u00d86,0 mm Sol elini kullananlar i\u00e7in\"}]},{\"@type\":\"WebSite\",\"@id\":\"https:\/\/head-beauty.com\/tr\/#website\",\"url\":\"https:\/\/head-beauty.com\/tr\/\",\"name\":\"Head - The Beauty Tools\",\"description\":\"\",\"publisher\":{\"@id\":\"https:\/\/head-beauty.com\/tr\/#organization\"},\"potentialAction\":[{\"@type\":\"SearchAction\",\"target\":{\"@type\":\"EntryPoint\",\"urlTemplate\":\"https:\/\/head-beauty.com\/tr\/?s={search_term_string}\"},\"query-input\":{\"@type\":\"PropertyValueSpecification\",\"valueRequired\":true,\"valueName\":\"search_term_string\"}}],\"inLanguage\":\"tr\"},{\"@type\":\"Organization\",\"@id\":\"https:\/\/head-beauty.com\/tr\/#organization\",\"name\":\"Head - The Beauty Tools\",\"url\":\"https:\/\/head-beauty.com\/tr\/\",\"logo\":{\"@type\":\"ImageObject\",\"inLanguage\":\"tr\",\"@id\":\"https:\/\/head-beauty.com\/tr\/#\/schema\/logo\/image\/\",\"url\":\"https:\/\/head-beauty.com\/wp-content\/uploads\/2024\/10\/head-beauty-logo.svg\",\"contentUrl\":\"https:\/\/head-beauty.com\/wp-content\/uploads\/2024\/10\/head-beauty-logo.svg\",\"width\":411.20999999999997953636921010911464691162109375,\"height\":200,\"caption\":\"Head - The Beauty Tools\"},\"image\":{\"@id\":\"https:\/\/head-beauty.com\/tr\/#\/schema\/logo\/image\/\"}}]}<\/script>\n<!-- \/ Yoast SEO plugin. -->","yoast_head_json":{"title":"HBCL-274BL.060 Tungsten karb\u00fcr frez \"m\u0131s\u0131r\" mavisi, L-14,0 mm., \u00d86,0 mm Sol elini kullananlar i\u00e7in - Head Beauty","robots":{"index":"index","follow":"follow","max-snippet":"max-snippet:-1","max-image-preview":"max-image-preview:large","max-video-preview":"max-video-preview:-1"},"canonical":"https:\/\/head-beauty.com\/tr\/urun\/hbcl-274bl-060-tungsten-karbur-frez-misir-mavisi-l-140-mm-o60-mm-sol-elini-kullananlar-icin\/","og_locale":"tr_TR","og_type":"article","og_title":"HBCL-274BL.060 Tungsten karb\u00fcr frez \"m\u0131s\u0131r\" mavisi, L-14,0 mm., \u00d86,0 mm Sol elini kullananlar i\u00e7in - Head Beauty","og_description":"Kaplamalar\u0131n (jel, jel-lack, polijel) \u00e7\u0131kar\u0131lmas\u0131 i\u00e7in standart orta \u00e7apraz t\u00fcfek","og_url":"https:\/\/head-beauty.com\/tr\/urun\/hbcl-274bl-060-tungsten-karbur-frez-misir-mavisi-l-140-mm-o60-mm-sol-elini-kullananlar-icin\/","og_site_name":"Head Beauty","og_image":[{"width":2560,"height":2560,"url":"https:\/\/head-beauty.com\/wp-content\/uploads\/2024\/12\/HBCL-274BL.060-scaled.jpg","type":"image\/jpeg"}],"twitter_card":"summary_large_image","schema":{"@context":"https:\/\/schema.org","@graph":[{"@type":"WebPage","@id":"https:\/\/head-beauty.com\/tr\/urun\/hbcl-274bl-060-tungsten-karbur-frez-misir-mavisi-l-140-mm-o60-mm-sol-elini-kullananlar-icin\/","url":"https:\/\/head-beauty.com\/tr\/urun\/hbcl-274bl-060-tungsten-karbur-frez-misir-mavisi-l-140-mm-o60-mm-sol-elini-kullananlar-icin\/","name":"HBCL-274BL.060 Tungsten karb\u00fcr frez \"m\u0131s\u0131r\" mavisi, L-14,0 mm., \u00d86,0 mm Sol elini kullananlar i\u00e7in - Head Beauty","isPartOf":{"@id":"https:\/\/head-beauty.com\/tr\/#website"},"primaryImageOfPage":{"@id":"https:\/\/head-beauty.com\/tr\/urun\/hbcl-274bl-060-tungsten-karbur-frez-misir-mavisi-l-140-mm-o60-mm-sol-elini-kullananlar-icin\/#primaryimage"},"image":{"@id":"https:\/\/head-beauty.com\/tr\/urun\/hbcl-274bl-060-tungsten-karbur-frez-misir-mavisi-l-140-mm-o60-mm-sol-elini-kullananlar-icin\/#primaryimage"},"thumbnailUrl":"https:\/\/head-beauty.com\/wp-content\/uploads\/2024\/12\/HBCL-274BL.060-scaled.jpg","datePublished":"2024-12-02T12:22:56+00:00","breadcrumb":{"@id":"https:\/\/head-beauty.com\/tr\/urun\/hbcl-274bl-060-tungsten-karbur-frez-misir-mavisi-l-140-mm-o60-mm-sol-elini-kullananlar-icin\/#breadcrumb"},"inLanguage":"tr","potentialAction":[{"@type":"ReadAction","target":["https:\/\/head-beauty.com\/tr\/urun\/hbcl-274bl-060-tungsten-karbur-frez-misir-mavisi-l-140-mm-o60-mm-sol-elini-kullananlar-icin\/"]}]},{"@type":"ImageObject","inLanguage":"tr","@id":"https:\/\/head-beauty.com\/tr\/urun\/hbcl-274bl-060-tungsten-karbur-frez-misir-mavisi-l-140-mm-o60-mm-sol-elini-kullananlar-icin\/#primaryimage","url":"https:\/\/head-beauty.com\/wp-content\/uploads\/2024\/12\/HBCL-274BL.060-scaled.jpg","contentUrl":"https:\/\/head-beauty.com\/wp-content\/uploads\/2024\/12\/HBCL-274BL.060-scaled.jpg","width":2560,"height":2560},{"@type":"BreadcrumbList","@id":"https:\/\/head-beauty.com\/tr\/urun\/hbcl-274bl-060-tungsten-karbur-frez-misir-mavisi-l-140-mm-o60-mm-sol-elini-kullananlar-icin\/#breadcrumb","itemListElement":[{"@type":"ListItem","position":1,"name":"Home","item":"https:\/\/head-beauty.com\/tr\/"},{"@type":"ListItem","position":2,"name":"D\u00fckk\u00e2n","item":"https:\/\/head-beauty.com\/tr\/magaza\/"},{"@type":"ListItem","position":3,"name":"HBCL-274BL.060 Tungsten karb\u00fcr frez &#8220;m\u0131s\u0131r&#8221; mavisi, L-14,0 mm., \u00d86,0 mm Sol elini kullananlar i\u00e7in"}]},{"@type":"WebSite","@id":"https:\/\/head-beauty.com\/tr\/#website","url":"https:\/\/head-beauty.com\/tr\/","name":"Head - The Beauty Tools","description":"","publisher":{"@id":"https:\/\/head-beauty.com\/tr\/#organization"},"potentialAction":[{"@type":"SearchAction","target":{"@type":"EntryPoint","urlTemplate":"https:\/\/head-beauty.com\/tr\/?s={search_term_string}"},"query-input":{"@type":"PropertyValueSpecification","valueRequired":true,"valueName":"search_term_string"}}],"inLanguage":"tr"},{"@type":"Organization","@id":"https:\/\/head-beauty.com\/tr\/#organization","name":"Head - The Beauty Tools","url":"https:\/\/head-beauty.com\/tr\/","logo":{"@type":"ImageObject","inLanguage":"tr","@id":"https:\/\/head-beauty.com\/tr\/#\/schema\/logo\/image\/","url":"https:\/\/head-beauty.com\/wp-content\/uploads\/2024\/10\/head-beauty-logo.svg","contentUrl":"https:\/\/head-beauty.com\/wp-content\/uploads\/2024\/10\/head-beauty-logo.svg","width":411.20999999999997953636921010911464691162109375,"height":200,"caption":"Head - The Beauty Tools"},"image":{"@id":"https:\/\/head-beauty.com\/tr\/#\/schema\/logo\/image\/"}}]}},"_links":{"self":[{"href":"https:\/\/head-beauty.com\/tr\/wp-json\/wp\/v2\/product\/28491","targetHints":{"allow":["GET"]}}],"collection":[{"href":"https:\/\/head-beauty.com\/tr\/wp-json\/wp\/v2\/product"}],"about":[{"href":"https:\/\/head-beauty.com\/tr\/wp-json\/wp\/v2\/types\/product"}],"wp:featuredmedia":[{"embeddable":true,"href":"https:\/\/head-beauty.com\/tr\/wp-json\/wp\/v2\/media\/28492"}],"wp:attachment":[{"href":"https:\/\/head-beauty.com\/tr\/wp-json\/wp\/v2\/media?parent=28491"}],"wp:term":[{"taxonomy":"product_brand","embeddable":true,"href":"https:\/\/head-beauty.com\/tr\/wp-json\/wp\/v2\/product_brand?post=28491"},{"taxonomy":"product_cat","embeddable":true,"href":"https:\/\/head-beauty.com\/tr\/wp-json\/wp\/v2\/product_cat?post=28491"},{"taxonomy":"product_tag","embeddable":true,"href":"https:\/\/head-beauty.com\/tr\/wp-json\/wp\/v2\/product_tag?post=28491"}],"curies":[{"name":"wp","href":"https:\/\/api.w.org\/{rel}","templated":true}]}}