{"id":28680,"date":"2024-12-02T15:05:53","date_gmt":"2024-12-02T12:05:53","guid":{"rendered":"https:\/\/head-beauty.com\/product\/sx-1-21-profesyonel-kutikul-makasi-x-line-1-bicaklar-21-mm-klasik\/"},"modified":"2024-12-02T15:05:53","modified_gmt":"2024-12-02T12:05:53","slug":"sx-1-21-profesyonel-kutikul-makasi-x-line-1-bicaklar-21-mm-klasik","status":"publish","type":"product","link":"https:\/\/head-beauty.com\/tr\/urun\/sx-1-21-profesyonel-kutikul-makasi-x-line-1-bicaklar-21-mm-klasik\/","title":{"rendered":"SX-1-21 Profesyonel k\u00fctik\u00fcl makas\u0131 X-line 1, b\u0131\u00e7aklar 21 mm, Klasik"},"content":{"rendered":"<p>Yeni ba\u015flayanlar ve profesyoneller i\u00e7in uygun klasik \u015fekilli makaslar, kolay hareket, optimum halka \u015fekli, mat saplar, parlak cilal\u0131 saplar, d\u00fczenli dezenfeksiyon ve sterilizasyon i\u00e7in geli\u015ftirilmi\u015f y\u00fczey performans\u0131, el bileme, daha uzun \u00e7al\u0131\u015fma s\u00fcresi, y\u00fcksek ergonomi<\/p>\n","protected":false},"excerpt":{"rendered":"<p>Yeni ba\u015flayanlar ve profesyoneller i\u00e7in uygun klasik \u015fekilli makaslar, kolay hareket, optimum halka \u015fekli, mat saplar, parlak cilal\u0131 saplar, d\u00fczenli dezenfeksiyon ve sterilizasyon i\u00e7in geli\u015ftirilmi\u015f y\u00fczey performans\u0131, el bileme, daha uzun \u00e7al\u0131\u015fma s\u00fcresi, y\u00fcksek ergonomi<\/p>\n","protected":false},"featured_media":28682,"template":"","meta":{"_acf_changed":false},"product_brand":[],"product_cat":[360],"product_tag":[404],"class_list":{"0":"post-28680","1":"product","2":"type-product","3":"status-publish","4":"has-post-thumbnail","6":"product_cat-makas","7":"product_tag-makas-x-hatti","9":"first","10":"outofstock","11":"taxable","12":"shipping-taxable","13":"purchasable","14":"product-type-simple"},"acf":[],"yoast_head":"<!-- This site is optimized with the Yoast SEO plugin v24.8.1 - https:\/\/yoast.com\/wordpress\/plugins\/seo\/ -->\n<title>SX-1-21 Profesyonel k\u00fctik\u00fcl makas\u0131 X-line 1, b\u0131\u00e7aklar 21 mm, Klasik - Head Beauty<\/title>\n<meta name=\"robots\" content=\"index, follow, max-snippet:-1, max-image-preview:large, max-video-preview:-1\" \/>\n<link rel=\"canonical\" href=\"https:\/\/head-beauty.com\/tr\/urun\/sx-1-21-profesyonel-kutikul-makasi-x-line-1-bicaklar-21-mm-klasik\/\" \/>\n<meta property=\"og:locale\" content=\"tr_TR\" \/>\n<meta property=\"og:type\" content=\"article\" \/>\n<meta property=\"og:title\" content=\"SX-1-21 Profesyonel k\u00fctik\u00fcl makas\u0131 X-line 1, b\u0131\u00e7aklar 21 mm, Klasik - Head Beauty\" \/>\n<meta property=\"og:description\" content=\"Yeni ba\u015flayanlar ve profesyoneller i\u00e7in uygun klasik \u015fekilli makaslar, kolay hareket, optimum halka \u015fekli, mat saplar, parlak cilal\u0131 saplar, d\u00fczenli dezenfeksiyon ve sterilizasyon i\u00e7in geli\u015ftirilmi\u015f y\u00fczey performans\u0131, el bileme, daha uzun \u00e7al\u0131\u015fma s\u00fcresi, y\u00fcksek ergonomi\" \/>\n<meta property=\"og:url\" content=\"https:\/\/head-beauty.com\/tr\/urun\/sx-1-21-profesyonel-kutikul-makasi-x-line-1-bicaklar-21-mm-klasik\/\" \/>\n<meta property=\"og:site_name\" content=\"Head Beauty\" \/>\n<meta property=\"og:image\" content=\"https:\/\/head-beauty.com\/wp-content\/uploads\/2024\/12\/SX-1-21.jpg\" \/>\n\t<meta property=\"og:image:width\" content=\"818\" \/>\n\t<meta property=\"og:image:height\" content=\"1600\" \/>\n\t<meta property=\"og:image:type\" content=\"image\/jpeg\" \/>\n<meta name=\"twitter:card\" content=\"summary_large_image\" \/>\n<script type=\"application\/ld+json\" class=\"yoast-schema-graph\">{\"@context\":\"https:\/\/schema.org\",\"@graph\":[{\"@type\":\"WebPage\",\"@id\":\"https:\/\/head-beauty.com\/tr\/urun\/sx-1-21-profesyonel-kutikul-makasi-x-line-1-bicaklar-21-mm-klasik\/\",\"url\":\"https:\/\/head-beauty.com\/tr\/urun\/sx-1-21-profesyonel-kutikul-makasi-x-line-1-bicaklar-21-mm-klasik\/\",\"name\":\"SX-1-21 Profesyonel k\u00fctik\u00fcl makas\u0131 X-line 1, b\u0131\u00e7aklar 21 mm, Klasik - Head Beauty\",\"isPartOf\":{\"@id\":\"https:\/\/head-beauty.com\/tr\/#website\"},\"primaryImageOfPage\":{\"@id\":\"https:\/\/head-beauty.com\/tr\/urun\/sx-1-21-profesyonel-kutikul-makasi-x-line-1-bicaklar-21-mm-klasik\/#primaryimage\"},\"image\":{\"@id\":\"https:\/\/head-beauty.com\/tr\/urun\/sx-1-21-profesyonel-kutikul-makasi-x-line-1-bicaklar-21-mm-klasik\/#primaryimage\"},\"thumbnailUrl\":\"https:\/\/head-beauty.com\/wp-content\/uploads\/2024\/12\/SX-1-21.jpg\",\"datePublished\":\"2024-12-02T12:05:53+00:00\",\"breadcrumb\":{\"@id\":\"https:\/\/head-beauty.com\/tr\/urun\/sx-1-21-profesyonel-kutikul-makasi-x-line-1-bicaklar-21-mm-klasik\/#breadcrumb\"},\"inLanguage\":\"tr\",\"potentialAction\":[{\"@type\":\"ReadAction\",\"target\":[\"https:\/\/head-beauty.com\/tr\/urun\/sx-1-21-profesyonel-kutikul-makasi-x-line-1-bicaklar-21-mm-klasik\/\"]}]},{\"@type\":\"ImageObject\",\"inLanguage\":\"tr\",\"@id\":\"https:\/\/head-beauty.com\/tr\/urun\/sx-1-21-profesyonel-kutikul-makasi-x-line-1-bicaklar-21-mm-klasik\/#primaryimage\",\"url\":\"https:\/\/head-beauty.com\/wp-content\/uploads\/2024\/12\/SX-1-21.jpg\",\"contentUrl\":\"https:\/\/head-beauty.com\/wp-content\/uploads\/2024\/12\/SX-1-21.jpg\",\"width\":818,\"height\":1600},{\"@type\":\"BreadcrumbList\",\"@id\":\"https:\/\/head-beauty.com\/tr\/urun\/sx-1-21-profesyonel-kutikul-makasi-x-line-1-bicaklar-21-mm-klasik\/#breadcrumb\",\"itemListElement\":[{\"@type\":\"ListItem\",\"position\":1,\"name\":\"Home\",\"item\":\"https:\/\/head-beauty.com\/tr\/\"},{\"@type\":\"ListItem\",\"position\":2,\"name\":\"D\u00fckk\u00e2n\",\"item\":\"https:\/\/head-beauty.com\/tr\/magaza\/\"},{\"@type\":\"ListItem\",\"position\":3,\"name\":\"SX-1-21 Profesyonel k\u00fctik\u00fcl makas\u0131 X-line 1, b\u0131\u00e7aklar 21 mm, Klasik\"}]},{\"@type\":\"WebSite\",\"@id\":\"https:\/\/head-beauty.com\/tr\/#website\",\"url\":\"https:\/\/head-beauty.com\/tr\/\",\"name\":\"Head - The Beauty Tools\",\"description\":\"\",\"publisher\":{\"@id\":\"https:\/\/head-beauty.com\/tr\/#organization\"},\"potentialAction\":[{\"@type\":\"SearchAction\",\"target\":{\"@type\":\"EntryPoint\",\"urlTemplate\":\"https:\/\/head-beauty.com\/tr\/?s={search_term_string}\"},\"query-input\":{\"@type\":\"PropertyValueSpecification\",\"valueRequired\":true,\"valueName\":\"search_term_string\"}}],\"inLanguage\":\"tr\"},{\"@type\":\"Organization\",\"@id\":\"https:\/\/head-beauty.com\/tr\/#organization\",\"name\":\"Head - The Beauty Tools\",\"url\":\"https:\/\/head-beauty.com\/tr\/\",\"logo\":{\"@type\":\"ImageObject\",\"inLanguage\":\"tr\",\"@id\":\"https:\/\/head-beauty.com\/tr\/#\/schema\/logo\/image\/\",\"url\":\"https:\/\/head-beauty.com\/wp-content\/uploads\/2024\/10\/head-beauty-logo.svg\",\"contentUrl\":\"https:\/\/head-beauty.com\/wp-content\/uploads\/2024\/10\/head-beauty-logo.svg\",\"width\":411.20999999999997953636921010911464691162109375,\"height\":200,\"caption\":\"Head - The Beauty Tools\"},\"image\":{\"@id\":\"https:\/\/head-beauty.com\/tr\/#\/schema\/logo\/image\/\"}}]}<\/script>\n<!-- \/ Yoast SEO plugin. -->","yoast_head_json":{"title":"SX-1-21 Profesyonel k\u00fctik\u00fcl makas\u0131 X-line 1, b\u0131\u00e7aklar 21 mm, Klasik - Head Beauty","robots":{"index":"index","follow":"follow","max-snippet":"max-snippet:-1","max-image-preview":"max-image-preview:large","max-video-preview":"max-video-preview:-1"},"canonical":"https:\/\/head-beauty.com\/tr\/urun\/sx-1-21-profesyonel-kutikul-makasi-x-line-1-bicaklar-21-mm-klasik\/","og_locale":"tr_TR","og_type":"article","og_title":"SX-1-21 Profesyonel k\u00fctik\u00fcl makas\u0131 X-line 1, b\u0131\u00e7aklar 21 mm, Klasik - Head Beauty","og_description":"Yeni ba\u015flayanlar ve profesyoneller i\u00e7in uygun klasik \u015fekilli makaslar, kolay hareket, optimum halka \u015fekli, mat saplar, parlak cilal\u0131 saplar, d\u00fczenli dezenfeksiyon ve sterilizasyon i\u00e7in geli\u015ftirilmi\u015f y\u00fczey performans\u0131, el bileme, daha uzun \u00e7al\u0131\u015fma s\u00fcresi, y\u00fcksek ergonomi","og_url":"https:\/\/head-beauty.com\/tr\/urun\/sx-1-21-profesyonel-kutikul-makasi-x-line-1-bicaklar-21-mm-klasik\/","og_site_name":"Head Beauty","og_image":[{"width":818,"height":1600,"url":"https:\/\/head-beauty.com\/wp-content\/uploads\/2024\/12\/SX-1-21.jpg","type":"image\/jpeg"}],"twitter_card":"summary_large_image","schema":{"@context":"https:\/\/schema.org","@graph":[{"@type":"WebPage","@id":"https:\/\/head-beauty.com\/tr\/urun\/sx-1-21-profesyonel-kutikul-makasi-x-line-1-bicaklar-21-mm-klasik\/","url":"https:\/\/head-beauty.com\/tr\/urun\/sx-1-21-profesyonel-kutikul-makasi-x-line-1-bicaklar-21-mm-klasik\/","name":"SX-1-21 Profesyonel k\u00fctik\u00fcl makas\u0131 X-line 1, b\u0131\u00e7aklar 21 mm, Klasik - Head Beauty","isPartOf":{"@id":"https:\/\/head-beauty.com\/tr\/#website"},"primaryImageOfPage":{"@id":"https:\/\/head-beauty.com\/tr\/urun\/sx-1-21-profesyonel-kutikul-makasi-x-line-1-bicaklar-21-mm-klasik\/#primaryimage"},"image":{"@id":"https:\/\/head-beauty.com\/tr\/urun\/sx-1-21-profesyonel-kutikul-makasi-x-line-1-bicaklar-21-mm-klasik\/#primaryimage"},"thumbnailUrl":"https:\/\/head-beauty.com\/wp-content\/uploads\/2024\/12\/SX-1-21.jpg","datePublished":"2024-12-02T12:05:53+00:00","breadcrumb":{"@id":"https:\/\/head-beauty.com\/tr\/urun\/sx-1-21-profesyonel-kutikul-makasi-x-line-1-bicaklar-21-mm-klasik\/#breadcrumb"},"inLanguage":"tr","potentialAction":[{"@type":"ReadAction","target":["https:\/\/head-beauty.com\/tr\/urun\/sx-1-21-profesyonel-kutikul-makasi-x-line-1-bicaklar-21-mm-klasik\/"]}]},{"@type":"ImageObject","inLanguage":"tr","@id":"https:\/\/head-beauty.com\/tr\/urun\/sx-1-21-profesyonel-kutikul-makasi-x-line-1-bicaklar-21-mm-klasik\/#primaryimage","url":"https:\/\/head-beauty.com\/wp-content\/uploads\/2024\/12\/SX-1-21.jpg","contentUrl":"https:\/\/head-beauty.com\/wp-content\/uploads\/2024\/12\/SX-1-21.jpg","width":818,"height":1600},{"@type":"BreadcrumbList","@id":"https:\/\/head-beauty.com\/tr\/urun\/sx-1-21-profesyonel-kutikul-makasi-x-line-1-bicaklar-21-mm-klasik\/#breadcrumb","itemListElement":[{"@type":"ListItem","position":1,"name":"Home","item":"https:\/\/head-beauty.com\/tr\/"},{"@type":"ListItem","position":2,"name":"D\u00fckk\u00e2n","item":"https:\/\/head-beauty.com\/tr\/magaza\/"},{"@type":"ListItem","position":3,"name":"SX-1-21 Profesyonel k\u00fctik\u00fcl makas\u0131 X-line 1, b\u0131\u00e7aklar 21 mm, Klasik"}]},{"@type":"WebSite","@id":"https:\/\/head-beauty.com\/tr\/#website","url":"https:\/\/head-beauty.com\/tr\/","name":"Head - The Beauty Tools","description":"","publisher":{"@id":"https:\/\/head-beauty.com\/tr\/#organization"},"potentialAction":[{"@type":"SearchAction","target":{"@type":"EntryPoint","urlTemplate":"https:\/\/head-beauty.com\/tr\/?s={search_term_string}"},"query-input":{"@type":"PropertyValueSpecification","valueRequired":true,"valueName":"search_term_string"}}],"inLanguage":"tr"},{"@type":"Organization","@id":"https:\/\/head-beauty.com\/tr\/#organization","name":"Head - The Beauty Tools","url":"https:\/\/head-beauty.com\/tr\/","logo":{"@type":"ImageObject","inLanguage":"tr","@id":"https:\/\/head-beauty.com\/tr\/#\/schema\/logo\/image\/","url":"https:\/\/head-beauty.com\/wp-content\/uploads\/2024\/10\/head-beauty-logo.svg","contentUrl":"https:\/\/head-beauty.com\/wp-content\/uploads\/2024\/10\/head-beauty-logo.svg","width":411.20999999999997953636921010911464691162109375,"height":200,"caption":"Head - The Beauty Tools"},"image":{"@id":"https:\/\/head-beauty.com\/tr\/#\/schema\/logo\/image\/"}}]}},"_links":{"self":[{"href":"https:\/\/head-beauty.com\/tr\/wp-json\/wp\/v2\/product\/28680","targetHints":{"allow":["GET"]}}],"collection":[{"href":"https:\/\/head-beauty.com\/tr\/wp-json\/wp\/v2\/product"}],"about":[{"href":"https:\/\/head-beauty.com\/tr\/wp-json\/wp\/v2\/types\/product"}],"wp:featuredmedia":[{"embeddable":true,"href":"https:\/\/head-beauty.com\/tr\/wp-json\/wp\/v2\/media\/28682"}],"wp:attachment":[{"href":"https:\/\/head-beauty.com\/tr\/wp-json\/wp\/v2\/media?parent=28680"}],"wp:term":[{"taxonomy":"product_brand","embeddable":true,"href":"https:\/\/head-beauty.com\/tr\/wp-json\/wp\/v2\/product_brand?post=28680"},{"taxonomy":"product_cat","embeddable":true,"href":"https:\/\/head-beauty.com\/tr\/wp-json\/wp\/v2\/product_cat?post=28680"},{"taxonomy":"product_tag","embeddable":true,"href":"https:\/\/head-beauty.com\/tr\/wp-json\/wp\/v2\/product_tag?post=28680"}],"curies":[{"name":"wp","href":"https:\/\/api.w.org\/{rel}","templated":true}]}}