{"id":28840,"date":"2024-12-02T15:14:54","date_gmt":"2024-12-02T12:14:54","guid":{"rendered":"https:\/\/head-beauty.com\/product\/hbc-225yl-023-tungsten-karbur-frez-frustum-sari-l-50-mm-o23-mm\/"},"modified":"2024-12-02T15:14:54","modified_gmt":"2024-12-02T12:14:54","slug":"hbc-225yl-023-tungsten-karbur-frez-frustum-sari-l-50-mm-o23-mm","status":"publish","type":"product","link":"https:\/\/head-beauty.com\/tr\/urun\/hbc-225yl-023-tungsten-karbur-frez-frustum-sari-l-50-mm-o23-mm\/","title":{"rendered":"HBC-225YL.023 Tungsten karb\u00fcr frez &#8220;frustum&#8221; sar\u0131, L-5,0 mm, \u00d82,3 mm"},"content":{"rendered":"<p>Takma t\u0131rna\u011f\u0131n d\u00fczeltilmesi, p\u00fcr\u00fczl\u00fc \u00f6l\u00fc derinin \u00e7\u0131kar\u0131lmas\u0131, \u00e7ok yumu\u015fak t\u00fcfek i\u00e7in<\/p>\n","protected":false},"excerpt":{"rendered":"<p>Takma t\u0131rna\u011f\u0131n d\u00fczeltilmesi, p\u00fcr\u00fczl\u00fc \u00f6l\u00fc derinin \u00e7\u0131kar\u0131lmas\u0131, \u00e7ok yumu\u015fak t\u00fcfek i\u00e7in<\/p>\n","protected":false},"featured_media":28841,"template":"","meta":{"_acf_changed":false},"product_brand":[],"product_cat":[709],"product_tag":[],"class_list":{"0":"post-28840","1":"product","2":"type-product","3":"status-publish","4":"has-post-thumbnail","6":"product_cat-tungsten-karbur-frezler","8":"first","9":"instock","10":"taxable","11":"shipping-taxable","12":"purchasable","13":"product-type-simple"},"acf":[],"yoast_head":"<!-- This site is optimized with the Yoast SEO plugin v24.8.1 - https:\/\/yoast.com\/wordpress\/plugins\/seo\/ -->\n<title>HBC-225YL.023 Tungsten karb\u00fcr frez &quot;frustum&quot; sar\u0131, L-5,0 mm, \u00d82,3 mm - Head Beauty<\/title>\n<meta name=\"robots\" content=\"index, follow, max-snippet:-1, max-image-preview:large, max-video-preview:-1\" \/>\n<link rel=\"canonical\" href=\"https:\/\/head-beauty.com\/tr\/urun\/hbc-225yl-023-tungsten-karbur-frez-frustum-sari-l-50-mm-o23-mm\/\" \/>\n<meta property=\"og:locale\" content=\"tr_TR\" \/>\n<meta property=\"og:type\" content=\"article\" \/>\n<meta property=\"og:title\" content=\"HBC-225YL.023 Tungsten karb\u00fcr frez &quot;frustum&quot; sar\u0131, L-5,0 mm, \u00d82,3 mm - Head Beauty\" \/>\n<meta property=\"og:description\" content=\"Takma t\u0131rna\u011f\u0131n d\u00fczeltilmesi, p\u00fcr\u00fczl\u00fc \u00f6l\u00fc derinin \u00e7\u0131kar\u0131lmas\u0131, \u00e7ok yumu\u015fak t\u00fcfek i\u00e7in\" \/>\n<meta property=\"og:url\" content=\"https:\/\/head-beauty.com\/tr\/urun\/hbc-225yl-023-tungsten-karbur-frez-frustum-sari-l-50-mm-o23-mm\/\" \/>\n<meta property=\"og:site_name\" content=\"Head Beauty\" \/>\n<meta property=\"og:image\" content=\"https:\/\/head-beauty.com\/wp-content\/uploads\/2024\/12\/HBC-225YL.023-scaled.jpg\" \/>\n\t<meta property=\"og:image:width\" content=\"2560\" \/>\n\t<meta property=\"og:image:height\" content=\"2560\" \/>\n\t<meta property=\"og:image:type\" content=\"image\/jpeg\" \/>\n<meta name=\"twitter:card\" content=\"summary_large_image\" \/>\n<script type=\"application\/ld+json\" class=\"yoast-schema-graph\">{\"@context\":\"https:\/\/schema.org\",\"@graph\":[{\"@type\":\"WebPage\",\"@id\":\"https:\/\/head-beauty.com\/tr\/urun\/hbc-225yl-023-tungsten-karbur-frez-frustum-sari-l-50-mm-o23-mm\/\",\"url\":\"https:\/\/head-beauty.com\/tr\/urun\/hbc-225yl-023-tungsten-karbur-frez-frustum-sari-l-50-mm-o23-mm\/\",\"name\":\"HBC-225YL.023 Tungsten karb\u00fcr frez \\\"frustum\\\" sar\u0131, L-5,0 mm, \u00d82,3 mm - Head Beauty\",\"isPartOf\":{\"@id\":\"https:\/\/head-beauty.com\/tr\/#website\"},\"primaryImageOfPage\":{\"@id\":\"https:\/\/head-beauty.com\/tr\/urun\/hbc-225yl-023-tungsten-karbur-frez-frustum-sari-l-50-mm-o23-mm\/#primaryimage\"},\"image\":{\"@id\":\"https:\/\/head-beauty.com\/tr\/urun\/hbc-225yl-023-tungsten-karbur-frez-frustum-sari-l-50-mm-o23-mm\/#primaryimage\"},\"thumbnailUrl\":\"https:\/\/head-beauty.com\/wp-content\/uploads\/2024\/12\/HBC-225YL.023-scaled.jpg\",\"datePublished\":\"2024-12-02T12:14:54+00:00\",\"breadcrumb\":{\"@id\":\"https:\/\/head-beauty.com\/tr\/urun\/hbc-225yl-023-tungsten-karbur-frez-frustum-sari-l-50-mm-o23-mm\/#breadcrumb\"},\"inLanguage\":\"tr\",\"potentialAction\":[{\"@type\":\"ReadAction\",\"target\":[\"https:\/\/head-beauty.com\/tr\/urun\/hbc-225yl-023-tungsten-karbur-frez-frustum-sari-l-50-mm-o23-mm\/\"]}]},{\"@type\":\"ImageObject\",\"inLanguage\":\"tr\",\"@id\":\"https:\/\/head-beauty.com\/tr\/urun\/hbc-225yl-023-tungsten-karbur-frez-frustum-sari-l-50-mm-o23-mm\/#primaryimage\",\"url\":\"https:\/\/head-beauty.com\/wp-content\/uploads\/2024\/12\/HBC-225YL.023-scaled.jpg\",\"contentUrl\":\"https:\/\/head-beauty.com\/wp-content\/uploads\/2024\/12\/HBC-225YL.023-scaled.jpg\",\"width\":2560,\"height\":2560},{\"@type\":\"BreadcrumbList\",\"@id\":\"https:\/\/head-beauty.com\/tr\/urun\/hbc-225yl-023-tungsten-karbur-frez-frustum-sari-l-50-mm-o23-mm\/#breadcrumb\",\"itemListElement\":[{\"@type\":\"ListItem\",\"position\":1,\"name\":\"Home\",\"item\":\"https:\/\/head-beauty.com\/tr\/\"},{\"@type\":\"ListItem\",\"position\":2,\"name\":\"D\u00fckk\u00e2n\",\"item\":\"https:\/\/head-beauty.com\/tr\/magaza\/\"},{\"@type\":\"ListItem\",\"position\":3,\"name\":\"HBC-225YL.023 Tungsten karb\u00fcr frez &#8220;frustum&#8221; sar\u0131, L-5,0 mm, \u00d82,3 mm\"}]},{\"@type\":\"WebSite\",\"@id\":\"https:\/\/head-beauty.com\/tr\/#website\",\"url\":\"https:\/\/head-beauty.com\/tr\/\",\"name\":\"Head - The Beauty Tools\",\"description\":\"\",\"publisher\":{\"@id\":\"https:\/\/head-beauty.com\/tr\/#organization\"},\"potentialAction\":[{\"@type\":\"SearchAction\",\"target\":{\"@type\":\"EntryPoint\",\"urlTemplate\":\"https:\/\/head-beauty.com\/tr\/?s={search_term_string}\"},\"query-input\":{\"@type\":\"PropertyValueSpecification\",\"valueRequired\":true,\"valueName\":\"search_term_string\"}}],\"inLanguage\":\"tr\"},{\"@type\":\"Organization\",\"@id\":\"https:\/\/head-beauty.com\/tr\/#organization\",\"name\":\"Head - The Beauty Tools\",\"url\":\"https:\/\/head-beauty.com\/tr\/\",\"logo\":{\"@type\":\"ImageObject\",\"inLanguage\":\"tr\",\"@id\":\"https:\/\/head-beauty.com\/tr\/#\/schema\/logo\/image\/\",\"url\":\"https:\/\/head-beauty.com\/wp-content\/uploads\/2024\/10\/head-beauty-logo.svg\",\"contentUrl\":\"https:\/\/head-beauty.com\/wp-content\/uploads\/2024\/10\/head-beauty-logo.svg\",\"width\":411.20999999999997953636921010911464691162109375,\"height\":200,\"caption\":\"Head - The Beauty Tools\"},\"image\":{\"@id\":\"https:\/\/head-beauty.com\/tr\/#\/schema\/logo\/image\/\"}}]}<\/script>\n<!-- \/ Yoast SEO plugin. -->","yoast_head_json":{"title":"HBC-225YL.023 Tungsten karb\u00fcr frez \"frustum\" sar\u0131, L-5,0 mm, \u00d82,3 mm - Head Beauty","robots":{"index":"index","follow":"follow","max-snippet":"max-snippet:-1","max-image-preview":"max-image-preview:large","max-video-preview":"max-video-preview:-1"},"canonical":"https:\/\/head-beauty.com\/tr\/urun\/hbc-225yl-023-tungsten-karbur-frez-frustum-sari-l-50-mm-o23-mm\/","og_locale":"tr_TR","og_type":"article","og_title":"HBC-225YL.023 Tungsten karb\u00fcr frez \"frustum\" sar\u0131, L-5,0 mm, \u00d82,3 mm - Head Beauty","og_description":"Takma t\u0131rna\u011f\u0131n d\u00fczeltilmesi, p\u00fcr\u00fczl\u00fc \u00f6l\u00fc derinin \u00e7\u0131kar\u0131lmas\u0131, \u00e7ok yumu\u015fak t\u00fcfek i\u00e7in","og_url":"https:\/\/head-beauty.com\/tr\/urun\/hbc-225yl-023-tungsten-karbur-frez-frustum-sari-l-50-mm-o23-mm\/","og_site_name":"Head Beauty","og_image":[{"width":2560,"height":2560,"url":"https:\/\/head-beauty.com\/wp-content\/uploads\/2024\/12\/HBC-225YL.023-scaled.jpg","type":"image\/jpeg"}],"twitter_card":"summary_large_image","schema":{"@context":"https:\/\/schema.org","@graph":[{"@type":"WebPage","@id":"https:\/\/head-beauty.com\/tr\/urun\/hbc-225yl-023-tungsten-karbur-frez-frustum-sari-l-50-mm-o23-mm\/","url":"https:\/\/head-beauty.com\/tr\/urun\/hbc-225yl-023-tungsten-karbur-frez-frustum-sari-l-50-mm-o23-mm\/","name":"HBC-225YL.023 Tungsten karb\u00fcr frez \"frustum\" sar\u0131, L-5,0 mm, \u00d82,3 mm - Head Beauty","isPartOf":{"@id":"https:\/\/head-beauty.com\/tr\/#website"},"primaryImageOfPage":{"@id":"https:\/\/head-beauty.com\/tr\/urun\/hbc-225yl-023-tungsten-karbur-frez-frustum-sari-l-50-mm-o23-mm\/#primaryimage"},"image":{"@id":"https:\/\/head-beauty.com\/tr\/urun\/hbc-225yl-023-tungsten-karbur-frez-frustum-sari-l-50-mm-o23-mm\/#primaryimage"},"thumbnailUrl":"https:\/\/head-beauty.com\/wp-content\/uploads\/2024\/12\/HBC-225YL.023-scaled.jpg","datePublished":"2024-12-02T12:14:54+00:00","breadcrumb":{"@id":"https:\/\/head-beauty.com\/tr\/urun\/hbc-225yl-023-tungsten-karbur-frez-frustum-sari-l-50-mm-o23-mm\/#breadcrumb"},"inLanguage":"tr","potentialAction":[{"@type":"ReadAction","target":["https:\/\/head-beauty.com\/tr\/urun\/hbc-225yl-023-tungsten-karbur-frez-frustum-sari-l-50-mm-o23-mm\/"]}]},{"@type":"ImageObject","inLanguage":"tr","@id":"https:\/\/head-beauty.com\/tr\/urun\/hbc-225yl-023-tungsten-karbur-frez-frustum-sari-l-50-mm-o23-mm\/#primaryimage","url":"https:\/\/head-beauty.com\/wp-content\/uploads\/2024\/12\/HBC-225YL.023-scaled.jpg","contentUrl":"https:\/\/head-beauty.com\/wp-content\/uploads\/2024\/12\/HBC-225YL.023-scaled.jpg","width":2560,"height":2560},{"@type":"BreadcrumbList","@id":"https:\/\/head-beauty.com\/tr\/urun\/hbc-225yl-023-tungsten-karbur-frez-frustum-sari-l-50-mm-o23-mm\/#breadcrumb","itemListElement":[{"@type":"ListItem","position":1,"name":"Home","item":"https:\/\/head-beauty.com\/tr\/"},{"@type":"ListItem","position":2,"name":"D\u00fckk\u00e2n","item":"https:\/\/head-beauty.com\/tr\/magaza\/"},{"@type":"ListItem","position":3,"name":"HBC-225YL.023 Tungsten karb\u00fcr frez &#8220;frustum&#8221; sar\u0131, L-5,0 mm, \u00d82,3 mm"}]},{"@type":"WebSite","@id":"https:\/\/head-beauty.com\/tr\/#website","url":"https:\/\/head-beauty.com\/tr\/","name":"Head - The Beauty Tools","description":"","publisher":{"@id":"https:\/\/head-beauty.com\/tr\/#organization"},"potentialAction":[{"@type":"SearchAction","target":{"@type":"EntryPoint","urlTemplate":"https:\/\/head-beauty.com\/tr\/?s={search_term_string}"},"query-input":{"@type":"PropertyValueSpecification","valueRequired":true,"valueName":"search_term_string"}}],"inLanguage":"tr"},{"@type":"Organization","@id":"https:\/\/head-beauty.com\/tr\/#organization","name":"Head - The Beauty Tools","url":"https:\/\/head-beauty.com\/tr\/","logo":{"@type":"ImageObject","inLanguage":"tr","@id":"https:\/\/head-beauty.com\/tr\/#\/schema\/logo\/image\/","url":"https:\/\/head-beauty.com\/wp-content\/uploads\/2024\/10\/head-beauty-logo.svg","contentUrl":"https:\/\/head-beauty.com\/wp-content\/uploads\/2024\/10\/head-beauty-logo.svg","width":411.20999999999997953636921010911464691162109375,"height":200,"caption":"Head - The Beauty Tools"},"image":{"@id":"https:\/\/head-beauty.com\/tr\/#\/schema\/logo\/image\/"}}]}},"_links":{"self":[{"href":"https:\/\/head-beauty.com\/tr\/wp-json\/wp\/v2\/product\/28840","targetHints":{"allow":["GET"]}}],"collection":[{"href":"https:\/\/head-beauty.com\/tr\/wp-json\/wp\/v2\/product"}],"about":[{"href":"https:\/\/head-beauty.com\/tr\/wp-json\/wp\/v2\/types\/product"}],"wp:featuredmedia":[{"embeddable":true,"href":"https:\/\/head-beauty.com\/tr\/wp-json\/wp\/v2\/media\/28841"}],"wp:attachment":[{"href":"https:\/\/head-beauty.com\/tr\/wp-json\/wp\/v2\/media?parent=28840"}],"wp:term":[{"taxonomy":"product_brand","embeddable":true,"href":"https:\/\/head-beauty.com\/tr\/wp-json\/wp\/v2\/product_brand?post=28840"},{"taxonomy":"product_cat","embeddable":true,"href":"https:\/\/head-beauty.com\/tr\/wp-json\/wp\/v2\/product_cat?post=28840"},{"taxonomy":"product_tag","embeddable":true,"href":"https:\/\/head-beauty.com\/tr\/wp-json\/wp\/v2\/product_tag?post=28840"}],"curies":[{"name":"wp","href":"https:\/\/api.w.org\/{rel}","templated":true}]}}